{"id":794,"date":"2025-01-06T19:04:47","date_gmt":"2025-01-06T17:04:47","guid":{"rendered":"https:\/\/meripelastus.fi\/naantali\/?page_id=794"},"modified":"2025-02-04T02:53:07","modified_gmt":"2025-02-04T00:53:07","slug":"reka-1","status":"publish","type":"page","link":"https:\/\/meripelastus.fi\/naantali\/toiminta\/alukset\/reka-1\/","title":{"rendered":"Av Reka (2018-2020)"},"content":{"rendered":"\n<p>Loppuvuodesta 2018 saimme Pv L\u00e4hiTapiola V-S:n avuksi pienemm\u00e4n apuveneen, jolla p\u00e4\u00e4stiin paikkoihin joihin suurella pelastusaluksella ei p\u00e4\u00e4ssyt. Vuoden 2019 venemessuilla toukokuussa uusi alus kastettiin ja sai nimen Av Reka. Alus toimi hienosti my\u00f6s koulutus- ja turvaveneen\u00e4.<\/p>\n\n\n\n<p>Alus kastettiin Naantalin Venemessuilla 25.5.2019 yhdistyksess\u00e4 vuosikymmeni\u00e4 toimineen&nbsp;Reino &#8221;Reka&#8221; Penttisen mukaan.<\/p>\n\n\n\n<p>Pian todettiin, ett\u00e4 alus soveltui turvaveneeksi, mutta hinausteht\u00e4viss\u00e4 se osoittautui alitehoiseksi. Av Reka jatkoi matkaa <a href=\"https:\/\/meripelastus.fi\/molpe\/verksamhet\/sjoraddningsbatarna\/\">Molpeen<\/a>. Apuveneen tilalle saatiin Iso-Britanniasta tuotu Atlantic 75 -sarjan pelastusvene, Pv Reka.<\/p>\n\n\n\n<figure class=\"wp-block-image size-large\"><img loading=\"lazy\" decoding=\"async\" width=\"1024\" height=\"767\" src=\"https:\/\/meripelastus.fi\/naantali\/wp-content\/uploads\/sites\/9\/2025\/01\/AvReka-1024x767.jpeg\" alt=\"\" class=\"wp-image-894\" srcset=\"https:\/\/meripelastus.fi\/naantali\/wp-content\/uploads\/sites\/9\/2025\/01\/AvReka-1024x767.jpeg 1024w, https:\/\/meripelastus.fi\/naantali\/wp-content\/uploads\/sites\/9\/2025\/01\/AvReka-300x225.jpeg 300w, https:\/\/meripelastus.fi\/naantali\/wp-content\/uploads\/sites\/9\/2025\/01\/AvReka-768x576.jpeg 768w, https:\/\/meripelastus.fi\/naantali\/wp-content\/uploads\/sites\/9\/2025\/01\/AvReka-1536x1151.jpeg 1536w, https:\/\/meripelastus.fi\/naantali\/wp-content\/uploads\/sites\/9\/2025\/01\/AvReka.jpeg 1600w\" sizes=\"auto, (max-width: 1024px) 100vw, 1024px\" \/><\/figure>\n\n\n\n<h2 class=\"wp-block-heading\" id=\"h-ominaisuudet\">Ominaisuudet<\/h2>\n\n\n\n<p><strong>Mittatiedot<br><\/strong>Pituus: 5 m<br>Leveys: 2 m<br>Paino: 0,7 tn<\/p>\n\n\n\n<p><strong>Konetiedot<\/strong><br>M\u00e4\u00e4r\u00e4: 1 kpl<br>Teho: 846 kW (70 hp)<br>Propulsio: per\u00e4moottori<br>Marssinopeus: 22 kn (40 km\/h)<br>Maksimi nopeus: 28 kn (52 km\/h)<\/p>\n\n\n\n<p><strong>Yleist\u00e4<\/strong><br>Valmistaja: Boatsman<br>Malli: Polytor Pro 16<br>Rakennettu: 2018<br>Omistaja: Suomen Meripelastusseura ry<br>Operaattori: Naantalin Seudun Meripelastajat ry<br>Miehist\u00f6: 1+1 henkil\u00f6\u00e4<\/p>\n\n\n\n<div class=\"wp-block-buttons is-layout-flex wp-block-buttons-is-layout-flex\">\n<div class=\"wp-block-button\"><a class=\"wp-block-button__link has-primary-background-color has-background wp-element-button\" href=\"https:\/\/meripelastus.fi\/naantali\/toiminta\/alukset\/\" style=\"border-radius:15px\">Takaisin aluksiin<\/a><\/div>\n<\/div>\n","protected":false},"excerpt":{"rendered":"<p>Loppuvuodesta 2018 saimme Pv L\u00e4hiTapiola V-S:n avuksi pienemm\u00e4n apuveneen, jolla p\u00e4\u00e4stiin paikkoihin joihin suurella pelastusaluksella ei p\u00e4\u00e4ssyt. Vuoden 2019 venemessuilla toukokuussa uusi alus kastettiin ja sai nimen Av Reka. Alus toimi hienosti my\u00f6s koulutus- ja turvaveneen\u00e4. Alus kastettiin Naantalin Venemessuilla 25.5.2019 yhdistyksess\u00e4 vuosikymmeni\u00e4 toimineen&nbsp;Reino &#8221;Reka&#8221; Penttisen mukaan. Pian todettiin, ett\u00e4 alus soveltui turvaveneeksi, mutta hinausteht\u00e4viss\u00e4 [&hellip;]<\/p>\n","protected":false},"author":114,"featured_media":978,"parent":738,"menu_order":0,"comment_status":"closed","ping_status":"closed","template":"","meta":{"_acf_changed":false,"inline_featured_image":false,"footnotes":""},"class_list":["post-794","page","type-page","status-publish","has-post-thumbnail","hentry"],"acf":[],"yoast_head":"<!-- This site is optimized with the Yoast SEO Premium plugin v27.2 (Yoast SEO v27.2) - https:\/\/yoast.com\/product\/yoast-seo-premium-wordpress\/ -->\n<title>Av Reka (2018-2020) - Naantalin Seudun Meripelastajat<\/title>\n<meta name=\"robots\" content=\"index, follow, max-snippet:-1, max-image-preview:large, max-video-preview:-1\" \/>\n<link rel=\"canonical\" href=\"https:\/\/meripelastus.fi\/naantali\/toiminta\/alukset\/reka-1\/\" \/>\n<meta property=\"og:locale\" content=\"fi_FI\" \/>\n<meta property=\"og:type\" content=\"article\" \/>\n<meta property=\"og:title\" content=\"Av Reka (2018-2020)\" \/>\n<meta property=\"og:description\" content=\"Loppuvuodesta 2018 saimme Pv L\u00e4hiTapiola V-S:n avuksi pienemm\u00e4n apuveneen, jolla p\u00e4\u00e4stiin paikkoihin joihin suurella pelastusaluksella ei p\u00e4\u00e4ssyt. Vuoden 2019 venemessuilla toukokuussa uusi alus kastettiin ja sai nimen Av Reka. Alus toimi hienosti my\u00f6s koulutus- ja turvaveneen\u00e4. Alus kastettiin Naantalin Venemessuilla 25.5.2019 yhdistyksess\u00e4 vuosikymmeni\u00e4 toimineen&nbsp;Reino &#8221;Reka&#8221; Penttisen mukaan. Pian todettiin, ett\u00e4 alus soveltui turvaveneeksi, mutta hinausteht\u00e4viss\u00e4 [&hellip;]\" \/>\n<meta property=\"og:url\" content=\"https:\/\/meripelastus.fi\/naantali\/toiminta\/alukset\/reka-1\/\" \/>\n<meta property=\"og:site_name\" content=\"Naantalin Seudun Meripelastajat\" \/>\n<meta property=\"article:modified_time\" content=\"2025-02-04T00:53:07+00:00\" \/>\n<meta property=\"og:image\" content=\"https:\/\/meripelastus.fi\/naantali\/wp-content\/uploads\/sites\/9\/2025\/02\/WhatsApp-Image-2025-01-06-at-19.33.20.jpeg\" \/>\n\t<meta property=\"og:image:width\" content=\"1600\" \/>\n\t<meta property=\"og:image:height\" content=\"1200\" \/>\n\t<meta property=\"og:image:type\" content=\"image\/jpeg\" \/>\n<meta name=\"twitter:card\" content=\"summary_large_image\" \/>\n<meta name=\"twitter:label1\" content=\"Arvioitu lukuaika\" \/>\n\t<meta name=\"twitter:data1\" content=\"2 minuuttia\" \/>\n<script type=\"application\/ld+json\" class=\"yoast-schema-graph\">{\"@context\":\"https:\/\/schema.org\",\"@graph\":[{\"@type\":\"WebPage\",\"@id\":\"https:\/\/meripelastus.fi\/naantali\/toiminta\/alukset\/reka-1\/\",\"url\":\"https:\/\/meripelastus.fi\/naantali\/toiminta\/alukset\/reka-1\/\",\"name\":\"Av Reka (2018-2020) - Naantalin Seudun Meripelastajat\",\"isPartOf\":{\"@id\":\"https:\/\/meripelastus.fi\/naantali\/#website\"},\"primaryImageOfPage\":{\"@id\":\"https:\/\/meripelastus.fi\/naantali\/toiminta\/alukset\/reka-1\/#primaryimage\"},\"image\":{\"@id\":\"https:\/\/meripelastus.fi\/naantali\/toiminta\/alukset\/reka-1\/#primaryimage\"},\"thumbnailUrl\":\"https:\/\/meripelastus.fi\/naantali\/wp-content\/uploads\/sites\/9\/2025\/02\/WhatsApp-Image-2025-01-06-at-19.33.20.jpeg\",\"datePublished\":\"2025-01-06T17:04:47+00:00\",\"dateModified\":\"2025-02-04T00:53:07+00:00\",\"breadcrumb\":{\"@id\":\"https:\/\/meripelastus.fi\/naantali\/toiminta\/alukset\/reka-1\/#breadcrumb\"},\"inLanguage\":\"fi\",\"potentialAction\":[{\"@type\":\"ReadAction\",\"target\":[\"https:\/\/meripelastus.fi\/naantali\/toiminta\/alukset\/reka-1\/\"]}]},{\"@type\":\"ImageObject\",\"inLanguage\":\"fi\",\"@id\":\"https:\/\/meripelastus.fi\/naantali\/toiminta\/alukset\/reka-1\/#primaryimage\",\"url\":\"https:\/\/meripelastus.fi\/naantali\/wp-content\/uploads\/sites\/9\/2025\/02\/WhatsApp-Image-2025-01-06-at-19.33.20.jpeg\",\"contentUrl\":\"https:\/\/meripelastus.fi\/naantali\/wp-content\/uploads\/sites\/9\/2025\/02\/WhatsApp-Image-2025-01-06-at-19.33.20.jpeg\",\"width\":1600,\"height\":1200},{\"@type\":\"BreadcrumbList\",\"@id\":\"https:\/\/meripelastus.fi\/naantali\/toiminta\/alukset\/reka-1\/#breadcrumb\",\"itemListElement\":[{\"@type\":\"ListItem\",\"position\":1,\"name\":\"Etusivu\",\"item\":\"https:\/\/meripelastus.fi\/naantali\/\"},{\"@type\":\"ListItem\",\"position\":2,\"name\":\"Toiminta\",\"item\":\"https:\/\/meripelastus.fi\/naantali\/toiminta\/\"},{\"@type\":\"ListItem\",\"position\":3,\"name\":\"Alukset\",\"item\":\"https:\/\/meripelastus.fi\/naantali\/toiminta\/alukset\/\"},{\"@type\":\"ListItem\",\"position\":4,\"name\":\"Av Reka (2018-2020)\"}]},{\"@type\":\"WebSite\",\"@id\":\"https:\/\/meripelastus.fi\/naantali\/#website\",\"url\":\"https:\/\/meripelastus.fi\/naantali\/\",\"name\":\"Naantalin Seudun Meripelastajat\",\"description\":\"Uusi SMPS Yhdistykset -sivusto\",\"potentialAction\":[{\"@type\":\"SearchAction\",\"target\":{\"@type\":\"EntryPoint\",\"urlTemplate\":\"https:\/\/meripelastus.fi\/naantali\/?s={search_term_string}\"},\"query-input\":{\"@type\":\"PropertyValueSpecification\",\"valueRequired\":true,\"valueName\":\"search_term_string\"}}],\"inLanguage\":\"fi\"}]}<\/script>\n<!-- \/ Yoast SEO Premium plugin. -->","yoast_head_json":{"title":"Av Reka (2018-2020) - Naantalin Seudun Meripelastajat","robots":{"index":"index","follow":"follow","max-snippet":"max-snippet:-1","max-image-preview":"max-image-preview:large","max-video-preview":"max-video-preview:-1"},"canonical":"https:\/\/meripelastus.fi\/naantali\/toiminta\/alukset\/reka-1\/","og_locale":"fi_FI","og_type":"article","og_title":"Av Reka (2018-2020)","og_description":"Loppuvuodesta 2018 saimme Pv L\u00e4hiTapiola V-S:n avuksi pienemm\u00e4n apuveneen, jolla p\u00e4\u00e4stiin paikkoihin joihin suurella pelastusaluksella ei p\u00e4\u00e4ssyt. Vuoden 2019 venemessuilla toukokuussa uusi alus kastettiin ja sai nimen Av Reka. Alus toimi hienosti my\u00f6s koulutus- ja turvaveneen\u00e4. Alus kastettiin Naantalin Venemessuilla 25.5.2019 yhdistyksess\u00e4 vuosikymmeni\u00e4 toimineen&nbsp;Reino &#8221;Reka&#8221; Penttisen mukaan. Pian todettiin, ett\u00e4 alus soveltui turvaveneeksi, mutta hinausteht\u00e4viss\u00e4 [&hellip;]","og_url":"https:\/\/meripelastus.fi\/naantali\/toiminta\/alukset\/reka-1\/","og_site_name":"Naantalin Seudun Meripelastajat","article_modified_time":"2025-02-04T00:53:07+00:00","og_image":[{"width":1600,"height":1200,"url":"https:\/\/meripelastus.fi\/naantali\/wp-content\/uploads\/sites\/9\/2025\/02\/WhatsApp-Image-2025-01-06-at-19.33.20.jpeg","type":"image\/jpeg"}],"twitter_card":"summary_large_image","twitter_misc":{"Arvioitu lukuaika":"2 minuuttia"},"schema":{"@context":"https:\/\/schema.org","@graph":[{"@type":"WebPage","@id":"https:\/\/meripelastus.fi\/naantali\/toiminta\/alukset\/reka-1\/","url":"https:\/\/meripelastus.fi\/naantali\/toiminta\/alukset\/reka-1\/","name":"Av Reka (2018-2020) - Naantalin Seudun Meripelastajat","isPartOf":{"@id":"https:\/\/meripelastus.fi\/naantali\/#website"},"primaryImageOfPage":{"@id":"https:\/\/meripelastus.fi\/naantali\/toiminta\/alukset\/reka-1\/#primaryimage"},"image":{"@id":"https:\/\/meripelastus.fi\/naantali\/toiminta\/alukset\/reka-1\/#primaryimage"},"thumbnailUrl":"https:\/\/meripelastus.fi\/naantali\/wp-content\/uploads\/sites\/9\/2025\/02\/WhatsApp-Image-2025-01-06-at-19.33.20.jpeg","datePublished":"2025-01-06T17:04:47+00:00","dateModified":"2025-02-04T00:53:07+00:00","breadcrumb":{"@id":"https:\/\/meripelastus.fi\/naantali\/toiminta\/alukset\/reka-1\/#breadcrumb"},"inLanguage":"fi","potentialAction":[{"@type":"ReadAction","target":["https:\/\/meripelastus.fi\/naantali\/toiminta\/alukset\/reka-1\/"]}]},{"@type":"ImageObject","inLanguage":"fi","@id":"https:\/\/meripelastus.fi\/naantali\/toiminta\/alukset\/reka-1\/#primaryimage","url":"https:\/\/meripelastus.fi\/naantali\/wp-content\/uploads\/sites\/9\/2025\/02\/WhatsApp-Image-2025-01-06-at-19.33.20.jpeg","contentUrl":"https:\/\/meripelastus.fi\/naantali\/wp-content\/uploads\/sites\/9\/2025\/02\/WhatsApp-Image-2025-01-06-at-19.33.20.jpeg","width":1600,"height":1200},{"@type":"BreadcrumbList","@id":"https:\/\/meripelastus.fi\/naantali\/toiminta\/alukset\/reka-1\/#breadcrumb","itemListElement":[{"@type":"ListItem","position":1,"name":"Etusivu","item":"https:\/\/meripelastus.fi\/naantali\/"},{"@type":"ListItem","position":2,"name":"Toiminta","item":"https:\/\/meripelastus.fi\/naantali\/toiminta\/"},{"@type":"ListItem","position":3,"name":"Alukset","item":"https:\/\/meripelastus.fi\/naantali\/toiminta\/alukset\/"},{"@type":"ListItem","position":4,"name":"Av Reka (2018-2020)"}]},{"@type":"WebSite","@id":"https:\/\/meripelastus.fi\/naantali\/#website","url":"https:\/\/meripelastus.fi\/naantali\/","name":"Naantalin Seudun Meripelastajat","description":"Uusi SMPS Yhdistykset -sivusto","potentialAction":[{"@type":"SearchAction","target":{"@type":"EntryPoint","urlTemplate":"https:\/\/meripelastus.fi\/naantali\/?s={search_term_string}"},"query-input":{"@type":"PropertyValueSpecification","valueRequired":true,"valueName":"search_term_string"}}],"inLanguage":"fi"}]}},"_links":{"self":[{"href":"https:\/\/meripelastus.fi\/naantali\/wp-json\/wp\/v2\/pages\/794","targetHints":{"allow":["GET"]}}],"collection":[{"href":"https:\/\/meripelastus.fi\/naantali\/wp-json\/wp\/v2\/pages"}],"about":[{"href":"https:\/\/meripelastus.fi\/naantali\/wp-json\/wp\/v2\/types\/page"}],"author":[{"embeddable":true,"href":"https:\/\/meripelastus.fi\/naantali\/wp-json\/wp\/v2\/users\/114"}],"replies":[{"embeddable":true,"href":"https:\/\/meripelastus.fi\/naantali\/wp-json\/wp\/v2\/comments?post=794"}],"version-history":[{"count":6,"href":"https:\/\/meripelastus.fi\/naantali\/wp-json\/wp\/v2\/pages\/794\/revisions"}],"predecessor-version":[{"id":898,"href":"https:\/\/meripelastus.fi\/naantali\/wp-json\/wp\/v2\/pages\/794\/revisions\/898"}],"up":[{"embeddable":true,"href":"https:\/\/meripelastus.fi\/naantali\/wp-json\/wp\/v2\/pages\/738"}],"wp:featuredmedia":[{"embeddable":true,"href":"https:\/\/meripelastus.fi\/naantali\/wp-json\/wp\/v2\/media\/978"}],"wp:attachment":[{"href":"https:\/\/meripelastus.fi\/naantali\/wp-json\/wp\/v2\/media?parent=794"}],"curies":[{"name":"wp","href":"https:\/\/api.w.org\/{rel}","templated":true}]}}