{"id":789,"date":"2024-08-29T23:23:47","date_gmt":"2024-08-29T20:23:47","guid":{"rendered":"https:\/\/meripelastus.fi\/naantali\/?page_id=789"},"modified":"2025-09-13T10:22:15","modified_gmt":"2025-09-13T07:22:15","slug":"lahitapiola-1","status":"publish","type":"page","link":"https:\/\/meripelastus.fi\/naantali\/toiminta\/alukset\/lahitapiola-1\/","title":{"rendered":"Pv L\u00e4hiTapiola V-S (2013-2022)"},"content":{"rendered":"\n<p>Toukokuussa yhdistyksen aluskalusto otti harppauksen nykyp\u00e4iv\u00e4\u00e4n, kun upouusi Pv L\u00e4hiTapiola V-S kastettiin 25.5.2013. Uuden Mobimarin valmistaman veneen my\u00f6t\u00e4 p\u00e4\u00e4simme teht\u00e4ville entist\u00e4 nopeammin, yli kolme kertaa Pv Nunnelahtea lujempaa. Samalla my\u00f6s tekniikka uudistui vuosikymmenill\u00e4.<\/p>\n\n\n\n<p>My\u00f6s veneen ohjailutapa muuttui vanhasta veneest\u00e4 suuresti. Uutta Mobimaria ty\u00f6nsi eteenp\u00e4in kaksi Catepillarin moottoria yhdistettyn\u00e4 vesisuihkuj\u00e4rjestelm\u00e4\u00e4n, jota kontrolloitiin Vectorstick-ohjausj\u00e4rjestelm\u00e4ll\u00e4. Uuden veneen sai kulkemaan vaikka suoraan sivulle tai py\u00f6rim\u00e4\u00e4n paikallaan kahden vesisuihkun ansiosta.<\/p>\n\n\n\n<p>2022 saimme Mobimarin tilalle Inkoosta Rankki -sarjan aluksen, joka toimii tarpeissamme paremmin. Meilt\u00e4 alus matkasi <a href=\"https:\/\/meripelastus.fi\/pirkanmaa\/toiminta\/alukset\/\">Valkeakoskelle<\/a>, jossa se jatkaa el\u00e4m\u00e4\u00e4ns\u00e4 pelastusaluksena.<\/p>\n\n\n\n<figure class=\"wp-block-image size-large\"><img loading=\"lazy\" decoding=\"async\" width=\"1024\" height=\"683\" src=\"https:\/\/meripelastus.fi\/naantali\/wp-content\/uploads\/sites\/9\/2021\/04\/MG_8862-1024x683.jpg\" alt=\"\" class=\"wp-image-444\" srcset=\"https:\/\/meripelastus.fi\/naantali\/wp-content\/uploads\/sites\/9\/2021\/04\/MG_8862-1024x683.jpg 1024w, https:\/\/meripelastus.fi\/naantali\/wp-content\/uploads\/sites\/9\/2021\/04\/MG_8862-300x200.jpg 300w, https:\/\/meripelastus.fi\/naantali\/wp-content\/uploads\/sites\/9\/2021\/04\/MG_8862-768x512.jpg 768w, https:\/\/meripelastus.fi\/naantali\/wp-content\/uploads\/sites\/9\/2021\/04\/MG_8862-1536x1024.jpg 1536w, https:\/\/meripelastus.fi\/naantali\/wp-content\/uploads\/sites\/9\/2021\/04\/MG_8862-2048x1365.jpg 2048w\" sizes=\"auto, (max-width: 1024px) 100vw, 1024px\" \/><\/figure>\n\n\n\n<h2 class=\"wp-block-heading\" id=\"h-ominaisuudet\">Ominaisuudet<\/h2>\n\n\n\n<p><strong>Mittatiedot<br><\/strong>Pituus: 13,5 m<br>Leveys: 4,5 m<br>Korkeus: 5 m<br>Syv\u00e4ys: 0,8 m<br>Paino: 15 tn<\/p>\n\n\n\n<p><strong>Konetiedot<\/strong><br>M\u00e4\u00e4r\u00e4: 2 kpl<br>Teho: 846 kW (1135 hp)<br>Propulsio: vesisuihku<br>Marssinopeus: 30 kn (55 km\/h)<br>Maksimi nopeus: 35 kn (65 km\/h)<\/p>\n\n\n\n<p><strong>Yleist\u00e4<\/strong><br>Valmistaja: Mobimar<br>Malli: Mobimar 14 Guardian<br>Rakennettu: 2012<br>Omistaja: Suomen Meripelastusseura ry<br>Operaattori: Naantalin Seudun Meripelastajat ry<br>Miehist\u00f6: 1+2 henkil\u00f6\u00e4<\/p>\n\n\n\n<div class=\"wp-block-buttons is-layout-flex wp-block-buttons-is-layout-flex\">\n<div class=\"wp-block-button\"><a class=\"wp-block-button__link has-primary-background-color has-background wp-element-button\" href=\"https:\/\/meripelastus.fi\/naantali\/toiminta\/alukset\/\" style=\"border-radius:15px\">Takaisin aluslistaan<\/a><\/div>\n<\/div>\n\n\n\n<p><\/p>\n","protected":false},"excerpt":{"rendered":"<p>Toukokuussa yhdistyksen aluskalusto otti harppauksen nykyp\u00e4iv\u00e4\u00e4n, kun upouusi Pv L\u00e4hiTapiola V-S kastettiin 25.5.2013. Uuden Mobimarin valmistaman veneen my\u00f6t\u00e4 p\u00e4\u00e4simme teht\u00e4ville entist\u00e4 nopeammin, yli kolme kertaa Pv Nunnelahtea lujempaa. Samalla my\u00f6s tekniikka uudistui vuosikymmenill\u00e4. My\u00f6s veneen ohjailutapa muuttui vanhasta veneest\u00e4 suuresti. Uutta Mobimaria ty\u00f6nsi eteenp\u00e4in kaksi Catepillarin moottoria yhdistettyn\u00e4 vesisuihkuj\u00e4rjestelm\u00e4\u00e4n, jota kontrolloitiin Vectorstick-ohjausj\u00e4rjestelm\u00e4ll\u00e4. Uuden veneen sai [&hellip;]<\/p>\n","protected":false},"author":114,"featured_media":442,"parent":738,"menu_order":0,"comment_status":"closed","ping_status":"closed","template":"","meta":{"_acf_changed":false,"inline_featured_image":false,"footnotes":""},"class_list":["post-789","page","type-page","status-publish","has-post-thumbnail","hentry"],"acf":[],"yoast_head":"<!-- This site is optimized with the Yoast SEO Premium plugin v27.4 (Yoast SEO v27.4) - https:\/\/yoast.com\/product\/yoast-seo-premium-wordpress\/ -->\n<title>Pv L\u00e4hiTapiola V-S (2013-2022) - Naantalin Seudun Meripelastajat<\/title>\n<meta name=\"robots\" content=\"index, follow, max-snippet:-1, max-image-preview:large, max-video-preview:-1\" \/>\n<link rel=\"canonical\" href=\"https:\/\/meripelastus.fi\/naantali\/toiminta\/alukset\/lahitapiola-1\/\" \/>\n<meta property=\"og:locale\" content=\"fi_FI\" \/>\n<meta property=\"og:type\" content=\"article\" \/>\n<meta property=\"og:title\" content=\"Pv L\u00e4hiTapiola V-S (2013-2022)\" \/>\n<meta property=\"og:description\" content=\"Toukokuussa yhdistyksen aluskalusto otti harppauksen nykyp\u00e4iv\u00e4\u00e4n, kun upouusi Pv L\u00e4hiTapiola V-S kastettiin 25.5.2013. Uuden Mobimarin valmistaman veneen my\u00f6t\u00e4 p\u00e4\u00e4simme teht\u00e4ville entist\u00e4 nopeammin, yli kolme kertaa Pv Nunnelahtea lujempaa. Samalla my\u00f6s tekniikka uudistui vuosikymmenill\u00e4. My\u00f6s veneen ohjailutapa muuttui vanhasta veneest\u00e4 suuresti. Uutta Mobimaria ty\u00f6nsi eteenp\u00e4in kaksi Catepillarin moottoria yhdistettyn\u00e4 vesisuihkuj\u00e4rjestelm\u00e4\u00e4n, jota kontrolloitiin Vectorstick-ohjausj\u00e4rjestelm\u00e4ll\u00e4. Uuden veneen sai [&hellip;]\" \/>\n<meta property=\"og:url\" content=\"https:\/\/meripelastus.fi\/naantali\/toiminta\/alukset\/lahitapiola-1\/\" \/>\n<meta property=\"og:site_name\" content=\"Naantalin Seudun Meripelastajat\" \/>\n<meta property=\"article:modified_time\" content=\"2025-09-13T07:22:15+00:00\" \/>\n<meta property=\"og:image\" content=\"https:\/\/meripelastus.fi\/naantali\/wp-content\/uploads\/sites\/9\/2021\/04\/IMG_2400-scaled.jpg\" \/>\n\t<meta property=\"og:image:width\" content=\"4032\" \/>\n\t<meta property=\"og:image:height\" content=\"3024\" \/>\n\t<meta property=\"og:image:type\" content=\"image\/jpeg\" \/>\n<meta name=\"twitter:card\" content=\"summary_large_image\" \/>\n<meta name=\"twitter:label1\" content=\"Arvioitu lukuaika\" \/>\n\t<meta name=\"twitter:data1\" content=\"2 minuuttia\" \/>\n<script type=\"application\/ld+json\" class=\"yoast-schema-graph\">{\"@context\":\"https:\\\/\\\/schema.org\",\"@graph\":[{\"@type\":\"WebPage\",\"@id\":\"https:\\\/\\\/meripelastus.fi\\\/naantali\\\/toiminta\\\/alukset\\\/lahitapiola-1\\\/\",\"url\":\"https:\\\/\\\/meripelastus.fi\\\/naantali\\\/toiminta\\\/alukset\\\/lahitapiola-1\\\/\",\"name\":\"Pv L\u00e4hiTapiola V-S (2013-2022) - Naantalin Seudun Meripelastajat\",\"isPartOf\":{\"@id\":\"https:\\\/\\\/meripelastus.fi\\\/naantali\\\/#website\"},\"primaryImageOfPage\":{\"@id\":\"https:\\\/\\\/meripelastus.fi\\\/naantali\\\/toiminta\\\/alukset\\\/lahitapiola-1\\\/#primaryimage\"},\"image\":{\"@id\":\"https:\\\/\\\/meripelastus.fi\\\/naantali\\\/toiminta\\\/alukset\\\/lahitapiola-1\\\/#primaryimage\"},\"thumbnailUrl\":\"https:\\\/\\\/meripelastus.fi\\\/naantali\\\/wp-content\\\/uploads\\\/sites\\\/9\\\/2021\\\/04\\\/IMG_2400-scaled.jpg\",\"datePublished\":\"2024-08-29T20:23:47+00:00\",\"dateModified\":\"2025-09-13T07:22:15+00:00\",\"breadcrumb\":{\"@id\":\"https:\\\/\\\/meripelastus.fi\\\/naantali\\\/toiminta\\\/alukset\\\/lahitapiola-1\\\/#breadcrumb\"},\"inLanguage\":\"fi\",\"potentialAction\":[{\"@type\":\"ReadAction\",\"target\":[\"https:\\\/\\\/meripelastus.fi\\\/naantali\\\/toiminta\\\/alukset\\\/lahitapiola-1\\\/\"]}]},{\"@type\":\"ImageObject\",\"inLanguage\":\"fi\",\"@id\":\"https:\\\/\\\/meripelastus.fi\\\/naantali\\\/toiminta\\\/alukset\\\/lahitapiola-1\\\/#primaryimage\",\"url\":\"https:\\\/\\\/meripelastus.fi\\\/naantali\\\/wp-content\\\/uploads\\\/sites\\\/9\\\/2021\\\/04\\\/IMG_2400-scaled.jpg\",\"contentUrl\":\"https:\\\/\\\/meripelastus.fi\\\/naantali\\\/wp-content\\\/uploads\\\/sites\\\/9\\\/2021\\\/04\\\/IMG_2400-scaled.jpg\",\"width\":4032,\"height\":3024},{\"@type\":\"BreadcrumbList\",\"@id\":\"https:\\\/\\\/meripelastus.fi\\\/naantali\\\/toiminta\\\/alukset\\\/lahitapiola-1\\\/#breadcrumb\",\"itemListElement\":[{\"@type\":\"ListItem\",\"position\":1,\"name\":\"Etusivu\",\"item\":\"https:\\\/\\\/meripelastus.fi\\\/naantali\\\/\"},{\"@type\":\"ListItem\",\"position\":2,\"name\":\"Toiminta\",\"item\":\"https:\\\/\\\/meripelastus.fi\\\/naantali\\\/toiminta\\\/\"},{\"@type\":\"ListItem\",\"position\":3,\"name\":\"Alukset\",\"item\":\"https:\\\/\\\/meripelastus.fi\\\/naantali\\\/toiminta\\\/alukset\\\/\"},{\"@type\":\"ListItem\",\"position\":4,\"name\":\"Pv L\u00e4hiTapiola V-S (2013-2022)\"}]},{\"@type\":\"WebSite\",\"@id\":\"https:\\\/\\\/meripelastus.fi\\\/naantali\\\/#website\",\"url\":\"https:\\\/\\\/meripelastus.fi\\\/naantali\\\/\",\"name\":\"Naantalin Seudun Meripelastajat\",\"description\":\"Uusi SMPS Yhdistykset -sivusto\",\"potentialAction\":[{\"@type\":\"SearchAction\",\"target\":{\"@type\":\"EntryPoint\",\"urlTemplate\":\"https:\\\/\\\/meripelastus.fi\\\/naantali\\\/?s={search_term_string}\"},\"query-input\":{\"@type\":\"PropertyValueSpecification\",\"valueRequired\":true,\"valueName\":\"search_term_string\"}}],\"inLanguage\":\"fi\"}]}<\/script>\n<!-- \/ Yoast SEO Premium plugin. -->","yoast_head_json":{"title":"Pv L\u00e4hiTapiola V-S (2013-2022) - Naantalin Seudun Meripelastajat","robots":{"index":"index","follow":"follow","max-snippet":"max-snippet:-1","max-image-preview":"max-image-preview:large","max-video-preview":"max-video-preview:-1"},"canonical":"https:\/\/meripelastus.fi\/naantali\/toiminta\/alukset\/lahitapiola-1\/","og_locale":"fi_FI","og_type":"article","og_title":"Pv L\u00e4hiTapiola V-S (2013-2022)","og_description":"Toukokuussa yhdistyksen aluskalusto otti harppauksen nykyp\u00e4iv\u00e4\u00e4n, kun upouusi Pv L\u00e4hiTapiola V-S kastettiin 25.5.2013. Uuden Mobimarin valmistaman veneen my\u00f6t\u00e4 p\u00e4\u00e4simme teht\u00e4ville entist\u00e4 nopeammin, yli kolme kertaa Pv Nunnelahtea lujempaa. Samalla my\u00f6s tekniikka uudistui vuosikymmenill\u00e4. My\u00f6s veneen ohjailutapa muuttui vanhasta veneest\u00e4 suuresti. Uutta Mobimaria ty\u00f6nsi eteenp\u00e4in kaksi Catepillarin moottoria yhdistettyn\u00e4 vesisuihkuj\u00e4rjestelm\u00e4\u00e4n, jota kontrolloitiin Vectorstick-ohjausj\u00e4rjestelm\u00e4ll\u00e4. Uuden veneen sai [&hellip;]","og_url":"https:\/\/meripelastus.fi\/naantali\/toiminta\/alukset\/lahitapiola-1\/","og_site_name":"Naantalin Seudun Meripelastajat","article_modified_time":"2025-09-13T07:22:15+00:00","og_image":[{"width":4032,"height":3024,"url":"https:\/\/meripelastus.fi\/naantali\/wp-content\/uploads\/sites\/9\/2021\/04\/IMG_2400-scaled.jpg","type":"image\/jpeg"}],"twitter_card":"summary_large_image","twitter_misc":{"Arvioitu lukuaika":"2 minuuttia"},"schema":{"@context":"https:\/\/schema.org","@graph":[{"@type":"WebPage","@id":"https:\/\/meripelastus.fi\/naantali\/toiminta\/alukset\/lahitapiola-1\/","url":"https:\/\/meripelastus.fi\/naantali\/toiminta\/alukset\/lahitapiola-1\/","name":"Pv L\u00e4hiTapiola V-S (2013-2022) - Naantalin Seudun Meripelastajat","isPartOf":{"@id":"https:\/\/meripelastus.fi\/naantali\/#website"},"primaryImageOfPage":{"@id":"https:\/\/meripelastus.fi\/naantali\/toiminta\/alukset\/lahitapiola-1\/#primaryimage"},"image":{"@id":"https:\/\/meripelastus.fi\/naantali\/toiminta\/alukset\/lahitapiola-1\/#primaryimage"},"thumbnailUrl":"https:\/\/meripelastus.fi\/naantali\/wp-content\/uploads\/sites\/9\/2021\/04\/IMG_2400-scaled.jpg","datePublished":"2024-08-29T20:23:47+00:00","dateModified":"2025-09-13T07:22:15+00:00","breadcrumb":{"@id":"https:\/\/meripelastus.fi\/naantali\/toiminta\/alukset\/lahitapiola-1\/#breadcrumb"},"inLanguage":"fi","potentialAction":[{"@type":"ReadAction","target":["https:\/\/meripelastus.fi\/naantali\/toiminta\/alukset\/lahitapiola-1\/"]}]},{"@type":"ImageObject","inLanguage":"fi","@id":"https:\/\/meripelastus.fi\/naantali\/toiminta\/alukset\/lahitapiola-1\/#primaryimage","url":"https:\/\/meripelastus.fi\/naantali\/wp-content\/uploads\/sites\/9\/2021\/04\/IMG_2400-scaled.jpg","contentUrl":"https:\/\/meripelastus.fi\/naantali\/wp-content\/uploads\/sites\/9\/2021\/04\/IMG_2400-scaled.jpg","width":4032,"height":3024},{"@type":"BreadcrumbList","@id":"https:\/\/meripelastus.fi\/naantali\/toiminta\/alukset\/lahitapiola-1\/#breadcrumb","itemListElement":[{"@type":"ListItem","position":1,"name":"Etusivu","item":"https:\/\/meripelastus.fi\/naantali\/"},{"@type":"ListItem","position":2,"name":"Toiminta","item":"https:\/\/meripelastus.fi\/naantali\/toiminta\/"},{"@type":"ListItem","position":3,"name":"Alukset","item":"https:\/\/meripelastus.fi\/naantali\/toiminta\/alukset\/"},{"@type":"ListItem","position":4,"name":"Pv L\u00e4hiTapiola V-S (2013-2022)"}]},{"@type":"WebSite","@id":"https:\/\/meripelastus.fi\/naantali\/#website","url":"https:\/\/meripelastus.fi\/naantali\/","name":"Naantalin Seudun Meripelastajat","description":"Uusi SMPS Yhdistykset -sivusto","potentialAction":[{"@type":"SearchAction","target":{"@type":"EntryPoint","urlTemplate":"https:\/\/meripelastus.fi\/naantali\/?s={search_term_string}"},"query-input":{"@type":"PropertyValueSpecification","valueRequired":true,"valueName":"search_term_string"}}],"inLanguage":"fi"}]}},"_links":{"self":[{"href":"https:\/\/meripelastus.fi\/naantali\/wp-json\/wp\/v2\/pages\/789","targetHints":{"allow":["GET"]}}],"collection":[{"href":"https:\/\/meripelastus.fi\/naantali\/wp-json\/wp\/v2\/pages"}],"about":[{"href":"https:\/\/meripelastus.fi\/naantali\/wp-json\/wp\/v2\/types\/page"}],"author":[{"embeddable":true,"href":"https:\/\/meripelastus.fi\/naantali\/wp-json\/wp\/v2\/users\/114"}],"replies":[{"embeddable":true,"href":"https:\/\/meripelastus.fi\/naantali\/wp-json\/wp\/v2\/comments?post=789"}],"version-history":[{"count":7,"href":"https:\/\/meripelastus.fi\/naantali\/wp-json\/wp\/v2\/pages\/789\/revisions"}],"predecessor-version":[{"id":1030,"href":"https:\/\/meripelastus.fi\/naantali\/wp-json\/wp\/v2\/pages\/789\/revisions\/1030"}],"up":[{"embeddable":true,"href":"https:\/\/meripelastus.fi\/naantali\/wp-json\/wp\/v2\/pages\/738"}],"wp:featuredmedia":[{"embeddable":true,"href":"https:\/\/meripelastus.fi\/naantali\/wp-json\/wp\/v2\/media\/442"}],"wp:attachment":[{"href":"https:\/\/meripelastus.fi\/naantali\/wp-json\/wp\/v2\/media?parent=789"}],"curies":[{"name":"wp","href":"https:\/\/api.w.org\/{rel}","templated":true}]}}