{"id":776,"date":"2024-08-28T16:26:05","date_gmt":"2024-08-28T13:26:05","guid":{"rendered":"https:\/\/meripelastus.fi\/naantali\/?page_id=776"},"modified":"2025-02-04T02:52:25","modified_gmt":"2025-02-04T00:52:25","slug":"lahitapiola","status":"publish","type":"page","link":"https:\/\/meripelastus.fi\/naantali\/toiminta\/alukset\/lahitapiola\/","title":{"rendered":"Pv L\u00e4hiTapiola V-S"},"content":{"rendered":"\n<p><strong>Pv L\u00e4hitapiola V-S<\/strong>&nbsp;on nopeakulkuinen rannikko- ja saaristok\u00e4ytt\u00f6\u00f6n suunniteltu pelastusalus.&nbsp;Alus on varustettu monipuolisella meripelastus-, sairaankuljetus- ja palontorjuntav\u00e4lineist\u00f6ll\u00e4. <\/p>\n\n\n\n<p>Vene edustaa Meripelastusseuralle 1990-luvulla suunniteltua Rankki-sarjaa, jota on tehty 8 venett\u00e4, hieman erilaisilla ominaisuuksilla. Pv L\u00e4hiTapiola V-S on sarjan kolmas vene. <\/p>\n\n\n\n<p>Naantaliin alus saapui Inkoosta kev\u00e4\u00e4ll\u00e4 2022. Edelt\u00e4v\u00e4\u00e4n Pv L\u00e4hiTapiola V-S:\u00e4\u00e4n verraten alus on noin 10 solmua nopeampi ja hieman pienempi. Uusi Pv L\u00e4hiTapiola V-S kykenee kaikkiin samoihin teht\u00e4viin kuin vanhakin. Uusi vene on edellist\u00e4 10 vuotta vanhempi, mutta peruskorjattu 2021 tehden siit\u00e4 kuitenkin modernin. Peruskorjauksen yhteydess\u00e4 veneest\u00e4 uusittiin esimerkiksi moottorit ja navigointitekniikkaa.<\/p>\n\n\n\n<figure class=\"wp-block-image size-large\"><img loading=\"lazy\" decoding=\"async\" width=\"1024\" height=\"683\" src=\"https:\/\/meripelastus.fi\/naantali\/wp-content\/uploads\/sites\/9\/2022\/05\/MG_2336-1024x683.jpg\" alt=\"\" class=\"wp-image-576\" srcset=\"https:\/\/meripelastus.fi\/naantali\/wp-content\/uploads\/sites\/9\/2022\/05\/MG_2336-1024x683.jpg 1024w, https:\/\/meripelastus.fi\/naantali\/wp-content\/uploads\/sites\/9\/2022\/05\/MG_2336-300x200.jpg 300w, https:\/\/meripelastus.fi\/naantali\/wp-content\/uploads\/sites\/9\/2022\/05\/MG_2336-768x512.jpg 768w, https:\/\/meripelastus.fi\/naantali\/wp-content\/uploads\/sites\/9\/2022\/05\/MG_2336-1536x1024.jpg 1536w, https:\/\/meripelastus.fi\/naantali\/wp-content\/uploads\/sites\/9\/2022\/05\/MG_2336.jpg 2048w\" sizes=\"auto, (max-width: 1024px) 100vw, 1024px\" \/><\/figure>\n\n\n\n<h2 class=\"wp-block-heading\">Ominaisuudet<\/h2>\n\n\n\n<p><strong>Mittatiedot<br><\/strong>Pituus: 12,1 m<br>Leveys: 3,5 m<br>Korkeus: 5 m<br>Syv\u00e4ys: 0,7 m<br>Paino: 9 tn<\/p>\n\n\n\n<p><strong>Konetiedot<\/strong><br>M\u00e4\u00e4r\u00e4: 2 kpl<br>Teho: 810 kW (1086 hp)<br>Propulsio: vesisuihku<br>Marssinopeus: 35 kn (65km\/h)<br>Maksimi nopeus: 46 kn (85km\/h)<\/p>\n\n\n\n<p><strong>Yleist\u00e4<\/strong><br>Valmistaja: Marine Alutech Oy<br>Malli: Watercat 1100 Patrol (SAR)<br>Rakennettu: 1997, peruskorjattu 2021<br>Omistaja: Suomen Meripelastusseura ry<br>Operaattori: Naantalin Seudun Meripelastajat ry<br>Miehist\u00f6: 1+2 henkil\u00f6\u00e4<\/p>\n\n\n\n<h2 class=\"wp-block-heading\">Yhteystiedot<\/h2>\n\n\n\n<p>Radiotunnus: OJHW<br>MMSI: 230995040<br>GSM: 0400 321 298<br>AIS: RESCUE LAHITAPIOLAVS<\/p>\n\n\n\n<div class=\"wp-block-buttons is-layout-flex wp-block-buttons-is-layout-flex\">\n<div class=\"wp-block-button\"><a class=\"wp-block-button__link has-primary-background-color has-background wp-element-button\" href=\"https:\/\/meripelastus.fi\/naantali\/toiminta\/alukset\/\" style=\"border-radius:15px\">Takaisin Aluslistaan<\/a><\/div>\n<\/div>\n","protected":false},"excerpt":{"rendered":"<p>Pv L\u00e4hitapiola V-S&nbsp;on nopeakulkuinen rannikko- ja saaristok\u00e4ytt\u00f6\u00f6n suunniteltu pelastusalus.&nbsp;Alus on varustettu monipuolisella meripelastus-, sairaankuljetus- ja palontorjuntav\u00e4lineist\u00f6ll\u00e4. Vene edustaa Meripelastusseuralle 1990-luvulla suunniteltua Rankki-sarjaa, jota on tehty 8 venett\u00e4, hieman erilaisilla ominaisuuksilla. Pv L\u00e4hiTapiola V-S on sarjan kolmas vene. Naantaliin alus saapui Inkoosta kev\u00e4\u00e4ll\u00e4 2022. Edelt\u00e4v\u00e4\u00e4n Pv L\u00e4hiTapiola V-S:\u00e4\u00e4n verraten alus on noin 10 solmua nopeampi ja [&hellip;]<\/p>\n","protected":false},"author":114,"featured_media":0,"parent":738,"menu_order":0,"comment_status":"closed","ping_status":"closed","template":"","meta":{"_acf_changed":false,"inline_featured_image":false,"footnotes":""},"class_list":["post-776","page","type-page","status-publish","hentry"],"acf":[],"yoast_head":"<!-- This site is optimized with the Yoast SEO Premium plugin v27.2 (Yoast SEO v27.2) - https:\/\/yoast.com\/product\/yoast-seo-premium-wordpress\/ -->\n<title>Pv L\u00e4hiTapiola V-S - Naantalin Seudun Meripelastajat<\/title>\n<meta name=\"robots\" content=\"index, follow, max-snippet:-1, max-image-preview:large, max-video-preview:-1\" \/>\n<link rel=\"canonical\" href=\"https:\/\/meripelastus.fi\/naantali\/toiminta\/alukset\/lahitapiola\/\" \/>\n<meta property=\"og:locale\" content=\"fi_FI\" \/>\n<meta property=\"og:type\" content=\"article\" \/>\n<meta property=\"og:title\" content=\"Pv L\u00e4hiTapiola V-S\" \/>\n<meta property=\"og:description\" content=\"Pv L\u00e4hitapiola V-S&nbsp;on nopeakulkuinen rannikko- ja saaristok\u00e4ytt\u00f6\u00f6n suunniteltu pelastusalus.&nbsp;Alus on varustettu monipuolisella meripelastus-, sairaankuljetus- ja palontorjuntav\u00e4lineist\u00f6ll\u00e4. Vene edustaa Meripelastusseuralle 1990-luvulla suunniteltua Rankki-sarjaa, jota on tehty 8 venett\u00e4, hieman erilaisilla ominaisuuksilla. Pv L\u00e4hiTapiola V-S on sarjan kolmas vene. Naantaliin alus saapui Inkoosta kev\u00e4\u00e4ll\u00e4 2022. Edelt\u00e4v\u00e4\u00e4n Pv L\u00e4hiTapiola V-S:\u00e4\u00e4n verraten alus on noin 10 solmua nopeampi ja [&hellip;]\" \/>\n<meta property=\"og:url\" content=\"https:\/\/meripelastus.fi\/naantali\/toiminta\/alukset\/lahitapiola\/\" \/>\n<meta property=\"og:site_name\" content=\"Naantalin Seudun Meripelastajat\" \/>\n<meta property=\"article:modified_time\" content=\"2025-02-04T00:52:25+00:00\" \/>\n<meta property=\"og:image\" content=\"https:\/\/meripelastus.fi\/naantali\/wp-content\/uploads\/sites\/9\/2022\/05\/MG_2336.jpg\" \/>\n\t<meta property=\"og:image:width\" content=\"2048\" \/>\n\t<meta property=\"og:image:height\" content=\"1365\" \/>\n\t<meta property=\"og:image:type\" content=\"image\/jpeg\" \/>\n<meta name=\"twitter:card\" content=\"summary_large_image\" \/>\n<meta name=\"twitter:label1\" content=\"Arvioitu lukuaika\" \/>\n\t<meta name=\"twitter:data1\" content=\"2 minuuttia\" \/>\n<script type=\"application\/ld+json\" class=\"yoast-schema-graph\">{\"@context\":\"https:\/\/schema.org\",\"@graph\":[{\"@type\":\"WebPage\",\"@id\":\"https:\/\/meripelastus.fi\/naantali\/toiminta\/alukset\/lahitapiola\/\",\"url\":\"https:\/\/meripelastus.fi\/naantali\/toiminta\/alukset\/lahitapiola\/\",\"name\":\"Pv L\u00e4hiTapiola V-S - Naantalin Seudun Meripelastajat\",\"isPartOf\":{\"@id\":\"https:\/\/meripelastus.fi\/naantali\/#website\"},\"primaryImageOfPage\":{\"@id\":\"https:\/\/meripelastus.fi\/naantali\/toiminta\/alukset\/lahitapiola\/#primaryimage\"},\"image\":{\"@id\":\"https:\/\/meripelastus.fi\/naantali\/toiminta\/alukset\/lahitapiola\/#primaryimage\"},\"thumbnailUrl\":\"https:\/\/meripelastus.fi\/naantali\/wp-content\/uploads\/sites\/9\/2022\/05\/MG_2336-1024x683.jpg\",\"datePublished\":\"2024-08-28T13:26:05+00:00\",\"dateModified\":\"2025-02-04T00:52:25+00:00\",\"breadcrumb\":{\"@id\":\"https:\/\/meripelastus.fi\/naantali\/toiminta\/alukset\/lahitapiola\/#breadcrumb\"},\"inLanguage\":\"fi\",\"potentialAction\":[{\"@type\":\"ReadAction\",\"target\":[\"https:\/\/meripelastus.fi\/naantali\/toiminta\/alukset\/lahitapiola\/\"]}]},{\"@type\":\"ImageObject\",\"inLanguage\":\"fi\",\"@id\":\"https:\/\/meripelastus.fi\/naantali\/toiminta\/alukset\/lahitapiola\/#primaryimage\",\"url\":\"https:\/\/meripelastus.fi\/naantali\/wp-content\/uploads\/sites\/9\/2022\/05\/MG_2336.jpg\",\"contentUrl\":\"https:\/\/meripelastus.fi\/naantali\/wp-content\/uploads\/sites\/9\/2022\/05\/MG_2336.jpg\",\"width\":2048,\"height\":1365},{\"@type\":\"BreadcrumbList\",\"@id\":\"https:\/\/meripelastus.fi\/naantali\/toiminta\/alukset\/lahitapiola\/#breadcrumb\",\"itemListElement\":[{\"@type\":\"ListItem\",\"position\":1,\"name\":\"Etusivu\",\"item\":\"https:\/\/meripelastus.fi\/naantali\/\"},{\"@type\":\"ListItem\",\"position\":2,\"name\":\"Toiminta\",\"item\":\"https:\/\/meripelastus.fi\/naantali\/toiminta\/\"},{\"@type\":\"ListItem\",\"position\":3,\"name\":\"Alukset\",\"item\":\"https:\/\/meripelastus.fi\/naantali\/toiminta\/alukset\/\"},{\"@type\":\"ListItem\",\"position\":4,\"name\":\"Pv L\u00e4hiTapiola V-S\"}]},{\"@type\":\"WebSite\",\"@id\":\"https:\/\/meripelastus.fi\/naantali\/#website\",\"url\":\"https:\/\/meripelastus.fi\/naantali\/\",\"name\":\"Naantalin Seudun Meripelastajat\",\"description\":\"Uusi SMPS Yhdistykset -sivusto\",\"potentialAction\":[{\"@type\":\"SearchAction\",\"target\":{\"@type\":\"EntryPoint\",\"urlTemplate\":\"https:\/\/meripelastus.fi\/naantali\/?s={search_term_string}\"},\"query-input\":{\"@type\":\"PropertyValueSpecification\",\"valueRequired\":true,\"valueName\":\"search_term_string\"}}],\"inLanguage\":\"fi\"}]}<\/script>\n<!-- \/ Yoast SEO Premium plugin. -->","yoast_head_json":{"title":"Pv L\u00e4hiTapiola V-S - Naantalin Seudun Meripelastajat","robots":{"index":"index","follow":"follow","max-snippet":"max-snippet:-1","max-image-preview":"max-image-preview:large","max-video-preview":"max-video-preview:-1"},"canonical":"https:\/\/meripelastus.fi\/naantali\/toiminta\/alukset\/lahitapiola\/","og_locale":"fi_FI","og_type":"article","og_title":"Pv L\u00e4hiTapiola V-S","og_description":"Pv L\u00e4hitapiola V-S&nbsp;on nopeakulkuinen rannikko- ja saaristok\u00e4ytt\u00f6\u00f6n suunniteltu pelastusalus.&nbsp;Alus on varustettu monipuolisella meripelastus-, sairaankuljetus- ja palontorjuntav\u00e4lineist\u00f6ll\u00e4. Vene edustaa Meripelastusseuralle 1990-luvulla suunniteltua Rankki-sarjaa, jota on tehty 8 venett\u00e4, hieman erilaisilla ominaisuuksilla. Pv L\u00e4hiTapiola V-S on sarjan kolmas vene. Naantaliin alus saapui Inkoosta kev\u00e4\u00e4ll\u00e4 2022. Edelt\u00e4v\u00e4\u00e4n Pv L\u00e4hiTapiola V-S:\u00e4\u00e4n verraten alus on noin 10 solmua nopeampi ja [&hellip;]","og_url":"https:\/\/meripelastus.fi\/naantali\/toiminta\/alukset\/lahitapiola\/","og_site_name":"Naantalin Seudun Meripelastajat","article_modified_time":"2025-02-04T00:52:25+00:00","og_image":[{"width":2048,"height":1365,"url":"https:\/\/meripelastus.fi\/naantali\/wp-content\/uploads\/sites\/9\/2022\/05\/MG_2336.jpg","type":"image\/jpeg"}],"twitter_card":"summary_large_image","twitter_misc":{"Arvioitu lukuaika":"2 minuuttia"},"schema":{"@context":"https:\/\/schema.org","@graph":[{"@type":"WebPage","@id":"https:\/\/meripelastus.fi\/naantali\/toiminta\/alukset\/lahitapiola\/","url":"https:\/\/meripelastus.fi\/naantali\/toiminta\/alukset\/lahitapiola\/","name":"Pv L\u00e4hiTapiola V-S - Naantalin Seudun Meripelastajat","isPartOf":{"@id":"https:\/\/meripelastus.fi\/naantali\/#website"},"primaryImageOfPage":{"@id":"https:\/\/meripelastus.fi\/naantali\/toiminta\/alukset\/lahitapiola\/#primaryimage"},"image":{"@id":"https:\/\/meripelastus.fi\/naantali\/toiminta\/alukset\/lahitapiola\/#primaryimage"},"thumbnailUrl":"https:\/\/meripelastus.fi\/naantali\/wp-content\/uploads\/sites\/9\/2022\/05\/MG_2336-1024x683.jpg","datePublished":"2024-08-28T13:26:05+00:00","dateModified":"2025-02-04T00:52:25+00:00","breadcrumb":{"@id":"https:\/\/meripelastus.fi\/naantali\/toiminta\/alukset\/lahitapiola\/#breadcrumb"},"inLanguage":"fi","potentialAction":[{"@type":"ReadAction","target":["https:\/\/meripelastus.fi\/naantali\/toiminta\/alukset\/lahitapiola\/"]}]},{"@type":"ImageObject","inLanguage":"fi","@id":"https:\/\/meripelastus.fi\/naantali\/toiminta\/alukset\/lahitapiola\/#primaryimage","url":"https:\/\/meripelastus.fi\/naantali\/wp-content\/uploads\/sites\/9\/2022\/05\/MG_2336.jpg","contentUrl":"https:\/\/meripelastus.fi\/naantali\/wp-content\/uploads\/sites\/9\/2022\/05\/MG_2336.jpg","width":2048,"height":1365},{"@type":"BreadcrumbList","@id":"https:\/\/meripelastus.fi\/naantali\/toiminta\/alukset\/lahitapiola\/#breadcrumb","itemListElement":[{"@type":"ListItem","position":1,"name":"Etusivu","item":"https:\/\/meripelastus.fi\/naantali\/"},{"@type":"ListItem","position":2,"name":"Toiminta","item":"https:\/\/meripelastus.fi\/naantali\/toiminta\/"},{"@type":"ListItem","position":3,"name":"Alukset","item":"https:\/\/meripelastus.fi\/naantali\/toiminta\/alukset\/"},{"@type":"ListItem","position":4,"name":"Pv L\u00e4hiTapiola V-S"}]},{"@type":"WebSite","@id":"https:\/\/meripelastus.fi\/naantali\/#website","url":"https:\/\/meripelastus.fi\/naantali\/","name":"Naantalin Seudun Meripelastajat","description":"Uusi SMPS Yhdistykset -sivusto","potentialAction":[{"@type":"SearchAction","target":{"@type":"EntryPoint","urlTemplate":"https:\/\/meripelastus.fi\/naantali\/?s={search_term_string}"},"query-input":{"@type":"PropertyValueSpecification","valueRequired":true,"valueName":"search_term_string"}}],"inLanguage":"fi"}]}},"_links":{"self":[{"href":"https:\/\/meripelastus.fi\/naantali\/wp-json\/wp\/v2\/pages\/776","targetHints":{"allow":["GET"]}}],"collection":[{"href":"https:\/\/meripelastus.fi\/naantali\/wp-json\/wp\/v2\/pages"}],"about":[{"href":"https:\/\/meripelastus.fi\/naantali\/wp-json\/wp\/v2\/types\/page"}],"author":[{"embeddable":true,"href":"https:\/\/meripelastus.fi\/naantali\/wp-json\/wp\/v2\/users\/114"}],"replies":[{"embeddable":true,"href":"https:\/\/meripelastus.fi\/naantali\/wp-json\/wp\/v2\/comments?post=776"}],"version-history":[{"count":4,"href":"https:\/\/meripelastus.fi\/naantali\/wp-json\/wp\/v2\/pages\/776\/revisions"}],"predecessor-version":[{"id":783,"href":"https:\/\/meripelastus.fi\/naantali\/wp-json\/wp\/v2\/pages\/776\/revisions\/783"}],"up":[{"embeddable":true,"href":"https:\/\/meripelastus.fi\/naantali\/wp-json\/wp\/v2\/pages\/738"}],"wp:attachment":[{"href":"https:\/\/meripelastus.fi\/naantali\/wp-json\/wp\/v2\/media?parent=776"}],"curies":[{"name":"wp","href":"https:\/\/api.w.org\/{rel}","templated":true}]}}