{"id":353,"date":"2021-04-10T21:51:00","date_gmt":"2021-04-10T18:51:00","guid":{"rendered":"https:\/\/meripelastus.fi\/naantali-vedos\/?page_id=353"},"modified":"2026-03-11T15:12:36","modified_gmt":"2026-03-11T13:12:36","slug":"liity-jaseneksi","status":"publish","type":"page","link":"https:\/\/meripelastus.fi\/naantali\/naantalin-meripelastajat\/liity-jaseneksi\/","title":{"rendered":"Liity j\u00e4seneksi"},"content":{"rendered":"<p>Naantalin Seudun Meripelastajat on vapaaehtoinen organisaatio joka rahoittaa toimintansa ensisijaisesti lahjoituksilla ja j\u00e4senmaksuilla.<\/p>\n<p>Haluatko sin\u00e4 liitty\u00e4 mukaan toimintaan?<\/p>\n\n\t\n\t<!--------TROSSI-FORM--------->\n\t<section id=\"liity\" class=\"section-trossi-form has-white-background-color pt-5\">\n\t\t<div class=\"container\">\t\t\n\t\t\t<div class=\"row\">\n\t\t\t\t<div class=\"col-10 offset-1 offset-md-0 col-md-12\">\n\t\t\t\t\t\t\t\t\t\t\t\t\t\t\t\t\t\t\n\t\t\t\t\t\t\t<iframe style=\"width:100%;border-width:0; height:auto;\" src=\"https:\/\/messi.meripelastus.fi\/forms\/fi\/join\/43\" class=\"resizejs\" title=\"Liittymislomake\" name=\"liittymislomake\" seamless=\"\">\n\t\t\t\t\t\t\t<a href=\"https:\/\/messi.meripelastus.fi\/forms\/fi\/join\/43\">Liity t\u00e4st\u00e4<\/a><\/iframe>\n\t\t\t\t\t\t\t\t\t\t\t\t\t\t\t<\/div>\n\t\t\t<\/div>\n\t\t<\/div>\n\t<\/section>","protected":false},"excerpt":{"rendered":"<p>Naantalin Seudun Meripelastajat on vapaaehtoinen organisaatio joka rahoittaa toimintansa ensisijaisesti lahjoituksilla ja j\u00e4senmaksuilla. Haluatko sin\u00e4 liitty\u00e4 mukaan toimintaan?<\/p>\n","protected":false},"author":86,"featured_media":553,"parent":6,"menu_order":0,"comment_status":"closed","ping_status":"closed","template":"","meta":{"_acf_changed":false,"inline_featured_image":false,"footnotes":""},"class_list":["post-353","page","type-page","status-publish","has-post-thumbnail","hentry"],"acf":[],"yoast_head":"<!-- This site is optimized with the Yoast SEO Premium plugin v27.2 (Yoast SEO v27.2) - https:\/\/yoast.com\/product\/yoast-seo-premium-wordpress\/ -->\n<title>Liity j\u00e4seneksi - Naantalin Seudun Meripelastajat<\/title>\n<meta name=\"robots\" content=\"index, follow, max-snippet:-1, max-image-preview:large, max-video-preview:-1\" \/>\n<link rel=\"canonical\" href=\"https:\/\/meripelastus.fi\/naantali\/naantalin-meripelastajat\/liity-jaseneksi\/\" \/>\n<meta property=\"og:locale\" content=\"fi_FI\" \/>\n<meta property=\"og:type\" content=\"article\" \/>\n<meta property=\"og:title\" content=\"Liity j\u00e4seneksi\" \/>\n<meta property=\"og:description\" content=\"Naantalin Seudun Meripelastajat on vapaaehtoinen organisaatio joka rahoittaa toimintansa ensisijaisesti lahjoituksilla ja j\u00e4senmaksuilla. Haluatko sin\u00e4 liitty\u00e4 mukaan toimintaan?\" \/>\n<meta property=\"og:url\" content=\"https:\/\/meripelastus.fi\/naantali\/naantalin-meripelastajat\/liity-jaseneksi\/\" \/>\n<meta property=\"og:site_name\" content=\"Naantalin Seudun Meripelastajat\" \/>\n<meta property=\"article:modified_time\" content=\"2026-03-11T13:12:36+00:00\" \/>\n<meta property=\"og:image\" content=\"https:\/\/meripelastus.fi\/naantali\/wp-content\/uploads\/sites\/9\/2022\/05\/MG_2109.jpg\" \/>\n\t<meta property=\"og:image:width\" content=\"2048\" \/>\n\t<meta property=\"og:image:height\" content=\"1365\" \/>\n\t<meta property=\"og:image:type\" content=\"image\/jpeg\" \/>\n<meta name=\"twitter:card\" content=\"summary_large_image\" \/>\n<meta name=\"twitter:label1\" content=\"Arvioitu lukuaika\" \/>\n\t<meta name=\"twitter:data1\" content=\"1 minuutti\" \/>\n<script type=\"application\/ld+json\" class=\"yoast-schema-graph\">{\"@context\":\"https:\/\/schema.org\",\"@graph\":[{\"@type\":\"WebPage\",\"@id\":\"https:\/\/meripelastus.fi\/naantali\/naantalin-meripelastajat\/liity-jaseneksi\/\",\"url\":\"https:\/\/meripelastus.fi\/naantali\/naantalin-meripelastajat\/liity-jaseneksi\/\",\"name\":\"Liity j\u00e4seneksi - Naantalin Seudun Meripelastajat\",\"isPartOf\":{\"@id\":\"https:\/\/meripelastus.fi\/naantali\/#website\"},\"primaryImageOfPage\":{\"@id\":\"https:\/\/meripelastus.fi\/naantali\/naantalin-meripelastajat\/liity-jaseneksi\/#primaryimage\"},\"image\":{\"@id\":\"https:\/\/meripelastus.fi\/naantali\/naantalin-meripelastajat\/liity-jaseneksi\/#primaryimage\"},\"thumbnailUrl\":\"https:\/\/meripelastus.fi\/naantali\/wp-content\/uploads\/sites\/9\/2022\/05\/MG_2109.jpg\",\"datePublished\":\"2021-04-10T18:51:00+00:00\",\"dateModified\":\"2026-03-11T13:12:36+00:00\",\"breadcrumb\":{\"@id\":\"https:\/\/meripelastus.fi\/naantali\/naantalin-meripelastajat\/liity-jaseneksi\/#breadcrumb\"},\"inLanguage\":\"fi\",\"potentialAction\":[{\"@type\":\"ReadAction\",\"target\":[\"https:\/\/meripelastus.fi\/naantali\/naantalin-meripelastajat\/liity-jaseneksi\/\"]}]},{\"@type\":\"ImageObject\",\"inLanguage\":\"fi\",\"@id\":\"https:\/\/meripelastus.fi\/naantali\/naantalin-meripelastajat\/liity-jaseneksi\/#primaryimage\",\"url\":\"https:\/\/meripelastus.fi\/naantali\/wp-content\/uploads\/sites\/9\/2022\/05\/MG_2109.jpg\",\"contentUrl\":\"https:\/\/meripelastus.fi\/naantali\/wp-content\/uploads\/sites\/9\/2022\/05\/MG_2109.jpg\",\"width\":2048,\"height\":1365},{\"@type\":\"BreadcrumbList\",\"@id\":\"https:\/\/meripelastus.fi\/naantali\/naantalin-meripelastajat\/liity-jaseneksi\/#breadcrumb\",\"itemListElement\":[{\"@type\":\"ListItem\",\"position\":1,\"name\":\"Etusivu\",\"item\":\"https:\/\/meripelastus.fi\/naantali\/\"},{\"@type\":\"ListItem\",\"position\":2,\"name\":\"Naantalin Meripelastajat\",\"item\":\"https:\/\/meripelastus.fi\/naantali\/naantalin-meripelastajat\/\"},{\"@type\":\"ListItem\",\"position\":3,\"name\":\"Liity j\u00e4seneksi\"}]},{\"@type\":\"WebSite\",\"@id\":\"https:\/\/meripelastus.fi\/naantali\/#website\",\"url\":\"https:\/\/meripelastus.fi\/naantali\/\",\"name\":\"Naantalin Seudun Meripelastajat\",\"description\":\"Uusi SMPS Yhdistykset -sivusto\",\"potentialAction\":[{\"@type\":\"SearchAction\",\"target\":{\"@type\":\"EntryPoint\",\"urlTemplate\":\"https:\/\/meripelastus.fi\/naantali\/?s={search_term_string}\"},\"query-input\":{\"@type\":\"PropertyValueSpecification\",\"valueRequired\":true,\"valueName\":\"search_term_string\"}}],\"inLanguage\":\"fi\"}]}<\/script>\n<!-- \/ Yoast SEO Premium plugin. -->","yoast_head_json":{"title":"Liity j\u00e4seneksi - Naantalin Seudun Meripelastajat","robots":{"index":"index","follow":"follow","max-snippet":"max-snippet:-1","max-image-preview":"max-image-preview:large","max-video-preview":"max-video-preview:-1"},"canonical":"https:\/\/meripelastus.fi\/naantali\/naantalin-meripelastajat\/liity-jaseneksi\/","og_locale":"fi_FI","og_type":"article","og_title":"Liity j\u00e4seneksi","og_description":"Naantalin Seudun Meripelastajat on vapaaehtoinen organisaatio joka rahoittaa toimintansa ensisijaisesti lahjoituksilla ja j\u00e4senmaksuilla. Haluatko sin\u00e4 liitty\u00e4 mukaan toimintaan?","og_url":"https:\/\/meripelastus.fi\/naantali\/naantalin-meripelastajat\/liity-jaseneksi\/","og_site_name":"Naantalin Seudun Meripelastajat","article_modified_time":"2026-03-11T13:12:36+00:00","og_image":[{"width":2048,"height":1365,"url":"https:\/\/meripelastus.fi\/naantali\/wp-content\/uploads\/sites\/9\/2022\/05\/MG_2109.jpg","type":"image\/jpeg"}],"twitter_card":"summary_large_image","twitter_misc":{"Arvioitu lukuaika":"1 minuutti"},"schema":{"@context":"https:\/\/schema.org","@graph":[{"@type":"WebPage","@id":"https:\/\/meripelastus.fi\/naantali\/naantalin-meripelastajat\/liity-jaseneksi\/","url":"https:\/\/meripelastus.fi\/naantali\/naantalin-meripelastajat\/liity-jaseneksi\/","name":"Liity j\u00e4seneksi - Naantalin Seudun Meripelastajat","isPartOf":{"@id":"https:\/\/meripelastus.fi\/naantali\/#website"},"primaryImageOfPage":{"@id":"https:\/\/meripelastus.fi\/naantali\/naantalin-meripelastajat\/liity-jaseneksi\/#primaryimage"},"image":{"@id":"https:\/\/meripelastus.fi\/naantali\/naantalin-meripelastajat\/liity-jaseneksi\/#primaryimage"},"thumbnailUrl":"https:\/\/meripelastus.fi\/naantali\/wp-content\/uploads\/sites\/9\/2022\/05\/MG_2109.jpg","datePublished":"2021-04-10T18:51:00+00:00","dateModified":"2026-03-11T13:12:36+00:00","breadcrumb":{"@id":"https:\/\/meripelastus.fi\/naantali\/naantalin-meripelastajat\/liity-jaseneksi\/#breadcrumb"},"inLanguage":"fi","potentialAction":[{"@type":"ReadAction","target":["https:\/\/meripelastus.fi\/naantali\/naantalin-meripelastajat\/liity-jaseneksi\/"]}]},{"@type":"ImageObject","inLanguage":"fi","@id":"https:\/\/meripelastus.fi\/naantali\/naantalin-meripelastajat\/liity-jaseneksi\/#primaryimage","url":"https:\/\/meripelastus.fi\/naantali\/wp-content\/uploads\/sites\/9\/2022\/05\/MG_2109.jpg","contentUrl":"https:\/\/meripelastus.fi\/naantali\/wp-content\/uploads\/sites\/9\/2022\/05\/MG_2109.jpg","width":2048,"height":1365},{"@type":"BreadcrumbList","@id":"https:\/\/meripelastus.fi\/naantali\/naantalin-meripelastajat\/liity-jaseneksi\/#breadcrumb","itemListElement":[{"@type":"ListItem","position":1,"name":"Etusivu","item":"https:\/\/meripelastus.fi\/naantali\/"},{"@type":"ListItem","position":2,"name":"Naantalin Meripelastajat","item":"https:\/\/meripelastus.fi\/naantali\/naantalin-meripelastajat\/"},{"@type":"ListItem","position":3,"name":"Liity j\u00e4seneksi"}]},{"@type":"WebSite","@id":"https:\/\/meripelastus.fi\/naantali\/#website","url":"https:\/\/meripelastus.fi\/naantali\/","name":"Naantalin Seudun Meripelastajat","description":"Uusi SMPS Yhdistykset -sivusto","potentialAction":[{"@type":"SearchAction","target":{"@type":"EntryPoint","urlTemplate":"https:\/\/meripelastus.fi\/naantali\/?s={search_term_string}"},"query-input":{"@type":"PropertyValueSpecification","valueRequired":true,"valueName":"search_term_string"}}],"inLanguage":"fi"}]}},"_links":{"self":[{"href":"https:\/\/meripelastus.fi\/naantali\/wp-json\/wp\/v2\/pages\/353","targetHints":{"allow":["GET"]}}],"collection":[{"href":"https:\/\/meripelastus.fi\/naantali\/wp-json\/wp\/v2\/pages"}],"about":[{"href":"https:\/\/meripelastus.fi\/naantali\/wp-json\/wp\/v2\/types\/page"}],"author":[{"embeddable":true,"href":"https:\/\/meripelastus.fi\/naantali\/wp-json\/wp\/v2\/users\/86"}],"replies":[{"embeddable":true,"href":"https:\/\/meripelastus.fi\/naantali\/wp-json\/wp\/v2\/comments?post=353"}],"version-history":[{"count":8,"href":"https:\/\/meripelastus.fi\/naantali\/wp-json\/wp\/v2\/pages\/353\/revisions"}],"predecessor-version":[{"id":1044,"href":"https:\/\/meripelastus.fi\/naantali\/wp-json\/wp\/v2\/pages\/353\/revisions\/1044"}],"up":[{"embeddable":true,"href":"https:\/\/meripelastus.fi\/naantali\/wp-json\/wp\/v2\/pages\/6"}],"wp:featuredmedia":[{"embeddable":true,"href":"https:\/\/meripelastus.fi\/naantali\/wp-json\/wp\/v2\/media\/553"}],"wp:attachment":[{"href":"https:\/\/meripelastus.fi\/naantali\/wp-json\/wp\/v2\/media?parent=353"}],"curies":[{"name":"wp","href":"https:\/\/api.w.org\/{rel}","templated":true}]}}