{"id":339,"date":"2021-04-10T21:01:27","date_gmt":"2021-04-10T18:01:27","guid":{"rendered":"https:\/\/meripelastus.fi\/naantali-vedos\/?page_id=339"},"modified":"2025-02-04T02:59:56","modified_gmt":"2025-02-04T00:59:56","slug":"koulutus","status":"publish","type":"page","link":"https:\/\/meripelastus.fi\/naantali\/toiminta\/koulutus\/","title":{"rendered":"Koulutus"},"content":{"rendered":"<h2>Liity mukaan toimintaan<\/h2>\n<p>Pelastusaluksemme miehitet\u00e4\u00e4n t\u00e4ysin vapaaehtoisin voimin. Arvostamme osaamista ja huolehdimme, ett\u00e4 miehist\u00f6mme ammattitaito on apua tarvitsevien k\u00e4yt\u00f6ss\u00e4 aina silloin kun sit\u00e4 tarvitaan. Vahva osaaminen on\u00a0edellytys aluksiemme turvalliselle k\u00e4yt\u00f6lle vaativissa teht\u00e4viss\u00e4 ja\u00a0olosuhteissa.<\/p>\n<p>Naantalissa on noin 60 miehist\u00f6nj\u00e4sent\u00e4 ja vuosittain rekrytoimme uusia j\u00e4seni\u00e4 miehist\u00f6\u00f6mme.<\/p>\n<h3><strong>Sitoutuminen<\/strong><\/h3>\n<p>Miehist\u00f6\u00f6n hakeutuvalta edellytet\u00e4\u00e4n:<\/p>\n<ul>\n<li>innokasta asennetta<\/li>\n<li>halua sitoutua vaativaan harrastukseen<\/li>\n<li>v\u00e4hint\u00e4\u00e4n 16 vuoden ik\u00e4\u00e4<\/li>\n<\/ul>\n<p>Aiempaa osaamista ei vaadita, eik\u00e4 todistuksia tutkita. T\u00e4rkeint\u00e4 on, ett\u00e4 uskot haluavasi olla mukana auttamassa vesialueella apua tarvitsevia.<\/p>\n<p>Koska harrastus ajoittain \u00a0vesill\u00e4 voi olla fyysisesti ja henkisesti raskasta, jokaisen pelastusaseman miehist\u00f6\u00f6n haluavan on annettava selvitys terveydentilastaan ja fyysisest\u00e4 sek\u00e4 psyykkisest\u00e4 kunnostaan. Mit\u00e4\u00e4n ihmeit\u00e4 emme vaadi, mutta esimerkiksi jotkin perussairaudet ja liikuntavammat est\u00e4v\u00e4t toimimisen pelastusaseman miehist\u00f6ss\u00e4.<\/p>\n<h3><strong>Koulutus ja teht\u00e4v\u00e4t aluksilla<\/strong><\/h3>\n<p>Osaamisvaatimuksemme perustuvat\u00a0Suomen Meripelastusseuran koulutusj\u00e4rjestelm\u00e4\u00e4n, jonka viranomaiset ovat hyv\u00e4ksyneet ottaen huomioon toimintamme luonne ja k\u00e4yt\u00f6ss\u00e4 oleva aluskalustomme.<\/p>\n<p>Ennen teht\u00e4v\u00e4\u00e4n nimitt\u00e4mist\u00e4\u00a0miehist\u00f6\u00f6n kuuluvan\u00a0tulee\u00a0suorittaa teht\u00e4v\u00e4\u00e4n vaadittava koulutustaso. Miehist\u00f6n koulutustasoja ovat harjoittelija ja kansimies. Kansimiehen koulutus kest\u00e4\u00e4 noin yhden vuoden. P\u00e4\u00e4llyst\u00f6n koulutustasoja ovat per\u00e4mies ja p\u00e4\u00e4llikk\u00f6.<\/p>\n<p>Suuri osa koulutuksesta annetaan pelastusasemalla ja erilaisissa yhdistyksen j\u00e4rjest\u00e4miss\u00e4 koulutustilaisuuksissa. Pelastusasemat l\u00e4hett\u00e4v\u00e4t miehist\u00f6\u00e4\u00e4n my\u00f6s Meripelastusseuran kursseille B\u00e5gask\u00e4rin toimintakeskukseen \u00a0\u00a0Inkooseen<\/p>\n<p>Jos sinulla on jo pelastusalan tai merenkulun osaamista pystyt hy\u00f6dynt\u00e4m\u00e4\u00e4n sit\u00e4 joustavasti ja kouluttautumaan vain niilt\u00e4 osin, mik\u00e4 on tarpeen koulutustason saavuttamiseksi. Etsint\u00e4- ja pelastusyksik\u00f6ss\u00e4 toimiminen edellytt\u00e4\u00e4 kuitenkin s\u00e4\u00e4nn\u00f6llist\u00e4 harjoittelua ja taitojen yll\u00e4pitoa, joten aktiivinen osallistuminen pelastusaseman toimintaan on helpoin tapa huolehtia omista kyvyist\u00e4 olla muiden avuksi vesill\u00e4.<\/p>\n<p>Jos olet kiinnostunut tulemaan mukaan miehist\u00f6toimintaan ole rohkeasti yhteydess\u00e4 yhdistyksen <strong><a href=\"mailto:sar.naantali@gmail.com\">koulutusvastaavaan<\/a>!<\/strong><\/p>\n<p><a href=\"https:\/\/meripelastus.fi\/naantali\/toiminta\/liity-jaseneksi\/\" target=\"_blank\" rel=\"noopener\">Liity mukaan vapaaehtoiseen meripelastustoimintaan Naantalin Meripelastusyhdistyksess\u00e4.<\/a><\/p>\n<p><a href=\"http:\/\/view.24mags.com\/mobilev\/b96aff83a6a4bbbdcfbada9f7d2ead02#\/page=1\">Lis\u00e4\u00e4 tietoa koulutukseen hakevalle l\u00f6ytyy t\u00e4st\u00e4 esitteest\u00e4.<\/a><\/p>\n<div id=\"fskey-tooltip\" class=\"fskey-tooltip\"><\/div>\n","protected":false},"excerpt":{"rendered":"<p>Liity mukaan toimintaan Pelastusaluksemme miehitet\u00e4\u00e4n t\u00e4ysin vapaaehtoisin voimin. Arvostamme osaamista ja huolehdimme, ett\u00e4 miehist\u00f6mme ammattitaito on apua tarvitsevien k\u00e4yt\u00f6ss\u00e4 aina silloin kun sit\u00e4 tarvitaan. Vahva osaaminen on\u00a0edellytys aluksiemme turvalliselle k\u00e4yt\u00f6lle vaativissa teht\u00e4viss\u00e4 ja\u00a0olosuhteissa. Naantalissa on noin 60 miehist\u00f6nj\u00e4sent\u00e4 ja vuosittain rekrytoimme uusia j\u00e4seni\u00e4 miehist\u00f6\u00f6mme. Sitoutuminen Miehist\u00f6\u00f6n hakeutuvalta edellytet\u00e4\u00e4n: innokasta asennetta halua sitoutua vaativaan harrastukseen v\u00e4hint\u00e4\u00e4n [&hellip;]<\/p>\n","protected":false},"author":86,"featured_media":569,"parent":20,"menu_order":0,"comment_status":"closed","ping_status":"closed","template":"","meta":{"_acf_changed":false,"inline_featured_image":false,"footnotes":""},"class_list":["post-339","page","type-page","status-publish","has-post-thumbnail","hentry"],"acf":[],"yoast_head":"<!-- This site is optimized with the Yoast SEO Premium plugin v27.2 (Yoast SEO v27.2) - https:\/\/yoast.com\/product\/yoast-seo-premium-wordpress\/ -->\n<title>Koulutus - Naantalin Seudun Meripelastajat<\/title>\n<meta name=\"robots\" content=\"index, follow, max-snippet:-1, max-image-preview:large, max-video-preview:-1\" \/>\n<link rel=\"canonical\" href=\"https:\/\/meripelastus.fi\/naantali\/toiminta\/koulutus\/\" \/>\n<meta property=\"og:locale\" content=\"fi_FI\" \/>\n<meta property=\"og:type\" content=\"article\" \/>\n<meta property=\"og:title\" content=\"Koulutus\" \/>\n<meta property=\"og:description\" content=\"Liity mukaan toimintaan Pelastusaluksemme miehitet\u00e4\u00e4n t\u00e4ysin vapaaehtoisin voimin. Arvostamme osaamista ja huolehdimme, ett\u00e4 miehist\u00f6mme ammattitaito on apua tarvitsevien k\u00e4yt\u00f6ss\u00e4 aina silloin kun sit\u00e4 tarvitaan. Vahva osaaminen on\u00a0edellytys aluksiemme turvalliselle k\u00e4yt\u00f6lle vaativissa teht\u00e4viss\u00e4 ja\u00a0olosuhteissa. Naantalissa on noin 60 miehist\u00f6nj\u00e4sent\u00e4 ja vuosittain rekrytoimme uusia j\u00e4seni\u00e4 miehist\u00f6\u00f6mme. Sitoutuminen Miehist\u00f6\u00f6n hakeutuvalta edellytet\u00e4\u00e4n: innokasta asennetta halua sitoutua vaativaan harrastukseen v\u00e4hint\u00e4\u00e4n [&hellip;]\" \/>\n<meta property=\"og:url\" content=\"https:\/\/meripelastus.fi\/naantali\/toiminta\/koulutus\/\" \/>\n<meta property=\"og:site_name\" content=\"Naantalin Seudun Meripelastajat\" \/>\n<meta property=\"article:modified_time\" content=\"2025-02-04T00:59:56+00:00\" \/>\n<meta property=\"og:image\" content=\"https:\/\/meripelastus.fi\/naantali\/wp-content\/uploads\/sites\/9\/2022\/05\/MG_2305.jpg\" \/>\n\t<meta property=\"og:image:width\" content=\"2048\" \/>\n\t<meta property=\"og:image:height\" content=\"1365\" \/>\n\t<meta property=\"og:image:type\" content=\"image\/jpeg\" \/>\n<meta name=\"twitter:card\" content=\"summary_large_image\" \/>\n<meta name=\"twitter:label1\" content=\"Arvioitu lukuaika\" \/>\n\t<meta name=\"twitter:data1\" content=\"1 minuutti\" \/>\n<script type=\"application\/ld+json\" class=\"yoast-schema-graph\">{\"@context\":\"https:\/\/schema.org\",\"@graph\":[{\"@type\":\"WebPage\",\"@id\":\"https:\/\/meripelastus.fi\/naantali\/toiminta\/koulutus\/\",\"url\":\"https:\/\/meripelastus.fi\/naantali\/toiminta\/koulutus\/\",\"name\":\"Koulutus - Naantalin Seudun Meripelastajat\",\"isPartOf\":{\"@id\":\"https:\/\/meripelastus.fi\/naantali\/#website\"},\"primaryImageOfPage\":{\"@id\":\"https:\/\/meripelastus.fi\/naantali\/toiminta\/koulutus\/#primaryimage\"},\"image\":{\"@id\":\"https:\/\/meripelastus.fi\/naantali\/toiminta\/koulutus\/#primaryimage\"},\"thumbnailUrl\":\"https:\/\/meripelastus.fi\/naantali\/wp-content\/uploads\/sites\/9\/2022\/05\/MG_2305.jpg\",\"datePublished\":\"2021-04-10T18:01:27+00:00\",\"dateModified\":\"2025-02-04T00:59:56+00:00\",\"breadcrumb\":{\"@id\":\"https:\/\/meripelastus.fi\/naantali\/toiminta\/koulutus\/#breadcrumb\"},\"inLanguage\":\"fi\",\"potentialAction\":[{\"@type\":\"ReadAction\",\"target\":[\"https:\/\/meripelastus.fi\/naantali\/toiminta\/koulutus\/\"]}]},{\"@type\":\"ImageObject\",\"inLanguage\":\"fi\",\"@id\":\"https:\/\/meripelastus.fi\/naantali\/toiminta\/koulutus\/#primaryimage\",\"url\":\"https:\/\/meripelastus.fi\/naantali\/wp-content\/uploads\/sites\/9\/2022\/05\/MG_2305.jpg\",\"contentUrl\":\"https:\/\/meripelastus.fi\/naantali\/wp-content\/uploads\/sites\/9\/2022\/05\/MG_2305.jpg\",\"width\":2048,\"height\":1365},{\"@type\":\"BreadcrumbList\",\"@id\":\"https:\/\/meripelastus.fi\/naantali\/toiminta\/koulutus\/#breadcrumb\",\"itemListElement\":[{\"@type\":\"ListItem\",\"position\":1,\"name\":\"Etusivu\",\"item\":\"https:\/\/meripelastus.fi\/naantali\/\"},{\"@type\":\"ListItem\",\"position\":2,\"name\":\"Toiminta\",\"item\":\"https:\/\/meripelastus.fi\/naantali\/toiminta\/\"},{\"@type\":\"ListItem\",\"position\":3,\"name\":\"Koulutus\"}]},{\"@type\":\"WebSite\",\"@id\":\"https:\/\/meripelastus.fi\/naantali\/#website\",\"url\":\"https:\/\/meripelastus.fi\/naantali\/\",\"name\":\"Naantalin Seudun Meripelastajat\",\"description\":\"Uusi SMPS Yhdistykset -sivusto\",\"potentialAction\":[{\"@type\":\"SearchAction\",\"target\":{\"@type\":\"EntryPoint\",\"urlTemplate\":\"https:\/\/meripelastus.fi\/naantali\/?s={search_term_string}\"},\"query-input\":{\"@type\":\"PropertyValueSpecification\",\"valueRequired\":true,\"valueName\":\"search_term_string\"}}],\"inLanguage\":\"fi\"}]}<\/script>\n<!-- \/ Yoast SEO Premium plugin. -->","yoast_head_json":{"title":"Koulutus - Naantalin Seudun Meripelastajat","robots":{"index":"index","follow":"follow","max-snippet":"max-snippet:-1","max-image-preview":"max-image-preview:large","max-video-preview":"max-video-preview:-1"},"canonical":"https:\/\/meripelastus.fi\/naantali\/toiminta\/koulutus\/","og_locale":"fi_FI","og_type":"article","og_title":"Koulutus","og_description":"Liity mukaan toimintaan Pelastusaluksemme miehitet\u00e4\u00e4n t\u00e4ysin vapaaehtoisin voimin. Arvostamme osaamista ja huolehdimme, ett\u00e4 miehist\u00f6mme ammattitaito on apua tarvitsevien k\u00e4yt\u00f6ss\u00e4 aina silloin kun sit\u00e4 tarvitaan. Vahva osaaminen on\u00a0edellytys aluksiemme turvalliselle k\u00e4yt\u00f6lle vaativissa teht\u00e4viss\u00e4 ja\u00a0olosuhteissa. Naantalissa on noin 60 miehist\u00f6nj\u00e4sent\u00e4 ja vuosittain rekrytoimme uusia j\u00e4seni\u00e4 miehist\u00f6\u00f6mme. Sitoutuminen Miehist\u00f6\u00f6n hakeutuvalta edellytet\u00e4\u00e4n: innokasta asennetta halua sitoutua vaativaan harrastukseen v\u00e4hint\u00e4\u00e4n [&hellip;]","og_url":"https:\/\/meripelastus.fi\/naantali\/toiminta\/koulutus\/","og_site_name":"Naantalin Seudun Meripelastajat","article_modified_time":"2025-02-04T00:59:56+00:00","og_image":[{"width":2048,"height":1365,"url":"https:\/\/meripelastus.fi\/naantali\/wp-content\/uploads\/sites\/9\/2022\/05\/MG_2305.jpg","type":"image\/jpeg"}],"twitter_card":"summary_large_image","twitter_misc":{"Arvioitu lukuaika":"1 minuutti"},"schema":{"@context":"https:\/\/schema.org","@graph":[{"@type":"WebPage","@id":"https:\/\/meripelastus.fi\/naantali\/toiminta\/koulutus\/","url":"https:\/\/meripelastus.fi\/naantali\/toiminta\/koulutus\/","name":"Koulutus - Naantalin Seudun Meripelastajat","isPartOf":{"@id":"https:\/\/meripelastus.fi\/naantali\/#website"},"primaryImageOfPage":{"@id":"https:\/\/meripelastus.fi\/naantali\/toiminta\/koulutus\/#primaryimage"},"image":{"@id":"https:\/\/meripelastus.fi\/naantali\/toiminta\/koulutus\/#primaryimage"},"thumbnailUrl":"https:\/\/meripelastus.fi\/naantali\/wp-content\/uploads\/sites\/9\/2022\/05\/MG_2305.jpg","datePublished":"2021-04-10T18:01:27+00:00","dateModified":"2025-02-04T00:59:56+00:00","breadcrumb":{"@id":"https:\/\/meripelastus.fi\/naantali\/toiminta\/koulutus\/#breadcrumb"},"inLanguage":"fi","potentialAction":[{"@type":"ReadAction","target":["https:\/\/meripelastus.fi\/naantali\/toiminta\/koulutus\/"]}]},{"@type":"ImageObject","inLanguage":"fi","@id":"https:\/\/meripelastus.fi\/naantali\/toiminta\/koulutus\/#primaryimage","url":"https:\/\/meripelastus.fi\/naantali\/wp-content\/uploads\/sites\/9\/2022\/05\/MG_2305.jpg","contentUrl":"https:\/\/meripelastus.fi\/naantali\/wp-content\/uploads\/sites\/9\/2022\/05\/MG_2305.jpg","width":2048,"height":1365},{"@type":"BreadcrumbList","@id":"https:\/\/meripelastus.fi\/naantali\/toiminta\/koulutus\/#breadcrumb","itemListElement":[{"@type":"ListItem","position":1,"name":"Etusivu","item":"https:\/\/meripelastus.fi\/naantali\/"},{"@type":"ListItem","position":2,"name":"Toiminta","item":"https:\/\/meripelastus.fi\/naantali\/toiminta\/"},{"@type":"ListItem","position":3,"name":"Koulutus"}]},{"@type":"WebSite","@id":"https:\/\/meripelastus.fi\/naantali\/#website","url":"https:\/\/meripelastus.fi\/naantali\/","name":"Naantalin Seudun Meripelastajat","description":"Uusi SMPS Yhdistykset -sivusto","potentialAction":[{"@type":"SearchAction","target":{"@type":"EntryPoint","urlTemplate":"https:\/\/meripelastus.fi\/naantali\/?s={search_term_string}"},"query-input":{"@type":"PropertyValueSpecification","valueRequired":true,"valueName":"search_term_string"}}],"inLanguage":"fi"}]}},"_links":{"self":[{"href":"https:\/\/meripelastus.fi\/naantali\/wp-json\/wp\/v2\/pages\/339","targetHints":{"allow":["GET"]}}],"collection":[{"href":"https:\/\/meripelastus.fi\/naantali\/wp-json\/wp\/v2\/pages"}],"about":[{"href":"https:\/\/meripelastus.fi\/naantali\/wp-json\/wp\/v2\/types\/page"}],"author":[{"embeddable":true,"href":"https:\/\/meripelastus.fi\/naantali\/wp-json\/wp\/v2\/users\/86"}],"replies":[{"embeddable":true,"href":"https:\/\/meripelastus.fi\/naantali\/wp-json\/wp\/v2\/comments?post=339"}],"version-history":[{"count":7,"href":"https:\/\/meripelastus.fi\/naantali\/wp-json\/wp\/v2\/pages\/339\/revisions"}],"predecessor-version":[{"id":986,"href":"https:\/\/meripelastus.fi\/naantali\/wp-json\/wp\/v2\/pages\/339\/revisions\/986"}],"up":[{"embeddable":true,"href":"https:\/\/meripelastus.fi\/naantali\/wp-json\/wp\/v2\/pages\/20"}],"wp:featuredmedia":[{"embeddable":true,"href":"https:\/\/meripelastus.fi\/naantali\/wp-json\/wp\/v2\/media\/569"}],"wp:attachment":[{"href":"https:\/\/meripelastus.fi\/naantali\/wp-json\/wp\/v2\/media?parent=339"}],"curies":[{"name":"wp","href":"https:\/\/api.w.org\/{rel}","templated":true}]}}