{"id":266,"date":"2021-04-08T23:06:22","date_gmt":"2021-04-08T20:06:22","guid":{"rendered":"https:\/\/meripelastus.fi\/naantali-vedos\/?page_id=266"},"modified":"2026-01-23T01:23:37","modified_gmt":"2026-01-22T23:23:37","slug":"yhteystiedot","status":"publish","type":"page","link":"https:\/\/meripelastus.fi\/naantali\/yhteystiedot\/yhteystiedot\/","title":{"rendered":"Yhteystiedot"},"content":{"rendered":"\n<h3 class=\"wp-block-heading\" id=\"h-paivystavan-paallikon-tavoitat-paivystysnumerosta-0400-321-298\"><strong><br>P\u00e4ivyst\u00e4v\u00e4n p\u00e4\u00e4llik\u00f6n tavoitat p\u00e4ivystysnumerosta <a href=\"tel:+358400321298\">0400 321 298<\/a><\/strong><\/h3>\n\n\n\n<p><strong>Naantalin Seudun Meripelastajat ry<\/strong><br>C\/O Heikki Lindgren<br>V\u00e4in\u00f6l\u00e4ntie 6B 11<br>21100 NAANTALI<\/p>\n\n\n\n<p><strong>Yhdistysrekisterinumero<\/strong> 90.322<br><strong>Y-tunnus<\/strong> 1731138-2<\/p>\n\n\n\n<p><strong>Pankki:<\/strong><br>Rym\u00e4ttyl\u00e4n Osuuspankki FI15 5405 0820 0510 92<\/p>\n\n\n\n<p><strong>Laskut:<br><\/strong>Vastaanotamme laskuja ensisijaisesti verkkolaskuna 003717311382.<br>S\u00e4hk\u00f6postitse toimitetut laskut tulee olla PDF-tiedostona ja l\u00e4hett\u00e4\u00e4 osoitteeseen <a href=\"mailto:fennoa.508902@erin.posti.com\">fennoa.508902@erin.posti.com<\/a><\/p>\n\n\n\n<p><strong>Kerhotilat:<\/strong><br><a href=\"https:\/\/www.google.fi\/maps\/search\/Uusimaja+Presidentinkatu+8+21100+Naantali+\/@60.4687769,22.0314816,146m\/data=!3m1!1e3\" target=\"_blank\" rel=\"noreferrer noopener\">Presidentinkatu 8, 21100 Naantali<\/a><\/p>\n\n\n\n<p>Yhdistyksen toimihenkil\u00f6t n\u00e4et seuraavasta luettelosta.<br>S\u00e4hk\u00f6postiosoitteiden (\u00e4t) korvataan @-merkill\u00e4<\/p>\n\n\n\n<p><strong>Puheenjohtaja, viestint\u00e4<\/strong><br>Heikki Lindgren<br><a href=\"tel:0442648876\">044 264 8876<\/a><br>lindgren.ht(\u00e4t)gmail.com<\/p>\n\n\n\n<p><strong>Varapuheenjohtaja<\/strong><br>Arkko Ahtiainen<br><a href=\"https:\/\/meripelastus.fi\/naantali\/yhteystiedot\/yhteystiedot\/\">0400 199 972<\/a><br>arkko.a(\u00e4t)gmail.com<\/p>\n\n\n\n<p><strong>P\u00e4ivystys<\/strong><br>P\/V L\u00e4hitapiola V-S<br><a href=\"tel:0400321298\">0400 321 298<\/a><br>peevee416(\u00e4t)gmail.com<\/p>\n\n\n\n<p><strong>Sihteeri<\/strong><br>Pasi Suonp\u00e4\u00e4<br><a href=\"tel:050 565 7574\">050 565 7574<\/a><br>suonpaa.pasi(\u00e4t)gmail.com<\/p>\n\n\n\n<p><strong>Rahastonhoitaja<\/strong><br>Harri Lehmusto<br><a href=\"tel:0400 522 317\">0400 522 317<br><\/a>nsmp.laskut(\u00e4t)gmail.com<\/p>\n\n\n\n<p><strong>Alusvastaavat L\u00e4hitapiola V-S<\/strong><br>Jari Leino<br><a href=\"tel:040 935 0230\">040 935 0230<\/a><br>sar.naantali(\u00e4t)gmail.com<\/p>\n\n\n\n<p>Pertti K\u00e4hk\u00f6nen<br><a href=\"tel:040 738 3209\">040 738 3209<\/a><br>sar.naantali(\u00e4t)gmail.com<\/p>\n\n\n\n<p><strong>Alusvastaavat Reka<\/strong><br>Immo Oksanen<br><a href=\"tel:044 2686157\">044 2686157<\/a><br>sar.naantali(\u00e4t)gmail.com<\/p>\n\n\n\n<p>Matti Lindgren<br><a href=\"tel:040 591 6622\">040 591 6622<\/a><br>sar.naantali@gmail.com<\/p>\n\n\n\n<p><strong>Koulutusvastaava<\/strong><br>Sami Tuomialho<br>sar.naantali(\u00e4t)gmail.com<\/p>\n\n\n\n<p><strong>Saari-is\u00e4nt\u00e4<\/strong><br>Immo Oksanen<br><a href=\"tel:044 2686157\">044 2686157<\/a><br>sar.naantali(\u00e4t)gmail.com<\/p>\n\n\n\n<p><strong>Webmaster \/ Ensiapuvarustevastaava<\/strong><br>Teemu Korhonen<br>webmaster.naantali(\u00e4t)messi.meripelastus.fi<\/p>\n\n\n\n<p><\/p>\n","protected":false},"excerpt":{"rendered":"<p>P\u00e4ivyst\u00e4v\u00e4n p\u00e4\u00e4llik\u00f6n tavoitat p\u00e4ivystysnumerosta 0400 321 298 Naantalin Seudun Meripelastajat ryC\/O Heikki LindgrenV\u00e4in\u00f6l\u00e4ntie 6B 1121100 NAANTALI Yhdistysrekisterinumero 90.322Y-tunnus 1731138-2 Pankki:Rym\u00e4ttyl\u00e4n Osuuspankki FI15 5405 0820 0510 92 Laskut:Vastaanotamme laskuja ensisijaisesti verkkolaskuna 003717311382.S\u00e4hk\u00f6postitse toimitetut laskut tulee olla PDF-tiedostona ja l\u00e4hett\u00e4\u00e4 osoitteeseen fennoa.508902@erin.posti.com Kerhotilat:Presidentinkatu 8, 21100 Naantali Yhdistyksen toimihenkil\u00f6t n\u00e4et seuraavasta luettelosta.S\u00e4hk\u00f6postiosoitteiden (\u00e4t) korvataan @-merkill\u00e4 Puheenjohtaja, viestint\u00e4Heikki Lindgren044 [&hellip;]<\/p>\n","protected":false},"author":86,"featured_media":553,"parent":51,"menu_order":0,"comment_status":"closed","ping_status":"closed","template":"","meta":{"_acf_changed":false,"inline_featured_image":false,"footnotes":""},"class_list":["post-266","page","type-page","status-publish","has-post-thumbnail","hentry"],"acf":[],"yoast_head":"<!-- This site is optimized with the Yoast SEO Premium plugin v27.2 (Yoast SEO v27.2) - https:\/\/yoast.com\/product\/yoast-seo-premium-wordpress\/ -->\n<title>Yhteystiedot - Naantalin Seudun Meripelastajat<\/title>\n<meta name=\"robots\" content=\"index, follow, max-snippet:-1, max-image-preview:large, max-video-preview:-1\" \/>\n<link rel=\"canonical\" href=\"https:\/\/meripelastus.fi\/naantali\/yhteystiedot\/yhteystiedot\/\" \/>\n<meta property=\"og:locale\" content=\"fi_FI\" \/>\n<meta property=\"og:type\" content=\"article\" \/>\n<meta property=\"og:title\" content=\"Yhteystiedot\" \/>\n<meta property=\"og:description\" content=\"P\u00e4ivyst\u00e4v\u00e4n p\u00e4\u00e4llik\u00f6n tavoitat p\u00e4ivystysnumerosta 0400 321 298 Naantalin Seudun Meripelastajat ryC\/O Heikki LindgrenV\u00e4in\u00f6l\u00e4ntie 6B 1121100 NAANTALI Yhdistysrekisterinumero 90.322Y-tunnus 1731138-2 Pankki:Rym\u00e4ttyl\u00e4n Osuuspankki FI15 5405 0820 0510 92 Laskut:Vastaanotamme laskuja ensisijaisesti verkkolaskuna 003717311382.S\u00e4hk\u00f6postitse toimitetut laskut tulee olla PDF-tiedostona ja l\u00e4hett\u00e4\u00e4 osoitteeseen fennoa.508902@erin.posti.com Kerhotilat:Presidentinkatu 8, 21100 Naantali Yhdistyksen toimihenkil\u00f6t n\u00e4et seuraavasta luettelosta.S\u00e4hk\u00f6postiosoitteiden (\u00e4t) korvataan @-merkill\u00e4 Puheenjohtaja, viestint\u00e4Heikki Lindgren044 [&hellip;]\" \/>\n<meta property=\"og:url\" content=\"https:\/\/meripelastus.fi\/naantali\/yhteystiedot\/yhteystiedot\/\" \/>\n<meta property=\"og:site_name\" content=\"Naantalin Seudun Meripelastajat\" \/>\n<meta property=\"article:modified_time\" content=\"2026-01-22T23:23:37+00:00\" \/>\n<meta property=\"og:image\" content=\"https:\/\/meripelastus.fi\/naantali\/wp-content\/uploads\/sites\/9\/2022\/05\/MG_2109.jpg\" \/>\n\t<meta property=\"og:image:width\" content=\"2048\" \/>\n\t<meta property=\"og:image:height\" content=\"1365\" \/>\n\t<meta property=\"og:image:type\" content=\"image\/jpeg\" \/>\n<meta name=\"twitter:card\" content=\"summary_large_image\" \/>\n<meta name=\"twitter:label1\" content=\"Arvioitu lukuaika\" \/>\n\t<meta name=\"twitter:data1\" content=\"2 minuuttia\" \/>\n<script type=\"application\/ld+json\" class=\"yoast-schema-graph\">{\"@context\":\"https:\/\/schema.org\",\"@graph\":[{\"@type\":\"WebPage\",\"@id\":\"https:\/\/meripelastus.fi\/naantali\/yhteystiedot\/yhteystiedot\/\",\"url\":\"https:\/\/meripelastus.fi\/naantali\/yhteystiedot\/yhteystiedot\/\",\"name\":\"Yhteystiedot - Naantalin Seudun Meripelastajat\",\"isPartOf\":{\"@id\":\"https:\/\/meripelastus.fi\/naantali\/#website\"},\"primaryImageOfPage\":{\"@id\":\"https:\/\/meripelastus.fi\/naantali\/yhteystiedot\/yhteystiedot\/#primaryimage\"},\"image\":{\"@id\":\"https:\/\/meripelastus.fi\/naantali\/yhteystiedot\/yhteystiedot\/#primaryimage\"},\"thumbnailUrl\":\"https:\/\/meripelastus.fi\/naantali\/wp-content\/uploads\/sites\/9\/2022\/05\/MG_2109.jpg\",\"datePublished\":\"2021-04-08T20:06:22+00:00\",\"dateModified\":\"2026-01-22T23:23:37+00:00\",\"breadcrumb\":{\"@id\":\"https:\/\/meripelastus.fi\/naantali\/yhteystiedot\/yhteystiedot\/#breadcrumb\"},\"inLanguage\":\"fi\",\"potentialAction\":[{\"@type\":\"ReadAction\",\"target\":[\"https:\/\/meripelastus.fi\/naantali\/yhteystiedot\/yhteystiedot\/\"]}]},{\"@type\":\"ImageObject\",\"inLanguage\":\"fi\",\"@id\":\"https:\/\/meripelastus.fi\/naantali\/yhteystiedot\/yhteystiedot\/#primaryimage\",\"url\":\"https:\/\/meripelastus.fi\/naantali\/wp-content\/uploads\/sites\/9\/2022\/05\/MG_2109.jpg\",\"contentUrl\":\"https:\/\/meripelastus.fi\/naantali\/wp-content\/uploads\/sites\/9\/2022\/05\/MG_2109.jpg\",\"width\":2048,\"height\":1365},{\"@type\":\"BreadcrumbList\",\"@id\":\"https:\/\/meripelastus.fi\/naantali\/yhteystiedot\/yhteystiedot\/#breadcrumb\",\"itemListElement\":[{\"@type\":\"ListItem\",\"position\":1,\"name\":\"Etusivu\",\"item\":\"https:\/\/meripelastus.fi\/naantali\/\"},{\"@type\":\"ListItem\",\"position\":2,\"name\":\"Yhteystiedot\",\"item\":\"https:\/\/meripelastus.fi\/naantali\/yhteystiedot\/\"},{\"@type\":\"ListItem\",\"position\":3,\"name\":\"Yhteystiedot\"}]},{\"@type\":\"WebSite\",\"@id\":\"https:\/\/meripelastus.fi\/naantali\/#website\",\"url\":\"https:\/\/meripelastus.fi\/naantali\/\",\"name\":\"Naantalin Seudun Meripelastajat\",\"description\":\"Uusi SMPS Yhdistykset -sivusto\",\"potentialAction\":[{\"@type\":\"SearchAction\",\"target\":{\"@type\":\"EntryPoint\",\"urlTemplate\":\"https:\/\/meripelastus.fi\/naantali\/?s={search_term_string}\"},\"query-input\":{\"@type\":\"PropertyValueSpecification\",\"valueRequired\":true,\"valueName\":\"search_term_string\"}}],\"inLanguage\":\"fi\"}]}<\/script>\n<!-- \/ Yoast SEO Premium plugin. -->","yoast_head_json":{"title":"Yhteystiedot - Naantalin Seudun Meripelastajat","robots":{"index":"index","follow":"follow","max-snippet":"max-snippet:-1","max-image-preview":"max-image-preview:large","max-video-preview":"max-video-preview:-1"},"canonical":"https:\/\/meripelastus.fi\/naantali\/yhteystiedot\/yhteystiedot\/","og_locale":"fi_FI","og_type":"article","og_title":"Yhteystiedot","og_description":"P\u00e4ivyst\u00e4v\u00e4n p\u00e4\u00e4llik\u00f6n tavoitat p\u00e4ivystysnumerosta 0400 321 298 Naantalin Seudun Meripelastajat ryC\/O Heikki LindgrenV\u00e4in\u00f6l\u00e4ntie 6B 1121100 NAANTALI Yhdistysrekisterinumero 90.322Y-tunnus 1731138-2 Pankki:Rym\u00e4ttyl\u00e4n Osuuspankki FI15 5405 0820 0510 92 Laskut:Vastaanotamme laskuja ensisijaisesti verkkolaskuna 003717311382.S\u00e4hk\u00f6postitse toimitetut laskut tulee olla PDF-tiedostona ja l\u00e4hett\u00e4\u00e4 osoitteeseen fennoa.508902@erin.posti.com Kerhotilat:Presidentinkatu 8, 21100 Naantali Yhdistyksen toimihenkil\u00f6t n\u00e4et seuraavasta luettelosta.S\u00e4hk\u00f6postiosoitteiden (\u00e4t) korvataan @-merkill\u00e4 Puheenjohtaja, viestint\u00e4Heikki Lindgren044 [&hellip;]","og_url":"https:\/\/meripelastus.fi\/naantali\/yhteystiedot\/yhteystiedot\/","og_site_name":"Naantalin Seudun Meripelastajat","article_modified_time":"2026-01-22T23:23:37+00:00","og_image":[{"width":2048,"height":1365,"url":"https:\/\/meripelastus.fi\/naantali\/wp-content\/uploads\/sites\/9\/2022\/05\/MG_2109.jpg","type":"image\/jpeg"}],"twitter_card":"summary_large_image","twitter_misc":{"Arvioitu lukuaika":"2 minuuttia"},"schema":{"@context":"https:\/\/schema.org","@graph":[{"@type":"WebPage","@id":"https:\/\/meripelastus.fi\/naantali\/yhteystiedot\/yhteystiedot\/","url":"https:\/\/meripelastus.fi\/naantali\/yhteystiedot\/yhteystiedot\/","name":"Yhteystiedot - Naantalin Seudun Meripelastajat","isPartOf":{"@id":"https:\/\/meripelastus.fi\/naantali\/#website"},"primaryImageOfPage":{"@id":"https:\/\/meripelastus.fi\/naantali\/yhteystiedot\/yhteystiedot\/#primaryimage"},"image":{"@id":"https:\/\/meripelastus.fi\/naantali\/yhteystiedot\/yhteystiedot\/#primaryimage"},"thumbnailUrl":"https:\/\/meripelastus.fi\/naantali\/wp-content\/uploads\/sites\/9\/2022\/05\/MG_2109.jpg","datePublished":"2021-04-08T20:06:22+00:00","dateModified":"2026-01-22T23:23:37+00:00","breadcrumb":{"@id":"https:\/\/meripelastus.fi\/naantali\/yhteystiedot\/yhteystiedot\/#breadcrumb"},"inLanguage":"fi","potentialAction":[{"@type":"ReadAction","target":["https:\/\/meripelastus.fi\/naantali\/yhteystiedot\/yhteystiedot\/"]}]},{"@type":"ImageObject","inLanguage":"fi","@id":"https:\/\/meripelastus.fi\/naantali\/yhteystiedot\/yhteystiedot\/#primaryimage","url":"https:\/\/meripelastus.fi\/naantali\/wp-content\/uploads\/sites\/9\/2022\/05\/MG_2109.jpg","contentUrl":"https:\/\/meripelastus.fi\/naantali\/wp-content\/uploads\/sites\/9\/2022\/05\/MG_2109.jpg","width":2048,"height":1365},{"@type":"BreadcrumbList","@id":"https:\/\/meripelastus.fi\/naantali\/yhteystiedot\/yhteystiedot\/#breadcrumb","itemListElement":[{"@type":"ListItem","position":1,"name":"Etusivu","item":"https:\/\/meripelastus.fi\/naantali\/"},{"@type":"ListItem","position":2,"name":"Yhteystiedot","item":"https:\/\/meripelastus.fi\/naantali\/yhteystiedot\/"},{"@type":"ListItem","position":3,"name":"Yhteystiedot"}]},{"@type":"WebSite","@id":"https:\/\/meripelastus.fi\/naantali\/#website","url":"https:\/\/meripelastus.fi\/naantali\/","name":"Naantalin Seudun Meripelastajat","description":"Uusi SMPS Yhdistykset -sivusto","potentialAction":[{"@type":"SearchAction","target":{"@type":"EntryPoint","urlTemplate":"https:\/\/meripelastus.fi\/naantali\/?s={search_term_string}"},"query-input":{"@type":"PropertyValueSpecification","valueRequired":true,"valueName":"search_term_string"}}],"inLanguage":"fi"}]}},"_links":{"self":[{"href":"https:\/\/meripelastus.fi\/naantali\/wp-json\/wp\/v2\/pages\/266","targetHints":{"allow":["GET"]}}],"collection":[{"href":"https:\/\/meripelastus.fi\/naantali\/wp-json\/wp\/v2\/pages"}],"about":[{"href":"https:\/\/meripelastus.fi\/naantali\/wp-json\/wp\/v2\/types\/page"}],"author":[{"embeddable":true,"href":"https:\/\/meripelastus.fi\/naantali\/wp-json\/wp\/v2\/users\/86"}],"replies":[{"embeddable":true,"href":"https:\/\/meripelastus.fi\/naantali\/wp-json\/wp\/v2\/comments?post=266"}],"version-history":[{"count":67,"href":"https:\/\/meripelastus.fi\/naantali\/wp-json\/wp\/v2\/pages\/266\/revisions"}],"predecessor-version":[{"id":1040,"href":"https:\/\/meripelastus.fi\/naantali\/wp-json\/wp\/v2\/pages\/266\/revisions\/1040"}],"up":[{"embeddable":true,"href":"https:\/\/meripelastus.fi\/naantali\/wp-json\/wp\/v2\/pages\/51"}],"wp:featuredmedia":[{"embeddable":true,"href":"https:\/\/meripelastus.fi\/naantali\/wp-json\/wp\/v2\/media\/553"}],"wp:attachment":[{"href":"https:\/\/meripelastus.fi\/naantali\/wp-json\/wp\/v2\/media?parent=266"}],"curies":[{"name":"wp","href":"https:\/\/api.w.org\/{rel}","templated":true}]}}