{"id":22,"date":"2018-03-19T09:18:43","date_gmt":"2018-03-19T07:18:43","guid":{"rendered":"http:\/\/basetemplate.smpsyhdistykset.16.testivedos.com\/?page_id=22"},"modified":"2022-05-31T10:11:01","modified_gmt":"2022-05-31T07:11:01","slug":"halytysohje","status":"publish","type":"page","link":"https:\/\/meripelastus.fi\/naantali\/toiminta\/halytysohje\/","title":{"rendered":"H\u00e4lytysohje"},"content":{"rendered":"<p>Merell\u00e4 meripelastuksen h\u00e4lytysnumero on <strong><a href=\"tel:+294100\">0294 1000<\/a><\/strong><br \/>\nTai VHF-kanava <strong>16 \/ VHF-DSC 70<br \/>\n<\/strong>Sis\u00e4vesill\u00e4 yleinen h\u00e4lytysnumero on<a href=\"tel:112\"><strong> 112<\/strong><\/a><\/p>\n<ol>\n<li>Kerro (aluksesi) nimi ja yhteystiedot<\/li>\n<li>Kerro tarkka tapahtumapaikka<\/li>\n<li>Kerro mit\u00e4 on tapahtunut<\/li>\n<li>Montako ihmist\u00e4 on vaarassa, onko loukkaantuneita?<\/li>\n<li>Kerro mit\u00e4 apua tarvitaan<\/li>\n<li>\u00c4l\u00e4 katkaise yhteytt\u00e4 ennen kuin saat luvan<\/li>\n<\/ol>\n<div class=\"module\">\n<div class=\"title\">\n<h2>Alarmanvisning<\/h2>\n<\/div>\n<p>Sj\u00f6r\u00e4ddningens alarmnummer<span>\u00a0<\/span><a href=\"tel:0294 1000\"><b>0294 1000<\/b><\/a><br \/>\nEller VHF-kanal<span>\u00a0<\/span><b>16 \/ VHF-DSC 70<\/b><br \/>\nAllm\u00e4nt n\u00f6dnummer<span>\u00a0<\/span><a href=\"tel:112\"><b>112<\/b><\/a><\/p>\n<ol>\n<li>Ber\u00e4tta (fartygets) namn och kontaktuppgifter<\/li>\n<li>Ber\u00e4tta exakt var olyckan skett<\/li>\n<li>Ber\u00e4tta vad som har h\u00e4nt<\/li>\n<li>Hur m\u00e5nga m\u00e4nniskor \u00e4r i fara, finns det skadade?<\/li>\n<li>Ber\u00e4tta hurudan hj\u00e4lp det beh\u00f6vs<\/li>\n<li>Avbryt inte kontakten f\u00f6rr\u00e4n du f\u00e5tt lov<\/li>\n<\/ol>\n<\/div>\n<div class=\"module\">\n<div class=\"title\">\n<h2>Emergency instructions<\/h2>\n<\/div>\n<p>Distress calls to the Maritime Rescue Centre via VHF ch<span>\u00a0<\/span><b>16 \/ VHF-DSC 70<\/b><br \/>\nor by telephone<span>\u00a0<\/span><a href=\"tel:+358-294 1000\"><b>+358-294 1000<\/b><\/a><span>\u00a0<\/span>(international)<span>\u00a0<\/span><a href=\"tel:0294 1000\"><b>0294 1000<\/b><\/a><span>\u00a0<\/span>(national)<\/p>\n<ol>\n<li>Tell your (ships) name and contact information<\/li>\n<li>Tell your position<\/li>\n<li>Tell what has happened<\/li>\n<li>How many people are in danger, how many are injured ?<\/li>\n<li>Tell what kind of help is needed<\/li>\n<li>Do not hang up before you get premission to do so<\/li>\n<\/ol>\n<\/div>\n<div id=\"fskey-tooltip\" class=\"fskey-tooltip\"><\/div>\n<div id=\"fskey-tooltip\" class=\"fskey-tooltip\"><\/div>\n","protected":false},"excerpt":{"rendered":"<p>Merell\u00e4 meripelastuksen h\u00e4lytysnumero on 0294 1000 Tai VHF-kanava 16 \/ VHF-DSC 70 Sis\u00e4vesill\u00e4 yleinen h\u00e4lytysnumero on 112 Kerro (aluksesi) nimi ja yhteystiedot Kerro tarkka tapahtumapaikka Kerro mit\u00e4 on tapahtunut Montako ihmist\u00e4 on vaarassa, onko loukkaantuneita? Kerro mit\u00e4 apua tarvitaan \u00c4l\u00e4 katkaise yhteytt\u00e4 ennen kuin saat luvan Alarmanvisning Sj\u00f6r\u00e4ddningens alarmnummer\u00a00294 1000 Eller VHF-kanal\u00a016 \/ VHF-DSC 70 [&hellip;]<\/p>\n","protected":false},"author":1,"featured_media":569,"parent":20,"menu_order":0,"comment_status":"closed","ping_status":"closed","template":"","meta":{"_acf_changed":false,"inline_featured_image":false,"footnotes":""},"class_list":["post-22","page","type-page","status-publish","has-post-thumbnail","hentry"],"acf":[],"yoast_head":"<!-- This site is optimized with the Yoast SEO Premium plugin v27.2 (Yoast SEO v27.2) - https:\/\/yoast.com\/product\/yoast-seo-premium-wordpress\/ -->\n<title>H\u00e4lytysohje - Naantalin Seudun Meripelastajat<\/title>\n<meta name=\"robots\" content=\"index, follow, max-snippet:-1, max-image-preview:large, max-video-preview:-1\" \/>\n<link rel=\"canonical\" href=\"https:\/\/meripelastus.fi\/naantali\/toiminta\/halytysohje\/\" \/>\n<meta property=\"og:locale\" content=\"fi_FI\" \/>\n<meta property=\"og:type\" content=\"article\" \/>\n<meta property=\"og:title\" content=\"H\u00e4lytysohje\" \/>\n<meta property=\"og:description\" content=\"Merell\u00e4 meripelastuksen h\u00e4lytysnumero on 0294 1000 Tai VHF-kanava 16 \/ VHF-DSC 70 Sis\u00e4vesill\u00e4 yleinen h\u00e4lytysnumero on 112 Kerro (aluksesi) nimi ja yhteystiedot Kerro tarkka tapahtumapaikka Kerro mit\u00e4 on tapahtunut Montako ihmist\u00e4 on vaarassa, onko loukkaantuneita? Kerro mit\u00e4 apua tarvitaan \u00c4l\u00e4 katkaise yhteytt\u00e4 ennen kuin saat luvan Alarmanvisning Sj\u00f6r\u00e4ddningens alarmnummer\u00a00294 1000 Eller VHF-kanal\u00a016 \/ VHF-DSC 70 [&hellip;]\" \/>\n<meta property=\"og:url\" content=\"https:\/\/meripelastus.fi\/naantali\/toiminta\/halytysohje\/\" \/>\n<meta property=\"og:site_name\" content=\"Naantalin Seudun Meripelastajat\" \/>\n<meta property=\"article:modified_time\" content=\"2022-05-31T07:11:01+00:00\" \/>\n<meta property=\"og:image\" content=\"https:\/\/meripelastus.fi\/naantali\/wp-content\/uploads\/sites\/9\/2022\/05\/MG_2305.jpg\" \/>\n\t<meta property=\"og:image:width\" content=\"2048\" \/>\n\t<meta property=\"og:image:height\" content=\"1365\" \/>\n\t<meta property=\"og:image:type\" content=\"image\/jpeg\" \/>\n<meta name=\"twitter:card\" content=\"summary_large_image\" \/>\n<meta name=\"twitter:label1\" content=\"Arvioitu lukuaika\" \/>\n\t<meta name=\"twitter:data1\" content=\"2 minuuttia\" \/>\n<script type=\"application\/ld+json\" class=\"yoast-schema-graph\">{\"@context\":\"https:\/\/schema.org\",\"@graph\":[{\"@type\":\"WebPage\",\"@id\":\"https:\/\/meripelastus.fi\/naantali\/toiminta\/halytysohje\/\",\"url\":\"https:\/\/meripelastus.fi\/naantali\/toiminta\/halytysohje\/\",\"name\":\"H\u00e4lytysohje - Naantalin Seudun Meripelastajat\",\"isPartOf\":{\"@id\":\"https:\/\/meripelastus.fi\/naantali\/#website\"},\"primaryImageOfPage\":{\"@id\":\"https:\/\/meripelastus.fi\/naantali\/toiminta\/halytysohje\/#primaryimage\"},\"image\":{\"@id\":\"https:\/\/meripelastus.fi\/naantali\/toiminta\/halytysohje\/#primaryimage\"},\"thumbnailUrl\":\"https:\/\/meripelastus.fi\/naantali\/wp-content\/uploads\/sites\/9\/2022\/05\/MG_2305.jpg\",\"datePublished\":\"2018-03-19T07:18:43+00:00\",\"dateModified\":\"2022-05-31T07:11:01+00:00\",\"breadcrumb\":{\"@id\":\"https:\/\/meripelastus.fi\/naantali\/toiminta\/halytysohje\/#breadcrumb\"},\"inLanguage\":\"fi\",\"potentialAction\":[{\"@type\":\"ReadAction\",\"target\":[\"https:\/\/meripelastus.fi\/naantali\/toiminta\/halytysohje\/\"]}]},{\"@type\":\"ImageObject\",\"inLanguage\":\"fi\",\"@id\":\"https:\/\/meripelastus.fi\/naantali\/toiminta\/halytysohje\/#primaryimage\",\"url\":\"https:\/\/meripelastus.fi\/naantali\/wp-content\/uploads\/sites\/9\/2022\/05\/MG_2305.jpg\",\"contentUrl\":\"https:\/\/meripelastus.fi\/naantali\/wp-content\/uploads\/sites\/9\/2022\/05\/MG_2305.jpg\",\"width\":2048,\"height\":1365},{\"@type\":\"BreadcrumbList\",\"@id\":\"https:\/\/meripelastus.fi\/naantali\/toiminta\/halytysohje\/#breadcrumb\",\"itemListElement\":[{\"@type\":\"ListItem\",\"position\":1,\"name\":\"Etusivu\",\"item\":\"https:\/\/meripelastus.fi\/naantali\/\"},{\"@type\":\"ListItem\",\"position\":2,\"name\":\"Toiminta\",\"item\":\"https:\/\/meripelastus.fi\/naantali\/toiminta\/\"},{\"@type\":\"ListItem\",\"position\":3,\"name\":\"H\u00e4lytysohje\"}]},{\"@type\":\"WebSite\",\"@id\":\"https:\/\/meripelastus.fi\/naantali\/#website\",\"url\":\"https:\/\/meripelastus.fi\/naantali\/\",\"name\":\"Naantalin Seudun Meripelastajat\",\"description\":\"Uusi SMPS Yhdistykset -sivusto\",\"potentialAction\":[{\"@type\":\"SearchAction\",\"target\":{\"@type\":\"EntryPoint\",\"urlTemplate\":\"https:\/\/meripelastus.fi\/naantali\/?s={search_term_string}\"},\"query-input\":{\"@type\":\"PropertyValueSpecification\",\"valueRequired\":true,\"valueName\":\"search_term_string\"}}],\"inLanguage\":\"fi\"}]}<\/script>\n<!-- \/ Yoast SEO Premium plugin. -->","yoast_head_json":{"title":"H\u00e4lytysohje - Naantalin Seudun Meripelastajat","robots":{"index":"index","follow":"follow","max-snippet":"max-snippet:-1","max-image-preview":"max-image-preview:large","max-video-preview":"max-video-preview:-1"},"canonical":"https:\/\/meripelastus.fi\/naantali\/toiminta\/halytysohje\/","og_locale":"fi_FI","og_type":"article","og_title":"H\u00e4lytysohje","og_description":"Merell\u00e4 meripelastuksen h\u00e4lytysnumero on 0294 1000 Tai VHF-kanava 16 \/ VHF-DSC 70 Sis\u00e4vesill\u00e4 yleinen h\u00e4lytysnumero on 112 Kerro (aluksesi) nimi ja yhteystiedot Kerro tarkka tapahtumapaikka Kerro mit\u00e4 on tapahtunut Montako ihmist\u00e4 on vaarassa, onko loukkaantuneita? Kerro mit\u00e4 apua tarvitaan \u00c4l\u00e4 katkaise yhteytt\u00e4 ennen kuin saat luvan Alarmanvisning Sj\u00f6r\u00e4ddningens alarmnummer\u00a00294 1000 Eller VHF-kanal\u00a016 \/ VHF-DSC 70 [&hellip;]","og_url":"https:\/\/meripelastus.fi\/naantali\/toiminta\/halytysohje\/","og_site_name":"Naantalin Seudun Meripelastajat","article_modified_time":"2022-05-31T07:11:01+00:00","og_image":[{"width":2048,"height":1365,"url":"https:\/\/meripelastus.fi\/naantali\/wp-content\/uploads\/sites\/9\/2022\/05\/MG_2305.jpg","type":"image\/jpeg"}],"twitter_card":"summary_large_image","twitter_misc":{"Arvioitu lukuaika":"2 minuuttia"},"schema":{"@context":"https:\/\/schema.org","@graph":[{"@type":"WebPage","@id":"https:\/\/meripelastus.fi\/naantali\/toiminta\/halytysohje\/","url":"https:\/\/meripelastus.fi\/naantali\/toiminta\/halytysohje\/","name":"H\u00e4lytysohje - Naantalin Seudun Meripelastajat","isPartOf":{"@id":"https:\/\/meripelastus.fi\/naantali\/#website"},"primaryImageOfPage":{"@id":"https:\/\/meripelastus.fi\/naantali\/toiminta\/halytysohje\/#primaryimage"},"image":{"@id":"https:\/\/meripelastus.fi\/naantali\/toiminta\/halytysohje\/#primaryimage"},"thumbnailUrl":"https:\/\/meripelastus.fi\/naantali\/wp-content\/uploads\/sites\/9\/2022\/05\/MG_2305.jpg","datePublished":"2018-03-19T07:18:43+00:00","dateModified":"2022-05-31T07:11:01+00:00","breadcrumb":{"@id":"https:\/\/meripelastus.fi\/naantali\/toiminta\/halytysohje\/#breadcrumb"},"inLanguage":"fi","potentialAction":[{"@type":"ReadAction","target":["https:\/\/meripelastus.fi\/naantali\/toiminta\/halytysohje\/"]}]},{"@type":"ImageObject","inLanguage":"fi","@id":"https:\/\/meripelastus.fi\/naantali\/toiminta\/halytysohje\/#primaryimage","url":"https:\/\/meripelastus.fi\/naantali\/wp-content\/uploads\/sites\/9\/2022\/05\/MG_2305.jpg","contentUrl":"https:\/\/meripelastus.fi\/naantali\/wp-content\/uploads\/sites\/9\/2022\/05\/MG_2305.jpg","width":2048,"height":1365},{"@type":"BreadcrumbList","@id":"https:\/\/meripelastus.fi\/naantali\/toiminta\/halytysohje\/#breadcrumb","itemListElement":[{"@type":"ListItem","position":1,"name":"Etusivu","item":"https:\/\/meripelastus.fi\/naantali\/"},{"@type":"ListItem","position":2,"name":"Toiminta","item":"https:\/\/meripelastus.fi\/naantali\/toiminta\/"},{"@type":"ListItem","position":3,"name":"H\u00e4lytysohje"}]},{"@type":"WebSite","@id":"https:\/\/meripelastus.fi\/naantali\/#website","url":"https:\/\/meripelastus.fi\/naantali\/","name":"Naantalin Seudun Meripelastajat","description":"Uusi SMPS Yhdistykset -sivusto","potentialAction":[{"@type":"SearchAction","target":{"@type":"EntryPoint","urlTemplate":"https:\/\/meripelastus.fi\/naantali\/?s={search_term_string}"},"query-input":{"@type":"PropertyValueSpecification","valueRequired":true,"valueName":"search_term_string"}}],"inLanguage":"fi"}]}},"_links":{"self":[{"href":"https:\/\/meripelastus.fi\/naantali\/wp-json\/wp\/v2\/pages\/22","targetHints":{"allow":["GET"]}}],"collection":[{"href":"https:\/\/meripelastus.fi\/naantali\/wp-json\/wp\/v2\/pages"}],"about":[{"href":"https:\/\/meripelastus.fi\/naantali\/wp-json\/wp\/v2\/types\/page"}],"author":[{"embeddable":true,"href":"https:\/\/meripelastus.fi\/naantali\/wp-json\/wp\/v2\/users\/1"}],"replies":[{"embeddable":true,"href":"https:\/\/meripelastus.fi\/naantali\/wp-json\/wp\/v2\/comments?post=22"}],"version-history":[{"count":13,"href":"https:\/\/meripelastus.fi\/naantali\/wp-json\/wp\/v2\/pages\/22\/revisions"}],"predecessor-version":[{"id":589,"href":"https:\/\/meripelastus.fi\/naantali\/wp-json\/wp\/v2\/pages\/22\/revisions\/589"}],"up":[{"embeddable":true,"href":"https:\/\/meripelastus.fi\/naantali\/wp-json\/wp\/v2\/pages\/20"}],"wp:featuredmedia":[{"embeddable":true,"href":"https:\/\/meripelastus.fi\/naantali\/wp-json\/wp\/v2\/media\/569"}],"wp:attachment":[{"href":"https:\/\/meripelastus.fi\/naantali\/wp-json\/wp\/v2\/media?parent=22"}],"curies":[{"name":"wp","href":"https:\/\/api.w.org\/{rel}","templated":true}]}}