{"id":184,"date":"2018-06-19T11:02:55","date_gmt":"2018-06-19T08:02:55","guid":{"rendered":"https:\/\/meripelastus.fi\/naantali-vedos\/?page_id=184"},"modified":"2025-01-08T23:09:29","modified_gmt":"2025-01-08T21:09:29","slug":"hallitus","status":"publish","type":"page","link":"https:\/\/meripelastus.fi\/naantali\/yhteystiedot\/hallitus\/","title":{"rendered":"Hallitus"},"content":{"rendered":"<p>Heikki Lindgren, puheenjohtaja<\/p>\n<p>Arkko Ahtiainen, varapuheenjohtaja<\/p>\n<p>Pasi Suonp\u00e4\u00e4, sihteeri<\/p>\n<p>Harri Lehmusto, rahastonhoitaja<\/p>\n<p>Kalle Hartikainen<\/p>\n<p>Jari Leino<\/p>\n<p>Pertti K\u00e4hk\u00f6nen<\/p>\n<p>Immo Oksanen<\/p>\n<p>Sami Tuomialho<\/p>\n<p>Vesa H\u00e4llfors<\/p>\n<div id=\"fskey-tooltip\" class=\"fskey-tooltip\"><\/div>\n<div id=\"fskey-tooltip\" class=\"fskey-tooltip\"><\/div>\n","protected":false},"excerpt":{"rendered":"<p>Heikki Lindgren, puheenjohtaja Arkko Ahtiainen, varapuheenjohtaja Pasi Suonp\u00e4\u00e4, sihteeri Harri Lehmusto, rahastonhoitaja Kalle Hartikainen Jari Leino Pertti K\u00e4hk\u00f6nen Immo Oksanen Sami Tuomialho Vesa H\u00e4llfors<\/p>\n","protected":false},"author":1,"featured_media":553,"parent":51,"menu_order":0,"comment_status":"closed","ping_status":"closed","template":"","meta":{"_acf_changed":false,"inline_featured_image":false,"footnotes":""},"class_list":["post-184","page","type-page","status-publish","has-post-thumbnail","hentry"],"acf":[],"yoast_head":"<!-- This site is optimized with the Yoast SEO Premium plugin v27.2 (Yoast SEO v27.2) - https:\/\/yoast.com\/product\/yoast-seo-premium-wordpress\/ -->\n<title>Hallitus - Naantalin Seudun Meripelastajat<\/title>\n<meta name=\"robots\" content=\"index, follow, max-snippet:-1, max-image-preview:large, max-video-preview:-1\" \/>\n<link rel=\"canonical\" href=\"https:\/\/meripelastus.fi\/naantali\/yhteystiedot\/hallitus\/\" \/>\n<meta property=\"og:locale\" content=\"fi_FI\" \/>\n<meta property=\"og:type\" content=\"article\" \/>\n<meta property=\"og:title\" content=\"Hallitus\" \/>\n<meta property=\"og:description\" content=\"Heikki Lindgren, puheenjohtaja Arkko Ahtiainen, varapuheenjohtaja Pasi Suonp\u00e4\u00e4, sihteeri Harri Lehmusto, rahastonhoitaja Kalle Hartikainen Jari Leino Pertti K\u00e4hk\u00f6nen Immo Oksanen Sami Tuomialho Vesa H\u00e4llfors\" \/>\n<meta property=\"og:url\" content=\"https:\/\/meripelastus.fi\/naantali\/yhteystiedot\/hallitus\/\" \/>\n<meta property=\"og:site_name\" content=\"Naantalin Seudun Meripelastajat\" \/>\n<meta property=\"article:modified_time\" content=\"2025-01-08T21:09:29+00:00\" \/>\n<meta property=\"og:image\" content=\"https:\/\/meripelastus.fi\/naantali\/wp-content\/uploads\/sites\/9\/2022\/05\/MG_2109.jpg\" \/>\n\t<meta property=\"og:image:width\" content=\"2048\" \/>\n\t<meta property=\"og:image:height\" content=\"1365\" \/>\n\t<meta property=\"og:image:type\" content=\"image\/jpeg\" \/>\n<meta name=\"twitter:card\" content=\"summary_large_image\" \/>\n<meta name=\"twitter:label1\" content=\"Arvioitu lukuaika\" \/>\n\t<meta name=\"twitter:data1\" content=\"1 minuutti\" \/>\n<script type=\"application\/ld+json\" class=\"yoast-schema-graph\">{\"@context\":\"https:\/\/schema.org\",\"@graph\":[{\"@type\":\"WebPage\",\"@id\":\"https:\/\/meripelastus.fi\/naantali\/yhteystiedot\/hallitus\/\",\"url\":\"https:\/\/meripelastus.fi\/naantali\/yhteystiedot\/hallitus\/\",\"name\":\"Hallitus - Naantalin Seudun Meripelastajat\",\"isPartOf\":{\"@id\":\"https:\/\/meripelastus.fi\/naantali\/#website\"},\"primaryImageOfPage\":{\"@id\":\"https:\/\/meripelastus.fi\/naantali\/yhteystiedot\/hallitus\/#primaryimage\"},\"image\":{\"@id\":\"https:\/\/meripelastus.fi\/naantali\/yhteystiedot\/hallitus\/#primaryimage\"},\"thumbnailUrl\":\"https:\/\/meripelastus.fi\/naantali\/wp-content\/uploads\/sites\/9\/2022\/05\/MG_2109.jpg\",\"datePublished\":\"2018-06-19T08:02:55+00:00\",\"dateModified\":\"2025-01-08T21:09:29+00:00\",\"breadcrumb\":{\"@id\":\"https:\/\/meripelastus.fi\/naantali\/yhteystiedot\/hallitus\/#breadcrumb\"},\"inLanguage\":\"fi\",\"potentialAction\":[{\"@type\":\"ReadAction\",\"target\":[\"https:\/\/meripelastus.fi\/naantali\/yhteystiedot\/hallitus\/\"]}]},{\"@type\":\"ImageObject\",\"inLanguage\":\"fi\",\"@id\":\"https:\/\/meripelastus.fi\/naantali\/yhteystiedot\/hallitus\/#primaryimage\",\"url\":\"https:\/\/meripelastus.fi\/naantali\/wp-content\/uploads\/sites\/9\/2022\/05\/MG_2109.jpg\",\"contentUrl\":\"https:\/\/meripelastus.fi\/naantali\/wp-content\/uploads\/sites\/9\/2022\/05\/MG_2109.jpg\",\"width\":2048,\"height\":1365},{\"@type\":\"BreadcrumbList\",\"@id\":\"https:\/\/meripelastus.fi\/naantali\/yhteystiedot\/hallitus\/#breadcrumb\",\"itemListElement\":[{\"@type\":\"ListItem\",\"position\":1,\"name\":\"Etusivu\",\"item\":\"https:\/\/meripelastus.fi\/naantali\/\"},{\"@type\":\"ListItem\",\"position\":2,\"name\":\"Yhteystiedot\",\"item\":\"https:\/\/meripelastus.fi\/naantali\/yhteystiedot\/\"},{\"@type\":\"ListItem\",\"position\":3,\"name\":\"Hallitus\"}]},{\"@type\":\"WebSite\",\"@id\":\"https:\/\/meripelastus.fi\/naantali\/#website\",\"url\":\"https:\/\/meripelastus.fi\/naantali\/\",\"name\":\"Naantalin Seudun Meripelastajat\",\"description\":\"Uusi SMPS Yhdistykset -sivusto\",\"potentialAction\":[{\"@type\":\"SearchAction\",\"target\":{\"@type\":\"EntryPoint\",\"urlTemplate\":\"https:\/\/meripelastus.fi\/naantali\/?s={search_term_string}\"},\"query-input\":{\"@type\":\"PropertyValueSpecification\",\"valueRequired\":true,\"valueName\":\"search_term_string\"}}],\"inLanguage\":\"fi\"}]}<\/script>\n<!-- \/ Yoast SEO Premium plugin. -->","yoast_head_json":{"title":"Hallitus - Naantalin Seudun Meripelastajat","robots":{"index":"index","follow":"follow","max-snippet":"max-snippet:-1","max-image-preview":"max-image-preview:large","max-video-preview":"max-video-preview:-1"},"canonical":"https:\/\/meripelastus.fi\/naantali\/yhteystiedot\/hallitus\/","og_locale":"fi_FI","og_type":"article","og_title":"Hallitus","og_description":"Heikki Lindgren, puheenjohtaja Arkko Ahtiainen, varapuheenjohtaja Pasi Suonp\u00e4\u00e4, sihteeri Harri Lehmusto, rahastonhoitaja Kalle Hartikainen Jari Leino Pertti K\u00e4hk\u00f6nen Immo Oksanen Sami Tuomialho Vesa H\u00e4llfors","og_url":"https:\/\/meripelastus.fi\/naantali\/yhteystiedot\/hallitus\/","og_site_name":"Naantalin Seudun Meripelastajat","article_modified_time":"2025-01-08T21:09:29+00:00","og_image":[{"width":2048,"height":1365,"url":"https:\/\/meripelastus.fi\/naantali\/wp-content\/uploads\/sites\/9\/2022\/05\/MG_2109.jpg","type":"image\/jpeg"}],"twitter_card":"summary_large_image","twitter_misc":{"Arvioitu lukuaika":"1 minuutti"},"schema":{"@context":"https:\/\/schema.org","@graph":[{"@type":"WebPage","@id":"https:\/\/meripelastus.fi\/naantali\/yhteystiedot\/hallitus\/","url":"https:\/\/meripelastus.fi\/naantali\/yhteystiedot\/hallitus\/","name":"Hallitus - Naantalin Seudun Meripelastajat","isPartOf":{"@id":"https:\/\/meripelastus.fi\/naantali\/#website"},"primaryImageOfPage":{"@id":"https:\/\/meripelastus.fi\/naantali\/yhteystiedot\/hallitus\/#primaryimage"},"image":{"@id":"https:\/\/meripelastus.fi\/naantali\/yhteystiedot\/hallitus\/#primaryimage"},"thumbnailUrl":"https:\/\/meripelastus.fi\/naantali\/wp-content\/uploads\/sites\/9\/2022\/05\/MG_2109.jpg","datePublished":"2018-06-19T08:02:55+00:00","dateModified":"2025-01-08T21:09:29+00:00","breadcrumb":{"@id":"https:\/\/meripelastus.fi\/naantali\/yhteystiedot\/hallitus\/#breadcrumb"},"inLanguage":"fi","potentialAction":[{"@type":"ReadAction","target":["https:\/\/meripelastus.fi\/naantali\/yhteystiedot\/hallitus\/"]}]},{"@type":"ImageObject","inLanguage":"fi","@id":"https:\/\/meripelastus.fi\/naantali\/yhteystiedot\/hallitus\/#primaryimage","url":"https:\/\/meripelastus.fi\/naantali\/wp-content\/uploads\/sites\/9\/2022\/05\/MG_2109.jpg","contentUrl":"https:\/\/meripelastus.fi\/naantali\/wp-content\/uploads\/sites\/9\/2022\/05\/MG_2109.jpg","width":2048,"height":1365},{"@type":"BreadcrumbList","@id":"https:\/\/meripelastus.fi\/naantali\/yhteystiedot\/hallitus\/#breadcrumb","itemListElement":[{"@type":"ListItem","position":1,"name":"Etusivu","item":"https:\/\/meripelastus.fi\/naantali\/"},{"@type":"ListItem","position":2,"name":"Yhteystiedot","item":"https:\/\/meripelastus.fi\/naantali\/yhteystiedot\/"},{"@type":"ListItem","position":3,"name":"Hallitus"}]},{"@type":"WebSite","@id":"https:\/\/meripelastus.fi\/naantali\/#website","url":"https:\/\/meripelastus.fi\/naantali\/","name":"Naantalin Seudun Meripelastajat","description":"Uusi SMPS Yhdistykset -sivusto","potentialAction":[{"@type":"SearchAction","target":{"@type":"EntryPoint","urlTemplate":"https:\/\/meripelastus.fi\/naantali\/?s={search_term_string}"},"query-input":{"@type":"PropertyValueSpecification","valueRequired":true,"valueName":"search_term_string"}}],"inLanguage":"fi"}]}},"_links":{"self":[{"href":"https:\/\/meripelastus.fi\/naantali\/wp-json\/wp\/v2\/pages\/184","targetHints":{"allow":["GET"]}}],"collection":[{"href":"https:\/\/meripelastus.fi\/naantali\/wp-json\/wp\/v2\/pages"}],"about":[{"href":"https:\/\/meripelastus.fi\/naantali\/wp-json\/wp\/v2\/types\/page"}],"author":[{"embeddable":true,"href":"https:\/\/meripelastus.fi\/naantali\/wp-json\/wp\/v2\/users\/1"}],"replies":[{"embeddable":true,"href":"https:\/\/meripelastus.fi\/naantali\/wp-json\/wp\/v2\/comments?post=184"}],"version-history":[{"count":14,"href":"https:\/\/meripelastus.fi\/naantali\/wp-json\/wp\/v2\/pages\/184\/revisions"}],"predecessor-version":[{"id":903,"href":"https:\/\/meripelastus.fi\/naantali\/wp-json\/wp\/v2\/pages\/184\/revisions\/903"}],"up":[{"embeddable":true,"href":"https:\/\/meripelastus.fi\/naantali\/wp-json\/wp\/v2\/pages\/51"}],"wp:featuredmedia":[{"embeddable":true,"href":"https:\/\/meripelastus.fi\/naantali\/wp-json\/wp\/v2\/media\/553"}],"wp:attachment":[{"href":"https:\/\/meripelastus.fi\/naantali\/wp-json\/wp\/v2\/media?parent=184"}],"curies":[{"name":"wp","href":"https:\/\/api.w.org\/{rel}","templated":true}]}}