{"id":298,"date":"2023-04-04T22:36:15","date_gmt":"2023-04-04T19:36:15","guid":{"rendered":"https:\/\/meripelastus.fi\/molpe-vedos\/?page_id=298"},"modified":"2025-11-05T17:05:14","modified_gmt":"2025-11-05T15:05:14","slug":"vara-sponsorer","status":"publish","type":"page","link":"https:\/\/meripelastus.fi\/molpe\/stod-oss\/vara-sponsorer\/","title":{"rendered":"V\u00e5ra Sponsorer 2024"},"content":{"rendered":"\n<p>V\u00e5ra sponsorer och underst\u00f6dande medlemmar \u00e4r v\u00e5r livlina. Vi finansierar v\u00e5r verksamhet enbart p\u00e5 dessa inkomster helt utan bidrag fr\u00e5n stat och kommun. N\u00e4sta g\u00e5ng du ser oss p\u00e5 \u00f6vning och t\u00e4nker &#8221;att nu \u00e4r de ut och br\u00e4nner statens pengar igen&#8221; s\u00e5 vet du att du har fel.<\/p>\n\n\n\n<h2 class=\"wp-block-heading\">&nbsp;<\/h2>\n\n\n\n<figure class=\"wp-block-table aligncenter\"><table><tbody><tr><td>&nbsp;\n<figure><img loading=\"lazy\" decoding=\"async\" class=\"wp-image-475 aligncenter\" src=\"https:\/\/meripelastus.fi\/molpe\/wp-content\/uploads\/sites\/25\/2021\/01\/lahde-1024x204.png\" alt=\"\" width=\"249\" height=\"50\" srcset=\"https:\/\/meripelastus.fi\/molpe\/wp-content\/uploads\/sites\/25\/2021\/01\/lahde-1024x204.png 1024w, https:\/\/meripelastus.fi\/molpe\/wp-content\/uploads\/sites\/25\/2021\/01\/lahde-300x60.png 300w, https:\/\/meripelastus.fi\/molpe\/wp-content\/uploads\/sites\/25\/2021\/01\/lahde-768x153.png 768w, https:\/\/meripelastus.fi\/molpe\/wp-content\/uploads\/sites\/25\/2021\/01\/lahde.png 1327w\" sizes=\"auto, (max-width: 249px) 100vw, 249px\" \/><\/figure><p><\/p>\n<p>&nbsp;<\/p>\n<\/td><td><img loading=\"lazy\" decoding=\"async\" class=\" wp-image-341 aligncenter\" src=\"https:\/\/meripelastus.fi\/molpe-vedos\/wp-content\/uploads\/sites\/25\/2019\/07\/dermoshop-300x59.png\" alt=\"\" width=\"267\" height=\"52\"><\/td><td><img loading=\"lazy\" decoding=\"async\" class=\" wp-image-342 aligncenter\" src=\"https:\/\/meripelastus.fi\/molpe-vedos\/wp-content\/uploads\/sites\/25\/2019\/07\/targa-300x150.png\" alt=\"\" width=\"370\" height=\"165\"><\/td><\/tr><tr><td><img loading=\"lazy\" decoding=\"async\" class=\"alignnone size-full wp-image-569\" src=\"https:\/\/meripelastus.fi\/molpe\/wp-content\/uploads\/sites\/25\/2023\/04\/Malax-logo.jpg\" alt=\"\" width=\"480\" height=\"105\" srcset=\"https:\/\/meripelastus.fi\/molpe\/wp-content\/uploads\/sites\/25\/2023\/04\/Malax-logo.jpg 480w, https:\/\/meripelastus.fi\/molpe\/wp-content\/uploads\/sites\/25\/2023\/04\/Malax-logo-300x66.jpg 300w\" sizes=\"auto, (max-width: 480px) 100vw, 480px\" \/>\n<p>&nbsp;<\/p>\n<p>&nbsp;<\/p>\n<\/td><td><img loading=\"lazy\" decoding=\"async\" class=\" wp-image-440 aligncenter\" src=\"https:\/\/meripelastus.fi\/molpe-vedos\/wp-content\/uploads\/sites\/25\/2020\/07\/multitronic_logo.jpg\" alt=\"\" width=\"294\" height=\"48\"><\/td><td><img loading=\"lazy\" decoding=\"async\" class=\"alignnone size-full wp-image-571\" src=\"https:\/\/meripelastus.fi\/molpe\/wp-content\/uploads\/sites\/25\/2023\/04\/Procons.png\" alt=\"\" width=\"331\" height=\"94\" srcset=\"https:\/\/meripelastus.fi\/molpe\/wp-content\/uploads\/sites\/25\/2023\/04\/Procons.png 331w, https:\/\/meripelastus.fi\/molpe\/wp-content\/uploads\/sites\/25\/2023\/04\/Procons-300x85.png 300w\" sizes=\"auto, (max-width: 331px) 100vw, 331px\" \/><\/td><\/tr><tr><td><img loading=\"lazy\" decoding=\"async\" class=\"size-full wp-image-564 aligncenter\" src=\"https:\/\/meripelastus.fi\/molpe\/wp-content\/uploads\/sites\/25\/2023\/04\/PAV.png\" alt=\"\" width=\"207\" height=\"127\"><\/td><td><img loading=\"lazy\" decoding=\"async\" class=\" wp-image-448 aligncenter\" src=\"https:\/\/meripelastus.fi\/molpe-vedos\/wp-content\/uploads\/sites\/25\/2020\/07\/Screenshot-2020-07-02-at-10.39.45.png\" alt=\"\" width=\"278\" height=\"68\"><\/td><td>\n<h2><img loading=\"lazy\" decoding=\"async\" class=\"alignnone size-full wp-image-570\" src=\"https:\/\/meripelastus.fi\/molpe\/wp-content\/uploads\/sites\/25\/2023\/04\/Korsnas-logo.jpg\" alt=\"\" width=\"276\" height=\"183\"><\/h2>\n<\/td><\/tr><tr><td>&nbsp;\n<figure><img loading=\"lazy\" decoding=\"async\" class=\" wp-image-351 aligncenter\" src=\"https:\/\/meripelastus.fi\/molpe-vedos\/wp-content\/uploads\/sites\/25\/2019\/07\/kontaktor-300x131.png\" alt=\"\" width=\"260\" height=\"114\" srcset=\"https:\/\/meripelastus.fi\/molpe\/wp-content\/uploads\/sites\/25\/2019\/07\/kontaktor-300x131.png 300w, https:\/\/meripelastus.fi\/molpe\/wp-content\/uploads\/sites\/25\/2019\/07\/kontaktor-768x335.png 768w, https:\/\/meripelastus.fi\/molpe\/wp-content\/uploads\/sites\/25\/2019\/07\/kontaktor-1024x447.png 1024w, https:\/\/meripelastus.fi\/molpe\/wp-content\/uploads\/sites\/25\/2019\/07\/kontaktor.png 1431w\" sizes=\"auto, (max-width: 260px) 100vw, 260px\" \/><\/figure><p><\/p>\n<\/td><td><img loading=\"lazy\" decoding=\"async\" class=\" wp-image-474 aligncenter\" src=\"https:\/\/meripelastus.fi\/molpe\/wp-content\/uploads\/sites\/25\/2021\/01\/lokal.jpg\" alt=\"\" width=\"401\" height=\"78\"><\/td><td><\/td><\/tr><\/tbody><\/table><\/figure>\n\n\n\n<figure class=\"wp-block-table\"><table><tbody><tr><td>Berg\u00f6 B\u00e5tklubb rf<\/td><td>KNK Team<\/td><td>Oy Rakennuspalvalu G. West Byggtj\u00e4nst<\/td><\/tr><tr><td>Botnia Marin<\/td><td>MyCrome<\/td><td>Aktiastiftelsen i Petalax<\/td><\/tr><tr><td>Byggnadsbyr\u00e5 B. Ravald<\/td><td>Kristoffer Rusk<\/td><td>Petalax Livs<\/td><\/tr><tr><td>Byggtj\u00e4nst Bj\u00f6rn<\/td><td>LM System<\/td><td>Primica Oy<\/td><\/tr><tr><td>Car-Ax<\/td><td>Mad(d)e in Berg\u00f6<\/td><td>Aktiastiftelsen i Solf-Sundom<\/td><\/tr><tr><td>E-Mek Ab<\/td><td>Korsn\u00e4s Handelstr\u00e4dg\u00e5rd<\/td><td>Stenco J\u00e4rn<\/td><\/tr><tr><td>Henrik Bj\u00f6rkqvist<\/td><td>Malax Navigationsklubb rf<\/td><td>Storsveds Sopservice<\/td><\/tr><tr><td>Kb Leif Enberg Ky<\/td><td>Molpe Samf\u00e4lligheter<\/td><td>Toms R\u00f6r<\/td><\/tr><tr><td>Kent Br\u00e4nsletj\u00e4nst \u00d6b<\/td><td>Molpe Vatten Ab<\/td><td>Ulf Granqvist Fisk<\/td><\/tr><tr><td>KHT<\/td><td>Aktiastiftelsen i Malax<\/td><td>UM Transort Ab<\/td><\/tr><tr><td>H\/K Vest Transport<\/td><td>NT Service<\/td><td>Vaasa Ekopress<\/td><\/tr><tr><td>Mr Motors<\/td><td>Petalax navigationsklubb rf<\/td><td>Malax Bageri<\/td><\/tr><\/tbody><\/table><\/figure>\n","protected":false},"excerpt":{"rendered":"<p>V\u00e5ra sponsorer och underst\u00f6dande medlemmar \u00e4r v\u00e5r livlina. Vi finansierar v\u00e5r verksamhet enbart p\u00e5 dessa inkomster helt utan bidrag fr\u00e5n stat och kommun. N\u00e4sta g\u00e5ng du ser oss p\u00e5 \u00f6vning och t\u00e4nker &#8221;att nu \u00e4r de ut och br\u00e4nner statens pengar igen&#8221; s\u00e5 vet du att du har fel. &nbsp; &nbsp; &nbsp; &nbsp; &nbsp; &nbsp; [&hellip;]<\/p>\n","protected":false},"author":52,"featured_media":273,"parent":276,"menu_order":0,"comment_status":"closed","ping_status":"closed","template":"","meta":{"_acf_changed":false,"inline_featured_image":false,"footnotes":""},"class_list":["post-298","page","type-page","status-publish","has-post-thumbnail","hentry"],"acf":[],"yoast_head":"<!-- This site is optimized with the Yoast SEO Premium plugin v27.2 (Yoast SEO v27.2) - https:\/\/yoast.com\/product\/yoast-seo-premium-wordpress\/ -->\n<title>V\u00e5ra Sponsorer 2024 - Molpe Sj\u00f6r\u00e4ddare<\/title>\n<meta name=\"robots\" content=\"index, follow, max-snippet:-1, max-image-preview:large, max-video-preview:-1\" \/>\n<link rel=\"canonical\" href=\"https:\/\/meripelastus.fi\/molpe\/stod-oss\/vara-sponsorer\/\" \/>\n<meta property=\"og:locale\" content=\"sv_SE\" \/>\n<meta property=\"og:type\" content=\"article\" \/>\n<meta property=\"og:title\" content=\"V\u00e5ra Sponsorer 2024\" \/>\n<meta property=\"og:description\" content=\"V\u00e5ra sponsorer och underst\u00f6dande medlemmar \u00e4r v\u00e5r livlina. Vi finansierar v\u00e5r verksamhet enbart p\u00e5 dessa inkomster helt utan bidrag fr\u00e5n stat och kommun. N\u00e4sta g\u00e5ng du ser oss p\u00e5 \u00f6vning och t\u00e4nker &#8221;att nu \u00e4r de ut och br\u00e4nner statens pengar igen&#8221; s\u00e5 vet du att du har fel. &nbsp; &nbsp; &nbsp; &nbsp; &nbsp; &nbsp; [&hellip;]\" \/>\n<meta property=\"og:url\" content=\"https:\/\/meripelastus.fi\/molpe\/stod-oss\/vara-sponsorer\/\" \/>\n<meta property=\"og:site_name\" content=\"Molpe Sj\u00f6r\u00e4ddare\" \/>\n<meta property=\"article:modified_time\" content=\"2025-11-05T15:05:14+00:00\" \/>\n<meta property=\"og:image\" content=\"https:\/\/meripelastus.fi\/molpe\/wp-content\/uploads\/sites\/25\/2019\/07\/defaultbg.jpg\" \/>\n\t<meta property=\"og:image:width\" content=\"1800\" \/>\n\t<meta property=\"og:image:height\" content=\"355\" \/>\n\t<meta property=\"og:image:type\" content=\"image\/jpeg\" \/>\n<meta name=\"twitter:card\" content=\"summary_large_image\" \/>\n<meta name=\"twitter:label1\" content=\"Ber\u00e4knad l\u00e4stid\" \/>\n\t<meta name=\"twitter:data1\" content=\"4 minuter\" \/>\n<script type=\"application\/ld+json\" class=\"yoast-schema-graph\">{\"@context\":\"https:\/\/schema.org\",\"@graph\":[{\"@type\":\"WebPage\",\"@id\":\"https:\/\/meripelastus.fi\/molpe\/stod-oss\/vara-sponsorer\/\",\"url\":\"https:\/\/meripelastus.fi\/molpe\/stod-oss\/vara-sponsorer\/\",\"name\":\"V\u00e5ra Sponsorer 2024 - Molpe Sj\u00f6r\u00e4ddare\",\"isPartOf\":{\"@id\":\"https:\/\/meripelastus.fi\/molpe\/#website\"},\"primaryImageOfPage\":{\"@id\":\"https:\/\/meripelastus.fi\/molpe\/stod-oss\/vara-sponsorer\/#primaryimage\"},\"image\":{\"@id\":\"https:\/\/meripelastus.fi\/molpe\/stod-oss\/vara-sponsorer\/#primaryimage\"},\"thumbnailUrl\":\"https:\/\/meripelastus.fi\/molpe\/wp-content\/uploads\/sites\/25\/2019\/07\/defaultbg.jpg\",\"datePublished\":\"2023-04-04T19:36:15+00:00\",\"dateModified\":\"2025-11-05T15:05:14+00:00\",\"breadcrumb\":{\"@id\":\"https:\/\/meripelastus.fi\/molpe\/stod-oss\/vara-sponsorer\/#breadcrumb\"},\"inLanguage\":\"sv-SE\",\"potentialAction\":[{\"@type\":\"ReadAction\",\"target\":[\"https:\/\/meripelastus.fi\/molpe\/stod-oss\/vara-sponsorer\/\"]}]},{\"@type\":\"ImageObject\",\"inLanguage\":\"sv-SE\",\"@id\":\"https:\/\/meripelastus.fi\/molpe\/stod-oss\/vara-sponsorer\/#primaryimage\",\"url\":\"https:\/\/meripelastus.fi\/molpe\/wp-content\/uploads\/sites\/25\/2019\/07\/defaultbg.jpg\",\"contentUrl\":\"https:\/\/meripelastus.fi\/molpe\/wp-content\/uploads\/sites\/25\/2019\/07\/defaultbg.jpg\",\"width\":1800,\"height\":355},{\"@type\":\"BreadcrumbList\",\"@id\":\"https:\/\/meripelastus.fi\/molpe\/stod-oss\/vara-sponsorer\/#breadcrumb\",\"itemListElement\":[{\"@type\":\"ListItem\",\"position\":1,\"name\":\"Home\",\"item\":\"https:\/\/meripelastus.fi\/molpe\/\"},{\"@type\":\"ListItem\",\"position\":2,\"name\":\"St\u00f6d oss!\",\"item\":\"https:\/\/meripelastus.fi\/molpe\/stod-oss\/\"},{\"@type\":\"ListItem\",\"position\":3,\"name\":\"V\u00e5ra Sponsorer 2024\"}]},{\"@type\":\"WebSite\",\"@id\":\"https:\/\/meripelastus.fi\/molpe\/#website\",\"url\":\"https:\/\/meripelastus.fi\/molpe\/\",\"name\":\"Molpe Sj\u00f6r\u00e4ddare\",\"description\":\"Vapaaehtoiset apunasi vesill\u00e4\",\"potentialAction\":[{\"@type\":\"SearchAction\",\"target\":{\"@type\":\"EntryPoint\",\"urlTemplate\":\"https:\/\/meripelastus.fi\/molpe\/?s={search_term_string}\"},\"query-input\":{\"@type\":\"PropertyValueSpecification\",\"valueRequired\":true,\"valueName\":\"search_term_string\"}}],\"inLanguage\":\"sv-SE\"}]}<\/script>\n<!-- \/ Yoast SEO Premium plugin. -->","yoast_head_json":{"title":"V\u00e5ra Sponsorer 2024 - Molpe Sj\u00f6r\u00e4ddare","robots":{"index":"index","follow":"follow","max-snippet":"max-snippet:-1","max-image-preview":"max-image-preview:large","max-video-preview":"max-video-preview:-1"},"canonical":"https:\/\/meripelastus.fi\/molpe\/stod-oss\/vara-sponsorer\/","og_locale":"sv_SE","og_type":"article","og_title":"V\u00e5ra Sponsorer 2024","og_description":"V\u00e5ra sponsorer och underst\u00f6dande medlemmar \u00e4r v\u00e5r livlina. Vi finansierar v\u00e5r verksamhet enbart p\u00e5 dessa inkomster helt utan bidrag fr\u00e5n stat och kommun. N\u00e4sta g\u00e5ng du ser oss p\u00e5 \u00f6vning och t\u00e4nker &#8221;att nu \u00e4r de ut och br\u00e4nner statens pengar igen&#8221; s\u00e5 vet du att du har fel. &nbsp; &nbsp; &nbsp; &nbsp; &nbsp; &nbsp; [&hellip;]","og_url":"https:\/\/meripelastus.fi\/molpe\/stod-oss\/vara-sponsorer\/","og_site_name":"Molpe Sj\u00f6r\u00e4ddare","article_modified_time":"2025-11-05T15:05:14+00:00","og_image":[{"width":1800,"height":355,"url":"https:\/\/meripelastus.fi\/molpe\/wp-content\/uploads\/sites\/25\/2019\/07\/defaultbg.jpg","type":"image\/jpeg"}],"twitter_card":"summary_large_image","twitter_misc":{"Ber\u00e4knad l\u00e4stid":"4 minuter"},"schema":{"@context":"https:\/\/schema.org","@graph":[{"@type":"WebPage","@id":"https:\/\/meripelastus.fi\/molpe\/stod-oss\/vara-sponsorer\/","url":"https:\/\/meripelastus.fi\/molpe\/stod-oss\/vara-sponsorer\/","name":"V\u00e5ra Sponsorer 2024 - Molpe Sj\u00f6r\u00e4ddare","isPartOf":{"@id":"https:\/\/meripelastus.fi\/molpe\/#website"},"primaryImageOfPage":{"@id":"https:\/\/meripelastus.fi\/molpe\/stod-oss\/vara-sponsorer\/#primaryimage"},"image":{"@id":"https:\/\/meripelastus.fi\/molpe\/stod-oss\/vara-sponsorer\/#primaryimage"},"thumbnailUrl":"https:\/\/meripelastus.fi\/molpe\/wp-content\/uploads\/sites\/25\/2019\/07\/defaultbg.jpg","datePublished":"2023-04-04T19:36:15+00:00","dateModified":"2025-11-05T15:05:14+00:00","breadcrumb":{"@id":"https:\/\/meripelastus.fi\/molpe\/stod-oss\/vara-sponsorer\/#breadcrumb"},"inLanguage":"sv-SE","potentialAction":[{"@type":"ReadAction","target":["https:\/\/meripelastus.fi\/molpe\/stod-oss\/vara-sponsorer\/"]}]},{"@type":"ImageObject","inLanguage":"sv-SE","@id":"https:\/\/meripelastus.fi\/molpe\/stod-oss\/vara-sponsorer\/#primaryimage","url":"https:\/\/meripelastus.fi\/molpe\/wp-content\/uploads\/sites\/25\/2019\/07\/defaultbg.jpg","contentUrl":"https:\/\/meripelastus.fi\/molpe\/wp-content\/uploads\/sites\/25\/2019\/07\/defaultbg.jpg","width":1800,"height":355},{"@type":"BreadcrumbList","@id":"https:\/\/meripelastus.fi\/molpe\/stod-oss\/vara-sponsorer\/#breadcrumb","itemListElement":[{"@type":"ListItem","position":1,"name":"Home","item":"https:\/\/meripelastus.fi\/molpe\/"},{"@type":"ListItem","position":2,"name":"St\u00f6d oss!","item":"https:\/\/meripelastus.fi\/molpe\/stod-oss\/"},{"@type":"ListItem","position":3,"name":"V\u00e5ra Sponsorer 2024"}]},{"@type":"WebSite","@id":"https:\/\/meripelastus.fi\/molpe\/#website","url":"https:\/\/meripelastus.fi\/molpe\/","name":"Molpe Sj\u00f6r\u00e4ddare","description":"Vapaaehtoiset apunasi vesill\u00e4","potentialAction":[{"@type":"SearchAction","target":{"@type":"EntryPoint","urlTemplate":"https:\/\/meripelastus.fi\/molpe\/?s={search_term_string}"},"query-input":{"@type":"PropertyValueSpecification","valueRequired":true,"valueName":"search_term_string"}}],"inLanguage":"sv-SE"}]}},"_links":{"self":[{"href":"https:\/\/meripelastus.fi\/molpe\/wp-json\/wp\/v2\/pages\/298","targetHints":{"allow":["GET"]}}],"collection":[{"href":"https:\/\/meripelastus.fi\/molpe\/wp-json\/wp\/v2\/pages"}],"about":[{"href":"https:\/\/meripelastus.fi\/molpe\/wp-json\/wp\/v2\/types\/page"}],"author":[{"embeddable":true,"href":"https:\/\/meripelastus.fi\/molpe\/wp-json\/wp\/v2\/users\/52"}],"replies":[{"embeddable":true,"href":"https:\/\/meripelastus.fi\/molpe\/wp-json\/wp\/v2\/comments?post=298"}],"version-history":[{"count":47,"href":"https:\/\/meripelastus.fi\/molpe\/wp-json\/wp\/v2\/pages\/298\/revisions"}],"predecessor-version":[{"id":758,"href":"https:\/\/meripelastus.fi\/molpe\/wp-json\/wp\/v2\/pages\/298\/revisions\/758"}],"up":[{"embeddable":true,"href":"https:\/\/meripelastus.fi\/molpe\/wp-json\/wp\/v2\/pages\/276"}],"wp:featuredmedia":[{"embeddable":true,"href":"https:\/\/meripelastus.fi\/molpe\/wp-json\/wp\/v2\/media\/273"}],"wp:attachment":[{"href":"https:\/\/meripelastus.fi\/molpe\/wp-json\/wp\/v2\/media?parent=298"}],"curies":[{"name":"wp","href":"https:\/\/api.w.org\/{rel}","templated":true}]}}