{"id":290,"date":"2019-07-12T09:09:02","date_gmt":"2019-07-12T06:09:02","guid":{"rendered":"https:\/\/meripelastus.fi\/molpe-vedos\/?page_id=290"},"modified":"2019-07-12T12:34:16","modified_gmt":"2019-07-12T09:34:16","slug":"medlemskap","status":"publish","type":"page","link":"https:\/\/meripelastus.fi\/molpe\/stod-oss\/medlemskap\/","title":{"rendered":"Bli underst\u00f6dande medlem"},"content":{"rendered":"<p>Test<\/p>\n<p>drgfdg<\/p>\n<p>&nbsp;<\/p>\n<p>dfg<\/p>\n<p>fog<\/p>\n","protected":false},"excerpt":{"rendered":"<p>Test drgfdg &nbsp; dfg fog<\/p>\n","protected":false},"author":52,"featured_media":0,"parent":276,"menu_order":0,"comment_status":"closed","ping_status":"closed","template":"","meta":{"_acf_changed":false,"inline_featured_image":false,"footnotes":""},"class_list":["post-290","page","type-page","status-publish","hentry"],"acf":[],"yoast_head":"<!-- This site is optimized with the Yoast SEO Premium plugin v27.4 (Yoast SEO v27.4) - https:\/\/yoast.com\/product\/yoast-seo-premium-wordpress\/ -->\n<title>Bli underst\u00f6dande medlem - Molpe Sj\u00f6r\u00e4ddare<\/title>\n<meta name=\"robots\" content=\"index, follow, max-snippet:-1, max-image-preview:large, max-video-preview:-1\" \/>\n<link rel=\"canonical\" href=\"https:\/\/meripelastus.fi\/molpe\/stod-oss\/medlemskap\/\" \/>\n<meta property=\"og:locale\" content=\"sv_SE\" \/>\n<meta property=\"og:type\" content=\"article\" \/>\n<meta property=\"og:title\" content=\"Bli underst\u00f6dande medlem\" \/>\n<meta property=\"og:description\" content=\"Test drgfdg &nbsp; dfg fog\" \/>\n<meta property=\"og:url\" content=\"https:\/\/meripelastus.fi\/molpe\/stod-oss\/medlemskap\/\" \/>\n<meta property=\"og:site_name\" content=\"Molpe Sj\u00f6r\u00e4ddare\" \/>\n<meta property=\"article:modified_time\" content=\"2019-07-12T09:34:16+00:00\" \/>\n<meta name=\"twitter:card\" content=\"summary_large_image\" \/>\n<meta name=\"twitter:label1\" content=\"Ber\u00e4knad l\u00e4stid\" \/>\n\t<meta name=\"twitter:data1\" content=\"1 minut\" \/>\n<script type=\"application\/ld+json\" class=\"yoast-schema-graph\">{\"@context\":\"https:\\\/\\\/schema.org\",\"@graph\":[{\"@type\":\"WebPage\",\"@id\":\"https:\\\/\\\/meripelastus.fi\\\/molpe\\\/stod-oss\\\/medlemskap\\\/\",\"url\":\"https:\\\/\\\/meripelastus.fi\\\/molpe\\\/stod-oss\\\/medlemskap\\\/\",\"name\":\"Bli underst\u00f6dande medlem - Molpe Sj\u00f6r\u00e4ddare\",\"isPartOf\":{\"@id\":\"https:\\\/\\\/meripelastus.fi\\\/molpe\\\/#website\"},\"datePublished\":\"2019-07-12T06:09:02+00:00\",\"dateModified\":\"2019-07-12T09:34:16+00:00\",\"breadcrumb\":{\"@id\":\"https:\\\/\\\/meripelastus.fi\\\/molpe\\\/stod-oss\\\/medlemskap\\\/#breadcrumb\"},\"inLanguage\":\"sv-SE\",\"potentialAction\":[{\"@type\":\"ReadAction\",\"target\":[\"https:\\\/\\\/meripelastus.fi\\\/molpe\\\/stod-oss\\\/medlemskap\\\/\"]}]},{\"@type\":\"BreadcrumbList\",\"@id\":\"https:\\\/\\\/meripelastus.fi\\\/molpe\\\/stod-oss\\\/medlemskap\\\/#breadcrumb\",\"itemListElement\":[{\"@type\":\"ListItem\",\"position\":1,\"name\":\"Home\",\"item\":\"https:\\\/\\\/meripelastus.fi\\\/molpe\\\/\"},{\"@type\":\"ListItem\",\"position\":2,\"name\":\"St\u00f6d oss!\",\"item\":\"https:\\\/\\\/meripelastus.fi\\\/molpe\\\/stod-oss\\\/\"},{\"@type\":\"ListItem\",\"position\":3,\"name\":\"Bli underst\u00f6dande medlem\"}]},{\"@type\":\"WebSite\",\"@id\":\"https:\\\/\\\/meripelastus.fi\\\/molpe\\\/#website\",\"url\":\"https:\\\/\\\/meripelastus.fi\\\/molpe\\\/\",\"name\":\"Molpe Sj\u00f6r\u00e4ddare\",\"description\":\"Vapaaehtoiset apunasi vesill\u00e4\",\"potentialAction\":[{\"@type\":\"SearchAction\",\"target\":{\"@type\":\"EntryPoint\",\"urlTemplate\":\"https:\\\/\\\/meripelastus.fi\\\/molpe\\\/?s={search_term_string}\"},\"query-input\":{\"@type\":\"PropertyValueSpecification\",\"valueRequired\":true,\"valueName\":\"search_term_string\"}}],\"inLanguage\":\"sv-SE\"}]}<\/script>\n<!-- \/ Yoast SEO Premium plugin. -->","yoast_head_json":{"title":"Bli underst\u00f6dande medlem - Molpe Sj\u00f6r\u00e4ddare","robots":{"index":"index","follow":"follow","max-snippet":"max-snippet:-1","max-image-preview":"max-image-preview:large","max-video-preview":"max-video-preview:-1"},"canonical":"https:\/\/meripelastus.fi\/molpe\/stod-oss\/medlemskap\/","og_locale":"sv_SE","og_type":"article","og_title":"Bli underst\u00f6dande medlem","og_description":"Test drgfdg &nbsp; dfg fog","og_url":"https:\/\/meripelastus.fi\/molpe\/stod-oss\/medlemskap\/","og_site_name":"Molpe Sj\u00f6r\u00e4ddare","article_modified_time":"2019-07-12T09:34:16+00:00","twitter_card":"summary_large_image","twitter_misc":{"Ber\u00e4knad l\u00e4stid":"1 minut"},"schema":{"@context":"https:\/\/schema.org","@graph":[{"@type":"WebPage","@id":"https:\/\/meripelastus.fi\/molpe\/stod-oss\/medlemskap\/","url":"https:\/\/meripelastus.fi\/molpe\/stod-oss\/medlemskap\/","name":"Bli underst\u00f6dande medlem - Molpe Sj\u00f6r\u00e4ddare","isPartOf":{"@id":"https:\/\/meripelastus.fi\/molpe\/#website"},"datePublished":"2019-07-12T06:09:02+00:00","dateModified":"2019-07-12T09:34:16+00:00","breadcrumb":{"@id":"https:\/\/meripelastus.fi\/molpe\/stod-oss\/medlemskap\/#breadcrumb"},"inLanguage":"sv-SE","potentialAction":[{"@type":"ReadAction","target":["https:\/\/meripelastus.fi\/molpe\/stod-oss\/medlemskap\/"]}]},{"@type":"BreadcrumbList","@id":"https:\/\/meripelastus.fi\/molpe\/stod-oss\/medlemskap\/#breadcrumb","itemListElement":[{"@type":"ListItem","position":1,"name":"Home","item":"https:\/\/meripelastus.fi\/molpe\/"},{"@type":"ListItem","position":2,"name":"St\u00f6d oss!","item":"https:\/\/meripelastus.fi\/molpe\/stod-oss\/"},{"@type":"ListItem","position":3,"name":"Bli underst\u00f6dande medlem"}]},{"@type":"WebSite","@id":"https:\/\/meripelastus.fi\/molpe\/#website","url":"https:\/\/meripelastus.fi\/molpe\/","name":"Molpe Sj\u00f6r\u00e4ddare","description":"Vapaaehtoiset apunasi vesill\u00e4","potentialAction":[{"@type":"SearchAction","target":{"@type":"EntryPoint","urlTemplate":"https:\/\/meripelastus.fi\/molpe\/?s={search_term_string}"},"query-input":{"@type":"PropertyValueSpecification","valueRequired":true,"valueName":"search_term_string"}}],"inLanguage":"sv-SE"}]}},"_links":{"self":[{"href":"https:\/\/meripelastus.fi\/molpe\/wp-json\/wp\/v2\/pages\/290","targetHints":{"allow":["GET"]}}],"collection":[{"href":"https:\/\/meripelastus.fi\/molpe\/wp-json\/wp\/v2\/pages"}],"about":[{"href":"https:\/\/meripelastus.fi\/molpe\/wp-json\/wp\/v2\/types\/page"}],"author":[{"embeddable":true,"href":"https:\/\/meripelastus.fi\/molpe\/wp-json\/wp\/v2\/users\/52"}],"replies":[{"embeddable":true,"href":"https:\/\/meripelastus.fi\/molpe\/wp-json\/wp\/v2\/comments?post=290"}],"version-history":[{"count":5,"href":"https:\/\/meripelastus.fi\/molpe\/wp-json\/wp\/v2\/pages\/290\/revisions"}],"predecessor-version":[{"id":574,"href":"https:\/\/meripelastus.fi\/molpe\/wp-json\/wp\/v2\/pages\/290\/revisions\/574"}],"up":[{"embeddable":true,"href":"https:\/\/meripelastus.fi\/molpe\/wp-json\/wp\/v2\/pages\/276"}],"wp:attachment":[{"href":"https:\/\/meripelastus.fi\/molpe\/wp-json\/wp\/v2\/media?parent=290"}],"curies":[{"name":"wp","href":"https:\/\/api.w.org\/{rel}","templated":true}]}}