{"id":250,"date":"2019-07-11T11:06:04","date_gmt":"2019-07-11T08:06:04","guid":{"rendered":"https:\/\/meripelastus.fi\/molpe-vedos\/?page_id=250"},"modified":"2025-12-15T19:38:11","modified_gmt":"2025-12-15T17:38:11","slug":"kontaktuppgifter","status":"publish","type":"page","link":"https:\/\/meripelastus.fi\/molpe\/kontaktuppgifter\/","title":{"rendered":"Kontaktuppgifter"},"content":{"rendered":"\n<p>Detta finns m\u00e5nga s\u00e4tt att komma i kontakt med oss men vi hoppas innerligt att vi aldrig tr\u00e4ffas p\u00e5 sj\u00f6n (f\u00f6r det inneb\u00e4r troligen att du har problem med din b\u00e5t).<\/p>\n\n\n\n<p>Alarmnummer <strong>0294 1000<\/strong><br>Se alarmanvisningar (<a href=\"https:\/\/meripelastus.fi\/molpe\/verksamhet\/alarmanvisning\/\">LINK<\/a>)<\/p>\n\n\n\n<figure class=\"wp-block-table\"><table><tbody><tr><td colspan=\"2\"><strong>Bes\u00f6ksadress&nbsp;<br><\/strong>Molpe Sj\u00f6r\u00e4ddare rf<br>Hamnv\u00e4gen 38<br>66210 Molpe<br>Position: N 62 12,34 E 021 45,34<\/td><\/tr><\/tbody><\/table><\/figure>\n\n\n\n<h3 class=\"wp-block-heading\" id=\"h-postadress-amp-faktureringsadress\">Postadress &amp; Faktureringsadress<\/h3>\n\n\n\n<div class=\"wp-block-columns is-layout-flex wp-container-core-columns-is-layout-9d6595d7 wp-block-columns-is-layout-flex\">\n<div class=\"wp-block-column is-layout-flow wp-block-column-is-layout-flow\" style=\"flex-basis:100%\">\n<div class=\"wp-block-group\"><div class=\"wp-block-group__inner-container is-layout-constrained wp-block-group-is-layout-constrained\">\n<div class=\"wp-block-columns is-layout-flex wp-container-core-columns-is-layout-9d6595d7 wp-block-columns-is-layout-flex\">\n<div class=\"wp-block-column is-layout-flow wp-block-column-is-layout-flow\" style=\"flex-basis:100%\">\n<figure class=\"wp-block-table is-style-stripes has-medium-font-size\"><table><tbody><tr><td colspan=\"4\"><strong>Molpe Sj\u00f6r\u00e4ddare rf<\/strong><br>Ronny Stenb\u00e4ck<br>Kolebackv\u00e4gen 113 C<br>66210 Molpe<br>+ 358 50 355 7775<br>pj.molpe@messi.meripelastus.fi<\/td><\/tr><tr><td colspan=\"4\"><strong style=\", Verdana, Helvetica, sans-serif;font-size: 1.176rem;background-color: transparent\">Kontaktpersoner<\/strong> <p><strong>Sponsorer<\/strong> <strong>&amp; Marknadsf\u00f6ring<\/strong><br>Jens Norrg\u00e5rd<br>+358 40 748 5586<br><br>Ta kontakt p\u00e5 Instagram @molpesjoraddare eller p\u00e5 Facebook<\/p><\/td><\/tr><tr><td colspan=\"4\"><strong>B\u00e5tplatser (vid Stormlyktan)<\/strong><br>Ta kontakt: molpesjoraddare@gmail.com<br><strong>&nbsp;<\/strong><\/td><\/tr><tr><td colspan=\"4\"><strong>Utbildning<\/strong><br>Christoffer Helgas<br>+358  50 330 7921<br>koulutus.molpe@messi.meripelastus.fi<span style=\"font-family: inherit;font-size: inherit;font-weight: inherit\"><\/span><br><br><br><\/td><\/tr><tr><td><\/td><\/tr><\/tbody><\/table><\/figure>\n<\/div>\n<\/div>\n<\/div><\/div>\n<\/div>\n<\/div>\n","protected":false},"excerpt":{"rendered":"<p>Detta finns m\u00e5nga s\u00e4tt att komma i kontakt med oss men vi hoppas innerligt att vi aldrig tr\u00e4ffas p\u00e5 sj\u00f6n (f\u00f6r det inneb\u00e4r troligen att du har problem med din b\u00e5t). Alarmnummer 0294 1000Se alarmanvisningar (LINK) Bes\u00f6ksadress&nbsp;Molpe Sj\u00f6r\u00e4ddare rfHamnv\u00e4gen 3866210 MolpePosition: N 62 12,34 E 021 45,34 Postadress &amp; Faktureringsadress Molpe Sj\u00f6r\u00e4ddare rfRonny Stenb\u00e4ckKolebackv\u00e4gen 113 [&hellip;]<\/p>\n","protected":false},"author":1,"featured_media":273,"parent":0,"menu_order":4,"comment_status":"closed","ping_status":"closed","template":"","meta":{"_acf_changed":false,"inline_featured_image":false,"footnotes":""},"class_list":["post-250","page","type-page","status-publish","has-post-thumbnail","hentry"],"acf":[],"yoast_head":"<!-- This site is optimized with the Yoast SEO Premium plugin v27.2 (Yoast SEO v27.2) - https:\/\/yoast.com\/product\/yoast-seo-premium-wordpress\/ -->\n<title>Kontaktuppgifter - Molpe Sj\u00f6r\u00e4ddare<\/title>\n<meta name=\"description\" content=\"Ta direkt kontakt med oss genom kontaktuppgifterna nedan, men om du \u00e4r i sj\u00f6n\u00f6d ring direkt till sj\u00f6r\u00e4ddningscentralen: 0294 1000 eller till n\u00f6dcentralen p\u00e5 :112\" \/>\n<meta name=\"robots\" content=\"index, follow, max-snippet:-1, max-image-preview:large, max-video-preview:-1\" \/>\n<link rel=\"canonical\" href=\"https:\/\/meripelastus.fi\/molpe\/kontaktuppgifter\/\" \/>\n<meta property=\"og:locale\" content=\"sv_SE\" \/>\n<meta property=\"og:type\" content=\"article\" \/>\n<meta property=\"og:title\" content=\"Kontaktuppgifter\" \/>\n<meta property=\"og:description\" content=\"Ta direkt kontakt med oss genom kontaktuppgifterna nedan, men om du \u00e4r i sj\u00f6n\u00f6d ring direkt till sj\u00f6r\u00e4ddningscentralen: 0294 1000 eller till n\u00f6dcentralen p\u00e5 :112\" \/>\n<meta property=\"og:url\" content=\"https:\/\/meripelastus.fi\/molpe\/kontaktuppgifter\/\" \/>\n<meta property=\"og:site_name\" content=\"Molpe Sj\u00f6r\u00e4ddare\" \/>\n<meta property=\"article:modified_time\" content=\"2025-12-15T17:38:11+00:00\" \/>\n<meta property=\"og:image\" content=\"https:\/\/meripelastus.fi\/molpe\/wp-content\/uploads\/sites\/25\/2019\/07\/defaultbg.jpg\" \/>\n\t<meta property=\"og:image:width\" content=\"1800\" \/>\n\t<meta property=\"og:image:height\" content=\"355\" \/>\n\t<meta property=\"og:image:type\" content=\"image\/jpeg\" \/>\n<meta name=\"twitter:card\" content=\"summary_large_image\" \/>\n<meta name=\"twitter:label1\" content=\"Ber\u00e4knad l\u00e4stid\" \/>\n\t<meta name=\"twitter:data1\" content=\"1 minut\" \/>\n<script type=\"application\/ld+json\" class=\"yoast-schema-graph\">{\"@context\":\"https:\/\/schema.org\",\"@graph\":[{\"@type\":\"WebPage\",\"@id\":\"https:\/\/meripelastus.fi\/molpe\/kontaktuppgifter\/\",\"url\":\"https:\/\/meripelastus.fi\/molpe\/kontaktuppgifter\/\",\"name\":\"Kontaktuppgifter - Molpe Sj\u00f6r\u00e4ddare\",\"isPartOf\":{\"@id\":\"https:\/\/meripelastus.fi\/molpe\/#website\"},\"primaryImageOfPage\":{\"@id\":\"https:\/\/meripelastus.fi\/molpe\/kontaktuppgifter\/#primaryimage\"},\"image\":{\"@id\":\"https:\/\/meripelastus.fi\/molpe\/kontaktuppgifter\/#primaryimage\"},\"thumbnailUrl\":\"https:\/\/meripelastus.fi\/molpe\/wp-content\/uploads\/sites\/25\/2019\/07\/defaultbg.jpg\",\"datePublished\":\"2019-07-11T08:06:04+00:00\",\"dateModified\":\"2025-12-15T17:38:11+00:00\",\"description\":\"Ta direkt kontakt med oss genom kontaktuppgifterna nedan, men om du \u00e4r i sj\u00f6n\u00f6d ring direkt till sj\u00f6r\u00e4ddningscentralen: 0294 1000 eller till n\u00f6dcentralen p\u00e5 :112\",\"breadcrumb\":{\"@id\":\"https:\/\/meripelastus.fi\/molpe\/kontaktuppgifter\/#breadcrumb\"},\"inLanguage\":\"sv-SE\",\"potentialAction\":[{\"@type\":\"ReadAction\",\"target\":[\"https:\/\/meripelastus.fi\/molpe\/kontaktuppgifter\/\"]}]},{\"@type\":\"ImageObject\",\"inLanguage\":\"sv-SE\",\"@id\":\"https:\/\/meripelastus.fi\/molpe\/kontaktuppgifter\/#primaryimage\",\"url\":\"https:\/\/meripelastus.fi\/molpe\/wp-content\/uploads\/sites\/25\/2019\/07\/defaultbg.jpg\",\"contentUrl\":\"https:\/\/meripelastus.fi\/molpe\/wp-content\/uploads\/sites\/25\/2019\/07\/defaultbg.jpg\",\"width\":1800,\"height\":355},{\"@type\":\"BreadcrumbList\",\"@id\":\"https:\/\/meripelastus.fi\/molpe\/kontaktuppgifter\/#breadcrumb\",\"itemListElement\":[{\"@type\":\"ListItem\",\"position\":1,\"name\":\"Home\",\"item\":\"https:\/\/meripelastus.fi\/molpe\/\"},{\"@type\":\"ListItem\",\"position\":2,\"name\":\"Kontaktuppgifter\"}]},{\"@type\":\"WebSite\",\"@id\":\"https:\/\/meripelastus.fi\/molpe\/#website\",\"url\":\"https:\/\/meripelastus.fi\/molpe\/\",\"name\":\"Molpe Sj\u00f6r\u00e4ddare\",\"description\":\"Vapaaehtoiset apunasi vesill\u00e4\",\"potentialAction\":[{\"@type\":\"SearchAction\",\"target\":{\"@type\":\"EntryPoint\",\"urlTemplate\":\"https:\/\/meripelastus.fi\/molpe\/?s={search_term_string}\"},\"query-input\":{\"@type\":\"PropertyValueSpecification\",\"valueRequired\":true,\"valueName\":\"search_term_string\"}}],\"inLanguage\":\"sv-SE\"}]}<\/script>\n<!-- \/ Yoast SEO Premium plugin. -->","yoast_head_json":{"title":"Kontaktuppgifter - Molpe Sj\u00f6r\u00e4ddare","description":"Ta direkt kontakt med oss genom kontaktuppgifterna nedan, men om du \u00e4r i sj\u00f6n\u00f6d ring direkt till sj\u00f6r\u00e4ddningscentralen: 0294 1000 eller till n\u00f6dcentralen p\u00e5 :112","robots":{"index":"index","follow":"follow","max-snippet":"max-snippet:-1","max-image-preview":"max-image-preview:large","max-video-preview":"max-video-preview:-1"},"canonical":"https:\/\/meripelastus.fi\/molpe\/kontaktuppgifter\/","og_locale":"sv_SE","og_type":"article","og_title":"Kontaktuppgifter","og_description":"Ta direkt kontakt med oss genom kontaktuppgifterna nedan, men om du \u00e4r i sj\u00f6n\u00f6d ring direkt till sj\u00f6r\u00e4ddningscentralen: 0294 1000 eller till n\u00f6dcentralen p\u00e5 :112","og_url":"https:\/\/meripelastus.fi\/molpe\/kontaktuppgifter\/","og_site_name":"Molpe Sj\u00f6r\u00e4ddare","article_modified_time":"2025-12-15T17:38:11+00:00","og_image":[{"width":1800,"height":355,"url":"https:\/\/meripelastus.fi\/molpe\/wp-content\/uploads\/sites\/25\/2019\/07\/defaultbg.jpg","type":"image\/jpeg"}],"twitter_card":"summary_large_image","twitter_misc":{"Ber\u00e4knad l\u00e4stid":"1 minut"},"schema":{"@context":"https:\/\/schema.org","@graph":[{"@type":"WebPage","@id":"https:\/\/meripelastus.fi\/molpe\/kontaktuppgifter\/","url":"https:\/\/meripelastus.fi\/molpe\/kontaktuppgifter\/","name":"Kontaktuppgifter - Molpe Sj\u00f6r\u00e4ddare","isPartOf":{"@id":"https:\/\/meripelastus.fi\/molpe\/#website"},"primaryImageOfPage":{"@id":"https:\/\/meripelastus.fi\/molpe\/kontaktuppgifter\/#primaryimage"},"image":{"@id":"https:\/\/meripelastus.fi\/molpe\/kontaktuppgifter\/#primaryimage"},"thumbnailUrl":"https:\/\/meripelastus.fi\/molpe\/wp-content\/uploads\/sites\/25\/2019\/07\/defaultbg.jpg","datePublished":"2019-07-11T08:06:04+00:00","dateModified":"2025-12-15T17:38:11+00:00","description":"Ta direkt kontakt med oss genom kontaktuppgifterna nedan, men om du \u00e4r i sj\u00f6n\u00f6d ring direkt till sj\u00f6r\u00e4ddningscentralen: 0294 1000 eller till n\u00f6dcentralen p\u00e5 :112","breadcrumb":{"@id":"https:\/\/meripelastus.fi\/molpe\/kontaktuppgifter\/#breadcrumb"},"inLanguage":"sv-SE","potentialAction":[{"@type":"ReadAction","target":["https:\/\/meripelastus.fi\/molpe\/kontaktuppgifter\/"]}]},{"@type":"ImageObject","inLanguage":"sv-SE","@id":"https:\/\/meripelastus.fi\/molpe\/kontaktuppgifter\/#primaryimage","url":"https:\/\/meripelastus.fi\/molpe\/wp-content\/uploads\/sites\/25\/2019\/07\/defaultbg.jpg","contentUrl":"https:\/\/meripelastus.fi\/molpe\/wp-content\/uploads\/sites\/25\/2019\/07\/defaultbg.jpg","width":1800,"height":355},{"@type":"BreadcrumbList","@id":"https:\/\/meripelastus.fi\/molpe\/kontaktuppgifter\/#breadcrumb","itemListElement":[{"@type":"ListItem","position":1,"name":"Home","item":"https:\/\/meripelastus.fi\/molpe\/"},{"@type":"ListItem","position":2,"name":"Kontaktuppgifter"}]},{"@type":"WebSite","@id":"https:\/\/meripelastus.fi\/molpe\/#website","url":"https:\/\/meripelastus.fi\/molpe\/","name":"Molpe Sj\u00f6r\u00e4ddare","description":"Vapaaehtoiset apunasi vesill\u00e4","potentialAction":[{"@type":"SearchAction","target":{"@type":"EntryPoint","urlTemplate":"https:\/\/meripelastus.fi\/molpe\/?s={search_term_string}"},"query-input":{"@type":"PropertyValueSpecification","valueRequired":true,"valueName":"search_term_string"}}],"inLanguage":"sv-SE"}]}},"_links":{"self":[{"href":"https:\/\/meripelastus.fi\/molpe\/wp-json\/wp\/v2\/pages\/250","targetHints":{"allow":["GET"]}}],"collection":[{"href":"https:\/\/meripelastus.fi\/molpe\/wp-json\/wp\/v2\/pages"}],"about":[{"href":"https:\/\/meripelastus.fi\/molpe\/wp-json\/wp\/v2\/types\/page"}],"author":[{"embeddable":true,"href":"https:\/\/meripelastus.fi\/molpe\/wp-json\/wp\/v2\/users\/1"}],"replies":[{"embeddable":true,"href":"https:\/\/meripelastus.fi\/molpe\/wp-json\/wp\/v2\/comments?post=250"}],"version-history":[{"count":34,"href":"https:\/\/meripelastus.fi\/molpe\/wp-json\/wp\/v2\/pages\/250\/revisions"}],"predecessor-version":[{"id":774,"href":"https:\/\/meripelastus.fi\/molpe\/wp-json\/wp\/v2\/pages\/250\/revisions\/774"}],"wp:featuredmedia":[{"embeddable":true,"href":"https:\/\/meripelastus.fi\/molpe\/wp-json\/wp\/v2\/media\/273"}],"wp:attachment":[{"href":"https:\/\/meripelastus.fi\/molpe\/wp-json\/wp\/v2\/media?parent=250"}],"curies":[{"name":"wp","href":"https:\/\/api.w.org\/{rel}","templated":true}]}}