{"id":248,"date":"2019-07-11T11:05:24","date_gmt":"2019-07-11T08:05:24","guid":{"rendered":"https:\/\/meripelastus.fi\/molpe-vedos\/?page_id=248"},"modified":"2019-07-12T09:05:13","modified_gmt":"2019-07-12T06:05:13","slug":"alarmanvisning","status":"publish","type":"page","link":"https:\/\/meripelastus.fi\/molpe\/verksamhet\/alarmanvisning\/","title":{"rendered":"Alarmanvisning"},"content":{"rendered":"<p><span>Sj\u00f6r\u00e4ddningens alarmnummer <\/span><strong>0294 1000<\/strong><br \/>\n<span>Eller VHF-kanal 16 \/ VHF-DSC 70<\/span><br \/>\n<span>Allm\u00e4nt n\u00f6dnummer <\/span><strong>112<\/strong><\/p>\n<p><strong>Trossen assistans 0800 30 22 30 (1.5.-31.10.)<\/strong><\/p>\n<p>Ring Trossen-tj\u00e4nstnumret exempelvis i f\u00f6ljande problemsituationer:<\/p>\n<ul>\n<li>B\u00e5ten ligger vid kaj eller p\u00e5 annat tryggt st\u00e4lle men startar inte f\u00f6r att:\n<ul>\n<li>br\u00e4nslet \u00e4r slut<\/li>\n<li>batteriet \u00e4r tomt<\/li>\n<li>n\u00e5gon del eller anordning har g\u00e5tt s\u00f6nder<\/li>\n<li>en lina har trasslat in sig i propellern eller ankaret fastnat i bottnen.<\/li>\n<\/ul>\n<\/li>\n<li>B\u00e5ten ligger f\u00f6r ankar p\u00e5 ett tryggt st\u00e4lle och v\u00e4dret \u00e4r gynnsamt men b\u00e5ten startar inte efter \u00f6vernattning eller simpaus.<\/li>\n<li>F\u00e4rden har pl\u00f6tsligt avbrutits pga. att n\u00e5gon anordning g\u00e5tt s\u00f6nder eller br\u00e4nslet tagit slut, men ni har lycktas ankra tryggt och det r\u00e5der igen annan fara heller.<\/li>\n<li>B\u00e5ten r\u00f6r sig men beh\u00f6ver senare, vid \u00f6verenskommen tidpunkt, hj\u00e4lp exempelvis med att l\u00e4gga i land.<\/li>\n<\/ul>\n<p>OBS! Om du \u00e4r os\u00e4ker p\u00e5 om det \u00e4r fr\u00e5ga om ett icke-br\u00e5dskande hj\u00e4lpuppdrag eller en n\u00f6dsituation, ring sj\u00f6r\u00e4ddningens alarmnummer 0294 1000 eller det allm\u00e4nna n\u00f6dnumret 112.<\/p>\n","protected":false},"excerpt":{"rendered":"<p>Sj\u00f6r\u00e4ddningens alarmnummer 0294 1000 Eller VHF-kanal 16 \/ VHF-DSC 70 Allm\u00e4nt n\u00f6dnummer 112 Trossen assistans 0800 30 22 30 (1.5.-31.10.) Ring Trossen-tj\u00e4nstnumret exempelvis i f\u00f6ljande problemsituationer: B\u00e5ten ligger vid kaj eller p\u00e5 annat tryggt st\u00e4lle men startar inte f\u00f6r att: br\u00e4nslet \u00e4r slut batteriet \u00e4r tomt n\u00e5gon del eller anordning har g\u00e5tt s\u00f6nder en lina [&hellip;]<\/p>\n","protected":false},"author":1,"featured_media":273,"parent":238,"menu_order":0,"comment_status":"closed","ping_status":"closed","template":"","meta":{"_acf_changed":false,"inline_featured_image":false,"footnotes":""},"class_list":["post-248","page","type-page","status-publish","has-post-thumbnail","hentry"],"acf":[],"yoast_head":"<!-- This site is optimized with the Yoast SEO Premium plugin v27.2 (Yoast SEO v27.2) - https:\/\/yoast.com\/product\/yoast-seo-premium-wordpress\/ -->\n<title>Alarmanvisning - Molpe Sj\u00f6r\u00e4ddare<\/title>\n<meta name=\"robots\" content=\"index, follow, max-snippet:-1, max-image-preview:large, max-video-preview:-1\" \/>\n<link rel=\"canonical\" href=\"https:\/\/meripelastus.fi\/molpe\/verksamhet\/alarmanvisning\/\" \/>\n<meta property=\"og:locale\" content=\"sv_SE\" \/>\n<meta property=\"og:type\" content=\"article\" \/>\n<meta property=\"og:title\" content=\"Alarmanvisning\" \/>\n<meta property=\"og:description\" content=\"Sj\u00f6r\u00e4ddningens alarmnummer 0294 1000 Eller VHF-kanal 16 \/ VHF-DSC 70 Allm\u00e4nt n\u00f6dnummer 112 Trossen assistans 0800 30 22 30 (1.5.-31.10.) Ring Trossen-tj\u00e4nstnumret exempelvis i f\u00f6ljande problemsituationer: B\u00e5ten ligger vid kaj eller p\u00e5 annat tryggt st\u00e4lle men startar inte f\u00f6r att: br\u00e4nslet \u00e4r slut batteriet \u00e4r tomt n\u00e5gon del eller anordning har g\u00e5tt s\u00f6nder en lina [&hellip;]\" \/>\n<meta property=\"og:url\" content=\"https:\/\/meripelastus.fi\/molpe\/verksamhet\/alarmanvisning\/\" \/>\n<meta property=\"og:site_name\" content=\"Molpe Sj\u00f6r\u00e4ddare\" \/>\n<meta property=\"article:modified_time\" content=\"2019-07-12T06:05:13+00:00\" \/>\n<meta property=\"og:image\" content=\"https:\/\/meripelastus.fi\/molpe\/wp-content\/uploads\/sites\/25\/2019\/07\/defaultbg.jpg\" \/>\n\t<meta property=\"og:image:width\" content=\"1800\" \/>\n\t<meta property=\"og:image:height\" content=\"355\" \/>\n\t<meta property=\"og:image:type\" content=\"image\/jpeg\" \/>\n<meta name=\"twitter:card\" content=\"summary_large_image\" \/>\n<meta name=\"twitter:label1\" content=\"Ber\u00e4knad l\u00e4stid\" \/>\n\t<meta name=\"twitter:data1\" content=\"1 minut\" \/>\n<script type=\"application\/ld+json\" class=\"yoast-schema-graph\">{\"@context\":\"https:\/\/schema.org\",\"@graph\":[{\"@type\":\"WebPage\",\"@id\":\"https:\/\/meripelastus.fi\/molpe\/verksamhet\/alarmanvisning\/\",\"url\":\"https:\/\/meripelastus.fi\/molpe\/verksamhet\/alarmanvisning\/\",\"name\":\"Alarmanvisning - Molpe Sj\u00f6r\u00e4ddare\",\"isPartOf\":{\"@id\":\"https:\/\/meripelastus.fi\/molpe\/#website\"},\"primaryImageOfPage\":{\"@id\":\"https:\/\/meripelastus.fi\/molpe\/verksamhet\/alarmanvisning\/#primaryimage\"},\"image\":{\"@id\":\"https:\/\/meripelastus.fi\/molpe\/verksamhet\/alarmanvisning\/#primaryimage\"},\"thumbnailUrl\":\"https:\/\/meripelastus.fi\/molpe\/wp-content\/uploads\/sites\/25\/2019\/07\/defaultbg.jpg\",\"datePublished\":\"2019-07-11T08:05:24+00:00\",\"dateModified\":\"2019-07-12T06:05:13+00:00\",\"breadcrumb\":{\"@id\":\"https:\/\/meripelastus.fi\/molpe\/verksamhet\/alarmanvisning\/#breadcrumb\"},\"inLanguage\":\"sv-SE\",\"potentialAction\":[{\"@type\":\"ReadAction\",\"target\":[\"https:\/\/meripelastus.fi\/molpe\/verksamhet\/alarmanvisning\/\"]}]},{\"@type\":\"ImageObject\",\"inLanguage\":\"sv-SE\",\"@id\":\"https:\/\/meripelastus.fi\/molpe\/verksamhet\/alarmanvisning\/#primaryimage\",\"url\":\"https:\/\/meripelastus.fi\/molpe\/wp-content\/uploads\/sites\/25\/2019\/07\/defaultbg.jpg\",\"contentUrl\":\"https:\/\/meripelastus.fi\/molpe\/wp-content\/uploads\/sites\/25\/2019\/07\/defaultbg.jpg\",\"width\":1800,\"height\":355},{\"@type\":\"BreadcrumbList\",\"@id\":\"https:\/\/meripelastus.fi\/molpe\/verksamhet\/alarmanvisning\/#breadcrumb\",\"itemListElement\":[{\"@type\":\"ListItem\",\"position\":1,\"name\":\"Home\",\"item\":\"https:\/\/meripelastus.fi\/molpe\/\"},{\"@type\":\"ListItem\",\"position\":2,\"name\":\"Verksamhet\",\"item\":\"https:\/\/meripelastus.fi\/molpe\/verksamhet\/\"},{\"@type\":\"ListItem\",\"position\":3,\"name\":\"Alarmanvisning\"}]},{\"@type\":\"WebSite\",\"@id\":\"https:\/\/meripelastus.fi\/molpe\/#website\",\"url\":\"https:\/\/meripelastus.fi\/molpe\/\",\"name\":\"Molpe Sj\u00f6r\u00e4ddare\",\"description\":\"Vapaaehtoiset apunasi vesill\u00e4\",\"potentialAction\":[{\"@type\":\"SearchAction\",\"target\":{\"@type\":\"EntryPoint\",\"urlTemplate\":\"https:\/\/meripelastus.fi\/molpe\/?s={search_term_string}\"},\"query-input\":{\"@type\":\"PropertyValueSpecification\",\"valueRequired\":true,\"valueName\":\"search_term_string\"}}],\"inLanguage\":\"sv-SE\"}]}<\/script>\n<!-- \/ Yoast SEO Premium plugin. -->","yoast_head_json":{"title":"Alarmanvisning - Molpe Sj\u00f6r\u00e4ddare","robots":{"index":"index","follow":"follow","max-snippet":"max-snippet:-1","max-image-preview":"max-image-preview:large","max-video-preview":"max-video-preview:-1"},"canonical":"https:\/\/meripelastus.fi\/molpe\/verksamhet\/alarmanvisning\/","og_locale":"sv_SE","og_type":"article","og_title":"Alarmanvisning","og_description":"Sj\u00f6r\u00e4ddningens alarmnummer 0294 1000 Eller VHF-kanal 16 \/ VHF-DSC 70 Allm\u00e4nt n\u00f6dnummer 112 Trossen assistans 0800 30 22 30 (1.5.-31.10.) Ring Trossen-tj\u00e4nstnumret exempelvis i f\u00f6ljande problemsituationer: B\u00e5ten ligger vid kaj eller p\u00e5 annat tryggt st\u00e4lle men startar inte f\u00f6r att: br\u00e4nslet \u00e4r slut batteriet \u00e4r tomt n\u00e5gon del eller anordning har g\u00e5tt s\u00f6nder en lina [&hellip;]","og_url":"https:\/\/meripelastus.fi\/molpe\/verksamhet\/alarmanvisning\/","og_site_name":"Molpe Sj\u00f6r\u00e4ddare","article_modified_time":"2019-07-12T06:05:13+00:00","og_image":[{"width":1800,"height":355,"url":"https:\/\/meripelastus.fi\/molpe\/wp-content\/uploads\/sites\/25\/2019\/07\/defaultbg.jpg","type":"image\/jpeg"}],"twitter_card":"summary_large_image","twitter_misc":{"Ber\u00e4knad l\u00e4stid":"1 minut"},"schema":{"@context":"https:\/\/schema.org","@graph":[{"@type":"WebPage","@id":"https:\/\/meripelastus.fi\/molpe\/verksamhet\/alarmanvisning\/","url":"https:\/\/meripelastus.fi\/molpe\/verksamhet\/alarmanvisning\/","name":"Alarmanvisning - Molpe Sj\u00f6r\u00e4ddare","isPartOf":{"@id":"https:\/\/meripelastus.fi\/molpe\/#website"},"primaryImageOfPage":{"@id":"https:\/\/meripelastus.fi\/molpe\/verksamhet\/alarmanvisning\/#primaryimage"},"image":{"@id":"https:\/\/meripelastus.fi\/molpe\/verksamhet\/alarmanvisning\/#primaryimage"},"thumbnailUrl":"https:\/\/meripelastus.fi\/molpe\/wp-content\/uploads\/sites\/25\/2019\/07\/defaultbg.jpg","datePublished":"2019-07-11T08:05:24+00:00","dateModified":"2019-07-12T06:05:13+00:00","breadcrumb":{"@id":"https:\/\/meripelastus.fi\/molpe\/verksamhet\/alarmanvisning\/#breadcrumb"},"inLanguage":"sv-SE","potentialAction":[{"@type":"ReadAction","target":["https:\/\/meripelastus.fi\/molpe\/verksamhet\/alarmanvisning\/"]}]},{"@type":"ImageObject","inLanguage":"sv-SE","@id":"https:\/\/meripelastus.fi\/molpe\/verksamhet\/alarmanvisning\/#primaryimage","url":"https:\/\/meripelastus.fi\/molpe\/wp-content\/uploads\/sites\/25\/2019\/07\/defaultbg.jpg","contentUrl":"https:\/\/meripelastus.fi\/molpe\/wp-content\/uploads\/sites\/25\/2019\/07\/defaultbg.jpg","width":1800,"height":355},{"@type":"BreadcrumbList","@id":"https:\/\/meripelastus.fi\/molpe\/verksamhet\/alarmanvisning\/#breadcrumb","itemListElement":[{"@type":"ListItem","position":1,"name":"Home","item":"https:\/\/meripelastus.fi\/molpe\/"},{"@type":"ListItem","position":2,"name":"Verksamhet","item":"https:\/\/meripelastus.fi\/molpe\/verksamhet\/"},{"@type":"ListItem","position":3,"name":"Alarmanvisning"}]},{"@type":"WebSite","@id":"https:\/\/meripelastus.fi\/molpe\/#website","url":"https:\/\/meripelastus.fi\/molpe\/","name":"Molpe Sj\u00f6r\u00e4ddare","description":"Vapaaehtoiset apunasi vesill\u00e4","potentialAction":[{"@type":"SearchAction","target":{"@type":"EntryPoint","urlTemplate":"https:\/\/meripelastus.fi\/molpe\/?s={search_term_string}"},"query-input":{"@type":"PropertyValueSpecification","valueRequired":true,"valueName":"search_term_string"}}],"inLanguage":"sv-SE"}]}},"_links":{"self":[{"href":"https:\/\/meripelastus.fi\/molpe\/wp-json\/wp\/v2\/pages\/248","targetHints":{"allow":["GET"]}}],"collection":[{"href":"https:\/\/meripelastus.fi\/molpe\/wp-json\/wp\/v2\/pages"}],"about":[{"href":"https:\/\/meripelastus.fi\/molpe\/wp-json\/wp\/v2\/types\/page"}],"author":[{"embeddable":true,"href":"https:\/\/meripelastus.fi\/molpe\/wp-json\/wp\/v2\/users\/1"}],"replies":[{"embeddable":true,"href":"https:\/\/meripelastus.fi\/molpe\/wp-json\/wp\/v2\/comments?post=248"}],"version-history":[{"count":3,"href":"https:\/\/meripelastus.fi\/molpe\/wp-json\/wp\/v2\/pages\/248\/revisions"}],"predecessor-version":[{"id":289,"href":"https:\/\/meripelastus.fi\/molpe\/wp-json\/wp\/v2\/pages\/248\/revisions\/289"}],"up":[{"embeddable":true,"href":"https:\/\/meripelastus.fi\/molpe\/wp-json\/wp\/v2\/pages\/238"}],"wp:featuredmedia":[{"embeddable":true,"href":"https:\/\/meripelastus.fi\/molpe\/wp-json\/wp\/v2\/media\/273"}],"wp:attachment":[{"href":"https:\/\/meripelastus.fi\/molpe\/wp-json\/wp\/v2\/media?parent=248"}],"curies":[{"name":"wp","href":"https:\/\/api.w.org\/{rel}","templated":true}]}}