{"id":246,"date":"2019-07-11T11:04:48","date_gmt":"2019-07-11T08:04:48","guid":{"rendered":"https:\/\/meripelastus.fi\/molpe-vedos\/?page_id=246"},"modified":"2024-01-25T10:17:51","modified_gmt":"2024-01-25T08:17:51","slug":"sjoraddningsuppdrag","status":"publish","type":"page","link":"https:\/\/meripelastus.fi\/molpe\/verksamhet\/sjoraddningsuppdrag\/","title":{"rendered":"Sj\u00f6r\u00e4ddningsuppdrag"},"content":{"rendered":"<ul class=\"list-unstyled\" id=\"tehtavatrss\" data-amount=\"20\" data-city=\"42\">\n                <template><\/p>\n<li style=\"list-style-type: none\">\n                      <time><\/time> <strong><place><\/place><\/strong><br \/>\n                        <span><\/span>\n                    <\/li>\n<p>                <\/template>\n            <\/ul>\n","protected":false},"excerpt":{"rendered":"","protected":false},"author":1,"featured_media":273,"parent":238,"menu_order":0,"comment_status":"closed","ping_status":"closed","template":"","meta":{"_acf_changed":false,"inline_featured_image":false,"footnotes":""},"class_list":["post-246","page","type-page","status-publish","has-post-thumbnail","hentry"],"acf":[],"yoast_head":"<!-- This site is optimized with the Yoast SEO Premium plugin v27.2 (Yoast SEO v27.2) - https:\/\/yoast.com\/product\/yoast-seo-premium-wordpress\/ -->\n<title>Sj\u00f6r\u00e4ddningsuppdrag - Molpe Sj\u00f6r\u00e4ddare<\/title>\n<meta name=\"robots\" content=\"index, follow, max-snippet:-1, max-image-preview:large, max-video-preview:-1\" \/>\n<link rel=\"canonical\" href=\"https:\/\/meripelastus.fi\/molpe\/verksamhet\/sjoraddningsuppdrag\/\" \/>\n<meta property=\"og:locale\" content=\"sv_SE\" \/>\n<meta property=\"og:type\" content=\"article\" \/>\n<meta property=\"og:title\" content=\"Sj\u00f6r\u00e4ddningsuppdrag\" \/>\n<meta property=\"og:url\" content=\"https:\/\/meripelastus.fi\/molpe\/verksamhet\/sjoraddningsuppdrag\/\" \/>\n<meta property=\"og:site_name\" content=\"Molpe Sj\u00f6r\u00e4ddare\" \/>\n<meta property=\"article:modified_time\" content=\"2024-01-25T08:17:51+00:00\" \/>\n<meta property=\"og:image\" content=\"https:\/\/meripelastus.fi\/molpe\/wp-content\/uploads\/sites\/25\/2019\/07\/defaultbg.jpg\" \/>\n\t<meta property=\"og:image:width\" content=\"1800\" \/>\n\t<meta property=\"og:image:height\" content=\"355\" \/>\n\t<meta property=\"og:image:type\" content=\"image\/jpeg\" \/>\n<meta name=\"twitter:card\" content=\"summary_large_image\" \/>\n<meta name=\"twitter:label1\" content=\"Ber\u00e4knad l\u00e4stid\" \/>\n\t<meta name=\"twitter:data1\" content=\"1 minut\" \/>\n<script type=\"application\/ld+json\" class=\"yoast-schema-graph\">{\"@context\":\"https:\/\/schema.org\",\"@graph\":[{\"@type\":\"WebPage\",\"@id\":\"https:\/\/meripelastus.fi\/molpe\/verksamhet\/sjoraddningsuppdrag\/\",\"url\":\"https:\/\/meripelastus.fi\/molpe\/verksamhet\/sjoraddningsuppdrag\/\",\"name\":\"Sj\u00f6r\u00e4ddningsuppdrag - Molpe Sj\u00f6r\u00e4ddare\",\"isPartOf\":{\"@id\":\"https:\/\/meripelastus.fi\/molpe\/#website\"},\"primaryImageOfPage\":{\"@id\":\"https:\/\/meripelastus.fi\/molpe\/verksamhet\/sjoraddningsuppdrag\/#primaryimage\"},\"image\":{\"@id\":\"https:\/\/meripelastus.fi\/molpe\/verksamhet\/sjoraddningsuppdrag\/#primaryimage\"},\"thumbnailUrl\":\"https:\/\/meripelastus.fi\/molpe\/wp-content\/uploads\/sites\/25\/2019\/07\/defaultbg.jpg\",\"datePublished\":\"2019-07-11T08:04:48+00:00\",\"dateModified\":\"2024-01-25T08:17:51+00:00\",\"breadcrumb\":{\"@id\":\"https:\/\/meripelastus.fi\/molpe\/verksamhet\/sjoraddningsuppdrag\/#breadcrumb\"},\"inLanguage\":\"sv-SE\",\"potentialAction\":[{\"@type\":\"ReadAction\",\"target\":[\"https:\/\/meripelastus.fi\/molpe\/verksamhet\/sjoraddningsuppdrag\/\"]}]},{\"@type\":\"ImageObject\",\"inLanguage\":\"sv-SE\",\"@id\":\"https:\/\/meripelastus.fi\/molpe\/verksamhet\/sjoraddningsuppdrag\/#primaryimage\",\"url\":\"https:\/\/meripelastus.fi\/molpe\/wp-content\/uploads\/sites\/25\/2019\/07\/defaultbg.jpg\",\"contentUrl\":\"https:\/\/meripelastus.fi\/molpe\/wp-content\/uploads\/sites\/25\/2019\/07\/defaultbg.jpg\",\"width\":1800,\"height\":355},{\"@type\":\"BreadcrumbList\",\"@id\":\"https:\/\/meripelastus.fi\/molpe\/verksamhet\/sjoraddningsuppdrag\/#breadcrumb\",\"itemListElement\":[{\"@type\":\"ListItem\",\"position\":1,\"name\":\"Home\",\"item\":\"https:\/\/meripelastus.fi\/molpe\/\"},{\"@type\":\"ListItem\",\"position\":2,\"name\":\"Verksamhet\",\"item\":\"https:\/\/meripelastus.fi\/molpe\/verksamhet\/\"},{\"@type\":\"ListItem\",\"position\":3,\"name\":\"Sj\u00f6r\u00e4ddningsuppdrag\"}]},{\"@type\":\"WebSite\",\"@id\":\"https:\/\/meripelastus.fi\/molpe\/#website\",\"url\":\"https:\/\/meripelastus.fi\/molpe\/\",\"name\":\"Molpe Sj\u00f6r\u00e4ddare\",\"description\":\"Vapaaehtoiset apunasi vesill\u00e4\",\"potentialAction\":[{\"@type\":\"SearchAction\",\"target\":{\"@type\":\"EntryPoint\",\"urlTemplate\":\"https:\/\/meripelastus.fi\/molpe\/?s={search_term_string}\"},\"query-input\":{\"@type\":\"PropertyValueSpecification\",\"valueRequired\":true,\"valueName\":\"search_term_string\"}}],\"inLanguage\":\"sv-SE\"}]}<\/script>\n<!-- \/ Yoast SEO Premium plugin. -->","yoast_head_json":{"title":"Sj\u00f6r\u00e4ddningsuppdrag - Molpe Sj\u00f6r\u00e4ddare","robots":{"index":"index","follow":"follow","max-snippet":"max-snippet:-1","max-image-preview":"max-image-preview:large","max-video-preview":"max-video-preview:-1"},"canonical":"https:\/\/meripelastus.fi\/molpe\/verksamhet\/sjoraddningsuppdrag\/","og_locale":"sv_SE","og_type":"article","og_title":"Sj\u00f6r\u00e4ddningsuppdrag","og_url":"https:\/\/meripelastus.fi\/molpe\/verksamhet\/sjoraddningsuppdrag\/","og_site_name":"Molpe Sj\u00f6r\u00e4ddare","article_modified_time":"2024-01-25T08:17:51+00:00","og_image":[{"width":1800,"height":355,"url":"https:\/\/meripelastus.fi\/molpe\/wp-content\/uploads\/sites\/25\/2019\/07\/defaultbg.jpg","type":"image\/jpeg"}],"twitter_card":"summary_large_image","twitter_misc":{"Ber\u00e4knad l\u00e4stid":"1 minut"},"schema":{"@context":"https:\/\/schema.org","@graph":[{"@type":"WebPage","@id":"https:\/\/meripelastus.fi\/molpe\/verksamhet\/sjoraddningsuppdrag\/","url":"https:\/\/meripelastus.fi\/molpe\/verksamhet\/sjoraddningsuppdrag\/","name":"Sj\u00f6r\u00e4ddningsuppdrag - Molpe Sj\u00f6r\u00e4ddare","isPartOf":{"@id":"https:\/\/meripelastus.fi\/molpe\/#website"},"primaryImageOfPage":{"@id":"https:\/\/meripelastus.fi\/molpe\/verksamhet\/sjoraddningsuppdrag\/#primaryimage"},"image":{"@id":"https:\/\/meripelastus.fi\/molpe\/verksamhet\/sjoraddningsuppdrag\/#primaryimage"},"thumbnailUrl":"https:\/\/meripelastus.fi\/molpe\/wp-content\/uploads\/sites\/25\/2019\/07\/defaultbg.jpg","datePublished":"2019-07-11T08:04:48+00:00","dateModified":"2024-01-25T08:17:51+00:00","breadcrumb":{"@id":"https:\/\/meripelastus.fi\/molpe\/verksamhet\/sjoraddningsuppdrag\/#breadcrumb"},"inLanguage":"sv-SE","potentialAction":[{"@type":"ReadAction","target":["https:\/\/meripelastus.fi\/molpe\/verksamhet\/sjoraddningsuppdrag\/"]}]},{"@type":"ImageObject","inLanguage":"sv-SE","@id":"https:\/\/meripelastus.fi\/molpe\/verksamhet\/sjoraddningsuppdrag\/#primaryimage","url":"https:\/\/meripelastus.fi\/molpe\/wp-content\/uploads\/sites\/25\/2019\/07\/defaultbg.jpg","contentUrl":"https:\/\/meripelastus.fi\/molpe\/wp-content\/uploads\/sites\/25\/2019\/07\/defaultbg.jpg","width":1800,"height":355},{"@type":"BreadcrumbList","@id":"https:\/\/meripelastus.fi\/molpe\/verksamhet\/sjoraddningsuppdrag\/#breadcrumb","itemListElement":[{"@type":"ListItem","position":1,"name":"Home","item":"https:\/\/meripelastus.fi\/molpe\/"},{"@type":"ListItem","position":2,"name":"Verksamhet","item":"https:\/\/meripelastus.fi\/molpe\/verksamhet\/"},{"@type":"ListItem","position":3,"name":"Sj\u00f6r\u00e4ddningsuppdrag"}]},{"@type":"WebSite","@id":"https:\/\/meripelastus.fi\/molpe\/#website","url":"https:\/\/meripelastus.fi\/molpe\/","name":"Molpe Sj\u00f6r\u00e4ddare","description":"Vapaaehtoiset apunasi vesill\u00e4","potentialAction":[{"@type":"SearchAction","target":{"@type":"EntryPoint","urlTemplate":"https:\/\/meripelastus.fi\/molpe\/?s={search_term_string}"},"query-input":{"@type":"PropertyValueSpecification","valueRequired":true,"valueName":"search_term_string"}}],"inLanguage":"sv-SE"}]}},"_links":{"self":[{"href":"https:\/\/meripelastus.fi\/molpe\/wp-json\/wp\/v2\/pages\/246","targetHints":{"allow":["GET"]}}],"collection":[{"href":"https:\/\/meripelastus.fi\/molpe\/wp-json\/wp\/v2\/pages"}],"about":[{"href":"https:\/\/meripelastus.fi\/molpe\/wp-json\/wp\/v2\/types\/page"}],"author":[{"embeddable":true,"href":"https:\/\/meripelastus.fi\/molpe\/wp-json\/wp\/v2\/users\/1"}],"replies":[{"embeddable":true,"href":"https:\/\/meripelastus.fi\/molpe\/wp-json\/wp\/v2\/comments?post=246"}],"version-history":[{"count":7,"href":"https:\/\/meripelastus.fi\/molpe\/wp-json\/wp\/v2\/pages\/246\/revisions"}],"predecessor-version":[{"id":662,"href":"https:\/\/meripelastus.fi\/molpe\/wp-json\/wp\/v2\/pages\/246\/revisions\/662"}],"up":[{"embeddable":true,"href":"https:\/\/meripelastus.fi\/molpe\/wp-json\/wp\/v2\/pages\/238"}],"wp:featuredmedia":[{"embeddable":true,"href":"https:\/\/meripelastus.fi\/molpe\/wp-json\/wp\/v2\/media\/273"}],"wp:attachment":[{"href":"https:\/\/meripelastus.fi\/molpe\/wp-json\/wp\/v2\/media?parent=246"}],"curies":[{"name":"wp","href":"https:\/\/api.w.org\/{rel}","templated":true}]}}