{"id":244,"date":"2019-07-11T11:03:45","date_gmt":"2019-07-11T08:03:45","guid":{"rendered":"https:\/\/meripelastus.fi\/molpe-vedos\/?page_id=244"},"modified":"2021-05-06T23:39:38","modified_gmt":"2021-05-06T20:39:38","slug":"sjoraddningsbatarna","status":"publish","type":"page","link":"https:\/\/meripelastus.fi\/molpe\/verksamhet\/sjoraddningsbatarna\/","title":{"rendered":"Sj\u00f6r\u00e4ddningsb\u00e5tarna"},"content":{"rendered":"<p>V\u00e5ra sj\u00f6r\u00e4ddningsb\u00e5tars namn \u00e4r resultatet av f\u00f6retagens sponsorering, dvs. Targa Rescue (Botnia Marin) och Dermo Rescue (Dermoshop).<\/p>\n<table style=\"border-collapse: collapse;width: 99.5492371705964%\">\n<tbody>\n<tr>\n<td style=\"width: 50%\"><strong><span>Targa Rescue<\/span><br \/>\n<\/strong><\/p>\n<ul style=\"list-style-type: square\">\n<li>B\u00e5ttyp: Boomeranger C-1100-008<\/li>\n<li>L\u00e4ngd: 10,95 m<\/li>\n<li>Bredd: 3,50 m<\/li>\n<li>Djupg\u00e5ende: 0,70 m<\/li>\n<li>Vikt: 4,8 ton<\/li>\n<li>Motoreffekt: 2&#215;184 kW<\/li>\n<li>Maxfart: 32 knop<\/li>\n<li>Br\u00e4nsletank: 590 liter (diesel)<\/li>\n<li>Br\u00e4nslef\u00f6rbrukning: 3,9 l \/ NM<\/li>\n<li>Manskap: Bef\u00e4lhavare, Rorsman och 2 x d\u00e4cksman (4 pers.)<\/li>\n<li>Utrustning:T\u00f6mnings\/brandpump, sjukb\u00e5r och f\u00f6rsta hj\u00e4lpv\u00e4ska<\/li>\n<\/ul>\n<\/td>\n<td style=\"width: 49.54923717059639%\"><\/td>\n<\/tr>\n<\/tbody>\n<\/table>\n<p>&nbsp;<\/p>\n<table style=\"border-collapse: collapse;width: 100%\">\n<tbody>\n<tr>\n<td style=\"width: 50%\"><strong><span>Dermo Rescue<\/span><br \/>\n<\/strong><\/p>\n<ul style=\"list-style-type: square\">\n<li>B\u00e5ttyp: Sea-doo Spark<\/li>\n<li>L\u00e4ngd: xx m<\/li>\n<li>Bredd: xx m<\/li>\n<li>Djupg\u00e5ende: xx m<\/li>\n<li>Vikt: xx ton<\/li>\n<li>Motoreffekt: xx kW<\/li>\n<li>Maxfart: 40 knop<\/li>\n<li>Br\u00e4nsletank: 5xx liter (bensin)<\/li>\n<li>Br\u00e4nslef\u00f6rbrukning: xx l \/ NM<\/li>\n<li>Manskap: Bef\u00e4lhavare<\/li>\n<li>Utrustning: VHF, VIRVE, Raymarine sj\u00f6kortsplotter, AIS och f\u00f6rsta hj\u00e4lpv\u00e4ska<\/li>\n<\/ul>\n<\/td>\n<td style=\"width: 50%\"><img loading=\"lazy\" decoding=\"async\" class=\"alignnone size-large wp-image-282\" src=\"https:\/\/meripelastus.fi\/molpe-vedos\/wp-content\/uploads\/sites\/25\/2019\/07\/cover-1024x484.jpg\" alt=\"\" width=\"1024\" height=\"484\" srcset=\"https:\/\/meripelastus.fi\/molpe\/wp-content\/uploads\/sites\/25\/2019\/07\/cover-1024x484.jpg 1024w, https:\/\/meripelastus.fi\/molpe\/wp-content\/uploads\/sites\/25\/2019\/07\/cover-300x142.jpg 300w, https:\/\/meripelastus.fi\/molpe\/wp-content\/uploads\/sites\/25\/2019\/07\/cover-768x363.jpg 768w, https:\/\/meripelastus.fi\/molpe\/wp-content\/uploads\/sites\/25\/2019\/07\/cover.jpg 1800w\" sizes=\"auto, (max-width: 1024px) 100vw, 1024px\" \/><\/td>\n<\/tr>\n<\/tbody>\n<\/table>\n<p>&nbsp;<\/p>\n<table style=\"border-collapse: collapse;width: 100%\">\n<tbody>\n<tr>\n<td style=\"width: 50%\"><strong><span>L\u00e4hdekorpi Rescue<\/span><br \/>\n<\/strong><\/p>\n<ul style=\"list-style-type: square\">\n<li>B\u00e5ttyp: Polytor Pro \u00a016<\/li>\n<li>L\u00e4ngd: 5,03 m<\/li>\n<li>Bredd: 2,05 m<\/li>\n<li>Djupg\u00e5ende: xx m<\/li>\n<li>Vikt: 0,7 ton<\/li>\n<li>Motoreffekt: 51,5 kW (70 hp Yamaha)<\/li>\n<li>Maxfart: 28 knop<\/li>\n<li>Br\u00e4nsletank: 4 x 25 liter (98E)<\/li>\n<li>Br\u00e4nslef\u00f6rbrukning: 1,0 l \/ NM<\/li>\n<li>Manskap: Bef\u00e4lhavare + D\u00e4cksman eller Rorsman + Bef\u00e4lhavare<\/li>\n<li>Utrustning: VHF, VIRVE, Raymarine sj\u00f6kortsplotter, AIS och f\u00f6rsta hj\u00e4lpv\u00e4ska<\/li>\n<\/ul>\n<\/td>\n<td style=\"width: 50%\"><\/td>\n<\/tr>\n<\/tbody>\n<\/table>\n<p>&nbsp;<\/p>\n","protected":false},"excerpt":{"rendered":"<p>V\u00e5ra sj\u00f6r\u00e4ddningsb\u00e5tars namn \u00e4r resultatet av f\u00f6retagens sponsorering, dvs. Targa Rescue (Botnia Marin) och Dermo Rescue (Dermoshop). Targa Rescue B\u00e5ttyp: Boomeranger C-1100-008 L\u00e4ngd: 10,95 m Bredd: 3,50 m Djupg\u00e5ende: 0,70 m Vikt: 4,8 ton Motoreffekt: 2&#215;184 kW Maxfart: 32 knop Br\u00e4nsletank: 590 liter (diesel) Br\u00e4nslef\u00f6rbrukning: 3,9 l \/ NM Manskap: Bef\u00e4lhavare, Rorsman och 2 x [&hellip;]<\/p>\n","protected":false},"author":1,"featured_media":273,"parent":238,"menu_order":0,"comment_status":"closed","ping_status":"closed","template":"","meta":{"_acf_changed":false,"inline_featured_image":false,"footnotes":""},"class_list":["post-244","page","type-page","status-publish","has-post-thumbnail","hentry"],"acf":[],"yoast_head":"<!-- This site is optimized with the Yoast SEO Premium plugin v27.2 (Yoast SEO v27.2) - https:\/\/yoast.com\/product\/yoast-seo-premium-wordpress\/ -->\n<title>Sj\u00f6r\u00e4ddningsb\u00e5tarna - Molpe Sj\u00f6r\u00e4ddare<\/title>\n<meta name=\"robots\" content=\"index, follow, max-snippet:-1, max-image-preview:large, max-video-preview:-1\" \/>\n<link rel=\"canonical\" href=\"https:\/\/meripelastus.fi\/molpe\/verksamhet\/sjoraddningsbatarna\/\" \/>\n<meta property=\"og:locale\" content=\"sv_SE\" \/>\n<meta property=\"og:type\" content=\"article\" \/>\n<meta property=\"og:title\" content=\"Sj\u00f6r\u00e4ddningsb\u00e5tarna\" \/>\n<meta property=\"og:description\" content=\"V\u00e5ra sj\u00f6r\u00e4ddningsb\u00e5tars namn \u00e4r resultatet av f\u00f6retagens sponsorering, dvs. Targa Rescue (Botnia Marin) och Dermo Rescue (Dermoshop). Targa Rescue B\u00e5ttyp: Boomeranger C-1100-008 L\u00e4ngd: 10,95 m Bredd: 3,50 m Djupg\u00e5ende: 0,70 m Vikt: 4,8 ton Motoreffekt: 2&#215;184 kW Maxfart: 32 knop Br\u00e4nsletank: 590 liter (diesel) Br\u00e4nslef\u00f6rbrukning: 3,9 l \/ NM Manskap: Bef\u00e4lhavare, Rorsman och 2 x [&hellip;]\" \/>\n<meta property=\"og:url\" content=\"https:\/\/meripelastus.fi\/molpe\/verksamhet\/sjoraddningsbatarna\/\" \/>\n<meta property=\"og:site_name\" content=\"Molpe Sj\u00f6r\u00e4ddare\" \/>\n<meta property=\"article:modified_time\" content=\"2021-05-06T20:39:38+00:00\" \/>\n<meta property=\"og:image\" content=\"https:\/\/meripelastus.fi\/molpe\/wp-content\/uploads\/sites\/25\/2019\/07\/defaultbg.jpg\" \/>\n\t<meta property=\"og:image:width\" content=\"1800\" \/>\n\t<meta property=\"og:image:height\" content=\"355\" \/>\n\t<meta property=\"og:image:type\" content=\"image\/jpeg\" \/>\n<meta name=\"twitter:card\" content=\"summary_large_image\" \/>\n<meta name=\"twitter:label1\" content=\"Ber\u00e4knad l\u00e4stid\" \/>\n\t<meta name=\"twitter:data1\" content=\"1 minut\" \/>\n<script type=\"application\/ld+json\" class=\"yoast-schema-graph\">{\"@context\":\"https:\/\/schema.org\",\"@graph\":[{\"@type\":\"WebPage\",\"@id\":\"https:\/\/meripelastus.fi\/molpe\/verksamhet\/sjoraddningsbatarna\/\",\"url\":\"https:\/\/meripelastus.fi\/molpe\/verksamhet\/sjoraddningsbatarna\/\",\"name\":\"Sj\u00f6r\u00e4ddningsb\u00e5tarna - Molpe Sj\u00f6r\u00e4ddare\",\"isPartOf\":{\"@id\":\"https:\/\/meripelastus.fi\/molpe\/#website\"},\"primaryImageOfPage\":{\"@id\":\"https:\/\/meripelastus.fi\/molpe\/verksamhet\/sjoraddningsbatarna\/#primaryimage\"},\"image\":{\"@id\":\"https:\/\/meripelastus.fi\/molpe\/verksamhet\/sjoraddningsbatarna\/#primaryimage\"},\"thumbnailUrl\":\"https:\/\/meripelastus.fi\/molpe\/wp-content\/uploads\/sites\/25\/2019\/07\/defaultbg.jpg\",\"datePublished\":\"2019-07-11T08:03:45+00:00\",\"dateModified\":\"2021-05-06T20:39:38+00:00\",\"breadcrumb\":{\"@id\":\"https:\/\/meripelastus.fi\/molpe\/verksamhet\/sjoraddningsbatarna\/#breadcrumb\"},\"inLanguage\":\"sv-SE\",\"potentialAction\":[{\"@type\":\"ReadAction\",\"target\":[\"https:\/\/meripelastus.fi\/molpe\/verksamhet\/sjoraddningsbatarna\/\"]}]},{\"@type\":\"ImageObject\",\"inLanguage\":\"sv-SE\",\"@id\":\"https:\/\/meripelastus.fi\/molpe\/verksamhet\/sjoraddningsbatarna\/#primaryimage\",\"url\":\"https:\/\/meripelastus.fi\/molpe\/wp-content\/uploads\/sites\/25\/2019\/07\/defaultbg.jpg\",\"contentUrl\":\"https:\/\/meripelastus.fi\/molpe\/wp-content\/uploads\/sites\/25\/2019\/07\/defaultbg.jpg\",\"width\":1800,\"height\":355},{\"@type\":\"BreadcrumbList\",\"@id\":\"https:\/\/meripelastus.fi\/molpe\/verksamhet\/sjoraddningsbatarna\/#breadcrumb\",\"itemListElement\":[{\"@type\":\"ListItem\",\"position\":1,\"name\":\"Home\",\"item\":\"https:\/\/meripelastus.fi\/molpe\/\"},{\"@type\":\"ListItem\",\"position\":2,\"name\":\"Verksamhet\",\"item\":\"https:\/\/meripelastus.fi\/molpe\/verksamhet\/\"},{\"@type\":\"ListItem\",\"position\":3,\"name\":\"Sj\u00f6r\u00e4ddningsb\u00e5tarna\"}]},{\"@type\":\"WebSite\",\"@id\":\"https:\/\/meripelastus.fi\/molpe\/#website\",\"url\":\"https:\/\/meripelastus.fi\/molpe\/\",\"name\":\"Molpe Sj\u00f6r\u00e4ddare\",\"description\":\"Vapaaehtoiset apunasi vesill\u00e4\",\"potentialAction\":[{\"@type\":\"SearchAction\",\"target\":{\"@type\":\"EntryPoint\",\"urlTemplate\":\"https:\/\/meripelastus.fi\/molpe\/?s={search_term_string}\"},\"query-input\":{\"@type\":\"PropertyValueSpecification\",\"valueRequired\":true,\"valueName\":\"search_term_string\"}}],\"inLanguage\":\"sv-SE\"}]}<\/script>\n<!-- \/ Yoast SEO Premium plugin. -->","yoast_head_json":{"title":"Sj\u00f6r\u00e4ddningsb\u00e5tarna - Molpe Sj\u00f6r\u00e4ddare","robots":{"index":"index","follow":"follow","max-snippet":"max-snippet:-1","max-image-preview":"max-image-preview:large","max-video-preview":"max-video-preview:-1"},"canonical":"https:\/\/meripelastus.fi\/molpe\/verksamhet\/sjoraddningsbatarna\/","og_locale":"sv_SE","og_type":"article","og_title":"Sj\u00f6r\u00e4ddningsb\u00e5tarna","og_description":"V\u00e5ra sj\u00f6r\u00e4ddningsb\u00e5tars namn \u00e4r resultatet av f\u00f6retagens sponsorering, dvs. Targa Rescue (Botnia Marin) och Dermo Rescue (Dermoshop). Targa Rescue B\u00e5ttyp: Boomeranger C-1100-008 L\u00e4ngd: 10,95 m Bredd: 3,50 m Djupg\u00e5ende: 0,70 m Vikt: 4,8 ton Motoreffekt: 2&#215;184 kW Maxfart: 32 knop Br\u00e4nsletank: 590 liter (diesel) Br\u00e4nslef\u00f6rbrukning: 3,9 l \/ NM Manskap: Bef\u00e4lhavare, Rorsman och 2 x [&hellip;]","og_url":"https:\/\/meripelastus.fi\/molpe\/verksamhet\/sjoraddningsbatarna\/","og_site_name":"Molpe Sj\u00f6r\u00e4ddare","article_modified_time":"2021-05-06T20:39:38+00:00","og_image":[{"width":1800,"height":355,"url":"https:\/\/meripelastus.fi\/molpe\/wp-content\/uploads\/sites\/25\/2019\/07\/defaultbg.jpg","type":"image\/jpeg"}],"twitter_card":"summary_large_image","twitter_misc":{"Ber\u00e4knad l\u00e4stid":"1 minut"},"schema":{"@context":"https:\/\/schema.org","@graph":[{"@type":"WebPage","@id":"https:\/\/meripelastus.fi\/molpe\/verksamhet\/sjoraddningsbatarna\/","url":"https:\/\/meripelastus.fi\/molpe\/verksamhet\/sjoraddningsbatarna\/","name":"Sj\u00f6r\u00e4ddningsb\u00e5tarna - Molpe Sj\u00f6r\u00e4ddare","isPartOf":{"@id":"https:\/\/meripelastus.fi\/molpe\/#website"},"primaryImageOfPage":{"@id":"https:\/\/meripelastus.fi\/molpe\/verksamhet\/sjoraddningsbatarna\/#primaryimage"},"image":{"@id":"https:\/\/meripelastus.fi\/molpe\/verksamhet\/sjoraddningsbatarna\/#primaryimage"},"thumbnailUrl":"https:\/\/meripelastus.fi\/molpe\/wp-content\/uploads\/sites\/25\/2019\/07\/defaultbg.jpg","datePublished":"2019-07-11T08:03:45+00:00","dateModified":"2021-05-06T20:39:38+00:00","breadcrumb":{"@id":"https:\/\/meripelastus.fi\/molpe\/verksamhet\/sjoraddningsbatarna\/#breadcrumb"},"inLanguage":"sv-SE","potentialAction":[{"@type":"ReadAction","target":["https:\/\/meripelastus.fi\/molpe\/verksamhet\/sjoraddningsbatarna\/"]}]},{"@type":"ImageObject","inLanguage":"sv-SE","@id":"https:\/\/meripelastus.fi\/molpe\/verksamhet\/sjoraddningsbatarna\/#primaryimage","url":"https:\/\/meripelastus.fi\/molpe\/wp-content\/uploads\/sites\/25\/2019\/07\/defaultbg.jpg","contentUrl":"https:\/\/meripelastus.fi\/molpe\/wp-content\/uploads\/sites\/25\/2019\/07\/defaultbg.jpg","width":1800,"height":355},{"@type":"BreadcrumbList","@id":"https:\/\/meripelastus.fi\/molpe\/verksamhet\/sjoraddningsbatarna\/#breadcrumb","itemListElement":[{"@type":"ListItem","position":1,"name":"Home","item":"https:\/\/meripelastus.fi\/molpe\/"},{"@type":"ListItem","position":2,"name":"Verksamhet","item":"https:\/\/meripelastus.fi\/molpe\/verksamhet\/"},{"@type":"ListItem","position":3,"name":"Sj\u00f6r\u00e4ddningsb\u00e5tarna"}]},{"@type":"WebSite","@id":"https:\/\/meripelastus.fi\/molpe\/#website","url":"https:\/\/meripelastus.fi\/molpe\/","name":"Molpe Sj\u00f6r\u00e4ddare","description":"Vapaaehtoiset apunasi vesill\u00e4","potentialAction":[{"@type":"SearchAction","target":{"@type":"EntryPoint","urlTemplate":"https:\/\/meripelastus.fi\/molpe\/?s={search_term_string}"},"query-input":{"@type":"PropertyValueSpecification","valueRequired":true,"valueName":"search_term_string"}}],"inLanguage":"sv-SE"}]}},"_links":{"self":[{"href":"https:\/\/meripelastus.fi\/molpe\/wp-json\/wp\/v2\/pages\/244","targetHints":{"allow":["GET"]}}],"collection":[{"href":"https:\/\/meripelastus.fi\/molpe\/wp-json\/wp\/v2\/pages"}],"about":[{"href":"https:\/\/meripelastus.fi\/molpe\/wp-json\/wp\/v2\/types\/page"}],"author":[{"embeddable":true,"href":"https:\/\/meripelastus.fi\/molpe\/wp-json\/wp\/v2\/users\/1"}],"replies":[{"embeddable":true,"href":"https:\/\/meripelastus.fi\/molpe\/wp-json\/wp\/v2\/comments?post=244"}],"version-history":[{"count":13,"href":"https:\/\/meripelastus.fi\/molpe\/wp-json\/wp\/v2\/pages\/244\/revisions"}],"predecessor-version":[{"id":506,"href":"https:\/\/meripelastus.fi\/molpe\/wp-json\/wp\/v2\/pages\/244\/revisions\/506"}],"up":[{"embeddable":true,"href":"https:\/\/meripelastus.fi\/molpe\/wp-json\/wp\/v2\/pages\/238"}],"wp:featuredmedia":[{"embeddable":true,"href":"https:\/\/meripelastus.fi\/molpe\/wp-json\/wp\/v2\/media\/273"}],"wp:attachment":[{"href":"https:\/\/meripelastus.fi\/molpe\/wp-json\/wp\/v2\/media?parent=244"}],"curies":[{"name":"wp","href":"https:\/\/api.w.org\/{rel}","templated":true}]}}