{"id":240,"date":"2019-07-11T11:02:36","date_gmt":"2019-07-11T08:02:36","guid":{"rendered":"https:\/\/meripelastus.fi\/molpe-vedos\/?page_id=240"},"modified":"2024-02-01T17:02:37","modified_gmt":"2024-02-01T15:02:37","slug":"tilaa-uutiskirje","status":"publish","type":"page","link":"https:\/\/meripelastus.fi\/molpe\/verksamhet\/tilaa-uutiskirje\/","title":{"rendered":"Utbildning"},"content":{"rendered":"<p>Molpe Sj\u00f6r\u00e4ddare rf utbildar sina aktiva sj\u00f6r\u00e4ddare kontinuerligt under \u00e5ret.<\/p>\n<p>Vintertid (Januari &#8211; Mars) h\u00e5ller vi teoriskolning enligt Finlands Sj\u00f6r\u00e4ddningss\u00e4llskap rf&#8217;s skolningssystem.<\/p>\n<p>V\u00e5r-sommar-h\u00f6st h\u00e5lls b\u00e5de teoretisk och praktisk skolning 1 &#8211; 2 g\u00e5nger per vecka vid Bredsk\u00e4rs Fiskehamn i Molpe.<\/p>\n<p>M\u00e5let \u00e4r att ge de frivilliga sj\u00f6r\u00e4ddarna s\u00e5dana kunskaper och f\u00e4rdigheter att de s\u00e4kert och effektivt kan agera ombord p\u00e5 v\u00e5ra r\u00e4ddningsb\u00e5tar. Utbildningen g\u00f6r det m\u00f6jligt att avancera fr\u00e5n D\u00e4cksman till Bef\u00e4lhavare under r\u00e4tt omst\u00e4ndigheter.<\/p>\n<p>Det m\u00e5ngsidiga utbildningsutbudet omfattar bland andra kurser i efterspaning och r\u00e4ddning, utbildning i att hantera olika b\u00e5ttyper, f\u00f6rsta hj\u00e4lp, navigation samt radar- och VHF-kurser.<\/p>\n<p><img loading=\"lazy\" decoding=\"async\" class=\"wp-image-675 aligncenter\" src=\"https:\/\/meripelastus.fi\/molpe\/wp-content\/uploads\/sites\/25\/2024\/01\/Foto-2024-01-17-20-08-23-1024x1024.jpg\" alt=\"\" width=\"508\" height=\"508\" srcset=\"https:\/\/meripelastus.fi\/molpe\/wp-content\/uploads\/sites\/25\/2024\/01\/Foto-2024-01-17-20-08-23-1024x1024.jpg 1024w, https:\/\/meripelastus.fi\/molpe\/wp-content\/uploads\/sites\/25\/2024\/01\/Foto-2024-01-17-20-08-23-300x300.jpg 300w, https:\/\/meripelastus.fi\/molpe\/wp-content\/uploads\/sites\/25\/2024\/01\/Foto-2024-01-17-20-08-23-150x150.jpg 150w, https:\/\/meripelastus.fi\/molpe\/wp-content\/uploads\/sites\/25\/2024\/01\/Foto-2024-01-17-20-08-23-768x768.jpg 768w, https:\/\/meripelastus.fi\/molpe\/wp-content\/uploads\/sites\/25\/2024\/01\/Foto-2024-01-17-20-08-23-160x160.jpg 160w, https:\/\/meripelastus.fi\/molpe\/wp-content\/uploads\/sites\/25\/2024\/01\/Foto-2024-01-17-20-08-23.jpg 1440w\" sizes=\"auto, (max-width: 508px) 100vw, 508px\" \/><\/p>\n","protected":false},"excerpt":{"rendered":"<p>Molpe Sj\u00f6r\u00e4ddare rf utbildar sina aktiva sj\u00f6r\u00e4ddare kontinuerligt under \u00e5ret. Vintertid (Januari &#8211; Mars) h\u00e5ller vi teoriskolning enligt Finlands Sj\u00f6r\u00e4ddningss\u00e4llskap rf&#8217;s skolningssystem. V\u00e5r-sommar-h\u00f6st h\u00e5lls b\u00e5de teoretisk och praktisk skolning 1 &#8211; 2 g\u00e5nger per vecka vid Bredsk\u00e4rs Fiskehamn i Molpe. M\u00e5let \u00e4r att ge de frivilliga sj\u00f6r\u00e4ddarna s\u00e5dana kunskaper och f\u00e4rdigheter att de s\u00e4kert och [&hellip;]<\/p>\n","protected":false},"author":1,"featured_media":273,"parent":238,"menu_order":0,"comment_status":"closed","ping_status":"closed","template":"","meta":{"_acf_changed":false,"inline_featured_image":false,"footnotes":""},"class_list":["post-240","page","type-page","status-publish","has-post-thumbnail","hentry"],"acf":[],"yoast_head":"<!-- This site is optimized with the Yoast SEO Premium plugin v27.2 (Yoast SEO v27.2) - https:\/\/yoast.com\/product\/yoast-seo-premium-wordpress\/ -->\n<title>Utbildning - Molpe Sj\u00f6r\u00e4ddare<\/title>\n<meta name=\"robots\" content=\"index, follow, max-snippet:-1, max-image-preview:large, max-video-preview:-1\" \/>\n<link rel=\"canonical\" href=\"https:\/\/meripelastus.fi\/molpe\/verksamhet\/tilaa-uutiskirje\/\" \/>\n<meta property=\"og:locale\" content=\"sv_SE\" \/>\n<meta property=\"og:type\" content=\"article\" \/>\n<meta property=\"og:title\" content=\"Utbildning\" \/>\n<meta property=\"og:description\" content=\"Molpe Sj\u00f6r\u00e4ddare rf utbildar sina aktiva sj\u00f6r\u00e4ddare kontinuerligt under \u00e5ret. Vintertid (Januari &#8211; Mars) h\u00e5ller vi teoriskolning enligt Finlands Sj\u00f6r\u00e4ddningss\u00e4llskap rf&#8217;s skolningssystem. V\u00e5r-sommar-h\u00f6st h\u00e5lls b\u00e5de teoretisk och praktisk skolning 1 &#8211; 2 g\u00e5nger per vecka vid Bredsk\u00e4rs Fiskehamn i Molpe. M\u00e5let \u00e4r att ge de frivilliga sj\u00f6r\u00e4ddarna s\u00e5dana kunskaper och f\u00e4rdigheter att de s\u00e4kert och [&hellip;]\" \/>\n<meta property=\"og:url\" content=\"https:\/\/meripelastus.fi\/molpe\/verksamhet\/tilaa-uutiskirje\/\" \/>\n<meta property=\"og:site_name\" content=\"Molpe Sj\u00f6r\u00e4ddare\" \/>\n<meta property=\"article:modified_time\" content=\"2024-02-01T15:02:37+00:00\" \/>\n<meta property=\"og:image\" content=\"https:\/\/meripelastus.fi\/molpe\/wp-content\/uploads\/sites\/25\/2019\/07\/defaultbg.jpg\" \/>\n\t<meta property=\"og:image:width\" content=\"1800\" \/>\n\t<meta property=\"og:image:height\" content=\"355\" \/>\n\t<meta property=\"og:image:type\" content=\"image\/jpeg\" \/>\n<meta name=\"twitter:card\" content=\"summary_large_image\" \/>\n<meta name=\"twitter:label1\" content=\"Ber\u00e4knad l\u00e4stid\" \/>\n\t<meta name=\"twitter:data1\" content=\"1 minut\" \/>\n<script type=\"application\/ld+json\" class=\"yoast-schema-graph\">{\"@context\":\"https:\/\/schema.org\",\"@graph\":[{\"@type\":\"WebPage\",\"@id\":\"https:\/\/meripelastus.fi\/molpe\/verksamhet\/tilaa-uutiskirje\/\",\"url\":\"https:\/\/meripelastus.fi\/molpe\/verksamhet\/tilaa-uutiskirje\/\",\"name\":\"Utbildning - Molpe Sj\u00f6r\u00e4ddare\",\"isPartOf\":{\"@id\":\"https:\/\/meripelastus.fi\/molpe\/#website\"},\"primaryImageOfPage\":{\"@id\":\"https:\/\/meripelastus.fi\/molpe\/verksamhet\/tilaa-uutiskirje\/#primaryimage\"},\"image\":{\"@id\":\"https:\/\/meripelastus.fi\/molpe\/verksamhet\/tilaa-uutiskirje\/#primaryimage\"},\"thumbnailUrl\":\"https:\/\/meripelastus.fi\/molpe\/wp-content\/uploads\/sites\/25\/2019\/07\/defaultbg.jpg\",\"datePublished\":\"2019-07-11T08:02:36+00:00\",\"dateModified\":\"2024-02-01T15:02:37+00:00\",\"breadcrumb\":{\"@id\":\"https:\/\/meripelastus.fi\/molpe\/verksamhet\/tilaa-uutiskirje\/#breadcrumb\"},\"inLanguage\":\"sv-SE\",\"potentialAction\":[{\"@type\":\"ReadAction\",\"target\":[\"https:\/\/meripelastus.fi\/molpe\/verksamhet\/tilaa-uutiskirje\/\"]}]},{\"@type\":\"ImageObject\",\"inLanguage\":\"sv-SE\",\"@id\":\"https:\/\/meripelastus.fi\/molpe\/verksamhet\/tilaa-uutiskirje\/#primaryimage\",\"url\":\"https:\/\/meripelastus.fi\/molpe\/wp-content\/uploads\/sites\/25\/2019\/07\/defaultbg.jpg\",\"contentUrl\":\"https:\/\/meripelastus.fi\/molpe\/wp-content\/uploads\/sites\/25\/2019\/07\/defaultbg.jpg\",\"width\":1800,\"height\":355},{\"@type\":\"BreadcrumbList\",\"@id\":\"https:\/\/meripelastus.fi\/molpe\/verksamhet\/tilaa-uutiskirje\/#breadcrumb\",\"itemListElement\":[{\"@type\":\"ListItem\",\"position\":1,\"name\":\"Home\",\"item\":\"https:\/\/meripelastus.fi\/molpe\/\"},{\"@type\":\"ListItem\",\"position\":2,\"name\":\"Verksamhet\",\"item\":\"https:\/\/meripelastus.fi\/molpe\/verksamhet\/\"},{\"@type\":\"ListItem\",\"position\":3,\"name\":\"Utbildning\"}]},{\"@type\":\"WebSite\",\"@id\":\"https:\/\/meripelastus.fi\/molpe\/#website\",\"url\":\"https:\/\/meripelastus.fi\/molpe\/\",\"name\":\"Molpe Sj\u00f6r\u00e4ddare\",\"description\":\"Vapaaehtoiset apunasi vesill\u00e4\",\"potentialAction\":[{\"@type\":\"SearchAction\",\"target\":{\"@type\":\"EntryPoint\",\"urlTemplate\":\"https:\/\/meripelastus.fi\/molpe\/?s={search_term_string}\"},\"query-input\":{\"@type\":\"PropertyValueSpecification\",\"valueRequired\":true,\"valueName\":\"search_term_string\"}}],\"inLanguage\":\"sv-SE\"}]}<\/script>\n<!-- \/ Yoast SEO Premium plugin. -->","yoast_head_json":{"title":"Utbildning - Molpe Sj\u00f6r\u00e4ddare","robots":{"index":"index","follow":"follow","max-snippet":"max-snippet:-1","max-image-preview":"max-image-preview:large","max-video-preview":"max-video-preview:-1"},"canonical":"https:\/\/meripelastus.fi\/molpe\/verksamhet\/tilaa-uutiskirje\/","og_locale":"sv_SE","og_type":"article","og_title":"Utbildning","og_description":"Molpe Sj\u00f6r\u00e4ddare rf utbildar sina aktiva sj\u00f6r\u00e4ddare kontinuerligt under \u00e5ret. Vintertid (Januari &#8211; Mars) h\u00e5ller vi teoriskolning enligt Finlands Sj\u00f6r\u00e4ddningss\u00e4llskap rf&#8217;s skolningssystem. V\u00e5r-sommar-h\u00f6st h\u00e5lls b\u00e5de teoretisk och praktisk skolning 1 &#8211; 2 g\u00e5nger per vecka vid Bredsk\u00e4rs Fiskehamn i Molpe. M\u00e5let \u00e4r att ge de frivilliga sj\u00f6r\u00e4ddarna s\u00e5dana kunskaper och f\u00e4rdigheter att de s\u00e4kert och [&hellip;]","og_url":"https:\/\/meripelastus.fi\/molpe\/verksamhet\/tilaa-uutiskirje\/","og_site_name":"Molpe Sj\u00f6r\u00e4ddare","article_modified_time":"2024-02-01T15:02:37+00:00","og_image":[{"width":1800,"height":355,"url":"https:\/\/meripelastus.fi\/molpe\/wp-content\/uploads\/sites\/25\/2019\/07\/defaultbg.jpg","type":"image\/jpeg"}],"twitter_card":"summary_large_image","twitter_misc":{"Ber\u00e4knad l\u00e4stid":"1 minut"},"schema":{"@context":"https:\/\/schema.org","@graph":[{"@type":"WebPage","@id":"https:\/\/meripelastus.fi\/molpe\/verksamhet\/tilaa-uutiskirje\/","url":"https:\/\/meripelastus.fi\/molpe\/verksamhet\/tilaa-uutiskirje\/","name":"Utbildning - Molpe Sj\u00f6r\u00e4ddare","isPartOf":{"@id":"https:\/\/meripelastus.fi\/molpe\/#website"},"primaryImageOfPage":{"@id":"https:\/\/meripelastus.fi\/molpe\/verksamhet\/tilaa-uutiskirje\/#primaryimage"},"image":{"@id":"https:\/\/meripelastus.fi\/molpe\/verksamhet\/tilaa-uutiskirje\/#primaryimage"},"thumbnailUrl":"https:\/\/meripelastus.fi\/molpe\/wp-content\/uploads\/sites\/25\/2019\/07\/defaultbg.jpg","datePublished":"2019-07-11T08:02:36+00:00","dateModified":"2024-02-01T15:02:37+00:00","breadcrumb":{"@id":"https:\/\/meripelastus.fi\/molpe\/verksamhet\/tilaa-uutiskirje\/#breadcrumb"},"inLanguage":"sv-SE","potentialAction":[{"@type":"ReadAction","target":["https:\/\/meripelastus.fi\/molpe\/verksamhet\/tilaa-uutiskirje\/"]}]},{"@type":"ImageObject","inLanguage":"sv-SE","@id":"https:\/\/meripelastus.fi\/molpe\/verksamhet\/tilaa-uutiskirje\/#primaryimage","url":"https:\/\/meripelastus.fi\/molpe\/wp-content\/uploads\/sites\/25\/2019\/07\/defaultbg.jpg","contentUrl":"https:\/\/meripelastus.fi\/molpe\/wp-content\/uploads\/sites\/25\/2019\/07\/defaultbg.jpg","width":1800,"height":355},{"@type":"BreadcrumbList","@id":"https:\/\/meripelastus.fi\/molpe\/verksamhet\/tilaa-uutiskirje\/#breadcrumb","itemListElement":[{"@type":"ListItem","position":1,"name":"Home","item":"https:\/\/meripelastus.fi\/molpe\/"},{"@type":"ListItem","position":2,"name":"Verksamhet","item":"https:\/\/meripelastus.fi\/molpe\/verksamhet\/"},{"@type":"ListItem","position":3,"name":"Utbildning"}]},{"@type":"WebSite","@id":"https:\/\/meripelastus.fi\/molpe\/#website","url":"https:\/\/meripelastus.fi\/molpe\/","name":"Molpe Sj\u00f6r\u00e4ddare","description":"Vapaaehtoiset apunasi vesill\u00e4","potentialAction":[{"@type":"SearchAction","target":{"@type":"EntryPoint","urlTemplate":"https:\/\/meripelastus.fi\/molpe\/?s={search_term_string}"},"query-input":{"@type":"PropertyValueSpecification","valueRequired":true,"valueName":"search_term_string"}}],"inLanguage":"sv-SE"}]}},"_links":{"self":[{"href":"https:\/\/meripelastus.fi\/molpe\/wp-json\/wp\/v2\/pages\/240","targetHints":{"allow":["GET"]}}],"collection":[{"href":"https:\/\/meripelastus.fi\/molpe\/wp-json\/wp\/v2\/pages"}],"about":[{"href":"https:\/\/meripelastus.fi\/molpe\/wp-json\/wp\/v2\/types\/page"}],"author":[{"embeddable":true,"href":"https:\/\/meripelastus.fi\/molpe\/wp-json\/wp\/v2\/users\/1"}],"replies":[{"embeddable":true,"href":"https:\/\/meripelastus.fi\/molpe\/wp-json\/wp\/v2\/comments?post=240"}],"version-history":[{"count":8,"href":"https:\/\/meripelastus.fi\/molpe\/wp-json\/wp\/v2\/pages\/240\/revisions"}],"predecessor-version":[{"id":742,"href":"https:\/\/meripelastus.fi\/molpe\/wp-json\/wp\/v2\/pages\/240\/revisions\/742"}],"up":[{"embeddable":true,"href":"https:\/\/meripelastus.fi\/molpe\/wp-json\/wp\/v2\/pages\/238"}],"wp:featuredmedia":[{"embeddable":true,"href":"https:\/\/meripelastus.fi\/molpe\/wp-json\/wp\/v2\/media\/273"}],"wp:attachment":[{"href":"https:\/\/meripelastus.fi\/molpe\/wp-json\/wp\/v2\/media?parent=240"}],"curies":[{"name":"wp","href":"https:\/\/api.w.org\/{rel}","templated":true}]}}