{"id":51,"date":"2018-03-19T09:24:37","date_gmt":"2018-03-19T07:24:37","guid":{"rendered":"http:\/\/basetemplate.smpsyhdistykset.16.testivedos.com\/?page_id=51"},"modified":"2025-02-22T19:24:06","modified_gmt":"2025-02-22T17:24:06","slug":"yhteystiedot","status":"publish","type":"page","link":"https:\/\/meripelastus.fi\/mikkeli\/yhteystiedot\/","title":{"rendered":"Yhteystiedot"},"content":{"rendered":"\n<p>Y-TUNNUS 1829711-3<\/p>\n\n\n\n<h2 class=\"wp-block-heading\" id=\"h-hallitus\">Hallitus<\/h2>\n\n\n\n<p><strong>Puheenjohtaja:<\/strong> Tommi Kuusinen<\/p>\n\n\n\n<p><em>Puhelin: 040 752 99 30 S\u00e4hk\u00f6posti: <a href=\"mailto:pj.mikkeli@messi.meripelastus.fi\">pj.mikkeli@messi.meripelastus.fi<\/a><\/em><\/p>\n\n\n\n<p><strong>Varapuheenjohtaja:<\/strong> Saku Lemmetyinen<\/p>\n\n\n\n<p><em>S\u00e4hk\u00f6posti: <a href=\"mailto:vpj.mikkeli@messi.meripelastus.fi\">vpj.mikkeli@messi.meripelastus.fi<\/a><\/em><\/p>\n\n\n\n<p><strong>Muut hallituksen j\u00e4senet:<\/strong><\/p>\n\n\n\n<p>Lauri Mertaoja<\/p>\n\n\n\n<p>Katja Valtonen<\/p>\n\n\n\n<p>Riina Heinonen<\/p>\n\n\n\n<p>Henna Partti<\/p>\n\n\n\n<p><\/p>\n\n\n\n<h2 class=\"wp-block-heading\" id=\"h-toimihenkilot\">Toimihenkil\u00f6t<\/h2>\n\n\n\n<p><strong>Koulutusvastaava:<\/strong> Henna Partti<\/p>\n\n\n\n<p><em>Puhelin: 044 9911 032 S\u00e4hk\u00f6posti: <a href=\"mailto:koulutus.mikkeli@messi.meripelastus.fi\">koulutus.mikkeli@messi.meripelastus.fi<\/a><\/em><\/p>\n\n\n\n<p><strong>J\u00e4sensihteeri:<\/strong> Riina Heinonen<\/p>\n\n\n\n<p><em>Puhelin: 041 430 8283 S\u00e4hk\u00f6posti:<\/em> <a href=\"mailto:jasensihteeri.mikkeli@messi.meripelastus.fi\"><em>jasensihteeri.mikkeli@messi.meripelastus.fi<\/em><\/a><\/p>\n\n\n\n<p><\/p>\n\n\n\n<p><\/p>\n\n\n\n<p><strong>LASKUTUSTIEDOT<\/strong><\/p>\n\n\n\n<p>OSTOLASKUJEN VASTAANOTTO<\/p>\n\n\n\n<p>Verkkolaskuosoite: 003718297113<\/p>\n\n\n\n<p>Verkkolaskujen v\u00e4litt\u00e4j\u00e4: 003708599126 (OpenText)<\/p>\n\n\n\n<p>S\u00e4hk\u00f6postitse: fennoa.512689@erin.posti.com<\/p>\n\n\n\n<p>Postitse: <\/p>\n\n\n\n<p>Mikkelin j\u00e4rvipelastajat ry<br>PL 85934<br>01051 LASKUT<\/p>\n","protected":false},"excerpt":{"rendered":"<p>Y-TUNNUS 1829711-3 Hallitus Puheenjohtaja: Tommi Kuusinen Puhelin: 040 752 99 30 S\u00e4hk\u00f6posti: pj.mikkeli@messi.meripelastus.fi Varapuheenjohtaja: Saku Lemmetyinen S\u00e4hk\u00f6posti: vpj.mikkeli@messi.meripelastus.fi Muut hallituksen j\u00e4senet: Lauri Mertaoja Katja Valtonen Riina Heinonen Henna Partti Toimihenkil\u00f6t Koulutusvastaava: Henna Partti Puhelin: 044 9911 032 S\u00e4hk\u00f6posti: koulutus.mikkeli@messi.meripelastus.fi J\u00e4sensihteeri: Riina Heinonen Puhelin: 041 430 8283 S\u00e4hk\u00f6posti: jasensihteeri.mikkeli@messi.meripelastus.fi LASKUTUSTIEDOT OSTOLASKUJEN VASTAANOTTO Verkkolaskuosoite: 003718297113 Verkkolaskujen v\u00e4litt\u00e4j\u00e4: [&hellip;]<\/p>\n","protected":false},"author":1,"featured_media":0,"parent":0,"menu_order":4,"comment_status":"closed","ping_status":"closed","template":"","meta":{"_acf_changed":false,"inline_featured_image":false,"footnotes":""},"class_list":["post-51","page","type-page","status-publish","hentry"],"acf":[],"yoast_head":"<!-- This site is optimized with the Yoast SEO Premium plugin v27.2 (Yoast SEO v27.2) - https:\/\/yoast.com\/product\/yoast-seo-premium-wordpress\/ -->\n<title>Yhteystiedot - Mikkelin J\u00e4rvipelastajat<\/title>\n<meta name=\"robots\" content=\"index, follow, max-snippet:-1, max-image-preview:large, max-video-preview:-1\" \/>\n<link rel=\"canonical\" href=\"https:\/\/meripelastus.fi\/mikkeli\/yhteystiedot\/\" \/>\n<meta property=\"og:locale\" content=\"fi_FI\" \/>\n<meta property=\"og:type\" content=\"article\" \/>\n<meta property=\"og:title\" content=\"Yhteystiedot\" \/>\n<meta property=\"og:description\" content=\"Y-TUNNUS 1829711-3 Hallitus Puheenjohtaja: Tommi Kuusinen Puhelin: 040 752 99 30 S\u00e4hk\u00f6posti: pj.mikkeli@messi.meripelastus.fi Varapuheenjohtaja: Saku Lemmetyinen S\u00e4hk\u00f6posti: vpj.mikkeli@messi.meripelastus.fi Muut hallituksen j\u00e4senet: Lauri Mertaoja Katja Valtonen Riina Heinonen Henna Partti Toimihenkil\u00f6t Koulutusvastaava: Henna Partti Puhelin: 044 9911 032 S\u00e4hk\u00f6posti: koulutus.mikkeli@messi.meripelastus.fi J\u00e4sensihteeri: Riina Heinonen Puhelin: 041 430 8283 S\u00e4hk\u00f6posti: jasensihteeri.mikkeli@messi.meripelastus.fi LASKUTUSTIEDOT OSTOLASKUJEN VASTAANOTTO Verkkolaskuosoite: 003718297113 Verkkolaskujen v\u00e4litt\u00e4j\u00e4: [&hellip;]\" \/>\n<meta property=\"og:url\" content=\"https:\/\/meripelastus.fi\/mikkeli\/yhteystiedot\/\" \/>\n<meta property=\"og:site_name\" content=\"Mikkelin J\u00e4rvipelastajat\" \/>\n<meta property=\"article:modified_time\" content=\"2025-02-22T17:24:06+00:00\" \/>\n<meta name=\"twitter:card\" content=\"summary_large_image\" \/>\n<meta name=\"twitter:label1\" content=\"Arvioitu lukuaika\" \/>\n\t<meta name=\"twitter:data1\" content=\"1 minuutti\" \/>\n<script type=\"application\/ld+json\" class=\"yoast-schema-graph\">{\"@context\":\"https:\/\/schema.org\",\"@graph\":[{\"@type\":\"WebPage\",\"@id\":\"https:\/\/meripelastus.fi\/mikkeli\/yhteystiedot\/\",\"url\":\"https:\/\/meripelastus.fi\/mikkeli\/yhteystiedot\/\",\"name\":\"Yhteystiedot - Mikkelin J\u00e4rvipelastajat\",\"isPartOf\":{\"@id\":\"https:\/\/meripelastus.fi\/mikkeli\/#website\"},\"datePublished\":\"2018-03-19T07:24:37+00:00\",\"dateModified\":\"2025-02-22T17:24:06+00:00\",\"breadcrumb\":{\"@id\":\"https:\/\/meripelastus.fi\/mikkeli\/yhteystiedot\/#breadcrumb\"},\"inLanguage\":\"fi\",\"potentialAction\":[{\"@type\":\"ReadAction\",\"target\":[\"https:\/\/meripelastus.fi\/mikkeli\/yhteystiedot\/\"]}]},{\"@type\":\"BreadcrumbList\",\"@id\":\"https:\/\/meripelastus.fi\/mikkeli\/yhteystiedot\/#breadcrumb\",\"itemListElement\":[{\"@type\":\"ListItem\",\"position\":1,\"name\":\"Etusivu\",\"item\":\"https:\/\/meripelastus.fi\/mikkeli\/\"},{\"@type\":\"ListItem\",\"position\":2,\"name\":\"Yhteystiedot\"}]},{\"@type\":\"WebSite\",\"@id\":\"https:\/\/meripelastus.fi\/mikkeli\/#website\",\"url\":\"https:\/\/meripelastus.fi\/mikkeli\/\",\"name\":\"Mikkelin J\u00e4rvipelastajat\",\"description\":\"Vapaaehtoiset apunasi vesill\u00e4\",\"potentialAction\":[{\"@type\":\"SearchAction\",\"target\":{\"@type\":\"EntryPoint\",\"urlTemplate\":\"https:\/\/meripelastus.fi\/mikkeli\/?s={search_term_string}\"},\"query-input\":{\"@type\":\"PropertyValueSpecification\",\"valueRequired\":true,\"valueName\":\"search_term_string\"}}],\"inLanguage\":\"fi\"}]}<\/script>\n<!-- \/ Yoast SEO Premium plugin. -->","yoast_head_json":{"title":"Yhteystiedot - Mikkelin J\u00e4rvipelastajat","robots":{"index":"index","follow":"follow","max-snippet":"max-snippet:-1","max-image-preview":"max-image-preview:large","max-video-preview":"max-video-preview:-1"},"canonical":"https:\/\/meripelastus.fi\/mikkeli\/yhteystiedot\/","og_locale":"fi_FI","og_type":"article","og_title":"Yhteystiedot","og_description":"Y-TUNNUS 1829711-3 Hallitus Puheenjohtaja: Tommi Kuusinen Puhelin: 040 752 99 30 S\u00e4hk\u00f6posti: pj.mikkeli@messi.meripelastus.fi Varapuheenjohtaja: Saku Lemmetyinen S\u00e4hk\u00f6posti: vpj.mikkeli@messi.meripelastus.fi Muut hallituksen j\u00e4senet: Lauri Mertaoja Katja Valtonen Riina Heinonen Henna Partti Toimihenkil\u00f6t Koulutusvastaava: Henna Partti Puhelin: 044 9911 032 S\u00e4hk\u00f6posti: koulutus.mikkeli@messi.meripelastus.fi J\u00e4sensihteeri: Riina Heinonen Puhelin: 041 430 8283 S\u00e4hk\u00f6posti: jasensihteeri.mikkeli@messi.meripelastus.fi LASKUTUSTIEDOT OSTOLASKUJEN VASTAANOTTO Verkkolaskuosoite: 003718297113 Verkkolaskujen v\u00e4litt\u00e4j\u00e4: [&hellip;]","og_url":"https:\/\/meripelastus.fi\/mikkeli\/yhteystiedot\/","og_site_name":"Mikkelin J\u00e4rvipelastajat","article_modified_time":"2025-02-22T17:24:06+00:00","twitter_card":"summary_large_image","twitter_misc":{"Arvioitu lukuaika":"1 minuutti"},"schema":{"@context":"https:\/\/schema.org","@graph":[{"@type":"WebPage","@id":"https:\/\/meripelastus.fi\/mikkeli\/yhteystiedot\/","url":"https:\/\/meripelastus.fi\/mikkeli\/yhteystiedot\/","name":"Yhteystiedot - Mikkelin J\u00e4rvipelastajat","isPartOf":{"@id":"https:\/\/meripelastus.fi\/mikkeli\/#website"},"datePublished":"2018-03-19T07:24:37+00:00","dateModified":"2025-02-22T17:24:06+00:00","breadcrumb":{"@id":"https:\/\/meripelastus.fi\/mikkeli\/yhteystiedot\/#breadcrumb"},"inLanguage":"fi","potentialAction":[{"@type":"ReadAction","target":["https:\/\/meripelastus.fi\/mikkeli\/yhteystiedot\/"]}]},{"@type":"BreadcrumbList","@id":"https:\/\/meripelastus.fi\/mikkeli\/yhteystiedot\/#breadcrumb","itemListElement":[{"@type":"ListItem","position":1,"name":"Etusivu","item":"https:\/\/meripelastus.fi\/mikkeli\/"},{"@type":"ListItem","position":2,"name":"Yhteystiedot"}]},{"@type":"WebSite","@id":"https:\/\/meripelastus.fi\/mikkeli\/#website","url":"https:\/\/meripelastus.fi\/mikkeli\/","name":"Mikkelin J\u00e4rvipelastajat","description":"Vapaaehtoiset apunasi vesill\u00e4","potentialAction":[{"@type":"SearchAction","target":{"@type":"EntryPoint","urlTemplate":"https:\/\/meripelastus.fi\/mikkeli\/?s={search_term_string}"},"query-input":{"@type":"PropertyValueSpecification","valueRequired":true,"valueName":"search_term_string"}}],"inLanguage":"fi"}]}},"_links":{"self":[{"href":"https:\/\/meripelastus.fi\/mikkeli\/wp-json\/wp\/v2\/pages\/51","targetHints":{"allow":["GET"]}}],"collection":[{"href":"https:\/\/meripelastus.fi\/mikkeli\/wp-json\/wp\/v2\/pages"}],"about":[{"href":"https:\/\/meripelastus.fi\/mikkeli\/wp-json\/wp\/v2\/types\/page"}],"author":[{"embeddable":true,"href":"https:\/\/meripelastus.fi\/mikkeli\/wp-json\/wp\/v2\/users\/1"}],"replies":[{"embeddable":true,"href":"https:\/\/meripelastus.fi\/mikkeli\/wp-json\/wp\/v2\/comments?post=51"}],"version-history":[{"count":18,"href":"https:\/\/meripelastus.fi\/mikkeli\/wp-json\/wp\/v2\/pages\/51\/revisions"}],"predecessor-version":[{"id":463,"href":"https:\/\/meripelastus.fi\/mikkeli\/wp-json\/wp\/v2\/pages\/51\/revisions\/463"}],"wp:attachment":[{"href":"https:\/\/meripelastus.fi\/mikkeli\/wp-json\/wp\/v2\/media?parent=51"}],"curies":[{"name":"wp","href":"https:\/\/api.w.org\/{rel}","templated":true}]}}