{"id":415,"date":"2025-01-09T21:28:36","date_gmt":"2025-01-09T19:28:36","guid":{"rendered":"https:\/\/meripelastus.fi\/mikkeli\/?page_id=415"},"modified":"2025-02-22T19:32:47","modified_gmt":"2025-02-22T17:32:47","slug":"tee-lahjoitus","status":"publish","type":"page","link":"https:\/\/meripelastus.fi\/mikkeli\/tee-lahjoitus\/","title":{"rendered":"Tee lahjoitus"},"content":{"rendered":"\n<p><strong>AUTA MEIT\u00c4 AUTTAMAAN!<\/strong><\/p>\n\n\n\n<p>Me vapaaehtoiset j\u00e4rvipelastajat teemme ty\u00f6t\u00e4mme korvauksetta. <\/p>\n\n\n\n<p>Alukset ja varusteet sek\u00e4 miehist\u00f6n koulutustason kehitt\u00e4minen ja yll\u00e4pit\u00e4minen vaatii kuitenkin tukeasi. Yritysten ja yksityishenkil\u00f6iden tuki on edellytys toimintamme jatkuvuudelle.<\/p>\n\n\n\n<p>Liittym\u00e4ll\u00e4 nyt:<\/p>\n\n\n\n<ul class=\"wp-block-list\">\n<li>henkil\u00f6j\u00e4seneksi<\/li>\n\n\n\n<li>Trossi-j\u00e4seneksi<\/li>\n\n\n\n<li>yhteis\u00f6j\u00e4seneksi<\/li>\n\n\n\n<li>tukijaksi<\/li>\n<\/ul>\n\n\n\n<p>autat meit\u00e4 auttamaan!<\/p>\n\n\n\n<p><\/p>\n\n\n\n<p>Lis\u00e4tietoa j\u00e4senyyksist\u00e4 sek\u00e4 tukijaksi ryhtymisest\u00e4 saat:<\/p>\n\n\n\n<p>Puheenjohtaja Tommi Kuusinen<\/p>\n\n\n\n<p>040 752 9930 <\/p>\n\n\n\n<p><em>&nbsp;<a href=\"mailto:pj.mikkeli@messi.meripelastus.fi\">pj.mikkeli@messi.meripelastus.fi<\/a><\/em><\/p>\n\n\n\n<p>J\u00e4sensihteeri Riina Heinonen<\/p>\n\n\n\n<p>041 430 8283<\/p>\n\n\n\n<p><a href=\"mailto:jasensihteeri.mikkeli@messi.meripelastus.fi\"><em>jasensihteeri.mikkeli@messi.meripelastus.fi<\/em><\/a><\/p>\n\n\n\n<p><\/p>\n\n\n\n<p><\/p>\n\n\n\n<p><\/p>\n\n\n\n<p><\/p>\n\n\n\n<p>Mikkelin J\u00e4rvipelastajat ry:lle on my\u00f6nnetty rahanker\u00e4yslupa 29.8.2024 Poliisihallituksen toimesta. Lupa on voimassa toistaiseksi. Varoja k\u00e4ytet\u00e4\u00e4n operatiivisen toimintamme yll\u00e4pit\u00e4miseen ja kehitt\u00e4miseen, varusteiden hankintaan ja huoltoon sek\u00e4 miehist\u00f6n koulutukseen ja hyvinvointiin teht\u00e4vill\u00e4. Rahanker\u00e4yslupa on vapaaehtoisia lahjoituksia varten, eik\u00e4 se ole kytk\u00f6ksiss\u00e4 j\u00e4senyyksiin.<\/p>\n\n\n\n<p>Rahanker\u00e4yslupa RA\/2024<strong>\/<\/strong>1281.<\/p>\n\n\n\n<p>Tilinumero: FI48 5271 0420 5529 61 \/ Mikkelin J\u00e4rvipelastajat ry<\/p>\n\n\n\n<p>Nyt voit lahjoittaa k\u00e4tev\u00e4sti my\u00f6s <strong>Mobilepaylla<\/strong>: <strong>#22083<\/strong> Mikkelin J\u00e4rvipelastajat ry <\/p>\n\n\n\n<p><\/p>\n\n\n\n<p><\/p>\n","protected":false},"excerpt":{"rendered":"<p>AUTA MEIT\u00c4 AUTTAMAAN! Me vapaaehtoiset j\u00e4rvipelastajat teemme ty\u00f6t\u00e4mme korvauksetta. Alukset ja varusteet sek\u00e4 miehist\u00f6n koulutustason kehitt\u00e4minen ja yll\u00e4pit\u00e4minen vaatii kuitenkin tukeasi. Yritysten ja yksityishenkil\u00f6iden tuki on edellytys toimintamme jatkuvuudelle. Liittym\u00e4ll\u00e4 nyt: autat meit\u00e4 auttamaan! Lis\u00e4tietoa j\u00e4senyyksist\u00e4 sek\u00e4 tukijaksi ryhtymisest\u00e4 saat: Puheenjohtaja Tommi Kuusinen 040 752 9930 &nbsp;pj.mikkeli@messi.meripelastus.fi J\u00e4sensihteeri Riina Heinonen 041 430 8283 jasensihteeri.mikkeli@messi.meripelastus.fi Mikkelin [&hellip;]<\/p>\n","protected":false},"author":91,"featured_media":0,"parent":0,"menu_order":0,"comment_status":"closed","ping_status":"closed","template":"","meta":{"_acf_changed":false,"inline_featured_image":false,"footnotes":""},"class_list":["post-415","page","type-page","status-publish","hentry"],"acf":[],"yoast_head":"<!-- This site is optimized with the Yoast SEO Premium plugin v27.2 (Yoast SEO v27.2) - https:\/\/yoast.com\/product\/yoast-seo-premium-wordpress\/ -->\n<title>Tee lahjoitus - Mikkelin J\u00e4rvipelastajat<\/title>\n<meta name=\"robots\" content=\"index, follow, max-snippet:-1, max-image-preview:large, max-video-preview:-1\" \/>\n<link rel=\"canonical\" href=\"https:\/\/meripelastus.fi\/mikkeli\/tee-lahjoitus\/\" \/>\n<meta property=\"og:locale\" content=\"fi_FI\" \/>\n<meta property=\"og:type\" content=\"article\" \/>\n<meta property=\"og:title\" content=\"Tee lahjoitus\" \/>\n<meta property=\"og:description\" content=\"AUTA MEIT\u00c4 AUTTAMAAN! Me vapaaehtoiset j\u00e4rvipelastajat teemme ty\u00f6t\u00e4mme korvauksetta. Alukset ja varusteet sek\u00e4 miehist\u00f6n koulutustason kehitt\u00e4minen ja yll\u00e4pit\u00e4minen vaatii kuitenkin tukeasi. Yritysten ja yksityishenkil\u00f6iden tuki on edellytys toimintamme jatkuvuudelle. Liittym\u00e4ll\u00e4 nyt: autat meit\u00e4 auttamaan! Lis\u00e4tietoa j\u00e4senyyksist\u00e4 sek\u00e4 tukijaksi ryhtymisest\u00e4 saat: Puheenjohtaja Tommi Kuusinen 040 752 9930 &nbsp;pj.mikkeli@messi.meripelastus.fi J\u00e4sensihteeri Riina Heinonen 041 430 8283 jasensihteeri.mikkeli@messi.meripelastus.fi Mikkelin [&hellip;]\" \/>\n<meta property=\"og:url\" content=\"https:\/\/meripelastus.fi\/mikkeli\/tee-lahjoitus\/\" \/>\n<meta property=\"og:site_name\" content=\"Mikkelin J\u00e4rvipelastajat\" \/>\n<meta property=\"article:modified_time\" content=\"2025-02-22T17:32:47+00:00\" \/>\n<meta name=\"twitter:card\" content=\"summary_large_image\" \/>\n<meta name=\"twitter:label1\" content=\"Arvioitu lukuaika\" \/>\n\t<meta name=\"twitter:data1\" content=\"1 minuutti\" \/>\n<script type=\"application\/ld+json\" class=\"yoast-schema-graph\">{\"@context\":\"https:\/\/schema.org\",\"@graph\":[{\"@type\":\"WebPage\",\"@id\":\"https:\/\/meripelastus.fi\/mikkeli\/tee-lahjoitus\/\",\"url\":\"https:\/\/meripelastus.fi\/mikkeli\/tee-lahjoitus\/\",\"name\":\"Tee lahjoitus - Mikkelin J\u00e4rvipelastajat\",\"isPartOf\":{\"@id\":\"https:\/\/meripelastus.fi\/mikkeli\/#website\"},\"datePublished\":\"2025-01-09T19:28:36+00:00\",\"dateModified\":\"2025-02-22T17:32:47+00:00\",\"breadcrumb\":{\"@id\":\"https:\/\/meripelastus.fi\/mikkeli\/tee-lahjoitus\/#breadcrumb\"},\"inLanguage\":\"fi\",\"potentialAction\":[{\"@type\":\"ReadAction\",\"target\":[\"https:\/\/meripelastus.fi\/mikkeli\/tee-lahjoitus\/\"]}]},{\"@type\":\"BreadcrumbList\",\"@id\":\"https:\/\/meripelastus.fi\/mikkeli\/tee-lahjoitus\/#breadcrumb\",\"itemListElement\":[{\"@type\":\"ListItem\",\"position\":1,\"name\":\"Etusivu\",\"item\":\"https:\/\/meripelastus.fi\/mikkeli\/\"},{\"@type\":\"ListItem\",\"position\":2,\"name\":\"Tee lahjoitus\"}]},{\"@type\":\"WebSite\",\"@id\":\"https:\/\/meripelastus.fi\/mikkeli\/#website\",\"url\":\"https:\/\/meripelastus.fi\/mikkeli\/\",\"name\":\"Mikkelin J\u00e4rvipelastajat\",\"description\":\"Vapaaehtoiset apunasi vesill\u00e4\",\"potentialAction\":[{\"@type\":\"SearchAction\",\"target\":{\"@type\":\"EntryPoint\",\"urlTemplate\":\"https:\/\/meripelastus.fi\/mikkeli\/?s={search_term_string}\"},\"query-input\":{\"@type\":\"PropertyValueSpecification\",\"valueRequired\":true,\"valueName\":\"search_term_string\"}}],\"inLanguage\":\"fi\"}]}<\/script>\n<!-- \/ Yoast SEO Premium plugin. -->","yoast_head_json":{"title":"Tee lahjoitus - Mikkelin J\u00e4rvipelastajat","robots":{"index":"index","follow":"follow","max-snippet":"max-snippet:-1","max-image-preview":"max-image-preview:large","max-video-preview":"max-video-preview:-1"},"canonical":"https:\/\/meripelastus.fi\/mikkeli\/tee-lahjoitus\/","og_locale":"fi_FI","og_type":"article","og_title":"Tee lahjoitus","og_description":"AUTA MEIT\u00c4 AUTTAMAAN! Me vapaaehtoiset j\u00e4rvipelastajat teemme ty\u00f6t\u00e4mme korvauksetta. Alukset ja varusteet sek\u00e4 miehist\u00f6n koulutustason kehitt\u00e4minen ja yll\u00e4pit\u00e4minen vaatii kuitenkin tukeasi. Yritysten ja yksityishenkil\u00f6iden tuki on edellytys toimintamme jatkuvuudelle. Liittym\u00e4ll\u00e4 nyt: autat meit\u00e4 auttamaan! Lis\u00e4tietoa j\u00e4senyyksist\u00e4 sek\u00e4 tukijaksi ryhtymisest\u00e4 saat: Puheenjohtaja Tommi Kuusinen 040 752 9930 &nbsp;pj.mikkeli@messi.meripelastus.fi J\u00e4sensihteeri Riina Heinonen 041 430 8283 jasensihteeri.mikkeli@messi.meripelastus.fi Mikkelin [&hellip;]","og_url":"https:\/\/meripelastus.fi\/mikkeli\/tee-lahjoitus\/","og_site_name":"Mikkelin J\u00e4rvipelastajat","article_modified_time":"2025-02-22T17:32:47+00:00","twitter_card":"summary_large_image","twitter_misc":{"Arvioitu lukuaika":"1 minuutti"},"schema":{"@context":"https:\/\/schema.org","@graph":[{"@type":"WebPage","@id":"https:\/\/meripelastus.fi\/mikkeli\/tee-lahjoitus\/","url":"https:\/\/meripelastus.fi\/mikkeli\/tee-lahjoitus\/","name":"Tee lahjoitus - Mikkelin J\u00e4rvipelastajat","isPartOf":{"@id":"https:\/\/meripelastus.fi\/mikkeli\/#website"},"datePublished":"2025-01-09T19:28:36+00:00","dateModified":"2025-02-22T17:32:47+00:00","breadcrumb":{"@id":"https:\/\/meripelastus.fi\/mikkeli\/tee-lahjoitus\/#breadcrumb"},"inLanguage":"fi","potentialAction":[{"@type":"ReadAction","target":["https:\/\/meripelastus.fi\/mikkeli\/tee-lahjoitus\/"]}]},{"@type":"BreadcrumbList","@id":"https:\/\/meripelastus.fi\/mikkeli\/tee-lahjoitus\/#breadcrumb","itemListElement":[{"@type":"ListItem","position":1,"name":"Etusivu","item":"https:\/\/meripelastus.fi\/mikkeli\/"},{"@type":"ListItem","position":2,"name":"Tee lahjoitus"}]},{"@type":"WebSite","@id":"https:\/\/meripelastus.fi\/mikkeli\/#website","url":"https:\/\/meripelastus.fi\/mikkeli\/","name":"Mikkelin J\u00e4rvipelastajat","description":"Vapaaehtoiset apunasi vesill\u00e4","potentialAction":[{"@type":"SearchAction","target":{"@type":"EntryPoint","urlTemplate":"https:\/\/meripelastus.fi\/mikkeli\/?s={search_term_string}"},"query-input":{"@type":"PropertyValueSpecification","valueRequired":true,"valueName":"search_term_string"}}],"inLanguage":"fi"}]}},"_links":{"self":[{"href":"https:\/\/meripelastus.fi\/mikkeli\/wp-json\/wp\/v2\/pages\/415","targetHints":{"allow":["GET"]}}],"collection":[{"href":"https:\/\/meripelastus.fi\/mikkeli\/wp-json\/wp\/v2\/pages"}],"about":[{"href":"https:\/\/meripelastus.fi\/mikkeli\/wp-json\/wp\/v2\/types\/page"}],"author":[{"embeddable":true,"href":"https:\/\/meripelastus.fi\/mikkeli\/wp-json\/wp\/v2\/users\/91"}],"replies":[{"embeddable":true,"href":"https:\/\/meripelastus.fi\/mikkeli\/wp-json\/wp\/v2\/comments?post=415"}],"version-history":[{"count":9,"href":"https:\/\/meripelastus.fi\/mikkeli\/wp-json\/wp\/v2\/pages\/415\/revisions"}],"predecessor-version":[{"id":465,"href":"https:\/\/meripelastus.fi\/mikkeli\/wp-json\/wp\/v2\/pages\/415\/revisions\/465"}],"wp:attachment":[{"href":"https:\/\/meripelastus.fi\/mikkeli\/wp-json\/wp\/v2\/media?parent=415"}],"curies":[{"name":"wp","href":"https:\/\/api.w.org\/{rel}","templated":true}]}}