{"id":28,"date":"2018-03-19T09:19:27","date_gmt":"2018-03-19T07:19:27","guid":{"rendered":"http:\/\/basetemplate.smpsyhdistykset.16.testivedos.com\/?page_id=28"},"modified":"2025-01-10T18:34:17","modified_gmt":"2025-01-10T16:34:17","slug":"miehisto","status":"publish","type":"page","link":"https:\/\/meripelastus.fi\/mikkeli\/toiminta\/miehisto\/","title":{"rendered":"Miehist\u00f6"},"content":{"rendered":"\n<p>Toimintamme perustuu vapaaehtoisuuteen ja jokainen miehist\u00f6n j\u00e4sen on mukana toiminnassa omien mahdollisuuksiensa mukaan. Erilaisilla teht\u00e4vill\u00e4 toimiminen on yhteisty\u00f6t\u00e4. T\u00e4m\u00e4n my\u00f6t\u00e4 on t\u00e4rke\u00e4\u00e4, ett\u00e4 miehist\u00f6n j\u00e4senet tuntevat toisensa ja ovat harjoitelleet yhdess\u00e4. Aktiivimiehist\u00f6ss\u00e4 toimimisen edellytyksen\u00e4 on s\u00e4\u00e4nn\u00f6llinen harjoittelu.<\/p>\n\n\n\n<p>Harjoittelukausi alkaa talvella helmi-maaliskuussa, jolloin on p\u00e4\u00e4asiassa teoriakoulutusta. Avovesikaudella harjoittelemme kerran viikossa.  Oman koulutustoiminnan lis\u00e4ksi teemme yhteisty\u00f6t\u00e4 my\u00f6s koulutuksen osalta Etel\u00e4-Savon Pelastuslaitoksen kanssa. Koulutuksemme pohjana on Suomen Meripelastusseuran koulutusj\u00e4rjestelm\u00e4. Miehist\u00f6ll\u00e4mme on mahdollisuus osallistua vuosittain Meripelastusseuran j\u00e4rjest\u00e4miin koulutuksiin. T\u00e4m\u00e4 takaa jokaiselle toiminnassa mukana olevalle tasokkaan ja yhdenmukaisen koulutuksen aina harjoittelijasta pelastusaluksen p\u00e4\u00e4llik\u00f6ksi saakka.<\/p>\n\n\n\n<p>Aktiivimiehist\u00f6mme koostuu 15-20 j\u00e4rvipelastuksesta kiinnostuneesta harrastajasta. Aktiivimiehist\u00f6 p\u00e4ivyst\u00e4\u00e4 avovesikaudella 24\/7. Osaamista kehit\u00e4mme yhdess\u00e4 ja jokaisen omat taustat sek\u00e4 kiinnostuksen kohteet tuovat lis\u00e4ns\u00e4 toimintaan. Miehist\u00f6ss\u00e4 on mukana osaamista monilta eri ammatin aloilta, sill\u00e4 mukana toiminnassa on muun muassa sairaanhoidossa, liiketaloudessa, hengellisess\u00e4 ty\u00f6ss\u00e4, kone- ja s\u00e4hk\u00f6alalla kuin opetusalalla ty\u00f6skentelevi\u00e4 ihmisi\u00e4. Ja mik\u00e4 parasta &#8211; aina mahtuu mukaan uusia harrastajia!<\/p>\n\n\n\n<figure class=\"wp-block-gallery has-nested-images columns-1 is-cropped wp-block-gallery-1 is-layout-flex wp-block-gallery-is-layout-flex\">\n<figure class=\"wp-block-image size-large\"><a href=\"https:\/\/meripelastus.fi\/mikkeli\/wp-content\/uploads\/sites\/36\/2025\/01\/keikalle.jpg\"><img loading=\"lazy\" decoding=\"async\" width=\"768\" height=\"1024\" data-id=\"399\" src=\"https:\/\/meripelastus.fi\/mikkeli\/wp-content\/uploads\/sites\/36\/2025\/01\/keikalle-768x1024.jpg\" alt=\"\" class=\"wp-image-399\" srcset=\"https:\/\/meripelastus.fi\/mikkeli\/wp-content\/uploads\/sites\/36\/2025\/01\/keikalle-768x1024.jpg 768w, https:\/\/meripelastus.fi\/mikkeli\/wp-content\/uploads\/sites\/36\/2025\/01\/keikalle-225x300.jpg 225w, https:\/\/meripelastus.fi\/mikkeli\/wp-content\/uploads\/sites\/36\/2025\/01\/keikalle-1152x1536.jpg 1152w, https:\/\/meripelastus.fi\/mikkeli\/wp-content\/uploads\/sites\/36\/2025\/01\/keikalle.jpg 1536w\" sizes=\"auto, (max-width: 768px) 100vw, 768px\" \/><\/a><\/figure>\n\n\n\n<figure class=\"wp-block-image size-large\"><a href=\"https:\/\/meripelastus.fi\/mikkeli\/wp-content\/uploads\/sites\/36\/2021\/11\/IMG-20191026-WA0014.jpg\"><img loading=\"lazy\" decoding=\"async\" width=\"1024\" height=\"768\" data-id=\"268\" src=\"https:\/\/meripelastus.fi\/mikkeli\/wp-content\/uploads\/sites\/36\/2021\/11\/IMG-20191026-WA0014-1024x768.jpg\" alt=\"\" class=\"wp-image-268\" srcset=\"https:\/\/meripelastus.fi\/mikkeli\/wp-content\/uploads\/sites\/36\/2021\/11\/IMG-20191026-WA0014-1024x768.jpg 1024w, https:\/\/meripelastus.fi\/mikkeli\/wp-content\/uploads\/sites\/36\/2021\/11\/IMG-20191026-WA0014-300x225.jpg 300w, https:\/\/meripelastus.fi\/mikkeli\/wp-content\/uploads\/sites\/36\/2021\/11\/IMG-20191026-WA0014-768x576.jpg 768w, https:\/\/meripelastus.fi\/mikkeli\/wp-content\/uploads\/sites\/36\/2021\/11\/IMG-20191026-WA0014-1536x1152.jpg 1536w, https:\/\/meripelastus.fi\/mikkeli\/wp-content\/uploads\/sites\/36\/2021\/11\/IMG-20191026-WA0014.jpg 1600w\" sizes=\"auto, (max-width: 1024px) 100vw, 1024px\" \/><\/a><\/figure>\n<\/figure>\n","protected":false},"excerpt":{"rendered":"<p>Toimintamme perustuu vapaaehtoisuuteen ja jokainen miehist\u00f6n j\u00e4sen on mukana toiminnassa omien mahdollisuuksiensa mukaan. Erilaisilla teht\u00e4vill\u00e4 toimiminen on yhteisty\u00f6t\u00e4. T\u00e4m\u00e4n my\u00f6t\u00e4 on t\u00e4rke\u00e4\u00e4, ett\u00e4 miehist\u00f6n j\u00e4senet tuntevat toisensa ja ovat harjoitelleet yhdess\u00e4. Aktiivimiehist\u00f6ss\u00e4 toimimisen edellytyksen\u00e4 on s\u00e4\u00e4nn\u00f6llinen harjoittelu. Harjoittelukausi alkaa talvella helmi-maaliskuussa, jolloin on p\u00e4\u00e4asiassa teoriakoulutusta. Avovesikaudella harjoittelemme kerran viikossa. Oman koulutustoiminnan lis\u00e4ksi teemme yhteisty\u00f6t\u00e4 my\u00f6s [&hellip;]<\/p>\n","protected":false},"author":1,"featured_media":0,"parent":20,"menu_order":0,"comment_status":"closed","ping_status":"closed","template":"","meta":{"_acf_changed":false,"inline_featured_image":false,"footnotes":""},"class_list":["post-28","page","type-page","status-publish","hentry"],"acf":[],"yoast_head":"<!-- This site is optimized with the Yoast SEO Premium plugin v27.2 (Yoast SEO v27.2) - https:\/\/yoast.com\/product\/yoast-seo-premium-wordpress\/ -->\n<title>Miehist\u00f6 - Mikkelin J\u00e4rvipelastajat<\/title>\n<meta name=\"robots\" content=\"index, follow, max-snippet:-1, max-image-preview:large, max-video-preview:-1\" \/>\n<link rel=\"canonical\" href=\"https:\/\/meripelastus.fi\/mikkeli\/toiminta\/miehisto\/\" \/>\n<meta property=\"og:locale\" content=\"fi_FI\" \/>\n<meta property=\"og:type\" content=\"article\" \/>\n<meta property=\"og:title\" content=\"Miehist\u00f6\" \/>\n<meta property=\"og:description\" content=\"Toimintamme perustuu vapaaehtoisuuteen ja jokainen miehist\u00f6n j\u00e4sen on mukana toiminnassa omien mahdollisuuksiensa mukaan. Erilaisilla teht\u00e4vill\u00e4 toimiminen on yhteisty\u00f6t\u00e4. T\u00e4m\u00e4n my\u00f6t\u00e4 on t\u00e4rke\u00e4\u00e4, ett\u00e4 miehist\u00f6n j\u00e4senet tuntevat toisensa ja ovat harjoitelleet yhdess\u00e4. Aktiivimiehist\u00f6ss\u00e4 toimimisen edellytyksen\u00e4 on s\u00e4\u00e4nn\u00f6llinen harjoittelu. Harjoittelukausi alkaa talvella helmi-maaliskuussa, jolloin on p\u00e4\u00e4asiassa teoriakoulutusta. Avovesikaudella harjoittelemme kerran viikossa. Oman koulutustoiminnan lis\u00e4ksi teemme yhteisty\u00f6t\u00e4 my\u00f6s [&hellip;]\" \/>\n<meta property=\"og:url\" content=\"https:\/\/meripelastus.fi\/mikkeli\/toiminta\/miehisto\/\" \/>\n<meta property=\"og:site_name\" content=\"Mikkelin J\u00e4rvipelastajat\" \/>\n<meta property=\"article:modified_time\" content=\"2025-01-10T16:34:17+00:00\" \/>\n<meta property=\"og:image\" content=\"https:\/\/meripelastus.fi\/mikkeli\/wp-content\/uploads\/sites\/36\/2025\/01\/keikalle.jpg\" \/>\n\t<meta property=\"og:image:width\" content=\"1536\" \/>\n\t<meta property=\"og:image:height\" content=\"2048\" \/>\n\t<meta property=\"og:image:type\" content=\"image\/jpeg\" \/>\n<meta name=\"twitter:card\" content=\"summary_large_image\" \/>\n<meta name=\"twitter:label1\" content=\"Arvioitu lukuaika\" \/>\n\t<meta name=\"twitter:data1\" content=\"2 minuuttia\" \/>\n<script type=\"application\/ld+json\" class=\"yoast-schema-graph\">{\"@context\":\"https:\/\/schema.org\",\"@graph\":[{\"@type\":\"WebPage\",\"@id\":\"https:\/\/meripelastus.fi\/mikkeli\/toiminta\/miehisto\/\",\"url\":\"https:\/\/meripelastus.fi\/mikkeli\/toiminta\/miehisto\/\",\"name\":\"Miehist\u00f6 - Mikkelin J\u00e4rvipelastajat\",\"isPartOf\":{\"@id\":\"https:\/\/meripelastus.fi\/mikkeli\/#website\"},\"primaryImageOfPage\":{\"@id\":\"https:\/\/meripelastus.fi\/mikkeli\/toiminta\/miehisto\/#primaryimage\"},\"image\":{\"@id\":\"https:\/\/meripelastus.fi\/mikkeli\/toiminta\/miehisto\/#primaryimage\"},\"thumbnailUrl\":\"https:\/\/meripelastus.fi\/mikkeli\/wp-content\/uploads\/sites\/36\/2025\/01\/keikalle-768x1024.jpg\",\"datePublished\":\"2018-03-19T07:19:27+00:00\",\"dateModified\":\"2025-01-10T16:34:17+00:00\",\"breadcrumb\":{\"@id\":\"https:\/\/meripelastus.fi\/mikkeli\/toiminta\/miehisto\/#breadcrumb\"},\"inLanguage\":\"fi\",\"potentialAction\":[{\"@type\":\"ReadAction\",\"target\":[\"https:\/\/meripelastus.fi\/mikkeli\/toiminta\/miehisto\/\"]}]},{\"@type\":\"ImageObject\",\"inLanguage\":\"fi\",\"@id\":\"https:\/\/meripelastus.fi\/mikkeli\/toiminta\/miehisto\/#primaryimage\",\"url\":\"https:\/\/meripelastus.fi\/mikkeli\/wp-content\/uploads\/sites\/36\/2025\/01\/keikalle.jpg\",\"contentUrl\":\"https:\/\/meripelastus.fi\/mikkeli\/wp-content\/uploads\/sites\/36\/2025\/01\/keikalle.jpg\",\"width\":1536,\"height\":2048,\"caption\":\"oplus_262176\"},{\"@type\":\"BreadcrumbList\",\"@id\":\"https:\/\/meripelastus.fi\/mikkeli\/toiminta\/miehisto\/#breadcrumb\",\"itemListElement\":[{\"@type\":\"ListItem\",\"position\":1,\"name\":\"Etusivu\",\"item\":\"https:\/\/meripelastus.fi\/mikkeli\/\"},{\"@type\":\"ListItem\",\"position\":2,\"name\":\"Toiminta\",\"item\":\"https:\/\/meripelastus.fi\/mikkeli\/toiminta\/\"},{\"@type\":\"ListItem\",\"position\":3,\"name\":\"Miehist\u00f6\"}]},{\"@type\":\"WebSite\",\"@id\":\"https:\/\/meripelastus.fi\/mikkeli\/#website\",\"url\":\"https:\/\/meripelastus.fi\/mikkeli\/\",\"name\":\"Mikkelin J\u00e4rvipelastajat\",\"description\":\"Vapaaehtoiset apunasi vesill\u00e4\",\"potentialAction\":[{\"@type\":\"SearchAction\",\"target\":{\"@type\":\"EntryPoint\",\"urlTemplate\":\"https:\/\/meripelastus.fi\/mikkeli\/?s={search_term_string}\"},\"query-input\":{\"@type\":\"PropertyValueSpecification\",\"valueRequired\":true,\"valueName\":\"search_term_string\"}}],\"inLanguage\":\"fi\"}]}<\/script>\n<!-- \/ Yoast SEO Premium plugin. -->","yoast_head_json":{"title":"Miehist\u00f6 - Mikkelin J\u00e4rvipelastajat","robots":{"index":"index","follow":"follow","max-snippet":"max-snippet:-1","max-image-preview":"max-image-preview:large","max-video-preview":"max-video-preview:-1"},"canonical":"https:\/\/meripelastus.fi\/mikkeli\/toiminta\/miehisto\/","og_locale":"fi_FI","og_type":"article","og_title":"Miehist\u00f6","og_description":"Toimintamme perustuu vapaaehtoisuuteen ja jokainen miehist\u00f6n j\u00e4sen on mukana toiminnassa omien mahdollisuuksiensa mukaan. Erilaisilla teht\u00e4vill\u00e4 toimiminen on yhteisty\u00f6t\u00e4. T\u00e4m\u00e4n my\u00f6t\u00e4 on t\u00e4rke\u00e4\u00e4, ett\u00e4 miehist\u00f6n j\u00e4senet tuntevat toisensa ja ovat harjoitelleet yhdess\u00e4. Aktiivimiehist\u00f6ss\u00e4 toimimisen edellytyksen\u00e4 on s\u00e4\u00e4nn\u00f6llinen harjoittelu. Harjoittelukausi alkaa talvella helmi-maaliskuussa, jolloin on p\u00e4\u00e4asiassa teoriakoulutusta. Avovesikaudella harjoittelemme kerran viikossa. Oman koulutustoiminnan lis\u00e4ksi teemme yhteisty\u00f6t\u00e4 my\u00f6s [&hellip;]","og_url":"https:\/\/meripelastus.fi\/mikkeli\/toiminta\/miehisto\/","og_site_name":"Mikkelin J\u00e4rvipelastajat","article_modified_time":"2025-01-10T16:34:17+00:00","og_image":[{"width":1536,"height":2048,"url":"https:\/\/meripelastus.fi\/mikkeli\/wp-content\/uploads\/sites\/36\/2025\/01\/keikalle.jpg","type":"image\/jpeg"}],"twitter_card":"summary_large_image","twitter_misc":{"Arvioitu lukuaika":"2 minuuttia"},"schema":{"@context":"https:\/\/schema.org","@graph":[{"@type":"WebPage","@id":"https:\/\/meripelastus.fi\/mikkeli\/toiminta\/miehisto\/","url":"https:\/\/meripelastus.fi\/mikkeli\/toiminta\/miehisto\/","name":"Miehist\u00f6 - Mikkelin J\u00e4rvipelastajat","isPartOf":{"@id":"https:\/\/meripelastus.fi\/mikkeli\/#website"},"primaryImageOfPage":{"@id":"https:\/\/meripelastus.fi\/mikkeli\/toiminta\/miehisto\/#primaryimage"},"image":{"@id":"https:\/\/meripelastus.fi\/mikkeli\/toiminta\/miehisto\/#primaryimage"},"thumbnailUrl":"https:\/\/meripelastus.fi\/mikkeli\/wp-content\/uploads\/sites\/36\/2025\/01\/keikalle-768x1024.jpg","datePublished":"2018-03-19T07:19:27+00:00","dateModified":"2025-01-10T16:34:17+00:00","breadcrumb":{"@id":"https:\/\/meripelastus.fi\/mikkeli\/toiminta\/miehisto\/#breadcrumb"},"inLanguage":"fi","potentialAction":[{"@type":"ReadAction","target":["https:\/\/meripelastus.fi\/mikkeli\/toiminta\/miehisto\/"]}]},{"@type":"ImageObject","inLanguage":"fi","@id":"https:\/\/meripelastus.fi\/mikkeli\/toiminta\/miehisto\/#primaryimage","url":"https:\/\/meripelastus.fi\/mikkeli\/wp-content\/uploads\/sites\/36\/2025\/01\/keikalle.jpg","contentUrl":"https:\/\/meripelastus.fi\/mikkeli\/wp-content\/uploads\/sites\/36\/2025\/01\/keikalle.jpg","width":1536,"height":2048,"caption":"oplus_262176"},{"@type":"BreadcrumbList","@id":"https:\/\/meripelastus.fi\/mikkeli\/toiminta\/miehisto\/#breadcrumb","itemListElement":[{"@type":"ListItem","position":1,"name":"Etusivu","item":"https:\/\/meripelastus.fi\/mikkeli\/"},{"@type":"ListItem","position":2,"name":"Toiminta","item":"https:\/\/meripelastus.fi\/mikkeli\/toiminta\/"},{"@type":"ListItem","position":3,"name":"Miehist\u00f6"}]},{"@type":"WebSite","@id":"https:\/\/meripelastus.fi\/mikkeli\/#website","url":"https:\/\/meripelastus.fi\/mikkeli\/","name":"Mikkelin J\u00e4rvipelastajat","description":"Vapaaehtoiset apunasi vesill\u00e4","potentialAction":[{"@type":"SearchAction","target":{"@type":"EntryPoint","urlTemplate":"https:\/\/meripelastus.fi\/mikkeli\/?s={search_term_string}"},"query-input":{"@type":"PropertyValueSpecification","valueRequired":true,"valueName":"search_term_string"}}],"inLanguage":"fi"}]}},"_links":{"self":[{"href":"https:\/\/meripelastus.fi\/mikkeli\/wp-json\/wp\/v2\/pages\/28","targetHints":{"allow":["GET"]}}],"collection":[{"href":"https:\/\/meripelastus.fi\/mikkeli\/wp-json\/wp\/v2\/pages"}],"about":[{"href":"https:\/\/meripelastus.fi\/mikkeli\/wp-json\/wp\/v2\/types\/page"}],"author":[{"embeddable":true,"href":"https:\/\/meripelastus.fi\/mikkeli\/wp-json\/wp\/v2\/users\/1"}],"replies":[{"embeddable":true,"href":"https:\/\/meripelastus.fi\/mikkeli\/wp-json\/wp\/v2\/comments?post=28"}],"version-history":[{"count":9,"href":"https:\/\/meripelastus.fi\/mikkeli\/wp-json\/wp\/v2\/pages\/28\/revisions"}],"predecessor-version":[{"id":450,"href":"https:\/\/meripelastus.fi\/mikkeli\/wp-json\/wp\/v2\/pages\/28\/revisions\/450"}],"up":[{"embeddable":true,"href":"https:\/\/meripelastus.fi\/mikkeli\/wp-json\/wp\/v2\/pages\/20"}],"wp:attachment":[{"href":"https:\/\/meripelastus.fi\/mikkeli\/wp-json\/wp\/v2\/media?parent=28"}],"curies":[{"name":"wp","href":"https:\/\/api.w.org\/{rel}","templated":true}]}}