{"id":26,"date":"2018-03-19T09:19:10","date_gmt":"2018-03-19T07:19:10","guid":{"rendered":"http:\/\/basetemplate.smpsyhdistykset.16.testivedos.com\/?page_id=26"},"modified":"2023-11-07T16:42:14","modified_gmt":"2023-11-07T14:42:14","slug":"alukset","status":"publish","type":"page","link":"https:\/\/meripelastus.fi\/mikkeli\/toiminta\/alukset\/","title":{"rendered":"Alukset"},"content":{"rendered":"\n<h2 class=\"wp-block-heading\">Pv Luonteri &#8211; Yksikk\u00f6tunnus ES818<\/h2>\n\n\n\n<figure class=\"wp-block-image\"><img loading=\"lazy\" decoding=\"async\" width=\"1024\" height=\"768\" src=\"https:\/\/meripelastus.fi\/mikkeli\/wp-content\/uploads\/sites\/36\/2022\/10\/IMG_20221023_100503-1024x768.jpg\" alt=\"\" class=\"wp-image-301\" srcset=\"https:\/\/meripelastus.fi\/mikkeli\/wp-content\/uploads\/sites\/36\/2022\/10\/IMG_20221023_100503-1024x768.jpg 1024w, https:\/\/meripelastus.fi\/mikkeli\/wp-content\/uploads\/sites\/36\/2022\/10\/IMG_20221023_100503-300x225.jpg 300w, https:\/\/meripelastus.fi\/mikkeli\/wp-content\/uploads\/sites\/36\/2022\/10\/IMG_20221023_100503-768x576.jpg 768w, https:\/\/meripelastus.fi\/mikkeli\/wp-content\/uploads\/sites\/36\/2022\/10\/IMG_20221023_100503-1536x1152.jpg 1536w, https:\/\/meripelastus.fi\/mikkeli\/wp-content\/uploads\/sites\/36\/2022\/10\/IMG_20221023_100503-2048x1536.jpg 2048w, https:\/\/meripelastus.fi\/mikkeli\/wp-content\/uploads\/sites\/36\/2022\/10\/IMG_20221023_100503-1600x1200.jpg 1600w\" sizes=\"auto, (max-width: 1024px) 100vw, 1024px\" \/><\/figure>\n\n\n\n<figure class=\"wp-block-table\"><table><tbody><tr><td>Valmistaja:<\/td><td>Boomeranger Boats<\/td><\/tr><tr><td>Pituus:<\/td><td>10,4 m<\/td><\/tr><tr><td>Leveys:<\/td><td>3,5 m<\/td><\/tr><tr><td>Paino:<\/td><td>4,0 tn<\/td><\/tr><tr><td>Nopeus:<\/td><td>43 kn<\/td><\/tr><tr><td>Koneteho:<\/td><td>500 hv<\/td><\/tr><tr><td>Toimintas\u00e4de:<\/td><td>180 nm<\/td><\/tr><tr><td>Kotisatama:<\/td><td>Anttola<\/td><\/tr><tr><td>Miehist\u00f6<\/td><td>2<\/td><\/tr><tr><td>Propulsio:<\/td><td>Per\u00e4moottori<\/td><\/tr><\/tbody><\/table><\/figure>\n\n\n\n<hr class=\"wp-block-separator has-alpha-channel-opacity\"\/>\n\n\n\n<h2 class=\"wp-block-heading\">Pv Ikioma &#8211; Yksikk\u00f6tunnus ES8182<\/h2>\n\n\n\n<figure class=\"wp-block-image\"><img loading=\"lazy\" decoding=\"async\" width=\"1024\" height=\"727\" src=\"https:\/\/meripelastus.fi\/mikkeli\/wp-content\/uploads\/sites\/36\/2022\/10\/6-e1666892104561-1024x727.jpg\" alt=\"\" class=\"wp-image-300\" srcset=\"https:\/\/meripelastus.fi\/mikkeli\/wp-content\/uploads\/sites\/36\/2022\/10\/6-e1666892104561-1024x727.jpg 1024w, https:\/\/meripelastus.fi\/mikkeli\/wp-content\/uploads\/sites\/36\/2022\/10\/6-e1666892104561-300x213.jpg 300w, https:\/\/meripelastus.fi\/mikkeli\/wp-content\/uploads\/sites\/36\/2022\/10\/6-e1666892104561-768x545.jpg 768w, https:\/\/meripelastus.fi\/mikkeli\/wp-content\/uploads\/sites\/36\/2022\/10\/6-e1666892104561-1536x1090.jpg 1536w, https:\/\/meripelastus.fi\/mikkeli\/wp-content\/uploads\/sites\/36\/2022\/10\/6-e1666892104561.jpg 1771w\" sizes=\"auto, (max-width: 1024px) 100vw, 1024px\" \/><\/figure>\n\n\n\n<figure class=\"wp-block-image\"><img loading=\"lazy\" decoding=\"async\" width=\"300\" height=\"123\" src=\"https:\/\/meripelastus.fi\/mikkeli\/wp-content\/uploads\/sites\/36\/2023\/01\/ikioma-uusilogo-300x123.jpg\" alt=\"\" class=\"wp-image-306\" srcset=\"https:\/\/meripelastus.fi\/mikkeli\/wp-content\/uploads\/sites\/36\/2023\/01\/ikioma-uusilogo-300x123.jpg 300w, https:\/\/meripelastus.fi\/mikkeli\/wp-content\/uploads\/sites\/36\/2023\/01\/ikioma-uusilogo-1024x419.jpg 1024w, https:\/\/meripelastus.fi\/mikkeli\/wp-content\/uploads\/sites\/36\/2023\/01\/ikioma-uusilogo-768x314.jpg 768w, https:\/\/meripelastus.fi\/mikkeli\/wp-content\/uploads\/sites\/36\/2023\/01\/ikioma-uusilogo-1536x628.jpg 1536w, https:\/\/meripelastus.fi\/mikkeli\/wp-content\/uploads\/sites\/36\/2023\/01\/ikioma-uusilogo-2048x837.jpg 2048w\" sizes=\"auto, (max-width: 300px) 100vw, 300px\" \/><\/figure>\n\n\n\n<figure class=\"wp-block-table\"><table><tbody><tr><td>Valmistaja:<\/td><td>RNLI\/Halmatic Ltd<\/td><\/tr><tr><td>Pituus:<\/td><td>7,5 m<\/td><\/tr><tr><td>Leveys:<\/td><td>2,6 m<\/td><\/tr><tr><td>Paino:<\/td><td>1,7 tn<\/td><\/tr><tr><td>Nopeus:<\/td><td>32 kn<\/td><\/tr><tr><td>Koneteho:<\/td><td>140 hv<\/td><\/tr><tr><td>Toimintas\u00e4de:<\/td><td>100 nm<\/td><\/tr><tr><td>Kotisatama:<\/td><td>Anttola<\/td><\/tr><tr><td>Miehist\u00f6<\/td><td>2<\/td><\/tr><tr><td>Propulsio:<\/td><td>Per\u00e4moottori<\/td><\/tr><\/tbody><\/table><\/figure>\n","protected":false},"excerpt":{"rendered":"<p>Pv Luonteri &#8211; Yksikk\u00f6tunnus ES818 Valmistaja: Boomeranger Boats Pituus: 10,4 m Leveys: 3,5 m Paino: 4,0 tn Nopeus: 43 kn Koneteho: 500 hv Toimintas\u00e4de: 180 nm Kotisatama: Anttola Miehist\u00f6 2 Propulsio: Per\u00e4moottori Pv Ikioma &#8211; Yksikk\u00f6tunnus ES8182 Valmistaja: RNLI\/Halmatic Ltd Pituus: 7,5 m Leveys: 2,6 m Paino: 1,7 tn Nopeus: 32 kn Koneteho: 140 hv [&hellip;]<\/p>\n","protected":false},"author":1,"featured_media":0,"parent":20,"menu_order":0,"comment_status":"closed","ping_status":"closed","template":"","meta":{"_acf_changed":false,"inline_featured_image":false,"footnotes":""},"class_list":["post-26","page","type-page","status-publish","hentry"],"acf":[],"yoast_head":"<!-- This site is optimized with the Yoast SEO Premium plugin v27.2 (Yoast SEO v27.2) - https:\/\/yoast.com\/product\/yoast-seo-premium-wordpress\/ -->\n<title>Alukset - Mikkelin J\u00e4rvipelastajat<\/title>\n<meta name=\"robots\" content=\"index, follow, max-snippet:-1, max-image-preview:large, max-video-preview:-1\" \/>\n<link rel=\"canonical\" href=\"https:\/\/meripelastus.fi\/mikkeli\/toiminta\/alukset\/\" \/>\n<meta property=\"og:locale\" content=\"fi_FI\" \/>\n<meta property=\"og:type\" content=\"article\" \/>\n<meta property=\"og:title\" content=\"Alukset\" \/>\n<meta property=\"og:description\" content=\"Pv Luonteri &#8211; Yksikk\u00f6tunnus ES818 Valmistaja: Boomeranger Boats Pituus: 10,4 m Leveys: 3,5 m Paino: 4,0 tn Nopeus: 43 kn Koneteho: 500 hv Toimintas\u00e4de: 180 nm Kotisatama: Anttola Miehist\u00f6 2 Propulsio: Per\u00e4moottori Pv Ikioma &#8211; Yksikk\u00f6tunnus ES8182 Valmistaja: RNLI\/Halmatic Ltd Pituus: 7,5 m Leveys: 2,6 m Paino: 1,7 tn Nopeus: 32 kn Koneteho: 140 hv [&hellip;]\" \/>\n<meta property=\"og:url\" content=\"https:\/\/meripelastus.fi\/mikkeli\/toiminta\/alukset\/\" \/>\n<meta property=\"og:site_name\" content=\"Mikkelin J\u00e4rvipelastajat\" \/>\n<meta property=\"article:modified_time\" content=\"2023-11-07T14:42:14+00:00\" \/>\n<meta property=\"og:image\" content=\"https:\/\/meripelastus.fi\/mikkeli\/wp-content\/uploads\/sites\/36\/2022\/10\/IMG_20221023_100503-1024x768.jpg\" \/>\n<meta name=\"twitter:card\" content=\"summary_large_image\" \/>\n<meta name=\"twitter:label1\" content=\"Arvioitu lukuaika\" \/>\n\t<meta name=\"twitter:data1\" content=\"1 minuutti\" \/>\n<script type=\"application\/ld+json\" class=\"yoast-schema-graph\">{\"@context\":\"https:\/\/schema.org\",\"@graph\":[{\"@type\":\"WebPage\",\"@id\":\"https:\/\/meripelastus.fi\/mikkeli\/toiminta\/alukset\/\",\"url\":\"https:\/\/meripelastus.fi\/mikkeli\/toiminta\/alukset\/\",\"name\":\"Alukset - Mikkelin J\u00e4rvipelastajat\",\"isPartOf\":{\"@id\":\"https:\/\/meripelastus.fi\/mikkeli\/#website\"},\"primaryImageOfPage\":{\"@id\":\"https:\/\/meripelastus.fi\/mikkeli\/toiminta\/alukset\/#primaryimage\"},\"image\":{\"@id\":\"https:\/\/meripelastus.fi\/mikkeli\/toiminta\/alukset\/#primaryimage\"},\"thumbnailUrl\":\"https:\/\/meripelastus.fi\/mikkeli\/wp-content\/uploads\/sites\/36\/2022\/10\/IMG_20221023_100503-1024x768.jpg\",\"datePublished\":\"2018-03-19T07:19:10+00:00\",\"dateModified\":\"2023-11-07T14:42:14+00:00\",\"breadcrumb\":{\"@id\":\"https:\/\/meripelastus.fi\/mikkeli\/toiminta\/alukset\/#breadcrumb\"},\"inLanguage\":\"fi\",\"potentialAction\":[{\"@type\":\"ReadAction\",\"target\":[\"https:\/\/meripelastus.fi\/mikkeli\/toiminta\/alukset\/\"]}]},{\"@type\":\"ImageObject\",\"inLanguage\":\"fi\",\"@id\":\"https:\/\/meripelastus.fi\/mikkeli\/toiminta\/alukset\/#primaryimage\",\"url\":\"https:\/\/meripelastus.fi\/mikkeli\/wp-content\/uploads\/sites\/36\/2022\/10\/IMG_20221023_100503-1024x768.jpg\",\"contentUrl\":\"https:\/\/meripelastus.fi\/mikkeli\/wp-content\/uploads\/sites\/36\/2022\/10\/IMG_20221023_100503-1024x768.jpg\"},{\"@type\":\"BreadcrumbList\",\"@id\":\"https:\/\/meripelastus.fi\/mikkeli\/toiminta\/alukset\/#breadcrumb\",\"itemListElement\":[{\"@type\":\"ListItem\",\"position\":1,\"name\":\"Etusivu\",\"item\":\"https:\/\/meripelastus.fi\/mikkeli\/\"},{\"@type\":\"ListItem\",\"position\":2,\"name\":\"Toiminta\",\"item\":\"https:\/\/meripelastus.fi\/mikkeli\/toiminta\/\"},{\"@type\":\"ListItem\",\"position\":3,\"name\":\"Alukset\"}]},{\"@type\":\"WebSite\",\"@id\":\"https:\/\/meripelastus.fi\/mikkeli\/#website\",\"url\":\"https:\/\/meripelastus.fi\/mikkeli\/\",\"name\":\"Mikkelin J\u00e4rvipelastajat\",\"description\":\"Vapaaehtoiset apunasi vesill\u00e4\",\"potentialAction\":[{\"@type\":\"SearchAction\",\"target\":{\"@type\":\"EntryPoint\",\"urlTemplate\":\"https:\/\/meripelastus.fi\/mikkeli\/?s={search_term_string}\"},\"query-input\":{\"@type\":\"PropertyValueSpecification\",\"valueRequired\":true,\"valueName\":\"search_term_string\"}}],\"inLanguage\":\"fi\"}]}<\/script>\n<!-- \/ Yoast SEO Premium plugin. -->","yoast_head_json":{"title":"Alukset - Mikkelin J\u00e4rvipelastajat","robots":{"index":"index","follow":"follow","max-snippet":"max-snippet:-1","max-image-preview":"max-image-preview:large","max-video-preview":"max-video-preview:-1"},"canonical":"https:\/\/meripelastus.fi\/mikkeli\/toiminta\/alukset\/","og_locale":"fi_FI","og_type":"article","og_title":"Alukset","og_description":"Pv Luonteri &#8211; Yksikk\u00f6tunnus ES818 Valmistaja: Boomeranger Boats Pituus: 10,4 m Leveys: 3,5 m Paino: 4,0 tn Nopeus: 43 kn Koneteho: 500 hv Toimintas\u00e4de: 180 nm Kotisatama: Anttola Miehist\u00f6 2 Propulsio: Per\u00e4moottori Pv Ikioma &#8211; Yksikk\u00f6tunnus ES8182 Valmistaja: RNLI\/Halmatic Ltd Pituus: 7,5 m Leveys: 2,6 m Paino: 1,7 tn Nopeus: 32 kn Koneteho: 140 hv [&hellip;]","og_url":"https:\/\/meripelastus.fi\/mikkeli\/toiminta\/alukset\/","og_site_name":"Mikkelin J\u00e4rvipelastajat","article_modified_time":"2023-11-07T14:42:14+00:00","og_image":[{"url":"https:\/\/meripelastus.fi\/mikkeli\/wp-content\/uploads\/sites\/36\/2022\/10\/IMG_20221023_100503-1024x768.jpg","type":"","width":"","height":""}],"twitter_card":"summary_large_image","twitter_misc":{"Arvioitu lukuaika":"1 minuutti"},"schema":{"@context":"https:\/\/schema.org","@graph":[{"@type":"WebPage","@id":"https:\/\/meripelastus.fi\/mikkeli\/toiminta\/alukset\/","url":"https:\/\/meripelastus.fi\/mikkeli\/toiminta\/alukset\/","name":"Alukset - Mikkelin J\u00e4rvipelastajat","isPartOf":{"@id":"https:\/\/meripelastus.fi\/mikkeli\/#website"},"primaryImageOfPage":{"@id":"https:\/\/meripelastus.fi\/mikkeli\/toiminta\/alukset\/#primaryimage"},"image":{"@id":"https:\/\/meripelastus.fi\/mikkeli\/toiminta\/alukset\/#primaryimage"},"thumbnailUrl":"https:\/\/meripelastus.fi\/mikkeli\/wp-content\/uploads\/sites\/36\/2022\/10\/IMG_20221023_100503-1024x768.jpg","datePublished":"2018-03-19T07:19:10+00:00","dateModified":"2023-11-07T14:42:14+00:00","breadcrumb":{"@id":"https:\/\/meripelastus.fi\/mikkeli\/toiminta\/alukset\/#breadcrumb"},"inLanguage":"fi","potentialAction":[{"@type":"ReadAction","target":["https:\/\/meripelastus.fi\/mikkeli\/toiminta\/alukset\/"]}]},{"@type":"ImageObject","inLanguage":"fi","@id":"https:\/\/meripelastus.fi\/mikkeli\/toiminta\/alukset\/#primaryimage","url":"https:\/\/meripelastus.fi\/mikkeli\/wp-content\/uploads\/sites\/36\/2022\/10\/IMG_20221023_100503-1024x768.jpg","contentUrl":"https:\/\/meripelastus.fi\/mikkeli\/wp-content\/uploads\/sites\/36\/2022\/10\/IMG_20221023_100503-1024x768.jpg"},{"@type":"BreadcrumbList","@id":"https:\/\/meripelastus.fi\/mikkeli\/toiminta\/alukset\/#breadcrumb","itemListElement":[{"@type":"ListItem","position":1,"name":"Etusivu","item":"https:\/\/meripelastus.fi\/mikkeli\/"},{"@type":"ListItem","position":2,"name":"Toiminta","item":"https:\/\/meripelastus.fi\/mikkeli\/toiminta\/"},{"@type":"ListItem","position":3,"name":"Alukset"}]},{"@type":"WebSite","@id":"https:\/\/meripelastus.fi\/mikkeli\/#website","url":"https:\/\/meripelastus.fi\/mikkeli\/","name":"Mikkelin J\u00e4rvipelastajat","description":"Vapaaehtoiset apunasi vesill\u00e4","potentialAction":[{"@type":"SearchAction","target":{"@type":"EntryPoint","urlTemplate":"https:\/\/meripelastus.fi\/mikkeli\/?s={search_term_string}"},"query-input":{"@type":"PropertyValueSpecification","valueRequired":true,"valueName":"search_term_string"}}],"inLanguage":"fi"}]}},"_links":{"self":[{"href":"https:\/\/meripelastus.fi\/mikkeli\/wp-json\/wp\/v2\/pages\/26","targetHints":{"allow":["GET"]}}],"collection":[{"href":"https:\/\/meripelastus.fi\/mikkeli\/wp-json\/wp\/v2\/pages"}],"about":[{"href":"https:\/\/meripelastus.fi\/mikkeli\/wp-json\/wp\/v2\/types\/page"}],"author":[{"embeddable":true,"href":"https:\/\/meripelastus.fi\/mikkeli\/wp-json\/wp\/v2\/users\/1"}],"replies":[{"embeddable":true,"href":"https:\/\/meripelastus.fi\/mikkeli\/wp-json\/wp\/v2\/comments?post=26"}],"version-history":[{"count":8,"href":"https:\/\/meripelastus.fi\/mikkeli\/wp-json\/wp\/v2\/pages\/26\/revisions"}],"predecessor-version":[{"id":321,"href":"https:\/\/meripelastus.fi\/mikkeli\/wp-json\/wp\/v2\/pages\/26\/revisions\/321"}],"up":[{"embeddable":true,"href":"https:\/\/meripelastus.fi\/mikkeli\/wp-json\/wp\/v2\/pages\/20"}],"wp:attachment":[{"href":"https:\/\/meripelastus.fi\/mikkeli\/wp-json\/wp\/v2\/media?parent=26"}],"curies":[{"name":"wp","href":"https:\/\/api.w.org\/{rel}","templated":true}]}}