{"id":22,"date":"2018-03-19T09:18:43","date_gmt":"2018-03-19T07:18:43","guid":{"rendered":"http:\/\/basetemplate.smpsyhdistykset.16.testivedos.com\/?page_id=22"},"modified":"2025-01-10T17:58:56","modified_gmt":"2025-01-10T15:58:56","slug":"halytysohje","status":"publish","type":"page","link":"https:\/\/meripelastus.fi\/mikkeli\/toiminta\/halytysohje\/","title":{"rendered":"H\u00e4lytysohje"},"content":{"rendered":"\n<p><\/p>\n\n\n\n<p><strong>YLEINEN H\u00c4T\u00c4NUMERO 112<\/strong><\/p>\n\n\n\n<p class=\"has-secondary-color has-text-color has-link-color wp-elements-061b38b227092335210393af8927d786\">Kiireett\u00f6m\u00e4t avunpyynn\u00f6t <a href=\"https:\/\/meripelastus.fi\/trossi\/trossi-palvelunumero\/\"><strong>Trossi-palvelunumerosta<\/strong><\/a> 0800 3022 30 (1.5. &#8211; 31.10.)<\/p>\n\n\n\n<p class=\"has-black-color has-text-color has-link-color wp-elements-4b4acd5895392080052512c57723396b\">VHF-kanava\u00a0<strong>16<\/strong> \/ VHF-DSC <strong>70<\/strong><\/p>\n\n\n\n<ul class=\"wp-block-list\">\n<li>Kerro (aluksesi) nimi ja yhteystiedot<\/li>\n\n\n\n<li>Kerro tarkka tapahtumapaikka<\/li>\n\n\n\n<li>Kerro mit\u00e4 on tapahtunut<\/li>\n\n\n\n<li>Montako ihmist\u00e4 on vaarassa, onko loukkaantuneita?<\/li>\n\n\n\n<li>Kerro mit\u00e4 apua tarvitaan<\/li>\n\n\n\n<li>\u00c4l\u00e4 katkaise yhteytt\u00e4 ennen kuin saat luvan<\/li>\n<\/ul>\n\n\n\n<p><\/p>\n\n\n\n<p><\/p>\n\n\n\n<p class=\"has-medium-font-size\">Mikkelin J\u00e4rvipelastajien p\u00e4ivystysnumero<strong> 040 752 9930<\/strong><\/p>\n\n\n\n<p><\/p>\n","protected":false},"excerpt":{"rendered":"<p>YLEINEN H\u00c4T\u00c4NUMERO 112 Kiireett\u00f6m\u00e4t avunpyynn\u00f6t Trossi-palvelunumerosta 0800 3022 30 (1.5. &#8211; 31.10.) VHF-kanava\u00a016 \/ VHF-DSC 70 Mikkelin J\u00e4rvipelastajien p\u00e4ivystysnumero 040 752 9930<\/p>\n","protected":false},"author":1,"featured_media":0,"parent":20,"menu_order":0,"comment_status":"closed","ping_status":"closed","template":"","meta":{"_acf_changed":false,"inline_featured_image":false,"footnotes":""},"class_list":["post-22","page","type-page","status-publish","hentry"],"acf":[],"yoast_head":"<!-- This site is optimized with the Yoast SEO Premium plugin v27.2 (Yoast SEO v27.2) - https:\/\/yoast.com\/product\/yoast-seo-premium-wordpress\/ -->\n<title>H\u00e4lytysohje - Mikkelin J\u00e4rvipelastajat<\/title>\n<meta name=\"robots\" content=\"index, follow, max-snippet:-1, max-image-preview:large, max-video-preview:-1\" \/>\n<link rel=\"canonical\" href=\"https:\/\/meripelastus.fi\/mikkeli\/toiminta\/halytysohje\/\" \/>\n<meta property=\"og:locale\" content=\"fi_FI\" \/>\n<meta property=\"og:type\" content=\"article\" \/>\n<meta property=\"og:title\" content=\"H\u00e4lytysohje\" \/>\n<meta property=\"og:description\" content=\"YLEINEN H\u00c4T\u00c4NUMERO 112 Kiireett\u00f6m\u00e4t avunpyynn\u00f6t Trossi-palvelunumerosta 0800 3022 30 (1.5. &#8211; 31.10.) VHF-kanava\u00a016 \/ VHF-DSC 70 Mikkelin J\u00e4rvipelastajien p\u00e4ivystysnumero 040 752 9930\" \/>\n<meta property=\"og:url\" content=\"https:\/\/meripelastus.fi\/mikkeli\/toiminta\/halytysohje\/\" \/>\n<meta property=\"og:site_name\" content=\"Mikkelin J\u00e4rvipelastajat\" \/>\n<meta property=\"article:modified_time\" content=\"2025-01-10T15:58:56+00:00\" \/>\n<meta name=\"twitter:card\" content=\"summary_large_image\" \/>\n<meta name=\"twitter:label1\" content=\"Arvioitu lukuaika\" \/>\n\t<meta name=\"twitter:data1\" content=\"1 minuutti\" \/>\n<script type=\"application\/ld+json\" class=\"yoast-schema-graph\">{\"@context\":\"https:\/\/schema.org\",\"@graph\":[{\"@type\":\"WebPage\",\"@id\":\"https:\/\/meripelastus.fi\/mikkeli\/toiminta\/halytysohje\/\",\"url\":\"https:\/\/meripelastus.fi\/mikkeli\/toiminta\/halytysohje\/\",\"name\":\"H\u00e4lytysohje - Mikkelin J\u00e4rvipelastajat\",\"isPartOf\":{\"@id\":\"https:\/\/meripelastus.fi\/mikkeli\/#website\"},\"datePublished\":\"2018-03-19T07:18:43+00:00\",\"dateModified\":\"2025-01-10T15:58:56+00:00\",\"breadcrumb\":{\"@id\":\"https:\/\/meripelastus.fi\/mikkeli\/toiminta\/halytysohje\/#breadcrumb\"},\"inLanguage\":\"fi\",\"potentialAction\":[{\"@type\":\"ReadAction\",\"target\":[\"https:\/\/meripelastus.fi\/mikkeli\/toiminta\/halytysohje\/\"]}]},{\"@type\":\"BreadcrumbList\",\"@id\":\"https:\/\/meripelastus.fi\/mikkeli\/toiminta\/halytysohje\/#breadcrumb\",\"itemListElement\":[{\"@type\":\"ListItem\",\"position\":1,\"name\":\"Etusivu\",\"item\":\"https:\/\/meripelastus.fi\/mikkeli\/\"},{\"@type\":\"ListItem\",\"position\":2,\"name\":\"Toiminta\",\"item\":\"https:\/\/meripelastus.fi\/mikkeli\/toiminta\/\"},{\"@type\":\"ListItem\",\"position\":3,\"name\":\"H\u00e4lytysohje\"}]},{\"@type\":\"WebSite\",\"@id\":\"https:\/\/meripelastus.fi\/mikkeli\/#website\",\"url\":\"https:\/\/meripelastus.fi\/mikkeli\/\",\"name\":\"Mikkelin J\u00e4rvipelastajat\",\"description\":\"Vapaaehtoiset apunasi vesill\u00e4\",\"potentialAction\":[{\"@type\":\"SearchAction\",\"target\":{\"@type\":\"EntryPoint\",\"urlTemplate\":\"https:\/\/meripelastus.fi\/mikkeli\/?s={search_term_string}\"},\"query-input\":{\"@type\":\"PropertyValueSpecification\",\"valueRequired\":true,\"valueName\":\"search_term_string\"}}],\"inLanguage\":\"fi\"}]}<\/script>\n<!-- \/ Yoast SEO Premium plugin. -->","yoast_head_json":{"title":"H\u00e4lytysohje - Mikkelin J\u00e4rvipelastajat","robots":{"index":"index","follow":"follow","max-snippet":"max-snippet:-1","max-image-preview":"max-image-preview:large","max-video-preview":"max-video-preview:-1"},"canonical":"https:\/\/meripelastus.fi\/mikkeli\/toiminta\/halytysohje\/","og_locale":"fi_FI","og_type":"article","og_title":"H\u00e4lytysohje","og_description":"YLEINEN H\u00c4T\u00c4NUMERO 112 Kiireett\u00f6m\u00e4t avunpyynn\u00f6t Trossi-palvelunumerosta 0800 3022 30 (1.5. &#8211; 31.10.) VHF-kanava\u00a016 \/ VHF-DSC 70 Mikkelin J\u00e4rvipelastajien p\u00e4ivystysnumero 040 752 9930","og_url":"https:\/\/meripelastus.fi\/mikkeli\/toiminta\/halytysohje\/","og_site_name":"Mikkelin J\u00e4rvipelastajat","article_modified_time":"2025-01-10T15:58:56+00:00","twitter_card":"summary_large_image","twitter_misc":{"Arvioitu lukuaika":"1 minuutti"},"schema":{"@context":"https:\/\/schema.org","@graph":[{"@type":"WebPage","@id":"https:\/\/meripelastus.fi\/mikkeli\/toiminta\/halytysohje\/","url":"https:\/\/meripelastus.fi\/mikkeli\/toiminta\/halytysohje\/","name":"H\u00e4lytysohje - Mikkelin J\u00e4rvipelastajat","isPartOf":{"@id":"https:\/\/meripelastus.fi\/mikkeli\/#website"},"datePublished":"2018-03-19T07:18:43+00:00","dateModified":"2025-01-10T15:58:56+00:00","breadcrumb":{"@id":"https:\/\/meripelastus.fi\/mikkeli\/toiminta\/halytysohje\/#breadcrumb"},"inLanguage":"fi","potentialAction":[{"@type":"ReadAction","target":["https:\/\/meripelastus.fi\/mikkeli\/toiminta\/halytysohje\/"]}]},{"@type":"BreadcrumbList","@id":"https:\/\/meripelastus.fi\/mikkeli\/toiminta\/halytysohje\/#breadcrumb","itemListElement":[{"@type":"ListItem","position":1,"name":"Etusivu","item":"https:\/\/meripelastus.fi\/mikkeli\/"},{"@type":"ListItem","position":2,"name":"Toiminta","item":"https:\/\/meripelastus.fi\/mikkeli\/toiminta\/"},{"@type":"ListItem","position":3,"name":"H\u00e4lytysohje"}]},{"@type":"WebSite","@id":"https:\/\/meripelastus.fi\/mikkeli\/#website","url":"https:\/\/meripelastus.fi\/mikkeli\/","name":"Mikkelin J\u00e4rvipelastajat","description":"Vapaaehtoiset apunasi vesill\u00e4","potentialAction":[{"@type":"SearchAction","target":{"@type":"EntryPoint","urlTemplate":"https:\/\/meripelastus.fi\/mikkeli\/?s={search_term_string}"},"query-input":{"@type":"PropertyValueSpecification","valueRequired":true,"valueName":"search_term_string"}}],"inLanguage":"fi"}]}},"_links":{"self":[{"href":"https:\/\/meripelastus.fi\/mikkeli\/wp-json\/wp\/v2\/pages\/22","targetHints":{"allow":["GET"]}}],"collection":[{"href":"https:\/\/meripelastus.fi\/mikkeli\/wp-json\/wp\/v2\/pages"}],"about":[{"href":"https:\/\/meripelastus.fi\/mikkeli\/wp-json\/wp\/v2\/types\/page"}],"author":[{"embeddable":true,"href":"https:\/\/meripelastus.fi\/mikkeli\/wp-json\/wp\/v2\/users\/1"}],"replies":[{"embeddable":true,"href":"https:\/\/meripelastus.fi\/mikkeli\/wp-json\/wp\/v2\/comments?post=22"}],"version-history":[{"count":8,"href":"https:\/\/meripelastus.fi\/mikkeli\/wp-json\/wp\/v2\/pages\/22\/revisions"}],"predecessor-version":[{"id":440,"href":"https:\/\/meripelastus.fi\/mikkeli\/wp-json\/wp\/v2\/pages\/22\/revisions\/440"}],"up":[{"embeddable":true,"href":"https:\/\/meripelastus.fi\/mikkeli\/wp-json\/wp\/v2\/pages\/20"}],"wp:attachment":[{"href":"https:\/\/meripelastus.fi\/mikkeli\/wp-json\/wp\/v2\/media?parent=22"}],"curies":[{"name":"wp","href":"https:\/\/api.w.org\/{rel}","templated":true}]}}