{"id":8,"date":"2018-03-19T09:16:29","date_gmt":"2018-03-19T07:16:29","guid":{"rendered":"http:\/\/basetemplate.smpsyhdistykset.16.testivedos.com\/?page_id=8"},"modified":"2018-07-23T08:57:21","modified_gmt":"2018-07-23T05:57:21","slug":"tietoa-meista","status":"publish","type":"page","link":"https:\/\/meripelastus.fi\/meri-lappi\/meri-lapin-meripelastajat\/tietoa-meista\/","title":{"rendered":"Tietoa meist\u00e4"},"content":{"rendered":"<p>Meri-Lapin Meripelastajat syntyi vuonna 2017 kun Tornion Meripelastajat ja Kemin Meripelastajat yhdistiv\u00e4t toimintonsa. Varsinainen toiminta alkoi vuoden 2018 alusta uuden yhdistyksen alla. Kokemusta on siis pitk\u00e4lt\u00e4 ajalta vaikka yhdistys onkin nuori<\/p>\n<p>Yhdistys py\u00f6ritt\u00e4\u00e4 kahta meripelastusasemaa: Torniossa ja Kemiss\u00e4<\/p>\n","protected":false},"excerpt":{"rendered":"<p>Meri-Lapin Meripelastajat syntyi vuonna 2017 kun Tornion Meripelastajat ja Kemin Meripelastajat yhdistiv\u00e4t toimintonsa. Varsinainen toiminta alkoi vuoden 2018 alusta uuden yhdistyksen alla. Kokemusta on siis pitk\u00e4lt\u00e4 ajalta vaikka yhdistys onkin nuori Yhdistys py\u00f6ritt\u00e4\u00e4 kahta meripelastusasemaa: Torniossa ja Kemiss\u00e4<\/p>\n","protected":false},"author":1,"featured_media":0,"parent":6,"menu_order":0,"comment_status":"closed","ping_status":"closed","template":"","meta":{"_acf_changed":false,"inline_featured_image":false,"footnotes":""},"class_list":["post-8","page","type-page","status-publish","hentry"],"acf":[],"yoast_head":"<!-- This site is optimized with the Yoast SEO Premium plugin v27.2 (Yoast SEO v27.2) - https:\/\/yoast.com\/product\/yoast-seo-premium-wordpress\/ -->\n<title>Tietoa meist\u00e4 - Meri-Lapin Meripelastajat<\/title>\n<meta name=\"robots\" content=\"index, follow, max-snippet:-1, max-image-preview:large, max-video-preview:-1\" \/>\n<link rel=\"canonical\" href=\"https:\/\/meripelastus.fi\/meri-lappi\/meri-lapin-meripelastajat\/tietoa-meista\/\" \/>\n<meta property=\"og:locale\" content=\"fi_FI\" \/>\n<meta property=\"og:type\" content=\"article\" \/>\n<meta property=\"og:title\" content=\"Tietoa meist\u00e4\" \/>\n<meta property=\"og:description\" content=\"Meri-Lapin Meripelastajat syntyi vuonna 2017 kun Tornion Meripelastajat ja Kemin Meripelastajat yhdistiv\u00e4t toimintonsa. Varsinainen toiminta alkoi vuoden 2018 alusta uuden yhdistyksen alla. Kokemusta on siis pitk\u00e4lt\u00e4 ajalta vaikka yhdistys onkin nuori Yhdistys py\u00f6ritt\u00e4\u00e4 kahta meripelastusasemaa: Torniossa ja Kemiss\u00e4\" \/>\n<meta property=\"og:url\" content=\"https:\/\/meripelastus.fi\/meri-lappi\/meri-lapin-meripelastajat\/tietoa-meista\/\" \/>\n<meta property=\"og:site_name\" content=\"Meri-Lapin Meripelastajat\" \/>\n<meta property=\"article:modified_time\" content=\"2018-07-23T05:57:21+00:00\" \/>\n<meta name=\"twitter:card\" content=\"summary_large_image\" \/>\n<script type=\"application\/ld+json\" class=\"yoast-schema-graph\">{\"@context\":\"https:\/\/schema.org\",\"@graph\":[{\"@type\":\"WebPage\",\"@id\":\"https:\/\/meripelastus.fi\/meri-lappi\/meri-lapin-meripelastajat\/tietoa-meista\/\",\"url\":\"https:\/\/meripelastus.fi\/meri-lappi\/meri-lapin-meripelastajat\/tietoa-meista\/\",\"name\":\"Tietoa meist\u00e4 - Meri-Lapin Meripelastajat\",\"isPartOf\":{\"@id\":\"https:\/\/meripelastus.fi\/meri-lappi\/#website\"},\"datePublished\":\"2018-03-19T07:16:29+00:00\",\"dateModified\":\"2018-07-23T05:57:21+00:00\",\"breadcrumb\":{\"@id\":\"https:\/\/meripelastus.fi\/meri-lappi\/meri-lapin-meripelastajat\/tietoa-meista\/#breadcrumb\"},\"inLanguage\":\"fi\",\"potentialAction\":[{\"@type\":\"ReadAction\",\"target\":[\"https:\/\/meripelastus.fi\/meri-lappi\/meri-lapin-meripelastajat\/tietoa-meista\/\"]}]},{\"@type\":\"BreadcrumbList\",\"@id\":\"https:\/\/meripelastus.fi\/meri-lappi\/meri-lapin-meripelastajat\/tietoa-meista\/#breadcrumb\",\"itemListElement\":[{\"@type\":\"ListItem\",\"position\":1,\"name\":\"Etusivu\",\"item\":\"https:\/\/meripelastus.fi\/meri-lappi\/\"},{\"@type\":\"ListItem\",\"position\":2,\"name\":\"Meri-Lapin Meripelastajat\",\"item\":\"https:\/\/meripelastus.fi\/meri-lappi\/meri-lapin-meripelastajat\/\"},{\"@type\":\"ListItem\",\"position\":3,\"name\":\"Tietoa meist\u00e4\"}]},{\"@type\":\"WebSite\",\"@id\":\"https:\/\/meripelastus.fi\/meri-lappi\/#website\",\"url\":\"https:\/\/meripelastus.fi\/meri-lappi\/\",\"name\":\"Meri-Lapin Meripelastajat\",\"description\":\"Uusi SMPS Yhdistykset -sivusto\",\"potentialAction\":[{\"@type\":\"SearchAction\",\"target\":{\"@type\":\"EntryPoint\",\"urlTemplate\":\"https:\/\/meripelastus.fi\/meri-lappi\/?s={search_term_string}\"},\"query-input\":{\"@type\":\"PropertyValueSpecification\",\"valueRequired\":true,\"valueName\":\"search_term_string\"}}],\"inLanguage\":\"fi\"}]}<\/script>\n<!-- \/ Yoast SEO Premium plugin. -->","yoast_head_json":{"title":"Tietoa meist\u00e4 - Meri-Lapin Meripelastajat","robots":{"index":"index","follow":"follow","max-snippet":"max-snippet:-1","max-image-preview":"max-image-preview:large","max-video-preview":"max-video-preview:-1"},"canonical":"https:\/\/meripelastus.fi\/meri-lappi\/meri-lapin-meripelastajat\/tietoa-meista\/","og_locale":"fi_FI","og_type":"article","og_title":"Tietoa meist\u00e4","og_description":"Meri-Lapin Meripelastajat syntyi vuonna 2017 kun Tornion Meripelastajat ja Kemin Meripelastajat yhdistiv\u00e4t toimintonsa. Varsinainen toiminta alkoi vuoden 2018 alusta uuden yhdistyksen alla. Kokemusta on siis pitk\u00e4lt\u00e4 ajalta vaikka yhdistys onkin nuori Yhdistys py\u00f6ritt\u00e4\u00e4 kahta meripelastusasemaa: Torniossa ja Kemiss\u00e4","og_url":"https:\/\/meripelastus.fi\/meri-lappi\/meri-lapin-meripelastajat\/tietoa-meista\/","og_site_name":"Meri-Lapin Meripelastajat","article_modified_time":"2018-07-23T05:57:21+00:00","twitter_card":"summary_large_image","schema":{"@context":"https:\/\/schema.org","@graph":[{"@type":"WebPage","@id":"https:\/\/meripelastus.fi\/meri-lappi\/meri-lapin-meripelastajat\/tietoa-meista\/","url":"https:\/\/meripelastus.fi\/meri-lappi\/meri-lapin-meripelastajat\/tietoa-meista\/","name":"Tietoa meist\u00e4 - Meri-Lapin Meripelastajat","isPartOf":{"@id":"https:\/\/meripelastus.fi\/meri-lappi\/#website"},"datePublished":"2018-03-19T07:16:29+00:00","dateModified":"2018-07-23T05:57:21+00:00","breadcrumb":{"@id":"https:\/\/meripelastus.fi\/meri-lappi\/meri-lapin-meripelastajat\/tietoa-meista\/#breadcrumb"},"inLanguage":"fi","potentialAction":[{"@type":"ReadAction","target":["https:\/\/meripelastus.fi\/meri-lappi\/meri-lapin-meripelastajat\/tietoa-meista\/"]}]},{"@type":"BreadcrumbList","@id":"https:\/\/meripelastus.fi\/meri-lappi\/meri-lapin-meripelastajat\/tietoa-meista\/#breadcrumb","itemListElement":[{"@type":"ListItem","position":1,"name":"Etusivu","item":"https:\/\/meripelastus.fi\/meri-lappi\/"},{"@type":"ListItem","position":2,"name":"Meri-Lapin Meripelastajat","item":"https:\/\/meripelastus.fi\/meri-lappi\/meri-lapin-meripelastajat\/"},{"@type":"ListItem","position":3,"name":"Tietoa meist\u00e4"}]},{"@type":"WebSite","@id":"https:\/\/meripelastus.fi\/meri-lappi\/#website","url":"https:\/\/meripelastus.fi\/meri-lappi\/","name":"Meri-Lapin Meripelastajat","description":"Uusi SMPS Yhdistykset -sivusto","potentialAction":[{"@type":"SearchAction","target":{"@type":"EntryPoint","urlTemplate":"https:\/\/meripelastus.fi\/meri-lappi\/?s={search_term_string}"},"query-input":{"@type":"PropertyValueSpecification","valueRequired":true,"valueName":"search_term_string"}}],"inLanguage":"fi"}]}},"_links":{"self":[{"href":"https:\/\/meripelastus.fi\/meri-lappi\/wp-json\/wp\/v2\/pages\/8","targetHints":{"allow":["GET"]}}],"collection":[{"href":"https:\/\/meripelastus.fi\/meri-lappi\/wp-json\/wp\/v2\/pages"}],"about":[{"href":"https:\/\/meripelastus.fi\/meri-lappi\/wp-json\/wp\/v2\/types\/page"}],"author":[{"embeddable":true,"href":"https:\/\/meripelastus.fi\/meri-lappi\/wp-json\/wp\/v2\/users\/1"}],"replies":[{"embeddable":true,"href":"https:\/\/meripelastus.fi\/meri-lappi\/wp-json\/wp\/v2\/comments?post=8"}],"version-history":[{"count":7,"href":"https:\/\/meripelastus.fi\/meri-lappi\/wp-json\/wp\/v2\/pages\/8\/revisions"}],"predecessor-version":[{"id":195,"href":"https:\/\/meripelastus.fi\/meri-lappi\/wp-json\/wp\/v2\/pages\/8\/revisions\/195"}],"up":[{"embeddable":true,"href":"https:\/\/meripelastus.fi\/meri-lappi\/wp-json\/wp\/v2\/pages\/6"}],"wp:attachment":[{"href":"https:\/\/meripelastus.fi\/meri-lappi\/wp-json\/wp\/v2\/media?parent=8"}],"curies":[{"name":"wp","href":"https:\/\/api.w.org\/{rel}","templated":true}]}}