{"id":51,"date":"2018-03-19T09:24:37","date_gmt":"2018-03-19T07:24:37","guid":{"rendered":"http:\/\/basetemplate.smpsyhdistykset.16.testivedos.com\/?page_id=51"},"modified":"2024-01-19T14:25:56","modified_gmt":"2024-01-19T12:25:56","slug":"yhteystiedot","status":"publish","type":"page","link":"https:\/\/meripelastus.fi\/meri-lappi\/yhteystiedot\/","title":{"rendered":"Yhteystiedot"},"content":{"rendered":"\n<p><strong>Meripelastuksen h\u00e4lytysnumero<\/strong><\/p>\n\n\n\n<p><strong>0294 1000<\/strong><\/p>\n\n\n\n<p>Puheenjohtaja<\/p>\n\n\n\n<p>Jyri J. Taskila<br>+358 40 50 88 382<\/p>\n\n\n\n<p>pj.meri-lappi@messi.meripelastus.fi<\/p>\n\n\n\n<figure class=\"wp-block-table\"><table><tbody><tr><td>Kemin pelastusasema<\/td><\/tr><tr><td>c\/o Arto Mattila<\/td><\/tr><tr><td>Takaj\u00e4rventie 25<\/td><\/tr><tr><td>94700 Kemi<\/td><\/tr><\/tbody><\/table><\/figure>\n\n\n\n<p>+358 400 985 314<\/p>\n\n\n\n<p>asemavastaava.kemi@messi.meripelastus.fi<\/p>\n\n\n\n<figure class=\"wp-block-table\"><table><tbody><tr><td>Tornion pelastusasema<\/td><\/tr><tr><td>c\/o Nico Salmij\u00e4rvi<\/td><\/tr><tr><td>&nbsp;<\/td><\/tr><tr><td>&nbsp;<\/td><\/tr><\/tbody><\/table><\/figure>\n\n\n\n<p>+358 40 55 49 805<\/p>\n\n\n\n<p>asemavastaava.tornio@messi.meripelastus.fi<\/p>\n\n\n\n<p>Laskutus<\/p>\n\n\n\n<p>Talousvastaava Rami Yl\u00e4vaara<br>puh. +358405064883<br>talous.meri-lappi@messi.meripelastus.fi<\/p>\n\n\n\n<figure class=\"wp-block-table\"><table><tbody><tr><td colspan=\"2\">Ostolaskujen vastaanotto<\/td><td>&nbsp;<\/td><\/tr><tr><td>Verkkolaskuna<\/td><td colspan=\"2\">003728516447<\/td><\/tr><tr><td>Verkkolaskujen v\u00e4litt\u00e4j\u00e4<\/td><td colspan=\"2\">003708599126 (OpenText)<\/td><\/tr><tr><td>S\u00e4hk\u00f6postitse<\/td><td colspan=\"2\">fennoa.504459@erin.posti.com<\/td><\/tr><tr><td>Postitse<\/td><td colspan=\"2\">Meri-Lapin Meripelastajat ry<br>PL 56986<br>01051 LASKUT<\/td><\/tr><\/tbody><\/table><\/figure>\n\n\n\n<p>Rahanker\u00e4yslupa RA\/2022\/753<\/p>\n","protected":false},"excerpt":{"rendered":"<p>Meripelastuksen h\u00e4lytysnumero 0294 1000 Puheenjohtaja Jyri J. Taskila+358 40 50 88 382 pj.meri-lappi@messi.meripelastus.fi Kemin pelastusasema c\/o Arto Mattila Takaj\u00e4rventie 25 94700 Kemi +358 400 985 314 asemavastaava.kemi@messi.meripelastus.fi Tornion pelastusasema c\/o Nico Salmij\u00e4rvi &nbsp; &nbsp; +358 40 55 49 805 asemavastaava.tornio@messi.meripelastus.fi Laskutus Talousvastaava Rami Yl\u00e4vaarapuh. +358405064883talous.meri-lappi@messi.meripelastus.fi Ostolaskujen vastaanotto &nbsp; Verkkolaskuna 003728516447 Verkkolaskujen v\u00e4litt\u00e4j\u00e4 003708599126 (OpenText) S\u00e4hk\u00f6postitse [&hellip;]<\/p>\n","protected":false},"author":1,"featured_media":0,"parent":0,"menu_order":4,"comment_status":"closed","ping_status":"closed","template":"","meta":{"_acf_changed":false,"inline_featured_image":false,"footnotes":""},"class_list":["post-51","page","type-page","status-publish","hentry"],"acf":[],"yoast_head":"<!-- This site is optimized with the Yoast SEO Premium plugin v27.2 (Yoast SEO v27.2) - https:\/\/yoast.com\/product\/yoast-seo-premium-wordpress\/ -->\n<title>Yhteystiedot - Meri-Lapin Meripelastajat<\/title>\n<meta name=\"robots\" content=\"index, follow, max-snippet:-1, max-image-preview:large, max-video-preview:-1\" \/>\n<link rel=\"canonical\" href=\"https:\/\/meripelastus.fi\/meri-lappi\/yhteystiedot\/\" \/>\n<meta property=\"og:locale\" content=\"fi_FI\" \/>\n<meta property=\"og:type\" content=\"article\" \/>\n<meta property=\"og:title\" content=\"Yhteystiedot\" \/>\n<meta property=\"og:description\" content=\"Meripelastuksen h\u00e4lytysnumero 0294 1000 Puheenjohtaja Jyri J. Taskila+358 40 50 88 382 pj.meri-lappi@messi.meripelastus.fi Kemin pelastusasema c\/o Arto Mattila Takaj\u00e4rventie 25 94700 Kemi +358 400 985 314 asemavastaava.kemi@messi.meripelastus.fi Tornion pelastusasema c\/o Nico Salmij\u00e4rvi &nbsp; &nbsp; +358 40 55 49 805 asemavastaava.tornio@messi.meripelastus.fi Laskutus Talousvastaava Rami Yl\u00e4vaarapuh. +358405064883talous.meri-lappi@messi.meripelastus.fi Ostolaskujen vastaanotto &nbsp; Verkkolaskuna 003728516447 Verkkolaskujen v\u00e4litt\u00e4j\u00e4 003708599126 (OpenText) S\u00e4hk\u00f6postitse [&hellip;]\" \/>\n<meta property=\"og:url\" content=\"https:\/\/meripelastus.fi\/meri-lappi\/yhteystiedot\/\" \/>\n<meta property=\"og:site_name\" content=\"Meri-Lapin Meripelastajat\" \/>\n<meta property=\"article:modified_time\" content=\"2024-01-19T12:25:56+00:00\" \/>\n<meta name=\"twitter:card\" content=\"summary_large_image\" \/>\n<meta name=\"twitter:label1\" content=\"Arvioitu lukuaika\" \/>\n\t<meta name=\"twitter:data1\" content=\"1 minuutti\" \/>\n<script type=\"application\/ld+json\" class=\"yoast-schema-graph\">{\"@context\":\"https:\/\/schema.org\",\"@graph\":[{\"@type\":\"WebPage\",\"@id\":\"https:\/\/meripelastus.fi\/meri-lappi\/yhteystiedot\/\",\"url\":\"https:\/\/meripelastus.fi\/meri-lappi\/yhteystiedot\/\",\"name\":\"Yhteystiedot - Meri-Lapin Meripelastajat\",\"isPartOf\":{\"@id\":\"https:\/\/meripelastus.fi\/meri-lappi\/#website\"},\"datePublished\":\"2018-03-19T07:24:37+00:00\",\"dateModified\":\"2024-01-19T12:25:56+00:00\",\"breadcrumb\":{\"@id\":\"https:\/\/meripelastus.fi\/meri-lappi\/yhteystiedot\/#breadcrumb\"},\"inLanguage\":\"fi\",\"potentialAction\":[{\"@type\":\"ReadAction\",\"target\":[\"https:\/\/meripelastus.fi\/meri-lappi\/yhteystiedot\/\"]}]},{\"@type\":\"BreadcrumbList\",\"@id\":\"https:\/\/meripelastus.fi\/meri-lappi\/yhteystiedot\/#breadcrumb\",\"itemListElement\":[{\"@type\":\"ListItem\",\"position\":1,\"name\":\"Etusivu\",\"item\":\"https:\/\/meripelastus.fi\/meri-lappi\/\"},{\"@type\":\"ListItem\",\"position\":2,\"name\":\"Yhteystiedot\"}]},{\"@type\":\"WebSite\",\"@id\":\"https:\/\/meripelastus.fi\/meri-lappi\/#website\",\"url\":\"https:\/\/meripelastus.fi\/meri-lappi\/\",\"name\":\"Meri-Lapin Meripelastajat\",\"description\":\"Uusi SMPS Yhdistykset -sivusto\",\"potentialAction\":[{\"@type\":\"SearchAction\",\"target\":{\"@type\":\"EntryPoint\",\"urlTemplate\":\"https:\/\/meripelastus.fi\/meri-lappi\/?s={search_term_string}\"},\"query-input\":{\"@type\":\"PropertyValueSpecification\",\"valueRequired\":true,\"valueName\":\"search_term_string\"}}],\"inLanguage\":\"fi\"}]}<\/script>\n<!-- \/ Yoast SEO Premium plugin. -->","yoast_head_json":{"title":"Yhteystiedot - Meri-Lapin Meripelastajat","robots":{"index":"index","follow":"follow","max-snippet":"max-snippet:-1","max-image-preview":"max-image-preview:large","max-video-preview":"max-video-preview:-1"},"canonical":"https:\/\/meripelastus.fi\/meri-lappi\/yhteystiedot\/","og_locale":"fi_FI","og_type":"article","og_title":"Yhteystiedot","og_description":"Meripelastuksen h\u00e4lytysnumero 0294 1000 Puheenjohtaja Jyri J. Taskila+358 40 50 88 382 pj.meri-lappi@messi.meripelastus.fi Kemin pelastusasema c\/o Arto Mattila Takaj\u00e4rventie 25 94700 Kemi +358 400 985 314 asemavastaava.kemi@messi.meripelastus.fi Tornion pelastusasema c\/o Nico Salmij\u00e4rvi &nbsp; &nbsp; +358 40 55 49 805 asemavastaava.tornio@messi.meripelastus.fi Laskutus Talousvastaava Rami Yl\u00e4vaarapuh. +358405064883talous.meri-lappi@messi.meripelastus.fi Ostolaskujen vastaanotto &nbsp; Verkkolaskuna 003728516447 Verkkolaskujen v\u00e4litt\u00e4j\u00e4 003708599126 (OpenText) S\u00e4hk\u00f6postitse [&hellip;]","og_url":"https:\/\/meripelastus.fi\/meri-lappi\/yhteystiedot\/","og_site_name":"Meri-Lapin Meripelastajat","article_modified_time":"2024-01-19T12:25:56+00:00","twitter_card":"summary_large_image","twitter_misc":{"Arvioitu lukuaika":"1 minuutti"},"schema":{"@context":"https:\/\/schema.org","@graph":[{"@type":"WebPage","@id":"https:\/\/meripelastus.fi\/meri-lappi\/yhteystiedot\/","url":"https:\/\/meripelastus.fi\/meri-lappi\/yhteystiedot\/","name":"Yhteystiedot - Meri-Lapin Meripelastajat","isPartOf":{"@id":"https:\/\/meripelastus.fi\/meri-lappi\/#website"},"datePublished":"2018-03-19T07:24:37+00:00","dateModified":"2024-01-19T12:25:56+00:00","breadcrumb":{"@id":"https:\/\/meripelastus.fi\/meri-lappi\/yhteystiedot\/#breadcrumb"},"inLanguage":"fi","potentialAction":[{"@type":"ReadAction","target":["https:\/\/meripelastus.fi\/meri-lappi\/yhteystiedot\/"]}]},{"@type":"BreadcrumbList","@id":"https:\/\/meripelastus.fi\/meri-lappi\/yhteystiedot\/#breadcrumb","itemListElement":[{"@type":"ListItem","position":1,"name":"Etusivu","item":"https:\/\/meripelastus.fi\/meri-lappi\/"},{"@type":"ListItem","position":2,"name":"Yhteystiedot"}]},{"@type":"WebSite","@id":"https:\/\/meripelastus.fi\/meri-lappi\/#website","url":"https:\/\/meripelastus.fi\/meri-lappi\/","name":"Meri-Lapin Meripelastajat","description":"Uusi SMPS Yhdistykset -sivusto","potentialAction":[{"@type":"SearchAction","target":{"@type":"EntryPoint","urlTemplate":"https:\/\/meripelastus.fi\/meri-lappi\/?s={search_term_string}"},"query-input":{"@type":"PropertyValueSpecification","valueRequired":true,"valueName":"search_term_string"}}],"inLanguage":"fi"}]}},"_links":{"self":[{"href":"https:\/\/meripelastus.fi\/meri-lappi\/wp-json\/wp\/v2\/pages\/51","targetHints":{"allow":["GET"]}}],"collection":[{"href":"https:\/\/meripelastus.fi\/meri-lappi\/wp-json\/wp\/v2\/pages"}],"about":[{"href":"https:\/\/meripelastus.fi\/meri-lappi\/wp-json\/wp\/v2\/types\/page"}],"author":[{"embeddable":true,"href":"https:\/\/meripelastus.fi\/meri-lappi\/wp-json\/wp\/v2\/users\/1"}],"replies":[{"embeddable":true,"href":"https:\/\/meripelastus.fi\/meri-lappi\/wp-json\/wp\/v2\/comments?post=51"}],"version-history":[{"count":12,"href":"https:\/\/meripelastus.fi\/meri-lappi\/wp-json\/wp\/v2\/pages\/51\/revisions"}],"predecessor-version":[{"id":407,"href":"https:\/\/meripelastus.fi\/meri-lappi\/wp-json\/wp\/v2\/pages\/51\/revisions\/407"}],"wp:attachment":[{"href":"https:\/\/meripelastus.fi\/meri-lappi\/wp-json\/wp\/v2\/media?parent=51"}],"curies":[{"name":"wp","href":"https:\/\/api.w.org\/{rel}","templated":true}]}}