{"id":20,"date":"2018-03-19T09:18:28","date_gmt":"2018-03-19T07:18:28","guid":{"rendered":"http:\/\/basetemplate.smpsyhdistykset.16.testivedos.com\/?page_id=20"},"modified":"2018-11-07T09:11:39","modified_gmt":"2018-11-07T07:11:39","slug":"toiminta","status":"publish","type":"page","link":"https:\/\/meripelastus.fi\/meri-lappi\/toiminta\/","title":{"rendered":"Toiminta"},"content":{"rendered":"<p><span>Suomen Meripelastusseuralla on ymp\u00e4ri Suomen 61 pelastusasemaa. Meri-Lapin Meripelastajat tekev\u00e4t vapaaehtoista meripelastusty\u00f6t\u00e4 yhteisty\u00f6ss\u00e4 paikallisten viranomaisten, merivartioston ja pelastuslaitosten kanssa.<\/span><\/p>\n<p><span>T\u00e4rkein teht\u00e4v\u00e4mme on merih\u00e4t\u00e4\u00e4n joutuneiden ihmisten pelastaminen. Osallistumme veneilyturvallisuuden parantamiseksi my\u00f6s erilaisiin kampanjoihin ja koulutamme jatkuvasti j\u00e4senist\u00f6\u00e4mme kehitt\u00e4m\u00e4\u00e4n veneilytaitojaan ja noudattamaan hyvi\u00e4 merimiestapoja.<\/span><\/p>\n<p><span>Yhdistyksell\u00e4mme on kaksi pelastusasemaa, Kemiss\u00e4 sek\u00e4 Torniossa. Harjoittelemme avovesikaudella maanantaisin klo 18:00 alkaen.<\/span><\/p>\n<p><span>Partioimme Per\u00e4merell\u00e4 Luulaja-Kuivaniemi linjan pohjoispuolella kahdella pelastusveneluokan aluksella ja kahdella apuveneell\u00e4.<\/span><\/p>\n<p><span>Rahoitamme toimintamme j\u00e4senmaksutuloilla, talkoot\u00f6ill\u00e4 sek\u00e4 yhteisty\u00f6kumppaneidemme tuella.<\/span><\/p>\n","protected":false},"excerpt":{"rendered":"<p>Suomen Meripelastusseuralla on ymp\u00e4ri Suomen 61 pelastusasemaa. Meri-Lapin Meripelastajat tekev\u00e4t vapaaehtoista meripelastusty\u00f6t\u00e4 yhteisty\u00f6ss\u00e4 paikallisten viranomaisten, merivartioston ja pelastuslaitosten kanssa. T\u00e4rkein teht\u00e4v\u00e4mme on merih\u00e4t\u00e4\u00e4n joutuneiden ihmisten pelastaminen. Osallistumme veneilyturvallisuuden parantamiseksi my\u00f6s erilaisiin kampanjoihin ja koulutamme jatkuvasti j\u00e4senist\u00f6\u00e4mme kehitt\u00e4m\u00e4\u00e4n veneilytaitojaan ja noudattamaan hyvi\u00e4 merimiestapoja. Yhdistyksell\u00e4mme on kaksi pelastusasemaa, Kemiss\u00e4 sek\u00e4 Torniossa. Harjoittelemme avovesikaudella maanantaisin klo 18:00 alkaen. [&hellip;]<\/p>\n","protected":false},"author":1,"featured_media":0,"parent":0,"menu_order":3,"comment_status":"closed","ping_status":"closed","template":"","meta":{"_acf_changed":false,"inline_featured_image":false,"footnotes":""},"class_list":["post-20","page","type-page","status-publish","hentry"],"acf":[],"yoast_head":"<!-- This site is optimized with the Yoast SEO Premium plugin v27.2 (Yoast SEO v27.2) - https:\/\/yoast.com\/product\/yoast-seo-premium-wordpress\/ -->\n<title>Toiminta - Meri-Lapin Meripelastajat<\/title>\n<meta name=\"robots\" content=\"index, follow, max-snippet:-1, max-image-preview:large, max-video-preview:-1\" \/>\n<link rel=\"canonical\" href=\"https:\/\/meripelastus.fi\/meri-lappi\/toiminta\/\" \/>\n<meta property=\"og:locale\" content=\"fi_FI\" \/>\n<meta property=\"og:type\" content=\"article\" \/>\n<meta property=\"og:title\" content=\"Toiminta\" \/>\n<meta property=\"og:description\" content=\"Suomen Meripelastusseuralla on ymp\u00e4ri Suomen 61 pelastusasemaa. Meri-Lapin Meripelastajat tekev\u00e4t vapaaehtoista meripelastusty\u00f6t\u00e4 yhteisty\u00f6ss\u00e4 paikallisten viranomaisten, merivartioston ja pelastuslaitosten kanssa. T\u00e4rkein teht\u00e4v\u00e4mme on merih\u00e4t\u00e4\u00e4n joutuneiden ihmisten pelastaminen. Osallistumme veneilyturvallisuuden parantamiseksi my\u00f6s erilaisiin kampanjoihin ja koulutamme jatkuvasti j\u00e4senist\u00f6\u00e4mme kehitt\u00e4m\u00e4\u00e4n veneilytaitojaan ja noudattamaan hyvi\u00e4 merimiestapoja. Yhdistyksell\u00e4mme on kaksi pelastusasemaa, Kemiss\u00e4 sek\u00e4 Torniossa. Harjoittelemme avovesikaudella maanantaisin klo 18:00 alkaen. [&hellip;]\" \/>\n<meta property=\"og:url\" content=\"https:\/\/meripelastus.fi\/meri-lappi\/toiminta\/\" \/>\n<meta property=\"og:site_name\" content=\"Meri-Lapin Meripelastajat\" \/>\n<meta property=\"article:modified_time\" content=\"2018-11-07T07:11:39+00:00\" \/>\n<meta name=\"twitter:card\" content=\"summary_large_image\" \/>\n<script type=\"application\/ld+json\" class=\"yoast-schema-graph\">{\"@context\":\"https:\/\/schema.org\",\"@graph\":[{\"@type\":\"WebPage\",\"@id\":\"https:\/\/meripelastus.fi\/meri-lappi\/toiminta\/\",\"url\":\"https:\/\/meripelastus.fi\/meri-lappi\/toiminta\/\",\"name\":\"Toiminta - Meri-Lapin Meripelastajat\",\"isPartOf\":{\"@id\":\"https:\/\/meripelastus.fi\/meri-lappi\/#website\"},\"datePublished\":\"2018-03-19T07:18:28+00:00\",\"dateModified\":\"2018-11-07T07:11:39+00:00\",\"breadcrumb\":{\"@id\":\"https:\/\/meripelastus.fi\/meri-lappi\/toiminta\/#breadcrumb\"},\"inLanguage\":\"fi\",\"potentialAction\":[{\"@type\":\"ReadAction\",\"target\":[\"https:\/\/meripelastus.fi\/meri-lappi\/toiminta\/\"]}]},{\"@type\":\"BreadcrumbList\",\"@id\":\"https:\/\/meripelastus.fi\/meri-lappi\/toiminta\/#breadcrumb\",\"itemListElement\":[{\"@type\":\"ListItem\",\"position\":1,\"name\":\"Etusivu\",\"item\":\"https:\/\/meripelastus.fi\/meri-lappi\/\"},{\"@type\":\"ListItem\",\"position\":2,\"name\":\"Toiminta\"}]},{\"@type\":\"WebSite\",\"@id\":\"https:\/\/meripelastus.fi\/meri-lappi\/#website\",\"url\":\"https:\/\/meripelastus.fi\/meri-lappi\/\",\"name\":\"Meri-Lapin Meripelastajat\",\"description\":\"Uusi SMPS Yhdistykset -sivusto\",\"potentialAction\":[{\"@type\":\"SearchAction\",\"target\":{\"@type\":\"EntryPoint\",\"urlTemplate\":\"https:\/\/meripelastus.fi\/meri-lappi\/?s={search_term_string}\"},\"query-input\":{\"@type\":\"PropertyValueSpecification\",\"valueRequired\":true,\"valueName\":\"search_term_string\"}}],\"inLanguage\":\"fi\"}]}<\/script>\n<!-- \/ Yoast SEO Premium plugin. -->","yoast_head_json":{"title":"Toiminta - Meri-Lapin Meripelastajat","robots":{"index":"index","follow":"follow","max-snippet":"max-snippet:-1","max-image-preview":"max-image-preview:large","max-video-preview":"max-video-preview:-1"},"canonical":"https:\/\/meripelastus.fi\/meri-lappi\/toiminta\/","og_locale":"fi_FI","og_type":"article","og_title":"Toiminta","og_description":"Suomen Meripelastusseuralla on ymp\u00e4ri Suomen 61 pelastusasemaa. Meri-Lapin Meripelastajat tekev\u00e4t vapaaehtoista meripelastusty\u00f6t\u00e4 yhteisty\u00f6ss\u00e4 paikallisten viranomaisten, merivartioston ja pelastuslaitosten kanssa. T\u00e4rkein teht\u00e4v\u00e4mme on merih\u00e4t\u00e4\u00e4n joutuneiden ihmisten pelastaminen. Osallistumme veneilyturvallisuuden parantamiseksi my\u00f6s erilaisiin kampanjoihin ja koulutamme jatkuvasti j\u00e4senist\u00f6\u00e4mme kehitt\u00e4m\u00e4\u00e4n veneilytaitojaan ja noudattamaan hyvi\u00e4 merimiestapoja. Yhdistyksell\u00e4mme on kaksi pelastusasemaa, Kemiss\u00e4 sek\u00e4 Torniossa. Harjoittelemme avovesikaudella maanantaisin klo 18:00 alkaen. [&hellip;]","og_url":"https:\/\/meripelastus.fi\/meri-lappi\/toiminta\/","og_site_name":"Meri-Lapin Meripelastajat","article_modified_time":"2018-11-07T07:11:39+00:00","twitter_card":"summary_large_image","schema":{"@context":"https:\/\/schema.org","@graph":[{"@type":"WebPage","@id":"https:\/\/meripelastus.fi\/meri-lappi\/toiminta\/","url":"https:\/\/meripelastus.fi\/meri-lappi\/toiminta\/","name":"Toiminta - Meri-Lapin Meripelastajat","isPartOf":{"@id":"https:\/\/meripelastus.fi\/meri-lappi\/#website"},"datePublished":"2018-03-19T07:18:28+00:00","dateModified":"2018-11-07T07:11:39+00:00","breadcrumb":{"@id":"https:\/\/meripelastus.fi\/meri-lappi\/toiminta\/#breadcrumb"},"inLanguage":"fi","potentialAction":[{"@type":"ReadAction","target":["https:\/\/meripelastus.fi\/meri-lappi\/toiminta\/"]}]},{"@type":"BreadcrumbList","@id":"https:\/\/meripelastus.fi\/meri-lappi\/toiminta\/#breadcrumb","itemListElement":[{"@type":"ListItem","position":1,"name":"Etusivu","item":"https:\/\/meripelastus.fi\/meri-lappi\/"},{"@type":"ListItem","position":2,"name":"Toiminta"}]},{"@type":"WebSite","@id":"https:\/\/meripelastus.fi\/meri-lappi\/#website","url":"https:\/\/meripelastus.fi\/meri-lappi\/","name":"Meri-Lapin Meripelastajat","description":"Uusi SMPS Yhdistykset -sivusto","potentialAction":[{"@type":"SearchAction","target":{"@type":"EntryPoint","urlTemplate":"https:\/\/meripelastus.fi\/meri-lappi\/?s={search_term_string}"},"query-input":{"@type":"PropertyValueSpecification","valueRequired":true,"valueName":"search_term_string"}}],"inLanguage":"fi"}]}},"_links":{"self":[{"href":"https:\/\/meripelastus.fi\/meri-lappi\/wp-json\/wp\/v2\/pages\/20","targetHints":{"allow":["GET"]}}],"collection":[{"href":"https:\/\/meripelastus.fi\/meri-lappi\/wp-json\/wp\/v2\/pages"}],"about":[{"href":"https:\/\/meripelastus.fi\/meri-lappi\/wp-json\/wp\/v2\/types\/page"}],"author":[{"embeddable":true,"href":"https:\/\/meripelastus.fi\/meri-lappi\/wp-json\/wp\/v2\/users\/1"}],"replies":[{"embeddable":true,"href":"https:\/\/meripelastus.fi\/meri-lappi\/wp-json\/wp\/v2\/comments?post=20"}],"version-history":[{"count":2,"href":"https:\/\/meripelastus.fi\/meri-lappi\/wp-json\/wp\/v2\/pages\/20\/revisions"}],"predecessor-version":[{"id":232,"href":"https:\/\/meripelastus.fi\/meri-lappi\/wp-json\/wp\/v2\/pages\/20\/revisions\/232"}],"wp:attachment":[{"href":"https:\/\/meripelastus.fi\/meri-lappi\/wp-json\/wp\/v2\/media?parent=20"}],"curies":[{"name":"wp","href":"https:\/\/api.w.org\/{rel}","templated":true}]}}