{"id":99,"date":"2025-11-18T09:36:51","date_gmt":"2025-11-18T07:36:51","guid":{"rendered":"https:\/\/meripelastus.fi\/loviisa-vedos\/?page_id=99"},"modified":"2026-05-12T19:14:22","modified_gmt":"2026-05-12T16:14:22","slug":"verksamhet","status":"publish","type":"page","link":"https:\/\/meripelastus.fi\/loviisa\/sv\/verksamhet\/","title":{"rendered":"Verksamhet"},"content":{"rendered":"\n<p>F\u00f6reningens verksamhet best\u00e5r av administration, underh\u00e5ll av b\u00e5tar och utrustning, utbildning, beredskap, patrullering samt r\u00e4ddnings- och assistansuppdrag. Under \u00f6ppetvattens\u00e4songen \u00e4r bes\u00e4ttningen i st\u00e4ndig beredskap dygnet runt.\u200b<\/p>\n\n\n\n<p>Bes\u00e4ttningen best\u00e5r av frivilliga som inte f\u00e5r l\u00f6n eller ers\u00e4ttning f\u00f6r sitt arbete. Lovisanejdens Sj\u00f6r\u00e4ddares bes\u00e4ttning best\u00e5r av 9 bes\u00e4ttningsmedlemmar.\u200b<\/p>\n\n\n\n<p>F\u00f6reningen har i genomsnitt 11 uppdrag per \u00e5r, varav 1\/3 \u00e4r sj\u00f6r\u00e4ddningsuppgifter, 1\/3 \u00e4r medlemstj\u00e4nstuppgifter och 1\/3 \u00e4r assistansuppgifter.\u200b<\/p>\n\n\n\n<p>P\u00e5 vintern, n\u00e4r b\u00e5tarna \u00e4r upplagda, f\u00f6rbereds b\u00e5tarna och utrustningen inf\u00f6r den kommande s\u00e4songen, och \u00f6vningar och utbildningar ordnas.<\/p>\n","protected":false},"excerpt":{"rendered":"<p>F\u00f6reningens verksamhet best\u00e5r av administration, underh\u00e5ll av b\u00e5tar och utrustning, utbildning, beredskap, patrullering samt r\u00e4ddnings- och assistansuppdrag. Under \u00f6ppetvattens\u00e4songen \u00e4r bes\u00e4ttningen i st\u00e4ndig beredskap dygnet runt.\u200b Bes\u00e4ttningen best\u00e5r av frivilliga som inte f\u00e5r l\u00f6n eller ers\u00e4ttning f\u00f6r sitt arbete. Lovisanejdens Sj\u00f6r\u00e4ddares bes\u00e4ttning best\u00e5r av 9 bes\u00e4ttningsmedlemmar.\u200b F\u00f6reningen har i genomsnitt 11 uppdrag per \u00e5r, varav [&hellip;]<\/p>\n","protected":false},"author":1,"featured_media":0,"parent":0,"menu_order":0,"comment_status":"closed","ping_status":"closed","template":"","meta":{"_acf_changed":false,"inline_featured_image":false,"footnotes":""},"class_list":["post-99","page","type-page","status-publish","hentry"],"acf":[],"yoast_head":"<!-- This site is optimized with the Yoast SEO Premium plugin v27.4 (Yoast SEO v27.4) - https:\/\/yoast.com\/product\/yoast-seo-premium-wordpress\/ -->\n<title>Verksamhet - Lovisanejdens Sj\u00f6r\u00e4ddare<\/title>\n<meta name=\"robots\" content=\"noindex, follow, max-snippet:-1, max-image-preview:large, max-video-preview:-1\" \/>\n<meta property=\"og:locale\" content=\"fi_FI\" \/>\n<meta property=\"og:type\" content=\"article\" \/>\n<meta property=\"og:title\" content=\"Verksamhet\" \/>\n<meta property=\"og:description\" content=\"F\u00f6reningens verksamhet best\u00e5r av administration, underh\u00e5ll av b\u00e5tar och utrustning, utbildning, beredskap, patrullering samt r\u00e4ddnings- och assistansuppdrag. Under \u00f6ppetvattens\u00e4songen \u00e4r bes\u00e4ttningen i st\u00e4ndig beredskap dygnet runt.\u200b Bes\u00e4ttningen best\u00e5r av frivilliga som inte f\u00e5r l\u00f6n eller ers\u00e4ttning f\u00f6r sitt arbete. Lovisanejdens Sj\u00f6r\u00e4ddares bes\u00e4ttning best\u00e5r av 9 bes\u00e4ttningsmedlemmar.\u200b F\u00f6reningen har i genomsnitt 11 uppdrag per \u00e5r, varav [&hellip;]\" \/>\n<meta property=\"og:url\" content=\"https:\/\/meripelastus.fi\/loviisa\/sv\/verksamhet\/\" \/>\n<meta property=\"og:site_name\" content=\"Lovisanejdens Sj\u00f6r\u00e4ddare\" \/>\n<meta property=\"article:modified_time\" content=\"2026-05-12T16:14:22+00:00\" \/>\n<meta name=\"twitter:card\" content=\"summary_large_image\" \/>\n<meta name=\"twitter:label1\" content=\"Arvioitu lukuaika\" \/>\n\t<meta name=\"twitter:data1\" content=\"1 minuutti\" \/>\n<script type=\"application\/ld+json\" class=\"yoast-schema-graph\">{\"@context\":\"https:\\\/\\\/schema.org\",\"@graph\":[{\"@type\":\"WebPage\",\"@id\":\"https:\\\/\\\/meripelastus.fi\\\/loviisa\\\/sv\\\/verksamhet\\\/\",\"url\":\"https:\\\/\\\/meripelastus.fi\\\/loviisa\\\/sv\\\/verksamhet\\\/\",\"name\":\"Verksamhet - Lovisanejdens Sj\u00f6r\u00e4ddare\",\"isPartOf\":{\"@id\":\"https:\\\/\\\/meripelastus.fi\\\/loviisa\\\/#website\"},\"datePublished\":\"2025-11-18T07:36:51+00:00\",\"dateModified\":\"2026-05-12T16:14:22+00:00\",\"breadcrumb\":{\"@id\":\"https:\\\/\\\/meripelastus.fi\\\/loviisa\\\/sv\\\/verksamhet\\\/#breadcrumb\"},\"inLanguage\":\"fi\",\"potentialAction\":[{\"@type\":\"ReadAction\",\"target\":[\"https:\\\/\\\/meripelastus.fi\\\/loviisa\\\/sv\\\/verksamhet\\\/\"]}]},{\"@type\":\"BreadcrumbList\",\"@id\":\"https:\\\/\\\/meripelastus.fi\\\/loviisa\\\/sv\\\/verksamhet\\\/#breadcrumb\",\"itemListElement\":[{\"@type\":\"ListItem\",\"position\":1,\"name\":\"Etusivu\",\"item\":\"https:\\\/\\\/meripelastus.fi\\\/loviisa\\\/\"},{\"@type\":\"ListItem\",\"position\":2,\"name\":\"Verksamhet\"}]},{\"@type\":\"WebSite\",\"@id\":\"https:\\\/\\\/meripelastus.fi\\\/loviisa\\\/#website\",\"url\":\"https:\\\/\\\/meripelastus.fi\\\/loviisa\\\/\",\"name\":\"Lovisanejdens Sj\u00f6r\u00e4ddare\",\"description\":\"Vapaaehtoiset apunasi vesill\u00e4\",\"potentialAction\":[{\"@type\":\"SearchAction\",\"target\":{\"@type\":\"EntryPoint\",\"urlTemplate\":\"https:\\\/\\\/meripelastus.fi\\\/loviisa\\\/?s={search_term_string}\"},\"query-input\":{\"@type\":\"PropertyValueSpecification\",\"valueRequired\":true,\"valueName\":\"search_term_string\"}}],\"inLanguage\":\"fi\"}]}<\/script>\n<!-- \/ Yoast SEO Premium plugin. -->","yoast_head_json":{"title":"Verksamhet - Lovisanejdens Sj\u00f6r\u00e4ddare","robots":{"index":"noindex","follow":"follow","max-snippet":"max-snippet:-1","max-image-preview":"max-image-preview:large","max-video-preview":"max-video-preview:-1"},"og_locale":"fi_FI","og_type":"article","og_title":"Verksamhet","og_description":"F\u00f6reningens verksamhet best\u00e5r av administration, underh\u00e5ll av b\u00e5tar och utrustning, utbildning, beredskap, patrullering samt r\u00e4ddnings- och assistansuppdrag. Under \u00f6ppetvattens\u00e4songen \u00e4r bes\u00e4ttningen i st\u00e4ndig beredskap dygnet runt.\u200b Bes\u00e4ttningen best\u00e5r av frivilliga som inte f\u00e5r l\u00f6n eller ers\u00e4ttning f\u00f6r sitt arbete. Lovisanejdens Sj\u00f6r\u00e4ddares bes\u00e4ttning best\u00e5r av 9 bes\u00e4ttningsmedlemmar.\u200b F\u00f6reningen har i genomsnitt 11 uppdrag per \u00e5r, varav [&hellip;]","og_url":"https:\/\/meripelastus.fi\/loviisa\/sv\/verksamhet\/","og_site_name":"Lovisanejdens Sj\u00f6r\u00e4ddare","article_modified_time":"2026-05-12T16:14:22+00:00","twitter_card":"summary_large_image","twitter_misc":{"Arvioitu lukuaika":"1 minuutti"},"schema":{"@context":"https:\/\/schema.org","@graph":[{"@type":"WebPage","@id":"https:\/\/meripelastus.fi\/loviisa\/sv\/verksamhet\/","url":"https:\/\/meripelastus.fi\/loviisa\/sv\/verksamhet\/","name":"Verksamhet - Lovisanejdens Sj\u00f6r\u00e4ddare","isPartOf":{"@id":"https:\/\/meripelastus.fi\/loviisa\/#website"},"datePublished":"2025-11-18T07:36:51+00:00","dateModified":"2026-05-12T16:14:22+00:00","breadcrumb":{"@id":"https:\/\/meripelastus.fi\/loviisa\/sv\/verksamhet\/#breadcrumb"},"inLanguage":"fi","potentialAction":[{"@type":"ReadAction","target":["https:\/\/meripelastus.fi\/loviisa\/sv\/verksamhet\/"]}]},{"@type":"BreadcrumbList","@id":"https:\/\/meripelastus.fi\/loviisa\/sv\/verksamhet\/#breadcrumb","itemListElement":[{"@type":"ListItem","position":1,"name":"Etusivu","item":"https:\/\/meripelastus.fi\/loviisa\/"},{"@type":"ListItem","position":2,"name":"Verksamhet"}]},{"@type":"WebSite","@id":"https:\/\/meripelastus.fi\/loviisa\/#website","url":"https:\/\/meripelastus.fi\/loviisa\/","name":"Lovisanejdens Sj\u00f6r\u00e4ddare","description":"Vapaaehtoiset apunasi vesill\u00e4","potentialAction":[{"@type":"SearchAction","target":{"@type":"EntryPoint","urlTemplate":"https:\/\/meripelastus.fi\/loviisa\/?s={search_term_string}"},"query-input":{"@type":"PropertyValueSpecification","valueRequired":true,"valueName":"search_term_string"}}],"inLanguage":"fi"}]}},"_links":{"self":[{"href":"https:\/\/meripelastus.fi\/loviisa\/wp-json\/wp\/v2\/pages\/99","targetHints":{"allow":["GET"]}}],"collection":[{"href":"https:\/\/meripelastus.fi\/loviisa\/wp-json\/wp\/v2\/pages"}],"about":[{"href":"https:\/\/meripelastus.fi\/loviisa\/wp-json\/wp\/v2\/types\/page"}],"author":[{"embeddable":true,"href":"https:\/\/meripelastus.fi\/loviisa\/wp-json\/wp\/v2\/users\/1"}],"replies":[{"embeddable":true,"href":"https:\/\/meripelastus.fi\/loviisa\/wp-json\/wp\/v2\/comments?post=99"}],"version-history":[{"count":2,"href":"https:\/\/meripelastus.fi\/loviisa\/wp-json\/wp\/v2\/pages\/99\/revisions"}],"predecessor-version":[{"id":207,"href":"https:\/\/meripelastus.fi\/loviisa\/wp-json\/wp\/v2\/pages\/99\/revisions\/207"}],"wp:attachment":[{"href":"https:\/\/meripelastus.fi\/loviisa\/wp-json\/wp\/v2\/media?parent=99"}],"curies":[{"name":"wp","href":"https:\/\/api.w.org\/{rel}","templated":true}]}}