{"id":81,"date":"2025-11-18T09:24:50","date_gmt":"2025-11-18T07:24:50","guid":{"rendered":"https:\/\/meripelastus.fi\/loviisa-vedos\/?page_id=81"},"modified":"2026-05-13T13:50:49","modified_gmt":"2026-05-13T10:50:49","slug":"frivilliga-hjalper-dig-pa-sjon","status":"publish","type":"page","link":"https:\/\/meripelastus.fi\/loviisa\/sv\/","title":{"rendered":"Frivilliga hj\u00e4lper dig p\u00e5 SJ\u00d6N"},"content":{"rendered":"\n<div style=\"height:3rem\" aria-hidden=\"true\" class=\"wp-block-spacer\"><\/div>\n\n\n\n<div style=\"height:6rem\" aria-hidden=\"true\" class=\"wp-block-spacer\"><\/div>\n\n\n \n\t\n<div class=\"container home-container\"> \n    <div class=\"row home-img-lifts py-0 d-flex justify-content-center\">\n\n            \t\t\t\t \n\t\t\t\t\t\t<div class=\"col-10 offset-1 offset-md-0 col-md-6 col-lg-3 col-xxl-4 has-secondary-background-color d-flex flex-column align-items-stretch justify-content-between text-white text-center homelifts homelifts-lahjoita\">\n                            <div class=\"homelifts-lahjoita-img\"><img loading=\"lazy\" decoding=\"async\" src=\"https:\/\/meripelastus.fi\/loviisa\/wp-content\/uploads\/sites\/49\/2025\/11\/svg-huutomerkki-white.svg\" alt=\"H\u00e4lytysmerkki\" width=\"300\" height=\"273\" \/><\/div> \n                            <div class=\"homelifts-lahjoita-content\">\n                                <h3 class=\"h2 text-white mt-0 mb-0\">Alarmanvisning!<\/h3>                                                                <div class=\"homelifts-lahjoita-content-otsikkoryhma\">\n                                    <h4 class=\"text-white mt-0\"><span>Insj\u00f6vattnen<\/span><\/h4>\n                                    <p>112<\/p>\n                                <\/div>\n                                                                <div class=\"homelifts-lahjoita-content-otsikkoryhma\">\n                                    <h4 class=\"text-white mt-0\"><span>Sj\u00f6omr\u00e5det<\/span><\/h4>\n                                    <p>02 94 1000<\/p>\n                                <\/div>\n                                                                                            <\/div>\n                            <a href=\"https:\/\/meripelastus.fi\/loviisa\/sv\/verksamhet\/alarmanvisning\/\" class=\"btn btn-default my-0 mx-auto\" target=\"_self\">Alarmanvisning<\/a>                             \n                        <\/div>\n\t\t\t\t\t\t\t\n            \t\t\t\t \n\t\t\t\t\t\t\t<div class=\"col-10 offset-1 offset-md-0 col-md-6 col-lg-3 col-xxl-4 has-white-background-color d-flex flex-column align-items-stretch justify-content-between text-center homelifts homelifts-trossi\">\n                                <div class=\"homelifts-trossi-img\"><img loading=\"lazy\" decoding=\"async\" src=\"https:\/\/meripelastus.fi\/loviisa\/wp-content\/uploads\/sites\/49\/2025\/11\/svg-alus.svg\" alt=\"Alus\" width=\"300\" height=\"300\" \/><\/div>                          \n                                <div class=\"homelifts-trossi-content\">\n                                    <h3 class=\"h2 mt-0\">Utf\u00f6rda uppdrag<\/h3>                                                                                                                <ul class=\"list-unstyled\" id=\"tehtavatrss\" data-amount=\"2\" data-city=\"41\">\n                                            <template>\n                                                <li>\n                                                    <time><\/time>\n                                                    <strong><\/strong>\n                                                    <br \/>\n                                                    <span><\/span>\n                                                <\/li>\n                                            <\/template>\n                                        <\/ul>\n                                                                    <\/div>\n                                <a href=\"https:\/\/meripelastus.fi\/loviisa\/sv\/verksamhet\/utforda-uppdrag\/\" class=\"btn btn-primary mb-0 mx-auto\" target=\"_self\">Bl\u00e4ddra bland uppgifter<\/a>                             \n                            <\/div>\n\t\t\t\t\t\t\t           \n\n            \t\t\t\t \n\t\t\t\t\t\t<div class=\"col-10 offset-1 offset-md-0 col-md-6 col-lg-3 col-xxl-4 has-secondary-background-color d-flex flex-column align-items-stretch justify-content-between text-white text-center homelifts homelifts-liity\">\n                            <div class=\"homelifts-liity-img\"><img loading=\"lazy\" decoding=\"async\" src=\"https:\/\/meripelastus.fi\/loviisa\/wp-content\/uploads\/sites\/49\/2025\/11\/svg-trossi-icon-white.svg\" alt=\"Trossi\" width=\"300\" height=\"300\" \/><\/div>  \n                            <div class=\"homelifts-liity-content\">\n                                <h3 class=\"h2 text-white mt-0\">Medlemstj\u00e4nst<\/h3>                                <hr class=\"homelift-border\">\n                                <p>Medlemstj\u00e4nst f\u00f6r din b\u00e5t i s\u00e4kerhet.<\/p>\n                            <\/div>\n                            <a href=\"https:\/\/meripelastus.fi\/sv\/medlemstjanst\/\" class=\"btn btn-default mb-0 mx-auto\" target=\"_blank\">L\u00e4s mer<\/a>                             \n                        <\/div>\n\t\t\t\t\t\t\t    <\/div>\n<\/div>\n\n\n<div style=\"height:3rem\" aria-hidden=\"true\" class=\"wp-block-spacer\"><\/div>\n\n\n\n<div class=\"wp-block-group alignfull border-top has-white-background-color has-background\"><div class=\"wp-block-group__inner-container is-layout-constrained wp-block-group-is-layout-constrained\">\n<div style=\"height:3rem\" aria-hidden=\"true\" class=\"wp-block-spacer\"><\/div>\n\n\n\n<h4 class=\"wp-block-heading has-text-align-center has-x-large-font-size\" id=\"h-frivilliga-hjalper-dig-pa-sjon\" style=\"text-transform:uppercase\">Frivilliga hj\u00e4lper dig p\u00e5 SJ\u00d6N<\/h4>\n\n\n\n<div class=\"wp-block-columns is-layout-flex wp-container-core-columns-is-layout-9d6595d7 wp-block-columns-is-layout-flex\">\n<div class=\"wp-block-column is-layout-flow wp-block-column-is-layout-flow\" style=\"flex-basis:10%\"><\/div>\n\n\n\n<div class=\"wp-block-column is-layout-flow wp-block-column-is-layout-flow\" style=\"flex-basis:80%\">\n<p class=\"has-text-align-center has-medium-font-size\"><strong>Lovisanejdens Sj\u00f6r\u00e4ddare \u00e4r en frivillig sj\u00f6r\u00e4ddningsf\u00f6rening. F\u00f6reningen \u00e4r en medlemsf\u00f6rening i Finlands Sj\u00f6r\u00e4ddningss\u00e4llskap.<\/strong><\/p>\n\n\n\n<div class=\"wp-block-buttons is-content-justification-center is-layout-flex wp-container-core-buttons-is-layout-16018d1d wp-block-buttons-is-layout-flex\">\n<div class=\"wp-block-button\"><a class=\"wp-block-button__link wp-element-button\" href=\"https:\/\/meripelastus.fi\/loviisa\/sv\/finlands-sjoraddningssallskapet-lovisanejde\/om-oss\/\">Bekanta dig med oss<\/a><\/div>\n<\/div>\n<\/div>\n\n\n\n<div class=\"wp-block-column is-layout-flow wp-block-column-is-layout-flow\" style=\"flex-basis:10%\"><\/div>\n<\/div>\n\n\n\t\n   <div class=\"compass-wrapper\"><img loading=\"lazy\" decoding=\"async\" src=\"https:\/\/meripelastus.fi\/loviisa\/wp-content\/themes\/jarjestot-25\/img\/smps-kompassi-sininen.png\" width=\"1083\" height=\"110\" class=\"kompassi-block\" aria-hidden=\"true\"\/><\/div><\/div><\/div>\n","protected":false},"excerpt":{"rendered":"<p>Frivilliga hj\u00e4lper dig p\u00e5 SJ\u00d6N Lovisanejdens Sj\u00f6r\u00e4ddare \u00e4r en frivillig sj\u00f6r\u00e4ddningsf\u00f6rening. F\u00f6reningen \u00e4r en medlemsf\u00f6rening i Finlands Sj\u00f6r\u00e4ddningss\u00e4llskap.<\/p>\n","protected":false},"author":1,"featured_media":149,"parent":0,"menu_order":0,"comment_status":"closed","ping_status":"closed","template":"templates\/frontpage.php","meta":{"_acf_changed":false,"inline_featured_image":false,"footnotes":""},"class_list":["post-81","page","type-page","status-publish","has-post-thumbnail","hentry"],"acf":[],"yoast_head":"<!-- This site is optimized with the Yoast SEO Premium plugin v27.4 (Yoast SEO v27.4) - https:\/\/yoast.com\/product\/yoast-seo-premium-wordpress\/ -->\n<title>Frivilliga hj\u00e4lper dig p\u00e5 SJ\u00d6N - Lovisanejdens Sj\u00f6r\u00e4ddare<\/title>\n<meta name=\"robots\" content=\"noindex, follow, max-snippet:-1, max-image-preview:large, max-video-preview:-1\" \/>\n<meta property=\"og:locale\" content=\"fi_FI\" \/>\n<meta property=\"og:type\" content=\"article\" \/>\n<meta property=\"og:title\" content=\"Frivilliga hj\u00e4lper dig p\u00e5 SJ\u00d6N\" \/>\n<meta property=\"og:description\" content=\"Frivilliga hj\u00e4lper dig p\u00e5 SJ\u00d6N Lovisanejdens Sj\u00f6r\u00e4ddare \u00e4r en frivillig sj\u00f6r\u00e4ddningsf\u00f6rening. F\u00f6reningen \u00e4r en medlemsf\u00f6rening i Finlands Sj\u00f6r\u00e4ddningss\u00e4llskap.\" \/>\n<meta property=\"og:url\" content=\"https:\/\/meripelastus.fi\/loviisa\/sv\/\" \/>\n<meta property=\"og:site_name\" content=\"Lovisanejdens Sj\u00f6r\u00e4ddare\" \/>\n<meta property=\"article:modified_time\" content=\"2026-05-13T10:50:49+00:00\" \/>\n<meta property=\"og:image\" content=\"https:\/\/meripelastus.fi\/loviisa\/wp-content\/uploads\/sites\/49\/2025\/11\/degerby2.jpg\" \/>\n\t<meta property=\"og:image:width\" content=\"2048\" \/>\n\t<meta property=\"og:image:height\" content=\"1241\" \/>\n\t<meta property=\"og:image:type\" content=\"image\/jpeg\" \/>\n<meta name=\"twitter:card\" content=\"summary_large_image\" \/>\n<meta name=\"twitter:label1\" content=\"Arvioitu lukuaika\" \/>\n\t<meta name=\"twitter:data1\" content=\"1 minuutti\" \/>\n<script type=\"application\/ld+json\" class=\"yoast-schema-graph\">{\"@context\":\"https:\\\/\\\/schema.org\",\"@graph\":[{\"@type\":\"WebPage\",\"@id\":\"https:\\\/\\\/meripelastus.fi\\\/loviisa\\\/sv\\\/\",\"url\":\"https:\\\/\\\/meripelastus.fi\\\/loviisa\\\/sv\\\/\",\"name\":\"Frivilliga hj\u00e4lper dig p\u00e5 SJ\u00d6N - Lovisanejdens Sj\u00f6r\u00e4ddare\",\"isPartOf\":{\"@id\":\"https:\\\/\\\/meripelastus.fi\\\/loviisa\\\/#website\"},\"primaryImageOfPage\":{\"@id\":\"https:\\\/\\\/meripelastus.fi\\\/loviisa\\\/sv\\\/#primaryimage\"},\"image\":{\"@id\":\"https:\\\/\\\/meripelastus.fi\\\/loviisa\\\/sv\\\/#primaryimage\"},\"thumbnailUrl\":\"https:\\\/\\\/meripelastus.fi\\\/loviisa\\\/wp-content\\\/uploads\\\/sites\\\/49\\\/2025\\\/11\\\/degerby2.jpg\",\"datePublished\":\"2025-11-18T07:24:50+00:00\",\"dateModified\":\"2026-05-13T10:50:49+00:00\",\"breadcrumb\":{\"@id\":\"https:\\\/\\\/meripelastus.fi\\\/loviisa\\\/sv\\\/#breadcrumb\"},\"inLanguage\":\"fi\",\"potentialAction\":[{\"@type\":\"ReadAction\",\"target\":[\"https:\\\/\\\/meripelastus.fi\\\/loviisa\\\/sv\\\/\"]}]},{\"@type\":\"ImageObject\",\"inLanguage\":\"fi\",\"@id\":\"https:\\\/\\\/meripelastus.fi\\\/loviisa\\\/sv\\\/#primaryimage\",\"url\":\"https:\\\/\\\/meripelastus.fi\\\/loviisa\\\/wp-content\\\/uploads\\\/sites\\\/49\\\/2025\\\/11\\\/degerby2.jpg\",\"contentUrl\":\"https:\\\/\\\/meripelastus.fi\\\/loviisa\\\/wp-content\\\/uploads\\\/sites\\\/49\\\/2025\\\/11\\\/degerby2.jpg\",\"width\":2048,\"height\":1241,\"caption\":\"Alus\"},{\"@type\":\"BreadcrumbList\",\"@id\":\"https:\\\/\\\/meripelastus.fi\\\/loviisa\\\/sv\\\/#breadcrumb\",\"itemListElement\":[{\"@type\":\"ListItem\",\"position\":1,\"name\":\"Etusivu\",\"item\":\"https:\\\/\\\/meripelastus.fi\\\/loviisa\\\/\"},{\"@type\":\"ListItem\",\"position\":2,\"name\":\"Frivilliga hj\u00e4lper dig p\u00e5 SJ\u00d6N\"}]},{\"@type\":\"WebSite\",\"@id\":\"https:\\\/\\\/meripelastus.fi\\\/loviisa\\\/#website\",\"url\":\"https:\\\/\\\/meripelastus.fi\\\/loviisa\\\/\",\"name\":\"Lovisanejdens Sj\u00f6r\u00e4ddare\",\"description\":\"Vapaaehtoiset apunasi vesill\u00e4\",\"potentialAction\":[{\"@type\":\"SearchAction\",\"target\":{\"@type\":\"EntryPoint\",\"urlTemplate\":\"https:\\\/\\\/meripelastus.fi\\\/loviisa\\\/?s={search_term_string}\"},\"query-input\":{\"@type\":\"PropertyValueSpecification\",\"valueRequired\":true,\"valueName\":\"search_term_string\"}}],\"inLanguage\":\"fi\"}]}<\/script>\n<!-- \/ Yoast SEO Premium plugin. -->","yoast_head_json":{"title":"Frivilliga hj\u00e4lper dig p\u00e5 SJ\u00d6N - Lovisanejdens Sj\u00f6r\u00e4ddare","robots":{"index":"noindex","follow":"follow","max-snippet":"max-snippet:-1","max-image-preview":"max-image-preview:large","max-video-preview":"max-video-preview:-1"},"og_locale":"fi_FI","og_type":"article","og_title":"Frivilliga hj\u00e4lper dig p\u00e5 SJ\u00d6N","og_description":"Frivilliga hj\u00e4lper dig p\u00e5 SJ\u00d6N Lovisanejdens Sj\u00f6r\u00e4ddare \u00e4r en frivillig sj\u00f6r\u00e4ddningsf\u00f6rening. F\u00f6reningen \u00e4r en medlemsf\u00f6rening i Finlands Sj\u00f6r\u00e4ddningss\u00e4llskap.","og_url":"https:\/\/meripelastus.fi\/loviisa\/sv\/","og_site_name":"Lovisanejdens Sj\u00f6r\u00e4ddare","article_modified_time":"2026-05-13T10:50:49+00:00","og_image":[{"width":2048,"height":1241,"url":"https:\/\/meripelastus.fi\/loviisa\/wp-content\/uploads\/sites\/49\/2025\/11\/degerby2.jpg","type":"image\/jpeg"}],"twitter_card":"summary_large_image","twitter_misc":{"Arvioitu lukuaika":"1 minuutti"},"schema":{"@context":"https:\/\/schema.org","@graph":[{"@type":"WebPage","@id":"https:\/\/meripelastus.fi\/loviisa\/sv\/","url":"https:\/\/meripelastus.fi\/loviisa\/sv\/","name":"Frivilliga hj\u00e4lper dig p\u00e5 SJ\u00d6N - Lovisanejdens Sj\u00f6r\u00e4ddare","isPartOf":{"@id":"https:\/\/meripelastus.fi\/loviisa\/#website"},"primaryImageOfPage":{"@id":"https:\/\/meripelastus.fi\/loviisa\/sv\/#primaryimage"},"image":{"@id":"https:\/\/meripelastus.fi\/loviisa\/sv\/#primaryimage"},"thumbnailUrl":"https:\/\/meripelastus.fi\/loviisa\/wp-content\/uploads\/sites\/49\/2025\/11\/degerby2.jpg","datePublished":"2025-11-18T07:24:50+00:00","dateModified":"2026-05-13T10:50:49+00:00","breadcrumb":{"@id":"https:\/\/meripelastus.fi\/loviisa\/sv\/#breadcrumb"},"inLanguage":"fi","potentialAction":[{"@type":"ReadAction","target":["https:\/\/meripelastus.fi\/loviisa\/sv\/"]}]},{"@type":"ImageObject","inLanguage":"fi","@id":"https:\/\/meripelastus.fi\/loviisa\/sv\/#primaryimage","url":"https:\/\/meripelastus.fi\/loviisa\/wp-content\/uploads\/sites\/49\/2025\/11\/degerby2.jpg","contentUrl":"https:\/\/meripelastus.fi\/loviisa\/wp-content\/uploads\/sites\/49\/2025\/11\/degerby2.jpg","width":2048,"height":1241,"caption":"Alus"},{"@type":"BreadcrumbList","@id":"https:\/\/meripelastus.fi\/loviisa\/sv\/#breadcrumb","itemListElement":[{"@type":"ListItem","position":1,"name":"Etusivu","item":"https:\/\/meripelastus.fi\/loviisa\/"},{"@type":"ListItem","position":2,"name":"Frivilliga hj\u00e4lper dig p\u00e5 SJ\u00d6N"}]},{"@type":"WebSite","@id":"https:\/\/meripelastus.fi\/loviisa\/#website","url":"https:\/\/meripelastus.fi\/loviisa\/","name":"Lovisanejdens Sj\u00f6r\u00e4ddare","description":"Vapaaehtoiset apunasi vesill\u00e4","potentialAction":[{"@type":"SearchAction","target":{"@type":"EntryPoint","urlTemplate":"https:\/\/meripelastus.fi\/loviisa\/?s={search_term_string}"},"query-input":{"@type":"PropertyValueSpecification","valueRequired":true,"valueName":"search_term_string"}}],"inLanguage":"fi"}]}},"_links":{"self":[{"href":"https:\/\/meripelastus.fi\/loviisa\/wp-json\/wp\/v2\/pages\/81","targetHints":{"allow":["GET"]}}],"collection":[{"href":"https:\/\/meripelastus.fi\/loviisa\/wp-json\/wp\/v2\/pages"}],"about":[{"href":"https:\/\/meripelastus.fi\/loviisa\/wp-json\/wp\/v2\/types\/page"}],"author":[{"embeddable":true,"href":"https:\/\/meripelastus.fi\/loviisa\/wp-json\/wp\/v2\/users\/1"}],"replies":[{"embeddable":true,"href":"https:\/\/meripelastus.fi\/loviisa\/wp-json\/wp\/v2\/comments?post=81"}],"version-history":[{"count":11,"href":"https:\/\/meripelastus.fi\/loviisa\/wp-json\/wp\/v2\/pages\/81\/revisions"}],"predecessor-version":[{"id":216,"href":"https:\/\/meripelastus.fi\/loviisa\/wp-json\/wp\/v2\/pages\/81\/revisions\/216"}],"wp:featuredmedia":[{"embeddable":true,"href":"https:\/\/meripelastus.fi\/loviisa\/wp-json\/wp\/v2\/media\/149"}],"wp:attachment":[{"href":"https:\/\/meripelastus.fi\/loviisa\/wp-json\/wp\/v2\/media?parent=81"}],"curies":[{"name":"wp","href":"https:\/\/api.w.org\/{rel}","templated":true}]}}