{"id":74,"date":"2025-11-18T09:15:33","date_gmt":"2025-11-18T07:15:33","guid":{"rendered":"https:\/\/meripelastus.fi\/loviisa-vedos\/?page_id=74"},"modified":"2026-05-13T13:43:16","modified_gmt":"2026-05-13T10:43:16","slug":"loviisanseudun-meripelastajat","status":"publish","type":"page","link":"https:\/\/meripelastus.fi\/loviisa\/loviisanseudun-meripelastajat\/","title":{"rendered":"Loviisanseudun Meripelastajat"},"content":{"rendered":"<ul class=\"wp-block-page-list\"><li class=\"wp-block-pages-list__item\"><a class=\"wp-block-pages-list__item__link\" href=\"https:\/\/meripelastus.fi\/loviisa\/loviisanseudun-meripelastajat\/tietoa-meista\/\">Tietoa meist\u00e4<\/a><\/li><\/ul>","protected":false},"excerpt":{"rendered":"","protected":false},"author":1,"featured_media":0,"parent":0,"menu_order":0,"comment_status":"closed","ping_status":"closed","template":"","meta":{"_acf_changed":false,"inline_featured_image":false,"footnotes":""},"class_list":["post-74","page","type-page","status-publish","hentry"],"acf":[],"yoast_head":"<!-- This site is optimized with the Yoast SEO Premium plugin v27.4 (Yoast SEO v27.4) - https:\/\/yoast.com\/product\/yoast-seo-premium-wordpress\/ -->\n<title>Loviisanseudun Meripelastajat - Lovisanejdens Sj\u00f6r\u00e4ddare<\/title>\n<meta name=\"robots\" content=\"noindex, follow, max-snippet:-1, max-image-preview:large, max-video-preview:-1\" \/>\n<meta property=\"og:locale\" content=\"fi_FI\" \/>\n<meta property=\"og:type\" content=\"article\" \/>\n<meta property=\"og:title\" content=\"Loviisanseudun Meripelastajat\" \/>\n<meta property=\"og:url\" content=\"https:\/\/meripelastus.fi\/loviisa\/loviisanseudun-meripelastajat\/\" \/>\n<meta property=\"og:site_name\" content=\"Lovisanejdens Sj\u00f6r\u00e4ddare\" \/>\n<meta property=\"article:modified_time\" content=\"2026-05-13T10:43:16+00:00\" \/>\n<meta name=\"twitter:card\" content=\"summary_large_image\" \/>\n<script type=\"application\/ld+json\" class=\"yoast-schema-graph\">{\"@context\":\"https:\\\/\\\/schema.org\",\"@graph\":[{\"@type\":\"WebPage\",\"@id\":\"https:\\\/\\\/meripelastus.fi\\\/loviisa\\\/loviisanseudun-meripelastajat\\\/\",\"url\":\"https:\\\/\\\/meripelastus.fi\\\/loviisa\\\/loviisanseudun-meripelastajat\\\/\",\"name\":\"Loviisanseudun Meripelastajat - Lovisanejdens Sj\u00f6r\u00e4ddare\",\"isPartOf\":{\"@id\":\"https:\\\/\\\/meripelastus.fi\\\/loviisa\\\/#website\"},\"datePublished\":\"2025-11-18T07:15:33+00:00\",\"dateModified\":\"2026-05-13T10:43:16+00:00\",\"breadcrumb\":{\"@id\":\"https:\\\/\\\/meripelastus.fi\\\/loviisa\\\/loviisanseudun-meripelastajat\\\/#breadcrumb\"},\"inLanguage\":\"fi\",\"potentialAction\":[{\"@type\":\"ReadAction\",\"target\":[\"https:\\\/\\\/meripelastus.fi\\\/loviisa\\\/loviisanseudun-meripelastajat\\\/\"]}]},{\"@type\":\"BreadcrumbList\",\"@id\":\"https:\\\/\\\/meripelastus.fi\\\/loviisa\\\/loviisanseudun-meripelastajat\\\/#breadcrumb\",\"itemListElement\":[{\"@type\":\"ListItem\",\"position\":1,\"name\":\"Etusivu\",\"item\":\"https:\\\/\\\/meripelastus.fi\\\/loviisa\\\/\"},{\"@type\":\"ListItem\",\"position\":2,\"name\":\"Loviisanseudun Meripelastajat\"}]},{\"@type\":\"WebSite\",\"@id\":\"https:\\\/\\\/meripelastus.fi\\\/loviisa\\\/#website\",\"url\":\"https:\\\/\\\/meripelastus.fi\\\/loviisa\\\/\",\"name\":\"Lovisanejdens Sj\u00f6r\u00e4ddare\",\"description\":\"Vapaaehtoiset apunasi vesill\u00e4\",\"potentialAction\":[{\"@type\":\"SearchAction\",\"target\":{\"@type\":\"EntryPoint\",\"urlTemplate\":\"https:\\\/\\\/meripelastus.fi\\\/loviisa\\\/?s={search_term_string}\"},\"query-input\":{\"@type\":\"PropertyValueSpecification\",\"valueRequired\":true,\"valueName\":\"search_term_string\"}}],\"inLanguage\":\"fi\"}]}<\/script>\n<!-- \/ Yoast SEO Premium plugin. -->","yoast_head_json":{"title":"Loviisanseudun Meripelastajat - Lovisanejdens Sj\u00f6r\u00e4ddare","robots":{"index":"noindex","follow":"follow","max-snippet":"max-snippet:-1","max-image-preview":"max-image-preview:large","max-video-preview":"max-video-preview:-1"},"og_locale":"fi_FI","og_type":"article","og_title":"Loviisanseudun Meripelastajat","og_url":"https:\/\/meripelastus.fi\/loviisa\/loviisanseudun-meripelastajat\/","og_site_name":"Lovisanejdens Sj\u00f6r\u00e4ddare","article_modified_time":"2026-05-13T10:43:16+00:00","twitter_card":"summary_large_image","schema":{"@context":"https:\/\/schema.org","@graph":[{"@type":"WebPage","@id":"https:\/\/meripelastus.fi\/loviisa\/loviisanseudun-meripelastajat\/","url":"https:\/\/meripelastus.fi\/loviisa\/loviisanseudun-meripelastajat\/","name":"Loviisanseudun Meripelastajat - Lovisanejdens Sj\u00f6r\u00e4ddare","isPartOf":{"@id":"https:\/\/meripelastus.fi\/loviisa\/#website"},"datePublished":"2025-11-18T07:15:33+00:00","dateModified":"2026-05-13T10:43:16+00:00","breadcrumb":{"@id":"https:\/\/meripelastus.fi\/loviisa\/loviisanseudun-meripelastajat\/#breadcrumb"},"inLanguage":"fi","potentialAction":[{"@type":"ReadAction","target":["https:\/\/meripelastus.fi\/loviisa\/loviisanseudun-meripelastajat\/"]}]},{"@type":"BreadcrumbList","@id":"https:\/\/meripelastus.fi\/loviisa\/loviisanseudun-meripelastajat\/#breadcrumb","itemListElement":[{"@type":"ListItem","position":1,"name":"Etusivu","item":"https:\/\/meripelastus.fi\/loviisa\/"},{"@type":"ListItem","position":2,"name":"Loviisanseudun Meripelastajat"}]},{"@type":"WebSite","@id":"https:\/\/meripelastus.fi\/loviisa\/#website","url":"https:\/\/meripelastus.fi\/loviisa\/","name":"Lovisanejdens Sj\u00f6r\u00e4ddare","description":"Vapaaehtoiset apunasi vesill\u00e4","potentialAction":[{"@type":"SearchAction","target":{"@type":"EntryPoint","urlTemplate":"https:\/\/meripelastus.fi\/loviisa\/?s={search_term_string}"},"query-input":{"@type":"PropertyValueSpecification","valueRequired":true,"valueName":"search_term_string"}}],"inLanguage":"fi"}]}},"_links":{"self":[{"href":"https:\/\/meripelastus.fi\/loviisa\/wp-json\/wp\/v2\/pages\/74","targetHints":{"allow":["GET"]}}],"collection":[{"href":"https:\/\/meripelastus.fi\/loviisa\/wp-json\/wp\/v2\/pages"}],"about":[{"href":"https:\/\/meripelastus.fi\/loviisa\/wp-json\/wp\/v2\/types\/page"}],"author":[{"embeddable":true,"href":"https:\/\/meripelastus.fi\/loviisa\/wp-json\/wp\/v2\/users\/1"}],"replies":[{"embeddable":true,"href":"https:\/\/meripelastus.fi\/loviisa\/wp-json\/wp\/v2\/comments?post=74"}],"version-history":[{"count":2,"href":"https:\/\/meripelastus.fi\/loviisa\/wp-json\/wp\/v2\/pages\/74\/revisions"}],"predecessor-version":[{"id":212,"href":"https:\/\/meripelastus.fi\/loviisa\/wp-json\/wp\/v2\/pages\/74\/revisions\/212"}],"wp:attachment":[{"href":"https:\/\/meripelastus.fi\/loviisa\/wp-json\/wp\/v2\/media?parent=74"}],"curies":[{"name":"wp","href":"https:\/\/api.w.org\/{rel}","templated":true}]}}