{"id":72,"date":"2025-11-18T09:14:52","date_gmt":"2025-11-18T07:14:52","guid":{"rendered":"https:\/\/meripelastus.fi\/loviisa-vedos\/?page_id=72"},"modified":"2026-05-12T19:11:36","modified_gmt":"2026-05-12T16:11:36","slug":"tietoa-meista","status":"publish","type":"page","link":"https:\/\/meripelastus.fi\/loviisa\/loviisanseudun-meripelastajat\/tietoa-meista\/","title":{"rendered":"Tietoa meist\u00e4"},"content":{"rendered":"\n<h2 class=\"wp-block-heading\" id=\"h-loviisanseudun-meripelastajat\">Loviisanseudun Meripelastajat<\/h2>\n\n\n\n<p>Loviisanseudun Meripelastajat on vapaaehtoisvoimin toimiva meripelastusyhdistys. Yhdistys on Suomen Meripelastusseuran j\u00e4senyhdistys. Yhdistys on perustettu 2.12.1974.\u200b<\/p>\n\n\n\n<p>Meripelastajien p\u00e4\u00e4teht\u00e4v\u00e4 on auttaa merih\u00e4t\u00e4\u00e4n joutuneita. Lis\u00e4ksi teht\u00e4viin kuuluvat erilaiset merelliset avunantoteht\u00e4v\u00e4t sek\u00e4 veneilyturvallisuuden edist\u00e4minen. \u200b<\/p>\n\n\n\n<p>Loviisanseudun Meripelastajat toimii Porvoon Pellingin ja Kotkan Kaunissaaren v\u00e4lisell\u00e4 saaristo- ja merialueella. Yhdistyksell\u00e4 on asema Loviisan Valkossa ja kaksi pelastusvenett\u00e4. Pelastusveneet ovat 12-metrinen katettu alumiinivene sek\u00e4 7,5 metrinen RIB-avovene.<\/p>\n","protected":false},"excerpt":{"rendered":"<p>Loviisanseudun Meripelastajat Loviisanseudun Meripelastajat on vapaaehtoisvoimin toimiva meripelastusyhdistys. Yhdistys on Suomen Meripelastusseuran j\u00e4senyhdistys. Yhdistys on perustettu 2.12.1974.\u200b Meripelastajien p\u00e4\u00e4teht\u00e4v\u00e4 on auttaa merih\u00e4t\u00e4\u00e4n joutuneita. Lis\u00e4ksi teht\u00e4viin kuuluvat erilaiset merelliset avunantoteht\u00e4v\u00e4t sek\u00e4 veneilyturvallisuuden edist\u00e4minen. \u200b Loviisanseudun Meripelastajat toimii Porvoon Pellingin ja Kotkan Kaunissaaren v\u00e4lisell\u00e4 saaristo- ja merialueella. Yhdistyksell\u00e4 on asema Loviisan Valkossa ja kaksi pelastusvenett\u00e4. Pelastusveneet ovat [&hellip;]<\/p>\n","protected":false},"author":1,"featured_media":0,"parent":74,"menu_order":0,"comment_status":"closed","ping_status":"closed","template":"","meta":{"_acf_changed":false,"inline_featured_image":false,"footnotes":""},"class_list":["post-72","page","type-page","status-publish","hentry"],"acf":[],"yoast_head":"<!-- This site is optimized with the Yoast SEO Premium plugin v27.4 (Yoast SEO v27.4) - https:\/\/yoast.com\/product\/yoast-seo-premium-wordpress\/ -->\n<title>Tietoa meist\u00e4 - Lovisanejdens Sj\u00f6r\u00e4ddare<\/title>\n<meta name=\"robots\" content=\"noindex, follow, max-snippet:-1, max-image-preview:large, max-video-preview:-1\" \/>\n<meta property=\"og:locale\" content=\"fi_FI\" \/>\n<meta property=\"og:type\" content=\"article\" \/>\n<meta property=\"og:title\" content=\"Tietoa meist\u00e4\" \/>\n<meta property=\"og:description\" content=\"Loviisanseudun Meripelastajat Loviisanseudun Meripelastajat on vapaaehtoisvoimin toimiva meripelastusyhdistys. Yhdistys on Suomen Meripelastusseuran j\u00e4senyhdistys. Yhdistys on perustettu 2.12.1974.\u200b Meripelastajien p\u00e4\u00e4teht\u00e4v\u00e4 on auttaa merih\u00e4t\u00e4\u00e4n joutuneita. Lis\u00e4ksi teht\u00e4viin kuuluvat erilaiset merelliset avunantoteht\u00e4v\u00e4t sek\u00e4 veneilyturvallisuuden edist\u00e4minen. \u200b Loviisanseudun Meripelastajat toimii Porvoon Pellingin ja Kotkan Kaunissaaren v\u00e4lisell\u00e4 saaristo- ja merialueella. Yhdistyksell\u00e4 on asema Loviisan Valkossa ja kaksi pelastusvenett\u00e4. Pelastusveneet ovat [&hellip;]\" \/>\n<meta property=\"og:url\" content=\"https:\/\/meripelastus.fi\/loviisa\/loviisanseudun-meripelastajat\/tietoa-meista\/\" \/>\n<meta property=\"og:site_name\" content=\"Lovisanejdens Sj\u00f6r\u00e4ddare\" \/>\n<meta property=\"article:modified_time\" content=\"2026-05-12T16:11:36+00:00\" \/>\n<meta name=\"twitter:card\" content=\"summary_large_image\" \/>\n<meta name=\"twitter:label1\" content=\"Arvioitu lukuaika\" \/>\n\t<meta name=\"twitter:data1\" content=\"1 minuutti\" \/>\n<script type=\"application\/ld+json\" class=\"yoast-schema-graph\">{\"@context\":\"https:\\\/\\\/schema.org\",\"@graph\":[{\"@type\":\"WebPage\",\"@id\":\"https:\\\/\\\/meripelastus.fi\\\/loviisa\\\/loviisanseudun-meripelastajat\\\/tietoa-meista\\\/\",\"url\":\"https:\\\/\\\/meripelastus.fi\\\/loviisa\\\/loviisanseudun-meripelastajat\\\/tietoa-meista\\\/\",\"name\":\"Tietoa meist\u00e4 - Lovisanejdens Sj\u00f6r\u00e4ddare\",\"isPartOf\":{\"@id\":\"https:\\\/\\\/meripelastus.fi\\\/loviisa\\\/#website\"},\"datePublished\":\"2025-11-18T07:14:52+00:00\",\"dateModified\":\"2026-05-12T16:11:36+00:00\",\"breadcrumb\":{\"@id\":\"https:\\\/\\\/meripelastus.fi\\\/loviisa\\\/loviisanseudun-meripelastajat\\\/tietoa-meista\\\/#breadcrumb\"},\"inLanguage\":\"fi\",\"potentialAction\":[{\"@type\":\"ReadAction\",\"target\":[\"https:\\\/\\\/meripelastus.fi\\\/loviisa\\\/loviisanseudun-meripelastajat\\\/tietoa-meista\\\/\"]}]},{\"@type\":\"BreadcrumbList\",\"@id\":\"https:\\\/\\\/meripelastus.fi\\\/loviisa\\\/loviisanseudun-meripelastajat\\\/tietoa-meista\\\/#breadcrumb\",\"itemListElement\":[{\"@type\":\"ListItem\",\"position\":1,\"name\":\"Etusivu\",\"item\":\"https:\\\/\\\/meripelastus.fi\\\/loviisa\\\/\"},{\"@type\":\"ListItem\",\"position\":2,\"name\":\"Loviisanseudun Meripelastajat\",\"item\":\"https:\\\/\\\/meripelastus.fi\\\/loviisa\\\/loviisanseudun-meripelastajat\\\/\"},{\"@type\":\"ListItem\",\"position\":3,\"name\":\"Tietoa meist\u00e4\"}]},{\"@type\":\"WebSite\",\"@id\":\"https:\\\/\\\/meripelastus.fi\\\/loviisa\\\/#website\",\"url\":\"https:\\\/\\\/meripelastus.fi\\\/loviisa\\\/\",\"name\":\"Lovisanejdens Sj\u00f6r\u00e4ddare\",\"description\":\"Vapaaehtoiset apunasi vesill\u00e4\",\"potentialAction\":[{\"@type\":\"SearchAction\",\"target\":{\"@type\":\"EntryPoint\",\"urlTemplate\":\"https:\\\/\\\/meripelastus.fi\\\/loviisa\\\/?s={search_term_string}\"},\"query-input\":{\"@type\":\"PropertyValueSpecification\",\"valueRequired\":true,\"valueName\":\"search_term_string\"}}],\"inLanguage\":\"fi\"}]}<\/script>\n<!-- \/ Yoast SEO Premium plugin. -->","yoast_head_json":{"title":"Tietoa meist\u00e4 - Lovisanejdens Sj\u00f6r\u00e4ddare","robots":{"index":"noindex","follow":"follow","max-snippet":"max-snippet:-1","max-image-preview":"max-image-preview:large","max-video-preview":"max-video-preview:-1"},"og_locale":"fi_FI","og_type":"article","og_title":"Tietoa meist\u00e4","og_description":"Loviisanseudun Meripelastajat Loviisanseudun Meripelastajat on vapaaehtoisvoimin toimiva meripelastusyhdistys. Yhdistys on Suomen Meripelastusseuran j\u00e4senyhdistys. Yhdistys on perustettu 2.12.1974.\u200b Meripelastajien p\u00e4\u00e4teht\u00e4v\u00e4 on auttaa merih\u00e4t\u00e4\u00e4n joutuneita. Lis\u00e4ksi teht\u00e4viin kuuluvat erilaiset merelliset avunantoteht\u00e4v\u00e4t sek\u00e4 veneilyturvallisuuden edist\u00e4minen. \u200b Loviisanseudun Meripelastajat toimii Porvoon Pellingin ja Kotkan Kaunissaaren v\u00e4lisell\u00e4 saaristo- ja merialueella. Yhdistyksell\u00e4 on asema Loviisan Valkossa ja kaksi pelastusvenett\u00e4. Pelastusveneet ovat [&hellip;]","og_url":"https:\/\/meripelastus.fi\/loviisa\/loviisanseudun-meripelastajat\/tietoa-meista\/","og_site_name":"Lovisanejdens Sj\u00f6r\u00e4ddare","article_modified_time":"2026-05-12T16:11:36+00:00","twitter_card":"summary_large_image","twitter_misc":{"Arvioitu lukuaika":"1 minuutti"},"schema":{"@context":"https:\/\/schema.org","@graph":[{"@type":"WebPage","@id":"https:\/\/meripelastus.fi\/loviisa\/loviisanseudun-meripelastajat\/tietoa-meista\/","url":"https:\/\/meripelastus.fi\/loviisa\/loviisanseudun-meripelastajat\/tietoa-meista\/","name":"Tietoa meist\u00e4 - Lovisanejdens Sj\u00f6r\u00e4ddare","isPartOf":{"@id":"https:\/\/meripelastus.fi\/loviisa\/#website"},"datePublished":"2025-11-18T07:14:52+00:00","dateModified":"2026-05-12T16:11:36+00:00","breadcrumb":{"@id":"https:\/\/meripelastus.fi\/loviisa\/loviisanseudun-meripelastajat\/tietoa-meista\/#breadcrumb"},"inLanguage":"fi","potentialAction":[{"@type":"ReadAction","target":["https:\/\/meripelastus.fi\/loviisa\/loviisanseudun-meripelastajat\/tietoa-meista\/"]}]},{"@type":"BreadcrumbList","@id":"https:\/\/meripelastus.fi\/loviisa\/loviisanseudun-meripelastajat\/tietoa-meista\/#breadcrumb","itemListElement":[{"@type":"ListItem","position":1,"name":"Etusivu","item":"https:\/\/meripelastus.fi\/loviisa\/"},{"@type":"ListItem","position":2,"name":"Loviisanseudun Meripelastajat","item":"https:\/\/meripelastus.fi\/loviisa\/loviisanseudun-meripelastajat\/"},{"@type":"ListItem","position":3,"name":"Tietoa meist\u00e4"}]},{"@type":"WebSite","@id":"https:\/\/meripelastus.fi\/loviisa\/#website","url":"https:\/\/meripelastus.fi\/loviisa\/","name":"Lovisanejdens Sj\u00f6r\u00e4ddare","description":"Vapaaehtoiset apunasi vesill\u00e4","potentialAction":[{"@type":"SearchAction","target":{"@type":"EntryPoint","urlTemplate":"https:\/\/meripelastus.fi\/loviisa\/?s={search_term_string}"},"query-input":{"@type":"PropertyValueSpecification","valueRequired":true,"valueName":"search_term_string"}}],"inLanguage":"fi"}]}},"_links":{"self":[{"href":"https:\/\/meripelastus.fi\/loviisa\/wp-json\/wp\/v2\/pages\/72","targetHints":{"allow":["GET"]}}],"collection":[{"href":"https:\/\/meripelastus.fi\/loviisa\/wp-json\/wp\/v2\/pages"}],"about":[{"href":"https:\/\/meripelastus.fi\/loviisa\/wp-json\/wp\/v2\/types\/page"}],"author":[{"embeddable":true,"href":"https:\/\/meripelastus.fi\/loviisa\/wp-json\/wp\/v2\/users\/1"}],"replies":[{"embeddable":true,"href":"https:\/\/meripelastus.fi\/loviisa\/wp-json\/wp\/v2\/comments?post=72"}],"version-history":[{"count":3,"href":"https:\/\/meripelastus.fi\/loviisa\/wp-json\/wp\/v2\/pages\/72\/revisions"}],"predecessor-version":[{"id":204,"href":"https:\/\/meripelastus.fi\/loviisa\/wp-json\/wp\/v2\/pages\/72\/revisions\/204"}],"up":[{"embeddable":true,"href":"https:\/\/meripelastus.fi\/loviisa\/wp-json\/wp\/v2\/pages\/74"}],"wp:attachment":[{"href":"https:\/\/meripelastus.fi\/loviisa\/wp-json\/wp\/v2\/media?parent=72"}],"curies":[{"name":"wp","href":"https:\/\/api.w.org\/{rel}","templated":true}]}}