{"id":64,"date":"2025-11-18T09:11:03","date_gmt":"2025-11-18T07:11:03","guid":{"rendered":"https:\/\/meripelastus.fi\/loviisa-vedos\/?page_id=64"},"modified":"2026-05-12T19:12:23","modified_gmt":"2026-05-12T16:12:23","slug":"toiminta","status":"publish","type":"page","link":"https:\/\/meripelastus.fi\/loviisa\/toiminta\/","title":{"rendered":"Toiminta"},"content":{"rendered":"\n<p>Yhdistyksen toiminta koostuu hallinnosta, veneiden ja varusteiden yll\u00e4pidosta, koulutuksesta, valmiudesta, partioinnista sek\u00e4 pelastus- ja avunantoteht\u00e4vist\u00e4. Avovesikaudella miehist\u00f6 on jatkuvassa h\u00e4lytysvalmiudessa vuorokauden ymp\u00e4ri joka p\u00e4iv\u00e4.\u200b<\/p>\n\n\n\n<p>Miehist\u00f6 koostuu vapaaehtoisista, jotka eiv\u00e4t saa toiminnastaan palkkaa tai palkkioita. Loviisanseudun Meripelastajien miehist\u00f6ss\u00e4 on 9 miehist\u00f6nj\u00e4sent\u00e4. \u200b<\/p>\n\n\n\n<p>Yhdistyksell\u00e4 on teht\u00e4vi\u00e4 vuosittain keskim\u00e4\u00e4rin 11, joista 1\/3 on meripelastusteht\u00e4vi\u00e4, 1\/3 j\u00e4senpalveluteht\u00e4vi\u00e4 ja 1\/3 avunantoteht\u00e4vi\u00e4.\u200b<\/p>\n\n\n\n<p>Talvella, veneiden ollessa telakoituina, veneet ja varusteet valmistellaan tulevaa kautta varten sek\u00e4 j\u00e4rjestet\u00e4\u00e4n harjoituksia ja koulutuksia.<\/p>\n","protected":false},"excerpt":{"rendered":"<p>Yhdistyksen toiminta koostuu hallinnosta, veneiden ja varusteiden yll\u00e4pidosta, koulutuksesta, valmiudesta, partioinnista sek\u00e4 pelastus- ja avunantoteht\u00e4vist\u00e4. Avovesikaudella miehist\u00f6 on jatkuvassa h\u00e4lytysvalmiudessa vuorokauden ymp\u00e4ri joka p\u00e4iv\u00e4.\u200b Miehist\u00f6 koostuu vapaaehtoisista, jotka eiv\u00e4t saa toiminnastaan palkkaa tai palkkioita. Loviisanseudun Meripelastajien miehist\u00f6ss\u00e4 on 9 miehist\u00f6nj\u00e4sent\u00e4. \u200b Yhdistyksell\u00e4 on teht\u00e4vi\u00e4 vuosittain keskim\u00e4\u00e4rin 11, joista 1\/3 on meripelastusteht\u00e4vi\u00e4, 1\/3 j\u00e4senpalveluteht\u00e4vi\u00e4 ja 1\/3 [&hellip;]<\/p>\n","protected":false},"author":1,"featured_media":0,"parent":0,"menu_order":0,"comment_status":"closed","ping_status":"closed","template":"","meta":{"_acf_changed":false,"inline_featured_image":false,"footnotes":""},"class_list":["post-64","page","type-page","status-publish","hentry"],"acf":[],"yoast_head":"<!-- This site is optimized with the Yoast SEO Premium plugin v27.4 (Yoast SEO v27.4) - https:\/\/yoast.com\/product\/yoast-seo-premium-wordpress\/ -->\n<title>Toiminta - Lovisanejdens Sj\u00f6r\u00e4ddare<\/title>\n<meta name=\"robots\" content=\"noindex, follow, max-snippet:-1, max-image-preview:large, max-video-preview:-1\" \/>\n<meta property=\"og:locale\" content=\"fi_FI\" \/>\n<meta property=\"og:type\" content=\"article\" \/>\n<meta property=\"og:title\" content=\"Toiminta\" \/>\n<meta property=\"og:description\" content=\"Yhdistyksen toiminta koostuu hallinnosta, veneiden ja varusteiden yll\u00e4pidosta, koulutuksesta, valmiudesta, partioinnista sek\u00e4 pelastus- ja avunantoteht\u00e4vist\u00e4. Avovesikaudella miehist\u00f6 on jatkuvassa h\u00e4lytysvalmiudessa vuorokauden ymp\u00e4ri joka p\u00e4iv\u00e4.\u200b Miehist\u00f6 koostuu vapaaehtoisista, jotka eiv\u00e4t saa toiminnastaan palkkaa tai palkkioita. Loviisanseudun Meripelastajien miehist\u00f6ss\u00e4 on 9 miehist\u00f6nj\u00e4sent\u00e4. \u200b Yhdistyksell\u00e4 on teht\u00e4vi\u00e4 vuosittain keskim\u00e4\u00e4rin 11, joista 1\/3 on meripelastusteht\u00e4vi\u00e4, 1\/3 j\u00e4senpalveluteht\u00e4vi\u00e4 ja 1\/3 [&hellip;]\" \/>\n<meta property=\"og:url\" content=\"https:\/\/meripelastus.fi\/loviisa\/toiminta\/\" \/>\n<meta property=\"og:site_name\" content=\"Lovisanejdens Sj\u00f6r\u00e4ddare\" \/>\n<meta property=\"article:modified_time\" content=\"2026-05-12T16:12:23+00:00\" \/>\n<meta name=\"twitter:card\" content=\"summary_large_image\" \/>\n<script type=\"application\/ld+json\" class=\"yoast-schema-graph\">{\"@context\":\"https:\\\/\\\/schema.org\",\"@graph\":[{\"@type\":\"WebPage\",\"@id\":\"https:\\\/\\\/meripelastus.fi\\\/loviisa\\\/toiminta\\\/\",\"url\":\"https:\\\/\\\/meripelastus.fi\\\/loviisa\\\/toiminta\\\/\",\"name\":\"Toiminta - Lovisanejdens Sj\u00f6r\u00e4ddare\",\"isPartOf\":{\"@id\":\"https:\\\/\\\/meripelastus.fi\\\/loviisa\\\/#website\"},\"datePublished\":\"2025-11-18T07:11:03+00:00\",\"dateModified\":\"2026-05-12T16:12:23+00:00\",\"breadcrumb\":{\"@id\":\"https:\\\/\\\/meripelastus.fi\\\/loviisa\\\/toiminta\\\/#breadcrumb\"},\"inLanguage\":\"fi\",\"potentialAction\":[{\"@type\":\"ReadAction\",\"target\":[\"https:\\\/\\\/meripelastus.fi\\\/loviisa\\\/toiminta\\\/\"]}]},{\"@type\":\"BreadcrumbList\",\"@id\":\"https:\\\/\\\/meripelastus.fi\\\/loviisa\\\/toiminta\\\/#breadcrumb\",\"itemListElement\":[{\"@type\":\"ListItem\",\"position\":1,\"name\":\"Etusivu\",\"item\":\"https:\\\/\\\/meripelastus.fi\\\/loviisa\\\/\"},{\"@type\":\"ListItem\",\"position\":2,\"name\":\"Toiminta\"}]},{\"@type\":\"WebSite\",\"@id\":\"https:\\\/\\\/meripelastus.fi\\\/loviisa\\\/#website\",\"url\":\"https:\\\/\\\/meripelastus.fi\\\/loviisa\\\/\",\"name\":\"Lovisanejdens Sj\u00f6r\u00e4ddare\",\"description\":\"Vapaaehtoiset apunasi vesill\u00e4\",\"potentialAction\":[{\"@type\":\"SearchAction\",\"target\":{\"@type\":\"EntryPoint\",\"urlTemplate\":\"https:\\\/\\\/meripelastus.fi\\\/loviisa\\\/?s={search_term_string}\"},\"query-input\":{\"@type\":\"PropertyValueSpecification\",\"valueRequired\":true,\"valueName\":\"search_term_string\"}}],\"inLanguage\":\"fi\"}]}<\/script>\n<!-- \/ Yoast SEO Premium plugin. -->","yoast_head_json":{"title":"Toiminta - Lovisanejdens Sj\u00f6r\u00e4ddare","robots":{"index":"noindex","follow":"follow","max-snippet":"max-snippet:-1","max-image-preview":"max-image-preview:large","max-video-preview":"max-video-preview:-1"},"og_locale":"fi_FI","og_type":"article","og_title":"Toiminta","og_description":"Yhdistyksen toiminta koostuu hallinnosta, veneiden ja varusteiden yll\u00e4pidosta, koulutuksesta, valmiudesta, partioinnista sek\u00e4 pelastus- ja avunantoteht\u00e4vist\u00e4. Avovesikaudella miehist\u00f6 on jatkuvassa h\u00e4lytysvalmiudessa vuorokauden ymp\u00e4ri joka p\u00e4iv\u00e4.\u200b Miehist\u00f6 koostuu vapaaehtoisista, jotka eiv\u00e4t saa toiminnastaan palkkaa tai palkkioita. Loviisanseudun Meripelastajien miehist\u00f6ss\u00e4 on 9 miehist\u00f6nj\u00e4sent\u00e4. \u200b Yhdistyksell\u00e4 on teht\u00e4vi\u00e4 vuosittain keskim\u00e4\u00e4rin 11, joista 1\/3 on meripelastusteht\u00e4vi\u00e4, 1\/3 j\u00e4senpalveluteht\u00e4vi\u00e4 ja 1\/3 [&hellip;]","og_url":"https:\/\/meripelastus.fi\/loviisa\/toiminta\/","og_site_name":"Lovisanejdens Sj\u00f6r\u00e4ddare","article_modified_time":"2026-05-12T16:12:23+00:00","twitter_card":"summary_large_image","schema":{"@context":"https:\/\/schema.org","@graph":[{"@type":"WebPage","@id":"https:\/\/meripelastus.fi\/loviisa\/toiminta\/","url":"https:\/\/meripelastus.fi\/loviisa\/toiminta\/","name":"Toiminta - Lovisanejdens Sj\u00f6r\u00e4ddare","isPartOf":{"@id":"https:\/\/meripelastus.fi\/loviisa\/#website"},"datePublished":"2025-11-18T07:11:03+00:00","dateModified":"2026-05-12T16:12:23+00:00","breadcrumb":{"@id":"https:\/\/meripelastus.fi\/loviisa\/toiminta\/#breadcrumb"},"inLanguage":"fi","potentialAction":[{"@type":"ReadAction","target":["https:\/\/meripelastus.fi\/loviisa\/toiminta\/"]}]},{"@type":"BreadcrumbList","@id":"https:\/\/meripelastus.fi\/loviisa\/toiminta\/#breadcrumb","itemListElement":[{"@type":"ListItem","position":1,"name":"Etusivu","item":"https:\/\/meripelastus.fi\/loviisa\/"},{"@type":"ListItem","position":2,"name":"Toiminta"}]},{"@type":"WebSite","@id":"https:\/\/meripelastus.fi\/loviisa\/#website","url":"https:\/\/meripelastus.fi\/loviisa\/","name":"Lovisanejdens Sj\u00f6r\u00e4ddare","description":"Vapaaehtoiset apunasi vesill\u00e4","potentialAction":[{"@type":"SearchAction","target":{"@type":"EntryPoint","urlTemplate":"https:\/\/meripelastus.fi\/loviisa\/?s={search_term_string}"},"query-input":{"@type":"PropertyValueSpecification","valueRequired":true,"valueName":"search_term_string"}}],"inLanguage":"fi"}]}},"_links":{"self":[{"href":"https:\/\/meripelastus.fi\/loviisa\/wp-json\/wp\/v2\/pages\/64","targetHints":{"allow":["GET"]}}],"collection":[{"href":"https:\/\/meripelastus.fi\/loviisa\/wp-json\/wp\/v2\/pages"}],"about":[{"href":"https:\/\/meripelastus.fi\/loviisa\/wp-json\/wp\/v2\/types\/page"}],"author":[{"embeddable":true,"href":"https:\/\/meripelastus.fi\/loviisa\/wp-json\/wp\/v2\/users\/1"}],"replies":[{"embeddable":true,"href":"https:\/\/meripelastus.fi\/loviisa\/wp-json\/wp\/v2\/comments?post=64"}],"version-history":[{"count":2,"href":"https:\/\/meripelastus.fi\/loviisa\/wp-json\/wp\/v2\/pages\/64\/revisions"}],"predecessor-version":[{"id":205,"href":"https:\/\/meripelastus.fi\/loviisa\/wp-json\/wp\/v2\/pages\/64\/revisions\/205"}],"wp:attachment":[{"href":"https:\/\/meripelastus.fi\/loviisa\/wp-json\/wp\/v2\/media?parent=64"}],"curies":[{"name":"wp","href":"https:\/\/api.w.org\/{rel}","templated":true}]}}