{"id":105,"date":"2025-11-18T09:38:21","date_gmt":"2025-11-18T07:38:21","guid":{"rendered":"https:\/\/meripelastus.fi\/loviisa-vedos\/?page_id=105"},"modified":"2026-05-12T19:14:01","modified_gmt":"2026-05-12T16:14:01","slug":"om-oss","status":"publish","type":"page","link":"https:\/\/meripelastus.fi\/loviisa\/sv\/finlands-sjoraddningssallskapet-lovisanejde\/om-oss\/","title":{"rendered":"Om oss"},"content":{"rendered":"\n<p>Lovisanejdens Sj\u00f6r\u00e4ddare \u00e4r en frivillig sj\u00f6r\u00e4ddningsf\u00f6rening. F\u00f6reningen \u00e4r en medlemsf\u00f6rening i Finlands Sj\u00f6r\u00e4ddningss\u00e4llskap. F\u00f6reningen \u00e4r grundad 2.12.1974.\u200b<\/p>\n\n\n\n<p>Sj\u00f6r\u00e4ddarnas huvuduppgift \u00e4r att hj\u00e4lpa personer i sj\u00f6n\u00f6d. Dessutom omfattar uppgifterna olika maritima assistansuppdrag och att fr\u00e4mja b\u00e5ts\u00e4kerheten. \u200b<\/p>\n\n\n\n<p>Lovisanejdens Sj\u00f6r\u00e4ddare verkar i sk\u00e4rg\u00e5rds- och havsomr\u00e5det mellan Pellinge i Borg\u00e5 och Fager\u00f6 i Kotka. F\u00f6reningen har en station i Valkom i Lovisa och tv\u00e5 r\u00e4ddningsb\u00e5tar. R\u00e4ddningsb\u00e5tarna \u00e4r en 12 meter l\u00e5ng t\u00e4ckt aluminiumb\u00e5t och en 7,5 meter l\u00e5ng \u00f6ppen RIB-b\u00e5t.<\/p>\n","protected":false},"excerpt":{"rendered":"<p>Lovisanejdens Sj\u00f6r\u00e4ddare \u00e4r en frivillig sj\u00f6r\u00e4ddningsf\u00f6rening. F\u00f6reningen \u00e4r en medlemsf\u00f6rening i Finlands Sj\u00f6r\u00e4ddningss\u00e4llskap. F\u00f6reningen \u00e4r grundad 2.12.1974.\u200b Sj\u00f6r\u00e4ddarnas huvuduppgift \u00e4r att hj\u00e4lpa personer i sj\u00f6n\u00f6d. Dessutom omfattar uppgifterna olika maritima assistansuppdrag och att fr\u00e4mja b\u00e5ts\u00e4kerheten. \u200b Lovisanejdens Sj\u00f6r\u00e4ddare verkar i sk\u00e4rg\u00e5rds- och havsomr\u00e5det mellan Pellinge i Borg\u00e5 och Fager\u00f6 i Kotka. F\u00f6reningen har en station [&hellip;]<\/p>\n","protected":false},"author":1,"featured_media":0,"parent":94,"menu_order":0,"comment_status":"closed","ping_status":"closed","template":"","meta":{"_acf_changed":false,"inline_featured_image":false,"footnotes":""},"class_list":["post-105","page","type-page","status-publish","hentry"],"acf":[],"yoast_head":"<!-- This site is optimized with the Yoast SEO Premium plugin v27.4 (Yoast SEO v27.4) - https:\/\/yoast.com\/product\/yoast-seo-premium-wordpress\/ -->\n<title>Om oss - Lovisanejdens Sj\u00f6r\u00e4ddare<\/title>\n<meta name=\"robots\" content=\"noindex, follow, max-snippet:-1, max-image-preview:large, max-video-preview:-1\" \/>\n<meta property=\"og:locale\" content=\"fi_FI\" \/>\n<meta property=\"og:type\" content=\"article\" \/>\n<meta property=\"og:title\" content=\"Om oss\" \/>\n<meta property=\"og:description\" content=\"Lovisanejdens Sj\u00f6r\u00e4ddare \u00e4r en frivillig sj\u00f6r\u00e4ddningsf\u00f6rening. F\u00f6reningen \u00e4r en medlemsf\u00f6rening i Finlands Sj\u00f6r\u00e4ddningss\u00e4llskap. F\u00f6reningen \u00e4r grundad 2.12.1974.\u200b Sj\u00f6r\u00e4ddarnas huvuduppgift \u00e4r att hj\u00e4lpa personer i sj\u00f6n\u00f6d. Dessutom omfattar uppgifterna olika maritima assistansuppdrag och att fr\u00e4mja b\u00e5ts\u00e4kerheten. \u200b Lovisanejdens Sj\u00f6r\u00e4ddare verkar i sk\u00e4rg\u00e5rds- och havsomr\u00e5det mellan Pellinge i Borg\u00e5 och Fager\u00f6 i Kotka. F\u00f6reningen har en station [&hellip;]\" \/>\n<meta property=\"og:url\" content=\"https:\/\/meripelastus.fi\/loviisa\/sv\/finlands-sjoraddningssallskapet-lovisanejde\/om-oss\/\" \/>\n<meta property=\"og:site_name\" content=\"Lovisanejdens Sj\u00f6r\u00e4ddare\" \/>\n<meta property=\"article:modified_time\" content=\"2026-05-12T16:14:01+00:00\" \/>\n<meta name=\"twitter:card\" content=\"summary_large_image\" \/>\n<script type=\"application\/ld+json\" class=\"yoast-schema-graph\">{\"@context\":\"https:\\\/\\\/schema.org\",\"@graph\":[{\"@type\":\"WebPage\",\"@id\":\"https:\\\/\\\/meripelastus.fi\\\/loviisa\\\/sv\\\/finlands-sjoraddningssallskapet-lovisanejde\\\/om-oss\\\/\",\"url\":\"https:\\\/\\\/meripelastus.fi\\\/loviisa\\\/sv\\\/finlands-sjoraddningssallskapet-lovisanejde\\\/om-oss\\\/\",\"name\":\"Om oss - Lovisanejdens Sj\u00f6r\u00e4ddare\",\"isPartOf\":{\"@id\":\"https:\\\/\\\/meripelastus.fi\\\/loviisa\\\/#website\"},\"datePublished\":\"2025-11-18T07:38:21+00:00\",\"dateModified\":\"2026-05-12T16:14:01+00:00\",\"breadcrumb\":{\"@id\":\"https:\\\/\\\/meripelastus.fi\\\/loviisa\\\/sv\\\/finlands-sjoraddningssallskapet-lovisanejde\\\/om-oss\\\/#breadcrumb\"},\"inLanguage\":\"fi\",\"potentialAction\":[{\"@type\":\"ReadAction\",\"target\":[\"https:\\\/\\\/meripelastus.fi\\\/loviisa\\\/sv\\\/finlands-sjoraddningssallskapet-lovisanejde\\\/om-oss\\\/\"]}]},{\"@type\":\"BreadcrumbList\",\"@id\":\"https:\\\/\\\/meripelastus.fi\\\/loviisa\\\/sv\\\/finlands-sjoraddningssallskapet-lovisanejde\\\/om-oss\\\/#breadcrumb\",\"itemListElement\":[{\"@type\":\"ListItem\",\"position\":1,\"name\":\"Etusivu\",\"item\":\"https:\\\/\\\/meripelastus.fi\\\/loviisa\\\/\"},{\"@type\":\"ListItem\",\"position\":2,\"name\":\"Lovisanejdens sj\u00f6r\u00e4ddare\",\"item\":\"https:\\\/\\\/meripelastus.fi\\\/loviisa\\\/sv\\\/finlands-sjoraddningssallskapet-lovisanejde\\\/\"},{\"@type\":\"ListItem\",\"position\":3,\"name\":\"Om oss\"}]},{\"@type\":\"WebSite\",\"@id\":\"https:\\\/\\\/meripelastus.fi\\\/loviisa\\\/#website\",\"url\":\"https:\\\/\\\/meripelastus.fi\\\/loviisa\\\/\",\"name\":\"Lovisanejdens Sj\u00f6r\u00e4ddare\",\"description\":\"Vapaaehtoiset apunasi vesill\u00e4\",\"potentialAction\":[{\"@type\":\"SearchAction\",\"target\":{\"@type\":\"EntryPoint\",\"urlTemplate\":\"https:\\\/\\\/meripelastus.fi\\\/loviisa\\\/?s={search_term_string}\"},\"query-input\":{\"@type\":\"PropertyValueSpecification\",\"valueRequired\":true,\"valueName\":\"search_term_string\"}}],\"inLanguage\":\"fi\"}]}<\/script>\n<!-- \/ Yoast SEO Premium plugin. -->","yoast_head_json":{"title":"Om oss - Lovisanejdens Sj\u00f6r\u00e4ddare","robots":{"index":"noindex","follow":"follow","max-snippet":"max-snippet:-1","max-image-preview":"max-image-preview:large","max-video-preview":"max-video-preview:-1"},"og_locale":"fi_FI","og_type":"article","og_title":"Om oss","og_description":"Lovisanejdens Sj\u00f6r\u00e4ddare \u00e4r en frivillig sj\u00f6r\u00e4ddningsf\u00f6rening. F\u00f6reningen \u00e4r en medlemsf\u00f6rening i Finlands Sj\u00f6r\u00e4ddningss\u00e4llskap. F\u00f6reningen \u00e4r grundad 2.12.1974.\u200b Sj\u00f6r\u00e4ddarnas huvuduppgift \u00e4r att hj\u00e4lpa personer i sj\u00f6n\u00f6d. Dessutom omfattar uppgifterna olika maritima assistansuppdrag och att fr\u00e4mja b\u00e5ts\u00e4kerheten. \u200b Lovisanejdens Sj\u00f6r\u00e4ddare verkar i sk\u00e4rg\u00e5rds- och havsomr\u00e5det mellan Pellinge i Borg\u00e5 och Fager\u00f6 i Kotka. F\u00f6reningen har en station [&hellip;]","og_url":"https:\/\/meripelastus.fi\/loviisa\/sv\/finlands-sjoraddningssallskapet-lovisanejde\/om-oss\/","og_site_name":"Lovisanejdens Sj\u00f6r\u00e4ddare","article_modified_time":"2026-05-12T16:14:01+00:00","twitter_card":"summary_large_image","schema":{"@context":"https:\/\/schema.org","@graph":[{"@type":"WebPage","@id":"https:\/\/meripelastus.fi\/loviisa\/sv\/finlands-sjoraddningssallskapet-lovisanejde\/om-oss\/","url":"https:\/\/meripelastus.fi\/loviisa\/sv\/finlands-sjoraddningssallskapet-lovisanejde\/om-oss\/","name":"Om oss - Lovisanejdens Sj\u00f6r\u00e4ddare","isPartOf":{"@id":"https:\/\/meripelastus.fi\/loviisa\/#website"},"datePublished":"2025-11-18T07:38:21+00:00","dateModified":"2026-05-12T16:14:01+00:00","breadcrumb":{"@id":"https:\/\/meripelastus.fi\/loviisa\/sv\/finlands-sjoraddningssallskapet-lovisanejde\/om-oss\/#breadcrumb"},"inLanguage":"fi","potentialAction":[{"@type":"ReadAction","target":["https:\/\/meripelastus.fi\/loviisa\/sv\/finlands-sjoraddningssallskapet-lovisanejde\/om-oss\/"]}]},{"@type":"BreadcrumbList","@id":"https:\/\/meripelastus.fi\/loviisa\/sv\/finlands-sjoraddningssallskapet-lovisanejde\/om-oss\/#breadcrumb","itemListElement":[{"@type":"ListItem","position":1,"name":"Etusivu","item":"https:\/\/meripelastus.fi\/loviisa\/"},{"@type":"ListItem","position":2,"name":"Lovisanejdens sj\u00f6r\u00e4ddare","item":"https:\/\/meripelastus.fi\/loviisa\/sv\/finlands-sjoraddningssallskapet-lovisanejde\/"},{"@type":"ListItem","position":3,"name":"Om oss"}]},{"@type":"WebSite","@id":"https:\/\/meripelastus.fi\/loviisa\/#website","url":"https:\/\/meripelastus.fi\/loviisa\/","name":"Lovisanejdens Sj\u00f6r\u00e4ddare","description":"Vapaaehtoiset apunasi vesill\u00e4","potentialAction":[{"@type":"SearchAction","target":{"@type":"EntryPoint","urlTemplate":"https:\/\/meripelastus.fi\/loviisa\/?s={search_term_string}"},"query-input":{"@type":"PropertyValueSpecification","valueRequired":true,"valueName":"search_term_string"}}],"inLanguage":"fi"}]}},"_links":{"self":[{"href":"https:\/\/meripelastus.fi\/loviisa\/wp-json\/wp\/v2\/pages\/105","targetHints":{"allow":["GET"]}}],"collection":[{"href":"https:\/\/meripelastus.fi\/loviisa\/wp-json\/wp\/v2\/pages"}],"about":[{"href":"https:\/\/meripelastus.fi\/loviisa\/wp-json\/wp\/v2\/types\/page"}],"author":[{"embeddable":true,"href":"https:\/\/meripelastus.fi\/loviisa\/wp-json\/wp\/v2\/users\/1"}],"replies":[{"embeddable":true,"href":"https:\/\/meripelastus.fi\/loviisa\/wp-json\/wp\/v2\/comments?post=105"}],"version-history":[{"count":2,"href":"https:\/\/meripelastus.fi\/loviisa\/wp-json\/wp\/v2\/pages\/105\/revisions"}],"predecessor-version":[{"id":206,"href":"https:\/\/meripelastus.fi\/loviisa\/wp-json\/wp\/v2\/pages\/105\/revisions\/206"}],"up":[{"embeddable":true,"href":"https:\/\/meripelastus.fi\/loviisa\/wp-json\/wp\/v2\/pages\/94"}],"wp:attachment":[{"href":"https:\/\/meripelastus.fi\/loviisa\/wp-json\/wp\/v2\/media?parent=105"}],"curies":[{"name":"wp","href":"https:\/\/api.w.org\/{rel}","templated":true}]}}