{"id":103,"date":"2025-11-18T09:37:48","date_gmt":"2025-11-18T07:37:48","guid":{"rendered":"https:\/\/meripelastus.fi\/loviisa-vedos\/?page_id=103"},"modified":"2025-11-18T11:55:21","modified_gmt":"2025-11-18T09:55:21","slug":"utforda-uppdrag","status":"publish","type":"page","link":"https:\/\/meripelastus.fi\/loviisa\/sv\/verksamhet\/utforda-uppdrag\/","title":{"rendered":"Utf\u00f6rda uppdrag"},"content":{"rendered":" \n\t\n<div class=\"container pt-0 pb-0\"> \n    <div class=\"row\">\n        <div class=\"col-12\">\n                        \t\n                <ul class=\"list-unstyled\" id=\"tehtavatrss\" data-amount=\"20\" data-city=\"41\">\n                    <template>\n                            <li>\n                                <time><\/time> <strong><place><\/place><\/strong>\n                                <span><\/span>\n                            <\/li>\n                    <\/template>\n                <\/ul>\n                    <\/div>\n    <\/div>\n<\/div>","protected":false},"excerpt":{"rendered":"","protected":false},"author":1,"featured_media":0,"parent":99,"menu_order":0,"comment_status":"closed","ping_status":"closed","template":"","meta":{"_acf_changed":false,"inline_featured_image":false,"footnotes":""},"class_list":["post-103","page","type-page","status-publish","hentry"],"acf":[],"yoast_head":"<!-- This site is optimized with the Yoast SEO Premium plugin v27.4 (Yoast SEO v27.4) - https:\/\/yoast.com\/product\/yoast-seo-premium-wordpress\/ -->\n<title>Utf\u00f6rda uppdrag - Lovisanejdens Sj\u00f6r\u00e4ddare<\/title>\n<meta name=\"robots\" content=\"noindex, follow, max-snippet:-1, max-image-preview:large, max-video-preview:-1\" \/>\n<meta property=\"og:locale\" content=\"fi_FI\" \/>\n<meta property=\"og:type\" content=\"article\" \/>\n<meta property=\"og:title\" content=\"Utf\u00f6rda uppdrag\" \/>\n<meta property=\"og:url\" content=\"https:\/\/meripelastus.fi\/loviisa\/sv\/verksamhet\/utforda-uppdrag\/\" \/>\n<meta property=\"og:site_name\" content=\"Lovisanejdens Sj\u00f6r\u00e4ddare\" \/>\n<meta property=\"article:modified_time\" content=\"2025-11-18T09:55:21+00:00\" \/>\n<meta name=\"twitter:card\" content=\"summary_large_image\" \/>\n<script type=\"application\/ld+json\" class=\"yoast-schema-graph\">{\"@context\":\"https:\\\/\\\/schema.org\",\"@graph\":[{\"@type\":\"WebPage\",\"@id\":\"https:\\\/\\\/meripelastus.fi\\\/loviisa\\\/sv\\\/verksamhet\\\/utforda-uppdrag\\\/\",\"url\":\"https:\\\/\\\/meripelastus.fi\\\/loviisa\\\/sv\\\/verksamhet\\\/utforda-uppdrag\\\/\",\"name\":\"Utf\u00f6rda uppdrag - Lovisanejdens Sj\u00f6r\u00e4ddare\",\"isPartOf\":{\"@id\":\"https:\\\/\\\/meripelastus.fi\\\/loviisa\\\/#website\"},\"datePublished\":\"2025-11-18T07:37:48+00:00\",\"dateModified\":\"2025-11-18T09:55:21+00:00\",\"breadcrumb\":{\"@id\":\"https:\\\/\\\/meripelastus.fi\\\/loviisa\\\/sv\\\/verksamhet\\\/utforda-uppdrag\\\/#breadcrumb\"},\"inLanguage\":\"fi\",\"potentialAction\":[{\"@type\":\"ReadAction\",\"target\":[\"https:\\\/\\\/meripelastus.fi\\\/loviisa\\\/sv\\\/verksamhet\\\/utforda-uppdrag\\\/\"]}]},{\"@type\":\"BreadcrumbList\",\"@id\":\"https:\\\/\\\/meripelastus.fi\\\/loviisa\\\/sv\\\/verksamhet\\\/utforda-uppdrag\\\/#breadcrumb\",\"itemListElement\":[{\"@type\":\"ListItem\",\"position\":1,\"name\":\"Etusivu\",\"item\":\"https:\\\/\\\/meripelastus.fi\\\/loviisa\\\/\"},{\"@type\":\"ListItem\",\"position\":2,\"name\":\"Verksamhet\",\"item\":\"https:\\\/\\\/meripelastus.fi\\\/loviisa\\\/sv\\\/verksamhet\\\/\"},{\"@type\":\"ListItem\",\"position\":3,\"name\":\"Utf\u00f6rda uppdrag\"}]},{\"@type\":\"WebSite\",\"@id\":\"https:\\\/\\\/meripelastus.fi\\\/loviisa\\\/#website\",\"url\":\"https:\\\/\\\/meripelastus.fi\\\/loviisa\\\/\",\"name\":\"Lovisanejdens Sj\u00f6r\u00e4ddare\",\"description\":\"Vapaaehtoiset apunasi vesill\u00e4\",\"potentialAction\":[{\"@type\":\"SearchAction\",\"target\":{\"@type\":\"EntryPoint\",\"urlTemplate\":\"https:\\\/\\\/meripelastus.fi\\\/loviisa\\\/?s={search_term_string}\"},\"query-input\":{\"@type\":\"PropertyValueSpecification\",\"valueRequired\":true,\"valueName\":\"search_term_string\"}}],\"inLanguage\":\"fi\"}]}<\/script>\n<!-- \/ Yoast SEO Premium plugin. -->","yoast_head_json":{"title":"Utf\u00f6rda uppdrag - Lovisanejdens Sj\u00f6r\u00e4ddare","robots":{"index":"noindex","follow":"follow","max-snippet":"max-snippet:-1","max-image-preview":"max-image-preview:large","max-video-preview":"max-video-preview:-1"},"og_locale":"fi_FI","og_type":"article","og_title":"Utf\u00f6rda uppdrag","og_url":"https:\/\/meripelastus.fi\/loviisa\/sv\/verksamhet\/utforda-uppdrag\/","og_site_name":"Lovisanejdens Sj\u00f6r\u00e4ddare","article_modified_time":"2025-11-18T09:55:21+00:00","twitter_card":"summary_large_image","schema":{"@context":"https:\/\/schema.org","@graph":[{"@type":"WebPage","@id":"https:\/\/meripelastus.fi\/loviisa\/sv\/verksamhet\/utforda-uppdrag\/","url":"https:\/\/meripelastus.fi\/loviisa\/sv\/verksamhet\/utforda-uppdrag\/","name":"Utf\u00f6rda uppdrag - Lovisanejdens Sj\u00f6r\u00e4ddare","isPartOf":{"@id":"https:\/\/meripelastus.fi\/loviisa\/#website"},"datePublished":"2025-11-18T07:37:48+00:00","dateModified":"2025-11-18T09:55:21+00:00","breadcrumb":{"@id":"https:\/\/meripelastus.fi\/loviisa\/sv\/verksamhet\/utforda-uppdrag\/#breadcrumb"},"inLanguage":"fi","potentialAction":[{"@type":"ReadAction","target":["https:\/\/meripelastus.fi\/loviisa\/sv\/verksamhet\/utforda-uppdrag\/"]}]},{"@type":"BreadcrumbList","@id":"https:\/\/meripelastus.fi\/loviisa\/sv\/verksamhet\/utforda-uppdrag\/#breadcrumb","itemListElement":[{"@type":"ListItem","position":1,"name":"Etusivu","item":"https:\/\/meripelastus.fi\/loviisa\/"},{"@type":"ListItem","position":2,"name":"Verksamhet","item":"https:\/\/meripelastus.fi\/loviisa\/sv\/verksamhet\/"},{"@type":"ListItem","position":3,"name":"Utf\u00f6rda uppdrag"}]},{"@type":"WebSite","@id":"https:\/\/meripelastus.fi\/loviisa\/#website","url":"https:\/\/meripelastus.fi\/loviisa\/","name":"Lovisanejdens Sj\u00f6r\u00e4ddare","description":"Vapaaehtoiset apunasi vesill\u00e4","potentialAction":[{"@type":"SearchAction","target":{"@type":"EntryPoint","urlTemplate":"https:\/\/meripelastus.fi\/loviisa\/?s={search_term_string}"},"query-input":{"@type":"PropertyValueSpecification","valueRequired":true,"valueName":"search_term_string"}}],"inLanguage":"fi"}]}},"_links":{"self":[{"href":"https:\/\/meripelastus.fi\/loviisa\/wp-json\/wp\/v2\/pages\/103","targetHints":{"allow":["GET"]}}],"collection":[{"href":"https:\/\/meripelastus.fi\/loviisa\/wp-json\/wp\/v2\/pages"}],"about":[{"href":"https:\/\/meripelastus.fi\/loviisa\/wp-json\/wp\/v2\/types\/page"}],"author":[{"embeddable":true,"href":"https:\/\/meripelastus.fi\/loviisa\/wp-json\/wp\/v2\/users\/1"}],"replies":[{"embeddable":true,"href":"https:\/\/meripelastus.fi\/loviisa\/wp-json\/wp\/v2\/comments?post=103"}],"version-history":[{"count":2,"href":"https:\/\/meripelastus.fi\/loviisa\/wp-json\/wp\/v2\/pages\/103\/revisions"}],"predecessor-version":[{"id":134,"href":"https:\/\/meripelastus.fi\/loviisa\/wp-json\/wp\/v2\/pages\/103\/revisions\/134"}],"up":[{"embeddable":true,"href":"https:\/\/meripelastus.fi\/loviisa\/wp-json\/wp\/v2\/pages\/99"}],"wp:attachment":[{"href":"https:\/\/meripelastus.fi\/loviisa\/wp-json\/wp\/v2\/media?parent=103"}],"curies":[{"name":"wp","href":"https:\/\/api.w.org\/{rel}","templated":true}]}}