{"id":8,"date":"2018-03-19T09:16:29","date_gmt":"2018-03-19T07:16:29","guid":{"rendered":"http:\/\/basetemplate.smpsyhdistykset.16.testivedos.com\/?page_id=8"},"modified":"2024-06-01T19:48:22","modified_gmt":"2024-06-01T16:48:22","slug":"tietoa-meista","status":"publish","type":"page","link":"https:\/\/meripelastus.fi\/laukaa\/laukaan-jarvipelastajat\/tietoa-meista\/","title":{"rendered":"Tietoa meist\u00e4"},"content":{"rendered":"<p>Suomen Meripelastusseura Laukaan J\u00e4rvipelastajat ry yll\u00e4pit\u00e4\u00e4 vapaaehtoisvoimin pelastus-, etsint\u00e4- ja avustustoimintaa Keiteleen kanavan vesialueilla sek\u00e4 Kuusveden ja Lievestuoreen j\u00e4rvill\u00e4 Laukaassa. Toimimme aktiivisessa yhteisty\u00f6ss\u00e4 pelastusviranomaisten kanssa.<\/p>\n<p>Yhdistyksen toimintaperiaatteisiin kuuluu my\u00f6s vapaaehtoisen j\u00e4rvipelastustoiminnan tunnetuksi tekeminen ja veneilyturvallisuuden edist\u00e4minen sek\u00e4 innostuksen her\u00e4tt\u00e4minen vapaaehtoista j\u00e4rvipelastusta kohtaan.<\/p>\n<p>Toiminnassa noudatetaan Suomen Meripelastusseuran strategiaa ja toimintaohjeita. Yhdistyksen kotisatama on Laukaan satama.<\/p>\n<p>Veneilykauden aikana p\u00e4ivystys toimii ymp\u00e4ri vuorokauden.<\/p>\n<p>Yhdistys toivottaa veneilyst\u00e4 kiinnostuneet tervetulleeksi mukaan toimintaan. Harjoituksia toteutetaan keskiviikkoisin klo 18, jolloin toimintaan on helppo tutustua Laukaan satamassa.<\/p>\n","protected":false},"excerpt":{"rendered":"<p>Suomen Meripelastusseura Laukaan J\u00e4rvipelastajat ry yll\u00e4pit\u00e4\u00e4 vapaaehtoisvoimin pelastus-, etsint\u00e4- ja avustustoimintaa Keiteleen kanavan vesialueilla sek\u00e4 Kuusveden ja Lievestuoreen j\u00e4rvill\u00e4 Laukaassa. Toimimme aktiivisessa yhteisty\u00f6ss\u00e4 pelastusviranomaisten kanssa. Yhdistyksen toimintaperiaatteisiin kuuluu my\u00f6s vapaaehtoisen j\u00e4rvipelastustoiminnan tunnetuksi tekeminen ja veneilyturvallisuuden edist\u00e4minen sek\u00e4 innostuksen her\u00e4tt\u00e4minen vapaaehtoista j\u00e4rvipelastusta kohtaan. Toiminnassa noudatetaan Suomen Meripelastusseuran strategiaa ja toimintaohjeita. Yhdistyksen kotisatama on Laukaan satama. Veneilykauden [&hellip;]<\/p>\n","protected":false},"author":1,"featured_media":291,"parent":6,"menu_order":0,"comment_status":"closed","ping_status":"closed","template":"","meta":{"_acf_changed":false,"inline_featured_image":false,"footnotes":""},"class_list":["post-8","page","type-page","status-publish","has-post-thumbnail","hentry"],"acf":[],"yoast_head":"<!-- This site is optimized with the Yoast SEO Premium plugin v27.2 (Yoast SEO v27.2) - https:\/\/yoast.com\/product\/yoast-seo-premium-wordpress\/ -->\n<title>Tietoa meist\u00e4 - Laukaan J\u00e4rvipelastajat ry<\/title>\n<meta name=\"robots\" content=\"index, follow, max-snippet:-1, max-image-preview:large, max-video-preview:-1\" \/>\n<link rel=\"canonical\" href=\"https:\/\/meripelastus.fi\/laukaa\/laukaan-jarvipelastajat\/tietoa-meista\/\" \/>\n<meta property=\"og:locale\" content=\"fi_FI\" \/>\n<meta property=\"og:type\" content=\"article\" \/>\n<meta property=\"og:title\" content=\"Tietoa meist\u00e4\" \/>\n<meta property=\"og:description\" content=\"Suomen Meripelastusseura Laukaan J\u00e4rvipelastajat ry yll\u00e4pit\u00e4\u00e4 vapaaehtoisvoimin pelastus-, etsint\u00e4- ja avustustoimintaa Keiteleen kanavan vesialueilla sek\u00e4 Kuusveden ja Lievestuoreen j\u00e4rvill\u00e4 Laukaassa. Toimimme aktiivisessa yhteisty\u00f6ss\u00e4 pelastusviranomaisten kanssa. Yhdistyksen toimintaperiaatteisiin kuuluu my\u00f6s vapaaehtoisen j\u00e4rvipelastustoiminnan tunnetuksi tekeminen ja veneilyturvallisuuden edist\u00e4minen sek\u00e4 innostuksen her\u00e4tt\u00e4minen vapaaehtoista j\u00e4rvipelastusta kohtaan. Toiminnassa noudatetaan Suomen Meripelastusseuran strategiaa ja toimintaohjeita. Yhdistyksen kotisatama on Laukaan satama. Veneilykauden [&hellip;]\" \/>\n<meta property=\"og:url\" content=\"https:\/\/meripelastus.fi\/laukaa\/laukaan-jarvipelastajat\/tietoa-meista\/\" \/>\n<meta property=\"og:site_name\" content=\"Laukaan J\u00e4rvipelastajat ry\" \/>\n<meta property=\"article:modified_time\" content=\"2024-06-01T16:48:22+00:00\" \/>\n<meta property=\"og:image\" content=\"https:\/\/meripelastus.fi\/laukaa\/wp-content\/uploads\/sites\/23\/2019\/06\/6b1.jpg\" \/>\n\t<meta property=\"og:image:width\" content=\"1900\" \/>\n\t<meta property=\"og:image:height\" content=\"379\" \/>\n\t<meta property=\"og:image:type\" content=\"image\/jpeg\" \/>\n<meta name=\"twitter:card\" content=\"summary_large_image\" \/>\n<meta name=\"twitter:label1\" content=\"Arvioitu lukuaika\" \/>\n\t<meta name=\"twitter:data1\" content=\"1 minuutti\" \/>\n<script type=\"application\/ld+json\" class=\"yoast-schema-graph\">{\"@context\":\"https:\/\/schema.org\",\"@graph\":[{\"@type\":\"WebPage\",\"@id\":\"https:\/\/meripelastus.fi\/laukaa\/laukaan-jarvipelastajat\/tietoa-meista\/\",\"url\":\"https:\/\/meripelastus.fi\/laukaa\/laukaan-jarvipelastajat\/tietoa-meista\/\",\"name\":\"Tietoa meist\u00e4 - Laukaan J\u00e4rvipelastajat ry\",\"isPartOf\":{\"@id\":\"https:\/\/meripelastus.fi\/laukaa\/#website\"},\"primaryImageOfPage\":{\"@id\":\"https:\/\/meripelastus.fi\/laukaa\/laukaan-jarvipelastajat\/tietoa-meista\/#primaryimage\"},\"image\":{\"@id\":\"https:\/\/meripelastus.fi\/laukaa\/laukaan-jarvipelastajat\/tietoa-meista\/#primaryimage\"},\"thumbnailUrl\":\"https:\/\/meripelastus.fi\/laukaa\/wp-content\/uploads\/sites\/23\/2019\/06\/6b1.jpg\",\"datePublished\":\"2018-03-19T07:16:29+00:00\",\"dateModified\":\"2024-06-01T16:48:22+00:00\",\"breadcrumb\":{\"@id\":\"https:\/\/meripelastus.fi\/laukaa\/laukaan-jarvipelastajat\/tietoa-meista\/#breadcrumb\"},\"inLanguage\":\"fi\",\"potentialAction\":[{\"@type\":\"ReadAction\",\"target\":[\"https:\/\/meripelastus.fi\/laukaa\/laukaan-jarvipelastajat\/tietoa-meista\/\"]}]},{\"@type\":\"ImageObject\",\"inLanguage\":\"fi\",\"@id\":\"https:\/\/meripelastus.fi\/laukaa\/laukaan-jarvipelastajat\/tietoa-meista\/#primaryimage\",\"url\":\"https:\/\/meripelastus.fi\/laukaa\/wp-content\/uploads\/sites\/23\/2019\/06\/6b1.jpg\",\"contentUrl\":\"https:\/\/meripelastus.fi\/laukaa\/wp-content\/uploads\/sites\/23\/2019\/06\/6b1.jpg\",\"width\":1900,\"height\":379},{\"@type\":\"BreadcrumbList\",\"@id\":\"https:\/\/meripelastus.fi\/laukaa\/laukaan-jarvipelastajat\/tietoa-meista\/#breadcrumb\",\"itemListElement\":[{\"@type\":\"ListItem\",\"position\":1,\"name\":\"Etusivu\",\"item\":\"https:\/\/meripelastus.fi\/laukaa\/\"},{\"@type\":\"ListItem\",\"position\":2,\"name\":\"Laukaan J\u00e4rvipelastajat\",\"item\":\"https:\/\/meripelastus.fi\/laukaa\/laukaan-jarvipelastajat\/\"},{\"@type\":\"ListItem\",\"position\":3,\"name\":\"Tietoa meist\u00e4\"}]},{\"@type\":\"WebSite\",\"@id\":\"https:\/\/meripelastus.fi\/laukaa\/#website\",\"url\":\"https:\/\/meripelastus.fi\/laukaa\/\",\"name\":\"Laukaan J\u00e4rvipelastajat ry\",\"description\":\"Vapaaehtoiset apunasi vesill\u00e4\",\"potentialAction\":[{\"@type\":\"SearchAction\",\"target\":{\"@type\":\"EntryPoint\",\"urlTemplate\":\"https:\/\/meripelastus.fi\/laukaa\/?s={search_term_string}\"},\"query-input\":{\"@type\":\"PropertyValueSpecification\",\"valueRequired\":true,\"valueName\":\"search_term_string\"}}],\"inLanguage\":\"fi\"}]}<\/script>\n<!-- \/ Yoast SEO Premium plugin. -->","yoast_head_json":{"title":"Tietoa meist\u00e4 - Laukaan J\u00e4rvipelastajat ry","robots":{"index":"index","follow":"follow","max-snippet":"max-snippet:-1","max-image-preview":"max-image-preview:large","max-video-preview":"max-video-preview:-1"},"canonical":"https:\/\/meripelastus.fi\/laukaa\/laukaan-jarvipelastajat\/tietoa-meista\/","og_locale":"fi_FI","og_type":"article","og_title":"Tietoa meist\u00e4","og_description":"Suomen Meripelastusseura Laukaan J\u00e4rvipelastajat ry yll\u00e4pit\u00e4\u00e4 vapaaehtoisvoimin pelastus-, etsint\u00e4- ja avustustoimintaa Keiteleen kanavan vesialueilla sek\u00e4 Kuusveden ja Lievestuoreen j\u00e4rvill\u00e4 Laukaassa. Toimimme aktiivisessa yhteisty\u00f6ss\u00e4 pelastusviranomaisten kanssa. Yhdistyksen toimintaperiaatteisiin kuuluu my\u00f6s vapaaehtoisen j\u00e4rvipelastustoiminnan tunnetuksi tekeminen ja veneilyturvallisuuden edist\u00e4minen sek\u00e4 innostuksen her\u00e4tt\u00e4minen vapaaehtoista j\u00e4rvipelastusta kohtaan. Toiminnassa noudatetaan Suomen Meripelastusseuran strategiaa ja toimintaohjeita. Yhdistyksen kotisatama on Laukaan satama. Veneilykauden [&hellip;]","og_url":"https:\/\/meripelastus.fi\/laukaa\/laukaan-jarvipelastajat\/tietoa-meista\/","og_site_name":"Laukaan J\u00e4rvipelastajat ry","article_modified_time":"2024-06-01T16:48:22+00:00","og_image":[{"width":1900,"height":379,"url":"https:\/\/meripelastus.fi\/laukaa\/wp-content\/uploads\/sites\/23\/2019\/06\/6b1.jpg","type":"image\/jpeg"}],"twitter_card":"summary_large_image","twitter_misc":{"Arvioitu lukuaika":"1 minuutti"},"schema":{"@context":"https:\/\/schema.org","@graph":[{"@type":"WebPage","@id":"https:\/\/meripelastus.fi\/laukaa\/laukaan-jarvipelastajat\/tietoa-meista\/","url":"https:\/\/meripelastus.fi\/laukaa\/laukaan-jarvipelastajat\/tietoa-meista\/","name":"Tietoa meist\u00e4 - Laukaan J\u00e4rvipelastajat ry","isPartOf":{"@id":"https:\/\/meripelastus.fi\/laukaa\/#website"},"primaryImageOfPage":{"@id":"https:\/\/meripelastus.fi\/laukaa\/laukaan-jarvipelastajat\/tietoa-meista\/#primaryimage"},"image":{"@id":"https:\/\/meripelastus.fi\/laukaa\/laukaan-jarvipelastajat\/tietoa-meista\/#primaryimage"},"thumbnailUrl":"https:\/\/meripelastus.fi\/laukaa\/wp-content\/uploads\/sites\/23\/2019\/06\/6b1.jpg","datePublished":"2018-03-19T07:16:29+00:00","dateModified":"2024-06-01T16:48:22+00:00","breadcrumb":{"@id":"https:\/\/meripelastus.fi\/laukaa\/laukaan-jarvipelastajat\/tietoa-meista\/#breadcrumb"},"inLanguage":"fi","potentialAction":[{"@type":"ReadAction","target":["https:\/\/meripelastus.fi\/laukaa\/laukaan-jarvipelastajat\/tietoa-meista\/"]}]},{"@type":"ImageObject","inLanguage":"fi","@id":"https:\/\/meripelastus.fi\/laukaa\/laukaan-jarvipelastajat\/tietoa-meista\/#primaryimage","url":"https:\/\/meripelastus.fi\/laukaa\/wp-content\/uploads\/sites\/23\/2019\/06\/6b1.jpg","contentUrl":"https:\/\/meripelastus.fi\/laukaa\/wp-content\/uploads\/sites\/23\/2019\/06\/6b1.jpg","width":1900,"height":379},{"@type":"BreadcrumbList","@id":"https:\/\/meripelastus.fi\/laukaa\/laukaan-jarvipelastajat\/tietoa-meista\/#breadcrumb","itemListElement":[{"@type":"ListItem","position":1,"name":"Etusivu","item":"https:\/\/meripelastus.fi\/laukaa\/"},{"@type":"ListItem","position":2,"name":"Laukaan J\u00e4rvipelastajat","item":"https:\/\/meripelastus.fi\/laukaa\/laukaan-jarvipelastajat\/"},{"@type":"ListItem","position":3,"name":"Tietoa meist\u00e4"}]},{"@type":"WebSite","@id":"https:\/\/meripelastus.fi\/laukaa\/#website","url":"https:\/\/meripelastus.fi\/laukaa\/","name":"Laukaan J\u00e4rvipelastajat ry","description":"Vapaaehtoiset apunasi vesill\u00e4","potentialAction":[{"@type":"SearchAction","target":{"@type":"EntryPoint","urlTemplate":"https:\/\/meripelastus.fi\/laukaa\/?s={search_term_string}"},"query-input":{"@type":"PropertyValueSpecification","valueRequired":true,"valueName":"search_term_string"}}],"inLanguage":"fi"}]}},"_links":{"self":[{"href":"https:\/\/meripelastus.fi\/laukaa\/wp-json\/wp\/v2\/pages\/8","targetHints":{"allow":["GET"]}}],"collection":[{"href":"https:\/\/meripelastus.fi\/laukaa\/wp-json\/wp\/v2\/pages"}],"about":[{"href":"https:\/\/meripelastus.fi\/laukaa\/wp-json\/wp\/v2\/types\/page"}],"author":[{"embeddable":true,"href":"https:\/\/meripelastus.fi\/laukaa\/wp-json\/wp\/v2\/users\/1"}],"replies":[{"embeddable":true,"href":"https:\/\/meripelastus.fi\/laukaa\/wp-json\/wp\/v2\/comments?post=8"}],"version-history":[{"count":7,"href":"https:\/\/meripelastus.fi\/laukaa\/wp-json\/wp\/v2\/pages\/8\/revisions"}],"predecessor-version":[{"id":434,"href":"https:\/\/meripelastus.fi\/laukaa\/wp-json\/wp\/v2\/pages\/8\/revisions\/434"}],"up":[{"embeddable":true,"href":"https:\/\/meripelastus.fi\/laukaa\/wp-json\/wp\/v2\/pages\/6"}],"wp:featuredmedia":[{"embeddable":true,"href":"https:\/\/meripelastus.fi\/laukaa\/wp-json\/wp\/v2\/media\/291"}],"wp:attachment":[{"href":"https:\/\/meripelastus.fi\/laukaa\/wp-json\/wp\/v2\/media?parent=8"}],"curies":[{"name":"wp","href":"https:\/\/api.w.org\/{rel}","templated":true}]}}