{"id":51,"date":"2018-03-19T09:24:37","date_gmt":"2018-03-19T07:24:37","guid":{"rendered":"http:\/\/basetemplate.smpsyhdistykset.16.testivedos.com\/?page_id=51"},"modified":"2024-11-01T10:49:08","modified_gmt":"2024-11-01T08:49:08","slug":"yhteystiedot","status":"publish","type":"page","link":"https:\/\/meripelastus.fi\/laukaa\/yhteystiedot\/","title":{"rendered":"Yhteystiedot ja liittymisohje"},"content":{"rendered":"\n<h2 class=\"wp-block-heading\">Yhteystiedot<\/h2>\n\n\n\n<p>Tiedotus, lehdist\u00f6, j\u00e4seneksi, Puh: 0407753967 -Anssi<\/p>\n\n\n\n<p>Kiireett\u00f6m\u00e4t avunpyynn\u00f6t, hinaukset, valvontateht\u00e4v\u00e4t Puh: 0400178202<\/p>\n\n\n\n<p>Email: anssi.montonen@gmail.com<\/p>\n\n\n\n<h3 class=\"wp-block-heading\">Postiosoite<\/h3>\n\n\n\n<p><strong>Suomen Meripelastusseura Laukaan J\u00e4rvipelastajat ry<\/strong><\/p>\n\n\n\n<p>c\/o Anssi Montonen<br>Jarmonkuja 4 as 9<br>41340 Laukaa<\/p>\n\n\n\n<p>Pankkiyhteys: FI5552210520015399<\/p>\n\n\n\n<p><\/p>\n\n\n\n<p><\/p>\n\n\n\n<p><\/p>\n\n\n\n<h2 class=\"wp-block-heading\">Tule mukaan!<\/h2>\n\n\n\n<p>Haluaisitko auttaa meit\u00e4 auttamaan muita? Nyt voit tukea toimintaamme. J\u00e4senmaksumme on 15\u20ac \/ vuosi ,&nbsp;kotiin saat nelj\u00e4sti vuodessa ilmestyv\u00e4n Meripelastajat-lehden ja samalla tuet toimintaamme.<\/p>\n\n\n\n<p>J\u00e4seneksi voi liitty\u00e4 osoitteessa<br><a href=\"https:\/\/meripelastus.fi\/jasenyys\/liittymislomakkeet\/\" target=\"_blank\" rel=\"noreferrer noopener\">meripelastus.fi\/jasenyys\/liittymislomakkeet<\/a><br>valitsemalla Haluan liitty\u00e4 j\u00e4seneksi, valitse yhdistys Laukaa ja t\u00e4yt\u00e4 yhteystietosi.<\/p>\n\n\n\n<p>Kannattaa muistaa my\u00f6s Trossi, joka toimii veneesi hinausturvana vahingon sattuessa. <br>Hinta 98\u20ac\/vuosi ja varmistat, ett\u00e4 vahingon sattuessa veneesi hinataan l\u00e4himp\u00e4\u00e4n satamaan.<\/p>\n\n\n\n<p>Laukaan J\u00e4rvipelastajat ry on vapaaehtoisorganisaatio joka rahoittaa toimintansa ensisijaisesti lahjoituksilla ja j\u00e4senmaksuilla.&nbsp;<br>Haluatko sin\u00e4 olla mukana varmistamassa ett\u00e4 Laukaan vesill\u00e4 on mahdollisimman turvallista?<br>Jokainen henkil\u00f6- ja yhteis\u00f6j\u00e4sen edist\u00e4\u00e4 t\u00e4t\u00e4 tavoitetta j\u00e4senmaksullaan.<\/p>\n\n\n\n<p>Voit my\u00f6s tehd\u00e4 lahjoituksen tilille FI5552210520015399<\/p>\n","protected":false},"excerpt":{"rendered":"<p>Yhteystiedot Tiedotus, lehdist\u00f6, j\u00e4seneksi, Puh: 0407753967 -Anssi Kiireett\u00f6m\u00e4t avunpyynn\u00f6t, hinaukset, valvontateht\u00e4v\u00e4t Puh: 0400178202 Email: anssi.montonen@gmail.com Postiosoite Suomen Meripelastusseura Laukaan J\u00e4rvipelastajat ry c\/o Anssi MontonenJarmonkuja 4 as 941340 Laukaa Pankkiyhteys: FI5552210520015399 Tule mukaan! Haluaisitko auttaa meit\u00e4 auttamaan muita? Nyt voit tukea toimintaamme. J\u00e4senmaksumme on 15\u20ac \/ vuosi ,&nbsp;kotiin saat nelj\u00e4sti vuodessa ilmestyv\u00e4n Meripelastajat-lehden ja samalla tuet [&hellip;]<\/p>\n","protected":false},"author":1,"featured_media":227,"parent":0,"menu_order":4,"comment_status":"closed","ping_status":"closed","template":"","meta":{"_acf_changed":false,"inline_featured_image":false,"footnotes":""},"class_list":["post-51","page","type-page","status-publish","has-post-thumbnail","hentry"],"acf":[],"yoast_head":"<!-- This site is optimized with the Yoast SEO Premium plugin v27.2 (Yoast SEO v27.2) - https:\/\/yoast.com\/product\/yoast-seo-premium-wordpress\/ -->\n<title>Yhteystiedot ja liittymisohje - Laukaan J\u00e4rvipelastajat ry<\/title>\n<meta name=\"robots\" content=\"index, follow, max-snippet:-1, max-image-preview:large, max-video-preview:-1\" \/>\n<link rel=\"canonical\" href=\"https:\/\/meripelastus.fi\/laukaa\/yhteystiedot\/\" \/>\n<meta property=\"og:locale\" content=\"fi_FI\" \/>\n<meta property=\"og:type\" content=\"article\" \/>\n<meta property=\"og:title\" content=\"Yhteystiedot ja liittymisohje\" \/>\n<meta property=\"og:description\" content=\"Yhteystiedot Tiedotus, lehdist\u00f6, j\u00e4seneksi, Puh: 0407753967 -Anssi Kiireett\u00f6m\u00e4t avunpyynn\u00f6t, hinaukset, valvontateht\u00e4v\u00e4t Puh: 0400178202 Email: anssi.montonen@gmail.com Postiosoite Suomen Meripelastusseura Laukaan J\u00e4rvipelastajat ry c\/o Anssi MontonenJarmonkuja 4 as 941340 Laukaa Pankkiyhteys: FI5552210520015399 Tule mukaan! Haluaisitko auttaa meit\u00e4 auttamaan muita? Nyt voit tukea toimintaamme. J\u00e4senmaksumme on 15\u20ac \/ vuosi ,&nbsp;kotiin saat nelj\u00e4sti vuodessa ilmestyv\u00e4n Meripelastajat-lehden ja samalla tuet [&hellip;]\" \/>\n<meta property=\"og:url\" content=\"https:\/\/meripelastus.fi\/laukaa\/yhteystiedot\/\" \/>\n<meta property=\"og:site_name\" content=\"Laukaan J\u00e4rvipelastajat ry\" \/>\n<meta property=\"article:modified_time\" content=\"2024-11-01T08:49:08+00:00\" \/>\n<meta property=\"og:image\" content=\"https:\/\/meripelastus.fi\/laukaa\/wp-content\/uploads\/sites\/23\/2019\/06\/18b.jpg\" \/>\n\t<meta property=\"og:image:width\" content=\"1900\" \/>\n\t<meta property=\"og:image:height\" content=\"598\" \/>\n\t<meta property=\"og:image:type\" content=\"image\/jpeg\" \/>\n<meta name=\"twitter:card\" content=\"summary_large_image\" \/>\n<meta name=\"twitter:label1\" content=\"Arvioitu lukuaika\" \/>\n\t<meta name=\"twitter:data1\" content=\"2 minuuttia\" \/>\n<script type=\"application\/ld+json\" class=\"yoast-schema-graph\">{\"@context\":\"https:\/\/schema.org\",\"@graph\":[{\"@type\":\"WebPage\",\"@id\":\"https:\/\/meripelastus.fi\/laukaa\/yhteystiedot\/\",\"url\":\"https:\/\/meripelastus.fi\/laukaa\/yhteystiedot\/\",\"name\":\"Yhteystiedot ja liittymisohje - Laukaan J\u00e4rvipelastajat ry\",\"isPartOf\":{\"@id\":\"https:\/\/meripelastus.fi\/laukaa\/#website\"},\"primaryImageOfPage\":{\"@id\":\"https:\/\/meripelastus.fi\/laukaa\/yhteystiedot\/#primaryimage\"},\"image\":{\"@id\":\"https:\/\/meripelastus.fi\/laukaa\/yhteystiedot\/#primaryimage\"},\"thumbnailUrl\":\"https:\/\/meripelastus.fi\/laukaa\/wp-content\/uploads\/sites\/23\/2019\/06\/18b.jpg\",\"datePublished\":\"2018-03-19T07:24:37+00:00\",\"dateModified\":\"2024-11-01T08:49:08+00:00\",\"breadcrumb\":{\"@id\":\"https:\/\/meripelastus.fi\/laukaa\/yhteystiedot\/#breadcrumb\"},\"inLanguage\":\"fi\",\"potentialAction\":[{\"@type\":\"ReadAction\",\"target\":[\"https:\/\/meripelastus.fi\/laukaa\/yhteystiedot\/\"]}]},{\"@type\":\"ImageObject\",\"inLanguage\":\"fi\",\"@id\":\"https:\/\/meripelastus.fi\/laukaa\/yhteystiedot\/#primaryimage\",\"url\":\"https:\/\/meripelastus.fi\/laukaa\/wp-content\/uploads\/sites\/23\/2019\/06\/18b.jpg\",\"contentUrl\":\"https:\/\/meripelastus.fi\/laukaa\/wp-content\/uploads\/sites\/23\/2019\/06\/18b.jpg\",\"width\":1900,\"height\":598},{\"@type\":\"BreadcrumbList\",\"@id\":\"https:\/\/meripelastus.fi\/laukaa\/yhteystiedot\/#breadcrumb\",\"itemListElement\":[{\"@type\":\"ListItem\",\"position\":1,\"name\":\"Etusivu\",\"item\":\"https:\/\/meripelastus.fi\/laukaa\/\"},{\"@type\":\"ListItem\",\"position\":2,\"name\":\"Yhteystiedot ja liittymisohje\"}]},{\"@type\":\"WebSite\",\"@id\":\"https:\/\/meripelastus.fi\/laukaa\/#website\",\"url\":\"https:\/\/meripelastus.fi\/laukaa\/\",\"name\":\"Laukaan J\u00e4rvipelastajat ry\",\"description\":\"Vapaaehtoiset apunasi vesill\u00e4\",\"potentialAction\":[{\"@type\":\"SearchAction\",\"target\":{\"@type\":\"EntryPoint\",\"urlTemplate\":\"https:\/\/meripelastus.fi\/laukaa\/?s={search_term_string}\"},\"query-input\":{\"@type\":\"PropertyValueSpecification\",\"valueRequired\":true,\"valueName\":\"search_term_string\"}}],\"inLanguage\":\"fi\"}]}<\/script>\n<!-- \/ Yoast SEO Premium plugin. -->","yoast_head_json":{"title":"Yhteystiedot ja liittymisohje - Laukaan J\u00e4rvipelastajat ry","robots":{"index":"index","follow":"follow","max-snippet":"max-snippet:-1","max-image-preview":"max-image-preview:large","max-video-preview":"max-video-preview:-1"},"canonical":"https:\/\/meripelastus.fi\/laukaa\/yhteystiedot\/","og_locale":"fi_FI","og_type":"article","og_title":"Yhteystiedot ja liittymisohje","og_description":"Yhteystiedot Tiedotus, lehdist\u00f6, j\u00e4seneksi, Puh: 0407753967 -Anssi Kiireett\u00f6m\u00e4t avunpyynn\u00f6t, hinaukset, valvontateht\u00e4v\u00e4t Puh: 0400178202 Email: anssi.montonen@gmail.com Postiosoite Suomen Meripelastusseura Laukaan J\u00e4rvipelastajat ry c\/o Anssi MontonenJarmonkuja 4 as 941340 Laukaa Pankkiyhteys: FI5552210520015399 Tule mukaan! Haluaisitko auttaa meit\u00e4 auttamaan muita? Nyt voit tukea toimintaamme. J\u00e4senmaksumme on 15\u20ac \/ vuosi ,&nbsp;kotiin saat nelj\u00e4sti vuodessa ilmestyv\u00e4n Meripelastajat-lehden ja samalla tuet [&hellip;]","og_url":"https:\/\/meripelastus.fi\/laukaa\/yhteystiedot\/","og_site_name":"Laukaan J\u00e4rvipelastajat ry","article_modified_time":"2024-11-01T08:49:08+00:00","og_image":[{"width":1900,"height":598,"url":"https:\/\/meripelastus.fi\/laukaa\/wp-content\/uploads\/sites\/23\/2019\/06\/18b.jpg","type":"image\/jpeg"}],"twitter_card":"summary_large_image","twitter_misc":{"Arvioitu lukuaika":"2 minuuttia"},"schema":{"@context":"https:\/\/schema.org","@graph":[{"@type":"WebPage","@id":"https:\/\/meripelastus.fi\/laukaa\/yhteystiedot\/","url":"https:\/\/meripelastus.fi\/laukaa\/yhteystiedot\/","name":"Yhteystiedot ja liittymisohje - Laukaan J\u00e4rvipelastajat ry","isPartOf":{"@id":"https:\/\/meripelastus.fi\/laukaa\/#website"},"primaryImageOfPage":{"@id":"https:\/\/meripelastus.fi\/laukaa\/yhteystiedot\/#primaryimage"},"image":{"@id":"https:\/\/meripelastus.fi\/laukaa\/yhteystiedot\/#primaryimage"},"thumbnailUrl":"https:\/\/meripelastus.fi\/laukaa\/wp-content\/uploads\/sites\/23\/2019\/06\/18b.jpg","datePublished":"2018-03-19T07:24:37+00:00","dateModified":"2024-11-01T08:49:08+00:00","breadcrumb":{"@id":"https:\/\/meripelastus.fi\/laukaa\/yhteystiedot\/#breadcrumb"},"inLanguage":"fi","potentialAction":[{"@type":"ReadAction","target":["https:\/\/meripelastus.fi\/laukaa\/yhteystiedot\/"]}]},{"@type":"ImageObject","inLanguage":"fi","@id":"https:\/\/meripelastus.fi\/laukaa\/yhteystiedot\/#primaryimage","url":"https:\/\/meripelastus.fi\/laukaa\/wp-content\/uploads\/sites\/23\/2019\/06\/18b.jpg","contentUrl":"https:\/\/meripelastus.fi\/laukaa\/wp-content\/uploads\/sites\/23\/2019\/06\/18b.jpg","width":1900,"height":598},{"@type":"BreadcrumbList","@id":"https:\/\/meripelastus.fi\/laukaa\/yhteystiedot\/#breadcrumb","itemListElement":[{"@type":"ListItem","position":1,"name":"Etusivu","item":"https:\/\/meripelastus.fi\/laukaa\/"},{"@type":"ListItem","position":2,"name":"Yhteystiedot ja liittymisohje"}]},{"@type":"WebSite","@id":"https:\/\/meripelastus.fi\/laukaa\/#website","url":"https:\/\/meripelastus.fi\/laukaa\/","name":"Laukaan J\u00e4rvipelastajat ry","description":"Vapaaehtoiset apunasi vesill\u00e4","potentialAction":[{"@type":"SearchAction","target":{"@type":"EntryPoint","urlTemplate":"https:\/\/meripelastus.fi\/laukaa\/?s={search_term_string}"},"query-input":{"@type":"PropertyValueSpecification","valueRequired":true,"valueName":"search_term_string"}}],"inLanguage":"fi"}]}},"_links":{"self":[{"href":"https:\/\/meripelastus.fi\/laukaa\/wp-json\/wp\/v2\/pages\/51","targetHints":{"allow":["GET"]}}],"collection":[{"href":"https:\/\/meripelastus.fi\/laukaa\/wp-json\/wp\/v2\/pages"}],"about":[{"href":"https:\/\/meripelastus.fi\/laukaa\/wp-json\/wp\/v2\/types\/page"}],"author":[{"embeddable":true,"href":"https:\/\/meripelastus.fi\/laukaa\/wp-json\/wp\/v2\/users\/1"}],"replies":[{"embeddable":true,"href":"https:\/\/meripelastus.fi\/laukaa\/wp-json\/wp\/v2\/comments?post=51"}],"version-history":[{"count":11,"href":"https:\/\/meripelastus.fi\/laukaa\/wp-json\/wp\/v2\/pages\/51\/revisions"}],"predecessor-version":[{"id":441,"href":"https:\/\/meripelastus.fi\/laukaa\/wp-json\/wp\/v2\/pages\/51\/revisions\/441"}],"wp:featuredmedia":[{"embeddable":true,"href":"https:\/\/meripelastus.fi\/laukaa\/wp-json\/wp\/v2\/media\/227"}],"wp:attachment":[{"href":"https:\/\/meripelastus.fi\/laukaa\/wp-json\/wp\/v2\/media?parent=51"}],"curies":[{"name":"wp","href":"https:\/\/api.w.org\/{rel}","templated":true}]}}