{"id":28,"date":"2018-03-19T09:19:27","date_gmt":"2018-03-19T07:19:27","guid":{"rendered":"http:\/\/basetemplate.smpsyhdistykset.16.testivedos.com\/?page_id=28"},"modified":"2024-06-01T19:54:22","modified_gmt":"2024-06-01T16:54:22","slug":"miehisto","status":"publish","type":"page","link":"https:\/\/meripelastus.fi\/laukaa\/toiminta\/miehisto\/","title":{"rendered":"Miehist\u00f6"},"content":{"rendered":"<p>Maarit Aho<br \/>\nPekka Haapakoski<br \/>\nHannuksela Matti<br \/>\nPekka H\u00e4nninen<br \/>\nTomi Immonen<br \/>\nJuvonen Leo<br \/>\nMatti Kokko<br \/>\nRiku Liponen<br \/>\nAnssi Montonen<br \/>\nJouko Pitk\u00e4j\u00e4rvi<br \/>\nToni Puttonen<\/p>\n","protected":false},"excerpt":{"rendered":"<p>Maarit Aho Pekka Haapakoski Hannuksela Matti Pekka H\u00e4nninen Tomi Immonen Juvonen Leo Matti Kokko Riku Liponen Anssi Montonen Jouko Pitk\u00e4j\u00e4rvi Toni Puttonen<\/p>\n","protected":false},"author":1,"featured_media":223,"parent":20,"menu_order":0,"comment_status":"closed","ping_status":"closed","template":"","meta":{"_acf_changed":false,"inline_featured_image":false,"footnotes":""},"class_list":["post-28","page","type-page","status-publish","has-post-thumbnail","hentry"],"acf":[],"yoast_head":"<!-- This site is optimized with the Yoast SEO Premium plugin v27.4 (Yoast SEO v27.4) - https:\/\/yoast.com\/product\/yoast-seo-premium-wordpress\/ -->\n<title>Miehist\u00f6 - Laukaan J\u00e4rvipelastajat ry<\/title>\n<meta name=\"robots\" content=\"index, follow, max-snippet:-1, max-image-preview:large, max-video-preview:-1\" \/>\n<link rel=\"canonical\" href=\"https:\/\/meripelastus.fi\/laukaa\/toiminta\/miehisto\/\" \/>\n<meta property=\"og:locale\" content=\"fi_FI\" \/>\n<meta property=\"og:type\" content=\"article\" \/>\n<meta property=\"og:title\" content=\"Miehist\u00f6\" \/>\n<meta property=\"og:description\" content=\"Maarit Aho Pekka Haapakoski Hannuksela Matti Pekka H\u00e4nninen Tomi Immonen Juvonen Leo Matti Kokko Riku Liponen Anssi Montonen Jouko Pitk\u00e4j\u00e4rvi Toni Puttonen\" \/>\n<meta property=\"og:url\" content=\"https:\/\/meripelastus.fi\/laukaa\/toiminta\/miehisto\/\" \/>\n<meta property=\"og:site_name\" content=\"Laukaan J\u00e4rvipelastajat ry\" \/>\n<meta property=\"article:modified_time\" content=\"2024-06-01T16:54:22+00:00\" \/>\n<meta property=\"og:image\" content=\"https:\/\/meripelastus.fi\/laukaa\/wp-content\/uploads\/sites\/23\/2019\/06\/13b.jpg\" \/>\n\t<meta property=\"og:image:width\" content=\"1900\" \/>\n\t<meta property=\"og:image:height\" content=\"566\" \/>\n\t<meta property=\"og:image:type\" content=\"image\/jpeg\" \/>\n<meta name=\"twitter:card\" content=\"summary_large_image\" \/>\n<meta name=\"twitter:label1\" content=\"Arvioitu lukuaika\" \/>\n\t<meta name=\"twitter:data1\" content=\"1 minuutti\" \/>\n<script type=\"application\/ld+json\" class=\"yoast-schema-graph\">{\"@context\":\"https:\\\/\\\/schema.org\",\"@graph\":[{\"@type\":\"WebPage\",\"@id\":\"https:\\\/\\\/meripelastus.fi\\\/laukaa\\\/toiminta\\\/miehisto\\\/\",\"url\":\"https:\\\/\\\/meripelastus.fi\\\/laukaa\\\/toiminta\\\/miehisto\\\/\",\"name\":\"Miehist\u00f6 - Laukaan J\u00e4rvipelastajat ry\",\"isPartOf\":{\"@id\":\"https:\\\/\\\/meripelastus.fi\\\/laukaa\\\/#website\"},\"primaryImageOfPage\":{\"@id\":\"https:\\\/\\\/meripelastus.fi\\\/laukaa\\\/toiminta\\\/miehisto\\\/#primaryimage\"},\"image\":{\"@id\":\"https:\\\/\\\/meripelastus.fi\\\/laukaa\\\/toiminta\\\/miehisto\\\/#primaryimage\"},\"thumbnailUrl\":\"https:\\\/\\\/meripelastus.fi\\\/laukaa\\\/wp-content\\\/uploads\\\/sites\\\/23\\\/2019\\\/06\\\/13b.jpg\",\"datePublished\":\"2018-03-19T07:19:27+00:00\",\"dateModified\":\"2024-06-01T16:54:22+00:00\",\"breadcrumb\":{\"@id\":\"https:\\\/\\\/meripelastus.fi\\\/laukaa\\\/toiminta\\\/miehisto\\\/#breadcrumb\"},\"inLanguage\":\"fi\",\"potentialAction\":[{\"@type\":\"ReadAction\",\"target\":[\"https:\\\/\\\/meripelastus.fi\\\/laukaa\\\/toiminta\\\/miehisto\\\/\"]}]},{\"@type\":\"ImageObject\",\"inLanguage\":\"fi\",\"@id\":\"https:\\\/\\\/meripelastus.fi\\\/laukaa\\\/toiminta\\\/miehisto\\\/#primaryimage\",\"url\":\"https:\\\/\\\/meripelastus.fi\\\/laukaa\\\/wp-content\\\/uploads\\\/sites\\\/23\\\/2019\\\/06\\\/13b.jpg\",\"contentUrl\":\"https:\\\/\\\/meripelastus.fi\\\/laukaa\\\/wp-content\\\/uploads\\\/sites\\\/23\\\/2019\\\/06\\\/13b.jpg\",\"width\":1900,\"height\":566},{\"@type\":\"BreadcrumbList\",\"@id\":\"https:\\\/\\\/meripelastus.fi\\\/laukaa\\\/toiminta\\\/miehisto\\\/#breadcrumb\",\"itemListElement\":[{\"@type\":\"ListItem\",\"position\":1,\"name\":\"Etusivu\",\"item\":\"https:\\\/\\\/meripelastus.fi\\\/laukaa\\\/\"},{\"@type\":\"ListItem\",\"position\":2,\"name\":\"Toiminta\",\"item\":\"https:\\\/\\\/meripelastus.fi\\\/laukaa\\\/toiminta\\\/\"},{\"@type\":\"ListItem\",\"position\":3,\"name\":\"Miehist\u00f6\"}]},{\"@type\":\"WebSite\",\"@id\":\"https:\\\/\\\/meripelastus.fi\\\/laukaa\\\/#website\",\"url\":\"https:\\\/\\\/meripelastus.fi\\\/laukaa\\\/\",\"name\":\"Laukaan J\u00e4rvipelastajat ry\",\"description\":\"Vapaaehtoiset apunasi vesill\u00e4\",\"potentialAction\":[{\"@type\":\"SearchAction\",\"target\":{\"@type\":\"EntryPoint\",\"urlTemplate\":\"https:\\\/\\\/meripelastus.fi\\\/laukaa\\\/?s={search_term_string}\"},\"query-input\":{\"@type\":\"PropertyValueSpecification\",\"valueRequired\":true,\"valueName\":\"search_term_string\"}}],\"inLanguage\":\"fi\"}]}<\/script>\n<!-- \/ Yoast SEO Premium plugin. -->","yoast_head_json":{"title":"Miehist\u00f6 - Laukaan J\u00e4rvipelastajat ry","robots":{"index":"index","follow":"follow","max-snippet":"max-snippet:-1","max-image-preview":"max-image-preview:large","max-video-preview":"max-video-preview:-1"},"canonical":"https:\/\/meripelastus.fi\/laukaa\/toiminta\/miehisto\/","og_locale":"fi_FI","og_type":"article","og_title":"Miehist\u00f6","og_description":"Maarit Aho Pekka Haapakoski Hannuksela Matti Pekka H\u00e4nninen Tomi Immonen Juvonen Leo Matti Kokko Riku Liponen Anssi Montonen Jouko Pitk\u00e4j\u00e4rvi Toni Puttonen","og_url":"https:\/\/meripelastus.fi\/laukaa\/toiminta\/miehisto\/","og_site_name":"Laukaan J\u00e4rvipelastajat ry","article_modified_time":"2024-06-01T16:54:22+00:00","og_image":[{"width":1900,"height":566,"url":"https:\/\/meripelastus.fi\/laukaa\/wp-content\/uploads\/sites\/23\/2019\/06\/13b.jpg","type":"image\/jpeg"}],"twitter_card":"summary_large_image","twitter_misc":{"Arvioitu lukuaika":"1 minuutti"},"schema":{"@context":"https:\/\/schema.org","@graph":[{"@type":"WebPage","@id":"https:\/\/meripelastus.fi\/laukaa\/toiminta\/miehisto\/","url":"https:\/\/meripelastus.fi\/laukaa\/toiminta\/miehisto\/","name":"Miehist\u00f6 - Laukaan J\u00e4rvipelastajat ry","isPartOf":{"@id":"https:\/\/meripelastus.fi\/laukaa\/#website"},"primaryImageOfPage":{"@id":"https:\/\/meripelastus.fi\/laukaa\/toiminta\/miehisto\/#primaryimage"},"image":{"@id":"https:\/\/meripelastus.fi\/laukaa\/toiminta\/miehisto\/#primaryimage"},"thumbnailUrl":"https:\/\/meripelastus.fi\/laukaa\/wp-content\/uploads\/sites\/23\/2019\/06\/13b.jpg","datePublished":"2018-03-19T07:19:27+00:00","dateModified":"2024-06-01T16:54:22+00:00","breadcrumb":{"@id":"https:\/\/meripelastus.fi\/laukaa\/toiminta\/miehisto\/#breadcrumb"},"inLanguage":"fi","potentialAction":[{"@type":"ReadAction","target":["https:\/\/meripelastus.fi\/laukaa\/toiminta\/miehisto\/"]}]},{"@type":"ImageObject","inLanguage":"fi","@id":"https:\/\/meripelastus.fi\/laukaa\/toiminta\/miehisto\/#primaryimage","url":"https:\/\/meripelastus.fi\/laukaa\/wp-content\/uploads\/sites\/23\/2019\/06\/13b.jpg","contentUrl":"https:\/\/meripelastus.fi\/laukaa\/wp-content\/uploads\/sites\/23\/2019\/06\/13b.jpg","width":1900,"height":566},{"@type":"BreadcrumbList","@id":"https:\/\/meripelastus.fi\/laukaa\/toiminta\/miehisto\/#breadcrumb","itemListElement":[{"@type":"ListItem","position":1,"name":"Etusivu","item":"https:\/\/meripelastus.fi\/laukaa\/"},{"@type":"ListItem","position":2,"name":"Toiminta","item":"https:\/\/meripelastus.fi\/laukaa\/toiminta\/"},{"@type":"ListItem","position":3,"name":"Miehist\u00f6"}]},{"@type":"WebSite","@id":"https:\/\/meripelastus.fi\/laukaa\/#website","url":"https:\/\/meripelastus.fi\/laukaa\/","name":"Laukaan J\u00e4rvipelastajat ry","description":"Vapaaehtoiset apunasi vesill\u00e4","potentialAction":[{"@type":"SearchAction","target":{"@type":"EntryPoint","urlTemplate":"https:\/\/meripelastus.fi\/laukaa\/?s={search_term_string}"},"query-input":{"@type":"PropertyValueSpecification","valueRequired":true,"valueName":"search_term_string"}}],"inLanguage":"fi"}]}},"_links":{"self":[{"href":"https:\/\/meripelastus.fi\/laukaa\/wp-json\/wp\/v2\/pages\/28","targetHints":{"allow":["GET"]}}],"collection":[{"href":"https:\/\/meripelastus.fi\/laukaa\/wp-json\/wp\/v2\/pages"}],"about":[{"href":"https:\/\/meripelastus.fi\/laukaa\/wp-json\/wp\/v2\/types\/page"}],"author":[{"embeddable":true,"href":"https:\/\/meripelastus.fi\/laukaa\/wp-json\/wp\/v2\/users\/1"}],"replies":[{"embeddable":true,"href":"https:\/\/meripelastus.fi\/laukaa\/wp-json\/wp\/v2\/comments?post=28"}],"version-history":[{"count":4,"href":"https:\/\/meripelastus.fi\/laukaa\/wp-json\/wp\/v2\/pages\/28\/revisions"}],"predecessor-version":[{"id":437,"href":"https:\/\/meripelastus.fi\/laukaa\/wp-json\/wp\/v2\/pages\/28\/revisions\/437"}],"up":[{"embeddable":true,"href":"https:\/\/meripelastus.fi\/laukaa\/wp-json\/wp\/v2\/pages\/20"}],"wp:featuredmedia":[{"embeddable":true,"href":"https:\/\/meripelastus.fi\/laukaa\/wp-json\/wp\/v2\/media\/223"}],"wp:attachment":[{"href":"https:\/\/meripelastus.fi\/laukaa\/wp-json\/wp\/v2\/media?parent=28"}],"curies":[{"name":"wp","href":"https:\/\/api.w.org\/{rel}","templated":true}]}}