{"id":26,"date":"2018-03-19T09:19:10","date_gmt":"2018-03-19T07:19:10","guid":{"rendered":"http:\/\/basetemplate.smpsyhdistykset.16.testivedos.com\/?page_id=26"},"modified":"2024-01-19T13:02:18","modified_gmt":"2024-01-19T11:02:18","slug":"alukset","status":"publish","type":"page","link":"https:\/\/meripelastus.fi\/laukaa\/toiminta\/alukset\/","title":{"rendered":"Alukset"},"content":{"rendered":"\n<p>Tunnus: PV234<br>Rek.nro: P51510<br>Rakennusvuosi: 2012<br>Valmistaja: Fiskars Boats<br>Merkki: Buster<br>Malli: Cabin Pro<br>Toiminta-alue: P\u00e4ij\u00e4nne Kokem\u00e4enjoen vesist\u00f6alue<br>Sijainti: Laukaan satama<br>Koneiden yhteisteho: 147 kW<br>Koneiden lukum\u00e4\u00e4r\u00e4: 1 kpl<br>Materiaali: alumiini<br>Propulsio: per\u00e4moottori<\/p>\n\n\n\n<figure class=\"wp-block-image size-large\"><img loading=\"lazy\" decoding=\"async\" width=\"1024\" height=\"579\" src=\"https:\/\/meripelastus.fi\/laukaa\/wp-content\/uploads\/sites\/23\/2020\/06\/b2-1024x579.jpg\" alt=\"\" class=\"wp-image-322\" srcset=\"https:\/\/meripelastus.fi\/laukaa\/wp-content\/uploads\/sites\/23\/2020\/06\/b2-1024x579.jpg 1024w, https:\/\/meripelastus.fi\/laukaa\/wp-content\/uploads\/sites\/23\/2020\/06\/b2-300x170.jpg 300w, https:\/\/meripelastus.fi\/laukaa\/wp-content\/uploads\/sites\/23\/2020\/06\/b2-768x434.jpg 768w, https:\/\/meripelastus.fi\/laukaa\/wp-content\/uploads\/sites\/23\/2020\/06\/b2-1536x869.jpg 1536w, https:\/\/meripelastus.fi\/laukaa\/wp-content\/uploads\/sites\/23\/2020\/06\/b2.jpg 1952w\" sizes=\"auto, (max-width: 1024px) 100vw, 1024px\" \/><\/figure>\n","protected":false},"excerpt":{"rendered":"<p>Tunnus: PV234Rek.nro: P51510Rakennusvuosi: 2012Valmistaja: Fiskars BoatsMerkki: BusterMalli: Cabin ProToiminta-alue: P\u00e4ij\u00e4nne Kokem\u00e4enjoen vesist\u00f6alueSijainti: Laukaan satamaKoneiden yhteisteho: 147 kWKoneiden lukum\u00e4\u00e4r\u00e4: 1 kplMateriaali: alumiiniPropulsio: per\u00e4moottori<\/p>\n","protected":false},"author":1,"featured_media":321,"parent":20,"menu_order":0,"comment_status":"closed","ping_status":"closed","template":"","meta":{"_acf_changed":false,"inline_featured_image":false,"footnotes":""},"class_list":["post-26","page","type-page","status-publish","has-post-thumbnail","hentry"],"acf":[],"yoast_head":"<!-- This site is optimized with the Yoast SEO Premium plugin v27.2 (Yoast SEO v27.2) - https:\/\/yoast.com\/product\/yoast-seo-premium-wordpress\/ -->\n<title>Alukset - Laukaan J\u00e4rvipelastajat ry<\/title>\n<meta name=\"robots\" content=\"index, follow, max-snippet:-1, max-image-preview:large, max-video-preview:-1\" \/>\n<link rel=\"canonical\" href=\"https:\/\/meripelastus.fi\/laukaa\/toiminta\/alukset\/\" \/>\n<meta property=\"og:locale\" content=\"fi_FI\" \/>\n<meta property=\"og:type\" content=\"article\" \/>\n<meta property=\"og:title\" content=\"Alukset\" \/>\n<meta property=\"og:description\" content=\"Tunnus: PV234Rek.nro: P51510Rakennusvuosi: 2012Valmistaja: Fiskars BoatsMerkki: BusterMalli: Cabin ProToiminta-alue: P\u00e4ij\u00e4nne Kokem\u00e4enjoen vesist\u00f6alueSijainti: Laukaan satamaKoneiden yhteisteho: 147 kWKoneiden lukum\u00e4\u00e4r\u00e4: 1 kplMateriaali: alumiiniPropulsio: per\u00e4moottori\" \/>\n<meta property=\"og:url\" content=\"https:\/\/meripelastus.fi\/laukaa\/toiminta\/alukset\/\" \/>\n<meta property=\"og:site_name\" content=\"Laukaan J\u00e4rvipelastajat ry\" \/>\n<meta property=\"article:modified_time\" content=\"2024-01-19T11:02:18+00:00\" \/>\n<meta property=\"og:image\" content=\"https:\/\/meripelastus.fi\/laukaa\/wp-content\/uploads\/sites\/23\/2020\/06\/b1.jpg\" \/>\n\t<meta property=\"og:image:width\" content=\"2200\" \/>\n\t<meta property=\"og:image:height\" content=\"978\" \/>\n\t<meta property=\"og:image:type\" content=\"image\/jpeg\" \/>\n<meta name=\"twitter:card\" content=\"summary_large_image\" \/>\n<meta name=\"twitter:label1\" content=\"Arvioitu lukuaika\" \/>\n\t<meta name=\"twitter:data1\" content=\"1 minuutti\" \/>\n<script type=\"application\/ld+json\" class=\"yoast-schema-graph\">{\"@context\":\"https:\/\/schema.org\",\"@graph\":[{\"@type\":\"WebPage\",\"@id\":\"https:\/\/meripelastus.fi\/laukaa\/toiminta\/alukset\/\",\"url\":\"https:\/\/meripelastus.fi\/laukaa\/toiminta\/alukset\/\",\"name\":\"Alukset - Laukaan J\u00e4rvipelastajat ry\",\"isPartOf\":{\"@id\":\"https:\/\/meripelastus.fi\/laukaa\/#website\"},\"primaryImageOfPage\":{\"@id\":\"https:\/\/meripelastus.fi\/laukaa\/toiminta\/alukset\/#primaryimage\"},\"image\":{\"@id\":\"https:\/\/meripelastus.fi\/laukaa\/toiminta\/alukset\/#primaryimage\"},\"thumbnailUrl\":\"https:\/\/meripelastus.fi\/laukaa\/wp-content\/uploads\/sites\/23\/2020\/06\/b1.jpg\",\"datePublished\":\"2018-03-19T07:19:10+00:00\",\"dateModified\":\"2024-01-19T11:02:18+00:00\",\"breadcrumb\":{\"@id\":\"https:\/\/meripelastus.fi\/laukaa\/toiminta\/alukset\/#breadcrumb\"},\"inLanguage\":\"fi\",\"potentialAction\":[{\"@type\":\"ReadAction\",\"target\":[\"https:\/\/meripelastus.fi\/laukaa\/toiminta\/alukset\/\"]}]},{\"@type\":\"ImageObject\",\"inLanguage\":\"fi\",\"@id\":\"https:\/\/meripelastus.fi\/laukaa\/toiminta\/alukset\/#primaryimage\",\"url\":\"https:\/\/meripelastus.fi\/laukaa\/wp-content\/uploads\/sites\/23\/2020\/06\/b1.jpg\",\"contentUrl\":\"https:\/\/meripelastus.fi\/laukaa\/wp-content\/uploads\/sites\/23\/2020\/06\/b1.jpg\",\"width\":2200,\"height\":978},{\"@type\":\"BreadcrumbList\",\"@id\":\"https:\/\/meripelastus.fi\/laukaa\/toiminta\/alukset\/#breadcrumb\",\"itemListElement\":[{\"@type\":\"ListItem\",\"position\":1,\"name\":\"Etusivu\",\"item\":\"https:\/\/meripelastus.fi\/laukaa\/\"},{\"@type\":\"ListItem\",\"position\":2,\"name\":\"Toiminta\",\"item\":\"https:\/\/meripelastus.fi\/laukaa\/toiminta\/\"},{\"@type\":\"ListItem\",\"position\":3,\"name\":\"Alukset\"}]},{\"@type\":\"WebSite\",\"@id\":\"https:\/\/meripelastus.fi\/laukaa\/#website\",\"url\":\"https:\/\/meripelastus.fi\/laukaa\/\",\"name\":\"Laukaan J\u00e4rvipelastajat ry\",\"description\":\"Vapaaehtoiset apunasi vesill\u00e4\",\"potentialAction\":[{\"@type\":\"SearchAction\",\"target\":{\"@type\":\"EntryPoint\",\"urlTemplate\":\"https:\/\/meripelastus.fi\/laukaa\/?s={search_term_string}\"},\"query-input\":{\"@type\":\"PropertyValueSpecification\",\"valueRequired\":true,\"valueName\":\"search_term_string\"}}],\"inLanguage\":\"fi\"}]}<\/script>\n<!-- \/ Yoast SEO Premium plugin. -->","yoast_head_json":{"title":"Alukset - Laukaan J\u00e4rvipelastajat ry","robots":{"index":"index","follow":"follow","max-snippet":"max-snippet:-1","max-image-preview":"max-image-preview:large","max-video-preview":"max-video-preview:-1"},"canonical":"https:\/\/meripelastus.fi\/laukaa\/toiminta\/alukset\/","og_locale":"fi_FI","og_type":"article","og_title":"Alukset","og_description":"Tunnus: PV234Rek.nro: P51510Rakennusvuosi: 2012Valmistaja: Fiskars BoatsMerkki: BusterMalli: Cabin ProToiminta-alue: P\u00e4ij\u00e4nne Kokem\u00e4enjoen vesist\u00f6alueSijainti: Laukaan satamaKoneiden yhteisteho: 147 kWKoneiden lukum\u00e4\u00e4r\u00e4: 1 kplMateriaali: alumiiniPropulsio: per\u00e4moottori","og_url":"https:\/\/meripelastus.fi\/laukaa\/toiminta\/alukset\/","og_site_name":"Laukaan J\u00e4rvipelastajat ry","article_modified_time":"2024-01-19T11:02:18+00:00","og_image":[{"width":2200,"height":978,"url":"https:\/\/meripelastus.fi\/laukaa\/wp-content\/uploads\/sites\/23\/2020\/06\/b1.jpg","type":"image\/jpeg"}],"twitter_card":"summary_large_image","twitter_misc":{"Arvioitu lukuaika":"1 minuutti"},"schema":{"@context":"https:\/\/schema.org","@graph":[{"@type":"WebPage","@id":"https:\/\/meripelastus.fi\/laukaa\/toiminta\/alukset\/","url":"https:\/\/meripelastus.fi\/laukaa\/toiminta\/alukset\/","name":"Alukset - Laukaan J\u00e4rvipelastajat ry","isPartOf":{"@id":"https:\/\/meripelastus.fi\/laukaa\/#website"},"primaryImageOfPage":{"@id":"https:\/\/meripelastus.fi\/laukaa\/toiminta\/alukset\/#primaryimage"},"image":{"@id":"https:\/\/meripelastus.fi\/laukaa\/toiminta\/alukset\/#primaryimage"},"thumbnailUrl":"https:\/\/meripelastus.fi\/laukaa\/wp-content\/uploads\/sites\/23\/2020\/06\/b1.jpg","datePublished":"2018-03-19T07:19:10+00:00","dateModified":"2024-01-19T11:02:18+00:00","breadcrumb":{"@id":"https:\/\/meripelastus.fi\/laukaa\/toiminta\/alukset\/#breadcrumb"},"inLanguage":"fi","potentialAction":[{"@type":"ReadAction","target":["https:\/\/meripelastus.fi\/laukaa\/toiminta\/alukset\/"]}]},{"@type":"ImageObject","inLanguage":"fi","@id":"https:\/\/meripelastus.fi\/laukaa\/toiminta\/alukset\/#primaryimage","url":"https:\/\/meripelastus.fi\/laukaa\/wp-content\/uploads\/sites\/23\/2020\/06\/b1.jpg","contentUrl":"https:\/\/meripelastus.fi\/laukaa\/wp-content\/uploads\/sites\/23\/2020\/06\/b1.jpg","width":2200,"height":978},{"@type":"BreadcrumbList","@id":"https:\/\/meripelastus.fi\/laukaa\/toiminta\/alukset\/#breadcrumb","itemListElement":[{"@type":"ListItem","position":1,"name":"Etusivu","item":"https:\/\/meripelastus.fi\/laukaa\/"},{"@type":"ListItem","position":2,"name":"Toiminta","item":"https:\/\/meripelastus.fi\/laukaa\/toiminta\/"},{"@type":"ListItem","position":3,"name":"Alukset"}]},{"@type":"WebSite","@id":"https:\/\/meripelastus.fi\/laukaa\/#website","url":"https:\/\/meripelastus.fi\/laukaa\/","name":"Laukaan J\u00e4rvipelastajat ry","description":"Vapaaehtoiset apunasi vesill\u00e4","potentialAction":[{"@type":"SearchAction","target":{"@type":"EntryPoint","urlTemplate":"https:\/\/meripelastus.fi\/laukaa\/?s={search_term_string}"},"query-input":{"@type":"PropertyValueSpecification","valueRequired":true,"valueName":"search_term_string"}}],"inLanguage":"fi"}]}},"_links":{"self":[{"href":"https:\/\/meripelastus.fi\/laukaa\/wp-json\/wp\/v2\/pages\/26","targetHints":{"allow":["GET"]}}],"collection":[{"href":"https:\/\/meripelastus.fi\/laukaa\/wp-json\/wp\/v2\/pages"}],"about":[{"href":"https:\/\/meripelastus.fi\/laukaa\/wp-json\/wp\/v2\/types\/page"}],"author":[{"embeddable":true,"href":"https:\/\/meripelastus.fi\/laukaa\/wp-json\/wp\/v2\/users\/1"}],"replies":[{"embeddable":true,"href":"https:\/\/meripelastus.fi\/laukaa\/wp-json\/wp\/v2\/comments?post=26"}],"version-history":[{"count":6,"href":"https:\/\/meripelastus.fi\/laukaa\/wp-json\/wp\/v2\/pages\/26\/revisions"}],"predecessor-version":[{"id":419,"href":"https:\/\/meripelastus.fi\/laukaa\/wp-json\/wp\/v2\/pages\/26\/revisions\/419"}],"up":[{"embeddable":true,"href":"https:\/\/meripelastus.fi\/laukaa\/wp-json\/wp\/v2\/pages\/20"}],"wp:featuredmedia":[{"embeddable":true,"href":"https:\/\/meripelastus.fi\/laukaa\/wp-json\/wp\/v2\/media\/321"}],"wp:attachment":[{"href":"https:\/\/meripelastus.fi\/laukaa\/wp-json\/wp\/v2\/media?parent=26"}],"curies":[{"name":"wp","href":"https:\/\/api.w.org\/{rel}","templated":true}]}}