{"id":22,"date":"2018-03-19T09:18:43","date_gmt":"2018-03-19T07:18:43","guid":{"rendered":"http:\/\/basetemplate.smpsyhdistykset.16.testivedos.com\/?page_id=22"},"modified":"2019-06-18T00:43:23","modified_gmt":"2019-06-17T21:43:23","slug":"halytysohje","status":"publish","type":"page","link":"https:\/\/meripelastus.fi\/laukaa\/toiminta\/halytysohje\/","title":{"rendered":"H\u00e4lytysohje"},"content":{"rendered":"<div><span>Sis\u00e4vesill\u00e4 yleinen h\u00e4t\u00e4numero 112<\/span><\/div>\n<div><span>Kiireett\u00f6m\u00e4t teht\u00e4v\u00e4t 040 017 8202\u00a0<\/span><\/div>\n<div><span>\u00a0<\/span><\/div>\n<div><span>Kerro (aluksesi) nimi ja yhteystiedot<\/span><\/div>\n<div><span>Kerro tarkka tapahtumapaikka<\/span><\/div>\n<div><span>Kerro mit\u00e4 on tapahtunut<\/span><\/div>\n<div><span>Montako ihmist\u00e4 on vaarassa, onko loukkaantuneita?<\/span><\/div>\n<div><span>Kerro mit\u00e4 apua tarvitaan<\/span><\/div>\n<div><span>\u00c4l\u00e4 katkaise yhteytt\u00e4 ennen kuin saat luvan.<\/span><\/div>\n","protected":false},"excerpt":{"rendered":"<p>Sis\u00e4vesill\u00e4 yleinen h\u00e4t\u00e4numero 112 Kiireett\u00f6m\u00e4t teht\u00e4v\u00e4t 040 017 8202\u00a0 \u00a0 Kerro (aluksesi) nimi ja yhteystiedot Kerro tarkka tapahtumapaikka Kerro mit\u00e4 on tapahtunut Montako ihmist\u00e4 on vaarassa, onko loukkaantuneita? Kerro mit\u00e4 apua tarvitaan \u00c4l\u00e4 katkaise yhteytt\u00e4 ennen kuin saat luvan.<\/p>\n","protected":false},"author":1,"featured_media":225,"parent":20,"menu_order":0,"comment_status":"closed","ping_status":"closed","template":"","meta":{"_acf_changed":false,"inline_featured_image":false,"footnotes":""},"class_list":["post-22","page","type-page","status-publish","has-post-thumbnail","hentry"],"acf":[],"yoast_head":"<!-- This site is optimized with the Yoast SEO Premium plugin v27.4 (Yoast SEO v27.4) - https:\/\/yoast.com\/product\/yoast-seo-premium-wordpress\/ -->\n<title>H\u00e4lytysohje - Laukaan J\u00e4rvipelastajat ry<\/title>\n<meta name=\"robots\" content=\"index, follow, max-snippet:-1, max-image-preview:large, max-video-preview:-1\" \/>\n<link rel=\"canonical\" href=\"https:\/\/meripelastus.fi\/laukaa\/toiminta\/halytysohje\/\" \/>\n<meta property=\"og:locale\" content=\"fi_FI\" \/>\n<meta property=\"og:type\" content=\"article\" \/>\n<meta property=\"og:title\" content=\"H\u00e4lytysohje\" \/>\n<meta property=\"og:description\" content=\"Sis\u00e4vesill\u00e4 yleinen h\u00e4t\u00e4numero 112 Kiireett\u00f6m\u00e4t teht\u00e4v\u00e4t 040 017 8202\u00a0 \u00a0 Kerro (aluksesi) nimi ja yhteystiedot Kerro tarkka tapahtumapaikka Kerro mit\u00e4 on tapahtunut Montako ihmist\u00e4 on vaarassa, onko loukkaantuneita? Kerro mit\u00e4 apua tarvitaan \u00c4l\u00e4 katkaise yhteytt\u00e4 ennen kuin saat luvan.\" \/>\n<meta property=\"og:url\" content=\"https:\/\/meripelastus.fi\/laukaa\/toiminta\/halytysohje\/\" \/>\n<meta property=\"og:site_name\" content=\"Laukaan J\u00e4rvipelastajat ry\" \/>\n<meta property=\"article:modified_time\" content=\"2019-06-17T21:43:23+00:00\" \/>\n<meta property=\"og:image\" content=\"https:\/\/meripelastus.fi\/laukaa\/wp-content\/uploads\/sites\/23\/2019\/06\/16b.jpg\" \/>\n\t<meta property=\"og:image:width\" content=\"1900\" \/>\n\t<meta property=\"og:image:height\" content=\"418\" \/>\n\t<meta property=\"og:image:type\" content=\"image\/jpeg\" \/>\n<meta name=\"twitter:card\" content=\"summary_large_image\" \/>\n<script type=\"application\/ld+json\" class=\"yoast-schema-graph\">{\"@context\":\"https:\\\/\\\/schema.org\",\"@graph\":[{\"@type\":\"WebPage\",\"@id\":\"https:\\\/\\\/meripelastus.fi\\\/laukaa\\\/toiminta\\\/halytysohje\\\/\",\"url\":\"https:\\\/\\\/meripelastus.fi\\\/laukaa\\\/toiminta\\\/halytysohje\\\/\",\"name\":\"H\u00e4lytysohje - Laukaan J\u00e4rvipelastajat ry\",\"isPartOf\":{\"@id\":\"https:\\\/\\\/meripelastus.fi\\\/laukaa\\\/#website\"},\"primaryImageOfPage\":{\"@id\":\"https:\\\/\\\/meripelastus.fi\\\/laukaa\\\/toiminta\\\/halytysohje\\\/#primaryimage\"},\"image\":{\"@id\":\"https:\\\/\\\/meripelastus.fi\\\/laukaa\\\/toiminta\\\/halytysohje\\\/#primaryimage\"},\"thumbnailUrl\":\"https:\\\/\\\/meripelastus.fi\\\/laukaa\\\/wp-content\\\/uploads\\\/sites\\\/23\\\/2019\\\/06\\\/16b.jpg\",\"datePublished\":\"2018-03-19T07:18:43+00:00\",\"dateModified\":\"2019-06-17T21:43:23+00:00\",\"breadcrumb\":{\"@id\":\"https:\\\/\\\/meripelastus.fi\\\/laukaa\\\/toiminta\\\/halytysohje\\\/#breadcrumb\"},\"inLanguage\":\"fi\",\"potentialAction\":[{\"@type\":\"ReadAction\",\"target\":[\"https:\\\/\\\/meripelastus.fi\\\/laukaa\\\/toiminta\\\/halytysohje\\\/\"]}]},{\"@type\":\"ImageObject\",\"inLanguage\":\"fi\",\"@id\":\"https:\\\/\\\/meripelastus.fi\\\/laukaa\\\/toiminta\\\/halytysohje\\\/#primaryimage\",\"url\":\"https:\\\/\\\/meripelastus.fi\\\/laukaa\\\/wp-content\\\/uploads\\\/sites\\\/23\\\/2019\\\/06\\\/16b.jpg\",\"contentUrl\":\"https:\\\/\\\/meripelastus.fi\\\/laukaa\\\/wp-content\\\/uploads\\\/sites\\\/23\\\/2019\\\/06\\\/16b.jpg\",\"width\":1900,\"height\":418},{\"@type\":\"BreadcrumbList\",\"@id\":\"https:\\\/\\\/meripelastus.fi\\\/laukaa\\\/toiminta\\\/halytysohje\\\/#breadcrumb\",\"itemListElement\":[{\"@type\":\"ListItem\",\"position\":1,\"name\":\"Etusivu\",\"item\":\"https:\\\/\\\/meripelastus.fi\\\/laukaa\\\/\"},{\"@type\":\"ListItem\",\"position\":2,\"name\":\"Toiminta\",\"item\":\"https:\\\/\\\/meripelastus.fi\\\/laukaa\\\/toiminta\\\/\"},{\"@type\":\"ListItem\",\"position\":3,\"name\":\"H\u00e4lytysohje\"}]},{\"@type\":\"WebSite\",\"@id\":\"https:\\\/\\\/meripelastus.fi\\\/laukaa\\\/#website\",\"url\":\"https:\\\/\\\/meripelastus.fi\\\/laukaa\\\/\",\"name\":\"Laukaan J\u00e4rvipelastajat ry\",\"description\":\"Vapaaehtoiset apunasi vesill\u00e4\",\"potentialAction\":[{\"@type\":\"SearchAction\",\"target\":{\"@type\":\"EntryPoint\",\"urlTemplate\":\"https:\\\/\\\/meripelastus.fi\\\/laukaa\\\/?s={search_term_string}\"},\"query-input\":{\"@type\":\"PropertyValueSpecification\",\"valueRequired\":true,\"valueName\":\"search_term_string\"}}],\"inLanguage\":\"fi\"}]}<\/script>\n<!-- \/ Yoast SEO Premium plugin. -->","yoast_head_json":{"title":"H\u00e4lytysohje - Laukaan J\u00e4rvipelastajat ry","robots":{"index":"index","follow":"follow","max-snippet":"max-snippet:-1","max-image-preview":"max-image-preview:large","max-video-preview":"max-video-preview:-1"},"canonical":"https:\/\/meripelastus.fi\/laukaa\/toiminta\/halytysohje\/","og_locale":"fi_FI","og_type":"article","og_title":"H\u00e4lytysohje","og_description":"Sis\u00e4vesill\u00e4 yleinen h\u00e4t\u00e4numero 112 Kiireett\u00f6m\u00e4t teht\u00e4v\u00e4t 040 017 8202\u00a0 \u00a0 Kerro (aluksesi) nimi ja yhteystiedot Kerro tarkka tapahtumapaikka Kerro mit\u00e4 on tapahtunut Montako ihmist\u00e4 on vaarassa, onko loukkaantuneita? Kerro mit\u00e4 apua tarvitaan \u00c4l\u00e4 katkaise yhteytt\u00e4 ennen kuin saat luvan.","og_url":"https:\/\/meripelastus.fi\/laukaa\/toiminta\/halytysohje\/","og_site_name":"Laukaan J\u00e4rvipelastajat ry","article_modified_time":"2019-06-17T21:43:23+00:00","og_image":[{"width":1900,"height":418,"url":"https:\/\/meripelastus.fi\/laukaa\/wp-content\/uploads\/sites\/23\/2019\/06\/16b.jpg","type":"image\/jpeg"}],"twitter_card":"summary_large_image","schema":{"@context":"https:\/\/schema.org","@graph":[{"@type":"WebPage","@id":"https:\/\/meripelastus.fi\/laukaa\/toiminta\/halytysohje\/","url":"https:\/\/meripelastus.fi\/laukaa\/toiminta\/halytysohje\/","name":"H\u00e4lytysohje - Laukaan J\u00e4rvipelastajat ry","isPartOf":{"@id":"https:\/\/meripelastus.fi\/laukaa\/#website"},"primaryImageOfPage":{"@id":"https:\/\/meripelastus.fi\/laukaa\/toiminta\/halytysohje\/#primaryimage"},"image":{"@id":"https:\/\/meripelastus.fi\/laukaa\/toiminta\/halytysohje\/#primaryimage"},"thumbnailUrl":"https:\/\/meripelastus.fi\/laukaa\/wp-content\/uploads\/sites\/23\/2019\/06\/16b.jpg","datePublished":"2018-03-19T07:18:43+00:00","dateModified":"2019-06-17T21:43:23+00:00","breadcrumb":{"@id":"https:\/\/meripelastus.fi\/laukaa\/toiminta\/halytysohje\/#breadcrumb"},"inLanguage":"fi","potentialAction":[{"@type":"ReadAction","target":["https:\/\/meripelastus.fi\/laukaa\/toiminta\/halytysohje\/"]}]},{"@type":"ImageObject","inLanguage":"fi","@id":"https:\/\/meripelastus.fi\/laukaa\/toiminta\/halytysohje\/#primaryimage","url":"https:\/\/meripelastus.fi\/laukaa\/wp-content\/uploads\/sites\/23\/2019\/06\/16b.jpg","contentUrl":"https:\/\/meripelastus.fi\/laukaa\/wp-content\/uploads\/sites\/23\/2019\/06\/16b.jpg","width":1900,"height":418},{"@type":"BreadcrumbList","@id":"https:\/\/meripelastus.fi\/laukaa\/toiminta\/halytysohje\/#breadcrumb","itemListElement":[{"@type":"ListItem","position":1,"name":"Etusivu","item":"https:\/\/meripelastus.fi\/laukaa\/"},{"@type":"ListItem","position":2,"name":"Toiminta","item":"https:\/\/meripelastus.fi\/laukaa\/toiminta\/"},{"@type":"ListItem","position":3,"name":"H\u00e4lytysohje"}]},{"@type":"WebSite","@id":"https:\/\/meripelastus.fi\/laukaa\/#website","url":"https:\/\/meripelastus.fi\/laukaa\/","name":"Laukaan J\u00e4rvipelastajat ry","description":"Vapaaehtoiset apunasi vesill\u00e4","potentialAction":[{"@type":"SearchAction","target":{"@type":"EntryPoint","urlTemplate":"https:\/\/meripelastus.fi\/laukaa\/?s={search_term_string}"},"query-input":{"@type":"PropertyValueSpecification","valueRequired":true,"valueName":"search_term_string"}}],"inLanguage":"fi"}]}},"_links":{"self":[{"href":"https:\/\/meripelastus.fi\/laukaa\/wp-json\/wp\/v2\/pages\/22","targetHints":{"allow":["GET"]}}],"collection":[{"href":"https:\/\/meripelastus.fi\/laukaa\/wp-json\/wp\/v2\/pages"}],"about":[{"href":"https:\/\/meripelastus.fi\/laukaa\/wp-json\/wp\/v2\/types\/page"}],"author":[{"embeddable":true,"href":"https:\/\/meripelastus.fi\/laukaa\/wp-json\/wp\/v2\/users\/1"}],"replies":[{"embeddable":true,"href":"https:\/\/meripelastus.fi\/laukaa\/wp-json\/wp\/v2\/comments?post=22"}],"version-history":[{"count":3,"href":"https:\/\/meripelastus.fi\/laukaa\/wp-json\/wp\/v2\/pages\/22\/revisions"}],"predecessor-version":[{"id":285,"href":"https:\/\/meripelastus.fi\/laukaa\/wp-json\/wp\/v2\/pages\/22\/revisions\/285"}],"up":[{"embeddable":true,"href":"https:\/\/meripelastus.fi\/laukaa\/wp-json\/wp\/v2\/pages\/20"}],"wp:featuredmedia":[{"embeddable":true,"href":"https:\/\/meripelastus.fi\/laukaa\/wp-json\/wp\/v2\/media\/225"}],"wp:attachment":[{"href":"https:\/\/meripelastus.fi\/laukaa\/wp-json\/wp\/v2\/media?parent=22"}],"curies":[{"name":"wp","href":"https:\/\/api.w.org\/{rel}","templated":true}]}}