{"id":8,"date":"2018-03-19T09:16:29","date_gmt":"2018-03-19T07:16:29","guid":{"rendered":"http:\/\/etela-saimaa.smpsyhdistykset.16.testivedos.com\/?page_id=8"},"modified":"2025-05-12T21:35:17","modified_gmt":"2025-05-12T18:35:17","slug":"tietoa-meista","status":"publish","type":"page","link":"https:\/\/meripelastus.fi\/lappeenranta\/suomen-meripelastusseura-etela-saimaa\/tietoa-meista\/","title":{"rendered":"Tietoa meist\u00e4"},"content":{"rendered":"\n<h2 class=\"wp-block-heading\" id=\"h-pelastus-ja-avustustoiminta\">Pelastus- ja avustustoiminta<\/h2>\n\n\n\n<p>Suomen Meripelastusseura Etel\u00e4-Saimaa ry on Suomen Meripelastusseuran j\u00e4senyhdistys. Yhdistyksemme, yll\u00e4pit\u00e4\u00e4 ja turvaa vapaaehtoisvoimin etel\u00e4isell\u00e4 Saimaalla veneilij\u00f6iden ja vesill\u00e4liikkujien turvallisuutta ja avustaa tarvittaessa. Yhdistyksemme alukset ovat avovesikaudella 30min l\u00e4ht\u00f6valmiudessa avustamaan ja pelastamaan Saimaalla avuntarvitsijoita. Teemme yhteisty\u00f6t\u00e4 Etel\u00e4-Karjalan hyvinvointialueen pelastustoimen ja ensihoidon sek\u00e4 Kaakkois-Suomen poliisin kanssa. Yhdistyksemme kouluttaa oman aktiivij\u00e4senist\u00f6n valtakunnallisen koulutusj\u00e4rjestelm\u00e4n mukaan.<\/p>\n\n\n\n<p>Kiireett\u00f6m\u00e4t veneiden tekniset viat sek\u00e4 avustusteht\u00e4v\u00e4t ovat yleisimpi\u00e4 teht\u00e4vi\u00e4 meripelastusyksik\u00f6lle. Olemme Etel\u00e4-Karjalan pelastuslaitoksen sopimusyksikk\u00f6 ja osallistumme ennalta m\u00e4\u00e4ritettyjen h\u00e4lytysvasteiden mukaan pelastus- ja avustusteht\u00e4vien suorittamiseen. Talvikaudella 2022 osa miehist\u00f6st\u00e4mme on kouluttaunut ensiauttajiksi ja olemme Etel\u00e4-Karjalan hyvinvointialueen pelastustoimen ja ensihoidon ensivasteyksikk\u00f6. Osallistumme h\u00e4t\u00e4keskuksen tai ensihoidon kentt\u00e4johtajan h\u00e4lytt\u00e4m\u00e4n\u00e4 ennalta m\u00e4\u00e4ritettyihin teht\u00e4viin ensivasteyksikk\u00f6n\u00e4.<\/p>\n\n\n\n<p>Olemme mukana my\u00f6s Vapaaehtoisen pelastuspalvelun Lappeenrannan osaston toiminnassa. Kuulumalla yhdistykseemme on mahdollisuus p\u00e4\u00e4st\u00e4 my\u00f6s Vapepan koulutuksiin mukaan. Lis\u00e4tietoja tapahtumista ja koulutuksien ajankohdista saat <a href=\"https:\/\/vapepa.fi\/maakuntatoimikunnat\/vapepa-kaakkois-suomi\/\">Vapepan sivuilta.<\/a><\/p>\n\n\n\n<figure class=\"wp-block-image size-large\"><img loading=\"lazy\" decoding=\"async\" width=\"1024\" height=\"667\" src=\"https:\/\/meripelastus.fi\/lappeenranta\/wp-content\/uploads\/sites\/6\/2025\/05\/IMG_5312_1-1-1024x667.jpg\" alt=\"\" class=\"wp-image-1173\" srcset=\"https:\/\/meripelastus.fi\/lappeenranta\/wp-content\/uploads\/sites\/6\/2025\/05\/IMG_5312_1-1-1024x667.jpg 1024w, https:\/\/meripelastus.fi\/lappeenranta\/wp-content\/uploads\/sites\/6\/2025\/05\/IMG_5312_1-1-300x195.jpg 300w, https:\/\/meripelastus.fi\/lappeenranta\/wp-content\/uploads\/sites\/6\/2025\/05\/IMG_5312_1-1-768x500.jpg 768w, https:\/\/meripelastus.fi\/lappeenranta\/wp-content\/uploads\/sites\/6\/2025\/05\/IMG_5312_1-1-1536x1000.jpg 1536w, https:\/\/meripelastus.fi\/lappeenranta\/wp-content\/uploads\/sites\/6\/2025\/05\/IMG_5312_1-1-2048x1334.jpg 2048w\" sizes=\"auto, (max-width: 1024px) 100vw, 1024px\" \/><\/figure>\n\n\n\n<h2 class=\"wp-block-heading\" id=\"h-vuoden-2025-miehisto\">Vuoden 2025 miehist\u00f6:<\/h2>\n\n\n\n<p><strong>Eturivi vasemmalta oikealle:<br><\/strong>Toni Kolhonen, Petrus H\u00e4nninen, Roni Kokkola, Juho Suoknuuti, Mikael Martikka ja Teo Jurvanen<\/p>\n\n\n\n<p><strong>Takarivi vasemmalta oikealle:<\/strong><br>Matias Pekkanen, Eero Scherman, Kari Suhonen, Joona Kokkola, Elias Altarriba, Matias Turunen, Mikko Per\u00e4kyl\u00e4 ja Toni Relander<\/p>\n\n\n\n<p><strong>Kuvasta puuttuvat:<\/strong> Heli Hirvonen, Pekka Jaakkonen, Outi Kolhonen, Ilkka Niemi, Lila Rahikka, Paavo Rikkil\u00e4 ja Petri Turunen.<\/p>\n\n\n\n<h2 class=\"wp-block-heading\" id=\"h-tukikohta\">Tukikohta<\/h2>\n\n\n\n<p>Tukikohtamme ja alusten asemapaikka sijaitsee Lappeenrannan satamassa Rapasaaren vanhassa asemarakennuksessa. Asemalla on asianmukaiset tilat koulutusten j\u00e4rjest\u00e4miseen, m\u00e4rkien varusteiden kuivaamiseen sek\u00e4 jokaiselle miehist\u00f6nj\u00e4senelle on oma varustelokero henkil\u00f6kohtaisille varusteille.<\/p>\n\n\n\n<figure class=\"wp-block-gallery has-nested-images columns-default is-cropped wp-block-gallery-1 is-layout-flex wp-block-gallery-is-layout-flex\">\n<figure class=\"wp-block-image size-large is-style-default\"><a href=\"https:\/\/meripelastus.fi\/lappeenranta\/wp-content\/uploads\/sites\/6\/2025\/04\/asema.jpeg\"><img loading=\"lazy\" decoding=\"async\" width=\"1024\" height=\"770\" data-id=\"1162\" src=\"https:\/\/meripelastus.fi\/lappeenranta\/wp-content\/uploads\/sites\/6\/2025\/04\/asema-1024x770.jpeg\" alt=\"\" class=\"wp-image-1162\" srcset=\"https:\/\/meripelastus.fi\/lappeenranta\/wp-content\/uploads\/sites\/6\/2025\/04\/asema-1024x770.jpeg 1024w, https:\/\/meripelastus.fi\/lappeenranta\/wp-content\/uploads\/sites\/6\/2025\/04\/asema-300x226.jpeg 300w, https:\/\/meripelastus.fi\/lappeenranta\/wp-content\/uploads\/sites\/6\/2025\/04\/asema-768x577.jpeg 768w, https:\/\/meripelastus.fi\/lappeenranta\/wp-content\/uploads\/sites\/6\/2025\/04\/asema-1536x1155.jpeg 1536w, https:\/\/meripelastus.fi\/lappeenranta\/wp-content\/uploads\/sites\/6\/2025\/04\/asema.jpeg 1600w\" sizes=\"auto, (max-width: 1024px) 100vw, 1024px\" \/><\/a><\/figure>\n<\/figure>\n\n\n\n<h2 class=\"wp-block-heading\" id=\"h-\"><a href=\"https:\/\/meripelastus.fi\/lappeenranta\/wp-content\/uploads\/sites\/6\/2018\/06\/YUN00056-1.jpg\"><\/a><\/h2>\n\n\n\n<p><\/p>\n","protected":false},"excerpt":{"rendered":"<p>Pelastus- ja avustustoiminta Suomen Meripelastusseura Etel\u00e4-Saimaa ry on Suomen Meripelastusseuran j\u00e4senyhdistys. Yhdistyksemme, yll\u00e4pit\u00e4\u00e4 ja turvaa vapaaehtoisvoimin etel\u00e4isell\u00e4 Saimaalla veneilij\u00f6iden ja vesill\u00e4liikkujien turvallisuutta ja avustaa tarvittaessa. Yhdistyksemme alukset ovat avovesikaudella 30min l\u00e4ht\u00f6valmiudessa avustamaan ja pelastamaan Saimaalla avuntarvitsijoita. Teemme yhteisty\u00f6t\u00e4 Etel\u00e4-Karjalan hyvinvointialueen pelastustoimen ja ensihoidon sek\u00e4 Kaakkois-Suomen poliisin kanssa. Yhdistyksemme kouluttaa oman aktiivij\u00e4senist\u00f6n valtakunnallisen koulutusj\u00e4rjestelm\u00e4n mukaan. Kiireett\u00f6m\u00e4t [&hellip;]<\/p>\n","protected":false},"author":1,"featured_media":0,"parent":6,"menu_order":0,"comment_status":"closed","ping_status":"closed","template":"","meta":{"_acf_changed":false,"inline_featured_image":false,"footnotes":""},"class_list":["post-8","page","type-page","status-publish","hentry"],"acf":[],"yoast_head":"<!-- This site is optimized with the Yoast SEO Premium plugin v27.2 (Yoast SEO v27.2) - https:\/\/yoast.com\/product\/yoast-seo-premium-wordpress\/ -->\n<title>Tietoa meist\u00e4 - Suomen Meripelastusseura Etel\u00e4-Saimaa<\/title>\n<meta name=\"robots\" content=\"index, follow, max-snippet:-1, max-image-preview:large, max-video-preview:-1\" \/>\n<link rel=\"canonical\" href=\"https:\/\/meripelastus.fi\/lappeenranta\/suomen-meripelastusseura-etela-saimaa\/tietoa-meista\/\" \/>\n<meta property=\"og:locale\" content=\"fi_FI\" \/>\n<meta property=\"og:type\" content=\"article\" \/>\n<meta property=\"og:title\" content=\"Tietoa meist\u00e4\" \/>\n<meta property=\"og:description\" content=\"Pelastus- ja avustustoiminta Suomen Meripelastusseura Etel\u00e4-Saimaa ry on Suomen Meripelastusseuran j\u00e4senyhdistys. Yhdistyksemme, yll\u00e4pit\u00e4\u00e4 ja turvaa vapaaehtoisvoimin etel\u00e4isell\u00e4 Saimaalla veneilij\u00f6iden ja vesill\u00e4liikkujien turvallisuutta ja avustaa tarvittaessa. Yhdistyksemme alukset ovat avovesikaudella 30min l\u00e4ht\u00f6valmiudessa avustamaan ja pelastamaan Saimaalla avuntarvitsijoita. Teemme yhteisty\u00f6t\u00e4 Etel\u00e4-Karjalan hyvinvointialueen pelastustoimen ja ensihoidon sek\u00e4 Kaakkois-Suomen poliisin kanssa. Yhdistyksemme kouluttaa oman aktiivij\u00e4senist\u00f6n valtakunnallisen koulutusj\u00e4rjestelm\u00e4n mukaan. Kiireett\u00f6m\u00e4t [&hellip;]\" \/>\n<meta property=\"og:url\" content=\"https:\/\/meripelastus.fi\/lappeenranta\/suomen-meripelastusseura-etela-saimaa\/tietoa-meista\/\" \/>\n<meta property=\"og:site_name\" content=\"Suomen Meripelastusseura Etel\u00e4-Saimaa\" \/>\n<meta property=\"article:modified_time\" content=\"2025-05-12T18:35:17+00:00\" \/>\n<meta property=\"og:image\" content=\"https:\/\/meripelastus.fi\/lappeenranta\/wp-content\/uploads\/sites\/6\/2025\/05\/IMG_5312_1-1-scaled.jpg\" \/>\n\t<meta property=\"og:image:width\" content=\"2560\" \/>\n\t<meta property=\"og:image:height\" content=\"1667\" \/>\n\t<meta property=\"og:image:type\" content=\"image\/jpeg\" \/>\n<meta name=\"twitter:card\" content=\"summary_large_image\" \/>\n<meta name=\"twitter:label1\" content=\"Arvioitu lukuaika\" \/>\n\t<meta name=\"twitter:data1\" content=\"2 minuuttia\" \/>\n<script type=\"application\/ld+json\" class=\"yoast-schema-graph\">{\"@context\":\"https:\/\/schema.org\",\"@graph\":[{\"@type\":\"WebPage\",\"@id\":\"https:\/\/meripelastus.fi\/lappeenranta\/suomen-meripelastusseura-etela-saimaa\/tietoa-meista\/\",\"url\":\"https:\/\/meripelastus.fi\/lappeenranta\/suomen-meripelastusseura-etela-saimaa\/tietoa-meista\/\",\"name\":\"Tietoa meist\u00e4 - Suomen Meripelastusseura Etel\u00e4-Saimaa\",\"isPartOf\":{\"@id\":\"https:\/\/meripelastus.fi\/lappeenranta\/#website\"},\"primaryImageOfPage\":{\"@id\":\"https:\/\/meripelastus.fi\/lappeenranta\/suomen-meripelastusseura-etela-saimaa\/tietoa-meista\/#primaryimage\"},\"image\":{\"@id\":\"https:\/\/meripelastus.fi\/lappeenranta\/suomen-meripelastusseura-etela-saimaa\/tietoa-meista\/#primaryimage\"},\"thumbnailUrl\":\"https:\/\/meripelastus.fi\/lappeenranta\/wp-content\/uploads\/sites\/6\/2025\/05\/IMG_5312_1-1-1024x667.jpg\",\"datePublished\":\"2018-03-19T07:16:29+00:00\",\"dateModified\":\"2025-05-12T18:35:17+00:00\",\"breadcrumb\":{\"@id\":\"https:\/\/meripelastus.fi\/lappeenranta\/suomen-meripelastusseura-etela-saimaa\/tietoa-meista\/#breadcrumb\"},\"inLanguage\":\"fi\",\"potentialAction\":[{\"@type\":\"ReadAction\",\"target\":[\"https:\/\/meripelastus.fi\/lappeenranta\/suomen-meripelastusseura-etela-saimaa\/tietoa-meista\/\"]}]},{\"@type\":\"ImageObject\",\"inLanguage\":\"fi\",\"@id\":\"https:\/\/meripelastus.fi\/lappeenranta\/suomen-meripelastusseura-etela-saimaa\/tietoa-meista\/#primaryimage\",\"url\":\"https:\/\/meripelastus.fi\/lappeenranta\/wp-content\/uploads\/sites\/6\/2025\/05\/IMG_5312_1-1-scaled.jpg\",\"contentUrl\":\"https:\/\/meripelastus.fi\/lappeenranta\/wp-content\/uploads\/sites\/6\/2025\/05\/IMG_5312_1-1-scaled.jpg\",\"width\":2560,\"height\":1667},{\"@type\":\"BreadcrumbList\",\"@id\":\"https:\/\/meripelastus.fi\/lappeenranta\/suomen-meripelastusseura-etela-saimaa\/tietoa-meista\/#breadcrumb\",\"itemListElement\":[{\"@type\":\"ListItem\",\"position\":1,\"name\":\"Etusivu\",\"item\":\"https:\/\/meripelastus.fi\/lappeenranta\/\"},{\"@type\":\"ListItem\",\"position\":2,\"name\":\"Suomen Meripelastusseura Etel\u00e4-Saimaa\",\"item\":\"https:\/\/meripelastus.fi\/lappeenranta\/?page_id=6\"},{\"@type\":\"ListItem\",\"position\":3,\"name\":\"Tietoa meist\u00e4\"}]},{\"@type\":\"WebSite\",\"@id\":\"https:\/\/meripelastus.fi\/lappeenranta\/#website\",\"url\":\"https:\/\/meripelastus.fi\/lappeenranta\/\",\"name\":\"Suomen Meripelastusseura Etel\u00e4-Saimaa\",\"description\":\"Vapaaehtoiset apunasi vesill\u00e4\",\"potentialAction\":[{\"@type\":\"SearchAction\",\"target\":{\"@type\":\"EntryPoint\",\"urlTemplate\":\"https:\/\/meripelastus.fi\/lappeenranta\/?s={search_term_string}\"},\"query-input\":{\"@type\":\"PropertyValueSpecification\",\"valueRequired\":true,\"valueName\":\"search_term_string\"}}],\"inLanguage\":\"fi\"}]}<\/script>\n<!-- \/ Yoast SEO Premium plugin. -->","yoast_head_json":{"title":"Tietoa meist\u00e4 - Suomen Meripelastusseura Etel\u00e4-Saimaa","robots":{"index":"index","follow":"follow","max-snippet":"max-snippet:-1","max-image-preview":"max-image-preview:large","max-video-preview":"max-video-preview:-1"},"canonical":"https:\/\/meripelastus.fi\/lappeenranta\/suomen-meripelastusseura-etela-saimaa\/tietoa-meista\/","og_locale":"fi_FI","og_type":"article","og_title":"Tietoa meist\u00e4","og_description":"Pelastus- ja avustustoiminta Suomen Meripelastusseura Etel\u00e4-Saimaa ry on Suomen Meripelastusseuran j\u00e4senyhdistys. Yhdistyksemme, yll\u00e4pit\u00e4\u00e4 ja turvaa vapaaehtoisvoimin etel\u00e4isell\u00e4 Saimaalla veneilij\u00f6iden ja vesill\u00e4liikkujien turvallisuutta ja avustaa tarvittaessa. Yhdistyksemme alukset ovat avovesikaudella 30min l\u00e4ht\u00f6valmiudessa avustamaan ja pelastamaan Saimaalla avuntarvitsijoita. Teemme yhteisty\u00f6t\u00e4 Etel\u00e4-Karjalan hyvinvointialueen pelastustoimen ja ensihoidon sek\u00e4 Kaakkois-Suomen poliisin kanssa. Yhdistyksemme kouluttaa oman aktiivij\u00e4senist\u00f6n valtakunnallisen koulutusj\u00e4rjestelm\u00e4n mukaan. Kiireett\u00f6m\u00e4t [&hellip;]","og_url":"https:\/\/meripelastus.fi\/lappeenranta\/suomen-meripelastusseura-etela-saimaa\/tietoa-meista\/","og_site_name":"Suomen Meripelastusseura Etel\u00e4-Saimaa","article_modified_time":"2025-05-12T18:35:17+00:00","og_image":[{"width":2560,"height":1667,"url":"https:\/\/meripelastus.fi\/lappeenranta\/wp-content\/uploads\/sites\/6\/2025\/05\/IMG_5312_1-1-scaled.jpg","type":"image\/jpeg"}],"twitter_card":"summary_large_image","twitter_misc":{"Arvioitu lukuaika":"2 minuuttia"},"schema":{"@context":"https:\/\/schema.org","@graph":[{"@type":"WebPage","@id":"https:\/\/meripelastus.fi\/lappeenranta\/suomen-meripelastusseura-etela-saimaa\/tietoa-meista\/","url":"https:\/\/meripelastus.fi\/lappeenranta\/suomen-meripelastusseura-etela-saimaa\/tietoa-meista\/","name":"Tietoa meist\u00e4 - Suomen Meripelastusseura Etel\u00e4-Saimaa","isPartOf":{"@id":"https:\/\/meripelastus.fi\/lappeenranta\/#website"},"primaryImageOfPage":{"@id":"https:\/\/meripelastus.fi\/lappeenranta\/suomen-meripelastusseura-etela-saimaa\/tietoa-meista\/#primaryimage"},"image":{"@id":"https:\/\/meripelastus.fi\/lappeenranta\/suomen-meripelastusseura-etela-saimaa\/tietoa-meista\/#primaryimage"},"thumbnailUrl":"https:\/\/meripelastus.fi\/lappeenranta\/wp-content\/uploads\/sites\/6\/2025\/05\/IMG_5312_1-1-1024x667.jpg","datePublished":"2018-03-19T07:16:29+00:00","dateModified":"2025-05-12T18:35:17+00:00","breadcrumb":{"@id":"https:\/\/meripelastus.fi\/lappeenranta\/suomen-meripelastusseura-etela-saimaa\/tietoa-meista\/#breadcrumb"},"inLanguage":"fi","potentialAction":[{"@type":"ReadAction","target":["https:\/\/meripelastus.fi\/lappeenranta\/suomen-meripelastusseura-etela-saimaa\/tietoa-meista\/"]}]},{"@type":"ImageObject","inLanguage":"fi","@id":"https:\/\/meripelastus.fi\/lappeenranta\/suomen-meripelastusseura-etela-saimaa\/tietoa-meista\/#primaryimage","url":"https:\/\/meripelastus.fi\/lappeenranta\/wp-content\/uploads\/sites\/6\/2025\/05\/IMG_5312_1-1-scaled.jpg","contentUrl":"https:\/\/meripelastus.fi\/lappeenranta\/wp-content\/uploads\/sites\/6\/2025\/05\/IMG_5312_1-1-scaled.jpg","width":2560,"height":1667},{"@type":"BreadcrumbList","@id":"https:\/\/meripelastus.fi\/lappeenranta\/suomen-meripelastusseura-etela-saimaa\/tietoa-meista\/#breadcrumb","itemListElement":[{"@type":"ListItem","position":1,"name":"Etusivu","item":"https:\/\/meripelastus.fi\/lappeenranta\/"},{"@type":"ListItem","position":2,"name":"Suomen Meripelastusseura Etel\u00e4-Saimaa","item":"https:\/\/meripelastus.fi\/lappeenranta\/?page_id=6"},{"@type":"ListItem","position":3,"name":"Tietoa meist\u00e4"}]},{"@type":"WebSite","@id":"https:\/\/meripelastus.fi\/lappeenranta\/#website","url":"https:\/\/meripelastus.fi\/lappeenranta\/","name":"Suomen Meripelastusseura Etel\u00e4-Saimaa","description":"Vapaaehtoiset apunasi vesill\u00e4","potentialAction":[{"@type":"SearchAction","target":{"@type":"EntryPoint","urlTemplate":"https:\/\/meripelastus.fi\/lappeenranta\/?s={search_term_string}"},"query-input":{"@type":"PropertyValueSpecification","valueRequired":true,"valueName":"search_term_string"}}],"inLanguage":"fi"}]}},"_links":{"self":[{"href":"https:\/\/meripelastus.fi\/lappeenranta\/wp-json\/wp\/v2\/pages\/8","targetHints":{"allow":["GET"]}}],"collection":[{"href":"https:\/\/meripelastus.fi\/lappeenranta\/wp-json\/wp\/v2\/pages"}],"about":[{"href":"https:\/\/meripelastus.fi\/lappeenranta\/wp-json\/wp\/v2\/types\/page"}],"author":[{"embeddable":true,"href":"https:\/\/meripelastus.fi\/lappeenranta\/wp-json\/wp\/v2\/users\/1"}],"replies":[{"embeddable":true,"href":"https:\/\/meripelastus.fi\/lappeenranta\/wp-json\/wp\/v2\/comments?post=8"}],"version-history":[{"count":59,"href":"https:\/\/meripelastus.fi\/lappeenranta\/wp-json\/wp\/v2\/pages\/8\/revisions"}],"predecessor-version":[{"id":1174,"href":"https:\/\/meripelastus.fi\/lappeenranta\/wp-json\/wp\/v2\/pages\/8\/revisions\/1174"}],"up":[{"embeddable":true,"href":"https:\/\/meripelastus.fi\/lappeenranta\/wp-json\/wp\/v2\/pages\/6"}],"wp:attachment":[{"href":"https:\/\/meripelastus.fi\/lappeenranta\/wp-json\/wp\/v2\/media?parent=8"}],"curies":[{"name":"wp","href":"https:\/\/api.w.org\/{rel}","templated":true}]}}