{"id":794,"date":"2022-08-27T13:12:02","date_gmt":"2022-08-27T10:12:02","guid":{"rendered":"https:\/\/meripelastus.fi\/lappeenranta\/?page_id=794"},"modified":"2023-06-16T22:34:32","modified_gmt":"2023-06-16T19:34:32","slug":"hietsu-vek1083","status":"publish","type":"page","link":"https:\/\/meripelastus.fi\/lappeenranta\/hietsu-vek1083\/","title":{"rendered":"Hietsu \/ VEK1083"},"content":{"rendered":"<p><span>Hietsu soveltuu matalissa ja karikkoisissa paikoissa suoritettaviin etsint\u00e4-, pelastus-, ja ensivasteteht\u00e4viin. \u00a0<\/span><span>\u00a0L\u00e4ht\u00f6aika on 30 minuuttia ja Saimaalla ollessa v\u00e4lit\u00f6n. Hietsu on sijoitettuna Rapasaareen joka sijaitsee Lappeenrannan sataman yhteydess\u00e4.<\/span><\/p>\n<p><span><b>Ominaisuudet <\/b><\/span><\/p>\n<p>&#8211; Valmistaja: Sea Doo<br \/>\n&#8211; Malli: GTI SE 170<br \/>\n&#8211; Koneteho: 125 kW<br \/>\n&#8211; Rakennettu: 2022<br \/>\n&#8211; Propulsio: vesisuihku<br \/>\n<span>&#8211; Nopeus: 50 solmua<\/span><\/p>\n<p><span><\/span><span>&#8211; Pituus: 3,32m<br \/>\n<\/span><span>&#8211; Leveys: 1,25m<\/span><span><br \/>\n<\/span><span><br \/>\n&#8211; Miehitys: 1+1 henk.<\/span><\/p>\n<p><span><b>Varustus: <\/b><\/span><\/p>\n<p><span>&#8211; Ensiapuvarustus<\/span><span><br \/>\n<\/span><span>&#8211; Karttaplotteri<br \/>\n<\/span><\/p>\n<p><span><b>Viestiyhteydet: <\/b><\/span><\/p>\n<p><span>&#8211; Meri-VHF<br \/>\n<\/span><span>&#8211; Virve<br \/>\n<\/span>&#8211; GSM<\/p>\n<p><a href=\"https:\/\/meripelastuslpr.kuvat.fi\/kuvat\/Alukset\/Av+Hietsu\/\" target=\"_blank\" rel=\"noopener noreferrer\"><span>Kuvia aluksesta<\/span><\/a><\/p>\n<p>&nbsp;<\/p>\n","protected":false},"excerpt":{"rendered":"<p>Hietsu soveltuu matalissa ja karikkoisissa paikoissa suoritettaviin etsint\u00e4-, pelastus-, ja ensivasteteht\u00e4viin. \u00a0\u00a0L\u00e4ht\u00f6aika on 30 minuuttia ja Saimaalla ollessa v\u00e4lit\u00f6n. Hietsu on sijoitettuna Rapasaareen joka sijaitsee Lappeenrannan sataman yhteydess\u00e4. Ominaisuudet &#8211; Valmistaja: Sea Doo &#8211; Malli: GTI SE 170 &#8211; Koneteho: 125 kW &#8211; Rakennettu: 2022 &#8211; Propulsio: vesisuihku &#8211; Nopeus: 50 solmua &#8211; Pituus: 3,32m [&hellip;]<\/p>\n","protected":false},"author":10,"featured_media":903,"parent":0,"menu_order":0,"comment_status":"closed","ping_status":"closed","template":"","meta":{"_acf_changed":false,"inline_featured_image":false,"footnotes":""},"class_list":["post-794","page","type-page","status-publish","has-post-thumbnail","hentry"],"acf":[],"yoast_head":"<!-- This site is optimized with the Yoast SEO Premium plugin v27.4 (Yoast SEO v27.4) - https:\/\/yoast.com\/product\/yoast-seo-premium-wordpress\/ -->\n<title>Hietsu \/ VEK1083 - Suomen Meripelastusseura Etel\u00e4-Saimaa<\/title>\n<meta name=\"robots\" content=\"index, follow, max-snippet:-1, max-image-preview:large, max-video-preview:-1\" \/>\n<link rel=\"canonical\" href=\"https:\/\/meripelastus.fi\/lappeenranta\/hietsu-vek1083\/\" \/>\n<meta property=\"og:locale\" content=\"fi_FI\" \/>\n<meta property=\"og:type\" content=\"article\" \/>\n<meta property=\"og:title\" content=\"Hietsu \/ VEK1083\" \/>\n<meta property=\"og:description\" content=\"Hietsu soveltuu matalissa ja karikkoisissa paikoissa suoritettaviin etsint\u00e4-, pelastus-, ja ensivasteteht\u00e4viin. \u00a0\u00a0L\u00e4ht\u00f6aika on 30 minuuttia ja Saimaalla ollessa v\u00e4lit\u00f6n. Hietsu on sijoitettuna Rapasaareen joka sijaitsee Lappeenrannan sataman yhteydess\u00e4. Ominaisuudet &#8211; Valmistaja: Sea Doo &#8211; Malli: GTI SE 170 &#8211; Koneteho: 125 kW &#8211; Rakennettu: 2022 &#8211; Propulsio: vesisuihku &#8211; Nopeus: 50 solmua &#8211; Pituus: 3,32m [&hellip;]\" \/>\n<meta property=\"og:url\" content=\"https:\/\/meripelastus.fi\/lappeenranta\/hietsu-vek1083\/\" \/>\n<meta property=\"og:site_name\" content=\"Suomen Meripelastusseura Etel\u00e4-Saimaa\" \/>\n<meta property=\"article:modified_time\" content=\"2023-06-16T19:34:32+00:00\" \/>\n<meta property=\"og:image\" content=\"https:\/\/meripelastus.fi\/lappeenranta\/wp-content\/uploads\/sites\/6\/2023\/06\/IMG_1720_1-1.jpg\" \/>\n\t<meta property=\"og:image:width\" content=\"2000\" \/>\n\t<meta property=\"og:image:height\" content=\"1333\" \/>\n\t<meta property=\"og:image:type\" content=\"image\/jpeg\" \/>\n<meta name=\"twitter:card\" content=\"summary_large_image\" \/>\n<meta name=\"twitter:label1\" content=\"Arvioitu lukuaika\" \/>\n\t<meta name=\"twitter:data1\" content=\"1 minuutti\" \/>\n<script type=\"application\/ld+json\" class=\"yoast-schema-graph\">{\"@context\":\"https:\\\/\\\/schema.org\",\"@graph\":[{\"@type\":\"WebPage\",\"@id\":\"https:\\\/\\\/meripelastus.fi\\\/lappeenranta\\\/hietsu-vek1083\\\/\",\"url\":\"https:\\\/\\\/meripelastus.fi\\\/lappeenranta\\\/hietsu-vek1083\\\/\",\"name\":\"Hietsu \\\/ VEK1083 - Suomen Meripelastusseura Etel\u00e4-Saimaa\",\"isPartOf\":{\"@id\":\"https:\\\/\\\/meripelastus.fi\\\/lappeenranta\\\/#website\"},\"primaryImageOfPage\":{\"@id\":\"https:\\\/\\\/meripelastus.fi\\\/lappeenranta\\\/hietsu-vek1083\\\/#primaryimage\"},\"image\":{\"@id\":\"https:\\\/\\\/meripelastus.fi\\\/lappeenranta\\\/hietsu-vek1083\\\/#primaryimage\"},\"thumbnailUrl\":\"https:\\\/\\\/meripelastus.fi\\\/lappeenranta\\\/wp-content\\\/uploads\\\/sites\\\/6\\\/2023\\\/06\\\/IMG_1720_1-1.jpg\",\"datePublished\":\"2022-08-27T10:12:02+00:00\",\"dateModified\":\"2023-06-16T19:34:32+00:00\",\"breadcrumb\":{\"@id\":\"https:\\\/\\\/meripelastus.fi\\\/lappeenranta\\\/hietsu-vek1083\\\/#breadcrumb\"},\"inLanguage\":\"fi\",\"potentialAction\":[{\"@type\":\"ReadAction\",\"target\":[\"https:\\\/\\\/meripelastus.fi\\\/lappeenranta\\\/hietsu-vek1083\\\/\"]}]},{\"@type\":\"ImageObject\",\"inLanguage\":\"fi\",\"@id\":\"https:\\\/\\\/meripelastus.fi\\\/lappeenranta\\\/hietsu-vek1083\\\/#primaryimage\",\"url\":\"https:\\\/\\\/meripelastus.fi\\\/lappeenranta\\\/wp-content\\\/uploads\\\/sites\\\/6\\\/2023\\\/06\\\/IMG_1720_1-1.jpg\",\"contentUrl\":\"https:\\\/\\\/meripelastus.fi\\\/lappeenranta\\\/wp-content\\\/uploads\\\/sites\\\/6\\\/2023\\\/06\\\/IMG_1720_1-1.jpg\",\"width\":2000,\"height\":1333},{\"@type\":\"BreadcrumbList\",\"@id\":\"https:\\\/\\\/meripelastus.fi\\\/lappeenranta\\\/hietsu-vek1083\\\/#breadcrumb\",\"itemListElement\":[{\"@type\":\"ListItem\",\"position\":1,\"name\":\"Etusivu\",\"item\":\"https:\\\/\\\/meripelastus.fi\\\/lappeenranta\\\/\"},{\"@type\":\"ListItem\",\"position\":2,\"name\":\"Hietsu \\\/ VEK1083\"}]},{\"@type\":\"WebSite\",\"@id\":\"https:\\\/\\\/meripelastus.fi\\\/lappeenranta\\\/#website\",\"url\":\"https:\\\/\\\/meripelastus.fi\\\/lappeenranta\\\/\",\"name\":\"Suomen Meripelastusseura Etel\u00e4-Saimaa\",\"description\":\"Vapaaehtoiset apunasi vesill\u00e4\",\"potentialAction\":[{\"@type\":\"SearchAction\",\"target\":{\"@type\":\"EntryPoint\",\"urlTemplate\":\"https:\\\/\\\/meripelastus.fi\\\/lappeenranta\\\/?s={search_term_string}\"},\"query-input\":{\"@type\":\"PropertyValueSpecification\",\"valueRequired\":true,\"valueName\":\"search_term_string\"}}],\"inLanguage\":\"fi\"}]}<\/script>\n<!-- \/ Yoast SEO Premium plugin. -->","yoast_head_json":{"title":"Hietsu \/ VEK1083 - Suomen Meripelastusseura Etel\u00e4-Saimaa","robots":{"index":"index","follow":"follow","max-snippet":"max-snippet:-1","max-image-preview":"max-image-preview:large","max-video-preview":"max-video-preview:-1"},"canonical":"https:\/\/meripelastus.fi\/lappeenranta\/hietsu-vek1083\/","og_locale":"fi_FI","og_type":"article","og_title":"Hietsu \/ VEK1083","og_description":"Hietsu soveltuu matalissa ja karikkoisissa paikoissa suoritettaviin etsint\u00e4-, pelastus-, ja ensivasteteht\u00e4viin. \u00a0\u00a0L\u00e4ht\u00f6aika on 30 minuuttia ja Saimaalla ollessa v\u00e4lit\u00f6n. Hietsu on sijoitettuna Rapasaareen joka sijaitsee Lappeenrannan sataman yhteydess\u00e4. Ominaisuudet &#8211; Valmistaja: Sea Doo &#8211; Malli: GTI SE 170 &#8211; Koneteho: 125 kW &#8211; Rakennettu: 2022 &#8211; Propulsio: vesisuihku &#8211; Nopeus: 50 solmua &#8211; Pituus: 3,32m [&hellip;]","og_url":"https:\/\/meripelastus.fi\/lappeenranta\/hietsu-vek1083\/","og_site_name":"Suomen Meripelastusseura Etel\u00e4-Saimaa","article_modified_time":"2023-06-16T19:34:32+00:00","og_image":[{"width":2000,"height":1333,"url":"https:\/\/meripelastus.fi\/lappeenranta\/wp-content\/uploads\/sites\/6\/2023\/06\/IMG_1720_1-1.jpg","type":"image\/jpeg"}],"twitter_card":"summary_large_image","twitter_misc":{"Arvioitu lukuaika":"1 minuutti"},"schema":{"@context":"https:\/\/schema.org","@graph":[{"@type":"WebPage","@id":"https:\/\/meripelastus.fi\/lappeenranta\/hietsu-vek1083\/","url":"https:\/\/meripelastus.fi\/lappeenranta\/hietsu-vek1083\/","name":"Hietsu \/ VEK1083 - Suomen Meripelastusseura Etel\u00e4-Saimaa","isPartOf":{"@id":"https:\/\/meripelastus.fi\/lappeenranta\/#website"},"primaryImageOfPage":{"@id":"https:\/\/meripelastus.fi\/lappeenranta\/hietsu-vek1083\/#primaryimage"},"image":{"@id":"https:\/\/meripelastus.fi\/lappeenranta\/hietsu-vek1083\/#primaryimage"},"thumbnailUrl":"https:\/\/meripelastus.fi\/lappeenranta\/wp-content\/uploads\/sites\/6\/2023\/06\/IMG_1720_1-1.jpg","datePublished":"2022-08-27T10:12:02+00:00","dateModified":"2023-06-16T19:34:32+00:00","breadcrumb":{"@id":"https:\/\/meripelastus.fi\/lappeenranta\/hietsu-vek1083\/#breadcrumb"},"inLanguage":"fi","potentialAction":[{"@type":"ReadAction","target":["https:\/\/meripelastus.fi\/lappeenranta\/hietsu-vek1083\/"]}]},{"@type":"ImageObject","inLanguage":"fi","@id":"https:\/\/meripelastus.fi\/lappeenranta\/hietsu-vek1083\/#primaryimage","url":"https:\/\/meripelastus.fi\/lappeenranta\/wp-content\/uploads\/sites\/6\/2023\/06\/IMG_1720_1-1.jpg","contentUrl":"https:\/\/meripelastus.fi\/lappeenranta\/wp-content\/uploads\/sites\/6\/2023\/06\/IMG_1720_1-1.jpg","width":2000,"height":1333},{"@type":"BreadcrumbList","@id":"https:\/\/meripelastus.fi\/lappeenranta\/hietsu-vek1083\/#breadcrumb","itemListElement":[{"@type":"ListItem","position":1,"name":"Etusivu","item":"https:\/\/meripelastus.fi\/lappeenranta\/"},{"@type":"ListItem","position":2,"name":"Hietsu \/ VEK1083"}]},{"@type":"WebSite","@id":"https:\/\/meripelastus.fi\/lappeenranta\/#website","url":"https:\/\/meripelastus.fi\/lappeenranta\/","name":"Suomen Meripelastusseura Etel\u00e4-Saimaa","description":"Vapaaehtoiset apunasi vesill\u00e4","potentialAction":[{"@type":"SearchAction","target":{"@type":"EntryPoint","urlTemplate":"https:\/\/meripelastus.fi\/lappeenranta\/?s={search_term_string}"},"query-input":{"@type":"PropertyValueSpecification","valueRequired":true,"valueName":"search_term_string"}}],"inLanguage":"fi"}]}},"_links":{"self":[{"href":"https:\/\/meripelastus.fi\/lappeenranta\/wp-json\/wp\/v2\/pages\/794","targetHints":{"allow":["GET"]}}],"collection":[{"href":"https:\/\/meripelastus.fi\/lappeenranta\/wp-json\/wp\/v2\/pages"}],"about":[{"href":"https:\/\/meripelastus.fi\/lappeenranta\/wp-json\/wp\/v2\/types\/page"}],"author":[{"embeddable":true,"href":"https:\/\/meripelastus.fi\/lappeenranta\/wp-json\/wp\/v2\/users\/10"}],"replies":[{"embeddable":true,"href":"https:\/\/meripelastus.fi\/lappeenranta\/wp-json\/wp\/v2\/comments?post=794"}],"version-history":[{"count":8,"href":"https:\/\/meripelastus.fi\/lappeenranta\/wp-json\/wp\/v2\/pages\/794\/revisions"}],"predecessor-version":[{"id":865,"href":"https:\/\/meripelastus.fi\/lappeenranta\/wp-json\/wp\/v2\/pages\/794\/revisions\/865"}],"wp:featuredmedia":[{"embeddable":true,"href":"https:\/\/meripelastus.fi\/lappeenranta\/wp-json\/wp\/v2\/media\/903"}],"wp:attachment":[{"href":"https:\/\/meripelastus.fi\/lappeenranta\/wp-json\/wp\/v2\/media?parent=794"}],"curies":[{"name":"wp","href":"https:\/\/api.w.org\/{rel}","templated":true}]}}