{"id":51,"date":"2018-03-19T09:24:37","date_gmt":"2018-03-19T07:24:37","guid":{"rendered":"http:\/\/etela-saimaa.smpsyhdistykset.16.testivedos.com\/?page_id=51"},"modified":"2026-01-01T22:04:28","modified_gmt":"2026-01-01T20:04:28","slug":"yhteystiedot","status":"publish","type":"page","link":"https:\/\/meripelastus.fi\/lappeenranta\/yhteystiedot\/","title":{"rendered":"Yhteystiedot"},"content":{"rendered":"<p>Pikisaarenkatu 21<br \/>\nc\/o Rapasaaren asema<br \/>\n53900 Lappeenranta<br \/>\nPuhelin: 0400 553 544 (p\u00e4ivystys)<br \/>\nS\u00e4hk\u00f6posti: lappeenranta @ messi.meripelastus.fi (poista v\u00e4lily\u00f6nnit)<\/p>\n<p>Facebook: <a href=\"https:\/\/www.facebook.com\/lappeenranta.meripelastus\/\">Suomen Meripelastusseura Etel\u00e4-Saimaa ry<\/a><br \/>\nInstagram: <a href=\"https:\/\/www.instagram.com\/meripelastus_lappeenranta\/\">@meripelastus_lappeenranta<\/a><br \/>\nTwitter: <a href=\"https:\/\/twitter.com\/SARLappeenranta\">@SARLappeenranta<\/a><\/p>\n<p><img loading=\"lazy\" decoding=\"async\" class=\"alignnone wp-image-373\" src=\"https:\/\/meripelastus.fi\/lappeenranta\/wp-content\/uploads\/sites\/6\/2018\/06\/elias-225x300.jpg\" alt=\"\" width=\"150\" height=\"200\" \/><\/p>\n<p><strong>Puheenjohtaja<\/strong><br \/>\nElias Altarriba<br \/>\n050 352 1789<br \/>\npj.lappeenranta @ messi.meripelastus.fi<\/p>\n<p><strong>Varapuheenjohtaja<\/strong><br \/>\nToni Relander<br \/>\n0400 947 919<br \/>\nvpj.lappeenranta @ messi.meripelastus.fi<\/p>\n<p><strong>Hallituksen j\u00e4senet<br \/>\n<\/strong>Pekka Jaakkonen<br \/>\nEero Scherman<br \/>\nMihhail Tsaika<br \/>\nHeli Vainio<\/p>\n<p><strong>Hallituksen varaj\u00e4senet<br \/>\n<\/strong>Matias Pekkanen<br \/>\nHannu Puranen<\/p>\n<p><strong>Valmiuteen liittyv\u00e4t asiat:<\/strong><br \/>\nToni Kolhonen<br \/>\n040 7055 430<br \/>\ntai<br \/>\nElias Altarriba<br \/>\n050 352 1789<br \/>\nvalmius.lappeenranta @ messi.meripelastus.fi<\/p>\n<p><img loading=\"lazy\" decoding=\"async\" class=\"alignnone wp-image-522\" src=\"https:\/\/meripelastus.fi\/lappeenranta\/wp-content\/uploads\/sites\/6\/2019\/03\/IMG_0491-232x300.jpg\" alt=\"\" width=\"150\" height=\"194\" srcset=\"https:\/\/meripelastus.fi\/lappeenranta\/wp-content\/uploads\/sites\/6\/2019\/03\/IMG_0491-232x300.jpg 232w, https:\/\/meripelastus.fi\/lappeenranta\/wp-content\/uploads\/sites\/6\/2019\/03\/IMG_0491-768x994.jpg 768w, https:\/\/meripelastus.fi\/lappeenranta\/wp-content\/uploads\/sites\/6\/2019\/03\/IMG_0491.jpg 773w\" sizes=\"auto, (max-width: 150px) 100vw, 150px\" \/><\/p>\n<p><strong>Koulutusvastaava ja Webmaster<\/strong><br \/>\nToni Kolhonen<br \/>\n040 7055 430<br \/>\nkoulutus.lappeenranta @ messi.meripelastus.fi<br \/>\nwebmaster.lappeenranta @ messi.meripelastus.fi<\/p>\n<p><strong>Asemarakennusvastaava<\/strong><br \/>\nToni Relander<\/p>\n","protected":false},"excerpt":{"rendered":"<p>Pikisaarenkatu 21 c\/o Rapasaaren asema 53900 Lappeenranta Puhelin: 0400 553 544 (p\u00e4ivystys) S\u00e4hk\u00f6posti: lappeenranta @ messi.meripelastus.fi (poista v\u00e4lily\u00f6nnit) Facebook: Suomen Meripelastusseura Etel\u00e4-Saimaa ry Instagram: @meripelastus_lappeenranta Twitter: @SARLappeenranta Puheenjohtaja Elias Altarriba 050 352 1789 pj.lappeenranta @ messi.meripelastus.fi Varapuheenjohtaja Toni Relander 0400 947 919 vpj.lappeenranta @ messi.meripelastus.fi Hallituksen j\u00e4senet Pekka Jaakkonen Eero Scherman Mihhail Tsaika Heli Vainio [&hellip;]<\/p>\n","protected":false},"author":1,"featured_media":0,"parent":0,"menu_order":4,"comment_status":"closed","ping_status":"closed","template":"","meta":{"_acf_changed":false,"inline_featured_image":false,"footnotes":""},"class_list":["post-51","page","type-page","status-publish","hentry"],"acf":[],"yoast_head":"<!-- This site is optimized with the Yoast SEO Premium plugin v27.2 (Yoast SEO v27.2) - https:\/\/yoast.com\/product\/yoast-seo-premium-wordpress\/ -->\n<title>Yhteystiedot - Suomen Meripelastusseura Etel\u00e4-Saimaa<\/title>\n<meta name=\"robots\" content=\"index, follow, max-snippet:-1, max-image-preview:large, max-video-preview:-1\" \/>\n<link rel=\"canonical\" href=\"https:\/\/meripelastus.fi\/lappeenranta\/yhteystiedot\/\" \/>\n<meta property=\"og:locale\" content=\"fi_FI\" \/>\n<meta property=\"og:type\" content=\"article\" \/>\n<meta property=\"og:title\" content=\"Yhteystiedot\" \/>\n<meta property=\"og:description\" content=\"Pikisaarenkatu 21 c\/o Rapasaaren asema 53900 Lappeenranta Puhelin: 0400 553 544 (p\u00e4ivystys) S\u00e4hk\u00f6posti: lappeenranta @ messi.meripelastus.fi (poista v\u00e4lily\u00f6nnit) Facebook: Suomen Meripelastusseura Etel\u00e4-Saimaa ry Instagram: @meripelastus_lappeenranta Twitter: @SARLappeenranta Puheenjohtaja Elias Altarriba 050 352 1789 pj.lappeenranta @ messi.meripelastus.fi Varapuheenjohtaja Toni Relander 0400 947 919 vpj.lappeenranta @ messi.meripelastus.fi Hallituksen j\u00e4senet Pekka Jaakkonen Eero Scherman Mihhail Tsaika Heli Vainio [&hellip;]\" \/>\n<meta property=\"og:url\" content=\"https:\/\/meripelastus.fi\/lappeenranta\/yhteystiedot\/\" \/>\n<meta property=\"og:site_name\" content=\"Suomen Meripelastusseura Etel\u00e4-Saimaa\" \/>\n<meta property=\"article:modified_time\" content=\"2026-01-01T20:04:28+00:00\" \/>\n<meta property=\"og:image\" content=\"https:\/\/meripelastus.fi\/lappeenranta\/wp-content\/uploads\/sites\/6\/2018\/06\/elias-e1529145684946.jpg\" \/>\n\t<meta property=\"og:image:width\" content=\"150\" \/>\n\t<meta property=\"og:image:height\" content=\"200\" \/>\n\t<meta property=\"og:image:type\" content=\"image\/jpeg\" \/>\n<meta name=\"twitter:card\" content=\"summary_large_image\" \/>\n<meta name=\"twitter:label1\" content=\"Arvioitu lukuaika\" \/>\n\t<meta name=\"twitter:data1\" content=\"1 minuutti\" \/>\n<script type=\"application\/ld+json\" class=\"yoast-schema-graph\">{\"@context\":\"https:\/\/schema.org\",\"@graph\":[{\"@type\":\"WebPage\",\"@id\":\"https:\/\/meripelastus.fi\/lappeenranta\/yhteystiedot\/\",\"url\":\"https:\/\/meripelastus.fi\/lappeenranta\/yhteystiedot\/\",\"name\":\"Yhteystiedot - Suomen Meripelastusseura Etel\u00e4-Saimaa\",\"isPartOf\":{\"@id\":\"https:\/\/meripelastus.fi\/lappeenranta\/#website\"},\"primaryImageOfPage\":{\"@id\":\"https:\/\/meripelastus.fi\/lappeenranta\/yhteystiedot\/#primaryimage\"},\"image\":{\"@id\":\"https:\/\/meripelastus.fi\/lappeenranta\/yhteystiedot\/#primaryimage\"},\"thumbnailUrl\":\"https:\/\/meripelastus.fi\/lappeenranta\/wp-content\/uploads\/sites\/6\/2018\/06\/elias-225x300.jpg\",\"datePublished\":\"2018-03-19T07:24:37+00:00\",\"dateModified\":\"2026-01-01T20:04:28+00:00\",\"breadcrumb\":{\"@id\":\"https:\/\/meripelastus.fi\/lappeenranta\/yhteystiedot\/#breadcrumb\"},\"inLanguage\":\"fi\",\"potentialAction\":[{\"@type\":\"ReadAction\",\"target\":[\"https:\/\/meripelastus.fi\/lappeenranta\/yhteystiedot\/\"]}]},{\"@type\":\"ImageObject\",\"inLanguage\":\"fi\",\"@id\":\"https:\/\/meripelastus.fi\/lappeenranta\/yhteystiedot\/#primaryimage\",\"url\":\"https:\/\/meripelastus.fi\/lappeenranta\/wp-content\/uploads\/sites\/6\/2018\/06\/elias-225x300.jpg\",\"contentUrl\":\"https:\/\/meripelastus.fi\/lappeenranta\/wp-content\/uploads\/sites\/6\/2018\/06\/elias-225x300.jpg\"},{\"@type\":\"BreadcrumbList\",\"@id\":\"https:\/\/meripelastus.fi\/lappeenranta\/yhteystiedot\/#breadcrumb\",\"itemListElement\":[{\"@type\":\"ListItem\",\"position\":1,\"name\":\"Etusivu\",\"item\":\"https:\/\/meripelastus.fi\/lappeenranta\/\"},{\"@type\":\"ListItem\",\"position\":2,\"name\":\"Yhteystiedot\"}]},{\"@type\":\"WebSite\",\"@id\":\"https:\/\/meripelastus.fi\/lappeenranta\/#website\",\"url\":\"https:\/\/meripelastus.fi\/lappeenranta\/\",\"name\":\"Suomen Meripelastusseura Etel\u00e4-Saimaa\",\"description\":\"Vapaaehtoiset apunasi vesill\u00e4\",\"potentialAction\":[{\"@type\":\"SearchAction\",\"target\":{\"@type\":\"EntryPoint\",\"urlTemplate\":\"https:\/\/meripelastus.fi\/lappeenranta\/?s={search_term_string}\"},\"query-input\":{\"@type\":\"PropertyValueSpecification\",\"valueRequired\":true,\"valueName\":\"search_term_string\"}}],\"inLanguage\":\"fi\"}]}<\/script>\n<!-- \/ Yoast SEO Premium plugin. -->","yoast_head_json":{"title":"Yhteystiedot - Suomen Meripelastusseura Etel\u00e4-Saimaa","robots":{"index":"index","follow":"follow","max-snippet":"max-snippet:-1","max-image-preview":"max-image-preview:large","max-video-preview":"max-video-preview:-1"},"canonical":"https:\/\/meripelastus.fi\/lappeenranta\/yhteystiedot\/","og_locale":"fi_FI","og_type":"article","og_title":"Yhteystiedot","og_description":"Pikisaarenkatu 21 c\/o Rapasaaren asema 53900 Lappeenranta Puhelin: 0400 553 544 (p\u00e4ivystys) S\u00e4hk\u00f6posti: lappeenranta @ messi.meripelastus.fi (poista v\u00e4lily\u00f6nnit) Facebook: Suomen Meripelastusseura Etel\u00e4-Saimaa ry Instagram: @meripelastus_lappeenranta Twitter: @SARLappeenranta Puheenjohtaja Elias Altarriba 050 352 1789 pj.lappeenranta @ messi.meripelastus.fi Varapuheenjohtaja Toni Relander 0400 947 919 vpj.lappeenranta @ messi.meripelastus.fi Hallituksen j\u00e4senet Pekka Jaakkonen Eero Scherman Mihhail Tsaika Heli Vainio [&hellip;]","og_url":"https:\/\/meripelastus.fi\/lappeenranta\/yhteystiedot\/","og_site_name":"Suomen Meripelastusseura Etel\u00e4-Saimaa","article_modified_time":"2026-01-01T20:04:28+00:00","og_image":[{"width":150,"height":200,"url":"https:\/\/meripelastus.fi\/lappeenranta\/wp-content\/uploads\/sites\/6\/2018\/06\/elias-e1529145684946.jpg","type":"image\/jpeg"}],"twitter_card":"summary_large_image","twitter_misc":{"Arvioitu lukuaika":"1 minuutti"},"schema":{"@context":"https:\/\/schema.org","@graph":[{"@type":"WebPage","@id":"https:\/\/meripelastus.fi\/lappeenranta\/yhteystiedot\/","url":"https:\/\/meripelastus.fi\/lappeenranta\/yhteystiedot\/","name":"Yhteystiedot - Suomen Meripelastusseura Etel\u00e4-Saimaa","isPartOf":{"@id":"https:\/\/meripelastus.fi\/lappeenranta\/#website"},"primaryImageOfPage":{"@id":"https:\/\/meripelastus.fi\/lappeenranta\/yhteystiedot\/#primaryimage"},"image":{"@id":"https:\/\/meripelastus.fi\/lappeenranta\/yhteystiedot\/#primaryimage"},"thumbnailUrl":"https:\/\/meripelastus.fi\/lappeenranta\/wp-content\/uploads\/sites\/6\/2018\/06\/elias-225x300.jpg","datePublished":"2018-03-19T07:24:37+00:00","dateModified":"2026-01-01T20:04:28+00:00","breadcrumb":{"@id":"https:\/\/meripelastus.fi\/lappeenranta\/yhteystiedot\/#breadcrumb"},"inLanguage":"fi","potentialAction":[{"@type":"ReadAction","target":["https:\/\/meripelastus.fi\/lappeenranta\/yhteystiedot\/"]}]},{"@type":"ImageObject","inLanguage":"fi","@id":"https:\/\/meripelastus.fi\/lappeenranta\/yhteystiedot\/#primaryimage","url":"https:\/\/meripelastus.fi\/lappeenranta\/wp-content\/uploads\/sites\/6\/2018\/06\/elias-225x300.jpg","contentUrl":"https:\/\/meripelastus.fi\/lappeenranta\/wp-content\/uploads\/sites\/6\/2018\/06\/elias-225x300.jpg"},{"@type":"BreadcrumbList","@id":"https:\/\/meripelastus.fi\/lappeenranta\/yhteystiedot\/#breadcrumb","itemListElement":[{"@type":"ListItem","position":1,"name":"Etusivu","item":"https:\/\/meripelastus.fi\/lappeenranta\/"},{"@type":"ListItem","position":2,"name":"Yhteystiedot"}]},{"@type":"WebSite","@id":"https:\/\/meripelastus.fi\/lappeenranta\/#website","url":"https:\/\/meripelastus.fi\/lappeenranta\/","name":"Suomen Meripelastusseura Etel\u00e4-Saimaa","description":"Vapaaehtoiset apunasi vesill\u00e4","potentialAction":[{"@type":"SearchAction","target":{"@type":"EntryPoint","urlTemplate":"https:\/\/meripelastus.fi\/lappeenranta\/?s={search_term_string}"},"query-input":{"@type":"PropertyValueSpecification","valueRequired":true,"valueName":"search_term_string"}}],"inLanguage":"fi"}]}},"_links":{"self":[{"href":"https:\/\/meripelastus.fi\/lappeenranta\/wp-json\/wp\/v2\/pages\/51","targetHints":{"allow":["GET"]}}],"collection":[{"href":"https:\/\/meripelastus.fi\/lappeenranta\/wp-json\/wp\/v2\/pages"}],"about":[{"href":"https:\/\/meripelastus.fi\/lappeenranta\/wp-json\/wp\/v2\/types\/page"}],"author":[{"embeddable":true,"href":"https:\/\/meripelastus.fi\/lappeenranta\/wp-json\/wp\/v2\/users\/1"}],"replies":[{"embeddable":true,"href":"https:\/\/meripelastus.fi\/lappeenranta\/wp-json\/wp\/v2\/comments?post=51"}],"version-history":[{"count":50,"href":"https:\/\/meripelastus.fi\/lappeenranta\/wp-json\/wp\/v2\/pages\/51\/revisions"}],"predecessor-version":[{"id":1219,"href":"https:\/\/meripelastus.fi\/lappeenranta\/wp-json\/wp\/v2\/pages\/51\/revisions\/1219"}],"wp:attachment":[{"href":"https:\/\/meripelastus.fi\/lappeenranta\/wp-json\/wp\/v2\/media?parent=51"}],"curies":[{"name":"wp","href":"https:\/\/api.w.org\/{rel}","templated":true}]}}