{"id":505,"date":"2018-12-25T21:39:24","date_gmt":"2018-12-25T19:39:24","guid":{"rendered":"https:\/\/meripelastus.fi\/lappeenranta\/?page_id=505"},"modified":"2018-12-25T21:40:50","modified_gmt":"2018-12-25T19:40:50","slug":"rekisteriseloste","status":"publish","type":"page","link":"https:\/\/meripelastus.fi\/lappeenranta\/suomen-meripelastusseura-etela-saimaa\/rekisteriseloste\/","title":{"rendered":"Rekisteriseloste"},"content":{"rendered":"<div class=\"page\" title=\"Page 1\">\n<div class=\"layoutArea\">\n<div class=\"column\">\n<p><span>Suomen Meripelastusseura Etel\u00e4-Saimaa ry:n rekisteri &#8211; ja tietosuojaseloste<\/span><\/p>\n<p><span>23.5.2018<\/span><\/p>\n<p><span>Suomen Meripelastusseura Etel\u00e4-Saimaa ry noudattaa tietosuoja-asioissaan ja rekisterien k\u00e4sittelyss\u00e4 EU:n tietosuoja-asetusta (GDPR) sek\u00e4 soveltuvaa kansallista lains\u00e4\u00e4d\u00e4nt\u00f6\u00e4. Rekisterinpit\u00e4j\u00e4ll\u00e4 on tietosuoja-asetuksen mukaan velvollisuus informoida selke\u00e4ll\u00e4 tavalla rekister\u00f6ityj\u00e4. T\u00e4m\u00e4 seloste t\u00e4ytt\u00e4\u00e4 informointivelvoitteen.<\/span><\/p>\n<p><span>Tietosuojaselosteen p\u00e4\u00e4kohdat:<\/span><\/p>\n<ol>\n<li><span>Rekisterinpit\u00e4j\u00e4<\/span><\/li>\n<li><span>Rekister\u00f6idyt<\/span><\/li>\n<li><span>Rekisterin pit\u00e4misen peruste ja k\u00e4ytt\u00f6tarkoitus<\/span><\/li>\n<li><span>Rekisteriin tallennettavat henkil\u00f6tiedot<\/span><\/li>\n<li><span>Rekister\u00f6idyn oikeudet<\/span><\/li>\n<li><span>S\u00e4\u00e4nn\u00f6nmukaiset tietol\u00e4hteet<\/span><\/li>\n<li><span>S\u00e4\u00e4nn\u00f6nmukaiset tietojen luovutukset<\/span><\/li>\n<li><span>K\u00e4sittelyn kesto<\/span><\/li>\n<li><span>Henkil\u00f6tietojen k\u00e4sittelij\u00e4t<\/span><\/li>\n<li><span>Tietojen siirto EU:n ulkopuolelle<\/span><\/li>\n<li><span>Tietoturva<\/span><\/li>\n<li><span>Automaattinen p\u00e4\u00e4t\u00f6ksenteko ja profilointi<\/span><\/li>\n<li><span>Yhteydenotto<\/span><\/li>\n<li><span>Muutokset t\u00e4h\u00e4n tietosuojaselosteeseen<\/span><\/li>\n<\/ol>\n<p><span>1. Rekisterinpit\u00e4j\u00e4<\/span><\/p>\n<p><span>Suomen Meripelastusseura Etel\u00e4-Saimaa ry (Y-tunnus 1077861-7)<\/span><\/p>\n<p><span>Yhteystiedot: Pikisaarenkatu 21 53900 Lappeenranta<\/span><\/p>\n<p><span>puh. 0400 553544<br \/>\ns\u00e4hk\u00f6posti: pj.lappeenranta@messi.meripelastus.fi<\/span><\/p>\n<p><span>2. Rekister\u00f6idyt<\/span><\/p>\n<p><span>Rekisteriss\u00e4 k\u00e4sitell\u00e4\u00e4n asiakkaiden, potentiaalisten asiakkaiden, j\u00e4senien, ty\u00f6ntekij\u00f6iden, luottamushenkil\u00f6iden, yhteisty\u00f6kumppaneiden sek\u00e4 vapaaehtoiseksi, kilpailuihin ja arvontoihin sek\u00e4 tapahtumiin ilmoittautuneiden tai osallistuneiden henkil\u00f6tietoja.<\/span><\/p>\n<p><span>3. Rekisterin pit\u00e4misen peruste ja k\u00e4ytt\u00f6tarkoitus<\/span><\/p>\n<p><span>Suomen Meripelastusseura Etel\u00e4-Saimaa ry:n henkil\u00f6tietojen k\u00e4sittelyn tarkoituksena on asiakas- ja sidosryhm\u00e4suhteiden tai muiden niihin verrattavien suhteiden sek\u00e4 niist\u00e4 johtuvien velvoitteiden hoitaminen; Suomen Meripelastusseura Etel\u00e4-Saimaa ry:n nykyisten ja tulevien palveluiden ja\/tai tuotteiden suunnittelun, toteutuksen, yll\u00e4pidon ja edelleen kehitt\u00e4misen mahdollistaminen sek\u00e4 lis\u00e4arvon luominen Suomen Meripelastusseura Etel\u00e4-Saimaa ry:lle; asiakas- ja sidosryhm\u00e4yhteydenpito; markkinointitoimenpiteiden suorittaminen; sek\u00e4 mielipide- ja markkinointitutkimus.<\/span><\/p>\n<p><span>Henkil\u00f6tietoja k\u00e4sitell\u00e4\u00e4n vain Suomen Meripelastusseura Etel\u00e4-Saimaa ry:n omien s\u00e4\u00e4nt\u00f6jen sallimissa rekistereiss\u00e4 yhdistyksen s\u00e4\u00e4nt\u00f6m\u00e4\u00e4r\u00e4isen toiminnan sujuvuuden mahdollistamiseksi.<\/span><\/p>\n<\/div>\n<\/div>\n<\/div>\n<div class=\"page\" title=\"Page 2\">\n<div class=\"layoutArea\">\n<div class=\"column\">\n<p><span>4. Rekisteriin tallennettavat henkil\u00f6tiedot<\/span><\/p>\n<p><span>Rekisteri voi pit\u00e4\u00e4 sis\u00e4ll\u00e4\u00e4n seuraavia henkil\u00f6tietoja:<\/span><\/p>\n<ul>\n<li><span>koko nimi ja yhteystiedot (esim. postiosoite, s\u00e4hk\u00f6postiosoite, puhelinnumero sek\u00e4 maa);<\/span><\/li>\n<li><span>yksil\u00f6intitiedot (esim. sukupuoli ja syntym\u00e4vuosi);<\/span><\/li>\n<li><span>asiakkuuden ja sidosryhm\u00e4suhteen hoitamiseksi tarpeelliset tiedot (esim. asiakasnumero,<\/span><span>asiakasryhm\u00e4, \u00e4idinkieli, uutiskirjeen l\u00e4hetysmuoto ja \u2013aika, lahjoitus- ja maksutiedot,<\/span><span>pankkitilitiedot sek\u00e4 asiointia koskevat muut tarpeelliset tiedot);<\/span><\/li>\n<li><span>laitetta tai yhteytt\u00e4 koskevat tiedot (kuten kuten www-sivuston osoitteet, laitetunnus, MAC-<\/span><span>osoite, laitteistomalli, k\u00e4ytt\u00f6j\u00e4rjestelm\u00e4 sek\u00e4 IP-osoite); sek\u00e4<\/span><\/li>\n<li><span>muut Suomen Meripelastusseura Etel\u00e4-Saimaa ry:n j\u00e4rjest\u00e4mien tapahtumien, kampanjoiden,<\/span><span>luottamushenkil\u00f6toiminnan, vapaaehtoistoiminnan ja tukemisen asianmukaisen ja onnistuneen j\u00e4rjest\u00e4misen sek\u00e4 niihin osallistumisen kannalta tarpeelliset tiedot.<\/span><span>5. Rekister\u00f6idyn oikeudet<\/span>\n<p><span>Rekister\u00f6idyll\u00e4 on seuraavat oikeudet, joiden k\u00e4ytt\u00e4mist\u00e4 koskevat pyynn\u00f6t tulee tehd\u00e4 osoitteeseen<\/span><span>pj.lappeenranta@messi.meripelastus.fi<\/span><span>, tai kirjallisesti osoitteeseen:<br \/>\nSuomen Meripelastusseura Etel\u00e4-Saimaa ry, Pikisaarenkatu 21, 53900 Lappeenranta.<\/span><\/p>\n<p><span>Tarkastusoikeus<\/span><\/p>\n<p><span>Rekister\u00f6ity voi tarkastaa rekisteriin tallennetut henkil\u00f6tiedot.<\/span><\/p>\n<p><span>Oikeus tietojen oikaisemiseen<\/span><\/p>\n<p><span>Rekister\u00f6ity voi pyyt\u00e4\u00e4 oikaisemaan h\u00e4nt\u00e4 koskevat virheelliset, puutteelliset ja\/tai vanhentuneet tiedot.<\/span><\/p>\n<p><span>Vastustamisoikeus<\/span><\/p>\n<p><span>Rekister\u00f6ity voi vastustaa henkil\u00f6tietojen k\u00e4sittely\u00e4, mik\u00e4li kokee, ett\u00e4 henkil\u00f6tietoja on k\u00e4sitelty lainvastaisesti.<\/span><\/p>\n<p><span>Suoramarkkinointikielto<\/span><\/p>\n<p><span>Rekister\u00f6idyll\u00e4 on oikeus kielt\u00e4\u00e4 tietojen k\u00e4ytt\u00e4minen suoramarkkinointiin.<\/span><\/p>\n<p><span>Poisto-oikeus<\/span><\/p>\n<p><span>Rekister\u00f6idyll\u00e4 on oikeus pyyt\u00e4\u00e4 tietojen poistamista, jos tietojen k\u00e4sittely ei ole tarpeen. Suomen Meripelastusseura Etel\u00e4-Saimaa ry k\u00e4sittelee poistopyynn\u00f6n, jonka j\u00e4lkeen joko tiedot poistetaan ilman aiheetonta viivytyst\u00e4 tai ilmoitetaan perusteltu syy, miksi tietoja ei voida poistaa.<\/span><\/p>\n<p><span>On huomioitava, ett\u00e4 rekisterinpit\u00e4j\u00e4ll\u00e4 voi olla lakis\u00e4\u00e4teinen tai muu oikeus olla poistamatta pyydetty\u00e4 tietoa. Rekisterinpit\u00e4j\u00e4ll\u00e4 on velvollisuus s\u00e4ilytt\u00e4\u00e4 kirjanpitoaineisto Kirjanpitolaissa (luku 2, 10 \u00a7) m\u00e4\u00e4ritellyn ajan (10 vuotta) mukaisesti. T\u00e4m\u00e4n vuoksi kirjanpitoon liittyv\u00e4\u00e4 aineistoa ei voida poistaa ennen m\u00e4\u00e4r\u00e4ajan umpeutumista.<\/span><\/p>\n<p><span>Suostumuksen peruuttaminen<\/span><\/p>\n<p><span>Jos rekister\u00f6ity\u00e4 koskeva henkil\u00f6tietojen k\u00e4sittely perustuu ainoastaan suostumukseen, eik\u00e4 esim. asiakkuuteen tai j\u00e4senyyteen, voi rekister\u00f6ity peruuttaa suostumuksen.<\/span><\/p>\n<p><span>Valitusoikeus<\/span><\/p>\n<p><span>Rekister\u00f6idyll\u00e4 on oikeus tehd\u00e4 tietosuojavaltuutetulle kantelu, jos h\u00e4n kokee, ett\u00e4 henkil\u00f6tietoja k\u00e4sitelt\u00e4ess\u00e4 rikotaan lakia tai voimassa olevaa tietosuojalains\u00e4\u00e4d\u00e4nt\u00f6\u00e4.<br \/>\nTietosuojavaltuutetun yhteystiedot: <\/span><span>www.tietosuoja.fi\/fi\/index\/yhteystiedot.html<\/span><\/li>\n<\/ul>\n<\/div>\n<\/div>\n<\/div>\n<div class=\"page\" title=\"Page 3\">\n<div class=\"layoutArea\">\n<div class=\"column\">\n<p><span>Rekister\u00f6idyll\u00e4 on oikeus vaatia kiistanalaisten tietojen k\u00e4sittelyn rajoittamista siksi aikaa, kunnes asia saadaan ratkaistua.<\/span><\/p>\n<p><span>6. S\u00e4\u00e4nn\u00f6nmukaiset tietol\u00e4hteet<\/span><\/p>\n<p><span>Rekisteriin ker\u00e4tt\u00e4v\u00e4t henkil\u00f6tiedot ovat p\u00e4\u00e4asiassa rekister\u00f6idyn itsens\u00e4 Suomen Meripelastusseura Etel\u00e4-Saimaa ry:lle antamia tietoja tai verkkosivuston k\u00e4yt\u00f6st\u00e4 muodostettuja tietoja. Tietoja saadaan rekister\u00f6idylt\u00e4 mm. www-lomakkeilla, s\u00e4hk\u00f6postitse, puhelimitse, sosiaalisen median palvelujen kautta, sopimuksista, asiakastapaamisista, Messi-tietokannasta tai vastaavista tilaisuuksista ja muista tilanteista joissa henkil\u00f6 luovuttaa tietojaan.<\/span><\/p>\n<p><span>Suomen Meripelastusseura Etel\u00e4-Saimaa ry ker\u00e4\u00e4 henkil\u00f6tietoja suoraan esimerkiksi seuraavissa yhteyksiss\u00e4:<\/span><\/p>\n<ul>\n<li><span>Suomen Meripelastusseura Etel\u00e4-Saimaa ry:n verkkosivuston kautta<\/span><\/li>\n<li><span>Materiaalia tilattaessa, palautetta annettaessa tai muutoin Suomen Meripelastusseura Etel\u00e4-<\/span><span>Saimaa ry:een yhteydess\u00e4 oltaessa<\/span><\/li>\n<li><span>Ilmoittautuessa Suomen Meripelastusseura Etel\u00e4-Saimaa ry:n j\u00e4rjest\u00e4m\u00e4\u00e4n toimintaan,<\/span><span>tapahtumiin, kampanjoihin, vapaaehtoistoimintaan ja tukemiseen<\/span><\/li>\n<li><span>Suomen Meripelastusseura Etel\u00e4-Saimaa ry:n j\u00e4rjest\u00e4miin kilpailuihin ja arvontoihin<\/span><span>Mik\u00e4li rekisteriin annetaan muita kuin rekister\u00f6ity\u00e4 itse\u00e4\u00e4n koskevia tietoja, tulee tiedonantajan vakuuttaa, ett\u00e4 h\u00e4nell\u00e4 on oikeus t\u00e4llaisten tietojen ilmoittamiseen.<\/span><span>7. S\u00e4\u00e4nn\u00f6nmukaiset tietojen luovutukset<\/span>\n<p><span>Tietoja ei p\u00e4\u00e4s\u00e4\u00e4nt\u00f6isesti luovuteta markkinointitarkoituksiin Suomen Meripelastusseura Etel\u00e4- Saimaa ry:n ulkopuolelle. Henkil\u00f6tietoja luovutetaan ainoastaan toimivaltaisten viranomaisten tai muiden tahojen esitt\u00e4mien vaatimusten edellytt\u00e4m\u00e4ll\u00e4, kulloinkin voimassaolevaan lains\u00e4\u00e4d\u00e4nt\u00f6\u00f6n perustuvalla tavalla tai mik\u00e4li Suomen Meripelastusseura Etel\u00e4-Saimaa ry katsoo muutoin harkintansa perusteella olevan perusteltu syy tietojen luovuttamiseen.<\/span><\/p>\n<p><span>8. K\u00e4sittelyn kesto<\/span><\/p>\n<p><span>Henkil\u00f6tietoja s\u00e4ilytet\u00e4\u00e4n vain niin kauan kuin on tarpeen kohdassa 3 m\u00e4\u00e4riteltyjen tarkoitusten toteuttamiseksi kulloinkin voimassaolevan lains\u00e4\u00e4d\u00e4nn\u00f6n mukaisesti.<\/span><\/p>\n<p><span>9. Henkil\u00f6tietojen k\u00e4sittelij\u00e4t<\/span><\/p>\n<p><span>Suomen Meripelastusseura Etel\u00e4-Saimaa ry:n kanssa sopimussuhteessa olevat henkil\u00f6t voivat sopimukseen perustuen k\u00e4sitell\u00e4 henkil\u00f6tietoja kulloinkin voimassaolevan lains\u00e4\u00e4d\u00e4nn\u00f6n ja sopimuksen asettamien ehtojen mukaisesti. Henkil\u00f6tietojen k\u00e4sittely voidaan sopimuksella ulkoistaa kolmannelle osapuolelle, kuten esimerkiksi tilitoimistolle.<\/span><\/p>\n<p><span>Suomen Meripelastusseura Etel\u00e4-Saimaa ry on antanut j\u00e4senrekisterins\u00e4 yll\u00e4pidon kattoj\u00e4rjest\u00f6ns\u00e4 Suomen Meripelastusseura ry:n teht\u00e4v\u00e4ksi.<\/span><\/p>\n<p><span>10. Tietojen siirto EU:n ulkopuolelle<\/span><\/p>\n<p><span>Henkil\u00f6tietoja ei p\u00e4\u00e4s\u00e4\u00e4nt\u00f6isesti siirret\u00e4 EU:n tai Euroopan talousalueen ulkopuolelle, ellei se ole henkil\u00f6tietojen k\u00e4sittelyn tarkoituksien tai tietojen k\u00e4sittelyn teknisen toteuttamisen kannalta tarpeellista, jolloin tietojen siirrossa noudatetaan henkil\u00f6tietolains\u00e4\u00e4d\u00e4nn\u00f6n vaatimuksia.<\/span><\/p>\n<p><span>11. Tietoturva<\/span><\/p>\n<p><span>Suomen Meripelastusseura Etel\u00e4-Saimaa ry pyrkii kohtuullisin teknisin ja organisatorisin toimin suojelemaan henkil\u00f6tietoja esimerkiksi luvattomalta p\u00e4\u00e4sylt\u00e4, vahingossa tai laittomasti tapahtuvalta tietojen h\u00e4vitt\u00e4miselt\u00e4, v\u00e4\u00e4rink\u00e4yt\u00f6kselt\u00e4, siirt\u00e4miselt\u00e4, luovuttamiselta tai muulta laittomalta k\u00e4sittelylt\u00e4.<\/span><\/li>\n<\/ul>\n<\/div>\n<\/div>\n<\/div>\n<div class=\"page\" title=\"Page 4\">\n<div class=\"layoutArea\">\n<div class=\"column\">\n<p><span>Suomen Meripelastusseura Etel\u00e4-Saimaa ry rajoittaa henkil\u00f6tietoja k\u00e4sittelevien henkil\u00f6iden piiri\u00e4 niin, ett\u00e4 tietoihin p\u00e4\u00e4sev\u00e4t k\u00e4siksi vain ne Suomen Meripelastusseura Etel\u00e4-Saimaa ry:n toimijat, joiden on teht\u00e4viens\u00e4 perusteella tarpeellista k\u00e4sitell\u00e4 henkil\u00f6tietoja. S\u00e4hk\u00f6iset rekisterit ja niihin tallennetut tiedot on suojattu yksil\u00f6llisin k\u00e4ytt\u00e4j\u00e4tunnuksin ja salasanoin. Manuaalinen aineisto s\u00e4ilytet\u00e4\u00e4n lukitussa tilassa.<\/span><\/p>\n<p><span>Tietoturvaloukkauksista ilmoitetaan rekister\u00f6idylle sek\u00e4 toimivaltaiselle valvontaviranomaiselle.<\/span><\/p>\n<p><span>12. Automaattinen p\u00e4\u00e4t\u00f6ksenteko ja profilointi<\/span><\/p>\n<p><span>Henkil\u00f6tietoja ei k\u00e4ytet\u00e4 automaattiseen p\u00e4\u00e4t\u00f6ksentekoon tai profilointiin.<\/span><\/p>\n<p><span>13. Yhteydenotto<\/span><\/p>\n<p><span>Rekister\u00f6idyn oikeuksien k\u00e4ytt\u00e4mist\u00e4 koskevat pyynn\u00f6t, kysymykset t\u00e4st\u00e4 tietosuojaselosteesta ja muut yhteydenotot tulee tehd\u00e4 ensi sijassa s\u00e4hk\u00f6postitse osoitteeseen pj.lappeenranta@messi.meripelastus.fi tai kirjallisesti osoitteeseen:<\/span><\/p>\n<p><span>Suomen Meripelastusseura Etel\u00e4-Saimaa ry Pikisaarenkatu 21<br \/>\n53900 Lappeenranta<\/span><\/p>\n<p><span>14. Muutokset t\u00e4h\u00e4n tietosuojaselosteeseen<\/span><\/p>\n<p><span>Suomen Meripelastusseura Etel\u00e4-Saimaa ry kehitt\u00e4\u00e4 toimintaansa jatkuvasti ja pid\u00e4tt\u00e4\u00e4 itsell\u00e4\u00e4n oikeuden muuttaa t\u00e4t\u00e4 tietosuojaselostetta. Muutokset voivat perustua my\u00f6s lains\u00e4\u00e4d\u00e4nn\u00f6n muuttumiseen. Suomen Meripelastusseura Etel\u00e4-Saimaa ry suosittelee tutustumaan tietosuojaselosteen sis\u00e4lt\u00f6\u00f6n s\u00e4\u00e4nn\u00f6llisesti.<\/span><\/p>\n<\/div>\n<\/div>\n<\/div>\n","protected":false},"excerpt":{"rendered":"<p>Suomen Meripelastusseura Etel\u00e4-Saimaa ry:n rekisteri &#8211; ja tietosuojaseloste 23.5.2018 Suomen Meripelastusseura Etel\u00e4-Saimaa ry noudattaa tietosuoja-asioissaan ja rekisterien k\u00e4sittelyss\u00e4 EU:n tietosuoja-asetusta (GDPR) sek\u00e4 soveltuvaa kansallista lains\u00e4\u00e4d\u00e4nt\u00f6\u00e4. Rekisterinpit\u00e4j\u00e4ll\u00e4 on tietosuoja-asetuksen mukaan velvollisuus informoida selke\u00e4ll\u00e4 tavalla rekister\u00f6ityj\u00e4. T\u00e4m\u00e4 seloste t\u00e4ytt\u00e4\u00e4 informointivelvoitteen. Tietosuojaselosteen p\u00e4\u00e4kohdat: Rekisterinpit\u00e4j\u00e4 Rekister\u00f6idyt Rekisterin pit\u00e4misen peruste ja k\u00e4ytt\u00f6tarkoitus Rekisteriin tallennettavat henkil\u00f6tiedot Rekister\u00f6idyn oikeudet S\u00e4\u00e4nn\u00f6nmukaiset tietol\u00e4hteet S\u00e4\u00e4nn\u00f6nmukaiset [&hellip;]<\/p>\n","protected":false},"author":10,"featured_media":0,"parent":6,"menu_order":0,"comment_status":"closed","ping_status":"closed","template":"","meta":{"_acf_changed":false,"inline_featured_image":false,"footnotes":""},"class_list":["post-505","page","type-page","status-publish","hentry"],"acf":[],"yoast_head":"<!-- This site is optimized with the Yoast SEO Premium plugin v27.2 (Yoast SEO v27.2) - https:\/\/yoast.com\/product\/yoast-seo-premium-wordpress\/ -->\n<title>Rekisteriseloste - Suomen Meripelastusseura Etel\u00e4-Saimaa<\/title>\n<meta name=\"robots\" content=\"index, follow, max-snippet:-1, max-image-preview:large, max-video-preview:-1\" \/>\n<link rel=\"canonical\" href=\"https:\/\/meripelastus.fi\/lappeenranta\/suomen-meripelastusseura-etela-saimaa\/rekisteriseloste\/\" \/>\n<meta property=\"og:locale\" content=\"fi_FI\" \/>\n<meta property=\"og:type\" content=\"article\" \/>\n<meta property=\"og:title\" content=\"Rekisteriseloste\" \/>\n<meta property=\"og:description\" content=\"Suomen Meripelastusseura Etel\u00e4-Saimaa ry:n rekisteri &#8211; ja tietosuojaseloste 23.5.2018 Suomen Meripelastusseura Etel\u00e4-Saimaa ry noudattaa tietosuoja-asioissaan ja rekisterien k\u00e4sittelyss\u00e4 EU:n tietosuoja-asetusta (GDPR) sek\u00e4 soveltuvaa kansallista lains\u00e4\u00e4d\u00e4nt\u00f6\u00e4. Rekisterinpit\u00e4j\u00e4ll\u00e4 on tietosuoja-asetuksen mukaan velvollisuus informoida selke\u00e4ll\u00e4 tavalla rekister\u00f6ityj\u00e4. T\u00e4m\u00e4 seloste t\u00e4ytt\u00e4\u00e4 informointivelvoitteen. Tietosuojaselosteen p\u00e4\u00e4kohdat: Rekisterinpit\u00e4j\u00e4 Rekister\u00f6idyt Rekisterin pit\u00e4misen peruste ja k\u00e4ytt\u00f6tarkoitus Rekisteriin tallennettavat henkil\u00f6tiedot Rekister\u00f6idyn oikeudet S\u00e4\u00e4nn\u00f6nmukaiset tietol\u00e4hteet S\u00e4\u00e4nn\u00f6nmukaiset [&hellip;]\" \/>\n<meta property=\"og:url\" content=\"https:\/\/meripelastus.fi\/lappeenranta\/suomen-meripelastusseura-etela-saimaa\/rekisteriseloste\/\" \/>\n<meta property=\"og:site_name\" content=\"Suomen Meripelastusseura Etel\u00e4-Saimaa\" \/>\n<meta property=\"article:modified_time\" content=\"2018-12-25T19:40:50+00:00\" \/>\n<meta name=\"twitter:card\" content=\"summary_large_image\" \/>\n<meta name=\"twitter:label1\" content=\"Arvioitu lukuaika\" \/>\n\t<meta name=\"twitter:data1\" content=\"6 minuuttia\" \/>\n<script type=\"application\/ld+json\" class=\"yoast-schema-graph\">{\"@context\":\"https:\/\/schema.org\",\"@graph\":[{\"@type\":\"WebPage\",\"@id\":\"https:\/\/meripelastus.fi\/lappeenranta\/suomen-meripelastusseura-etela-saimaa\/rekisteriseloste\/\",\"url\":\"https:\/\/meripelastus.fi\/lappeenranta\/suomen-meripelastusseura-etela-saimaa\/rekisteriseloste\/\",\"name\":\"Rekisteriseloste - Suomen Meripelastusseura Etel\u00e4-Saimaa\",\"isPartOf\":{\"@id\":\"https:\/\/meripelastus.fi\/lappeenranta\/#website\"},\"datePublished\":\"2018-12-25T19:39:24+00:00\",\"dateModified\":\"2018-12-25T19:40:50+00:00\",\"breadcrumb\":{\"@id\":\"https:\/\/meripelastus.fi\/lappeenranta\/suomen-meripelastusseura-etela-saimaa\/rekisteriseloste\/#breadcrumb\"},\"inLanguage\":\"fi\",\"potentialAction\":[{\"@type\":\"ReadAction\",\"target\":[\"https:\/\/meripelastus.fi\/lappeenranta\/suomen-meripelastusseura-etela-saimaa\/rekisteriseloste\/\"]}]},{\"@type\":\"BreadcrumbList\",\"@id\":\"https:\/\/meripelastus.fi\/lappeenranta\/suomen-meripelastusseura-etela-saimaa\/rekisteriseloste\/#breadcrumb\",\"itemListElement\":[{\"@type\":\"ListItem\",\"position\":1,\"name\":\"Etusivu\",\"item\":\"https:\/\/meripelastus.fi\/lappeenranta\/\"},{\"@type\":\"ListItem\",\"position\":2,\"name\":\"Suomen Meripelastusseura Etel\u00e4-Saimaa\",\"item\":\"https:\/\/meripelastus.fi\/lappeenranta\/?page_id=6\"},{\"@type\":\"ListItem\",\"position\":3,\"name\":\"Rekisteriseloste\"}]},{\"@type\":\"WebSite\",\"@id\":\"https:\/\/meripelastus.fi\/lappeenranta\/#website\",\"url\":\"https:\/\/meripelastus.fi\/lappeenranta\/\",\"name\":\"Suomen Meripelastusseura Etel\u00e4-Saimaa\",\"description\":\"Vapaaehtoiset apunasi vesill\u00e4\",\"potentialAction\":[{\"@type\":\"SearchAction\",\"target\":{\"@type\":\"EntryPoint\",\"urlTemplate\":\"https:\/\/meripelastus.fi\/lappeenranta\/?s={search_term_string}\"},\"query-input\":{\"@type\":\"PropertyValueSpecification\",\"valueRequired\":true,\"valueName\":\"search_term_string\"}}],\"inLanguage\":\"fi\"}]}<\/script>\n<!-- \/ Yoast SEO Premium plugin. -->","yoast_head_json":{"title":"Rekisteriseloste - Suomen Meripelastusseura Etel\u00e4-Saimaa","robots":{"index":"index","follow":"follow","max-snippet":"max-snippet:-1","max-image-preview":"max-image-preview:large","max-video-preview":"max-video-preview:-1"},"canonical":"https:\/\/meripelastus.fi\/lappeenranta\/suomen-meripelastusseura-etela-saimaa\/rekisteriseloste\/","og_locale":"fi_FI","og_type":"article","og_title":"Rekisteriseloste","og_description":"Suomen Meripelastusseura Etel\u00e4-Saimaa ry:n rekisteri &#8211; ja tietosuojaseloste 23.5.2018 Suomen Meripelastusseura Etel\u00e4-Saimaa ry noudattaa tietosuoja-asioissaan ja rekisterien k\u00e4sittelyss\u00e4 EU:n tietosuoja-asetusta (GDPR) sek\u00e4 soveltuvaa kansallista lains\u00e4\u00e4d\u00e4nt\u00f6\u00e4. Rekisterinpit\u00e4j\u00e4ll\u00e4 on tietosuoja-asetuksen mukaan velvollisuus informoida selke\u00e4ll\u00e4 tavalla rekister\u00f6ityj\u00e4. T\u00e4m\u00e4 seloste t\u00e4ytt\u00e4\u00e4 informointivelvoitteen. Tietosuojaselosteen p\u00e4\u00e4kohdat: Rekisterinpit\u00e4j\u00e4 Rekister\u00f6idyt Rekisterin pit\u00e4misen peruste ja k\u00e4ytt\u00f6tarkoitus Rekisteriin tallennettavat henkil\u00f6tiedot Rekister\u00f6idyn oikeudet S\u00e4\u00e4nn\u00f6nmukaiset tietol\u00e4hteet S\u00e4\u00e4nn\u00f6nmukaiset [&hellip;]","og_url":"https:\/\/meripelastus.fi\/lappeenranta\/suomen-meripelastusseura-etela-saimaa\/rekisteriseloste\/","og_site_name":"Suomen Meripelastusseura Etel\u00e4-Saimaa","article_modified_time":"2018-12-25T19:40:50+00:00","twitter_card":"summary_large_image","twitter_misc":{"Arvioitu lukuaika":"6 minuuttia"},"schema":{"@context":"https:\/\/schema.org","@graph":[{"@type":"WebPage","@id":"https:\/\/meripelastus.fi\/lappeenranta\/suomen-meripelastusseura-etela-saimaa\/rekisteriseloste\/","url":"https:\/\/meripelastus.fi\/lappeenranta\/suomen-meripelastusseura-etela-saimaa\/rekisteriseloste\/","name":"Rekisteriseloste - Suomen Meripelastusseura Etel\u00e4-Saimaa","isPartOf":{"@id":"https:\/\/meripelastus.fi\/lappeenranta\/#website"},"datePublished":"2018-12-25T19:39:24+00:00","dateModified":"2018-12-25T19:40:50+00:00","breadcrumb":{"@id":"https:\/\/meripelastus.fi\/lappeenranta\/suomen-meripelastusseura-etela-saimaa\/rekisteriseloste\/#breadcrumb"},"inLanguage":"fi","potentialAction":[{"@type":"ReadAction","target":["https:\/\/meripelastus.fi\/lappeenranta\/suomen-meripelastusseura-etela-saimaa\/rekisteriseloste\/"]}]},{"@type":"BreadcrumbList","@id":"https:\/\/meripelastus.fi\/lappeenranta\/suomen-meripelastusseura-etela-saimaa\/rekisteriseloste\/#breadcrumb","itemListElement":[{"@type":"ListItem","position":1,"name":"Etusivu","item":"https:\/\/meripelastus.fi\/lappeenranta\/"},{"@type":"ListItem","position":2,"name":"Suomen Meripelastusseura Etel\u00e4-Saimaa","item":"https:\/\/meripelastus.fi\/lappeenranta\/?page_id=6"},{"@type":"ListItem","position":3,"name":"Rekisteriseloste"}]},{"@type":"WebSite","@id":"https:\/\/meripelastus.fi\/lappeenranta\/#website","url":"https:\/\/meripelastus.fi\/lappeenranta\/","name":"Suomen Meripelastusseura Etel\u00e4-Saimaa","description":"Vapaaehtoiset apunasi vesill\u00e4","potentialAction":[{"@type":"SearchAction","target":{"@type":"EntryPoint","urlTemplate":"https:\/\/meripelastus.fi\/lappeenranta\/?s={search_term_string}"},"query-input":{"@type":"PropertyValueSpecification","valueRequired":true,"valueName":"search_term_string"}}],"inLanguage":"fi"}]}},"_links":{"self":[{"href":"https:\/\/meripelastus.fi\/lappeenranta\/wp-json\/wp\/v2\/pages\/505","targetHints":{"allow":["GET"]}}],"collection":[{"href":"https:\/\/meripelastus.fi\/lappeenranta\/wp-json\/wp\/v2\/pages"}],"about":[{"href":"https:\/\/meripelastus.fi\/lappeenranta\/wp-json\/wp\/v2\/types\/page"}],"author":[{"embeddable":true,"href":"https:\/\/meripelastus.fi\/lappeenranta\/wp-json\/wp\/v2\/users\/10"}],"replies":[{"embeddable":true,"href":"https:\/\/meripelastus.fi\/lappeenranta\/wp-json\/wp\/v2\/comments?post=505"}],"version-history":[{"count":3,"href":"https:\/\/meripelastus.fi\/lappeenranta\/wp-json\/wp\/v2\/pages\/505\/revisions"}],"predecessor-version":[{"id":508,"href":"https:\/\/meripelastus.fi\/lappeenranta\/wp-json\/wp\/v2\/pages\/505\/revisions\/508"}],"up":[{"embeddable":true,"href":"https:\/\/meripelastus.fi\/lappeenranta\/wp-json\/wp\/v2\/pages\/6"}],"wp:attachment":[{"href":"https:\/\/meripelastus.fi\/lappeenranta\/wp-json\/wp\/v2\/media?parent=505"}],"curies":[{"name":"wp","href":"https:\/\/api.w.org\/{rel}","templated":true}]}}