{"id":330,"date":"2018-06-13T11:44:40","date_gmt":"2018-06-13T08:44:40","guid":{"rendered":"http:\/\/etela-saimaa.smpsyhdistykset.16.testivedos.com\/?page_id=330"},"modified":"2024-02-18T21:34:51","modified_gmt":"2024-02-18T19:34:51","slug":"meripelastus-lappeenranta","status":"publish","type":"page","link":"https:\/\/meripelastus.fi\/lappeenranta\/meripelastus-lappeenranta\/","title":{"rendered":"Suomen Meripelastusseura Etel\u00e4-Saimaa"},"content":{"rendered":"","protected":false},"excerpt":{"rendered":"","protected":false},"author":9,"featured_media":0,"parent":0,"menu_order":0,"comment_status":"closed","ping_status":"closed","template":"","meta":{"_acf_changed":false,"inline_featured_image":false,"footnotes":""},"class_list":["post-330","page","type-page","status-publish","hentry"],"acf":[],"yoast_head":"<!-- This site is optimized with the Yoast SEO Premium plugin v27.4 (Yoast SEO v27.4) - https:\/\/yoast.com\/product\/yoast-seo-premium-wordpress\/ -->\n<title>Suomen Meripelastusseura Etel\u00e4-Saimaa - Suomen Meripelastusseura Etel\u00e4-Saimaa<\/title>\n<meta name=\"description\" content=\"Vapaaehtoista meripelastusta etel\u00e4isell\u00e4-saimaalla\" \/>\n<meta name=\"robots\" content=\"index, follow, max-snippet:-1, max-image-preview:large, max-video-preview:-1\" \/>\n<link rel=\"canonical\" href=\"https:\/\/meripelastus.fi\/lappeenranta\/meripelastus-lappeenranta\/\" \/>\n<meta property=\"og:locale\" content=\"fi_FI\" \/>\n<meta property=\"og:type\" content=\"article\" \/>\n<meta property=\"og:title\" content=\"Suomen Meripelastusseura Etel\u00e4-Saimaa\" \/>\n<meta property=\"og:description\" content=\"Vapaaehtoista meripelastusta etel\u00e4isell\u00e4-saimaalla\" \/>\n<meta property=\"og:url\" content=\"https:\/\/meripelastus.fi\/lappeenranta\/meripelastus-lappeenranta\/\" \/>\n<meta property=\"og:site_name\" content=\"Suomen Meripelastusseura Etel\u00e4-Saimaa\" \/>\n<meta property=\"article:modified_time\" content=\"2024-02-18T19:34:51+00:00\" \/>\n<meta property=\"og:image\" content=\"https:\/\/meripelastus.fi\/lappeenranta\/wp-content\/uploads\/sites\/6\/2020\/05\/IMG_0322-1-2-scaled.jpg\" \/>\n\t<meta property=\"og:image:width\" content=\"6199\" \/>\n\t<meta property=\"og:image:height\" content=\"4133\" \/>\n\t<meta property=\"og:image:type\" content=\"image\/jpeg\" \/>\n<meta name=\"twitter:card\" content=\"summary_large_image\" \/>\n<meta name=\"twitter:label1\" content=\"Arvioitu lukuaika\" \/>\n\t<meta name=\"twitter:data1\" content=\"1 minuutti\" \/>\n<script type=\"application\/ld+json\" class=\"yoast-schema-graph\">{\"@context\":\"https:\\\/\\\/schema.org\",\"@graph\":[{\"@type\":\"WebPage\",\"@id\":\"https:\\\/\\\/meripelastus.fi\\\/lappeenranta\\\/meripelastus-lappeenranta\\\/\",\"url\":\"https:\\\/\\\/meripelastus.fi\\\/lappeenranta\\\/meripelastus-lappeenranta\\\/\",\"name\":\"Suomen Meripelastusseura Etel\u00e4-Saimaa - Suomen Meripelastusseura Etel\u00e4-Saimaa\",\"isPartOf\":{\"@id\":\"https:\\\/\\\/meripelastus.fi\\\/lappeenranta\\\/#website\"},\"datePublished\":\"2018-06-13T08:44:40+00:00\",\"dateModified\":\"2024-02-18T19:34:51+00:00\",\"description\":\"Vapaaehtoista meripelastusta etel\u00e4isell\u00e4-saimaalla\",\"breadcrumb\":{\"@id\":\"https:\\\/\\\/meripelastus.fi\\\/lappeenranta\\\/meripelastus-lappeenranta\\\/#breadcrumb\"},\"inLanguage\":\"fi\",\"potentialAction\":[{\"@type\":\"ReadAction\",\"target\":[\"https:\\\/\\\/meripelastus.fi\\\/lappeenranta\\\/meripelastus-lappeenranta\\\/\"]}]},{\"@type\":\"BreadcrumbList\",\"@id\":\"https:\\\/\\\/meripelastus.fi\\\/lappeenranta\\\/meripelastus-lappeenranta\\\/#breadcrumb\",\"itemListElement\":[{\"@type\":\"ListItem\",\"position\":1,\"name\":\"Etusivu\",\"item\":\"https:\\\/\\\/meripelastus.fi\\\/lappeenranta\\\/\"},{\"@type\":\"ListItem\",\"position\":2,\"name\":\"Suomen Meripelastusseura Etel\u00e4-Saimaa\"}]},{\"@type\":\"WebSite\",\"@id\":\"https:\\\/\\\/meripelastus.fi\\\/lappeenranta\\\/#website\",\"url\":\"https:\\\/\\\/meripelastus.fi\\\/lappeenranta\\\/\",\"name\":\"Suomen Meripelastusseura Etel\u00e4-Saimaa\",\"description\":\"Vapaaehtoiset apunasi vesill\u00e4\",\"potentialAction\":[{\"@type\":\"SearchAction\",\"target\":{\"@type\":\"EntryPoint\",\"urlTemplate\":\"https:\\\/\\\/meripelastus.fi\\\/lappeenranta\\\/?s={search_term_string}\"},\"query-input\":{\"@type\":\"PropertyValueSpecification\",\"valueRequired\":true,\"valueName\":\"search_term_string\"}}],\"inLanguage\":\"fi\"}]}<\/script>\n<!-- \/ Yoast SEO Premium plugin. -->","yoast_head_json":{"title":"Suomen Meripelastusseura Etel\u00e4-Saimaa - Suomen Meripelastusseura Etel\u00e4-Saimaa","description":"Vapaaehtoista meripelastusta etel\u00e4isell\u00e4-saimaalla","robots":{"index":"index","follow":"follow","max-snippet":"max-snippet:-1","max-image-preview":"max-image-preview:large","max-video-preview":"max-video-preview:-1"},"canonical":"https:\/\/meripelastus.fi\/lappeenranta\/meripelastus-lappeenranta\/","og_locale":"fi_FI","og_type":"article","og_title":"Suomen Meripelastusseura Etel\u00e4-Saimaa","og_description":"Vapaaehtoista meripelastusta etel\u00e4isell\u00e4-saimaalla","og_url":"https:\/\/meripelastus.fi\/lappeenranta\/meripelastus-lappeenranta\/","og_site_name":"Suomen Meripelastusseura Etel\u00e4-Saimaa","article_modified_time":"2024-02-18T19:34:51+00:00","og_image":[{"width":6199,"height":4133,"url":"https:\/\/meripelastus.fi\/lappeenranta\/wp-content\/uploads\/sites\/6\/2020\/05\/IMG_0322-1-2-scaled.jpg","type":"image\/jpeg"}],"twitter_card":"summary_large_image","twitter_misc":{"Arvioitu lukuaika":"1 minuutti"},"schema":{"@context":"https:\/\/schema.org","@graph":[{"@type":"WebPage","@id":"https:\/\/meripelastus.fi\/lappeenranta\/meripelastus-lappeenranta\/","url":"https:\/\/meripelastus.fi\/lappeenranta\/meripelastus-lappeenranta\/","name":"Suomen Meripelastusseura Etel\u00e4-Saimaa - Suomen Meripelastusseura Etel\u00e4-Saimaa","isPartOf":{"@id":"https:\/\/meripelastus.fi\/lappeenranta\/#website"},"datePublished":"2018-06-13T08:44:40+00:00","dateModified":"2024-02-18T19:34:51+00:00","description":"Vapaaehtoista meripelastusta etel\u00e4isell\u00e4-saimaalla","breadcrumb":{"@id":"https:\/\/meripelastus.fi\/lappeenranta\/meripelastus-lappeenranta\/#breadcrumb"},"inLanguage":"fi","potentialAction":[{"@type":"ReadAction","target":["https:\/\/meripelastus.fi\/lappeenranta\/meripelastus-lappeenranta\/"]}]},{"@type":"BreadcrumbList","@id":"https:\/\/meripelastus.fi\/lappeenranta\/meripelastus-lappeenranta\/#breadcrumb","itemListElement":[{"@type":"ListItem","position":1,"name":"Etusivu","item":"https:\/\/meripelastus.fi\/lappeenranta\/"},{"@type":"ListItem","position":2,"name":"Suomen Meripelastusseura Etel\u00e4-Saimaa"}]},{"@type":"WebSite","@id":"https:\/\/meripelastus.fi\/lappeenranta\/#website","url":"https:\/\/meripelastus.fi\/lappeenranta\/","name":"Suomen Meripelastusseura Etel\u00e4-Saimaa","description":"Vapaaehtoiset apunasi vesill\u00e4","potentialAction":[{"@type":"SearchAction","target":{"@type":"EntryPoint","urlTemplate":"https:\/\/meripelastus.fi\/lappeenranta\/?s={search_term_string}"},"query-input":{"@type":"PropertyValueSpecification","valueRequired":true,"valueName":"search_term_string"}}],"inLanguage":"fi"}]}},"_links":{"self":[{"href":"https:\/\/meripelastus.fi\/lappeenranta\/wp-json\/wp\/v2\/pages\/330","targetHints":{"allow":["GET"]}}],"collection":[{"href":"https:\/\/meripelastus.fi\/lappeenranta\/wp-json\/wp\/v2\/pages"}],"about":[{"href":"https:\/\/meripelastus.fi\/lappeenranta\/wp-json\/wp\/v2\/types\/page"}],"author":[{"embeddable":true,"href":"https:\/\/meripelastus.fi\/lappeenranta\/wp-json\/wp\/v2\/users\/9"}],"replies":[{"embeddable":true,"href":"https:\/\/meripelastus.fi\/lappeenranta\/wp-json\/wp\/v2\/comments?post=330"}],"version-history":[{"count":17,"href":"https:\/\/meripelastus.fi\/lappeenranta\/wp-json\/wp\/v2\/pages\/330\/revisions"}],"predecessor-version":[{"id":352,"href":"https:\/\/meripelastus.fi\/lappeenranta\/wp-json\/wp\/v2\/pages\/330\/revisions\/352"}],"wp:attachment":[{"href":"https:\/\/meripelastus.fi\/lappeenranta\/wp-json\/wp\/v2\/media?parent=330"}],"curies":[{"name":"wp","href":"https:\/\/api.w.org\/{rel}","templated":true}]}}