{"id":28,"date":"2018-03-19T09:19:27","date_gmt":"2018-03-19T07:19:27","guid":{"rendered":"http:\/\/etela-saimaa.smpsyhdistykset.16.testivedos.com\/?page_id=28"},"modified":"2018-08-17T21:39:12","modified_gmt":"2018-08-17T18:39:12","slug":"miehisto","status":"publish","type":"page","link":"https:\/\/meripelastus.fi\/lappeenranta\/suomen-meripelastusseura-etela-saimaa\/miehisto\/","title":{"rendered":"Miehist\u00f6"},"content":{"rendered":"<p><img loading=\"lazy\" decoding=\"async\" class=\"alignnone wp-image-260 size-large\" src=\"http:\/\/etela-saimaa.smpsyhdistykset.16.testivedos.com\/wp-content\/uploads\/sites\/6\/2018\/06\/IMG_8562-1-2-1024x683.jpg\" alt=\"\" width=\"1024\" height=\"683\" \/><\/p>\n<p><strong><span>Vuoden 2018 miehist\u00f6:<\/span><\/strong><\/p>\n<p><span><span><strong>P\u00e4\u00e4llyst\u00f6 (yl\u00e4rivi vasemmalta oikealle)<\/strong><br \/>\nJoona Kokkola, Toni Kolhonen, Outi Kolhonen, Kari Suhonen, Tommi Kolhonen, Vesa Kettunen, Pekka Lehikoinen, Elias Altarriba ja Matias Pekkanen<\/span><\/span><\/p>\n<p><strong>Kansimiehet (keskirivi vasemmalta oikealle)<\/strong><br \/>\nSeveri Simpura, Mikko Per\u00e4kyl\u00e4, Mika Huotari, Eero Scherman ja Pasi Vahtola<\/p>\n<p><strong>Harjoittelijat (alarivi vasemmalta oikealle)<\/strong><br \/>\nKristian K\u00e4h\u00e4r\u00e4, Tero Ovaskainen, Riikka Ovaskainen ja Pasi Lankinen<\/p>\n<p><strong>Kuvasta puuttuvat:<\/strong> Oliver Kuustonen, Carla M\u00e4kel\u00e4, Nina Heltimoinen, Sami Hassinen.<\/p>\n","protected":false},"excerpt":{"rendered":"<p>Vuoden 2018 miehist\u00f6: P\u00e4\u00e4llyst\u00f6 (yl\u00e4rivi vasemmalta oikealle) Joona Kokkola, Toni Kolhonen, Outi Kolhonen, Kari Suhonen, Tommi Kolhonen, Vesa Kettunen, Pekka Lehikoinen, Elias Altarriba ja Matias Pekkanen Kansimiehet (keskirivi vasemmalta oikealle) Severi Simpura, Mikko Per\u00e4kyl\u00e4, Mika Huotari, Eero Scherman ja Pasi Vahtola Harjoittelijat (alarivi vasemmalta oikealle) Kristian K\u00e4h\u00e4r\u00e4, Tero Ovaskainen, Riikka Ovaskainen ja Pasi Lankinen Kuvasta [&hellip;]<\/p>\n","protected":false},"author":1,"featured_media":0,"parent":6,"menu_order":0,"comment_status":"closed","ping_status":"closed","template":"","meta":{"_acf_changed":false,"inline_featured_image":false,"footnotes":""},"class_list":["post-28","page","type-page","status-publish","hentry"],"acf":[],"yoast_head":"<!-- This site is optimized with the Yoast SEO Premium plugin v27.4 (Yoast SEO v27.4) - https:\/\/yoast.com\/product\/yoast-seo-premium-wordpress\/ -->\n<title>Miehist\u00f6 - Suomen Meripelastusseura Etel\u00e4-Saimaa<\/title>\n<meta name=\"robots\" content=\"index, follow, max-snippet:-1, max-image-preview:large, max-video-preview:-1\" \/>\n<link rel=\"canonical\" href=\"https:\/\/meripelastus.fi\/lappeenranta\/suomen-meripelastusseura-etela-saimaa\/miehisto\/\" \/>\n<meta property=\"og:locale\" content=\"fi_FI\" \/>\n<meta property=\"og:type\" content=\"article\" \/>\n<meta property=\"og:title\" content=\"Miehist\u00f6\" \/>\n<meta property=\"og:description\" content=\"Vuoden 2018 miehist\u00f6: P\u00e4\u00e4llyst\u00f6 (yl\u00e4rivi vasemmalta oikealle) Joona Kokkola, Toni Kolhonen, Outi Kolhonen, Kari Suhonen, Tommi Kolhonen, Vesa Kettunen, Pekka Lehikoinen, Elias Altarriba ja Matias Pekkanen Kansimiehet (keskirivi vasemmalta oikealle) Severi Simpura, Mikko Per\u00e4kyl\u00e4, Mika Huotari, Eero Scherman ja Pasi Vahtola Harjoittelijat (alarivi vasemmalta oikealle) Kristian K\u00e4h\u00e4r\u00e4, Tero Ovaskainen, Riikka Ovaskainen ja Pasi Lankinen Kuvasta [&hellip;]\" \/>\n<meta property=\"og:url\" content=\"https:\/\/meripelastus.fi\/lappeenranta\/suomen-meripelastusseura-etela-saimaa\/miehisto\/\" \/>\n<meta property=\"og:site_name\" content=\"Suomen Meripelastusseura Etel\u00e4-Saimaa\" \/>\n<meta property=\"article:modified_time\" content=\"2018-08-17T18:39:12+00:00\" \/>\n<meta property=\"og:image\" content=\"http:\/\/etela-saimaa.smpsyhdistykset.16.testivedos.com\/wp-content\/uploads\/sites\/6\/2018\/06\/IMG_8562-1-2-1024x683.jpg\" \/>\n<meta name=\"twitter:card\" content=\"summary_large_image\" \/>\n<script type=\"application\/ld+json\" class=\"yoast-schema-graph\">{\"@context\":\"https:\\\/\\\/schema.org\",\"@graph\":[{\"@type\":\"WebPage\",\"@id\":\"https:\\\/\\\/meripelastus.fi\\\/lappeenranta\\\/suomen-meripelastusseura-etela-saimaa\\\/miehisto\\\/\",\"url\":\"https:\\\/\\\/meripelastus.fi\\\/lappeenranta\\\/suomen-meripelastusseura-etela-saimaa\\\/miehisto\\\/\",\"name\":\"Miehist\u00f6 - Suomen Meripelastusseura Etel\u00e4-Saimaa\",\"isPartOf\":{\"@id\":\"https:\\\/\\\/meripelastus.fi\\\/lappeenranta\\\/#website\"},\"primaryImageOfPage\":{\"@id\":\"https:\\\/\\\/meripelastus.fi\\\/lappeenranta\\\/suomen-meripelastusseura-etela-saimaa\\\/miehisto\\\/#primaryimage\"},\"image\":{\"@id\":\"https:\\\/\\\/meripelastus.fi\\\/lappeenranta\\\/suomen-meripelastusseura-etela-saimaa\\\/miehisto\\\/#primaryimage\"},\"thumbnailUrl\":\"http:\\\/\\\/etela-saimaa.smpsyhdistykset.16.testivedos.com\\\/wp-content\\\/uploads\\\/sites\\\/6\\\/2018\\\/06\\\/IMG_8562-1-2-1024x683.jpg\",\"datePublished\":\"2018-03-19T07:19:27+00:00\",\"dateModified\":\"2018-08-17T18:39:12+00:00\",\"breadcrumb\":{\"@id\":\"https:\\\/\\\/meripelastus.fi\\\/lappeenranta\\\/suomen-meripelastusseura-etela-saimaa\\\/miehisto\\\/#breadcrumb\"},\"inLanguage\":\"fi\",\"potentialAction\":[{\"@type\":\"ReadAction\",\"target\":[\"https:\\\/\\\/meripelastus.fi\\\/lappeenranta\\\/suomen-meripelastusseura-etela-saimaa\\\/miehisto\\\/\"]}]},{\"@type\":\"ImageObject\",\"inLanguage\":\"fi\",\"@id\":\"https:\\\/\\\/meripelastus.fi\\\/lappeenranta\\\/suomen-meripelastusseura-etela-saimaa\\\/miehisto\\\/#primaryimage\",\"url\":\"http:\\\/\\\/etela-saimaa.smpsyhdistykset.16.testivedos.com\\\/wp-content\\\/uploads\\\/sites\\\/6\\\/2018\\\/06\\\/IMG_8562-1-2-1024x683.jpg\",\"contentUrl\":\"http:\\\/\\\/etela-saimaa.smpsyhdistykset.16.testivedos.com\\\/wp-content\\\/uploads\\\/sites\\\/6\\\/2018\\\/06\\\/IMG_8562-1-2-1024x683.jpg\"},{\"@type\":\"BreadcrumbList\",\"@id\":\"https:\\\/\\\/meripelastus.fi\\\/lappeenranta\\\/suomen-meripelastusseura-etela-saimaa\\\/miehisto\\\/#breadcrumb\",\"itemListElement\":[{\"@type\":\"ListItem\",\"position\":1,\"name\":\"Etusivu\",\"item\":\"https:\\\/\\\/meripelastus.fi\\\/lappeenranta\\\/\"},{\"@type\":\"ListItem\",\"position\":2,\"name\":\"Suomen Meripelastusseura Etel\u00e4-Saimaa\",\"item\":\"https:\\\/\\\/meripelastus.fi\\\/lappeenranta\\\/?page_id=6\"},{\"@type\":\"ListItem\",\"position\":3,\"name\":\"Miehist\u00f6\"}]},{\"@type\":\"WebSite\",\"@id\":\"https:\\\/\\\/meripelastus.fi\\\/lappeenranta\\\/#website\",\"url\":\"https:\\\/\\\/meripelastus.fi\\\/lappeenranta\\\/\",\"name\":\"Suomen Meripelastusseura Etel\u00e4-Saimaa\",\"description\":\"Vapaaehtoiset apunasi vesill\u00e4\",\"potentialAction\":[{\"@type\":\"SearchAction\",\"target\":{\"@type\":\"EntryPoint\",\"urlTemplate\":\"https:\\\/\\\/meripelastus.fi\\\/lappeenranta\\\/?s={search_term_string}\"},\"query-input\":{\"@type\":\"PropertyValueSpecification\",\"valueRequired\":true,\"valueName\":\"search_term_string\"}}],\"inLanguage\":\"fi\"}]}<\/script>\n<!-- \/ Yoast SEO Premium plugin. -->","yoast_head_json":{"title":"Miehist\u00f6 - Suomen Meripelastusseura Etel\u00e4-Saimaa","robots":{"index":"index","follow":"follow","max-snippet":"max-snippet:-1","max-image-preview":"max-image-preview:large","max-video-preview":"max-video-preview:-1"},"canonical":"https:\/\/meripelastus.fi\/lappeenranta\/suomen-meripelastusseura-etela-saimaa\/miehisto\/","og_locale":"fi_FI","og_type":"article","og_title":"Miehist\u00f6","og_description":"Vuoden 2018 miehist\u00f6: P\u00e4\u00e4llyst\u00f6 (yl\u00e4rivi vasemmalta oikealle) Joona Kokkola, Toni Kolhonen, Outi Kolhonen, Kari Suhonen, Tommi Kolhonen, Vesa Kettunen, Pekka Lehikoinen, Elias Altarriba ja Matias Pekkanen Kansimiehet (keskirivi vasemmalta oikealle) Severi Simpura, Mikko Per\u00e4kyl\u00e4, Mika Huotari, Eero Scherman ja Pasi Vahtola Harjoittelijat (alarivi vasemmalta oikealle) Kristian K\u00e4h\u00e4r\u00e4, Tero Ovaskainen, Riikka Ovaskainen ja Pasi Lankinen Kuvasta [&hellip;]","og_url":"https:\/\/meripelastus.fi\/lappeenranta\/suomen-meripelastusseura-etela-saimaa\/miehisto\/","og_site_name":"Suomen Meripelastusseura Etel\u00e4-Saimaa","article_modified_time":"2018-08-17T18:39:12+00:00","og_image":[{"url":"http:\/\/etela-saimaa.smpsyhdistykset.16.testivedos.com\/wp-content\/uploads\/sites\/6\/2018\/06\/IMG_8562-1-2-1024x683.jpg","type":"","width":"","height":""}],"twitter_card":"summary_large_image","schema":{"@context":"https:\/\/schema.org","@graph":[{"@type":"WebPage","@id":"https:\/\/meripelastus.fi\/lappeenranta\/suomen-meripelastusseura-etela-saimaa\/miehisto\/","url":"https:\/\/meripelastus.fi\/lappeenranta\/suomen-meripelastusseura-etela-saimaa\/miehisto\/","name":"Miehist\u00f6 - Suomen Meripelastusseura Etel\u00e4-Saimaa","isPartOf":{"@id":"https:\/\/meripelastus.fi\/lappeenranta\/#website"},"primaryImageOfPage":{"@id":"https:\/\/meripelastus.fi\/lappeenranta\/suomen-meripelastusseura-etela-saimaa\/miehisto\/#primaryimage"},"image":{"@id":"https:\/\/meripelastus.fi\/lappeenranta\/suomen-meripelastusseura-etela-saimaa\/miehisto\/#primaryimage"},"thumbnailUrl":"http:\/\/etela-saimaa.smpsyhdistykset.16.testivedos.com\/wp-content\/uploads\/sites\/6\/2018\/06\/IMG_8562-1-2-1024x683.jpg","datePublished":"2018-03-19T07:19:27+00:00","dateModified":"2018-08-17T18:39:12+00:00","breadcrumb":{"@id":"https:\/\/meripelastus.fi\/lappeenranta\/suomen-meripelastusseura-etela-saimaa\/miehisto\/#breadcrumb"},"inLanguage":"fi","potentialAction":[{"@type":"ReadAction","target":["https:\/\/meripelastus.fi\/lappeenranta\/suomen-meripelastusseura-etela-saimaa\/miehisto\/"]}]},{"@type":"ImageObject","inLanguage":"fi","@id":"https:\/\/meripelastus.fi\/lappeenranta\/suomen-meripelastusseura-etela-saimaa\/miehisto\/#primaryimage","url":"http:\/\/etela-saimaa.smpsyhdistykset.16.testivedos.com\/wp-content\/uploads\/sites\/6\/2018\/06\/IMG_8562-1-2-1024x683.jpg","contentUrl":"http:\/\/etela-saimaa.smpsyhdistykset.16.testivedos.com\/wp-content\/uploads\/sites\/6\/2018\/06\/IMG_8562-1-2-1024x683.jpg"},{"@type":"BreadcrumbList","@id":"https:\/\/meripelastus.fi\/lappeenranta\/suomen-meripelastusseura-etela-saimaa\/miehisto\/#breadcrumb","itemListElement":[{"@type":"ListItem","position":1,"name":"Etusivu","item":"https:\/\/meripelastus.fi\/lappeenranta\/"},{"@type":"ListItem","position":2,"name":"Suomen Meripelastusseura Etel\u00e4-Saimaa","item":"https:\/\/meripelastus.fi\/lappeenranta\/?page_id=6"},{"@type":"ListItem","position":3,"name":"Miehist\u00f6"}]},{"@type":"WebSite","@id":"https:\/\/meripelastus.fi\/lappeenranta\/#website","url":"https:\/\/meripelastus.fi\/lappeenranta\/","name":"Suomen Meripelastusseura Etel\u00e4-Saimaa","description":"Vapaaehtoiset apunasi vesill\u00e4","potentialAction":[{"@type":"SearchAction","target":{"@type":"EntryPoint","urlTemplate":"https:\/\/meripelastus.fi\/lappeenranta\/?s={search_term_string}"},"query-input":{"@type":"PropertyValueSpecification","valueRequired":true,"valueName":"search_term_string"}}],"inLanguage":"fi"}]}},"_links":{"self":[{"href":"https:\/\/meripelastus.fi\/lappeenranta\/wp-json\/wp\/v2\/pages\/28","targetHints":{"allow":["GET"]}}],"collection":[{"href":"https:\/\/meripelastus.fi\/lappeenranta\/wp-json\/wp\/v2\/pages"}],"about":[{"href":"https:\/\/meripelastus.fi\/lappeenranta\/wp-json\/wp\/v2\/types\/page"}],"author":[{"embeddable":true,"href":"https:\/\/meripelastus.fi\/lappeenranta\/wp-json\/wp\/v2\/users\/1"}],"replies":[{"embeddable":true,"href":"https:\/\/meripelastus.fi\/lappeenranta\/wp-json\/wp\/v2\/comments?post=28"}],"version-history":[{"count":7,"href":"https:\/\/meripelastus.fi\/lappeenranta\/wp-json\/wp\/v2\/pages\/28\/revisions"}],"predecessor-version":[{"id":416,"href":"https:\/\/meripelastus.fi\/lappeenranta\/wp-json\/wp\/v2\/pages\/28\/revisions\/416"}],"up":[{"embeddable":true,"href":"https:\/\/meripelastus.fi\/lappeenranta\/wp-json\/wp\/v2\/pages\/6"}],"wp:attachment":[{"href":"https:\/\/meripelastus.fi\/lappeenranta\/wp-json\/wp\/v2\/media?parent=28"}],"curies":[{"name":"wp","href":"https:\/\/api.w.org\/{rel}","templated":true}]}}