{"id":250,"date":"2018-06-12T19:27:28","date_gmt":"2018-06-12T16:27:28","guid":{"rendered":"http:\/\/etela-saimaa.smpsyhdistykset.16.testivedos.com\/?page_id=250"},"modified":"2022-09-16T21:18:03","modified_gmt":"2022-09-16T18:18:03","slug":"kaukas","status":"publish","type":"page","link":"https:\/\/meripelastus.fi\/lappeenranta\/kaukas\/","title":{"rendered":"Kaukas \/ VEK1082"},"content":{"rendered":"<p><span><span><span>Kaukas soveltuu hyvin matalissa ja karikkoisissa paikoissa suoritettaviin teht\u00e4viin sek\u00e4 pienempien alusten avustamiseen. \u00a0<\/span><\/span><\/span><span>L\u00e4ht\u00f6aika on 30 minuuttia ja Saimaalla ollessa v\u00e4lit\u00f6n. Kaukas on sijoitettuna Rapasaareen joka sijaitsee Lappeenrannan sataman yhteydess\u00e4.<\/span><\/p>\n<p><span><span><b>Ominaisuudet <\/b><\/span><\/span><\/p>\n<p>&#8211; Valmistaja: Petor<br \/>\n&#8211; Koneteho: 51 kW<br \/>\n&#8211; Rakennettu: 2018<br \/>\n&#8211; Propulsio: Per\u00e4moottori<br \/>\n<span><span>&#8211; Nopeus: 28 solmua<\/span><\/span><\/p>\n<p><span><span><\/span><\/span><span><span>&#8211; Pituus: 5,03m<br \/>\n<\/span><\/span><span><span>&#8211; Leveys: 2,05m<br \/>\n<\/span><\/span><span>&#8211; Syv\u00e4ys: 0,6m<br \/>\n<\/span><span><br \/>\n&#8211; Miehitys: 1+1 henk.<br \/>\n<\/span><span><span>&#8211; Kapasiteetti: 5 henk. (sis. miehitys) <\/span><\/span><\/p>\n<p><span><span><b>Varustus: <\/b><\/span><\/span><\/p>\n<p><span><span>&#8211; Ensiapuvarustus<br \/>\n<\/span><\/span><span><span>&#8211; Etsint\u00e4valonheitin<br \/>\n<\/span><\/span><span><span>&#8211; Karttaplotteri<br \/>\n&#8211; Viistokaikuluotain<\/span><\/span><\/p>\n<p><span><span><b>Viestiyhteydet: <\/b><\/span><\/span><\/p>\n<p><span><span>&#8211; Meri-VHF<br \/>\n<\/span><\/span><span>&#8211; Virve<br \/>\n<\/span>&#8211; GSM<\/p>\n<p><a href=\"https:\/\/meripelastuslpr.kuvat.fi\/kuvat\/Alukset\/AV+Kaukas\/\" target=\"_blank\" rel=\"noopener noreferrer\"><span>Kuvia aluksesta<\/span><\/a><\/p>\n<p>&nbsp;<\/p>\n","protected":false},"excerpt":{"rendered":"<p>Kaukas soveltuu hyvin matalissa ja karikkoisissa paikoissa suoritettaviin teht\u00e4viin sek\u00e4 pienempien alusten avustamiseen. \u00a0L\u00e4ht\u00f6aika on 30 minuuttia ja Saimaalla ollessa v\u00e4lit\u00f6n. Kaukas on sijoitettuna Rapasaareen joka sijaitsee Lappeenrannan sataman yhteydess\u00e4. Ominaisuudet &#8211; Valmistaja: Petor &#8211; Koneteho: 51 kW &#8211; Rakennettu: 2018 &#8211; Propulsio: Per\u00e4moottori &#8211; Nopeus: 28 solmua &#8211; Pituus: 5,03m &#8211; Leveys: 2,05m &#8211; [&hellip;]<\/p>\n","protected":false},"author":9,"featured_media":576,"parent":0,"menu_order":0,"comment_status":"closed","ping_status":"closed","template":"","meta":{"_acf_changed":false,"inline_featured_image":false,"footnotes":""},"class_list":["post-250","page","type-page","status-publish","has-post-thumbnail","hentry"],"acf":[],"yoast_head":"<!-- This site is optimized with the Yoast SEO Premium plugin v27.2 (Yoast SEO v27.2) - https:\/\/yoast.com\/product\/yoast-seo-premium-wordpress\/ -->\n<title>Kaukas \/ VEK1082 - Suomen Meripelastusseura Etel\u00e4-Saimaa<\/title>\n<meta name=\"robots\" content=\"index, follow, max-snippet:-1, max-image-preview:large, max-video-preview:-1\" \/>\n<link rel=\"canonical\" href=\"https:\/\/meripelastus.fi\/lappeenranta\/kaukas\/\" \/>\n<meta property=\"og:locale\" content=\"fi_FI\" \/>\n<meta property=\"og:type\" content=\"article\" \/>\n<meta property=\"og:title\" content=\"Kaukas \/ VEK1082\" \/>\n<meta property=\"og:description\" content=\"Kaukas soveltuu hyvin matalissa ja karikkoisissa paikoissa suoritettaviin teht\u00e4viin sek\u00e4 pienempien alusten avustamiseen. \u00a0L\u00e4ht\u00f6aika on 30 minuuttia ja Saimaalla ollessa v\u00e4lit\u00f6n. Kaukas on sijoitettuna Rapasaareen joka sijaitsee Lappeenrannan sataman yhteydess\u00e4. Ominaisuudet &#8211; Valmistaja: Petor &#8211; Koneteho: 51 kW &#8211; Rakennettu: 2018 &#8211; Propulsio: Per\u00e4moottori &#8211; Nopeus: 28 solmua &#8211; Pituus: 5,03m &#8211; Leveys: 2,05m &#8211; [&hellip;]\" \/>\n<meta property=\"og:url\" content=\"https:\/\/meripelastus.fi\/lappeenranta\/kaukas\/\" \/>\n<meta property=\"og:site_name\" content=\"Suomen Meripelastusseura Etel\u00e4-Saimaa\" \/>\n<meta property=\"article:modified_time\" content=\"2022-09-16T18:18:03+00:00\" \/>\n<meta property=\"og:image\" content=\"https:\/\/meripelastus.fi\/lappeenranta\/wp-content\/uploads\/sites\/6\/2019\/05\/IMG_1027-2.jpg\" \/>\n\t<meta property=\"og:image:width\" content=\"5760\" \/>\n\t<meta property=\"og:image:height\" content=\"3840\" \/>\n\t<meta property=\"og:image:type\" content=\"image\/jpeg\" \/>\n<meta name=\"twitter:card\" content=\"summary_large_image\" \/>\n<meta name=\"twitter:label1\" content=\"Arvioitu lukuaika\" \/>\n\t<meta name=\"twitter:data1\" content=\"1 minuutti\" \/>\n<script type=\"application\/ld+json\" class=\"yoast-schema-graph\">{\"@context\":\"https:\/\/schema.org\",\"@graph\":[{\"@type\":\"WebPage\",\"@id\":\"https:\/\/meripelastus.fi\/lappeenranta\/kaukas\/\",\"url\":\"https:\/\/meripelastus.fi\/lappeenranta\/kaukas\/\",\"name\":\"Kaukas \/ VEK1082 - Suomen Meripelastusseura Etel\u00e4-Saimaa\",\"isPartOf\":{\"@id\":\"https:\/\/meripelastus.fi\/lappeenranta\/#website\"},\"primaryImageOfPage\":{\"@id\":\"https:\/\/meripelastus.fi\/lappeenranta\/kaukas\/#primaryimage\"},\"image\":{\"@id\":\"https:\/\/meripelastus.fi\/lappeenranta\/kaukas\/#primaryimage\"},\"thumbnailUrl\":\"https:\/\/meripelastus.fi\/lappeenranta\/wp-content\/uploads\/sites\/6\/2019\/05\/IMG_1027-2.jpg\",\"datePublished\":\"2018-06-12T16:27:28+00:00\",\"dateModified\":\"2022-09-16T18:18:03+00:00\",\"breadcrumb\":{\"@id\":\"https:\/\/meripelastus.fi\/lappeenranta\/kaukas\/#breadcrumb\"},\"inLanguage\":\"fi\",\"potentialAction\":[{\"@type\":\"ReadAction\",\"target\":[\"https:\/\/meripelastus.fi\/lappeenranta\/kaukas\/\"]}]},{\"@type\":\"ImageObject\",\"inLanguage\":\"fi\",\"@id\":\"https:\/\/meripelastus.fi\/lappeenranta\/kaukas\/#primaryimage\",\"url\":\"https:\/\/meripelastus.fi\/lappeenranta\/wp-content\/uploads\/sites\/6\/2019\/05\/IMG_1027-2.jpg\",\"contentUrl\":\"https:\/\/meripelastus.fi\/lappeenranta\/wp-content\/uploads\/sites\/6\/2019\/05\/IMG_1027-2.jpg\",\"width\":5760,\"height\":3840},{\"@type\":\"BreadcrumbList\",\"@id\":\"https:\/\/meripelastus.fi\/lappeenranta\/kaukas\/#breadcrumb\",\"itemListElement\":[{\"@type\":\"ListItem\",\"position\":1,\"name\":\"Etusivu\",\"item\":\"https:\/\/meripelastus.fi\/lappeenranta\/\"},{\"@type\":\"ListItem\",\"position\":2,\"name\":\"Kaukas \/ VEK1082\"}]},{\"@type\":\"WebSite\",\"@id\":\"https:\/\/meripelastus.fi\/lappeenranta\/#website\",\"url\":\"https:\/\/meripelastus.fi\/lappeenranta\/\",\"name\":\"Suomen Meripelastusseura Etel\u00e4-Saimaa\",\"description\":\"Vapaaehtoiset apunasi vesill\u00e4\",\"potentialAction\":[{\"@type\":\"SearchAction\",\"target\":{\"@type\":\"EntryPoint\",\"urlTemplate\":\"https:\/\/meripelastus.fi\/lappeenranta\/?s={search_term_string}\"},\"query-input\":{\"@type\":\"PropertyValueSpecification\",\"valueRequired\":true,\"valueName\":\"search_term_string\"}}],\"inLanguage\":\"fi\"}]}<\/script>\n<!-- \/ Yoast SEO Premium plugin. -->","yoast_head_json":{"title":"Kaukas \/ VEK1082 - Suomen Meripelastusseura Etel\u00e4-Saimaa","robots":{"index":"index","follow":"follow","max-snippet":"max-snippet:-1","max-image-preview":"max-image-preview:large","max-video-preview":"max-video-preview:-1"},"canonical":"https:\/\/meripelastus.fi\/lappeenranta\/kaukas\/","og_locale":"fi_FI","og_type":"article","og_title":"Kaukas \/ VEK1082","og_description":"Kaukas soveltuu hyvin matalissa ja karikkoisissa paikoissa suoritettaviin teht\u00e4viin sek\u00e4 pienempien alusten avustamiseen. \u00a0L\u00e4ht\u00f6aika on 30 minuuttia ja Saimaalla ollessa v\u00e4lit\u00f6n. Kaukas on sijoitettuna Rapasaareen joka sijaitsee Lappeenrannan sataman yhteydess\u00e4. Ominaisuudet &#8211; Valmistaja: Petor &#8211; Koneteho: 51 kW &#8211; Rakennettu: 2018 &#8211; Propulsio: Per\u00e4moottori &#8211; Nopeus: 28 solmua &#8211; Pituus: 5,03m &#8211; Leveys: 2,05m &#8211; [&hellip;]","og_url":"https:\/\/meripelastus.fi\/lappeenranta\/kaukas\/","og_site_name":"Suomen Meripelastusseura Etel\u00e4-Saimaa","article_modified_time":"2022-09-16T18:18:03+00:00","og_image":[{"width":5760,"height":3840,"url":"https:\/\/meripelastus.fi\/lappeenranta\/wp-content\/uploads\/sites\/6\/2019\/05\/IMG_1027-2.jpg","type":"image\/jpeg"}],"twitter_card":"summary_large_image","twitter_misc":{"Arvioitu lukuaika":"1 minuutti"},"schema":{"@context":"https:\/\/schema.org","@graph":[{"@type":"WebPage","@id":"https:\/\/meripelastus.fi\/lappeenranta\/kaukas\/","url":"https:\/\/meripelastus.fi\/lappeenranta\/kaukas\/","name":"Kaukas \/ VEK1082 - Suomen Meripelastusseura Etel\u00e4-Saimaa","isPartOf":{"@id":"https:\/\/meripelastus.fi\/lappeenranta\/#website"},"primaryImageOfPage":{"@id":"https:\/\/meripelastus.fi\/lappeenranta\/kaukas\/#primaryimage"},"image":{"@id":"https:\/\/meripelastus.fi\/lappeenranta\/kaukas\/#primaryimage"},"thumbnailUrl":"https:\/\/meripelastus.fi\/lappeenranta\/wp-content\/uploads\/sites\/6\/2019\/05\/IMG_1027-2.jpg","datePublished":"2018-06-12T16:27:28+00:00","dateModified":"2022-09-16T18:18:03+00:00","breadcrumb":{"@id":"https:\/\/meripelastus.fi\/lappeenranta\/kaukas\/#breadcrumb"},"inLanguage":"fi","potentialAction":[{"@type":"ReadAction","target":["https:\/\/meripelastus.fi\/lappeenranta\/kaukas\/"]}]},{"@type":"ImageObject","inLanguage":"fi","@id":"https:\/\/meripelastus.fi\/lappeenranta\/kaukas\/#primaryimage","url":"https:\/\/meripelastus.fi\/lappeenranta\/wp-content\/uploads\/sites\/6\/2019\/05\/IMG_1027-2.jpg","contentUrl":"https:\/\/meripelastus.fi\/lappeenranta\/wp-content\/uploads\/sites\/6\/2019\/05\/IMG_1027-2.jpg","width":5760,"height":3840},{"@type":"BreadcrumbList","@id":"https:\/\/meripelastus.fi\/lappeenranta\/kaukas\/#breadcrumb","itemListElement":[{"@type":"ListItem","position":1,"name":"Etusivu","item":"https:\/\/meripelastus.fi\/lappeenranta\/"},{"@type":"ListItem","position":2,"name":"Kaukas \/ VEK1082"}]},{"@type":"WebSite","@id":"https:\/\/meripelastus.fi\/lappeenranta\/#website","url":"https:\/\/meripelastus.fi\/lappeenranta\/","name":"Suomen Meripelastusseura Etel\u00e4-Saimaa","description":"Vapaaehtoiset apunasi vesill\u00e4","potentialAction":[{"@type":"SearchAction","target":{"@type":"EntryPoint","urlTemplate":"https:\/\/meripelastus.fi\/lappeenranta\/?s={search_term_string}"},"query-input":{"@type":"PropertyValueSpecification","valueRequired":true,"valueName":"search_term_string"}}],"inLanguage":"fi"}]}},"_links":{"self":[{"href":"https:\/\/meripelastus.fi\/lappeenranta\/wp-json\/wp\/v2\/pages\/250","targetHints":{"allow":["GET"]}}],"collection":[{"href":"https:\/\/meripelastus.fi\/lappeenranta\/wp-json\/wp\/v2\/pages"}],"about":[{"href":"https:\/\/meripelastus.fi\/lappeenranta\/wp-json\/wp\/v2\/types\/page"}],"author":[{"embeddable":true,"href":"https:\/\/meripelastus.fi\/lappeenranta\/wp-json\/wp\/v2\/users\/9"}],"replies":[{"embeddable":true,"href":"https:\/\/meripelastus.fi\/lappeenranta\/wp-json\/wp\/v2\/comments?post=250"}],"version-history":[{"count":17,"href":"https:\/\/meripelastus.fi\/lappeenranta\/wp-json\/wp\/v2\/pages\/250\/revisions"}],"predecessor-version":[{"id":852,"href":"https:\/\/meripelastus.fi\/lappeenranta\/wp-json\/wp\/v2\/pages\/250\/revisions\/852"}],"wp:featuredmedia":[{"embeddable":true,"href":"https:\/\/meripelastus.fi\/lappeenranta\/wp-json\/wp\/v2\/media\/576"}],"wp:attachment":[{"href":"https:\/\/meripelastus.fi\/lappeenranta\/wp-json\/wp\/v2\/media?parent=250"}],"curies":[{"name":"wp","href":"https:\/\/api.w.org\/{rel}","templated":true}]}}