{"id":22,"date":"2018-03-19T09:18:43","date_gmt":"2018-03-19T07:18:43","guid":{"rendered":"http:\/\/etela-saimaa.smpsyhdistykset.16.testivedos.com\/?page_id=22"},"modified":"2026-01-01T22:01:25","modified_gmt":"2026-01-01T20:01:25","slug":"halytysohje","status":"publish","type":"page","link":"https:\/\/meripelastus.fi\/lappeenranta\/suomen-meripelastusseura-etela-saimaa\/halytysohje\/","title":{"rendered":"H\u00e4lytysohje"},"content":{"rendered":"<p><strong>Yleinen h\u00e4t\u00e4numero<\/strong> 112<\/p>\n<p><a href=\"https:\/\/meripelastus.fi\/trossi\/trossi-palvelunumero\/\"><strong>Meripelastusseuran palvelunumero <\/strong><\/a>(kiireett\u00f6m\u00e4t avunpyynn\u00f6t) 0800 30 22 30 (1.5.-31.10)<\/p>\n<p><strong>VHF kanava<\/strong> 16.<\/p>\n<ol>\n<li>Kerro (aluksesi) nimi ja yhteystiedot<\/li>\n<li>Kerro tarkka tapahtumapaikka<\/li>\n<li>Kerro mit\u00e4 on tapahtunut<\/li>\n<li>Montako ihmist\u00e4 on vaarassa, onko loukkaantuneita?<\/li>\n<li>Kerro mit\u00e4 apua tarvitaan<\/li>\n<li>\u00c4l\u00e4 katkaise yhteytt\u00e4 ennen kuin saat luvan<\/li>\n<\/ol>\n","protected":false},"excerpt":{"rendered":"<p>Yleinen h\u00e4t\u00e4numero 112 Meripelastusseuran palvelunumero (kiireett\u00f6m\u00e4t avunpyynn\u00f6t) 0800 30 22 30 (1.5.-31.10) VHF kanava 16. Kerro (aluksesi) nimi ja yhteystiedot Kerro tarkka tapahtumapaikka Kerro mit\u00e4 on tapahtunut Montako ihmist\u00e4 on vaarassa, onko loukkaantuneita? Kerro mit\u00e4 apua tarvitaan \u00c4l\u00e4 katkaise yhteytt\u00e4 ennen kuin saat luvan<\/p>\n","protected":false},"author":1,"featured_media":691,"parent":6,"menu_order":0,"comment_status":"closed","ping_status":"closed","template":"","meta":{"_acf_changed":false,"inline_featured_image":false,"footnotes":""},"class_list":["post-22","page","type-page","status-publish","has-post-thumbnail","hentry"],"acf":[],"yoast_head":"<!-- This site is optimized with the Yoast SEO Premium plugin v27.2 (Yoast SEO v27.2) - https:\/\/yoast.com\/product\/yoast-seo-premium-wordpress\/ -->\n<title>H\u00e4lytysohje - Suomen Meripelastusseura Etel\u00e4-Saimaa<\/title>\n<meta name=\"robots\" content=\"index, follow, max-snippet:-1, max-image-preview:large, max-video-preview:-1\" \/>\n<link rel=\"canonical\" href=\"https:\/\/meripelastus.fi\/lappeenranta\/suomen-meripelastusseura-etela-saimaa\/halytysohje\/\" \/>\n<meta property=\"og:locale\" content=\"fi_FI\" \/>\n<meta property=\"og:type\" content=\"article\" \/>\n<meta property=\"og:title\" content=\"H\u00e4lytysohje\" \/>\n<meta property=\"og:description\" content=\"Yleinen h\u00e4t\u00e4numero 112 Meripelastusseuran palvelunumero (kiireett\u00f6m\u00e4t avunpyynn\u00f6t) 0800 30 22 30 (1.5.-31.10) VHF kanava 16. Kerro (aluksesi) nimi ja yhteystiedot Kerro tarkka tapahtumapaikka Kerro mit\u00e4 on tapahtunut Montako ihmist\u00e4 on vaarassa, onko loukkaantuneita? Kerro mit\u00e4 apua tarvitaan \u00c4l\u00e4 katkaise yhteytt\u00e4 ennen kuin saat luvan\" \/>\n<meta property=\"og:url\" content=\"https:\/\/meripelastus.fi\/lappeenranta\/suomen-meripelastusseura-etela-saimaa\/halytysohje\/\" \/>\n<meta property=\"og:site_name\" content=\"Suomen Meripelastusseura Etel\u00e4-Saimaa\" \/>\n<meta property=\"article:modified_time\" content=\"2026-01-01T20:01:25+00:00\" \/>\n<meta property=\"og:image\" content=\"https:\/\/meripelastus.fi\/lappeenranta\/wp-content\/uploads\/sites\/6\/2020\/06\/IMG_0718-1-1-scaled.jpg\" \/>\n\t<meta property=\"og:image:width\" content=\"5105\" \/>\n\t<meta property=\"og:image:height\" content=\"2366\" \/>\n\t<meta property=\"og:image:type\" content=\"image\/jpeg\" \/>\n<meta name=\"twitter:card\" content=\"summary_large_image\" \/>\n<meta name=\"twitter:label1\" content=\"Arvioitu lukuaika\" \/>\n\t<meta name=\"twitter:data1\" content=\"1 minuutti\" \/>\n<script type=\"application\/ld+json\" class=\"yoast-schema-graph\">{\"@context\":\"https:\/\/schema.org\",\"@graph\":[{\"@type\":\"WebPage\",\"@id\":\"https:\/\/meripelastus.fi\/lappeenranta\/suomen-meripelastusseura-etela-saimaa\/halytysohje\/\",\"url\":\"https:\/\/meripelastus.fi\/lappeenranta\/suomen-meripelastusseura-etela-saimaa\/halytysohje\/\",\"name\":\"H\u00e4lytysohje - Suomen Meripelastusseura Etel\u00e4-Saimaa\",\"isPartOf\":{\"@id\":\"https:\/\/meripelastus.fi\/lappeenranta\/#website\"},\"primaryImageOfPage\":{\"@id\":\"https:\/\/meripelastus.fi\/lappeenranta\/suomen-meripelastusseura-etela-saimaa\/halytysohje\/#primaryimage\"},\"image\":{\"@id\":\"https:\/\/meripelastus.fi\/lappeenranta\/suomen-meripelastusseura-etela-saimaa\/halytysohje\/#primaryimage\"},\"thumbnailUrl\":\"https:\/\/meripelastus.fi\/lappeenranta\/wp-content\/uploads\/sites\/6\/2020\/06\/IMG_0718-1-1-scaled.jpg\",\"datePublished\":\"2018-03-19T07:18:43+00:00\",\"dateModified\":\"2026-01-01T20:01:25+00:00\",\"breadcrumb\":{\"@id\":\"https:\/\/meripelastus.fi\/lappeenranta\/suomen-meripelastusseura-etela-saimaa\/halytysohje\/#breadcrumb\"},\"inLanguage\":\"fi\",\"potentialAction\":[{\"@type\":\"ReadAction\",\"target\":[\"https:\/\/meripelastus.fi\/lappeenranta\/suomen-meripelastusseura-etela-saimaa\/halytysohje\/\"]}]},{\"@type\":\"ImageObject\",\"inLanguage\":\"fi\",\"@id\":\"https:\/\/meripelastus.fi\/lappeenranta\/suomen-meripelastusseura-etela-saimaa\/halytysohje\/#primaryimage\",\"url\":\"https:\/\/meripelastus.fi\/lappeenranta\/wp-content\/uploads\/sites\/6\/2020\/06\/IMG_0718-1-1-scaled.jpg\",\"contentUrl\":\"https:\/\/meripelastus.fi\/lappeenranta\/wp-content\/uploads\/sites\/6\/2020\/06\/IMG_0718-1-1-scaled.jpg\",\"width\":5105,\"height\":2366},{\"@type\":\"BreadcrumbList\",\"@id\":\"https:\/\/meripelastus.fi\/lappeenranta\/suomen-meripelastusseura-etela-saimaa\/halytysohje\/#breadcrumb\",\"itemListElement\":[{\"@type\":\"ListItem\",\"position\":1,\"name\":\"Etusivu\",\"item\":\"https:\/\/meripelastus.fi\/lappeenranta\/\"},{\"@type\":\"ListItem\",\"position\":2,\"name\":\"Suomen Meripelastusseura Etel\u00e4-Saimaa\",\"item\":\"https:\/\/meripelastus.fi\/lappeenranta\/?page_id=6\"},{\"@type\":\"ListItem\",\"position\":3,\"name\":\"H\u00e4lytysohje\"}]},{\"@type\":\"WebSite\",\"@id\":\"https:\/\/meripelastus.fi\/lappeenranta\/#website\",\"url\":\"https:\/\/meripelastus.fi\/lappeenranta\/\",\"name\":\"Suomen Meripelastusseura Etel\u00e4-Saimaa\",\"description\":\"Vapaaehtoiset apunasi vesill\u00e4\",\"potentialAction\":[{\"@type\":\"SearchAction\",\"target\":{\"@type\":\"EntryPoint\",\"urlTemplate\":\"https:\/\/meripelastus.fi\/lappeenranta\/?s={search_term_string}\"},\"query-input\":{\"@type\":\"PropertyValueSpecification\",\"valueRequired\":true,\"valueName\":\"search_term_string\"}}],\"inLanguage\":\"fi\"}]}<\/script>\n<!-- \/ Yoast SEO Premium plugin. -->","yoast_head_json":{"title":"H\u00e4lytysohje - Suomen Meripelastusseura Etel\u00e4-Saimaa","robots":{"index":"index","follow":"follow","max-snippet":"max-snippet:-1","max-image-preview":"max-image-preview:large","max-video-preview":"max-video-preview:-1"},"canonical":"https:\/\/meripelastus.fi\/lappeenranta\/suomen-meripelastusseura-etela-saimaa\/halytysohje\/","og_locale":"fi_FI","og_type":"article","og_title":"H\u00e4lytysohje","og_description":"Yleinen h\u00e4t\u00e4numero 112 Meripelastusseuran palvelunumero (kiireett\u00f6m\u00e4t avunpyynn\u00f6t) 0800 30 22 30 (1.5.-31.10) VHF kanava 16. Kerro (aluksesi) nimi ja yhteystiedot Kerro tarkka tapahtumapaikka Kerro mit\u00e4 on tapahtunut Montako ihmist\u00e4 on vaarassa, onko loukkaantuneita? Kerro mit\u00e4 apua tarvitaan \u00c4l\u00e4 katkaise yhteytt\u00e4 ennen kuin saat luvan","og_url":"https:\/\/meripelastus.fi\/lappeenranta\/suomen-meripelastusseura-etela-saimaa\/halytysohje\/","og_site_name":"Suomen Meripelastusseura Etel\u00e4-Saimaa","article_modified_time":"2026-01-01T20:01:25+00:00","og_image":[{"width":5105,"height":2366,"url":"https:\/\/meripelastus.fi\/lappeenranta\/wp-content\/uploads\/sites\/6\/2020\/06\/IMG_0718-1-1-scaled.jpg","type":"image\/jpeg"}],"twitter_card":"summary_large_image","twitter_misc":{"Arvioitu lukuaika":"1 minuutti"},"schema":{"@context":"https:\/\/schema.org","@graph":[{"@type":"WebPage","@id":"https:\/\/meripelastus.fi\/lappeenranta\/suomen-meripelastusseura-etela-saimaa\/halytysohje\/","url":"https:\/\/meripelastus.fi\/lappeenranta\/suomen-meripelastusseura-etela-saimaa\/halytysohje\/","name":"H\u00e4lytysohje - Suomen Meripelastusseura Etel\u00e4-Saimaa","isPartOf":{"@id":"https:\/\/meripelastus.fi\/lappeenranta\/#website"},"primaryImageOfPage":{"@id":"https:\/\/meripelastus.fi\/lappeenranta\/suomen-meripelastusseura-etela-saimaa\/halytysohje\/#primaryimage"},"image":{"@id":"https:\/\/meripelastus.fi\/lappeenranta\/suomen-meripelastusseura-etela-saimaa\/halytysohje\/#primaryimage"},"thumbnailUrl":"https:\/\/meripelastus.fi\/lappeenranta\/wp-content\/uploads\/sites\/6\/2020\/06\/IMG_0718-1-1-scaled.jpg","datePublished":"2018-03-19T07:18:43+00:00","dateModified":"2026-01-01T20:01:25+00:00","breadcrumb":{"@id":"https:\/\/meripelastus.fi\/lappeenranta\/suomen-meripelastusseura-etela-saimaa\/halytysohje\/#breadcrumb"},"inLanguage":"fi","potentialAction":[{"@type":"ReadAction","target":["https:\/\/meripelastus.fi\/lappeenranta\/suomen-meripelastusseura-etela-saimaa\/halytysohje\/"]}]},{"@type":"ImageObject","inLanguage":"fi","@id":"https:\/\/meripelastus.fi\/lappeenranta\/suomen-meripelastusseura-etela-saimaa\/halytysohje\/#primaryimage","url":"https:\/\/meripelastus.fi\/lappeenranta\/wp-content\/uploads\/sites\/6\/2020\/06\/IMG_0718-1-1-scaled.jpg","contentUrl":"https:\/\/meripelastus.fi\/lappeenranta\/wp-content\/uploads\/sites\/6\/2020\/06\/IMG_0718-1-1-scaled.jpg","width":5105,"height":2366},{"@type":"BreadcrumbList","@id":"https:\/\/meripelastus.fi\/lappeenranta\/suomen-meripelastusseura-etela-saimaa\/halytysohje\/#breadcrumb","itemListElement":[{"@type":"ListItem","position":1,"name":"Etusivu","item":"https:\/\/meripelastus.fi\/lappeenranta\/"},{"@type":"ListItem","position":2,"name":"Suomen Meripelastusseura Etel\u00e4-Saimaa","item":"https:\/\/meripelastus.fi\/lappeenranta\/?page_id=6"},{"@type":"ListItem","position":3,"name":"H\u00e4lytysohje"}]},{"@type":"WebSite","@id":"https:\/\/meripelastus.fi\/lappeenranta\/#website","url":"https:\/\/meripelastus.fi\/lappeenranta\/","name":"Suomen Meripelastusseura Etel\u00e4-Saimaa","description":"Vapaaehtoiset apunasi vesill\u00e4","potentialAction":[{"@type":"SearchAction","target":{"@type":"EntryPoint","urlTemplate":"https:\/\/meripelastus.fi\/lappeenranta\/?s={search_term_string}"},"query-input":{"@type":"PropertyValueSpecification","valueRequired":true,"valueName":"search_term_string"}}],"inLanguage":"fi"}]}},"_links":{"self":[{"href":"https:\/\/meripelastus.fi\/lappeenranta\/wp-json\/wp\/v2\/pages\/22","targetHints":{"allow":["GET"]}}],"collection":[{"href":"https:\/\/meripelastus.fi\/lappeenranta\/wp-json\/wp\/v2\/pages"}],"about":[{"href":"https:\/\/meripelastus.fi\/lappeenranta\/wp-json\/wp\/v2\/types\/page"}],"author":[{"embeddable":true,"href":"https:\/\/meripelastus.fi\/lappeenranta\/wp-json\/wp\/v2\/users\/1"}],"replies":[{"embeddable":true,"href":"https:\/\/meripelastus.fi\/lappeenranta\/wp-json\/wp\/v2\/comments?post=22"}],"version-history":[{"count":5,"href":"https:\/\/meripelastus.fi\/lappeenranta\/wp-json\/wp\/v2\/pages\/22\/revisions"}],"predecessor-version":[{"id":1217,"href":"https:\/\/meripelastus.fi\/lappeenranta\/wp-json\/wp\/v2\/pages\/22\/revisions\/1217"}],"up":[{"embeddable":true,"href":"https:\/\/meripelastus.fi\/lappeenranta\/wp-json\/wp\/v2\/pages\/6"}],"wp:featuredmedia":[{"embeddable":true,"href":"https:\/\/meripelastus.fi\/lappeenranta\/wp-json\/wp\/v2\/media\/691"}],"wp:attachment":[{"href":"https:\/\/meripelastus.fi\/lappeenranta\/wp-json\/wp\/v2\/media?parent=22"}],"curies":[{"name":"wp","href":"https:\/\/api.w.org\/{rel}","templated":true}]}}