{"id":184,"date":"2018-06-12T09:11:01","date_gmt":"2018-06-12T06:11:01","guid":{"rendered":"http:\/\/etela-saimaa.smpsyhdistykset.16.testivedos.com\/?page_id=184"},"modified":"2025-10-07T13:20:19","modified_gmt":"2025-10-07T10:20:19","slug":"tule-mukaan","status":"publish","type":"page","link":"https:\/\/meripelastus.fi\/lappeenranta\/koulutus\/tule-mukaan\/","title":{"rendered":"Tule mukaan"},"content":{"rendered":"\n<p><\/p>\n\n\n\n<p>Kanssaihmisten auttaminen, Saimaan alueen vesist\u00f6\u00f6n tutustuminen sek\u00e4 monipuolinen pelastus- ja merenkulkukoulutus ovat paketti, mit\u00e4 mik\u00e4\u00e4n muu harrastus ei tarjoa.<\/p>\n\n\n\n<p>Meripelastajana olet:<\/p>\n\n\n\n<p>&#8211; V\u00e4hint\u00e4\u00e4n 18-vuotias <\/p>\n\n\n\n<p>&#8211; Uimataitoinen<\/p>\n\n\n\n<p>&#8211; Perusterve<\/p>\n\n\n\n<p>&#8211; Innokas<\/p>\n\n\n\n<p>&#8211; Sitoutunut<\/p>\n\n\n\n<p>Koulutamme sinut teht\u00e4v\u00e4\u00e4n, aiempaa osaamista ei vaadita. T\u00e4rkeint\u00e4 on, ett\u00e4 haluat olla auttamassa apua tarvitsevia.<\/p>\n\n\n\n<p>Tutustu my\u00f6s <a href=\"https:\/\/view.24mags.com\/mobilev\/b96aff83a6a4bbbdcfbada9f7d2ead#\/page=1\">Meripelastusseuran hakijan oppaaseen.<\/a><\/p>\n\n\n\n<p>Lue lis\u00e4\u00e4 koulutuksesta t\u00e4\u00e4lt\u00e4:&nbsp;<a href=\"https:\/\/meripelastus.fi\/lappeenranta\/koulutus\/koulutus\/\">https:\/\/meripelastus.fi\/lappeenranta\/koulutus\/koulutus\/<\/a><\/p>\n\n\n\n<p>Jos et pysty terveydentilan tai el\u00e4m\u00e4ntilanteen takia osallistumaan h\u00e4lytysmiehist\u00f6\u00f6n mutta olet muuten kiinnostunut toiminnasta, pystymme mahdollisesti tarjoamaan muita teht\u00e4vi\u00e4 yhdistyksest\u00e4. Alusten huolto ja kunnossapito, hallinnon teht\u00e4v\u00e4t sek\u00e4 varainkeruu ovat t\u00e4rkeit\u00e4 teht\u00e4vi\u00e4, joten jos kiinnostuit ole yhteydess\u00e4 yhdistyksemme puheenjohtajaan.<\/p>\n\n\n\n<p>Yhdistyksemme j\u00e4seneksi voit liitty\u00e4 alla olevan linkin kautta.<br><a href=\"https:\/\/meripelastus.fi\/jasenyys\/liittymislomakkeet\/\">Liity j\u00e4seneksi<\/a><\/p>\n","protected":false},"excerpt":{"rendered":"<p>Kanssaihmisten auttaminen, Saimaan alueen vesist\u00f6\u00f6n tutustuminen sek\u00e4 monipuolinen pelastus- ja merenkulkukoulutus ovat paketti, mit\u00e4 mik\u00e4\u00e4n muu harrastus ei tarjoa. Meripelastajana olet: &#8211; V\u00e4hint\u00e4\u00e4n 18-vuotias &#8211; Uimataitoinen &#8211; Perusterve &#8211; Innokas &#8211; Sitoutunut Koulutamme sinut teht\u00e4v\u00e4\u00e4n, aiempaa osaamista ei vaadita. T\u00e4rkeint\u00e4 on, ett\u00e4 haluat olla auttamassa apua tarvitsevia. Tutustu my\u00f6s Meripelastusseuran hakijan oppaaseen. Lue lis\u00e4\u00e4 koulutuksesta [&hellip;]<\/p>\n","protected":false},"author":1,"featured_media":0,"parent":180,"menu_order":0,"comment_status":"closed","ping_status":"closed","template":"","meta":{"_acf_changed":false,"inline_featured_image":false,"footnotes":""},"class_list":["post-184","page","type-page","status-publish","hentry"],"acf":[],"yoast_head":"<!-- This site is optimized with the Yoast SEO Premium plugin v27.2 (Yoast SEO v27.2) - https:\/\/yoast.com\/product\/yoast-seo-premium-wordpress\/ -->\n<title>Tule mukaan - Suomen Meripelastusseura Etel\u00e4-Saimaa<\/title>\n<meta name=\"robots\" content=\"index, follow, max-snippet:-1, max-image-preview:large, max-video-preview:-1\" \/>\n<link rel=\"canonical\" href=\"https:\/\/meripelastus.fi\/lappeenranta\/koulutus\/tule-mukaan\/\" \/>\n<meta property=\"og:locale\" content=\"fi_FI\" \/>\n<meta property=\"og:type\" content=\"article\" \/>\n<meta property=\"og:title\" content=\"Tule mukaan\" \/>\n<meta property=\"og:description\" content=\"Kanssaihmisten auttaminen, Saimaan alueen vesist\u00f6\u00f6n tutustuminen sek\u00e4 monipuolinen pelastus- ja merenkulkukoulutus ovat paketti, mit\u00e4 mik\u00e4\u00e4n muu harrastus ei tarjoa. Meripelastajana olet: &#8211; V\u00e4hint\u00e4\u00e4n 18-vuotias &#8211; Uimataitoinen &#8211; Perusterve &#8211; Innokas &#8211; Sitoutunut Koulutamme sinut teht\u00e4v\u00e4\u00e4n, aiempaa osaamista ei vaadita. T\u00e4rkeint\u00e4 on, ett\u00e4 haluat olla auttamassa apua tarvitsevia. Tutustu my\u00f6s Meripelastusseuran hakijan oppaaseen. Lue lis\u00e4\u00e4 koulutuksesta [&hellip;]\" \/>\n<meta property=\"og:url\" content=\"https:\/\/meripelastus.fi\/lappeenranta\/koulutus\/tule-mukaan\/\" \/>\n<meta property=\"og:site_name\" content=\"Suomen Meripelastusseura Etel\u00e4-Saimaa\" \/>\n<meta property=\"article:modified_time\" content=\"2025-10-07T10:20:19+00:00\" \/>\n<meta name=\"twitter:card\" content=\"summary_large_image\" \/>\n<meta name=\"twitter:label1\" content=\"Arvioitu lukuaika\" \/>\n\t<meta name=\"twitter:data1\" content=\"1 minuutti\" \/>\n<script type=\"application\/ld+json\" class=\"yoast-schema-graph\">{\"@context\":\"https:\/\/schema.org\",\"@graph\":[{\"@type\":\"WebPage\",\"@id\":\"https:\/\/meripelastus.fi\/lappeenranta\/koulutus\/tule-mukaan\/\",\"url\":\"https:\/\/meripelastus.fi\/lappeenranta\/koulutus\/tule-mukaan\/\",\"name\":\"Tule mukaan - Suomen Meripelastusseura Etel\u00e4-Saimaa\",\"isPartOf\":{\"@id\":\"https:\/\/meripelastus.fi\/lappeenranta\/#website\"},\"datePublished\":\"2018-06-12T06:11:01+00:00\",\"dateModified\":\"2025-10-07T10:20:19+00:00\",\"breadcrumb\":{\"@id\":\"https:\/\/meripelastus.fi\/lappeenranta\/koulutus\/tule-mukaan\/#breadcrumb\"},\"inLanguage\":\"fi\",\"potentialAction\":[{\"@type\":\"ReadAction\",\"target\":[\"https:\/\/meripelastus.fi\/lappeenranta\/koulutus\/tule-mukaan\/\"]}]},{\"@type\":\"BreadcrumbList\",\"@id\":\"https:\/\/meripelastus.fi\/lappeenranta\/koulutus\/tule-mukaan\/#breadcrumb\",\"itemListElement\":[{\"@type\":\"ListItem\",\"position\":1,\"name\":\"Etusivu\",\"item\":\"https:\/\/meripelastus.fi\/lappeenranta\/\"},{\"@type\":\"ListItem\",\"position\":2,\"name\":\"Koulutus\",\"item\":\"https:\/\/meripelastus.fi\/lappeenranta\/?page_id=180\"},{\"@type\":\"ListItem\",\"position\":3,\"name\":\"Tule mukaan\"}]},{\"@type\":\"WebSite\",\"@id\":\"https:\/\/meripelastus.fi\/lappeenranta\/#website\",\"url\":\"https:\/\/meripelastus.fi\/lappeenranta\/\",\"name\":\"Suomen Meripelastusseura Etel\u00e4-Saimaa\",\"description\":\"Vapaaehtoiset apunasi vesill\u00e4\",\"potentialAction\":[{\"@type\":\"SearchAction\",\"target\":{\"@type\":\"EntryPoint\",\"urlTemplate\":\"https:\/\/meripelastus.fi\/lappeenranta\/?s={search_term_string}\"},\"query-input\":{\"@type\":\"PropertyValueSpecification\",\"valueRequired\":true,\"valueName\":\"search_term_string\"}}],\"inLanguage\":\"fi\"}]}<\/script>\n<!-- \/ Yoast SEO Premium plugin. -->","yoast_head_json":{"title":"Tule mukaan - Suomen Meripelastusseura Etel\u00e4-Saimaa","robots":{"index":"index","follow":"follow","max-snippet":"max-snippet:-1","max-image-preview":"max-image-preview:large","max-video-preview":"max-video-preview:-1"},"canonical":"https:\/\/meripelastus.fi\/lappeenranta\/koulutus\/tule-mukaan\/","og_locale":"fi_FI","og_type":"article","og_title":"Tule mukaan","og_description":"Kanssaihmisten auttaminen, Saimaan alueen vesist\u00f6\u00f6n tutustuminen sek\u00e4 monipuolinen pelastus- ja merenkulkukoulutus ovat paketti, mit\u00e4 mik\u00e4\u00e4n muu harrastus ei tarjoa. Meripelastajana olet: &#8211; V\u00e4hint\u00e4\u00e4n 18-vuotias &#8211; Uimataitoinen &#8211; Perusterve &#8211; Innokas &#8211; Sitoutunut Koulutamme sinut teht\u00e4v\u00e4\u00e4n, aiempaa osaamista ei vaadita. T\u00e4rkeint\u00e4 on, ett\u00e4 haluat olla auttamassa apua tarvitsevia. Tutustu my\u00f6s Meripelastusseuran hakijan oppaaseen. Lue lis\u00e4\u00e4 koulutuksesta [&hellip;]","og_url":"https:\/\/meripelastus.fi\/lappeenranta\/koulutus\/tule-mukaan\/","og_site_name":"Suomen Meripelastusseura Etel\u00e4-Saimaa","article_modified_time":"2025-10-07T10:20:19+00:00","twitter_card":"summary_large_image","twitter_misc":{"Arvioitu lukuaika":"1 minuutti"},"schema":{"@context":"https:\/\/schema.org","@graph":[{"@type":"WebPage","@id":"https:\/\/meripelastus.fi\/lappeenranta\/koulutus\/tule-mukaan\/","url":"https:\/\/meripelastus.fi\/lappeenranta\/koulutus\/tule-mukaan\/","name":"Tule mukaan - Suomen Meripelastusseura Etel\u00e4-Saimaa","isPartOf":{"@id":"https:\/\/meripelastus.fi\/lappeenranta\/#website"},"datePublished":"2018-06-12T06:11:01+00:00","dateModified":"2025-10-07T10:20:19+00:00","breadcrumb":{"@id":"https:\/\/meripelastus.fi\/lappeenranta\/koulutus\/tule-mukaan\/#breadcrumb"},"inLanguage":"fi","potentialAction":[{"@type":"ReadAction","target":["https:\/\/meripelastus.fi\/lappeenranta\/koulutus\/tule-mukaan\/"]}]},{"@type":"BreadcrumbList","@id":"https:\/\/meripelastus.fi\/lappeenranta\/koulutus\/tule-mukaan\/#breadcrumb","itemListElement":[{"@type":"ListItem","position":1,"name":"Etusivu","item":"https:\/\/meripelastus.fi\/lappeenranta\/"},{"@type":"ListItem","position":2,"name":"Koulutus","item":"https:\/\/meripelastus.fi\/lappeenranta\/?page_id=180"},{"@type":"ListItem","position":3,"name":"Tule mukaan"}]},{"@type":"WebSite","@id":"https:\/\/meripelastus.fi\/lappeenranta\/#website","url":"https:\/\/meripelastus.fi\/lappeenranta\/","name":"Suomen Meripelastusseura Etel\u00e4-Saimaa","description":"Vapaaehtoiset apunasi vesill\u00e4","potentialAction":[{"@type":"SearchAction","target":{"@type":"EntryPoint","urlTemplate":"https:\/\/meripelastus.fi\/lappeenranta\/?s={search_term_string}"},"query-input":{"@type":"PropertyValueSpecification","valueRequired":true,"valueName":"search_term_string"}}],"inLanguage":"fi"}]}},"_links":{"self":[{"href":"https:\/\/meripelastus.fi\/lappeenranta\/wp-json\/wp\/v2\/pages\/184","targetHints":{"allow":["GET"]}}],"collection":[{"href":"https:\/\/meripelastus.fi\/lappeenranta\/wp-json\/wp\/v2\/pages"}],"about":[{"href":"https:\/\/meripelastus.fi\/lappeenranta\/wp-json\/wp\/v2\/types\/page"}],"author":[{"embeddable":true,"href":"https:\/\/meripelastus.fi\/lappeenranta\/wp-json\/wp\/v2\/users\/1"}],"replies":[{"embeddable":true,"href":"https:\/\/meripelastus.fi\/lappeenranta\/wp-json\/wp\/v2\/comments?post=184"}],"version-history":[{"count":27,"href":"https:\/\/meripelastus.fi\/lappeenranta\/wp-json\/wp\/v2\/pages\/184\/revisions"}],"predecessor-version":[{"id":1205,"href":"https:\/\/meripelastus.fi\/lappeenranta\/wp-json\/wp\/v2\/pages\/184\/revisions\/1205"}],"up":[{"embeddable":true,"href":"https:\/\/meripelastus.fi\/lappeenranta\/wp-json\/wp\/v2\/pages\/180"}],"wp:attachment":[{"href":"https:\/\/meripelastus.fi\/lappeenranta\/wp-json\/wp\/v2\/media?parent=184"}],"curies":[{"name":"wp","href":"https:\/\/api.w.org\/{rel}","templated":true}]}}