{"id":182,"date":"2018-06-12T09:10:45","date_gmt":"2018-06-12T06:10:45","guid":{"rendered":"http:\/\/etela-saimaa.smpsyhdistykset.16.testivedos.com\/?page_id=182"},"modified":"2026-01-16T23:12:09","modified_gmt":"2026-01-16T21:12:09","slug":"koulutus","status":"publish","type":"page","link":"https:\/\/meripelastus.fi\/lappeenranta\/koulutus\/koulutus\/","title":{"rendered":"Koulutus"},"content":{"rendered":"<p>Koulutamme kaikki miehist\u00f6n j\u00e4senemme. Koulutus tapahtuu yhdistyksen viikkoharjoituksissa jotka ovat maanantai-iltaisin Rapasaaren asemalla, viikonlopun kest\u00e4viss\u00e4 harjoituksissa, partioajoissa sek\u00e4 Meripelastusseuran j\u00e4rjest\u00e4mill\u00e4 kursseilla B\u00e5gask\u00e4riss\u00e4.<\/p>\n<p>Koulutus tapahtuu Suomen Meripelastusseuran koulutusj\u00e4rjestelm\u00e4n mukaisesti, harjoittelijasta pelastusaluksen p\u00e4\u00e4llik\u00f6ksi asti.<\/p>\n<p><a href=\"http:\/\/view.24mags.com\/mobilev\/fa2d67ed5e49d76a3a3dde8d5872d78e#\/page=1\" target=\"_blank\" rel=\"noopener noreferrer\">Koulutusj\u00e4rjestelm\u00e4n kuvaus<\/a><br \/><a href=\"http:\/\/view.24mags.com\/mobilev\/d259ffb696ed449c575ff1480eae8659\" target=\"_blank\" rel=\"noopener noreferrer\">Miehist\u00f6n koulutussuunnitelma<br \/><\/a><a href=\"http:\/\/view.24mags.com\/mobilev\/dfed6354f8ffa73f02531bdf4241edfc\" target=\"_blank\" rel=\"noopener noreferrer\">P\u00e4\u00e4llyst\u00f6n koulutussuunnitelma<\/a><\/p>\n<p><img loading=\"lazy\" decoding=\"async\" class=\"alignnone wp-image-876\" src=\"https:\/\/meripelastus.fi\/lappeenranta\/wp-content\/uploads\/sites\/6\/2023\/03\/koulutustasot-muokattu-300x129.jpg\" alt=\"\" width=\"535\" height=\"230\" srcset=\"https:\/\/meripelastus.fi\/lappeenranta\/wp-content\/uploads\/sites\/6\/2023\/03\/koulutustasot-muokattu-300x129.jpg 300w, https:\/\/meripelastus.fi\/lappeenranta\/wp-content\/uploads\/sites\/6\/2023\/03\/koulutustasot-muokattu.jpg 638w\" sizes=\"auto, (max-width: 535px) 100vw, 535px\" \/><\/p>\n<p><img loading=\"lazy\" decoding=\"async\" class=\"wp-image-1012 size-large\" src=\"https:\/\/meripelastus.fi\/lappeenranta\/wp-content\/uploads\/sites\/6\/2024\/01\/DJI_0607_pieni-1024x576.jpg\" alt=\"\" width=\"1024\" height=\"576\" srcset=\"https:\/\/meripelastus.fi\/lappeenranta\/wp-content\/uploads\/sites\/6\/2024\/01\/DJI_0607_pieni-1024x576.jpg 1024w, https:\/\/meripelastus.fi\/lappeenranta\/wp-content\/uploads\/sites\/6\/2024\/01\/DJI_0607_pieni-300x169.jpg 300w, https:\/\/meripelastus.fi\/lappeenranta\/wp-content\/uploads\/sites\/6\/2024\/01\/DJI_0607_pieni-768x432.jpg 768w, https:\/\/meripelastus.fi\/lappeenranta\/wp-content\/uploads\/sites\/6\/2024\/01\/DJI_0607_pieni-1536x864.jpg 1536w, https:\/\/meripelastus.fi\/lappeenranta\/wp-content\/uploads\/sites\/6\/2024\/01\/DJI_0607_pieni.jpg 2000w\" sizes=\"auto, (max-width: 1024px) 100vw, 1024px\" \/><\/p>\n<p>Kev\u00e4isin ja syksyisin j\u00e4rjestett\u00e4v\u00e4ss\u00e4 rekrytointitilaisuudessa kerrotaan yhdistyksen toiminnasta sek\u00e4 vapaaehtoisena meripelastajana toimimisesta. Tilaisuudessa kerrotaan my\u00f6s tarkemmin tulokkaiden koulutusviikonlopun ohjelmasta ja aikataulusta.<\/p>\n<p>P\u00e4\u00e4syvaatimukset miehist\u00f6\u00f6n ovat normaali fyysinen ja psyykkinen kunto sek\u00e4 uimataito. Et tarvitse aikaisempaa veneily tai pelastusalan koulutusta, koulutamme sinut teht\u00e4v\u00e4\u00e4n. Toivomme sitoutumista sek\u00e4 kiinnostusta harrastusta kohtaan. Ik\u00e4raja toimintaamme on 18 vuotta.<\/p>\n<p>Tulokas koulutusviikonlopun j\u00e4lkeen sinulle on opetettu, meripelastusaluksen t\u00e4rkeimm\u00e4t ominaisuudet sek\u00e4 toiminnot, pelastuspuvun kanssa vedess\u00e4 toimiminen, alkusammutus, aluksen kiinnitys laituriin sek\u00e4 solmut. N\u00e4iden lis\u00e4ksi viestiliikenne, t\u00e4hyst\u00e4minen sek\u00e4 aluksen vieminen rantaan tai laituriin h\u00e4t\u00e4tilanteessa kuuluvat viikonlopun ohjelmaan. Viikonlopun j\u00e4lkeen saat Harjoittelijan koulutustason ja aloitat kansimies koulutuksen maanantai-illan harjoituksissa.<\/p>\n<p><img loading=\"lazy\" decoding=\"async\" class=\"alignnone wp-image-900 size-large\" src=\"https:\/\/meripelastus.fi\/lappeenranta\/wp-content\/uploads\/sites\/6\/2023\/05\/IMG_1437_1-1024x683.jpg\" alt=\"\" width=\"1024\" height=\"683\" srcset=\"https:\/\/meripelastus.fi\/lappeenranta\/wp-content\/uploads\/sites\/6\/2023\/05\/IMG_1437_1-1024x683.jpg 1024w, https:\/\/meripelastus.fi\/lappeenranta\/wp-content\/uploads\/sites\/6\/2023\/05\/IMG_1437_1-300x200.jpg 300w, https:\/\/meripelastus.fi\/lappeenranta\/wp-content\/uploads\/sites\/6\/2023\/05\/IMG_1437_1-768x512.jpg 768w, https:\/\/meripelastus.fi\/lappeenranta\/wp-content\/uploads\/sites\/6\/2023\/05\/IMG_1437_1-1536x1024.jpg 1536w, https:\/\/meripelastus.fi\/lappeenranta\/wp-content\/uploads\/sites\/6\/2023\/05\/IMG_1437_1-2048x1366.jpg 2048w\" sizes=\"auto, (max-width: 1024px) 100vw, 1024px\" \/><\/p>\n<p>Kansimieskoulutus kest\u00e4\u00e4 noin vuoden. Kansimies on meripelastusaluksella ns &#8221;ty\u00f6rukkanen&#8221; jonka t\u00e4ytyy hallita paljon eri asioita. Koulutukseen kuuluu ty\u00f6turvallisuus, oman aluksen h\u00e4t\u00e4tilanteiden hoito, meripelastusj\u00e4rjestelm\u00e4, merimiestaito johon kuuluu mm. aluksen k\u00e4sittely sek\u00e4 k\u00f6ysien k\u00e4sittely ja solmut, navigointilaitteet, viestiliikenne, t\u00e4hyst\u00e4minen, pintapelastus, palonsammutus, ensiapu, erilaiset avustusteht\u00e4v\u00e4t, mm. hinaus ja vuotavat alukset, meripelastusaluksen tekniikka sek\u00e4 huoltotoimet.<\/p>\n<p><img loading=\"lazy\" decoding=\"async\" class=\"alignnone wp-image-282 size-large\" src=\"http:\/\/etela-saimaa.smpsyhdistykset.16.testivedos.com\/wp-content\/uploads\/sites\/6\/2018\/06\/IMG_5953-1-1024x683.jpg\" alt=\"\" width=\"1024\" height=\"683\" srcset=\"https:\/\/meripelastus.fi\/lappeenranta\/wp-content\/uploads\/sites\/6\/2018\/06\/IMG_5953-1-1024x683.jpg 1024w, https:\/\/meripelastus.fi\/lappeenranta\/wp-content\/uploads\/sites\/6\/2018\/06\/IMG_5953-1-300x200.jpg 300w, https:\/\/meripelastus.fi\/lappeenranta\/wp-content\/uploads\/sites\/6\/2018\/06\/IMG_5953-1-768x512.jpg 768w\" sizes=\"auto, (max-width: 1024px) 100vw, 1024px\" \/><\/p>\n<p>Kansimiesnimityksen j\u00e4lkeen sinulla on mahdollisuus suorittaa aliper\u00e4mieskoulutus jonka j\u00e4lkeen voit toimia apuveneen p\u00e4\u00e4llikk\u00f6n\u00e4. T\u00e4m\u00e4n j\u00e4lkeen sinulla on mahdollisuus edet\u00e4 p\u00e4\u00e4llyst\u00f6koulutukseen.<\/p>\n\n\n<figure class=\"wp-block-image size-large\"><img loading=\"lazy\" decoding=\"async\" width=\"1024\" height=\"1024\" src=\"https:\/\/meripelastus.fi\/lappeenranta\/wp-content\/uploads\/sites\/6\/2024\/01\/IMG_2205_1-edited-1024x1024.jpg\" alt=\"\" class=\"wp-image-1014\" srcset=\"https:\/\/meripelastus.fi\/lappeenranta\/wp-content\/uploads\/sites\/6\/2024\/01\/IMG_2205_1-edited-1024x1024.jpg 1024w, https:\/\/meripelastus.fi\/lappeenranta\/wp-content\/uploads\/sites\/6\/2024\/01\/IMG_2205_1-edited-300x300.jpg 300w, https:\/\/meripelastus.fi\/lappeenranta\/wp-content\/uploads\/sites\/6\/2024\/01\/IMG_2205_1-edited-150x150.jpg 150w, https:\/\/meripelastus.fi\/lappeenranta\/wp-content\/uploads\/sites\/6\/2024\/01\/IMG_2205_1-edited-768x768.jpg 768w, https:\/\/meripelastus.fi\/lappeenranta\/wp-content\/uploads\/sites\/6\/2024\/01\/IMG_2205_1-edited-1536x1536.jpg 1536w, https:\/\/meripelastus.fi\/lappeenranta\/wp-content\/uploads\/sites\/6\/2024\/01\/IMG_2205_1-edited-160x160.jpg 160w, https:\/\/meripelastus.fi\/lappeenranta\/wp-content\/uploads\/sites\/6\/2024\/01\/IMG_2205_1-edited.jpg 2000w\" sizes=\"auto, (max-width: 1024px) 100vw, 1024px\" \/><\/figure>\n\n\n<p>P\u00e4\u00e4llyst\u00f6koulutus alkaa talvikaudella teoriakoulutuksella jossa k\u00e4yd\u00e4\u00e4n l\u00e4pi yksik\u00f6n johtamiseen, p\u00e4\u00e4llik\u00f6n vastuisiin, viranomaisyhteisty\u00f6h\u00f6n sek\u00e4 viestint\u00e4\u00e4n liittyvi\u00e4 asioita. Avovesikaudella harjoittelu toteutetaan erill\u00e4\u00e4n miehist\u00f6nkoulutuksesta. P\u00e4\u00e4llyst\u00f6n harjoitusillat toteutetaan case tyyppisesti, joissa p\u00e4\u00e4llyst\u00f6koulutuksessa olevat henkil\u00f6t toimivat vuorollaan aluksen harjoitusp\u00e4\u00e4llikk\u00f6n\u00e4 ja muut aluksen miehist\u00f6ss\u00e4. Kauden loppupuolella henkil\u00f6t nimitet\u00e4\u00e4n per\u00e4miehiksi.<\/p>\n<p>Per\u00e4mies nimityksen j\u00e4lkeen henkil\u00f6 voi toimia isomman aluksen per\u00e4miehen\u00e4. N\u00e4iss\u00e4 teht\u00e4viss\u00e4 henkil\u00f6 ker\u00e4\u00e4 kokemusta erilaisista pelastus- ja avustusteht\u00e4vist\u00e4 sek\u00e4 partioajoilla ja viikkokoulutuksissa tapahtuvista koulutuksista. Riitt\u00e4v\u00e4n osaamisen ja kokemuksen kartuttua henkil\u00f6ll\u00e4 on mahdollisuus saada p\u00e4\u00e4llik\u00f6n koulutustaso sek\u00e4 teht\u00e4v\u00e4m\u00e4\u00e4r\u00e4ys isomman aluksen p\u00e4\u00e4llik\u00f6intiin.<\/p>\n<p><img loading=\"lazy\" decoding=\"async\" class=\"alignnone wp-image-281 size-large\" src=\"http:\/\/etela-saimaa.smpsyhdistykset.16.testivedos.com\/wp-content\/uploads\/sites\/6\/2018\/06\/IMG_5250-1-683x1024.jpg\" alt=\"\" width=\"683\" height=\"1024\" srcset=\"https:\/\/meripelastus.fi\/lappeenranta\/wp-content\/uploads\/sites\/6\/2018\/06\/IMG_5250-1-683x1024.jpg 683w, https:\/\/meripelastus.fi\/lappeenranta\/wp-content\/uploads\/sites\/6\/2018\/06\/IMG_5250-1-200x300.jpg 200w, https:\/\/meripelastus.fi\/lappeenranta\/wp-content\/uploads\/sites\/6\/2018\/06\/IMG_5250-1-768x1152.jpg 768w\" sizes=\"auto, (max-width: 683px) 100vw, 683px\" \/><\/p>","protected":false},"excerpt":{"rendered":"<p>Koulutamme kaikki miehist\u00f6n j\u00e4senemme. Koulutus tapahtuu yhdistyksen viikkoharjoituksissa jotka ovat maanantai-iltaisin Rapasaaren asemalla, viikonlopun kest\u00e4viss\u00e4 harjoituksissa, partioajoissa sek\u00e4 Meripelastusseuran j\u00e4rjest\u00e4mill\u00e4 kursseilla B\u00e5gask\u00e4riss\u00e4. Koulutus tapahtuu Suomen Meripelastusseuran koulutusj\u00e4rjestelm\u00e4n mukaisesti, harjoittelijasta pelastusaluksen p\u00e4\u00e4llik\u00f6ksi asti. Koulutusj\u00e4rjestelm\u00e4n kuvausMiehist\u00f6n koulutussuunnitelmaP\u00e4\u00e4llyst\u00f6n koulutussuunnitelma Kev\u00e4isin ja syksyisin j\u00e4rjestett\u00e4v\u00e4ss\u00e4 rekrytointitilaisuudessa kerrotaan yhdistyksen toiminnasta sek\u00e4 vapaaehtoisena meripelastajana toimimisesta. Tilaisuudessa kerrotaan my\u00f6s tarkemmin tulokkaiden koulutusviikonlopun ohjelmasta [&hellip;]<\/p>\n","protected":false},"author":1,"featured_media":901,"parent":180,"menu_order":0,"comment_status":"closed","ping_status":"closed","template":"","meta":{"_acf_changed":false,"inline_featured_image":false,"footnotes":""},"class_list":["post-182","page","type-page","status-publish","has-post-thumbnail","hentry"],"acf":[],"yoast_head":"<!-- This site is optimized with the Yoast SEO Premium plugin v27.4 (Yoast SEO v27.4) - https:\/\/yoast.com\/product\/yoast-seo-premium-wordpress\/ -->\n<title>Koulutus - Suomen Meripelastusseura Etel\u00e4-Saimaa<\/title>\n<meta name=\"robots\" content=\"index, follow, max-snippet:-1, max-image-preview:large, max-video-preview:-1\" \/>\n<link rel=\"canonical\" href=\"https:\/\/meripelastus.fi\/lappeenranta\/koulutus\/koulutus\/\" \/>\n<meta property=\"og:locale\" content=\"fi_FI\" \/>\n<meta property=\"og:type\" content=\"article\" \/>\n<meta property=\"og:title\" content=\"Koulutus\" \/>\n<meta property=\"og:description\" content=\"Koulutamme kaikki miehist\u00f6n j\u00e4senemme. Koulutus tapahtuu yhdistyksen viikkoharjoituksissa jotka ovat maanantai-iltaisin Rapasaaren asemalla, viikonlopun kest\u00e4viss\u00e4 harjoituksissa, partioajoissa sek\u00e4 Meripelastusseuran j\u00e4rjest\u00e4mill\u00e4 kursseilla B\u00e5gask\u00e4riss\u00e4. Koulutus tapahtuu Suomen Meripelastusseuran koulutusj\u00e4rjestelm\u00e4n mukaisesti, harjoittelijasta pelastusaluksen p\u00e4\u00e4llik\u00f6ksi asti. Koulutusj\u00e4rjestelm\u00e4n kuvausMiehist\u00f6n koulutussuunnitelmaP\u00e4\u00e4llyst\u00f6n koulutussuunnitelma Kev\u00e4isin ja syksyisin j\u00e4rjestett\u00e4v\u00e4ss\u00e4 rekrytointitilaisuudessa kerrotaan yhdistyksen toiminnasta sek\u00e4 vapaaehtoisena meripelastajana toimimisesta. Tilaisuudessa kerrotaan my\u00f6s tarkemmin tulokkaiden koulutusviikonlopun ohjelmasta [&hellip;]\" \/>\n<meta property=\"og:url\" content=\"https:\/\/meripelastus.fi\/lappeenranta\/koulutus\/koulutus\/\" \/>\n<meta property=\"og:site_name\" content=\"Suomen Meripelastusseura Etel\u00e4-Saimaa\" \/>\n<meta property=\"article:modified_time\" content=\"2026-01-16T21:12:09+00:00\" \/>\n<meta property=\"og:image\" content=\"https:\/\/meripelastus.fi\/lappeenranta\/wp-content\/uploads\/sites\/6\/2023\/05\/IMG_1437_1-1.jpg\" \/>\n\t<meta property=\"og:image:width\" content=\"2500\" \/>\n\t<meta property=\"og:image:height\" content=\"1119\" \/>\n\t<meta property=\"og:image:type\" content=\"image\/jpeg\" \/>\n<meta name=\"twitter:card\" content=\"summary_large_image\" \/>\n<meta name=\"twitter:label1\" content=\"Arvioitu lukuaika\" \/>\n\t<meta name=\"twitter:data1\" content=\"4 minuuttia\" \/>\n<script type=\"application\/ld+json\" class=\"yoast-schema-graph\">{\"@context\":\"https:\\\/\\\/schema.org\",\"@graph\":[{\"@type\":\"WebPage\",\"@id\":\"https:\\\/\\\/meripelastus.fi\\\/lappeenranta\\\/koulutus\\\/koulutus\\\/\",\"url\":\"https:\\\/\\\/meripelastus.fi\\\/lappeenranta\\\/koulutus\\\/koulutus\\\/\",\"name\":\"Koulutus - Suomen Meripelastusseura Etel\u00e4-Saimaa\",\"isPartOf\":{\"@id\":\"https:\\\/\\\/meripelastus.fi\\\/lappeenranta\\\/#website\"},\"primaryImageOfPage\":{\"@id\":\"https:\\\/\\\/meripelastus.fi\\\/lappeenranta\\\/koulutus\\\/koulutus\\\/#primaryimage\"},\"image\":{\"@id\":\"https:\\\/\\\/meripelastus.fi\\\/lappeenranta\\\/koulutus\\\/koulutus\\\/#primaryimage\"},\"thumbnailUrl\":\"https:\\\/\\\/meripelastus.fi\\\/lappeenranta\\\/wp-content\\\/uploads\\\/sites\\\/6\\\/2023\\\/05\\\/IMG_1437_1-1.jpg\",\"datePublished\":\"2018-06-12T06:10:45+00:00\",\"dateModified\":\"2026-01-16T21:12:09+00:00\",\"breadcrumb\":{\"@id\":\"https:\\\/\\\/meripelastus.fi\\\/lappeenranta\\\/koulutus\\\/koulutus\\\/#breadcrumb\"},\"inLanguage\":\"fi\",\"potentialAction\":[{\"@type\":\"ReadAction\",\"target\":[\"https:\\\/\\\/meripelastus.fi\\\/lappeenranta\\\/koulutus\\\/koulutus\\\/\"]}]},{\"@type\":\"ImageObject\",\"inLanguage\":\"fi\",\"@id\":\"https:\\\/\\\/meripelastus.fi\\\/lappeenranta\\\/koulutus\\\/koulutus\\\/#primaryimage\",\"url\":\"https:\\\/\\\/meripelastus.fi\\\/lappeenranta\\\/wp-content\\\/uploads\\\/sites\\\/6\\\/2023\\\/05\\\/IMG_1437_1-1.jpg\",\"contentUrl\":\"https:\\\/\\\/meripelastus.fi\\\/lappeenranta\\\/wp-content\\\/uploads\\\/sites\\\/6\\\/2023\\\/05\\\/IMG_1437_1-1.jpg\",\"width\":2500,\"height\":1119},{\"@type\":\"BreadcrumbList\",\"@id\":\"https:\\\/\\\/meripelastus.fi\\\/lappeenranta\\\/koulutus\\\/koulutus\\\/#breadcrumb\",\"itemListElement\":[{\"@type\":\"ListItem\",\"position\":1,\"name\":\"Etusivu\",\"item\":\"https:\\\/\\\/meripelastus.fi\\\/lappeenranta\\\/\"},{\"@type\":\"ListItem\",\"position\":2,\"name\":\"Koulutus\",\"item\":\"https:\\\/\\\/meripelastus.fi\\\/lappeenranta\\\/?page_id=180\"},{\"@type\":\"ListItem\",\"position\":3,\"name\":\"Koulutus\"}]},{\"@type\":\"WebSite\",\"@id\":\"https:\\\/\\\/meripelastus.fi\\\/lappeenranta\\\/#website\",\"url\":\"https:\\\/\\\/meripelastus.fi\\\/lappeenranta\\\/\",\"name\":\"Suomen Meripelastusseura Etel\u00e4-Saimaa\",\"description\":\"Vapaaehtoiset apunasi vesill\u00e4\",\"potentialAction\":[{\"@type\":\"SearchAction\",\"target\":{\"@type\":\"EntryPoint\",\"urlTemplate\":\"https:\\\/\\\/meripelastus.fi\\\/lappeenranta\\\/?s={search_term_string}\"},\"query-input\":{\"@type\":\"PropertyValueSpecification\",\"valueRequired\":true,\"valueName\":\"search_term_string\"}}],\"inLanguage\":\"fi\"}]}<\/script>\n<!-- \/ Yoast SEO Premium plugin. -->","yoast_head_json":{"title":"Koulutus - Suomen Meripelastusseura Etel\u00e4-Saimaa","robots":{"index":"index","follow":"follow","max-snippet":"max-snippet:-1","max-image-preview":"max-image-preview:large","max-video-preview":"max-video-preview:-1"},"canonical":"https:\/\/meripelastus.fi\/lappeenranta\/koulutus\/koulutus\/","og_locale":"fi_FI","og_type":"article","og_title":"Koulutus","og_description":"Koulutamme kaikki miehist\u00f6n j\u00e4senemme. Koulutus tapahtuu yhdistyksen viikkoharjoituksissa jotka ovat maanantai-iltaisin Rapasaaren asemalla, viikonlopun kest\u00e4viss\u00e4 harjoituksissa, partioajoissa sek\u00e4 Meripelastusseuran j\u00e4rjest\u00e4mill\u00e4 kursseilla B\u00e5gask\u00e4riss\u00e4. Koulutus tapahtuu Suomen Meripelastusseuran koulutusj\u00e4rjestelm\u00e4n mukaisesti, harjoittelijasta pelastusaluksen p\u00e4\u00e4llik\u00f6ksi asti. Koulutusj\u00e4rjestelm\u00e4n kuvausMiehist\u00f6n koulutussuunnitelmaP\u00e4\u00e4llyst\u00f6n koulutussuunnitelma Kev\u00e4isin ja syksyisin j\u00e4rjestett\u00e4v\u00e4ss\u00e4 rekrytointitilaisuudessa kerrotaan yhdistyksen toiminnasta sek\u00e4 vapaaehtoisena meripelastajana toimimisesta. Tilaisuudessa kerrotaan my\u00f6s tarkemmin tulokkaiden koulutusviikonlopun ohjelmasta [&hellip;]","og_url":"https:\/\/meripelastus.fi\/lappeenranta\/koulutus\/koulutus\/","og_site_name":"Suomen Meripelastusseura Etel\u00e4-Saimaa","article_modified_time":"2026-01-16T21:12:09+00:00","og_image":[{"width":2500,"height":1119,"url":"https:\/\/meripelastus.fi\/lappeenranta\/wp-content\/uploads\/sites\/6\/2023\/05\/IMG_1437_1-1.jpg","type":"image\/jpeg"}],"twitter_card":"summary_large_image","twitter_misc":{"Arvioitu lukuaika":"4 minuuttia"},"schema":{"@context":"https:\/\/schema.org","@graph":[{"@type":"WebPage","@id":"https:\/\/meripelastus.fi\/lappeenranta\/koulutus\/koulutus\/","url":"https:\/\/meripelastus.fi\/lappeenranta\/koulutus\/koulutus\/","name":"Koulutus - Suomen Meripelastusseura Etel\u00e4-Saimaa","isPartOf":{"@id":"https:\/\/meripelastus.fi\/lappeenranta\/#website"},"primaryImageOfPage":{"@id":"https:\/\/meripelastus.fi\/lappeenranta\/koulutus\/koulutus\/#primaryimage"},"image":{"@id":"https:\/\/meripelastus.fi\/lappeenranta\/koulutus\/koulutus\/#primaryimage"},"thumbnailUrl":"https:\/\/meripelastus.fi\/lappeenranta\/wp-content\/uploads\/sites\/6\/2023\/05\/IMG_1437_1-1.jpg","datePublished":"2018-06-12T06:10:45+00:00","dateModified":"2026-01-16T21:12:09+00:00","breadcrumb":{"@id":"https:\/\/meripelastus.fi\/lappeenranta\/koulutus\/koulutus\/#breadcrumb"},"inLanguage":"fi","potentialAction":[{"@type":"ReadAction","target":["https:\/\/meripelastus.fi\/lappeenranta\/koulutus\/koulutus\/"]}]},{"@type":"ImageObject","inLanguage":"fi","@id":"https:\/\/meripelastus.fi\/lappeenranta\/koulutus\/koulutus\/#primaryimage","url":"https:\/\/meripelastus.fi\/lappeenranta\/wp-content\/uploads\/sites\/6\/2023\/05\/IMG_1437_1-1.jpg","contentUrl":"https:\/\/meripelastus.fi\/lappeenranta\/wp-content\/uploads\/sites\/6\/2023\/05\/IMG_1437_1-1.jpg","width":2500,"height":1119},{"@type":"BreadcrumbList","@id":"https:\/\/meripelastus.fi\/lappeenranta\/koulutus\/koulutus\/#breadcrumb","itemListElement":[{"@type":"ListItem","position":1,"name":"Etusivu","item":"https:\/\/meripelastus.fi\/lappeenranta\/"},{"@type":"ListItem","position":2,"name":"Koulutus","item":"https:\/\/meripelastus.fi\/lappeenranta\/?page_id=180"},{"@type":"ListItem","position":3,"name":"Koulutus"}]},{"@type":"WebSite","@id":"https:\/\/meripelastus.fi\/lappeenranta\/#website","url":"https:\/\/meripelastus.fi\/lappeenranta\/","name":"Suomen Meripelastusseura Etel\u00e4-Saimaa","description":"Vapaaehtoiset apunasi vesill\u00e4","potentialAction":[{"@type":"SearchAction","target":{"@type":"EntryPoint","urlTemplate":"https:\/\/meripelastus.fi\/lappeenranta\/?s={search_term_string}"},"query-input":{"@type":"PropertyValueSpecification","valueRequired":true,"valueName":"search_term_string"}}],"inLanguage":"fi"}]}},"_links":{"self":[{"href":"https:\/\/meripelastus.fi\/lappeenranta\/wp-json\/wp\/v2\/pages\/182","targetHints":{"allow":["GET"]}}],"collection":[{"href":"https:\/\/meripelastus.fi\/lappeenranta\/wp-json\/wp\/v2\/pages"}],"about":[{"href":"https:\/\/meripelastus.fi\/lappeenranta\/wp-json\/wp\/v2\/types\/page"}],"author":[{"embeddable":true,"href":"https:\/\/meripelastus.fi\/lappeenranta\/wp-json\/wp\/v2\/users\/1"}],"replies":[{"embeddable":true,"href":"https:\/\/meripelastus.fi\/lappeenranta\/wp-json\/wp\/v2\/comments?post=182"}],"version-history":[{"count":12,"href":"https:\/\/meripelastus.fi\/lappeenranta\/wp-json\/wp\/v2\/pages\/182\/revisions"}],"predecessor-version":[{"id":1158,"href":"https:\/\/meripelastus.fi\/lappeenranta\/wp-json\/wp\/v2\/pages\/182\/revisions\/1158"}],"up":[{"embeddable":true,"href":"https:\/\/meripelastus.fi\/lappeenranta\/wp-json\/wp\/v2\/pages\/180"}],"wp:featuredmedia":[{"embeddable":true,"href":"https:\/\/meripelastus.fi\/lappeenranta\/wp-json\/wp\/v2\/media\/901"}],"wp:attachment":[{"href":"https:\/\/meripelastus.fi\/lappeenranta\/wp-json\/wp\/v2\/media?parent=182"}],"curies":[{"name":"wp","href":"https:\/\/api.w.org\/{rel}","templated":true}]}}