{"id":177,"date":"2018-06-12T09:08:53","date_gmt":"2018-06-12T06:08:53","guid":{"rendered":"http:\/\/etela-saimaa.smpsyhdistykset.16.testivedos.com\/?page_id=177"},"modified":"2018-06-12T13:07:16","modified_gmt":"2018-06-12T10:07:16","slug":"tukikohta","status":"publish","type":"page","link":"https:\/\/meripelastus.fi\/lappeenranta\/suomen-meripelastusseura-etela-saimaa\/tukikohta\/","title":{"rendered":"Tukikohta"},"content":{"rendered":"<p>Tukikohtamme ja alusten asemapaikka sijaitsee Lappeenrannan satamassa Rapasaaren vanhassa asemarakennuksessa. Asemalla on asianmukaiset tilat koulutusten j\u00e4rjest\u00e4miseen, m\u00e4rkien varusteiden kuivaamiseen sek\u00e4 jokaiselle miehist\u00f6n j\u00e4senelle on oma varustelokero henkil\u00f6kohtaisille varusteille.<\/p>\n<p>&nbsp;<\/p>\n<p><img loading=\"lazy\" decoding=\"async\" class=\"alignnone wp-image-232\" src=\"http:\/\/etela-saimaa.smpsyhdistykset.16.testivedos.com\/wp-content\/uploads\/sites\/6\/2018\/06\/YUN00057-2-300x200.jpg\" alt=\"\" width=\"450\" height=\"300\" srcset=\"https:\/\/meripelastus.fi\/lappeenranta\/wp-content\/uploads\/sites\/6\/2018\/06\/YUN00057-2-300x200.jpg 300w, https:\/\/meripelastus.fi\/lappeenranta\/wp-content\/uploads\/sites\/6\/2018\/06\/YUN00057-2-768x512.jpg 768w, https:\/\/meripelastus.fi\/lappeenranta\/wp-content\/uploads\/sites\/6\/2018\/06\/YUN00057-2-1024x683.jpg 1024w\" sizes=\"auto, (max-width: 450px) 100vw, 450px\" \/><\/p>\n<p><img loading=\"lazy\" decoding=\"async\" class=\"alignnone wp-image-233\" src=\"http:\/\/etela-saimaa.smpsyhdistykset.16.testivedos.com\/wp-content\/uploads\/sites\/6\/2018\/06\/YUN00056-1-300x200.jpg\" alt=\"\" width=\"450\" height=\"300\" srcset=\"https:\/\/meripelastus.fi\/lappeenranta\/wp-content\/uploads\/sites\/6\/2018\/06\/YUN00056-1-300x200.jpg 300w, https:\/\/meripelastus.fi\/lappeenranta\/wp-content\/uploads\/sites\/6\/2018\/06\/YUN00056-1-768x512.jpg 768w, https:\/\/meripelastus.fi\/lappeenranta\/wp-content\/uploads\/sites\/6\/2018\/06\/YUN00056-1-1024x683.jpg 1024w\" sizes=\"auto, (max-width: 450px) 100vw, 450px\" \/><\/p>\n","protected":false},"excerpt":{"rendered":"<p>Tukikohtamme ja alusten asemapaikka sijaitsee Lappeenrannan satamassa Rapasaaren vanhassa asemarakennuksessa. Asemalla on asianmukaiset tilat koulutusten j\u00e4rjest\u00e4miseen, m\u00e4rkien varusteiden kuivaamiseen sek\u00e4 jokaiselle miehist\u00f6n j\u00e4senelle on oma varustelokero henkil\u00f6kohtaisille varusteille. &nbsp;<\/p>\n","protected":false},"author":1,"featured_media":0,"parent":6,"menu_order":0,"comment_status":"closed","ping_status":"closed","template":"","meta":{"_acf_changed":false,"inline_featured_image":false,"footnotes":""},"class_list":["post-177","page","type-page","status-publish","hentry"],"acf":[],"yoast_head":"<!-- This site is optimized with the Yoast SEO Premium plugin v27.2 (Yoast SEO v27.2) - https:\/\/yoast.com\/product\/yoast-seo-premium-wordpress\/ -->\n<title>Tukikohta - Suomen Meripelastusseura Etel\u00e4-Saimaa<\/title>\n<meta name=\"robots\" content=\"index, follow, max-snippet:-1, max-image-preview:large, max-video-preview:-1\" \/>\n<link rel=\"canonical\" href=\"https:\/\/meripelastus.fi\/lappeenranta\/suomen-meripelastusseura-etela-saimaa\/tukikohta\/\" \/>\n<meta property=\"og:locale\" content=\"fi_FI\" \/>\n<meta property=\"og:type\" content=\"article\" \/>\n<meta property=\"og:title\" content=\"Tukikohta\" \/>\n<meta property=\"og:description\" content=\"Tukikohtamme ja alusten asemapaikka sijaitsee Lappeenrannan satamassa Rapasaaren vanhassa asemarakennuksessa. Asemalla on asianmukaiset tilat koulutusten j\u00e4rjest\u00e4miseen, m\u00e4rkien varusteiden kuivaamiseen sek\u00e4 jokaiselle miehist\u00f6n j\u00e4senelle on oma varustelokero henkil\u00f6kohtaisille varusteille. &nbsp;\" \/>\n<meta property=\"og:url\" content=\"https:\/\/meripelastus.fi\/lappeenranta\/suomen-meripelastusseura-etela-saimaa\/tukikohta\/\" \/>\n<meta property=\"og:site_name\" content=\"Suomen Meripelastusseura Etel\u00e4-Saimaa\" \/>\n<meta property=\"article:modified_time\" content=\"2018-06-12T10:07:16+00:00\" \/>\n<meta property=\"og:image\" content=\"http:\/\/etela-saimaa.smpsyhdistykset.16.testivedos.com\/wp-content\/uploads\/sites\/6\/2018\/06\/YUN00057-2-300x200.jpg\" \/>\n<meta name=\"twitter:card\" content=\"summary_large_image\" \/>\n<script type=\"application\/ld+json\" class=\"yoast-schema-graph\">{\"@context\":\"https:\/\/schema.org\",\"@graph\":[{\"@type\":\"WebPage\",\"@id\":\"https:\/\/meripelastus.fi\/lappeenranta\/suomen-meripelastusseura-etela-saimaa\/tukikohta\/\",\"url\":\"https:\/\/meripelastus.fi\/lappeenranta\/suomen-meripelastusseura-etela-saimaa\/tukikohta\/\",\"name\":\"Tukikohta - Suomen Meripelastusseura Etel\u00e4-Saimaa\",\"isPartOf\":{\"@id\":\"https:\/\/meripelastus.fi\/lappeenranta\/#website\"},\"primaryImageOfPage\":{\"@id\":\"https:\/\/meripelastus.fi\/lappeenranta\/suomen-meripelastusseura-etela-saimaa\/tukikohta\/#primaryimage\"},\"image\":{\"@id\":\"https:\/\/meripelastus.fi\/lappeenranta\/suomen-meripelastusseura-etela-saimaa\/tukikohta\/#primaryimage\"},\"thumbnailUrl\":\"http:\/\/etela-saimaa.smpsyhdistykset.16.testivedos.com\/wp-content\/uploads\/sites\/6\/2018\/06\/YUN00057-2-300x200.jpg\",\"datePublished\":\"2018-06-12T06:08:53+00:00\",\"dateModified\":\"2018-06-12T10:07:16+00:00\",\"breadcrumb\":{\"@id\":\"https:\/\/meripelastus.fi\/lappeenranta\/suomen-meripelastusseura-etela-saimaa\/tukikohta\/#breadcrumb\"},\"inLanguage\":\"fi\",\"potentialAction\":[{\"@type\":\"ReadAction\",\"target\":[\"https:\/\/meripelastus.fi\/lappeenranta\/suomen-meripelastusseura-etela-saimaa\/tukikohta\/\"]}]},{\"@type\":\"ImageObject\",\"inLanguage\":\"fi\",\"@id\":\"https:\/\/meripelastus.fi\/lappeenranta\/suomen-meripelastusseura-etela-saimaa\/tukikohta\/#primaryimage\",\"url\":\"http:\/\/etela-saimaa.smpsyhdistykset.16.testivedos.com\/wp-content\/uploads\/sites\/6\/2018\/06\/YUN00057-2-300x200.jpg\",\"contentUrl\":\"http:\/\/etela-saimaa.smpsyhdistykset.16.testivedos.com\/wp-content\/uploads\/sites\/6\/2018\/06\/YUN00057-2-300x200.jpg\"},{\"@type\":\"BreadcrumbList\",\"@id\":\"https:\/\/meripelastus.fi\/lappeenranta\/suomen-meripelastusseura-etela-saimaa\/tukikohta\/#breadcrumb\",\"itemListElement\":[{\"@type\":\"ListItem\",\"position\":1,\"name\":\"Etusivu\",\"item\":\"https:\/\/meripelastus.fi\/lappeenranta\/\"},{\"@type\":\"ListItem\",\"position\":2,\"name\":\"Suomen Meripelastusseura Etel\u00e4-Saimaa\",\"item\":\"https:\/\/meripelastus.fi\/lappeenranta\/?page_id=6\"},{\"@type\":\"ListItem\",\"position\":3,\"name\":\"Tukikohta\"}]},{\"@type\":\"WebSite\",\"@id\":\"https:\/\/meripelastus.fi\/lappeenranta\/#website\",\"url\":\"https:\/\/meripelastus.fi\/lappeenranta\/\",\"name\":\"Suomen Meripelastusseura Etel\u00e4-Saimaa\",\"description\":\"Vapaaehtoiset apunasi vesill\u00e4\",\"potentialAction\":[{\"@type\":\"SearchAction\",\"target\":{\"@type\":\"EntryPoint\",\"urlTemplate\":\"https:\/\/meripelastus.fi\/lappeenranta\/?s={search_term_string}\"},\"query-input\":{\"@type\":\"PropertyValueSpecification\",\"valueRequired\":true,\"valueName\":\"search_term_string\"}}],\"inLanguage\":\"fi\"}]}<\/script>\n<!-- \/ Yoast SEO Premium plugin. -->","yoast_head_json":{"title":"Tukikohta - Suomen Meripelastusseura Etel\u00e4-Saimaa","robots":{"index":"index","follow":"follow","max-snippet":"max-snippet:-1","max-image-preview":"max-image-preview:large","max-video-preview":"max-video-preview:-1"},"canonical":"https:\/\/meripelastus.fi\/lappeenranta\/suomen-meripelastusseura-etela-saimaa\/tukikohta\/","og_locale":"fi_FI","og_type":"article","og_title":"Tukikohta","og_description":"Tukikohtamme ja alusten asemapaikka sijaitsee Lappeenrannan satamassa Rapasaaren vanhassa asemarakennuksessa. Asemalla on asianmukaiset tilat koulutusten j\u00e4rjest\u00e4miseen, m\u00e4rkien varusteiden kuivaamiseen sek\u00e4 jokaiselle miehist\u00f6n j\u00e4senelle on oma varustelokero henkil\u00f6kohtaisille varusteille. &nbsp;","og_url":"https:\/\/meripelastus.fi\/lappeenranta\/suomen-meripelastusseura-etela-saimaa\/tukikohta\/","og_site_name":"Suomen Meripelastusseura Etel\u00e4-Saimaa","article_modified_time":"2018-06-12T10:07:16+00:00","og_image":[{"url":"http:\/\/etela-saimaa.smpsyhdistykset.16.testivedos.com\/wp-content\/uploads\/sites\/6\/2018\/06\/YUN00057-2-300x200.jpg","type":"","width":"","height":""}],"twitter_card":"summary_large_image","schema":{"@context":"https:\/\/schema.org","@graph":[{"@type":"WebPage","@id":"https:\/\/meripelastus.fi\/lappeenranta\/suomen-meripelastusseura-etela-saimaa\/tukikohta\/","url":"https:\/\/meripelastus.fi\/lappeenranta\/suomen-meripelastusseura-etela-saimaa\/tukikohta\/","name":"Tukikohta - Suomen Meripelastusseura Etel\u00e4-Saimaa","isPartOf":{"@id":"https:\/\/meripelastus.fi\/lappeenranta\/#website"},"primaryImageOfPage":{"@id":"https:\/\/meripelastus.fi\/lappeenranta\/suomen-meripelastusseura-etela-saimaa\/tukikohta\/#primaryimage"},"image":{"@id":"https:\/\/meripelastus.fi\/lappeenranta\/suomen-meripelastusseura-etela-saimaa\/tukikohta\/#primaryimage"},"thumbnailUrl":"http:\/\/etela-saimaa.smpsyhdistykset.16.testivedos.com\/wp-content\/uploads\/sites\/6\/2018\/06\/YUN00057-2-300x200.jpg","datePublished":"2018-06-12T06:08:53+00:00","dateModified":"2018-06-12T10:07:16+00:00","breadcrumb":{"@id":"https:\/\/meripelastus.fi\/lappeenranta\/suomen-meripelastusseura-etela-saimaa\/tukikohta\/#breadcrumb"},"inLanguage":"fi","potentialAction":[{"@type":"ReadAction","target":["https:\/\/meripelastus.fi\/lappeenranta\/suomen-meripelastusseura-etela-saimaa\/tukikohta\/"]}]},{"@type":"ImageObject","inLanguage":"fi","@id":"https:\/\/meripelastus.fi\/lappeenranta\/suomen-meripelastusseura-etela-saimaa\/tukikohta\/#primaryimage","url":"http:\/\/etela-saimaa.smpsyhdistykset.16.testivedos.com\/wp-content\/uploads\/sites\/6\/2018\/06\/YUN00057-2-300x200.jpg","contentUrl":"http:\/\/etela-saimaa.smpsyhdistykset.16.testivedos.com\/wp-content\/uploads\/sites\/6\/2018\/06\/YUN00057-2-300x200.jpg"},{"@type":"BreadcrumbList","@id":"https:\/\/meripelastus.fi\/lappeenranta\/suomen-meripelastusseura-etela-saimaa\/tukikohta\/#breadcrumb","itemListElement":[{"@type":"ListItem","position":1,"name":"Etusivu","item":"https:\/\/meripelastus.fi\/lappeenranta\/"},{"@type":"ListItem","position":2,"name":"Suomen Meripelastusseura Etel\u00e4-Saimaa","item":"https:\/\/meripelastus.fi\/lappeenranta\/?page_id=6"},{"@type":"ListItem","position":3,"name":"Tukikohta"}]},{"@type":"WebSite","@id":"https:\/\/meripelastus.fi\/lappeenranta\/#website","url":"https:\/\/meripelastus.fi\/lappeenranta\/","name":"Suomen Meripelastusseura Etel\u00e4-Saimaa","description":"Vapaaehtoiset apunasi vesill\u00e4","potentialAction":[{"@type":"SearchAction","target":{"@type":"EntryPoint","urlTemplate":"https:\/\/meripelastus.fi\/lappeenranta\/?s={search_term_string}"},"query-input":{"@type":"PropertyValueSpecification","valueRequired":true,"valueName":"search_term_string"}}],"inLanguage":"fi"}]}},"_links":{"self":[{"href":"https:\/\/meripelastus.fi\/lappeenranta\/wp-json\/wp\/v2\/pages\/177","targetHints":{"allow":["GET"]}}],"collection":[{"href":"https:\/\/meripelastus.fi\/lappeenranta\/wp-json\/wp\/v2\/pages"}],"about":[{"href":"https:\/\/meripelastus.fi\/lappeenranta\/wp-json\/wp\/v2\/types\/page"}],"author":[{"embeddable":true,"href":"https:\/\/meripelastus.fi\/lappeenranta\/wp-json\/wp\/v2\/users\/1"}],"replies":[{"embeddable":true,"href":"https:\/\/meripelastus.fi\/lappeenranta\/wp-json\/wp\/v2\/comments?post=177"}],"version-history":[{"count":12,"href":"https:\/\/meripelastus.fi\/lappeenranta\/wp-json\/wp\/v2\/pages\/177\/revisions"}],"predecessor-version":[{"id":238,"href":"https:\/\/meripelastus.fi\/lappeenranta\/wp-json\/wp\/v2\/pages\/177\/revisions\/238"}],"up":[{"embeddable":true,"href":"https:\/\/meripelastus.fi\/lappeenranta\/wp-json\/wp\/v2\/pages\/6"}],"wp:attachment":[{"href":"https:\/\/meripelastus.fi\/lappeenranta\/wp-json\/wp\/v2\/media?parent=177"}],"curies":[{"name":"wp","href":"https:\/\/api.w.org\/{rel}","templated":true}]}}