{"id":1237,"date":"2026-04-25T21:05:11","date_gmt":"2026-04-25T18:05:11","guid":{"rendered":"https:\/\/meripelastus.fi\/lappeenranta\/?page_id=1237"},"modified":"2026-04-25T21:29:43","modified_gmt":"2026-04-25T18:29:43","slug":"liity-jaseneksi","status":"publish","type":"page","link":"https:\/\/meripelastus.fi\/lappeenranta\/liity-jaseneksi\/","title":{"rendered":"Liity j\u00e4seneksi"},"content":{"rendered":"\n<p>Liittym\u00e4ll\u00e4 yhdistyksemme j\u00e4seneksi tuet t\u00e4rke\u00e4\u00e4 vapaaehtoista meripelastustoimintaa ja pid\u00e4t pelastusalukset liikkeell\u00e4. J\u00e4senmaksun hinta on 42\u20ac vuodessa ja se sis\u00e4lt\u00e4\u00e4 kaksi kertaa vuodessa ilmestyv\u00e4n Meripelastusseuran Trossi-j\u00e4senlehden ja mobiilij\u00e4senkortin Cardu sovelluksessa.<\/p>\n\n\n\t\n   <div class=\"compass-wrapper\"><img loading=\"lazy\" decoding=\"async\" src=\"https:\/\/meripelastus.fi\/lappeenranta\/wp-content\/themes\/jarjestot\/img\/smps-kompassi-sininen.png\" width=\"1083\" height=\"110\" class=\"kompassi-block\" aria-hidden=\"true\"\/><\/div>\n\n\n<div class=\"wp-block-columns is-layout-flex wp-container-core-columns-is-layout-9d6595d7 wp-block-columns-is-layout-flex\">\n<div class=\"wp-block-column is-layout-flow wp-block-column-is-layout-flow\"><div class=\"wp-block-image\">\n<figure class=\"aligncenter size-large is-resized\"><img loading=\"lazy\" decoding=\"async\" width=\"1024\" height=\"494\" src=\"https:\/\/meripelastus.fi\/lappeenranta\/wp-content\/uploads\/sites\/6\/2026\/04\/smps-plus-merkki-digi-20251118-1024x494.png\" alt=\"\" class=\"wp-image-1243\" style=\"aspect-ratio:2.0729008021118895;width:195px;height:auto\" srcset=\"https:\/\/meripelastus.fi\/lappeenranta\/wp-content\/uploads\/sites\/6\/2026\/04\/smps-plus-merkki-digi-20251118-1024x494.png 1024w, https:\/\/meripelastus.fi\/lappeenranta\/wp-content\/uploads\/sites\/6\/2026\/04\/smps-plus-merkki-digi-20251118-300x145.png 300w, https:\/\/meripelastus.fi\/lappeenranta\/wp-content\/uploads\/sites\/6\/2026\/04\/smps-plus-merkki-digi-20251118-768x370.png 768w, https:\/\/meripelastus.fi\/lappeenranta\/wp-content\/uploads\/sites\/6\/2026\/04\/smps-plus-merkki-digi-20251118-1536x741.png 1536w, https:\/\/meripelastus.fi\/lappeenranta\/wp-content\/uploads\/sites\/6\/2026\/04\/smps-plus-merkki-digi-20251118-2048x988.png 2048w\" sizes=\"auto, (max-width: 1024px) 100vw, 1024px\" \/><\/figure>\n<\/div><\/div>\n\n\n\n<div class=\"wp-block-column is-layout-flow wp-block-column-is-layout-flow\"><div class=\"wp-block-image\">\n<figure class=\"aligncenter size-large is-resized\"><img loading=\"lazy\" decoding=\"async\" width=\"1024\" height=\"321\" src=\"https:\/\/meripelastus.fi\/lappeenranta\/wp-content\/uploads\/sites\/6\/2026\/04\/smps-premium-merkki-digi-20251118-1024x321.jpg\" alt=\"\" class=\"wp-image-1244\" style=\"aspect-ratio:3.1901889031747603;width:293px;height:auto\" srcset=\"https:\/\/meripelastus.fi\/lappeenranta\/wp-content\/uploads\/sites\/6\/2026\/04\/smps-premium-merkki-digi-20251118-1024x321.jpg 1024w, https:\/\/meripelastus.fi\/lappeenranta\/wp-content\/uploads\/sites\/6\/2026\/04\/smps-premium-merkki-digi-20251118-300x94.jpg 300w, https:\/\/meripelastus.fi\/lappeenranta\/wp-content\/uploads\/sites\/6\/2026\/04\/smps-premium-merkki-digi-20251118-768x240.jpg 768w, https:\/\/meripelastus.fi\/lappeenranta\/wp-content\/uploads\/sites\/6\/2026\/04\/smps-premium-merkki-digi-20251118-1536x481.jpg 1536w, https:\/\/meripelastus.fi\/lappeenranta\/wp-content\/uploads\/sites\/6\/2026\/04\/smps-premium-merkki-digi-20251118-2048x641.jpg 2048w\" sizes=\"auto, (max-width: 1024px) 100vw, 1024px\" \/><\/figure>\n<\/div><\/div>\n<\/div>\n\n\n\n<p><strong>Ihmiset pelastetaan vesill\u00e4 aina korvauksetta, mutta veneen kiireett\u00f6m\u00e4st\u00e4 siirrosta turvaan joudutaan yleens\u00e4 perim\u00e4\u00e4n kulukorvaus. Summa voi nousta satoihin euroihin. Hankkimalla Meripelastusseuran Plus-j\u00e4senpalvelun varmistat veneellesi avun j\u00e4senetuna silloinkin, kun ihmisi\u00e4 ei ole vaarassa. Premium-j\u00e4senpalvelu takaa saman avun kaikille veneillesi, my\u00f6s perheesi yhteisk\u00e4yt\u00f6ss\u00e4, sek\u00e4 sinulle veneilless\u00e4si jonkun muun omistamalla veneell\u00e4. J\u00e4senen\u00e4 tuet my\u00f6s vapaaehtoista meripelastusty\u00f6t\u00e4.<\/strong><\/p>\n\n\n\n<div class=\"wp-block-buttons is-layout-flex wp-block-buttons-is-layout-flex\">\n<div class=\"wp-block-button is-style-fill\"><a class=\"wp-block-button__link wp-element-button\" href=\"https:\/\/meripelastus.fi\/jaseneksi\/\">Lue lis\u00e4\u00e4 j\u00e4senpalvelusta<\/a><\/div>\n<\/div>\n\n\n\n<div class=\"wp-block-group\"><div class=\"wp-block-group__inner-container is-layout-constrained wp-block-group-is-layout-constrained\">\n<div class=\"wp-block-columns is-layout-flex wp-container-core-columns-is-layout-9d6595d7 wp-block-columns-is-layout-flex\">\n<div class=\"wp-block-column is-layout-flow wp-block-column-is-layout-flow\" style=\"flex-basis:100%\">\t\n\t<!--------TROSSI-FORM--------->\n\t<section id=\"liity\" class=\"section-trossi-form has-white-background-color pt-5\">\n\t\t<div class=\"container\">\t\t\n\t\t\t<div class=\"row\">\n\t\t\t\t<div class=\"col-10 offset-1 offset-md-0 col-md-12\">\n\t\t\t\t\t\t\t\t\t\t\t\t\t\t\t\t\t\t\t\t\t\t\t\t<iframe style=\"width:100%;border-width:0; height:auto;\" src=\"https:\/\/messi.meripelastus.fi\/forms\/fi\/join\" class=\"resizejs\" title=\"Liittymislomake\" name=\"liittymislomake\" seamless=\"\">\n\t\t\t\t\t\t\t<a href=\"https:\/\/messi.meripelastus.fi\/forms\/fi\/join\">Liity t\u00e4st\u00e4<\/a><\/iframe>\n\t\t\t\t\t\t\t\t\t\t\t\t\t\t\t<\/div>\n\t\t\t<\/div>\n\t\t<\/div>\n\t<\/section><\/div>\n<\/div>\n<\/div><\/div>\n\n\n\n<p><\/p>\n","protected":false},"excerpt":{"rendered":"<p>Liittym\u00e4ll\u00e4 yhdistyksemme j\u00e4seneksi tuet t\u00e4rke\u00e4\u00e4 vapaaehtoista meripelastustoimintaa ja pid\u00e4t pelastusalukset liikkeell\u00e4. J\u00e4senmaksun hinta on 42\u20ac vuodessa ja se sis\u00e4lt\u00e4\u00e4 kaksi kertaa vuodessa ilmestyv\u00e4n Meripelastusseuran Trossi-j\u00e4senlehden ja mobiilij\u00e4senkortin Cardu sovelluksessa. Ihmiset pelastetaan vesill\u00e4 aina korvauksetta, mutta veneen kiireett\u00f6m\u00e4st\u00e4 siirrosta turvaan joudutaan yleens\u00e4 perim\u00e4\u00e4n kulukorvaus. Summa voi nousta satoihin euroihin. Hankkimalla Meripelastusseuran Plus-j\u00e4senpalvelun varmistat veneellesi avun j\u00e4senetuna [&hellip;]<\/p>\n","protected":false},"author":10,"featured_media":0,"parent":0,"menu_order":0,"comment_status":"closed","ping_status":"closed","template":"","meta":{"_acf_changed":false,"inline_featured_image":false,"footnotes":""},"class_list":["post-1237","page","type-page","status-publish","hentry"],"acf":[],"yoast_head":"<!-- This site is optimized with the Yoast SEO Premium plugin v27.4 (Yoast SEO v27.4) - https:\/\/yoast.com\/product\/yoast-seo-premium-wordpress\/ -->\n<title>Liity j\u00e4seneksi - Suomen Meripelastusseura Etel\u00e4-Saimaa<\/title>\n<meta name=\"robots\" content=\"index, follow, max-snippet:-1, max-image-preview:large, max-video-preview:-1\" \/>\n<link rel=\"canonical\" href=\"https:\/\/meripelastus.fi\/lappeenranta\/liity-jaseneksi\/\" \/>\n<meta property=\"og:locale\" content=\"fi_FI\" \/>\n<meta property=\"og:type\" content=\"article\" \/>\n<meta property=\"og:title\" content=\"Liity j\u00e4seneksi\" \/>\n<meta property=\"og:description\" content=\"Liittym\u00e4ll\u00e4 yhdistyksemme j\u00e4seneksi tuet t\u00e4rke\u00e4\u00e4 vapaaehtoista meripelastustoimintaa ja pid\u00e4t pelastusalukset liikkeell\u00e4. J\u00e4senmaksun hinta on 42\u20ac vuodessa ja se sis\u00e4lt\u00e4\u00e4 kaksi kertaa vuodessa ilmestyv\u00e4n Meripelastusseuran Trossi-j\u00e4senlehden ja mobiilij\u00e4senkortin Cardu sovelluksessa. Ihmiset pelastetaan vesill\u00e4 aina korvauksetta, mutta veneen kiireett\u00f6m\u00e4st\u00e4 siirrosta turvaan joudutaan yleens\u00e4 perim\u00e4\u00e4n kulukorvaus. Summa voi nousta satoihin euroihin. Hankkimalla Meripelastusseuran Plus-j\u00e4senpalvelun varmistat veneellesi avun j\u00e4senetuna [&hellip;]\" \/>\n<meta property=\"og:url\" content=\"https:\/\/meripelastus.fi\/lappeenranta\/liity-jaseneksi\/\" \/>\n<meta property=\"og:site_name\" content=\"Suomen Meripelastusseura Etel\u00e4-Saimaa\" \/>\n<meta property=\"article:modified_time\" content=\"2026-04-25T18:29:43+00:00\" \/>\n<meta property=\"og:image\" content=\"https:\/\/meripelastus.fi\/lappeenranta\/wp-content\/uploads\/sites\/6\/2026\/04\/smps-plus-merkki-digi-20251118-1024x494.png\" \/>\n<meta name=\"twitter:card\" content=\"summary_large_image\" \/>\n<meta name=\"twitter:label1\" content=\"Arvioitu lukuaika\" \/>\n\t<meta name=\"twitter:data1\" content=\"1 minuutti\" \/>\n<script type=\"application\/ld+json\" class=\"yoast-schema-graph\">{\"@context\":\"https:\\\/\\\/schema.org\",\"@graph\":[{\"@type\":\"WebPage\",\"@id\":\"https:\\\/\\\/meripelastus.fi\\\/lappeenranta\\\/liity-jaseneksi\\\/\",\"url\":\"https:\\\/\\\/meripelastus.fi\\\/lappeenranta\\\/liity-jaseneksi\\\/\",\"name\":\"Liity j\u00e4seneksi - Suomen Meripelastusseura Etel\u00e4-Saimaa\",\"isPartOf\":{\"@id\":\"https:\\\/\\\/meripelastus.fi\\\/lappeenranta\\\/#website\"},\"primaryImageOfPage\":{\"@id\":\"https:\\\/\\\/meripelastus.fi\\\/lappeenranta\\\/liity-jaseneksi\\\/#primaryimage\"},\"image\":{\"@id\":\"https:\\\/\\\/meripelastus.fi\\\/lappeenranta\\\/liity-jaseneksi\\\/#primaryimage\"},\"thumbnailUrl\":\"https:\\\/\\\/meripelastus.fi\\\/lappeenranta\\\/wp-content\\\/uploads\\\/sites\\\/6\\\/2026\\\/04\\\/smps-plus-merkki-digi-20251118-1024x494.png\",\"datePublished\":\"2026-04-25T18:05:11+00:00\",\"dateModified\":\"2026-04-25T18:29:43+00:00\",\"breadcrumb\":{\"@id\":\"https:\\\/\\\/meripelastus.fi\\\/lappeenranta\\\/liity-jaseneksi\\\/#breadcrumb\"},\"inLanguage\":\"fi\",\"potentialAction\":[{\"@type\":\"ReadAction\",\"target\":[\"https:\\\/\\\/meripelastus.fi\\\/lappeenranta\\\/liity-jaseneksi\\\/\"]}]},{\"@type\":\"ImageObject\",\"inLanguage\":\"fi\",\"@id\":\"https:\\\/\\\/meripelastus.fi\\\/lappeenranta\\\/liity-jaseneksi\\\/#primaryimage\",\"url\":\"https:\\\/\\\/meripelastus.fi\\\/lappeenranta\\\/wp-content\\\/uploads\\\/sites\\\/6\\\/2026\\\/04\\\/smps-plus-merkki-digi-20251118.png\",\"contentUrl\":\"https:\\\/\\\/meripelastus.fi\\\/lappeenranta\\\/wp-content\\\/uploads\\\/sites\\\/6\\\/2026\\\/04\\\/smps-plus-merkki-digi-20251118.png\",\"width\":2461,\"height\":1187},{\"@type\":\"BreadcrumbList\",\"@id\":\"https:\\\/\\\/meripelastus.fi\\\/lappeenranta\\\/liity-jaseneksi\\\/#breadcrumb\",\"itemListElement\":[{\"@type\":\"ListItem\",\"position\":1,\"name\":\"Etusivu\",\"item\":\"https:\\\/\\\/meripelastus.fi\\\/lappeenranta\\\/\"},{\"@type\":\"ListItem\",\"position\":2,\"name\":\"Liity j\u00e4seneksi\"}]},{\"@type\":\"WebSite\",\"@id\":\"https:\\\/\\\/meripelastus.fi\\\/lappeenranta\\\/#website\",\"url\":\"https:\\\/\\\/meripelastus.fi\\\/lappeenranta\\\/\",\"name\":\"Suomen Meripelastusseura Etel\u00e4-Saimaa\",\"description\":\"Vapaaehtoiset apunasi vesill\u00e4\",\"potentialAction\":[{\"@type\":\"SearchAction\",\"target\":{\"@type\":\"EntryPoint\",\"urlTemplate\":\"https:\\\/\\\/meripelastus.fi\\\/lappeenranta\\\/?s={search_term_string}\"},\"query-input\":{\"@type\":\"PropertyValueSpecification\",\"valueRequired\":true,\"valueName\":\"search_term_string\"}}],\"inLanguage\":\"fi\"}]}<\/script>\n<!-- \/ Yoast SEO Premium plugin. -->","yoast_head_json":{"title":"Liity j\u00e4seneksi - Suomen Meripelastusseura Etel\u00e4-Saimaa","robots":{"index":"index","follow":"follow","max-snippet":"max-snippet:-1","max-image-preview":"max-image-preview:large","max-video-preview":"max-video-preview:-1"},"canonical":"https:\/\/meripelastus.fi\/lappeenranta\/liity-jaseneksi\/","og_locale":"fi_FI","og_type":"article","og_title":"Liity j\u00e4seneksi","og_description":"Liittym\u00e4ll\u00e4 yhdistyksemme j\u00e4seneksi tuet t\u00e4rke\u00e4\u00e4 vapaaehtoista meripelastustoimintaa ja pid\u00e4t pelastusalukset liikkeell\u00e4. J\u00e4senmaksun hinta on 42\u20ac vuodessa ja se sis\u00e4lt\u00e4\u00e4 kaksi kertaa vuodessa ilmestyv\u00e4n Meripelastusseuran Trossi-j\u00e4senlehden ja mobiilij\u00e4senkortin Cardu sovelluksessa. Ihmiset pelastetaan vesill\u00e4 aina korvauksetta, mutta veneen kiireett\u00f6m\u00e4st\u00e4 siirrosta turvaan joudutaan yleens\u00e4 perim\u00e4\u00e4n kulukorvaus. Summa voi nousta satoihin euroihin. Hankkimalla Meripelastusseuran Plus-j\u00e4senpalvelun varmistat veneellesi avun j\u00e4senetuna [&hellip;]","og_url":"https:\/\/meripelastus.fi\/lappeenranta\/liity-jaseneksi\/","og_site_name":"Suomen Meripelastusseura Etel\u00e4-Saimaa","article_modified_time":"2026-04-25T18:29:43+00:00","og_image":[{"url":"https:\/\/meripelastus.fi\/lappeenranta\/wp-content\/uploads\/sites\/6\/2026\/04\/smps-plus-merkki-digi-20251118-1024x494.png","type":"","width":"","height":""}],"twitter_card":"summary_large_image","twitter_misc":{"Arvioitu lukuaika":"1 minuutti"},"schema":{"@context":"https:\/\/schema.org","@graph":[{"@type":"WebPage","@id":"https:\/\/meripelastus.fi\/lappeenranta\/liity-jaseneksi\/","url":"https:\/\/meripelastus.fi\/lappeenranta\/liity-jaseneksi\/","name":"Liity j\u00e4seneksi - Suomen Meripelastusseura Etel\u00e4-Saimaa","isPartOf":{"@id":"https:\/\/meripelastus.fi\/lappeenranta\/#website"},"primaryImageOfPage":{"@id":"https:\/\/meripelastus.fi\/lappeenranta\/liity-jaseneksi\/#primaryimage"},"image":{"@id":"https:\/\/meripelastus.fi\/lappeenranta\/liity-jaseneksi\/#primaryimage"},"thumbnailUrl":"https:\/\/meripelastus.fi\/lappeenranta\/wp-content\/uploads\/sites\/6\/2026\/04\/smps-plus-merkki-digi-20251118-1024x494.png","datePublished":"2026-04-25T18:05:11+00:00","dateModified":"2026-04-25T18:29:43+00:00","breadcrumb":{"@id":"https:\/\/meripelastus.fi\/lappeenranta\/liity-jaseneksi\/#breadcrumb"},"inLanguage":"fi","potentialAction":[{"@type":"ReadAction","target":["https:\/\/meripelastus.fi\/lappeenranta\/liity-jaseneksi\/"]}]},{"@type":"ImageObject","inLanguage":"fi","@id":"https:\/\/meripelastus.fi\/lappeenranta\/liity-jaseneksi\/#primaryimage","url":"https:\/\/meripelastus.fi\/lappeenranta\/wp-content\/uploads\/sites\/6\/2026\/04\/smps-plus-merkki-digi-20251118.png","contentUrl":"https:\/\/meripelastus.fi\/lappeenranta\/wp-content\/uploads\/sites\/6\/2026\/04\/smps-plus-merkki-digi-20251118.png","width":2461,"height":1187},{"@type":"BreadcrumbList","@id":"https:\/\/meripelastus.fi\/lappeenranta\/liity-jaseneksi\/#breadcrumb","itemListElement":[{"@type":"ListItem","position":1,"name":"Etusivu","item":"https:\/\/meripelastus.fi\/lappeenranta\/"},{"@type":"ListItem","position":2,"name":"Liity j\u00e4seneksi"}]},{"@type":"WebSite","@id":"https:\/\/meripelastus.fi\/lappeenranta\/#website","url":"https:\/\/meripelastus.fi\/lappeenranta\/","name":"Suomen Meripelastusseura Etel\u00e4-Saimaa","description":"Vapaaehtoiset apunasi vesill\u00e4","potentialAction":[{"@type":"SearchAction","target":{"@type":"EntryPoint","urlTemplate":"https:\/\/meripelastus.fi\/lappeenranta\/?s={search_term_string}"},"query-input":{"@type":"PropertyValueSpecification","valueRequired":true,"valueName":"search_term_string"}}],"inLanguage":"fi"}]}},"_links":{"self":[{"href":"https:\/\/meripelastus.fi\/lappeenranta\/wp-json\/wp\/v2\/pages\/1237","targetHints":{"allow":["GET"]}}],"collection":[{"href":"https:\/\/meripelastus.fi\/lappeenranta\/wp-json\/wp\/v2\/pages"}],"about":[{"href":"https:\/\/meripelastus.fi\/lappeenranta\/wp-json\/wp\/v2\/types\/page"}],"author":[{"embeddable":true,"href":"https:\/\/meripelastus.fi\/lappeenranta\/wp-json\/wp\/v2\/users\/10"}],"replies":[{"embeddable":true,"href":"https:\/\/meripelastus.fi\/lappeenranta\/wp-json\/wp\/v2\/comments?post=1237"}],"version-history":[{"count":6,"href":"https:\/\/meripelastus.fi\/lappeenranta\/wp-json\/wp\/v2\/pages\/1237\/revisions"}],"predecessor-version":[{"id":1250,"href":"https:\/\/meripelastus.fi\/lappeenranta\/wp-json\/wp\/v2\/pages\/1237\/revisions\/1250"}],"wp:attachment":[{"href":"https:\/\/meripelastus.fi\/lappeenranta\/wp-json\/wp\/v2\/media?parent=1237"}],"curies":[{"name":"wp","href":"https:\/\/api.w.org\/{rel}","templated":true}]}}