{"id":380,"date":"2018-11-29T17:31:33","date_gmt":"2018-11-29T15:31:33","guid":{"rendered":"https:\/\/meripelastus.fi\/lahti-vedos\/?page_id=380"},"modified":"2026-02-01T15:16:08","modified_gmt":"2026-02-01T13:16:08","slug":"liity-jaseneksi","status":"publish","type":"page","link":"https:\/\/meripelastus.fi\/lahti\/lahden-jarvipelastajat\/liity-jaseneksi\/","title":{"rendered":"Liity j\u00e4seneksi"},"content":{"rendered":"<p>Pelastusveneemme p\u00e4ivyst\u00e4v\u00e4t 24 tuntia vuorokaudessa avovesikautena, valmiina l\u00e4htem\u00e4\u00e4n j\u00e4rvelle onnettomuuden sattuessa.<\/p>\n<p>Pelastusveneidemme miehist\u00f6 muodostuu vapaaehtoisista, eiv\u00e4tk\u00e4 miehist\u00f6mme j\u00e4senet saa palkkaa tekem\u00e4st\u00e4\u00e4n ty\u00f6st\u00e4. Pelastustoiminnan kustannukset ovat kuitenkin kymmeni\u00e4tuhansia euroja vuodessa. J\u00e4senmaksut ja lahjoitukset ovat suurin yksitt\u00e4inen tulonl\u00e4hteemme.<\/p>\n<p>Valitse seuraavista itsellesi sopivin j\u00e4senyys.<\/p>\n<p><a href=\"https:\/\/meripelastus.fi\/lahti\/lahden-jarvipelastajat\/liity-jaseneksi\/henkilojasen\/\">Henkil\u00f6j\u00e4senyys 35 \u20ac vuodessa<\/a><br \/>\nSinulle, joka haluat pit\u00e4\u00e4 pelastusveneet liikkeell\u00e4 vuotuisella maksulla tai haluat toimintaan mukaan.<\/p>\n<p><a href=\"https:\/\/trossi.fi\/\" target=\"_blank\" rel=\"noopener noreferrer\">Plus-j\u00e4senpalvelu 98 \u20ac \/ Premium-j\u00e4senpalvelu 148 \u20ac vuodessa<\/a><br \/>\nVeneilij\u00e4lle joka t\u00e4ysim\u00e4\u00e4r\u00e4isesti haluaa hy\u00f6dynt\u00e4\u00e4 Meripelastusseuran palveluita Suomessa, Ruotsissa ja Norjassa. Valitse liittymislomakkeesta yhdistykseksi Lahden J\u00e4rvipelastajat.<\/p>\n<p><a href=\"https:\/\/meripelastus.fi\/lahti\/lahden-jarvipelastajat\/liity-jaseneksi\/yhteisojasenyys\/\">Yhteis\u00f6j\u00e4senyys 200 \u20ac vuodessa<\/a><br \/>\nMik\u00e4li yrityksenne tai yhteis\u00f6nne haluaa tukea toimintaamme voitte liity\u00e4 yhteis\u00f6j\u00e4seneksi! Tuette hyv\u00e4\u00e4 asiaa ja edesautatte veneilij\u00f6iden turvallisuutta. Maksamanne j\u00e4senmaksu menee lyhent\u00e4m\u00e4tt\u00f6m\u00e4n\u00e4 j\u00e4rvipelastustoimintaan.<\/p>\n","protected":false},"excerpt":{"rendered":"<p>Pelastusveneemme p\u00e4ivyst\u00e4v\u00e4t 24 tuntia vuorokaudessa avovesikautena, valmiina l\u00e4htem\u00e4\u00e4n j\u00e4rvelle onnettomuuden sattuessa. Pelastusveneidemme miehist\u00f6 muodostuu vapaaehtoisista, eiv\u00e4tk\u00e4 miehist\u00f6mme j\u00e4senet saa palkkaa tekem\u00e4st\u00e4\u00e4n ty\u00f6st\u00e4. Pelastustoiminnan kustannukset ovat kuitenkin kymmeni\u00e4tuhansia euroja vuodessa. J\u00e4senmaksut ja lahjoitukset ovat suurin yksitt\u00e4inen tulonl\u00e4hteemme. Valitse seuraavista itsellesi sopivin j\u00e4senyys. Henkil\u00f6j\u00e4senyys 35 \u20ac vuodessa Sinulle, joka haluat pit\u00e4\u00e4 pelastusveneet liikkeell\u00e4 vuotuisella maksulla tai haluat [&hellip;]<\/p>\n","protected":false},"author":17,"featured_media":0,"parent":6,"menu_order":6,"comment_status":"closed","ping_status":"closed","template":"","meta":{"_acf_changed":false,"inline_featured_image":false,"footnotes":""},"class_list":["post-380","page","type-page","status-publish","hentry"],"acf":[],"yoast_head":"<!-- This site is optimized with the Yoast SEO Premium plugin v27.4 (Yoast SEO v27.4) - https:\/\/yoast.com\/product\/yoast-seo-premium-wordpress\/ -->\n<title>Liity j\u00e4seneksi - Lahden J\u00e4rvipelastajat<\/title>\n<meta name=\"robots\" content=\"index, follow, max-snippet:-1, max-image-preview:large, max-video-preview:-1\" \/>\n<link rel=\"canonical\" href=\"https:\/\/meripelastus.fi\/lahti\/lahden-jarvipelastajat\/liity-jaseneksi\/\" \/>\n<meta property=\"og:locale\" content=\"fi_FI\" \/>\n<meta property=\"og:type\" content=\"article\" \/>\n<meta property=\"og:title\" content=\"Liity j\u00e4seneksi\" \/>\n<meta property=\"og:description\" content=\"Pelastusveneemme p\u00e4ivyst\u00e4v\u00e4t 24 tuntia vuorokaudessa avovesikautena, valmiina l\u00e4htem\u00e4\u00e4n j\u00e4rvelle onnettomuuden sattuessa. Pelastusveneidemme miehist\u00f6 muodostuu vapaaehtoisista, eiv\u00e4tk\u00e4 miehist\u00f6mme j\u00e4senet saa palkkaa tekem\u00e4st\u00e4\u00e4n ty\u00f6st\u00e4. Pelastustoiminnan kustannukset ovat kuitenkin kymmeni\u00e4tuhansia euroja vuodessa. J\u00e4senmaksut ja lahjoitukset ovat suurin yksitt\u00e4inen tulonl\u00e4hteemme. Valitse seuraavista itsellesi sopivin j\u00e4senyys. Henkil\u00f6j\u00e4senyys 35 \u20ac vuodessa Sinulle, joka haluat pit\u00e4\u00e4 pelastusveneet liikkeell\u00e4 vuotuisella maksulla tai haluat [&hellip;]\" \/>\n<meta property=\"og:url\" content=\"https:\/\/meripelastus.fi\/lahti\/lahden-jarvipelastajat\/liity-jaseneksi\/\" \/>\n<meta property=\"og:site_name\" content=\"Lahden J\u00e4rvipelastajat\" \/>\n<meta property=\"article:modified_time\" content=\"2026-02-01T13:16:08+00:00\" \/>\n<meta name=\"twitter:card\" content=\"summary_large_image\" \/>\n<meta name=\"twitter:label1\" content=\"Arvioitu lukuaika\" \/>\n\t<meta name=\"twitter:data1\" content=\"1 minuutti\" \/>\n<script type=\"application\/ld+json\" class=\"yoast-schema-graph\">{\"@context\":\"https:\\\/\\\/schema.org\",\"@graph\":[{\"@type\":\"WebPage\",\"@id\":\"https:\\\/\\\/meripelastus.fi\\\/lahti\\\/lahden-jarvipelastajat\\\/liity-jaseneksi\\\/\",\"url\":\"https:\\\/\\\/meripelastus.fi\\\/lahti\\\/lahden-jarvipelastajat\\\/liity-jaseneksi\\\/\",\"name\":\"Liity j\u00e4seneksi - Lahden J\u00e4rvipelastajat\",\"isPartOf\":{\"@id\":\"https:\\\/\\\/meripelastus.fi\\\/lahti\\\/#website\"},\"datePublished\":\"2018-11-29T15:31:33+00:00\",\"dateModified\":\"2026-02-01T13:16:08+00:00\",\"breadcrumb\":{\"@id\":\"https:\\\/\\\/meripelastus.fi\\\/lahti\\\/lahden-jarvipelastajat\\\/liity-jaseneksi\\\/#breadcrumb\"},\"inLanguage\":\"fi\",\"potentialAction\":[{\"@type\":\"ReadAction\",\"target\":[\"https:\\\/\\\/meripelastus.fi\\\/lahti\\\/lahden-jarvipelastajat\\\/liity-jaseneksi\\\/\"]}]},{\"@type\":\"BreadcrumbList\",\"@id\":\"https:\\\/\\\/meripelastus.fi\\\/lahti\\\/lahden-jarvipelastajat\\\/liity-jaseneksi\\\/#breadcrumb\",\"itemListElement\":[{\"@type\":\"ListItem\",\"position\":1,\"name\":\"Etusivu\",\"item\":\"https:\\\/\\\/meripelastus.fi\\\/lahti\\\/\"},{\"@type\":\"ListItem\",\"position\":2,\"name\":\"Lahden J\u00e4rvipelastajat\",\"item\":\"https:\\\/\\\/meripelastus.fi\\\/lahti\\\/lahden-jarvipelastajat\\\/\"},{\"@type\":\"ListItem\",\"position\":3,\"name\":\"Liity j\u00e4seneksi\"}]},{\"@type\":\"WebSite\",\"@id\":\"https:\\\/\\\/meripelastus.fi\\\/lahti\\\/#website\",\"url\":\"https:\\\/\\\/meripelastus.fi\\\/lahti\\\/\",\"name\":\"Lahden J\u00e4rvipelastajat\",\"description\":\"Vapaaehtoiset apunasi vesill\u00e4\",\"potentialAction\":[{\"@type\":\"SearchAction\",\"target\":{\"@type\":\"EntryPoint\",\"urlTemplate\":\"https:\\\/\\\/meripelastus.fi\\\/lahti\\\/?s={search_term_string}\"},\"query-input\":{\"@type\":\"PropertyValueSpecification\",\"valueRequired\":true,\"valueName\":\"search_term_string\"}}],\"inLanguage\":\"fi\"}]}<\/script>\n<!-- \/ Yoast SEO Premium plugin. -->","yoast_head_json":{"title":"Liity j\u00e4seneksi - Lahden J\u00e4rvipelastajat","robots":{"index":"index","follow":"follow","max-snippet":"max-snippet:-1","max-image-preview":"max-image-preview:large","max-video-preview":"max-video-preview:-1"},"canonical":"https:\/\/meripelastus.fi\/lahti\/lahden-jarvipelastajat\/liity-jaseneksi\/","og_locale":"fi_FI","og_type":"article","og_title":"Liity j\u00e4seneksi","og_description":"Pelastusveneemme p\u00e4ivyst\u00e4v\u00e4t 24 tuntia vuorokaudessa avovesikautena, valmiina l\u00e4htem\u00e4\u00e4n j\u00e4rvelle onnettomuuden sattuessa. Pelastusveneidemme miehist\u00f6 muodostuu vapaaehtoisista, eiv\u00e4tk\u00e4 miehist\u00f6mme j\u00e4senet saa palkkaa tekem\u00e4st\u00e4\u00e4n ty\u00f6st\u00e4. Pelastustoiminnan kustannukset ovat kuitenkin kymmeni\u00e4tuhansia euroja vuodessa. J\u00e4senmaksut ja lahjoitukset ovat suurin yksitt\u00e4inen tulonl\u00e4hteemme. Valitse seuraavista itsellesi sopivin j\u00e4senyys. Henkil\u00f6j\u00e4senyys 35 \u20ac vuodessa Sinulle, joka haluat pit\u00e4\u00e4 pelastusveneet liikkeell\u00e4 vuotuisella maksulla tai haluat [&hellip;]","og_url":"https:\/\/meripelastus.fi\/lahti\/lahden-jarvipelastajat\/liity-jaseneksi\/","og_site_name":"Lahden J\u00e4rvipelastajat","article_modified_time":"2026-02-01T13:16:08+00:00","twitter_card":"summary_large_image","twitter_misc":{"Arvioitu lukuaika":"1 minuutti"},"schema":{"@context":"https:\/\/schema.org","@graph":[{"@type":"WebPage","@id":"https:\/\/meripelastus.fi\/lahti\/lahden-jarvipelastajat\/liity-jaseneksi\/","url":"https:\/\/meripelastus.fi\/lahti\/lahden-jarvipelastajat\/liity-jaseneksi\/","name":"Liity j\u00e4seneksi - Lahden J\u00e4rvipelastajat","isPartOf":{"@id":"https:\/\/meripelastus.fi\/lahti\/#website"},"datePublished":"2018-11-29T15:31:33+00:00","dateModified":"2026-02-01T13:16:08+00:00","breadcrumb":{"@id":"https:\/\/meripelastus.fi\/lahti\/lahden-jarvipelastajat\/liity-jaseneksi\/#breadcrumb"},"inLanguage":"fi","potentialAction":[{"@type":"ReadAction","target":["https:\/\/meripelastus.fi\/lahti\/lahden-jarvipelastajat\/liity-jaseneksi\/"]}]},{"@type":"BreadcrumbList","@id":"https:\/\/meripelastus.fi\/lahti\/lahden-jarvipelastajat\/liity-jaseneksi\/#breadcrumb","itemListElement":[{"@type":"ListItem","position":1,"name":"Etusivu","item":"https:\/\/meripelastus.fi\/lahti\/"},{"@type":"ListItem","position":2,"name":"Lahden J\u00e4rvipelastajat","item":"https:\/\/meripelastus.fi\/lahti\/lahden-jarvipelastajat\/"},{"@type":"ListItem","position":3,"name":"Liity j\u00e4seneksi"}]},{"@type":"WebSite","@id":"https:\/\/meripelastus.fi\/lahti\/#website","url":"https:\/\/meripelastus.fi\/lahti\/","name":"Lahden J\u00e4rvipelastajat","description":"Vapaaehtoiset apunasi vesill\u00e4","potentialAction":[{"@type":"SearchAction","target":{"@type":"EntryPoint","urlTemplate":"https:\/\/meripelastus.fi\/lahti\/?s={search_term_string}"},"query-input":{"@type":"PropertyValueSpecification","valueRequired":true,"valueName":"search_term_string"}}],"inLanguage":"fi"}]}},"_links":{"self":[{"href":"https:\/\/meripelastus.fi\/lahti\/wp-json\/wp\/v2\/pages\/380","targetHints":{"allow":["GET"]}}],"collection":[{"href":"https:\/\/meripelastus.fi\/lahti\/wp-json\/wp\/v2\/pages"}],"about":[{"href":"https:\/\/meripelastus.fi\/lahti\/wp-json\/wp\/v2\/types\/page"}],"author":[{"embeddable":true,"href":"https:\/\/meripelastus.fi\/lahti\/wp-json\/wp\/v2\/users\/17"}],"replies":[{"embeddable":true,"href":"https:\/\/meripelastus.fi\/lahti\/wp-json\/wp\/v2\/comments?post=380"}],"version-history":[{"count":8,"href":"https:\/\/meripelastus.fi\/lahti\/wp-json\/wp\/v2\/pages\/380\/revisions"}],"predecessor-version":[{"id":674,"href":"https:\/\/meripelastus.fi\/lahti\/wp-json\/wp\/v2\/pages\/380\/revisions\/674"}],"up":[{"embeddable":true,"href":"https:\/\/meripelastus.fi\/lahti\/wp-json\/wp\/v2\/pages\/6"}],"wp:attachment":[{"href":"https:\/\/meripelastus.fi\/lahti\/wp-json\/wp\/v2\/media?parent=380"}],"curies":[{"name":"wp","href":"https:\/\/api.w.org\/{rel}","templated":true}]}}