{"id":361,"date":"2018-11-28T18:22:25","date_gmt":"2018-11-28T16:22:25","guid":{"rendered":"https:\/\/meripelastus.fi\/lahti-vedos\/?page_id=361"},"modified":"2024-01-19T14:38:28","modified_gmt":"2024-01-19T12:38:28","slug":"alukset","status":"publish","type":"page","link":"https:\/\/meripelastus.fi\/lahti\/kuvagalleria\/alukset\/","title":{"rendered":"Alukset"},"content":{"rendered":"\n<h2 class=\"wp-block-heading\">PV Teemu<\/h2>\n\n\n\n<figure class=\"wp-block-gallery has-nested-images columns-4 is-cropped wp-block-gallery-1 is-layout-flex wp-block-gallery-is-layout-flex\">\n<figure class=\"wp-block-image size-large\"><a href=\"https:\/\/meripelastus.fi\/lahti\/wp-content\/uploads\/sites\/10\/2018\/11\/pv4nosto5.jpg\"><img loading=\"lazy\" decoding=\"async\" width=\"1024\" height=\"682\" data-id=\"280\" src=\"https:\/\/meripelastus.fi\/lahti\/wp-content\/uploads\/sites\/10\/2018\/11\/pv4nosto5-1024x682.jpg\" alt=\"PV Teemu matkalla satamaan\" class=\"wp-image-280\" srcset=\"https:\/\/meripelastus.fi\/lahti\/wp-content\/uploads\/sites\/10\/2018\/11\/pv4nosto5-1024x682.jpg 1024w, https:\/\/meripelastus.fi\/lahti\/wp-content\/uploads\/sites\/10\/2018\/11\/pv4nosto5-300x200.jpg 300w, https:\/\/meripelastus.fi\/lahti\/wp-content\/uploads\/sites\/10\/2018\/11\/pv4nosto5-768x512.jpg 768w, https:\/\/meripelastus.fi\/lahti\/wp-content\/uploads\/sites\/10\/2018\/11\/pv4nosto5.jpg 1772w\" sizes=\"auto, (max-width: 1024px) 100vw, 1024px\" \/><\/a><\/figure>\n\n\n\n<figure class=\"wp-block-image size-large\"><a href=\"https:\/\/meripelastus.fi\/lahti\/wp-content\/uploads\/sites\/10\/2018\/11\/pv4nosto2.jpg\"><img loading=\"lazy\" decoding=\"async\" width=\"1024\" height=\"682\" data-id=\"279\" src=\"https:\/\/meripelastus.fi\/lahti\/wp-content\/uploads\/sites\/10\/2018\/11\/pv4nosto2-1024x682.jpg\" alt=\"Vesillelasku Niemen satamassa\" class=\"wp-image-279\" srcset=\"https:\/\/meripelastus.fi\/lahti\/wp-content\/uploads\/sites\/10\/2018\/11\/pv4nosto2-1024x682.jpg 1024w, https:\/\/meripelastus.fi\/lahti\/wp-content\/uploads\/sites\/10\/2018\/11\/pv4nosto2-300x200.jpg 300w, https:\/\/meripelastus.fi\/lahti\/wp-content\/uploads\/sites\/10\/2018\/11\/pv4nosto2-768x512.jpg 768w, https:\/\/meripelastus.fi\/lahti\/wp-content\/uploads\/sites\/10\/2018\/11\/pv4nosto2.jpg 1772w\" sizes=\"auto, (max-width: 1024px) 100vw, 1024px\" \/><\/a><\/figure>\n\n\n\n<figure class=\"wp-block-image size-large\"><a href=\"https:\/\/meripelastus.fi\/lahti\/wp-content\/uploads\/sites\/10\/2018\/11\/pv4nosto1-2.jpg\"><img loading=\"lazy\" decoding=\"async\" width=\"1024\" height=\"682\" data-id=\"356\" src=\"https:\/\/meripelastus.fi\/lahti\/wp-content\/uploads\/sites\/10\/2018\/11\/pv4nosto1-2-1024x682.jpg\" alt=\"Ensimm\u00e4inen kosketus Vesij\u00e4rveen Niemen satamassa\" class=\"wp-image-356\" srcset=\"https:\/\/meripelastus.fi\/lahti\/wp-content\/uploads\/sites\/10\/2018\/11\/pv4nosto1-2-1024x682.jpg 1024w, https:\/\/meripelastus.fi\/lahti\/wp-content\/uploads\/sites\/10\/2018\/11\/pv4nosto1-2-300x200.jpg 300w, https:\/\/meripelastus.fi\/lahti\/wp-content\/uploads\/sites\/10\/2018\/11\/pv4nosto1-2-768x512.jpg 768w, https:\/\/meripelastus.fi\/lahti\/wp-content\/uploads\/sites\/10\/2018\/11\/pv4nosto1-2.jpg 1772w\" sizes=\"auto, (max-width: 1024px) 100vw, 1024px\" \/><\/a><\/figure>\n\n\n\n<figure class=\"wp-block-image size-large\"><a href=\"https:\/\/meripelastus.fi\/lahti\/wp-content\/uploads\/sites\/10\/2018\/10\/421.jpg\"><img loading=\"lazy\" decoding=\"async\" width=\"410\" height=\"250\" data-id=\"192\" src=\"https:\/\/meripelastus.fi\/lahti\/wp-content\/uploads\/sites\/10\/2018\/10\/421.jpg\" alt=\"\" class=\"wp-image-192\" srcset=\"https:\/\/meripelastus.fi\/lahti\/wp-content\/uploads\/sites\/10\/2018\/10\/421.jpg 410w, https:\/\/meripelastus.fi\/lahti\/wp-content\/uploads\/sites\/10\/2018\/10\/421-300x183.jpg 300w\" sizes=\"auto, (max-width: 410px) 100vw, 410px\" \/><\/a><\/figure>\n\n\n\n<figure class=\"wp-block-image size-large\"><a href=\"https:\/\/meripelastus.fi\/lahti\/wp-content\/uploads\/sites\/10\/2018\/11\/MG_1160.jpg\"><img loading=\"lazy\" decoding=\"async\" width=\"1024\" height=\"683\" data-id=\"297\" src=\"https:\/\/meripelastus.fi\/lahti\/wp-content\/uploads\/sites\/10\/2018\/11\/MG_1160-1024x683.jpg\" alt=\"\" class=\"wp-image-297\" srcset=\"https:\/\/meripelastus.fi\/lahti\/wp-content\/uploads\/sites\/10\/2018\/11\/MG_1160-1024x683.jpg 1024w, https:\/\/meripelastus.fi\/lahti\/wp-content\/uploads\/sites\/10\/2018\/11\/MG_1160-300x200.jpg 300w, https:\/\/meripelastus.fi\/lahti\/wp-content\/uploads\/sites\/10\/2018\/11\/MG_1160-768x512.jpg 768w, https:\/\/meripelastus.fi\/lahti\/wp-content\/uploads\/sites\/10\/2018\/11\/MG_1160.jpg 2048w\" sizes=\"auto, (max-width: 1024px) 100vw, 1024px\" \/><\/a><\/figure>\n\n\n\n<figure class=\"wp-block-image size-large\"><a href=\"https:\/\/meripelastus.fi\/lahti\/wp-content\/uploads\/sites\/10\/2018\/11\/MG_1164.jpg\"><img loading=\"lazy\" decoding=\"async\" width=\"1024\" height=\"683\" data-id=\"299\" src=\"https:\/\/meripelastus.fi\/lahti\/wp-content\/uploads\/sites\/10\/2018\/11\/MG_1164-1024x683.jpg\" alt=\"\" class=\"wp-image-299\" srcset=\"https:\/\/meripelastus.fi\/lahti\/wp-content\/uploads\/sites\/10\/2018\/11\/MG_1164-1024x683.jpg 1024w, https:\/\/meripelastus.fi\/lahti\/wp-content\/uploads\/sites\/10\/2018\/11\/MG_1164-300x200.jpg 300w, https:\/\/meripelastus.fi\/lahti\/wp-content\/uploads\/sites\/10\/2018\/11\/MG_1164-768x512.jpg 768w, https:\/\/meripelastus.fi\/lahti\/wp-content\/uploads\/sites\/10\/2018\/11\/MG_1164.jpg 2048w\" sizes=\"auto, (max-width: 1024px) 100vw, 1024px\" \/><\/a><\/figure>\n\n\n\n<figure class=\"wp-block-image size-large\"><a href=\"https:\/\/meripelastus.fi\/lahti\/wp-content\/uploads\/sites\/10\/2018\/11\/MG_1163.jpg\"><img loading=\"lazy\" decoding=\"async\" width=\"1024\" height=\"938\" data-id=\"484\" src=\"https:\/\/meripelastus.fi\/lahti\/wp-content\/uploads\/sites\/10\/2018\/11\/MG_1163-1024x938.jpg\" alt=\"\" class=\"wp-image-484\" srcset=\"https:\/\/meripelastus.fi\/lahti\/wp-content\/uploads\/sites\/10\/2018\/11\/MG_1163-1024x938.jpg 1024w, https:\/\/meripelastus.fi\/lahti\/wp-content\/uploads\/sites\/10\/2018\/11\/MG_1163-300x275.jpg 300w, https:\/\/meripelastus.fi\/lahti\/wp-content\/uploads\/sites\/10\/2018\/11\/MG_1163-768x704.jpg 768w, https:\/\/meripelastus.fi\/lahti\/wp-content\/uploads\/sites\/10\/2018\/11\/MG_1163.jpg 1456w\" sizes=\"auto, (max-width: 1024px) 100vw, 1024px\" \/><\/a><\/figure>\n\n\n\n<figure class=\"wp-block-image size-large\"><a href=\"https:\/\/meripelastus.fi\/lahti\/wp-content\/uploads\/sites\/10\/2018\/11\/MG_1398-1.jpg\"><img loading=\"lazy\" decoding=\"async\" width=\"1024\" height=\"683\" data-id=\"518\" src=\"https:\/\/meripelastus.fi\/lahti\/wp-content\/uploads\/sites\/10\/2018\/11\/MG_1398-1-1024x683.jpg\" alt=\"\" class=\"wp-image-518\" srcset=\"https:\/\/meripelastus.fi\/lahti\/wp-content\/uploads\/sites\/10\/2018\/11\/MG_1398-1-1024x683.jpg 1024w, https:\/\/meripelastus.fi\/lahti\/wp-content\/uploads\/sites\/10\/2018\/11\/MG_1398-1-300x200.jpg 300w, https:\/\/meripelastus.fi\/lahti\/wp-content\/uploads\/sites\/10\/2018\/11\/MG_1398-1-768x512.jpg 768w, https:\/\/meripelastus.fi\/lahti\/wp-content\/uploads\/sites\/10\/2018\/11\/MG_1398-1.jpg 2048w\" sizes=\"auto, (max-width: 1024px) 100vw, 1024px\" \/><\/a><\/figure>\n\n\n\n<figure class=\"wp-block-image size-large\"><a href=\"https:\/\/meripelastus.fi\/lahti\/wp-content\/uploads\/sites\/10\/2018\/11\/MG_1405.jpg\"><img loading=\"lazy\" decoding=\"async\" width=\"1024\" height=\"683\" data-id=\"305\" src=\"https:\/\/meripelastus.fi\/lahti\/wp-content\/uploads\/sites\/10\/2018\/11\/MG_1405-1024x683.jpg\" alt=\"Navigoijan paikka\" class=\"wp-image-305\" srcset=\"https:\/\/meripelastus.fi\/lahti\/wp-content\/uploads\/sites\/10\/2018\/11\/MG_1405-1024x683.jpg 1024w, https:\/\/meripelastus.fi\/lahti\/wp-content\/uploads\/sites\/10\/2018\/11\/MG_1405-300x200.jpg 300w, https:\/\/meripelastus.fi\/lahti\/wp-content\/uploads\/sites\/10\/2018\/11\/MG_1405-768x512.jpg 768w, https:\/\/meripelastus.fi\/lahti\/wp-content\/uploads\/sites\/10\/2018\/11\/MG_1405.jpg 2048w\" sizes=\"auto, (max-width: 1024px) 100vw, 1024px\" \/><\/a><\/figure>\n\n\n\n<figure class=\"wp-block-image size-large\"><a href=\"https:\/\/meripelastus.fi\/lahti\/wp-content\/uploads\/sites\/10\/2018\/11\/MG_1403-1.jpg\"><img loading=\"lazy\" decoding=\"async\" width=\"1024\" height=\"683\" data-id=\"487\" src=\"https:\/\/meripelastus.fi\/lahti\/wp-content\/uploads\/sites\/10\/2018\/11\/MG_1403-1-1024x683.jpg\" alt=\"\" class=\"wp-image-487\" srcset=\"https:\/\/meripelastus.fi\/lahti\/wp-content\/uploads\/sites\/10\/2018\/11\/MG_1403-1-1024x683.jpg 1024w, https:\/\/meripelastus.fi\/lahti\/wp-content\/uploads\/sites\/10\/2018\/11\/MG_1403-1-300x200.jpg 300w, https:\/\/meripelastus.fi\/lahti\/wp-content\/uploads\/sites\/10\/2018\/11\/MG_1403-1-768x512.jpg 768w, https:\/\/meripelastus.fi\/lahti\/wp-content\/uploads\/sites\/10\/2018\/11\/MG_1403-1.jpg 2048w\" sizes=\"auto, (max-width: 1024px) 100vw, 1024px\" \/><\/a><\/figure>\n\n\n\n<figure class=\"wp-block-image size-large\"><a href=\"https:\/\/meripelastus.fi\/lahti\/wp-content\/uploads\/sites\/10\/2018\/11\/MG_1399.jpg\"><img loading=\"lazy\" decoding=\"async\" width=\"1024\" height=\"683\" data-id=\"301\" src=\"https:\/\/meripelastus.fi\/lahti\/wp-content\/uploads\/sites\/10\/2018\/11\/MG_1399-1024x683.jpg\" alt=\"P\u00e4\u00e4llik\u00f6n paikka\" class=\"wp-image-301\" srcset=\"https:\/\/meripelastus.fi\/lahti\/wp-content\/uploads\/sites\/10\/2018\/11\/MG_1399-1024x683.jpg 1024w, https:\/\/meripelastus.fi\/lahti\/wp-content\/uploads\/sites\/10\/2018\/11\/MG_1399-300x200.jpg 300w, https:\/\/meripelastus.fi\/lahti\/wp-content\/uploads\/sites\/10\/2018\/11\/MG_1399-768x512.jpg 768w, https:\/\/meripelastus.fi\/lahti\/wp-content\/uploads\/sites\/10\/2018\/11\/MG_1399.jpg 2048w\" sizes=\"auto, (max-width: 1024px) 100vw, 1024px\" \/><\/a><\/figure>\n\n\n\n<figure class=\"wp-block-image size-large\"><a href=\"https:\/\/meripelastus.fi\/lahti\/wp-content\/uploads\/sites\/10\/2018\/11\/MG_1408-1.jpg\"><img loading=\"lazy\" decoding=\"async\" width=\"1024\" height=\"847\" data-id=\"517\" src=\"https:\/\/meripelastus.fi\/lahti\/wp-content\/uploads\/sites\/10\/2018\/11\/MG_1408-1-1024x847.jpg\" alt=\"\" class=\"wp-image-517\" srcset=\"https:\/\/meripelastus.fi\/lahti\/wp-content\/uploads\/sites\/10\/2018\/11\/MG_1408-1-1024x847.jpg 1024w, https:\/\/meripelastus.fi\/lahti\/wp-content\/uploads\/sites\/10\/2018\/11\/MG_1408-1-300x248.jpg 300w, https:\/\/meripelastus.fi\/lahti\/wp-content\/uploads\/sites\/10\/2018\/11\/MG_1408-1-768x635.jpg 768w, https:\/\/meripelastus.fi\/lahti\/wp-content\/uploads\/sites\/10\/2018\/11\/MG_1408-1.jpg 1651w\" sizes=\"auto, (max-width: 1024px) 100vw, 1024px\" \/><\/a><\/figure>\n<\/figure>\n\n\n\n<h2 class=\"wp-block-heading\">PV Vesij\u00e4rvi<\/h2>\n\n\n\n<figure class=\"wp-block-gallery has-nested-images columns-5 is-cropped wp-block-gallery-2 is-layout-flex wp-block-gallery-is-layout-flex\">\n<figure class=\"wp-block-image size-large\"><a href=\"https:\/\/meripelastus.fi\/lahti\/wp-content\/uploads\/sites\/10\/2018\/11\/Boom-1-1.jpg\"><img loading=\"lazy\" decoding=\"async\" width=\"600\" height=\"408\" data-id=\"490\" src=\"https:\/\/meripelastus.fi\/lahti\/wp-content\/uploads\/sites\/10\/2018\/11\/Boom-1-1.jpg\" alt=\"\" class=\"wp-image-490\" srcset=\"https:\/\/meripelastus.fi\/lahti\/wp-content\/uploads\/sites\/10\/2018\/11\/Boom-1-1.jpg 600w, https:\/\/meripelastus.fi\/lahti\/wp-content\/uploads\/sites\/10\/2018\/11\/Boom-1-1-300x204.jpg 300w\" sizes=\"auto, (max-width: 600px) 100vw, 600px\" \/><\/a><\/figure>\n\n\n\n<figure class=\"wp-block-image size-large\"><a href=\"https:\/\/meripelastus.fi\/lahti\/wp-content\/uploads\/sites\/10\/2018\/11\/Boom-2.jpg\"><img loading=\"lazy\" decoding=\"async\" width=\"600\" height=\"443\" data-id=\"309\" src=\"https:\/\/meripelastus.fi\/lahti\/wp-content\/uploads\/sites\/10\/2018\/11\/Boom-2.jpg\" alt=\"Vesillelasku Teivaan satamassa\" class=\"wp-image-309\" srcset=\"https:\/\/meripelastus.fi\/lahti\/wp-content\/uploads\/sites\/10\/2018\/11\/Boom-2.jpg 600w, https:\/\/meripelastus.fi\/lahti\/wp-content\/uploads\/sites\/10\/2018\/11\/Boom-2-300x222.jpg 300w\" sizes=\"auto, (max-width: 600px) 100vw, 600px\" \/><\/a><\/figure>\n\n\n\n<figure class=\"wp-block-image size-large\"><a href=\"https:\/\/meripelastus.fi\/lahti\/wp-content\/uploads\/sites\/10\/2018\/11\/Vesij-7-1.jpg\"><img loading=\"lazy\" decoding=\"async\" width=\"600\" height=\"450\" data-id=\"315\" src=\"https:\/\/meripelastus.fi\/lahti\/wp-content\/uploads\/sites\/10\/2018\/11\/Vesij-7-1.jpg\" alt=\"Aluksen PV Vesij\u00e4rveksi kastoi Teija Niiranen\" class=\"wp-image-315\" srcset=\"https:\/\/meripelastus.fi\/lahti\/wp-content\/uploads\/sites\/10\/2018\/11\/Vesij-7-1.jpg 600w, https:\/\/meripelastus.fi\/lahti\/wp-content\/uploads\/sites\/10\/2018\/11\/Vesij-7-1-300x225.jpg 300w\" sizes=\"auto, (max-width: 600px) 100vw, 600px\" \/><\/a><\/figure>\n\n\n\n<figure class=\"wp-block-image size-large\"><a href=\"https:\/\/meripelastus.fi\/lahti\/wp-content\/uploads\/sites\/10\/2018\/11\/Boom-4.jpg\"><img loading=\"lazy\" decoding=\"async\" width=\"600\" height=\"400\" data-id=\"311\" src=\"https:\/\/meripelastus.fi\/lahti\/wp-content\/uploads\/sites\/10\/2018\/11\/Boom-4.jpg\" alt=\"\" class=\"wp-image-311\" srcset=\"https:\/\/meripelastus.fi\/lahti\/wp-content\/uploads\/sites\/10\/2018\/11\/Boom-4.jpg 600w, https:\/\/meripelastus.fi\/lahti\/wp-content\/uploads\/sites\/10\/2018\/11\/Boom-4-300x200.jpg 300w\" sizes=\"auto, (max-width: 600px) 100vw, 600px\" \/><\/a><\/figure>\n\n\n\n<figure class=\"wp-block-image size-large\"><a href=\"https:\/\/meripelastus.fi\/lahti\/wp-content\/uploads\/sites\/10\/2018\/11\/MG_0324-1.jpg\"><img loading=\"lazy\" decoding=\"async\" width=\"1024\" height=\"682\" data-id=\"520\" src=\"https:\/\/meripelastus.fi\/lahti\/wp-content\/uploads\/sites\/10\/2018\/11\/MG_0324-1-1024x682.jpg\" alt=\"\" class=\"wp-image-520\" srcset=\"https:\/\/meripelastus.fi\/lahti\/wp-content\/uploads\/sites\/10\/2018\/11\/MG_0324-1-1024x682.jpg 1024w, https:\/\/meripelastus.fi\/lahti\/wp-content\/uploads\/sites\/10\/2018\/11\/MG_0324-1-300x200.jpg 300w, https:\/\/meripelastus.fi\/lahti\/wp-content\/uploads\/sites\/10\/2018\/11\/MG_0324-1-768x511.jpg 768w, https:\/\/meripelastus.fi\/lahti\/wp-content\/uploads\/sites\/10\/2018\/11\/MG_0324-1.jpg 2000w\" sizes=\"auto, (max-width: 1024px) 100vw, 1024px\" \/><\/a><\/figure>\n\n\n\n<figure class=\"wp-block-image size-large\"><a href=\"https:\/\/meripelastus.fi\/lahti\/wp-content\/uploads\/sites\/10\/2018\/11\/MG_0337.jpg\"><img loading=\"lazy\" decoding=\"async\" width=\"1024\" height=\"682\" data-id=\"495\" src=\"https:\/\/meripelastus.fi\/lahti\/wp-content\/uploads\/sites\/10\/2018\/11\/MG_0337-1024x682.jpg\" alt=\"\" class=\"wp-image-495\" srcset=\"https:\/\/meripelastus.fi\/lahti\/wp-content\/uploads\/sites\/10\/2018\/11\/MG_0337-1024x682.jpg 1024w, https:\/\/meripelastus.fi\/lahti\/wp-content\/uploads\/sites\/10\/2018\/11\/MG_0337-300x200.jpg 300w, https:\/\/meripelastus.fi\/lahti\/wp-content\/uploads\/sites\/10\/2018\/11\/MG_0337-768x512.jpg 768w, https:\/\/meripelastus.fi\/lahti\/wp-content\/uploads\/sites\/10\/2018\/11\/MG_0337.jpg 2000w\" sizes=\"auto, (max-width: 1024px) 100vw, 1024px\" \/><\/a><\/figure>\n\n\n\n<figure class=\"wp-block-image size-large\"><a href=\"https:\/\/meripelastus.fi\/lahti\/wp-content\/uploads\/sites\/10\/2018\/11\/Boom-3.jpg\"><img loading=\"lazy\" decoding=\"async\" width=\"600\" height=\"402\" data-id=\"492\" src=\"https:\/\/meripelastus.fi\/lahti\/wp-content\/uploads\/sites\/10\/2018\/11\/Boom-3.jpg\" alt=\"\" class=\"wp-image-492\" srcset=\"https:\/\/meripelastus.fi\/lahti\/wp-content\/uploads\/sites\/10\/2018\/11\/Boom-3.jpg 600w, https:\/\/meripelastus.fi\/lahti\/wp-content\/uploads\/sites\/10\/2018\/11\/Boom-3-300x201.jpg 300w\" sizes=\"auto, (max-width: 600px) 100vw, 600px\" \/><\/a><\/figure>\n\n\n\n<figure class=\"wp-block-image size-large\"><a href=\"https:\/\/meripelastus.fi\/lahti\/wp-content\/uploads\/sites\/10\/2018\/11\/aluksetvesijarvi.jpg\"><img loading=\"lazy\" decoding=\"async\" width=\"400\" height=\"229\" data-id=\"307\" src=\"https:\/\/meripelastus.fi\/lahti\/wp-content\/uploads\/sites\/10\/2018\/11\/aluksetvesijarvi.jpg\" alt=\"\" class=\"wp-image-307\" srcset=\"https:\/\/meripelastus.fi\/lahti\/wp-content\/uploads\/sites\/10\/2018\/11\/aluksetvesijarvi.jpg 400w, https:\/\/meripelastus.fi\/lahti\/wp-content\/uploads\/sites\/10\/2018\/11\/aluksetvesijarvi-300x172.jpg 300w\" sizes=\"auto, (max-width: 400px) 100vw, 400px\" \/><\/a><\/figure>\n\n\n\n<figure class=\"wp-block-image size-large\"><a href=\"https:\/\/meripelastus.fi\/lahti\/wp-content\/uploads\/sites\/10\/2018\/11\/tilastot.jpg\"><img loading=\"lazy\" decoding=\"async\" width=\"1024\" height=\"537\" data-id=\"218\" src=\"https:\/\/meripelastus.fi\/lahti\/wp-content\/uploads\/sites\/10\/2018\/11\/tilastot-1024x537.jpg\" alt=\"\" class=\"wp-image-218\" srcset=\"https:\/\/meripelastus.fi\/lahti\/wp-content\/uploads\/sites\/10\/2018\/11\/tilastot-1024x537.jpg 1024w, https:\/\/meripelastus.fi\/lahti\/wp-content\/uploads\/sites\/10\/2018\/11\/tilastot-300x157.jpg 300w, https:\/\/meripelastus.fi\/lahti\/wp-content\/uploads\/sites\/10\/2018\/11\/tilastot-768x403.jpg 768w, https:\/\/meripelastus.fi\/lahti\/wp-content\/uploads\/sites\/10\/2018\/11\/tilastot.jpg 1972w\" sizes=\"auto, (max-width: 1024px) 100vw, 1024px\" \/><\/a><\/figure>\n<\/figure>\n\n\n\n<h2 class=\"wp-block-heading\">PV Jousi<\/h2>\n\n\n\n<figure class=\"wp-block-gallery has-nested-images columns-default is-cropped wp-block-gallery-3 is-layout-flex wp-block-gallery-is-layout-flex\">\n<figure class=\"wp-block-image size-large\"><a href=\"https:\/\/meripelastus.fi\/lahti\/wp-content\/uploads\/sites\/10\/2018\/11\/IMG_0744.jpg\"><img loading=\"lazy\" decoding=\"async\" width=\"1024\" height=\"768\" data-id=\"393\" src=\"https:\/\/meripelastus.fi\/lahti\/wp-content\/uploads\/sites\/10\/2018\/11\/IMG_0744-1024x768.jpg\" alt=\"\" class=\"wp-image-393\" srcset=\"https:\/\/meripelastus.fi\/lahti\/wp-content\/uploads\/sites\/10\/2018\/11\/IMG_0744-1024x768.jpg 1024w, https:\/\/meripelastus.fi\/lahti\/wp-content\/uploads\/sites\/10\/2018\/11\/IMG_0744-300x225.jpg 300w, https:\/\/meripelastus.fi\/lahti\/wp-content\/uploads\/sites\/10\/2018\/11\/IMG_0744-768x576.jpg 768w, https:\/\/meripelastus.fi\/lahti\/wp-content\/uploads\/sites\/10\/2018\/11\/IMG_0744-1600x1200.jpg 1600w, https:\/\/meripelastus.fi\/lahti\/wp-content\/uploads\/sites\/10\/2018\/11\/IMG_0744.jpg 2000w\" sizes=\"auto, (max-width: 1024px) 100vw, 1024px\" \/><\/a><\/figure>\n\n\n\n<figure class=\"wp-block-image size-large\"><a href=\"https:\/\/meripelastus.fi\/lahti\/wp-content\/uploads\/sites\/10\/2018\/11\/IMG_9592Atlanticnettiin2.jpg\"><img loading=\"lazy\" decoding=\"async\" width=\"1000\" height=\"667\" data-id=\"198\" src=\"https:\/\/meripelastus.fi\/lahti\/wp-content\/uploads\/sites\/10\/2018\/11\/IMG_9592Atlanticnettiin2.jpg\" alt=\"\" class=\"wp-image-198\" srcset=\"https:\/\/meripelastus.fi\/lahti\/wp-content\/uploads\/sites\/10\/2018\/11\/IMG_9592Atlanticnettiin2.jpg 1000w, https:\/\/meripelastus.fi\/lahti\/wp-content\/uploads\/sites\/10\/2018\/11\/IMG_9592Atlanticnettiin2-300x200.jpg 300w, https:\/\/meripelastus.fi\/lahti\/wp-content\/uploads\/sites\/10\/2018\/11\/IMG_9592Atlanticnettiin2-768x512.jpg 768w\" sizes=\"auto, (max-width: 1000px) 100vw, 1000px\" \/><\/a><\/figure>\n<\/figure>\n","protected":false},"excerpt":{"rendered":"<p>PV Teemu PV Vesij\u00e4rvi PV Jousi<\/p>\n","protected":false},"author":17,"featured_media":0,"parent":236,"menu_order":0,"comment_status":"closed","ping_status":"closed","template":"","meta":{"_acf_changed":false,"inline_featured_image":false,"footnotes":""},"class_list":["post-361","page","type-page","status-publish","hentry"],"acf":[],"yoast_head":"<!-- This site is optimized with the Yoast SEO Premium plugin v27.2 (Yoast SEO v27.2) - https:\/\/yoast.com\/product\/yoast-seo-premium-wordpress\/ -->\n<title>Alukset - Lahden J\u00e4rvipelastajat<\/title>\n<meta name=\"robots\" content=\"index, follow, max-snippet:-1, max-image-preview:large, max-video-preview:-1\" \/>\n<link rel=\"canonical\" href=\"https:\/\/meripelastus.fi\/lahti\/kuvagalleria\/alukset\/\" \/>\n<meta property=\"og:locale\" content=\"fi_FI\" \/>\n<meta property=\"og:type\" content=\"article\" \/>\n<meta property=\"og:title\" content=\"Alukset\" \/>\n<meta property=\"og:description\" content=\"PV Teemu PV Vesij\u00e4rvi PV Jousi\" \/>\n<meta property=\"og:url\" content=\"https:\/\/meripelastus.fi\/lahti\/kuvagalleria\/alukset\/\" \/>\n<meta property=\"og:site_name\" content=\"Lahden J\u00e4rvipelastajat\" \/>\n<meta property=\"article:modified_time\" content=\"2024-01-19T12:38:28+00:00\" \/>\n<meta property=\"og:image\" content=\"https:\/\/meripelastus.fi\/lahti\/wp-content\/uploads\/sites\/10\/2018\/11\/pv4nosto5-1024x682.jpg\" \/>\n<meta name=\"twitter:card\" content=\"summary_large_image\" \/>\n<meta name=\"twitter:label1\" content=\"Arvioitu lukuaika\" \/>\n\t<meta name=\"twitter:data1\" content=\"5 minuuttia\" \/>\n<script type=\"application\/ld+json\" class=\"yoast-schema-graph\">{\"@context\":\"https:\/\/schema.org\",\"@graph\":[{\"@type\":\"WebPage\",\"@id\":\"https:\/\/meripelastus.fi\/lahti\/kuvagalleria\/alukset\/\",\"url\":\"https:\/\/meripelastus.fi\/lahti\/kuvagalleria\/alukset\/\",\"name\":\"Alukset - Lahden J\u00e4rvipelastajat\",\"isPartOf\":{\"@id\":\"https:\/\/meripelastus.fi\/lahti\/#website\"},\"primaryImageOfPage\":{\"@id\":\"https:\/\/meripelastus.fi\/lahti\/kuvagalleria\/alukset\/#primaryimage\"},\"image\":{\"@id\":\"https:\/\/meripelastus.fi\/lahti\/kuvagalleria\/alukset\/#primaryimage\"},\"thumbnailUrl\":\"https:\/\/meripelastus.fi\/lahti\/wp-content\/uploads\/sites\/10\/2018\/11\/pv4nosto5-1024x682.jpg\",\"datePublished\":\"2018-11-28T16:22:25+00:00\",\"dateModified\":\"2024-01-19T12:38:28+00:00\",\"breadcrumb\":{\"@id\":\"https:\/\/meripelastus.fi\/lahti\/kuvagalleria\/alukset\/#breadcrumb\"},\"inLanguage\":\"fi\",\"potentialAction\":[{\"@type\":\"ReadAction\",\"target\":[\"https:\/\/meripelastus.fi\/lahti\/kuvagalleria\/alukset\/\"]}]},{\"@type\":\"ImageObject\",\"inLanguage\":\"fi\",\"@id\":\"https:\/\/meripelastus.fi\/lahti\/kuvagalleria\/alukset\/#primaryimage\",\"url\":\"https:\/\/meripelastus.fi\/lahti\/wp-content\/uploads\/sites\/10\/2018\/11\/pv4nosto5.jpg\",\"contentUrl\":\"https:\/\/meripelastus.fi\/lahti\/wp-content\/uploads\/sites\/10\/2018\/11\/pv4nosto5.jpg\",\"width\":1772,\"height\":1181,\"caption\":\"PV Teemu matkalla satamaan\"},{\"@type\":\"BreadcrumbList\",\"@id\":\"https:\/\/meripelastus.fi\/lahti\/kuvagalleria\/alukset\/#breadcrumb\",\"itemListElement\":[{\"@type\":\"ListItem\",\"position\":1,\"name\":\"Etusivu\",\"item\":\"https:\/\/meripelastus.fi\/lahti\/\"},{\"@type\":\"ListItem\",\"position\":2,\"name\":\"Kuvagalleria\",\"item\":\"https:\/\/meripelastus.fi\/lahti\/kuvagalleria\/\"},{\"@type\":\"ListItem\",\"position\":3,\"name\":\"Alukset\"}]},{\"@type\":\"WebSite\",\"@id\":\"https:\/\/meripelastus.fi\/lahti\/#website\",\"url\":\"https:\/\/meripelastus.fi\/lahti\/\",\"name\":\"Lahden J\u00e4rvipelastajat\",\"description\":\"Vapaaehtoiset apunasi vesill\u00e4\",\"potentialAction\":[{\"@type\":\"SearchAction\",\"target\":{\"@type\":\"EntryPoint\",\"urlTemplate\":\"https:\/\/meripelastus.fi\/lahti\/?s={search_term_string}\"},\"query-input\":{\"@type\":\"PropertyValueSpecification\",\"valueRequired\":true,\"valueName\":\"search_term_string\"}}],\"inLanguage\":\"fi\"}]}<\/script>\n<!-- \/ Yoast SEO Premium plugin. -->","yoast_head_json":{"title":"Alukset - Lahden J\u00e4rvipelastajat","robots":{"index":"index","follow":"follow","max-snippet":"max-snippet:-1","max-image-preview":"max-image-preview:large","max-video-preview":"max-video-preview:-1"},"canonical":"https:\/\/meripelastus.fi\/lahti\/kuvagalleria\/alukset\/","og_locale":"fi_FI","og_type":"article","og_title":"Alukset","og_description":"PV Teemu PV Vesij\u00e4rvi PV Jousi","og_url":"https:\/\/meripelastus.fi\/lahti\/kuvagalleria\/alukset\/","og_site_name":"Lahden J\u00e4rvipelastajat","article_modified_time":"2024-01-19T12:38:28+00:00","og_image":[{"url":"https:\/\/meripelastus.fi\/lahti\/wp-content\/uploads\/sites\/10\/2018\/11\/pv4nosto5-1024x682.jpg","type":"","width":"","height":""}],"twitter_card":"summary_large_image","twitter_misc":{"Arvioitu lukuaika":"5 minuuttia"},"schema":{"@context":"https:\/\/schema.org","@graph":[{"@type":"WebPage","@id":"https:\/\/meripelastus.fi\/lahti\/kuvagalleria\/alukset\/","url":"https:\/\/meripelastus.fi\/lahti\/kuvagalleria\/alukset\/","name":"Alukset - Lahden J\u00e4rvipelastajat","isPartOf":{"@id":"https:\/\/meripelastus.fi\/lahti\/#website"},"primaryImageOfPage":{"@id":"https:\/\/meripelastus.fi\/lahti\/kuvagalleria\/alukset\/#primaryimage"},"image":{"@id":"https:\/\/meripelastus.fi\/lahti\/kuvagalleria\/alukset\/#primaryimage"},"thumbnailUrl":"https:\/\/meripelastus.fi\/lahti\/wp-content\/uploads\/sites\/10\/2018\/11\/pv4nosto5-1024x682.jpg","datePublished":"2018-11-28T16:22:25+00:00","dateModified":"2024-01-19T12:38:28+00:00","breadcrumb":{"@id":"https:\/\/meripelastus.fi\/lahti\/kuvagalleria\/alukset\/#breadcrumb"},"inLanguage":"fi","potentialAction":[{"@type":"ReadAction","target":["https:\/\/meripelastus.fi\/lahti\/kuvagalleria\/alukset\/"]}]},{"@type":"ImageObject","inLanguage":"fi","@id":"https:\/\/meripelastus.fi\/lahti\/kuvagalleria\/alukset\/#primaryimage","url":"https:\/\/meripelastus.fi\/lahti\/wp-content\/uploads\/sites\/10\/2018\/11\/pv4nosto5.jpg","contentUrl":"https:\/\/meripelastus.fi\/lahti\/wp-content\/uploads\/sites\/10\/2018\/11\/pv4nosto5.jpg","width":1772,"height":1181,"caption":"PV Teemu matkalla satamaan"},{"@type":"BreadcrumbList","@id":"https:\/\/meripelastus.fi\/lahti\/kuvagalleria\/alukset\/#breadcrumb","itemListElement":[{"@type":"ListItem","position":1,"name":"Etusivu","item":"https:\/\/meripelastus.fi\/lahti\/"},{"@type":"ListItem","position":2,"name":"Kuvagalleria","item":"https:\/\/meripelastus.fi\/lahti\/kuvagalleria\/"},{"@type":"ListItem","position":3,"name":"Alukset"}]},{"@type":"WebSite","@id":"https:\/\/meripelastus.fi\/lahti\/#website","url":"https:\/\/meripelastus.fi\/lahti\/","name":"Lahden J\u00e4rvipelastajat","description":"Vapaaehtoiset apunasi vesill\u00e4","potentialAction":[{"@type":"SearchAction","target":{"@type":"EntryPoint","urlTemplate":"https:\/\/meripelastus.fi\/lahti\/?s={search_term_string}"},"query-input":{"@type":"PropertyValueSpecification","valueRequired":true,"valueName":"search_term_string"}}],"inLanguage":"fi"}]}},"_links":{"self":[{"href":"https:\/\/meripelastus.fi\/lahti\/wp-json\/wp\/v2\/pages\/361","targetHints":{"allow":["GET"]}}],"collection":[{"href":"https:\/\/meripelastus.fi\/lahti\/wp-json\/wp\/v2\/pages"}],"about":[{"href":"https:\/\/meripelastus.fi\/lahti\/wp-json\/wp\/v2\/types\/page"}],"author":[{"embeddable":true,"href":"https:\/\/meripelastus.fi\/lahti\/wp-json\/wp\/v2\/users\/17"}],"replies":[{"embeddable":true,"href":"https:\/\/meripelastus.fi\/lahti\/wp-json\/wp\/v2\/comments?post=361"}],"version-history":[{"count":5,"href":"https:\/\/meripelastus.fi\/lahti\/wp-json\/wp\/v2\/pages\/361\/revisions"}],"predecessor-version":[{"id":583,"href":"https:\/\/meripelastus.fi\/lahti\/wp-json\/wp\/v2\/pages\/361\/revisions\/583"}],"up":[{"embeddable":true,"href":"https:\/\/meripelastus.fi\/lahti\/wp-json\/wp\/v2\/pages\/236"}],"wp:attachment":[{"href":"https:\/\/meripelastus.fi\/lahti\/wp-json\/wp\/v2\/media?parent=361"}],"curies":[{"name":"wp","href":"https:\/\/api.w.org\/{rel}","templated":true}]}}