{"id":251,"date":"2018-11-11T18:51:52","date_gmt":"2018-11-11T16:51:52","guid":{"rendered":"https:\/\/meripelastus.fi\/lahti-vedos\/?page_id=251"},"modified":"2024-05-26T16:29:27","modified_gmt":"2024-05-26T13:29:27","slug":"henkilojasen","status":"publish","type":"page","link":"https:\/\/meripelastus.fi\/lahti\/lahden-jarvipelastajat\/liity-jaseneksi\/henkilojasen\/","title":{"rendered":"Henkil\u00f6j\u00e4senyys"},"content":{"rendered":"<p>Lahden J\u00e4rvipelastusyhdistyksen henkil\u00f6j\u00e4senen\u00e4 tuet toimintaa ja pid\u00e4t alukset liikkeell\u00e4 ja voit halutessasi tulla toimintaan mukaan.<\/p>\n<p>Valitse &#8221;Haluan liitty\u00e4 yhdistyksen henkil\u00f6j\u00e4seneksi&#8221; ja yhdistykseksi Lahden J\u00e4rvipelastaja. Lomakkeeseen <a href=\"https:\/\/meripelastus.fi\/jasenyys\/liittymislomakkeet\/\" target=\"_blank\" rel=\"noopener\">t\u00e4st\u00e4<\/a><\/p>\n","protected":false},"excerpt":{"rendered":"<p>Lahden J\u00e4rvipelastusyhdistyksen henkil\u00f6j\u00e4senen\u00e4 tuet toimintaa ja pid\u00e4t alukset liikkeell\u00e4 ja voit halutessasi tulla toimintaan mukaan. Valitse &#8221;Haluan liitty\u00e4 yhdistyksen henkil\u00f6j\u00e4seneksi&#8221; ja yhdistykseksi Lahden J\u00e4rvipelastaja. Lomakkeeseen t\u00e4st\u00e4<\/p>\n","protected":false},"author":17,"featured_media":0,"parent":380,"menu_order":1,"comment_status":"closed","ping_status":"closed","template":"","meta":{"_acf_changed":false,"inline_featured_image":false,"footnotes":""},"class_list":["post-251","page","type-page","status-publish","hentry"],"acf":[],"yoast_head":"<!-- This site is optimized with the Yoast SEO Premium plugin v27.4 (Yoast SEO v27.4) - https:\/\/yoast.com\/product\/yoast-seo-premium-wordpress\/ -->\n<title>Henkil\u00f6j\u00e4senyys - Lahden J\u00e4rvipelastajat<\/title>\n<meta name=\"robots\" content=\"index, follow, max-snippet:-1, max-image-preview:large, max-video-preview:-1\" \/>\n<link rel=\"canonical\" href=\"https:\/\/meripelastus.fi\/lahti\/lahden-jarvipelastajat\/liity-jaseneksi\/henkilojasen\/\" \/>\n<meta property=\"og:locale\" content=\"fi_FI\" \/>\n<meta property=\"og:type\" content=\"article\" \/>\n<meta property=\"og:title\" content=\"Henkil\u00f6j\u00e4senyys\" \/>\n<meta property=\"og:description\" content=\"Lahden J\u00e4rvipelastusyhdistyksen henkil\u00f6j\u00e4senen\u00e4 tuet toimintaa ja pid\u00e4t alukset liikkeell\u00e4 ja voit halutessasi tulla toimintaan mukaan. Valitse &#8221;Haluan liitty\u00e4 yhdistyksen henkil\u00f6j\u00e4seneksi&#8221; ja yhdistykseksi Lahden J\u00e4rvipelastaja. Lomakkeeseen t\u00e4st\u00e4\" \/>\n<meta property=\"og:url\" content=\"https:\/\/meripelastus.fi\/lahti\/lahden-jarvipelastajat\/liity-jaseneksi\/henkilojasen\/\" \/>\n<meta property=\"og:site_name\" content=\"Lahden J\u00e4rvipelastajat\" \/>\n<meta property=\"article:modified_time\" content=\"2024-05-26T13:29:27+00:00\" \/>\n<meta name=\"twitter:card\" content=\"summary_large_image\" \/>\n<meta name=\"twitter:label1\" content=\"Arvioitu lukuaika\" \/>\n\t<meta name=\"twitter:data1\" content=\"1 minuutti\" \/>\n<script type=\"application\/ld+json\" class=\"yoast-schema-graph\">{\"@context\":\"https:\\\/\\\/schema.org\",\"@graph\":[{\"@type\":\"WebPage\",\"@id\":\"https:\\\/\\\/meripelastus.fi\\\/lahti\\\/lahden-jarvipelastajat\\\/liity-jaseneksi\\\/henkilojasen\\\/\",\"url\":\"https:\\\/\\\/meripelastus.fi\\\/lahti\\\/lahden-jarvipelastajat\\\/liity-jaseneksi\\\/henkilojasen\\\/\",\"name\":\"Henkil\u00f6j\u00e4senyys - Lahden J\u00e4rvipelastajat\",\"isPartOf\":{\"@id\":\"https:\\\/\\\/meripelastus.fi\\\/lahti\\\/#website\"},\"datePublished\":\"2018-11-11T16:51:52+00:00\",\"dateModified\":\"2024-05-26T13:29:27+00:00\",\"breadcrumb\":{\"@id\":\"https:\\\/\\\/meripelastus.fi\\\/lahti\\\/lahden-jarvipelastajat\\\/liity-jaseneksi\\\/henkilojasen\\\/#breadcrumb\"},\"inLanguage\":\"fi\",\"potentialAction\":[{\"@type\":\"ReadAction\",\"target\":[\"https:\\\/\\\/meripelastus.fi\\\/lahti\\\/lahden-jarvipelastajat\\\/liity-jaseneksi\\\/henkilojasen\\\/\"]}]},{\"@type\":\"BreadcrumbList\",\"@id\":\"https:\\\/\\\/meripelastus.fi\\\/lahti\\\/lahden-jarvipelastajat\\\/liity-jaseneksi\\\/henkilojasen\\\/#breadcrumb\",\"itemListElement\":[{\"@type\":\"ListItem\",\"position\":1,\"name\":\"Etusivu\",\"item\":\"https:\\\/\\\/meripelastus.fi\\\/lahti\\\/\"},{\"@type\":\"ListItem\",\"position\":2,\"name\":\"Lahden J\u00e4rvipelastajat\",\"item\":\"https:\\\/\\\/meripelastus.fi\\\/lahti\\\/lahden-jarvipelastajat\\\/\"},{\"@type\":\"ListItem\",\"position\":3,\"name\":\"Liity j\u00e4seneksi\",\"item\":\"https:\\\/\\\/meripelastus.fi\\\/lahti\\\/lahden-jarvipelastajat\\\/liity-jaseneksi\\\/\"},{\"@type\":\"ListItem\",\"position\":4,\"name\":\"Henkil\u00f6j\u00e4senyys\"}]},{\"@type\":\"WebSite\",\"@id\":\"https:\\\/\\\/meripelastus.fi\\\/lahti\\\/#website\",\"url\":\"https:\\\/\\\/meripelastus.fi\\\/lahti\\\/\",\"name\":\"Lahden J\u00e4rvipelastajat\",\"description\":\"Vapaaehtoiset apunasi vesill\u00e4\",\"potentialAction\":[{\"@type\":\"SearchAction\",\"target\":{\"@type\":\"EntryPoint\",\"urlTemplate\":\"https:\\\/\\\/meripelastus.fi\\\/lahti\\\/?s={search_term_string}\"},\"query-input\":{\"@type\":\"PropertyValueSpecification\",\"valueRequired\":true,\"valueName\":\"search_term_string\"}}],\"inLanguage\":\"fi\"}]}<\/script>\n<!-- \/ Yoast SEO Premium plugin. -->","yoast_head_json":{"title":"Henkil\u00f6j\u00e4senyys - Lahden J\u00e4rvipelastajat","robots":{"index":"index","follow":"follow","max-snippet":"max-snippet:-1","max-image-preview":"max-image-preview:large","max-video-preview":"max-video-preview:-1"},"canonical":"https:\/\/meripelastus.fi\/lahti\/lahden-jarvipelastajat\/liity-jaseneksi\/henkilojasen\/","og_locale":"fi_FI","og_type":"article","og_title":"Henkil\u00f6j\u00e4senyys","og_description":"Lahden J\u00e4rvipelastusyhdistyksen henkil\u00f6j\u00e4senen\u00e4 tuet toimintaa ja pid\u00e4t alukset liikkeell\u00e4 ja voit halutessasi tulla toimintaan mukaan. Valitse &#8221;Haluan liitty\u00e4 yhdistyksen henkil\u00f6j\u00e4seneksi&#8221; ja yhdistykseksi Lahden J\u00e4rvipelastaja. Lomakkeeseen t\u00e4st\u00e4","og_url":"https:\/\/meripelastus.fi\/lahti\/lahden-jarvipelastajat\/liity-jaseneksi\/henkilojasen\/","og_site_name":"Lahden J\u00e4rvipelastajat","article_modified_time":"2024-05-26T13:29:27+00:00","twitter_card":"summary_large_image","twitter_misc":{"Arvioitu lukuaika":"1 minuutti"},"schema":{"@context":"https:\/\/schema.org","@graph":[{"@type":"WebPage","@id":"https:\/\/meripelastus.fi\/lahti\/lahden-jarvipelastajat\/liity-jaseneksi\/henkilojasen\/","url":"https:\/\/meripelastus.fi\/lahti\/lahden-jarvipelastajat\/liity-jaseneksi\/henkilojasen\/","name":"Henkil\u00f6j\u00e4senyys - Lahden J\u00e4rvipelastajat","isPartOf":{"@id":"https:\/\/meripelastus.fi\/lahti\/#website"},"datePublished":"2018-11-11T16:51:52+00:00","dateModified":"2024-05-26T13:29:27+00:00","breadcrumb":{"@id":"https:\/\/meripelastus.fi\/lahti\/lahden-jarvipelastajat\/liity-jaseneksi\/henkilojasen\/#breadcrumb"},"inLanguage":"fi","potentialAction":[{"@type":"ReadAction","target":["https:\/\/meripelastus.fi\/lahti\/lahden-jarvipelastajat\/liity-jaseneksi\/henkilojasen\/"]}]},{"@type":"BreadcrumbList","@id":"https:\/\/meripelastus.fi\/lahti\/lahden-jarvipelastajat\/liity-jaseneksi\/henkilojasen\/#breadcrumb","itemListElement":[{"@type":"ListItem","position":1,"name":"Etusivu","item":"https:\/\/meripelastus.fi\/lahti\/"},{"@type":"ListItem","position":2,"name":"Lahden J\u00e4rvipelastajat","item":"https:\/\/meripelastus.fi\/lahti\/lahden-jarvipelastajat\/"},{"@type":"ListItem","position":3,"name":"Liity j\u00e4seneksi","item":"https:\/\/meripelastus.fi\/lahti\/lahden-jarvipelastajat\/liity-jaseneksi\/"},{"@type":"ListItem","position":4,"name":"Henkil\u00f6j\u00e4senyys"}]},{"@type":"WebSite","@id":"https:\/\/meripelastus.fi\/lahti\/#website","url":"https:\/\/meripelastus.fi\/lahti\/","name":"Lahden J\u00e4rvipelastajat","description":"Vapaaehtoiset apunasi vesill\u00e4","potentialAction":[{"@type":"SearchAction","target":{"@type":"EntryPoint","urlTemplate":"https:\/\/meripelastus.fi\/lahti\/?s={search_term_string}"},"query-input":{"@type":"PropertyValueSpecification","valueRequired":true,"valueName":"search_term_string"}}],"inLanguage":"fi"}]}},"_links":{"self":[{"href":"https:\/\/meripelastus.fi\/lahti\/wp-json\/wp\/v2\/pages\/251","targetHints":{"allow":["GET"]}}],"collection":[{"href":"https:\/\/meripelastus.fi\/lahti\/wp-json\/wp\/v2\/pages"}],"about":[{"href":"https:\/\/meripelastus.fi\/lahti\/wp-json\/wp\/v2\/types\/page"}],"author":[{"embeddable":true,"href":"https:\/\/meripelastus.fi\/lahti\/wp-json\/wp\/v2\/users\/17"}],"replies":[{"embeddable":true,"href":"https:\/\/meripelastus.fi\/lahti\/wp-json\/wp\/v2\/comments?post=251"}],"version-history":[{"count":11,"href":"https:\/\/meripelastus.fi\/lahti\/wp-json\/wp\/v2\/pages\/251\/revisions"}],"predecessor-version":[{"id":607,"href":"https:\/\/meripelastus.fi\/lahti\/wp-json\/wp\/v2\/pages\/251\/revisions\/607"}],"up":[{"embeddable":true,"href":"https:\/\/meripelastus.fi\/lahti\/wp-json\/wp\/v2\/pages\/380"}],"wp:attachment":[{"href":"https:\/\/meripelastus.fi\/lahti\/wp-json\/wp\/v2\/media?parent=251"}],"curies":[{"name":"wp","href":"https:\/\/api.w.org\/{rel}","templated":true}]}}